{"id":16236,"date":"2020-08-13T18:31:50","date_gmt":"2020-08-13T17:31:50","guid":{"rendered":"https:\/\/whisky4you.net\/anmeldung-zum-newsletter\/"},"modified":"2020-08-13T18:31:50","modified_gmt":"2020-08-13T17:31:50","slug":"anmeldung-zum-newsletter","status":"publish","type":"page","link":"https:\/\/whisky4you.net\/de\/anmeldung-zum-newsletter\/","title":{"rendered":"Anmeldung zum Newsletter"},"content":{"rendered":"\t\t<div data-elementor-type=\"wp-post\" data-elementor-id=\"16236\" class=\"elementor elementor-16236 elementor-10947 elementor-bc-flex-widget\" data-elementor-post-type=\"page\">\n\t\t\t\t\t\t<section class=\"elementor-section elementor-top-section elementor-element elementor-element-5226b91 elementor-section-boxed elementor-section-height-default elementor-section-height-default\" data-id=\"5226b91\" data-element_type=\"section\" data-e-type=\"section\">\n\t\t\t\t\t\t<div class=\"elementor-container elementor-column-gap-default\">\n\t\t\t\t\t<div class=\"elementor-column elementor-col-100 elementor-top-column elementor-element elementor-element-43c646e\" data-id=\"43c646e\" data-element_type=\"column\" data-e-type=\"column\">\n\t\t\t<div class=\"elementor-widget-wrap elementor-element-populated\">\n\t\t\t\t\t\t<div class=\"elementor-element elementor-element-416986a elementor-widget elementor-widget-heading\" data-id=\"416986a\" data-element_type=\"widget\" data-e-type=\"widget\" data-widget_type=\"heading.default\">\n\t\t\t\t<div class=\"elementor-widget-container\">\n\t\t\t\t\t<h2 class=\"elementor-heading-title elementor-size-default\">Willkommen beim Whisky4you Newsletter<\/h2>\t\t\t\t<\/div>\n\t\t\t\t<\/div>\n\t\t\t\t\t<\/div>\n\t\t<\/div>\n\t\t\t\t\t<\/div>\n\t\t<\/section>\n\t\t\t\t<section class=\"elementor-section elementor-top-section elementor-element elementor-element-340ea7c elementor-section-boxed elementor-section-height-default elementor-section-height-default\" data-id=\"340ea7c\" data-element_type=\"section\" data-e-type=\"section\">\n\t\t\t\t\t\t<div class=\"elementor-container elementor-column-gap-default\">\n\t\t\t\t\t<div class=\"elementor-column elementor-col-50 elementor-top-column elementor-element elementor-element-3a5a0a3\" data-id=\"3a5a0a3\" data-element_type=\"column\" data-e-type=\"column\">\n\t\t\t<div class=\"elementor-widget-wrap elementor-element-populated\">\n\t\t\t\t\t\t<div class=\"elementor-element elementor-element-1c02747 elementor-widget elementor-widget-image\" data-id=\"1c02747\" data-element_type=\"widget\" data-e-type=\"widget\" data-widget_type=\"image.default\">\n\t\t\t\t<div class=\"elementor-widget-container\">\n\t\t\t\t\t\t\t\t\t\t\t\t\t\t\t<img decoding=\"async\" src=\"https:\/\/whisky4you.net\/wp-content\/uploads\/2018\/03\/AdobeStock_50399645-e1540557336992.jpeg\" title=\"\" alt=\"\" loading=\"lazy\" \/>\t\t\t\t\t\t\t\t\t\t\t\t\t\t\t<\/div>\n\t\t\t\t<\/div>\n\t\t\t\t\t<\/div>\n\t\t<\/div>\n\t\t\t\t<div class=\"elementor-column elementor-col-50 elementor-top-column elementor-element elementor-element-a2b67e0\" data-id=\"a2b67e0\" data-element_type=\"column\" data-e-type=\"column\">\n\t\t\t<div class=\"elementor-widget-wrap elementor-element-populated\">\n\t\t\t\t\t\t<div class=\"elementor-element elementor-element-25f6a7a elementor-cta--layout-image-above elementor-cta--skin-classic elementor-animated-content elementor-bg-transform elementor-bg-transform-zoom-in elementor-widget elementor-widget-call-to-action\" data-id=\"25f6a7a\" data-element_type=\"widget\" data-e-type=\"widget\" data-widget_type=\"call-to-action.default\">\n\t\t\t\t<div class=\"elementor-widget-container\">\n\t\t\t\t\t\t\t<div class=\"elementor-cta\">\n\t\t\t\t\t\t\t<div class=\"elementor-cta__content\">\n\t\t\t\t\n\t\t\t\t\t\t\t\t\t<h2 class=\"elementor-cta__title elementor-cta__content-item elementor-content-item\">\n\t\t\t\t\t\tBleiben wir in Verbindung...\t\t\t\t\t<\/h2>\n\t\t\t\t\n\t\t\t\t\t\t\t\t\t<div class=\"elementor-cta__description elementor-cta__content-item elementor-content-item\">\n\t\t\t\t\t\t<p>Willkommen beim Whisky4 you Newsletter! Sie m\u00f6chten nicht all unsere sch\u00f6nen Geschichten, Hintergrundinformationen \u00fcber Ihr Lieblingsgetr\u00e4nk, neue Videos zur Whiskyverkostung und Vorschl\u00e4ge f\u00fcr neue Flaschen verpassen?<\/p>\n<p>Dann wird Ihnen dieser Newsletter gefallen. Ich freue mich auf Ihre Kommentare! ...<br \/>\nHerzliche Gr\u00fc\u00dfe,<br \/>\nJana<\/p>\n\t\t\t\t\t<\/div>\n\t\t\t\t\n\t\t\t\t\t\t\t<\/div>\n\t\t\t\t\t\t<\/div>\n\t\t\t\t\t\t<\/div>\n\t\t\t\t<\/div>\n\t\t\t\t\t<\/div>\n\t\t<\/div>\n\t\t\t\t\t<\/div>\n\t\t<\/section>\n\t\t\t\t<section class=\"elementor-section elementor-top-section elementor-element elementor-element-d65077d elementor-section-boxed elementor-section-height-default elementor-section-height-default\" data-id=\"d65077d\" data-element_type=\"section\" data-e-type=\"section\">\n\t\t\t\t\t\t<div class=\"elementor-container elementor-column-gap-default\">\n\t\t\t\t\t<div class=\"elementor-column elementor-col-100 elementor-top-column elementor-element elementor-element-662b27c\" data-id=\"662b27c\" data-element_type=\"column\" data-e-type=\"column\">\n\t\t\t<div class=\"elementor-widget-wrap elementor-element-populated\">\n\t\t\t\t\t\t<div class=\"elementor-element elementor-element-f0b3828 elementor-widget elementor-widget-heading\" data-id=\"f0b3828\" data-element_type=\"widget\" data-e-type=\"widget\" data-widget_type=\"heading.default\">\n\t\t\t\t<div class=\"elementor-widget-container\">\n\t\t\t\t\t<h3 class=\"elementor-heading-title elementor-size-default\">Please enter your details \/ Bitte f\u00fcllen Sie aus \/ Zadejte pros\u00edm sv\u00e9 \u00fadaje:<\/h3>\t\t\t\t<\/div>\n\t\t\t\t<\/div>\n\t\t\t\t\t<\/div>\n\t\t<\/div>\n\t\t\t\t\t<\/div>\n\t\t<\/section>\n\t\t\t\t<section class=\"elementor-section elementor-top-section elementor-element elementor-element-e018602 elementor-section-boxed elementor-section-height-default elementor-section-height-default\" data-id=\"e018602\" data-element_type=\"section\" data-e-type=\"section\">\n\t\t\t\t\t\t<div class=\"elementor-container elementor-column-gap-default\">\n\t\t\t\t\t<div class=\"elementor-column elementor-col-100 elementor-top-column elementor-element elementor-element-13aa2d1\" data-id=\"13aa2d1\" data-element_type=\"column\" data-e-type=\"column\">\n\t\t\t<div class=\"elementor-widget-wrap elementor-element-populated\">\n\t\t\t\t\t\t<div class=\"elementor-element elementor-element-1d33f87 elementor-widget elementor-widget-html\" data-id=\"1d33f87\" data-element_type=\"widget\" data-e-type=\"widget\" data-widget_type=\"html.default\">\n\t\t\t\t<div class=\"elementor-widget-container\">\n\t\t\t\t\t<script id=\"n2g_script\">!function(e,t,n,c,r,a,i){e.Newsletter2GoTrackingObject=r,e[r]=e[r]||function(){(e[r].q=e[r].q||[]).push(arguments)},e[r].l=1*new Date,a=t.createElement(n),i=t.getElementsByTagName(n)[0],a.async=1,a.src=c,i.parentNode.insertBefore(a,i)}(window,document,\"script\",\"https:\/\/static.newsletter2go.com\/utils.js\",\"n2g\");var config = {\"container\": {\"type\": \"div\",\"class\": \"\",\"style\": \"\"},\"row\": {\"type\": \"div\",\"class\": \"\",\"style\": \"margin-top: 15px;\"},\"columnLeft\": {\"type\": \"div\",\"class\": \"\",\"style\": \"\"},\"columnRight\": {\"type\": \"div\",\"class\": \"\",\"style\": \"\"},\"label\": {\"type\": \"label\",\"class\": \"\",\"style\": \"\"}};n2g('create', '5bioosiv-ch1vum47-5y');n2g('subscribe:createForm', config);<\/script>\r\n\t\t\t\t<\/div>\n\t\t\t\t<\/div>\n\t\t\t\t\t<\/div>\n\t\t<\/div>\n\t\t\t\t\t<\/div>\n\t\t<\/section>\n\t\t\t\t<section class=\"elementor-section elementor-top-section elementor-element elementor-element-1b3c976 elementor-section-boxed elementor-section-height-default elementor-section-height-default\" data-id=\"1b3c976\" data-element_type=\"section\" data-e-type=\"section\">\n\t\t\t\t\t\t<div class=\"elementor-container elementor-column-gap-default\">\n\t\t\t\t\t<div class=\"elementor-column elementor-col-100 elementor-top-column elementor-element elementor-element-9d8cd69\" data-id=\"9d8cd69\" data-element_type=\"column\" data-e-type=\"column\">\n\t\t\t<div class=\"elementor-widget-wrap\">\n\t\t\t\t\t\t\t<\/div>\n\t\t<\/div>\n\t\t\t\t\t<\/div>\n\t\t<\/section>\n\t\t\t\t<\/div>\n\t\t","protected":false},"excerpt":{"rendered":"<p>Willkommen beim Whisky4you Newsletter Bleiben wir in Verbindung&#8230; Willkommen beim Whisky4 you Newsletter! Sie m\u00f6chten nicht all unsere sch\u00f6nen Geschichten, Hintergrundinformationen \u00fcber Ihr Lieblingsgetr\u00e4nk, neue Videos zur Whiskyverkostung und Vorschl\u00e4ge f\u00fcr neue Flaschen verpassen? Dann wird Ihnen dieser Newsletter gefallen. Ich freue mich auf Ihre Kommentare! &#8230; Herzliche Gr\u00fc\u00dfe, Jana Please enter your details \/ &#8230; <a title=\"Anmeldung zum Newsletter\" class=\"read-more\" href=\"https:\/\/whisky4you.net\/de\/anmeldung-zum-newsletter\/\" aria-label=\"Mehr Informationen \u00fcber Anmeldung zum Newsletter\">Read more<\/a><\/p>\n","protected":false},"author":2,"featured_media":0,"parent":0,"menu_order":0,"comment_status":"closed","ping_status":"closed","template":"","meta":{"footnotes":""},"class_list":{"0":"post-16236","1":"page","2":"type-page","3":"status-publish","5":"no-featured-image-padding"},"yoast_head":"<!-- This site is optimized with the Yoast SEO plugin v27.0 - https:\/\/yoast.com\/product\/yoast-seo-wordpress\/ -->\n<title>Anmeldung zum Newsletter - Whisky4you<\/title>\n<meta name=\"robots\" content=\"index, follow, max-snippet:-1, max-image-preview:large, max-video-preview:-1\" \/>\n<link rel=\"canonical\" href=\"https:\/\/whisky4you.net\/de\/anmeldung-zum-newsletter\/\" \/>\n<meta property=\"og:locale\" content=\"de_DE\" \/>\n<meta property=\"og:type\" content=\"article\" \/>\n<meta property=\"og:title\" content=\"Anmeldung zum Newsletter - Whisky4you\" \/>\n<meta property=\"og:description\" content=\"Willkommen beim Whisky4you Newsletter Bleiben wir in Verbindung&#8230; Willkommen beim Whisky4 you Newsletter! Sie m\u00f6chten nicht all unsere sch\u00f6nen Geschichten, Hintergrundinformationen \u00fcber Ihr Lieblingsgetr\u00e4nk, neue Videos zur Whiskyverkostung und Vorschl\u00e4ge f\u00fcr neue Flaschen verpassen? Dann wird Ihnen dieser Newsletter gefallen. Ich freue mich auf Ihre Kommentare! &#8230; Herzliche Gr\u00fc\u00dfe, Jana Please enter your details \/ ... Read more\" \/>\n<meta property=\"og:url\" content=\"https:\/\/whisky4you.net\/de\/anmeldung-zum-newsletter\/\" \/>\n<meta property=\"og:site_name\" content=\"Whisky4you\" \/>\n<meta property=\"article:publisher\" content=\"https:\/\/www.facebook.com\/Whisky4you.net\" \/>\n<meta property=\"og:image\" content=\"https:\/\/whisky4you.net\/wp-content\/uploads\/2018\/03\/AdobeStock_50399645-e1540557336992-1024x683.jpeg\" \/>\n<meta name=\"twitter:card\" content=\"summary_large_image\" \/>\n<script type=\"application\/ld+json\" class=\"yoast-schema-graph\">{\"@context\":\"https:\/\/schema.org\",\"@graph\":[{\"@type\":\"WebPage\",\"@id\":\"https:\/\/whisky4you.net\/de\/anmeldung-zum-newsletter\/\",\"url\":\"https:\/\/whisky4you.net\/de\/anmeldung-zum-newsletter\/\",\"name\":\"Anmeldung zum Newsletter - Whisky4you\",\"isPartOf\":{\"@id\":\"https:\/\/whisky4you.net\/de\/#website\"},\"primaryImageOfPage\":{\"@id\":\"https:\/\/whisky4you.net\/de\/anmeldung-zum-newsletter\/#primaryimage\"},\"image\":{\"@id\":\"https:\/\/whisky4you.net\/de\/anmeldung-zum-newsletter\/#primaryimage\"},\"thumbnailUrl\":\"https:\/\/whisky4you.net\/wp-content\/uploads\/2018\/03\/AdobeStock_50399645-e1540557336992-1024x683.jpeg\",\"datePublished\":\"2020-08-13T17:31:50+00:00\",\"breadcrumb\":{\"@id\":\"https:\/\/whisky4you.net\/de\/anmeldung-zum-newsletter\/#breadcrumb\"},\"inLanguage\":\"de\",\"potentialAction\":[{\"@type\":\"ReadAction\",\"target\":[\"https:\/\/whisky4you.net\/de\/anmeldung-zum-newsletter\/\"]}]},{\"@type\":\"ImageObject\",\"inLanguage\":\"de\",\"@id\":\"https:\/\/whisky4you.net\/de\/anmeldung-zum-newsletter\/#primaryimage\",\"url\":\"https:\/\/whisky4you.net\/wp-content\/uploads\/2018\/03\/AdobeStock_50399645-e1540557336992-1024x683.jpeg\",\"contentUrl\":\"https:\/\/whisky4you.net\/wp-content\/uploads\/2018\/03\/AdobeStock_50399645-e1540557336992-1024x683.jpeg\"},{\"@type\":\"BreadcrumbList\",\"@id\":\"https:\/\/whisky4you.net\/de\/anmeldung-zum-newsletter\/#breadcrumb\",\"itemListElement\":[{\"@type\":\"ListItem\",\"position\":1,\"name\":\"Home\",\"item\":\"https:\/\/whisky4you.net\/\"},{\"@type\":\"ListItem\",\"position\":2,\"name\":\"Anmeldung zum Newsletter\"}]},{\"@type\":\"WebSite\",\"@id\":\"https:\/\/whisky4you.net\/de\/#website\",\"url\":\"https:\/\/whisky4you.net\/de\/\",\"name\":\"Whisky4you\",\"description\":\"Dedicated to Whisky interest and Whisky lovers\",\"publisher\":{\"@id\":\"https:\/\/whisky4you.net\/de\/#organization\"},\"potentialAction\":[{\"@type\":\"SearchAction\",\"target\":{\"@type\":\"EntryPoint\",\"urlTemplate\":\"https:\/\/whisky4you.net\/de\/?s={search_term_string}\"},\"query-input\":{\"@type\":\"PropertyValueSpecification\",\"valueRequired\":true,\"valueName\":\"search_term_string\"}}],\"inLanguage\":\"de\"},{\"@type\":\"Organization\",\"@id\":\"https:\/\/whisky4you.net\/de\/#organization\",\"name\":\"Whisky4you\",\"url\":\"https:\/\/whisky4you.net\/de\/\",\"logo\":{\"@type\":\"ImageObject\",\"inLanguage\":\"de\",\"@id\":\"https:\/\/whisky4you.net\/de\/#\/schema\/logo\/image\/\",\"url\":\"https:\/\/whisky4you.net\/wp-content\/uploads\/2020\/12\/cropped-cropped-cropped-cropped-logo-head.png\",\"contentUrl\":\"https:\/\/whisky4you.net\/wp-content\/uploads\/2020\/12\/cropped-cropped-cropped-cropped-logo-head.png\",\"width\":250,\"height\":81,\"caption\":\"Whisky4you\"},\"image\":{\"@id\":\"https:\/\/whisky4you.net\/de\/#\/schema\/logo\/image\/\"},\"sameAs\":[\"https:\/\/www.facebook.com\/Whisky4you.net\",\"https:\/\/www.linkedin.com\/company\/whisky4you\/?viewAsMember=true\"]}]}<\/script>\n<!-- \/ Yoast SEO plugin. -->","yoast_head_json":{"title":"Anmeldung zum Newsletter - Whisky4you","robots":{"index":"index","follow":"follow","max-snippet":"max-snippet:-1","max-image-preview":"max-image-preview:large","max-video-preview":"max-video-preview:-1"},"canonical":"https:\/\/whisky4you.net\/de\/anmeldung-zum-newsletter\/","og_locale":"de_DE","og_type":"article","og_title":"Anmeldung zum Newsletter - Whisky4you","og_description":"Willkommen beim Whisky4you Newsletter Bleiben wir in Verbindung&#8230; Willkommen beim Whisky4 you Newsletter! Sie m\u00f6chten nicht all unsere sch\u00f6nen Geschichten, Hintergrundinformationen \u00fcber Ihr Lieblingsgetr\u00e4nk, neue Videos zur Whiskyverkostung und Vorschl\u00e4ge f\u00fcr neue Flaschen verpassen? Dann wird Ihnen dieser Newsletter gefallen. Ich freue mich auf Ihre Kommentare! &#8230; Herzliche Gr\u00fc\u00dfe, Jana Please enter your details \/ ... Read more","og_url":"https:\/\/whisky4you.net\/de\/anmeldung-zum-newsletter\/","og_site_name":"Whisky4you","article_publisher":"https:\/\/www.facebook.com\/Whisky4you.net","og_image":[{"url":"https:\/\/whisky4you.net\/wp-content\/uploads\/2018\/03\/AdobeStock_50399645-e1540557336992-1024x683.jpeg","type":"","width":"","height":""}],"twitter_card":"summary_large_image","schema":{"@context":"https:\/\/schema.org","@graph":[{"@type":"WebPage","@id":"https:\/\/whisky4you.net\/de\/anmeldung-zum-newsletter\/","url":"https:\/\/whisky4you.net\/de\/anmeldung-zum-newsletter\/","name":"Anmeldung zum Newsletter - Whisky4you","isPartOf":{"@id":"https:\/\/whisky4you.net\/de\/#website"},"primaryImageOfPage":{"@id":"https:\/\/whisky4you.net\/de\/anmeldung-zum-newsletter\/#primaryimage"},"image":{"@id":"https:\/\/whisky4you.net\/de\/anmeldung-zum-newsletter\/#primaryimage"},"thumbnailUrl":"https:\/\/whisky4you.net\/wp-content\/uploads\/2018\/03\/AdobeStock_50399645-e1540557336992-1024x683.jpeg","datePublished":"2020-08-13T17:31:50+00:00","breadcrumb":{"@id":"https:\/\/whisky4you.net\/de\/anmeldung-zum-newsletter\/#breadcrumb"},"inLanguage":"de","potentialAction":[{"@type":"ReadAction","target":["https:\/\/whisky4you.net\/de\/anmeldung-zum-newsletter\/"]}]},{"@type":"ImageObject","inLanguage":"de","@id":"https:\/\/whisky4you.net\/de\/anmeldung-zum-newsletter\/#primaryimage","url":"https:\/\/whisky4you.net\/wp-content\/uploads\/2018\/03\/AdobeStock_50399645-e1540557336992-1024x683.jpeg","contentUrl":"https:\/\/whisky4you.net\/wp-content\/uploads\/2018\/03\/AdobeStock_50399645-e1540557336992-1024x683.jpeg"},{"@type":"BreadcrumbList","@id":"https:\/\/whisky4you.net\/de\/anmeldung-zum-newsletter\/#breadcrumb","itemListElement":[{"@type":"ListItem","position":1,"name":"Home","item":"https:\/\/whisky4you.net\/"},{"@type":"ListItem","position":2,"name":"Anmeldung zum Newsletter"}]},{"@type":"WebSite","@id":"https:\/\/whisky4you.net\/de\/#website","url":"https:\/\/whisky4you.net\/de\/","name":"Whisky4you","description":"Dedicated to Whisky interest and Whisky lovers","publisher":{"@id":"https:\/\/whisky4you.net\/de\/#organization"},"potentialAction":[{"@type":"SearchAction","target":{"@type":"EntryPoint","urlTemplate":"https:\/\/whisky4you.net\/de\/?s={search_term_string}"},"query-input":{"@type":"PropertyValueSpecification","valueRequired":true,"valueName":"search_term_string"}}],"inLanguage":"de"},{"@type":"Organization","@id":"https:\/\/whisky4you.net\/de\/#organization","name":"Whisky4you","url":"https:\/\/whisky4you.net\/de\/","logo":{"@type":"ImageObject","inLanguage":"de","@id":"https:\/\/whisky4you.net\/de\/#\/schema\/logo\/image\/","url":"https:\/\/whisky4you.net\/wp-content\/uploads\/2020\/12\/cropped-cropped-cropped-cropped-logo-head.png","contentUrl":"https:\/\/whisky4you.net\/wp-content\/uploads\/2020\/12\/cropped-cropped-cropped-cropped-logo-head.png","width":250,"height":81,"caption":"Whisky4you"},"image":{"@id":"https:\/\/whisky4you.net\/de\/#\/schema\/logo\/image\/"},"sameAs":["https:\/\/www.facebook.com\/Whisky4you.net","https:\/\/www.linkedin.com\/company\/whisky4you\/?viewAsMember=true"]}]}},"jetpack_sharing_enabled":true,"_links":{"self":[{"href":"https:\/\/whisky4you.net\/de\/wp-json\/wp\/v2\/pages\/16236","targetHints":{"allow":["GET"]}}],"collection":[{"href":"https:\/\/whisky4you.net\/de\/wp-json\/wp\/v2\/pages"}],"about":[{"href":"https:\/\/whisky4you.net\/de\/wp-json\/wp\/v2\/types\/page"}],"author":[{"embeddable":true,"href":"https:\/\/whisky4you.net\/de\/wp-json\/wp\/v2\/users\/2"}],"replies":[{"embeddable":true,"href":"https:\/\/whisky4you.net\/de\/wp-json\/wp\/v2\/comments?post=16236"}],"version-history":[{"count":0,"href":"https:\/\/whisky4you.net\/de\/wp-json\/wp\/v2\/pages\/16236\/revisions"}],"wp:attachment":[{"href":"https:\/\/whisky4you.net\/de\/wp-json\/wp\/v2\/media?parent=16236"}],"curies":[{"name":"wp","href":"https:\/\/api.w.org\/{rel}","templated":true}]}}