{"id":16247,"date":"2020-08-13T18:47:41","date_gmt":"2020-08-13T17:47:41","guid":{"rendered":"https:\/\/whisky4you.net\/kontakt\/"},"modified":"2025-07-24T00:27:07","modified_gmt":"2025-07-23T23:27:07","slug":"kontakt","status":"publish","type":"page","link":"https:\/\/whisky4you.net\/de\/kontakt\/","title":{"rendered":"Kontakt"},"content":{"rendered":"\t\t<div data-elementor-type=\"wp-post\" data-elementor-id=\"16247\" class=\"elementor elementor-16247 elementor-476\" data-elementor-post-type=\"page\">\n\t\t\t\t\t\t<section class=\"elementor-section elementor-top-section elementor-element elementor-element-443fd92 elementor-section-stretched elementor-section-height-min-height elementor-section-content-middle elementor-section-boxed elementor-section-height-default elementor-section-items-middle\" data-id=\"443fd92\" data-element_type=\"section\" data-e-type=\"section\" data-settings=\"{&quot;stretch_section&quot;:&quot;section-stretched&quot;,&quot;background_background&quot;:&quot;classic&quot;}\">\n\t\t\t\t\t\t<div class=\"elementor-container elementor-column-gap-default\">\n\t\t\t\t\t<div class=\"elementor-column elementor-col-100 elementor-top-column elementor-element elementor-element-2ce0b9f\" data-id=\"2ce0b9f\" data-element_type=\"column\" data-e-type=\"column\">\n\t\t\t<div class=\"elementor-widget-wrap elementor-element-populated\">\n\t\t\t\t\t\t<div class=\"elementor-element elementor-element-cee1c4f elementor-widget elementor-widget-heading\" data-id=\"cee1c4f\" data-element_type=\"widget\" data-e-type=\"widget\" data-widget_type=\"heading.default\">\n\t\t\t\t<div class=\"elementor-widget-container\">\n\t\t\t\t\t<h1 class=\"elementor-heading-title elementor-size-default\">Kontakt<\/h1>\t\t\t\t<\/div>\n\t\t\t\t<\/div>\n\t\t\t\t<div class=\"elementor-element elementor-element-d8ab10d elementor-widget elementor-widget-text-editor\" data-id=\"d8ab10d\" data-element_type=\"widget\" data-e-type=\"widget\" data-widget_type=\"text-editor.default\">\n\t\t\t\t<div class=\"elementor-widget-container\">\n\t\t\t\t\t\t\t\t\t<p><span style=\"color: #ffcc00;\">Kontaktieren Sie uns gerne bei Fragen.<\/span><\/p>\n\t\t\t\t\t\t\t\t<\/div>\n\t\t\t\t<\/div>\n\t\t\t\t\t<\/div>\n\t\t<\/div>\n\t\t\t\t\t<\/div>\n\t\t<\/section>\n\t\t\t\t<section class=\"elementor-section elementor-top-section elementor-element elementor-element-1f48419 elementor-section-stretched elementor-section-boxed elementor-section-height-default elementor-section-height-default\" data-id=\"1f48419\" data-element_type=\"section\" data-e-type=\"section\" data-settings=\"{&quot;stretch_section&quot;:&quot;section-stretched&quot;}\">\n\t\t\t\t\t\t<div class=\"elementor-container elementor-column-gap-default\">\n\t\t\t\t\t<div class=\"elementor-column elementor-col-50 elementor-top-column elementor-element elementor-element-36ffede\" data-id=\"36ffede\" data-element_type=\"column\" data-e-type=\"column\">\n\t\t\t<div class=\"elementor-widget-wrap elementor-element-populated\">\n\t\t\t\t\t\t<div class=\"elementor-element elementor-element-cce9edd elementor-widget elementor-widget-text-editor\" data-id=\"cce9edd\" data-element_type=\"widget\" data-e-type=\"widget\" data-widget_type=\"text-editor.default\">\n\t\t\t\t<div class=\"elementor-widget-container\">\n\t\t\t\t\t\t\t\t\t<h3>Kontaktieren Sie uns &#8211; Ihr Whisky4you-Team<\/h3>\n<p>Wir sind bestrebt, unseren Kunden einen au\u00dfergew\u00f6hnlichen Support zu bieten. Wenn wir Ihnen mit irgendetwas helfen k\u00f6nnen oder Sie Feedback f\u00fcr uns haben, kontaktieren Sie uns bitte. Da wir h\u00e4ufig reisen, erreichen Sie uns am besten, indem Sie eine Nachricht \u00fcber dieses Formular, per E-Mail, WhatsApp oder \u00fcber unsere Facebook-Seite senden. Bitte geben Sie uns 1-2 Tage Zeit f\u00fcr eine Antwort von unserem Team. Wir freuen uns auf Ihre Kommentare und Vorschl\u00e4ge. Mit freundlichen Gr\u00fc\u00dfen Ihr Whisky4You-Team<\/p>\n\t\t\t\t\t\t\t\t<\/div>\n\t\t\t\t<\/div>\n\t\t\t\t<div class=\"elementor-element elementor-element-fa8ea97 elementor-widget elementor-widget-text-editor\" data-id=\"fa8ea97\" data-element_type=\"widget\" data-e-type=\"widget\" data-widget_type=\"text-editor.default\">\n\t\t\t\t<div class=\"elementor-widget-container\">\n\t\t\t\t\t\t\t\t\t<h3><span style=\"color: #000000;\">Unsere Kontakt Details \/ Impressum:<\/span><\/h3>\n<p><span style=\"color: #000000;\">E-mail: info@whisky4you.net<\/span><\/p>\n<p><span style=\"color: #000000;\">Trestan Technology UG (haftungsbeschr\u00e4nkt)\u00a0<\/span><\/p>\n<p><span style=\"color: #000000;\">Danziger Strasse 9 b<\/span><\/p>\n<p><span style=\"color: #000000;\">89281 Altenstadt\u00a0<\/span><\/p>\n<p><span style=\"color: #000000;\">Deutschland<\/span><\/p>\n<p><span style=\"color: #000000;\">Telephone: +49-172-6721623<\/span><\/p>\n<p><span style=\"color: #000000;\">Handelsregister Memmingen: HRB 17467<\/span><\/p>\n<p><span style=\"color: #000000;\">USt-Identifikationsnummer: DE 313 734 474<\/span><\/p>\n\t\t\t\t\t\t\t\t<\/div>\n\t\t\t\t<\/div>\n\t\t\t\t\t<\/div>\n\t\t<\/div>\n\t\t\t\t<div class=\"elementor-column elementor-col-50 elementor-top-column elementor-element elementor-element-562b7e8\" data-id=\"562b7e8\" data-element_type=\"column\" data-e-type=\"column\">\n\t\t\t<div class=\"elementor-widget-wrap elementor-element-populated\">\n\t\t\t\t\t\t<div class=\"elementor-element elementor-element-9670380 elementor-button-align-stretch elementor-widget elementor-widget-form\" data-id=\"9670380\" data-element_type=\"widget\" data-e-type=\"widget\" data-settings=\"{&quot;step_next_label&quot;:&quot;Weiter&quot;,&quot;step_previous_label&quot;:&quot;Zur\\u00fcck&quot;,&quot;button_width&quot;:&quot;100&quot;,&quot;step_type&quot;:&quot;number_text&quot;,&quot;step_icon_shape&quot;:&quot;circle&quot;}\" data-widget_type=\"form.default\">\n\t\t\t\t<div class=\"elementor-widget-container\">\n\t\t\t\t\t\t\t<form class=\"elementor-form\" method=\"post\" name=\"Kontakt\" aria-label=\"Kontakt\">\n\t\t\t<input type=\"hidden\" name=\"post_id\" value=\"16247\"\/>\n\t\t\t<input type=\"hidden\" name=\"form_id\" value=\"9670380\"\/>\n\t\t\t<input type=\"hidden\" name=\"referer_title\" value=\"Kontakt - Whisky4you Hier finden Sie unsere Adresse und E-Mail!\" \/>\n\n\t\t\t\t\t\t\t<input type=\"hidden\" name=\"queried_id\" value=\"16247\"\/>\n\t\t\t\n\t\t\t<div class=\"elementor-form-fields-wrapper elementor-labels-above\">\n\t\t\t\t\t\t\t\t<div class=\"elementor-field-type-text elementor-field-group elementor-column elementor-field-group-name elementor-col-50 elementor-field-required elementor-mark-required\">\n\t\t\t\t\t\t\t\t\t\t\t\t<label for=\"form-field-name\" class=\"elementor-field-label\">\n\t\t\t\t\t\t\t\tName\t\t\t\t\t\t\t<\/label>\n\t\t\t\t\t\t\t\t\t\t\t\t\t\t<input size=\"1\" type=\"text\" name=\"form_fields[name]\" id=\"form-field-name\" class=\"elementor-field elementor-size-xs  elementor-field-textual\" placeholder=\"Name\" required=\"required\">\n\t\t\t\t\t\t\t\t\t\t\t<\/div>\n\t\t\t\t\t\t\t\t<div class=\"elementor-field-type-email elementor-field-group elementor-column elementor-field-group-email elementor-col-50 elementor-field-required elementor-mark-required\">\n\t\t\t\t\t\t\t\t\t\t\t\t<label for=\"form-field-email\" class=\"elementor-field-label\">\n\t\t\t\t\t\t\t\tE-mail\t\t\t\t\t\t\t<\/label>\n\t\t\t\t\t\t\t\t\t\t\t\t\t\t<input size=\"1\" type=\"email\" name=\"form_fields[email]\" id=\"form-field-email\" class=\"elementor-field elementor-size-xs  elementor-field-textual\" placeholder=\"E-mail\" required=\"required\">\n\t\t\t\t\t\t\t\t\t\t\t<\/div>\n\t\t\t\t\t\t\t\t<div class=\"elementor-field-type-text elementor-field-group elementor-column elementor-field-group-5d1ae9f elementor-col-100\">\n\t\t\t\t\t\t\t\t\t\t\t\t<label for=\"form-field-5d1ae9f\" class=\"elementor-field-label\">\n\t\t\t\t\t\t\t\tBetreff\t\t\t\t\t\t\t<\/label>\n\t\t\t\t\t\t\t\t\t\t\t\t\t\t<input size=\"1\" type=\"text\" name=\"form_fields[5d1ae9f]\" id=\"form-field-5d1ae9f\" class=\"elementor-field elementor-size-xs  elementor-field-textual\">\n\t\t\t\t\t\t\t\t\t\t\t<\/div>\n\t\t\t\t\t\t\t\t<div class=\"elementor-field-type-textarea elementor-field-group elementor-column elementor-field-group-message elementor-col-100 elementor-field-required elementor-mark-required\">\n\t\t\t\t\t\t\t\t\t\t\t\t<label for=\"form-field-message\" class=\"elementor-field-label\">\n\t\t\t\t\t\t\t\tIhre Nachricht\t\t\t\t\t\t\t<\/label>\n\t\t\t\t\t\t<textarea class=\"elementor-field-textual elementor-field  elementor-size-xs\" name=\"form_fields[message]\" id=\"form-field-message\" rows=\"10\" placeholder=\"Ihre Nachricht\" required=\"required\"><\/textarea>\t\t\t\t<\/div>\n\t\t\t\t\t\t\t\t<div class=\"elementor-field-group elementor-column elementor-field-type-submit elementor-col-100 e-form__buttons\">\n\t\t\t\t\t<button class=\"elementor-button elementor-size-sm\" type=\"submit\">\n\t\t\t\t\t\t<span class=\"elementor-button-content-wrapper\">\n\t\t\t\t\t\t\t\t\t\t\t\t\t\t\t\t\t\t\t\t\t\t<span class=\"elementor-button-text\">Absenden<\/span>\n\t\t\t\t\t\t\t\t\t\t\t\t\t<\/span>\n\t\t\t\t\t<\/button>\n\t\t\t\t<\/div>\n\t\t\t<\/div>\n\t\t<\/form>\n\t\t\t\t\t\t<\/div>\n\t\t\t\t<\/div>\n\t\t\t\t<div class=\"elementor-element elementor-element-483cf49 elementor-widget elementor-widget-spacer\" data-id=\"483cf49\" data-element_type=\"widget\" data-e-type=\"widget\" data-widget_type=\"spacer.default\">\n\t\t\t\t<div class=\"elementor-widget-container\">\n\t\t\t\t\t\t\t<div class=\"elementor-spacer\">\n\t\t\t<div class=\"elementor-spacer-inner\"><\/div>\n\t\t<\/div>\n\t\t\t\t\t\t<\/div>\n\t\t\t\t<\/div>\n\t\t\t\t<div class=\"elementor-element elementor-element-bc9f463 elementor-widget elementor-widget-heading\" data-id=\"bc9f463\" data-element_type=\"widget\" data-e-type=\"widget\" data-widget_type=\"heading.default\">\n\t\t\t\t<div class=\"elementor-widget-container\">\n\t\t\t\t\t<h3 class=\"elementor-heading-title elementor-size-default\">Verantwortlichkeit:<\/h3>\t\t\t\t<\/div>\n\t\t\t\t<\/div>\n\t\t\t\t<section class=\"elementor-section elementor-inner-section elementor-element elementor-element-d0aabc2 elementor-section-boxed elementor-section-height-default elementor-section-height-default\" data-id=\"d0aabc2\" data-element_type=\"section\" data-e-type=\"section\">\n\t\t\t\t\t\t<div class=\"elementor-container elementor-column-gap-default\">\n\t\t\t\t\t<div class=\"elementor-column elementor-col-66 elementor-inner-column elementor-element elementor-element-326d869\" data-id=\"326d869\" data-element_type=\"column\" data-e-type=\"column\">\n\t\t\t<div class=\"elementor-widget-wrap elementor-element-populated\">\n\t\t\t\t\t\t<div class=\"elementor-element elementor-element-988aec5 elementor-widget elementor-widget-text-editor\" data-id=\"988aec5\" data-element_type=\"widget\" data-e-type=\"widget\" data-widget_type=\"text-editor.default\">\n\t\t\t\t<div class=\"elementor-widget-container\">\n\t\t\t\t\t\t\t\t\t<p><span style=\"color: #000000;\">Gesch\u00e4ftsf\u00fchrung und Verantwortung gem\u00e4\u00df\u00a0<a style=\"color: #000000;\" href=\"https:\/\/de.wikipedia.org\/wiki\/Impressumspflicht\" target=\"_blank\" rel=\"noopener\">\u00a755 RStV:\u00a0<\/a> Hansi-Anita Renc\u00a0<\/span><\/p>\n<p><span style=\"color: #000000;\">Urheberrecht und Bildnachweise<\/span><br \/><span style=\"color: #000000;\">Die Inhalte von whisky4you sind \u2013 so weit nicht abweichend angegeben \u2013 urheberrechtlich gesch\u00fctzt. <\/span><br \/><span style=\"color: #000000;\">Erstellt durch: \u00a9 Trestan Technology UG haftungsbeschr\u00e4nkt &#8211; www.whisky4you.net <\/span><\/p>\n\t\t\t\t\t\t\t\t<\/div>\n\t\t\t\t<\/div>\n\t\t\t\t\t<\/div>\n\t\t<\/div>\n\t\t\t\t<div class=\"elementor-column elementor-col-33 elementor-inner-column elementor-element elementor-element-155d23e\" data-id=\"155d23e\" data-element_type=\"column\" data-e-type=\"column\">\n\t\t\t<div class=\"elementor-widget-wrap elementor-element-populated\">\n\t\t\t\t\t\t<div class=\"elementor-element elementor-element-aa183c3 elementor-widget elementor-widget-image\" data-id=\"aa183c3\" data-element_type=\"widget\" data-e-type=\"widget\" data-widget_type=\"image.default\">\n\t\t\t\t<div class=\"elementor-widget-container\">\n\t\t\t\t\t\t\t\t\t\t\t\t\t\t\t<img decoding=\"async\" width=\"150\" height=\"150\" src=\"https:\/\/whisky4you.net\/wp-content\/uploads\/2018\/04\/favicon-150x150.png\" class=\"attachment-thumbnail size-thumbnail wp-image-16189\" alt=\"Whisky4you logo, Kontakt - Whisky4you - Datenschutzerkl\u00e4rung\" srcset=\"https:\/\/whisky4you.net\/wp-content\/uploads\/2018\/04\/favicon-150x150.png 150w, https:\/\/whisky4you.net\/wp-content\/uploads\/2018\/04\/elementor\/thumbs\/favicon-100x100.png 100w, https:\/\/whisky4you.net\/wp-content\/uploads\/2018\/04\/favicon-32x32.png 32w, https:\/\/whisky4you.net\/wp-content\/uploads\/2018\/04\/favicon.png 256w\" sizes=\"(max-width: 150px) 100vw, 150px\" \/>\t\t\t\t\t\t\t\t\t\t\t\t\t\t\t<\/div>\n\t\t\t\t<\/div>\n\t\t\t\t\t<\/div>\n\t\t<\/div>\n\t\t\t\t\t<\/div>\n\t\t<\/section>\n\t\t\t\t\t<\/div>\n\t\t<\/div>\n\t\t\t\t\t<\/div>\n\t\t<\/section>\n\t\t\t\t<\/div>\n\t\t","protected":false},"excerpt":{"rendered":"<p>Kontakt Kontaktieren Sie uns gerne bei Fragen. Kontaktieren Sie uns &#8211; Ihr Whisky4you-Team Wir sind bestrebt, unseren Kunden einen au\u00dfergew\u00f6hnlichen Support zu bieten. Wenn wir Ihnen mit irgendetwas helfen k\u00f6nnen oder Sie Feedback f\u00fcr uns haben, kontaktieren Sie uns bitte. Da wir h\u00e4ufig reisen, erreichen Sie uns am besten, indem Sie eine Nachricht \u00fcber dieses &#8230; <a title=\"Kontakt\" class=\"read-more\" href=\"https:\/\/whisky4you.net\/de\/kontakt\/\" aria-label=\"Mehr Informationen \u00fcber Kontakt\">Read more<\/a><\/p>\n","protected":false},"author":2,"featured_media":0,"parent":0,"menu_order":0,"comment_status":"closed","ping_status":"closed","template":"","meta":{"footnotes":""},"class_list":{"0":"post-16247","1":"page","2":"type-page","3":"status-publish","5":"no-featured-image-padding"},"yoast_head":"<!-- This site is optimized with the Yoast SEO plugin v27.0 - https:\/\/yoast.com\/product\/yoast-seo-wordpress\/ -->\n<title>Kontakt - Whisky4you Hier finden Sie unsere Adresse und E-Mail!<\/title>\n<meta name=\"description\" content=\"Kontaktieren Sie uns bei Whisky4you. Auf dieser Seite finden Sie rechtliche Daten, E-Mail-Adressen und Telefonnummern. Bei Fragen helfen wir gerne weiter.\" \/>\n<meta name=\"robots\" content=\"index, follow, max-snippet:-1, max-image-preview:large, max-video-preview:-1\" \/>\n<link rel=\"canonical\" href=\"https:\/\/whisky4you.net\/contact-us\/\" \/>\n<meta property=\"og:locale\" content=\"de_DE\" \/>\n<meta property=\"og:type\" content=\"article\" \/>\n<meta property=\"og:title\" content=\"Kontakt - Whisky4you Hier finden Sie unsere Adresse und E-Mail!\" \/>\n<meta property=\"og:description\" content=\"Kontaktieren Sie uns bei Whisky4you. Auf dieser Seite finden Sie rechtliche Daten, E-Mail-Adressen und Telefonnummern. Bei Fragen helfen wir gerne weiter.\" \/>\n<meta property=\"og:url\" content=\"https:\/\/whisky4you.net\/contact-us\/\" \/>\n<meta property=\"og:site_name\" content=\"Whisky4you\" \/>\n<meta property=\"article:publisher\" content=\"https:\/\/www.facebook.com\/Whisky4you.net\" \/>\n<meta property=\"article:modified_time\" content=\"2025-07-23T23:27:07+00:00\" \/>\n<meta property=\"og:image\" content=\"https:\/\/whisky4you.net\/wp-content\/uploads\/2018\/04\/favicon.png\" \/>\n\t<meta property=\"og:image:width\" content=\"256\" \/>\n\t<meta property=\"og:image:height\" content=\"256\" \/>\n\t<meta property=\"og:image:type\" content=\"image\/png\" \/>\n<meta name=\"twitter:card\" content=\"summary_large_image\" \/>\n<meta name=\"twitter:label1\" content=\"Gesch\u00e4tzte Lesezeit\" \/>\n\t<meta name=\"twitter:data1\" content=\"2\u00a0Minuten\" \/>\n<script type=\"application\/ld+json\" class=\"yoast-schema-graph\">{\"@context\":\"https:\/\/schema.org\",\"@graph\":[{\"@type\":\"WebPage\",\"@id\":\"https:\/\/whisky4you.net\/contact-us\/\",\"url\":\"https:\/\/whisky4you.net\/contact-us\/\",\"name\":\"Kontakt - Whisky4you Hier finden Sie unsere Adresse und E-Mail!\",\"isPartOf\":{\"@id\":\"https:\/\/whisky4you.net\/de\/#website\"},\"primaryImageOfPage\":{\"@id\":\"https:\/\/whisky4you.net\/contact-us\/#primaryimage\"},\"image\":{\"@id\":\"https:\/\/whisky4you.net\/contact-us\/#primaryimage\"},\"thumbnailUrl\":\"https:\/\/whisky4you.net\/wp-content\/uploads\/2018\/04\/favicon-150x150.png\",\"datePublished\":\"2020-08-13T17:47:41+00:00\",\"dateModified\":\"2025-07-23T23:27:07+00:00\",\"description\":\"Kontaktieren Sie uns bei Whisky4you. Auf dieser Seite finden Sie rechtliche Daten, E-Mail-Adressen und Telefonnummern. Bei Fragen helfen wir gerne weiter.\",\"breadcrumb\":{\"@id\":\"https:\/\/whisky4you.net\/contact-us\/#breadcrumb\"},\"inLanguage\":\"de\",\"potentialAction\":[{\"@type\":\"ReadAction\",\"target\":[\"https:\/\/whisky4you.net\/contact-us\/\"]}]},{\"@type\":\"ImageObject\",\"inLanguage\":\"de\",\"@id\":\"https:\/\/whisky4you.net\/contact-us\/#primaryimage\",\"url\":\"https:\/\/whisky4you.net\/wp-content\/uploads\/2018\/04\/favicon-150x150.png\",\"contentUrl\":\"https:\/\/whisky4you.net\/wp-content\/uploads\/2018\/04\/favicon-150x150.png\"},{\"@type\":\"BreadcrumbList\",\"@id\":\"https:\/\/whisky4you.net\/contact-us\/#breadcrumb\",\"itemListElement\":[{\"@type\":\"ListItem\",\"position\":1,\"name\":\"Home\",\"item\":\"https:\/\/whisky4you.net\/\"},{\"@type\":\"ListItem\",\"position\":2,\"name\":\"Kontakt\"}]},{\"@type\":\"WebSite\",\"@id\":\"https:\/\/whisky4you.net\/de\/#website\",\"url\":\"https:\/\/whisky4you.net\/de\/\",\"name\":\"Whisky4you\",\"description\":\"Dedicated to Whisky interest and Whisky lovers\",\"publisher\":{\"@id\":\"https:\/\/whisky4you.net\/de\/#organization\"},\"potentialAction\":[{\"@type\":\"SearchAction\",\"target\":{\"@type\":\"EntryPoint\",\"urlTemplate\":\"https:\/\/whisky4you.net\/de\/?s={search_term_string}\"},\"query-input\":{\"@type\":\"PropertyValueSpecification\",\"valueRequired\":true,\"valueName\":\"search_term_string\"}}],\"inLanguage\":\"de\"},{\"@type\":\"Organization\",\"@id\":\"https:\/\/whisky4you.net\/de\/#organization\",\"name\":\"Whisky4you\",\"url\":\"https:\/\/whisky4you.net\/de\/\",\"logo\":{\"@type\":\"ImageObject\",\"inLanguage\":\"de\",\"@id\":\"https:\/\/whisky4you.net\/de\/#\/schema\/logo\/image\/\",\"url\":\"https:\/\/whisky4you.net\/wp-content\/uploads\/2020\/12\/cropped-cropped-cropped-cropped-logo-head.png\",\"contentUrl\":\"https:\/\/whisky4you.net\/wp-content\/uploads\/2020\/12\/cropped-cropped-cropped-cropped-logo-head.png\",\"width\":250,\"height\":81,\"caption\":\"Whisky4you\"},\"image\":{\"@id\":\"https:\/\/whisky4you.net\/de\/#\/schema\/logo\/image\/\"},\"sameAs\":[\"https:\/\/www.facebook.com\/Whisky4you.net\",\"https:\/\/www.linkedin.com\/company\/whisky4you\/?viewAsMember=true\"]}]}<\/script>\n<!-- \/ Yoast SEO plugin. -->","yoast_head_json":{"title":"Kontakt - Whisky4you Hier finden Sie unsere Adresse und E-Mail!","description":"Kontaktieren Sie uns bei Whisky4you. Auf dieser Seite finden Sie rechtliche Daten, E-Mail-Adressen und Telefonnummern. Bei Fragen helfen wir gerne weiter.","robots":{"index":"index","follow":"follow","max-snippet":"max-snippet:-1","max-image-preview":"max-image-preview:large","max-video-preview":"max-video-preview:-1"},"canonical":"https:\/\/whisky4you.net\/contact-us\/","og_locale":"de_DE","og_type":"article","og_title":"Kontakt - Whisky4you Hier finden Sie unsere Adresse und E-Mail!","og_description":"Kontaktieren Sie uns bei Whisky4you. Auf dieser Seite finden Sie rechtliche Daten, E-Mail-Adressen und Telefonnummern. Bei Fragen helfen wir gerne weiter.","og_url":"https:\/\/whisky4you.net\/contact-us\/","og_site_name":"Whisky4you","article_publisher":"https:\/\/www.facebook.com\/Whisky4you.net","article_modified_time":"2025-07-23T23:27:07+00:00","og_image":[{"width":256,"height":256,"url":"https:\/\/whisky4you.net\/wp-content\/uploads\/2018\/04\/favicon.png","type":"image\/png"}],"twitter_card":"summary_large_image","twitter_misc":{"Gesch\u00e4tzte Lesezeit":"2\u00a0Minuten"},"schema":{"@context":"https:\/\/schema.org","@graph":[{"@type":"WebPage","@id":"https:\/\/whisky4you.net\/contact-us\/","url":"https:\/\/whisky4you.net\/contact-us\/","name":"Kontakt - Whisky4you Hier finden Sie unsere Adresse und E-Mail!","isPartOf":{"@id":"https:\/\/whisky4you.net\/de\/#website"},"primaryImageOfPage":{"@id":"https:\/\/whisky4you.net\/contact-us\/#primaryimage"},"image":{"@id":"https:\/\/whisky4you.net\/contact-us\/#primaryimage"},"thumbnailUrl":"https:\/\/whisky4you.net\/wp-content\/uploads\/2018\/04\/favicon-150x150.png","datePublished":"2020-08-13T17:47:41+00:00","dateModified":"2025-07-23T23:27:07+00:00","description":"Kontaktieren Sie uns bei Whisky4you. Auf dieser Seite finden Sie rechtliche Daten, E-Mail-Adressen und Telefonnummern. Bei Fragen helfen wir gerne weiter.","breadcrumb":{"@id":"https:\/\/whisky4you.net\/contact-us\/#breadcrumb"},"inLanguage":"de","potentialAction":[{"@type":"ReadAction","target":["https:\/\/whisky4you.net\/contact-us\/"]}]},{"@type":"ImageObject","inLanguage":"de","@id":"https:\/\/whisky4you.net\/contact-us\/#primaryimage","url":"https:\/\/whisky4you.net\/wp-content\/uploads\/2018\/04\/favicon-150x150.png","contentUrl":"https:\/\/whisky4you.net\/wp-content\/uploads\/2018\/04\/favicon-150x150.png"},{"@type":"BreadcrumbList","@id":"https:\/\/whisky4you.net\/contact-us\/#breadcrumb","itemListElement":[{"@type":"ListItem","position":1,"name":"Home","item":"https:\/\/whisky4you.net\/"},{"@type":"ListItem","position":2,"name":"Kontakt"}]},{"@type":"WebSite","@id":"https:\/\/whisky4you.net\/de\/#website","url":"https:\/\/whisky4you.net\/de\/","name":"Whisky4you","description":"Dedicated to Whisky interest and Whisky lovers","publisher":{"@id":"https:\/\/whisky4you.net\/de\/#organization"},"potentialAction":[{"@type":"SearchAction","target":{"@type":"EntryPoint","urlTemplate":"https:\/\/whisky4you.net\/de\/?s={search_term_string}"},"query-input":{"@type":"PropertyValueSpecification","valueRequired":true,"valueName":"search_term_string"}}],"inLanguage":"de"},{"@type":"Organization","@id":"https:\/\/whisky4you.net\/de\/#organization","name":"Whisky4you","url":"https:\/\/whisky4you.net\/de\/","logo":{"@type":"ImageObject","inLanguage":"de","@id":"https:\/\/whisky4you.net\/de\/#\/schema\/logo\/image\/","url":"https:\/\/whisky4you.net\/wp-content\/uploads\/2020\/12\/cropped-cropped-cropped-cropped-logo-head.png","contentUrl":"https:\/\/whisky4you.net\/wp-content\/uploads\/2020\/12\/cropped-cropped-cropped-cropped-logo-head.png","width":250,"height":81,"caption":"Whisky4you"},"image":{"@id":"https:\/\/whisky4you.net\/de\/#\/schema\/logo\/image\/"},"sameAs":["https:\/\/www.facebook.com\/Whisky4you.net","https:\/\/www.linkedin.com\/company\/whisky4you\/?viewAsMember=true"]}]}},"jetpack_sharing_enabled":true,"_links":{"self":[{"href":"https:\/\/whisky4you.net\/de\/wp-json\/wp\/v2\/pages\/16247","targetHints":{"allow":["GET"]}}],"collection":[{"href":"https:\/\/whisky4you.net\/de\/wp-json\/wp\/v2\/pages"}],"about":[{"href":"https:\/\/whisky4you.net\/de\/wp-json\/wp\/v2\/types\/page"}],"author":[{"embeddable":true,"href":"https:\/\/whisky4you.net\/de\/wp-json\/wp\/v2\/users\/2"}],"replies":[{"embeddable":true,"href":"https:\/\/whisky4you.net\/de\/wp-json\/wp\/v2\/comments?post=16247"}],"version-history":[{"count":7,"href":"https:\/\/whisky4you.net\/de\/wp-json\/wp\/v2\/pages\/16247\/revisions"}],"predecessor-version":[{"id":24953,"href":"https:\/\/whisky4you.net\/de\/wp-json\/wp\/v2\/pages\/16247\/revisions\/24953"}],"wp:attachment":[{"href":"https:\/\/whisky4you.net\/de\/wp-json\/wp\/v2\/media?parent=16247"}],"curies":[{"name":"wp","href":"https:\/\/api.w.org\/{rel}","templated":true}]}}