{"id":16515,"date":"2020-08-17T18:22:56","date_gmt":"2020-08-17T17:22:56","guid":{"rendered":"https:\/\/whisky4you.net\/widerruf-des-vertrags\/"},"modified":"2020-08-17T18:22:56","modified_gmt":"2020-08-17T17:22:56","slug":"widerruf-des-vertrags","status":"publish","type":"page","link":"https:\/\/whisky4you.net\/de\/widerruf-des-vertrags\/","title":{"rendered":"Widerruf des Vertrags"},"content":{"rendered":"\t\t<div data-elementor-type=\"wp-post\" data-elementor-id=\"16515\" class=\"elementor elementor-16515 elementor-8250 elementor-bc-flex-widget\" data-elementor-post-type=\"page\">\n\t\t\t\t\t\t<section class=\"elementor-section elementor-top-section elementor-element elementor-element-6e747480 elementor-section-stretched elementor-section-height-min-height elementor-section-content-middle elementor-section-boxed elementor-section-height-default elementor-section-items-middle\" data-id=\"6e747480\" data-element_type=\"section\" data-e-type=\"section\" data-settings=\"{&quot;stretch_section&quot;:&quot;section-stretched&quot;,&quot;background_background&quot;:&quot;classic&quot;}\">\n\t\t\t\t\t\t<div class=\"elementor-container elementor-column-gap-default\">\n\t\t\t\t\t<div class=\"elementor-column elementor-col-100 elementor-top-column elementor-element elementor-element-608db83b\" data-id=\"608db83b\" data-element_type=\"column\" data-e-type=\"column\">\n\t\t\t<div class=\"elementor-widget-wrap elementor-element-populated\">\n\t\t\t\t\t\t<div class=\"elementor-element elementor-element-66f9ac37 elementor-widget elementor-widget-heading\" data-id=\"66f9ac37\" data-element_type=\"widget\" data-e-type=\"widget\" data-widget_type=\"heading.default\">\n\t\t\t\t<div class=\"elementor-widget-container\">\n\t\t\t\t\t<h1 class=\"elementor-heading-title elementor-size-default\">Widerruf des Vertrags<\/h1>\t\t\t\t<\/div>\n\t\t\t\t<\/div>\n\t\t\t\t\t<\/div>\n\t\t<\/div>\n\t\t\t\t\t<\/div>\n\t\t<\/section>\n\t\t\t\t<section class=\"elementor-section elementor-top-section elementor-element elementor-element-93c4bac elementor-section-stretched elementor-section-boxed elementor-section-height-default elementor-section-height-default\" data-id=\"93c4bac\" data-element_type=\"section\" data-e-type=\"section\" data-settings=\"{&quot;stretch_section&quot;:&quot;section-stretched&quot;}\">\n\t\t\t\t\t\t<div class=\"elementor-container elementor-column-gap-default\">\n\t\t\t\t\t<div class=\"elementor-column elementor-col-100 elementor-top-column elementor-element elementor-element-22ef7b0\" data-id=\"22ef7b0\" data-element_type=\"column\" data-e-type=\"column\">\n\t\t\t<div class=\"elementor-widget-wrap elementor-element-populated\">\n\t\t\t\t\t\t<div class=\"elementor-element elementor-element-dc86230 elementor-widget elementor-widget-text-editor\" data-id=\"dc86230\" data-element_type=\"widget\" data-e-type=\"widget\" data-widget_type=\"text-editor.default\">\n\t\t\t\t<div class=\"elementor-widget-container\">\n\t\t\t\t\t\t\t\t\t<h3><span style=\"color: #000000;\"><strong>Widerrufsbelehrung<\/strong><\/span><\/h3>\n<p><span style=\"color: #000000;\">Hier finden Sie Informationen zu Ihrem Widerrufsrecht.<\/span><\/p>\n<p><span style=\"color: #000000;\">Die Widerrufsfrist f\u00fcr Verbraucher betr\u00e4gt vierzehn (14) Tage.<\/span><\/p>\n<h3><span style=\"color: #000000;\"><strong>Widerrufsrecht des Kunden<\/strong><\/span><\/h3>\n<p><span style=\"color: #000000;\"><strong>\u00a0<\/strong>Sie haben das Recht, binnen vierzehn Tagen ohne Angabe von Gr\u00fcnden diesen Vertrag zu widerrufen.<\/span><\/p>\n<p><span style=\"color: #000000;\">Die Widerrufsfrist betr\u00e4gt vierzehn Tage ab dem Tag, an dem Sie oder ein von Ihnen benannter Dritter, der nicht der Bef\u00f6rderer ist, die Waren in Besitz genommen haben bzw. hat.<\/span><\/p>\n<p><span style=\"color: #000000;\">Um Ihr Widerrufsrecht auszu\u00fcben, m\u00fcssen Sie uns unter:<\/span><\/p>\n<p><span style=\"color: #000000;\">Trestan Technology UG (haftungsbeschr\u00e4nkt)<\/span><\/p>\n<p><span style=\"color: #000000;\">Danziger Stra\u00dfe, 9 b<\/span><\/p>\n<p><span style=\"color: #000000;\">89281 Altenstadt<\/span><\/p>\n<p><span style=\"color: #000000;\">Deutschland<\/span><\/p>\n<p><span style=\"color: #000000;\"><a style=\"color: #000000;\" href=\"mailto:trestantechnology@online.de\">trestantechnology@online.de<\/a><\/span><\/p>\n<p><span style=\"color: #000000;\">mittels einer eindeutigen Erkl\u00e4rung (z. B. ein mit der Post versandter Brief oder E-Mail) \u00fcber Ihren Entschluss, diesen Vertrag zu widerrufen, informieren. Sie k\u00f6nnen daf\u00fcr das beigef\u00fcgte Muster-Widerrufsformular verwenden, das jedoch nicht vorgeschrieben ist.<\/span><\/p>\n<p><span style=\"color: #000000;\">Zur Wahrung der Widerrufsfrist reicht es aus, dass Sie die Mitteilung \u00fcber die Aus\u00fcbung des Widerrufsrechts vor Ablauf der Widerrufsfrist absenden.<\/span><\/p>\n<h3><span style=\"color: #000000;\"><strong>Widerrufsrecht des Verk\u00e4ufers<\/strong><\/span><\/h3>\n<p><span style=\"color: #000000;\">Der Verk\u00e4ufer hat das Recht, von dem Vertrag zur\u00fcckzutreten, wenn sich herausstellt, dass der K\u00e4ufer das erforderliche Mindestalter zum Einkauf der Ware nicht erreicht hat oder dies bei Lieferung nicht nachweisen kann.<\/span><\/p>\n<h3><span style=\"color: #000000;\"><strong>Folgen des Widerrufs<\/strong><\/span><\/h3>\n<p><span style=\"color: #000000;\">Wenn dieser Vertrag widerrufen wird, haben wir Ihnen alle Zahlungen, die wir von Ihnen erhalten haben, einschlie\u00dflich der Lieferkosten (mit Ausnahme der zus\u00e4tzlichen Kosten, die sich daraus ergeben, dass Sie eine andere Art der Lieferung als die von uns angebotene, g\u00fcnstigste Standard Lieferung gew\u00e4hlt haben), unverz\u00fcglich und sp\u00e4testens binnen vierzehn Tagen ab dem Tag zur\u00fcckzuzahlen, an dem die Mitteilung \u00fcber Ihren Widerruf dieses Vertrags bei uns eingegangen ist.<\/span><\/p>\n<p><span style=\"color: #000000;\">F\u00fcr diese R\u00fcckzahlung verwenden wir dasselbe Zahlungsmittel, das Sie bei der urspr\u00fcnglichen Transaktion eingesetzt haben, es sei denn, mit Ihnen wurde ausdr\u00fccklich etwas anderes vereinbart; in keinem Fall werden Ihnen wegen dieser R\u00fcckzahlung Entgelte berechnet. Wir k\u00f6nnen die R\u00fcckzahlung verweigern, bis wir die Waren wieder zur\u00fcckerhalten haben oder bis Sie den Nachweis erbracht haben, dass Sie die Waren zur\u00fcckgesandt haben, je nachdem, welches der fr\u00fchere Zeitpunkt ist.<\/span><\/p>\n<p><span style=\"color: #000000;\">Sie haben die Waren unverz\u00fcglich und in jedem Fall sp\u00e4testens binnen vierzehn Tagen ab dem Tag, an dem Sie uns \u00fcber den Widerruf dieses Vertrags unterrichten, zur\u00fccksenden oder gegen \u00dcbernahme Quittung \u00fcbergeben an:<\/span><\/p>\n<p><span style=\"color: #000000;\">Trestan Technology UG (haftungsbeschr\u00e4nkt), Adresse siehe oben<\/span><\/p>\n<p><span style=\"color: #000000;\">Die Frist ist gewahrt, wenn Sie die Waren vor Ablauf der Frist von vierzehn Tagen absenden. Sie tragen die unmittelbaren Kosten der R\u00fccksendung der Waren. Sie m\u00fcssen f\u00fcr einen etwaigen Wertverlust der Waren nur aufkommen, wenn dieser Wertverlust auf einen zur Pr\u00fcfung der Beschaffenheit, Eigenschaften und Funktionsweise der Waren nicht notwendigen Umgang mit ihnen zur\u00fcckzuf\u00fchren ist.<\/span><\/p>\n<p><span style=\"color: #000000;\">Das Widerrufsrecht besteht nicht bei den folgenden Vertr\u00e4gen:<\/span><\/p>\n<ul>\n<li><span style=\"color: #000000;\">Vertr\u00e4ge zur Lieferung versiegelter Waren, die aus Gr\u00fcnden des Gesundheitsschutzes oder der Hygiene nicht zur R\u00fcckgabe geeignet sind, wenn ihre Versiegelung nach der Lieferung entfernt wurde.<\/span><\/li>\n<li><span style=\"color: #000000;\">Vertr\u00e4ge zur Lieferung alkoholischer Getr\u00e4nke, deren Preis bei Vertragsschluss vereinbart wurde, die aber fr\u00fchestens 30 Tage nach Vertragsschluss geliefert werden k\u00f6nnen und deren aktueller Wert von Schwankungen auf dem Markt abh\u00e4ngt, auf die der Unternehmer keinen Einfluss hat.<\/span><\/li>\n<\/ul>\n<p><span style=\"color: #000000;\"><strong>Lebensmittel und Getr\u00e4nke k\u00f6nnen nur in unbesch\u00e4digter Originalverpackung inklusive des kompletten Zubeh\u00f6rs (Garantiekarten, Anweisungen) und mit einer Kopie des Kaufbelegs zur\u00fcckgenommen werden. Der Verk\u00e4ufer empfiehlt, die Ware gegen Besch\u00e4digung beim Transport zu versichern.<\/strong><\/span><\/p>\n<p><span style=\"color: #000000;\"><strong>Wenn die Ware bei R\u00fccktritt vom Kaufvertrag unvollst\u00e4ndig oder besch\u00e4digt zur\u00fcckgeschickt wird, muss der K\u00e4ufer f\u00fcr den entsprechenden Wertverlust aufkommen. Bei angebrochenen Lebensmitteln oder Getr\u00e4nken betr\u00e4gt der Wertverlust 100%, da die Ware nicht mehr ver\u00e4u\u00dfert werden kann. <\/strong><\/span><\/p>\n<p>&nbsp;<\/p>\n<p><span style=\"color: #000000;\"><strong>4) Muster Widerrufsformular<\/strong><\/span><\/p>\n<p><span style=\"color: #000000;\">Wenn Sie den Vertrag widerrufen wollen, dann k\u00f6nnen Sie dieses Formular verwenden. Drucken Sie es dazu bitte aus und senden Sie es uns per E-Mail zu:<\/span><\/p>\n<p><span style=\"color: #000000;\">Trestan Technology UG (haftungsbeschr\u00e4nkt)<\/span><\/p>\n<p><span style=\"color: #000000;\">Danziger Stra\u00dfe, 9b<\/span><\/p>\n<p><span style=\"color: #000000;\">89281 Altenstadt<\/span><\/p>\n<p><span style=\"color: #000000;\">Germany<\/span><\/p>\n<p><span style=\"color: #000000;\">E-Mail<\/span>: <span style=\"text-decoration: underline;\"><strong><a href=\"mailto:info@whisky4you.cz\" target=\"_blank\" rel=\"noopener\">info@whisky4you.cz<\/a><\/strong><\/span><\/p>\n\t\t\t\t\t\t\t\t<\/div>\n\t\t\t\t<\/div>\n\t\t\t\t\t<\/div>\n\t\t<\/div>\n\t\t\t\t\t<\/div>\n\t\t<\/section>\n\t\t\t\t<section class=\"elementor-section elementor-top-section elementor-element elementor-element-6d25784 elementor-section-stretched elementor-section-boxed elementor-section-height-default elementor-section-height-default\" data-id=\"6d25784\" data-element_type=\"section\" data-e-type=\"section\" data-settings=\"{&quot;stretch_section&quot;:&quot;section-stretched&quot;}\">\n\t\t\t\t\t\t<div class=\"elementor-container elementor-column-gap-default\">\n\t\t\t\t\t<div class=\"elementor-column elementor-col-50 elementor-top-column elementor-element elementor-element-d1f0b6b\" data-id=\"d1f0b6b\" data-element_type=\"column\" data-e-type=\"column\">\n\t\t\t<div class=\"elementor-widget-wrap elementor-element-populated\">\n\t\t\t\t\t\t<div class=\"elementor-element elementor-element-89e2e38 elementor-widget elementor-widget-text-editor\" data-id=\"89e2e38\" data-element_type=\"widget\" data-e-type=\"widget\" data-widget_type=\"text-editor.default\">\n\t\t\t\t<div class=\"elementor-widget-container\">\n\t\t\t\t\t\t\t\t\t<h3><span style=\"color: #000000;\"><strong>Widerruf des Vertrags<\/strong><\/span><\/h3>\n<p><span style=\"color: #000000;\">Hiermit widerrufe(n) ich\/wir (*) den von mir\/uns (*) abgeschlossenen Vertrag \u00fcber den Kauf der folgenden Waren (*) \/ die Erbringung der folgenden Dienstleistung (*)<\/span><\/p>\n<p><span style=\"color: #000000;\">\u00a0_______________________________________________________________________________________________________________________________<\/span><\/p>\n<p><span style=\"color: #000000;\">\u00a0Bestellt am ___________________,\u00a0 \u00a0\/ \u00a0erhalten am\u00a0\u00a0\u00a0 \u00a0____________________<\/span><\/p>\n<p><span style=\"color: #000000;\">\u00a0Name \u00a0___________________________________________________________<\/span><\/p>\n<p><span style=\"color: #000000;\">\u00a0Anschrift ____________________________________________________________<\/span><\/p>\n<p><span style=\"color: #000000;\">Unterschrift ______________________________________________________<\/span><\/p>\n<p><span style=\"color: #000000;\">Datum __________________________________________________________<\/span><\/p>\n<p><span style=\"color: #000000;\">Sie k\u00f6nnen dieses Formular<\/span> <span style=\"text-decoration: underline;\"><strong><a href=\"https:\/\/whisky4you.net\/wp-content\/uploads\/2020\/08\/Formular_Widerruf_Whisky4you.pdf\" target=\"_blank\" rel=\"noopener\">herunterladen und ausdrucken<\/a><\/strong><\/span>, <span style=\"color: #000000;\">um es zu verwenden.\u00a0 \u00a0 \u00a0 \u00a0 \u00a0<\/span><\/p>\n<p>&nbsp;<\/p>\n<p>&nbsp;<\/p>\n<p>&nbsp;<\/p>\n<p>&nbsp;<\/p>\n<p><a href=\"http:\/\/shop.trustedshops.com\/rechtstexte-kostenlos\"><strong>Widerrufsbelehrung<\/strong><\/a>\u00a0<span style=\"color: #000000;\">erstellt mit dem<\/span>\u00a0<a href=\"https:\/\/shop.trustedshops.com\/de\/\"><strong>Trusted Shops<\/strong><\/a>\u00a0<span style=\"color: #000000;\">Rechtstexter in Kooperation mit\u00a0<\/span><a href=\"http:\/\/www.wbs-law.de\/\"><strong>Wilde Beuger Solmecke Rechtsanw\u00e4lte<\/strong><\/a>.<\/p>\n\t\t\t\t\t\t\t\t<\/div>\n\t\t\t\t<\/div>\n\t\t\t\t\t<\/div>\n\t\t<\/div>\n\t\t\t\t<div class=\"elementor-column elementor-col-50 elementor-top-column elementor-element elementor-element-9849766\" data-id=\"9849766\" data-element_type=\"column\" data-e-type=\"column\">\n\t\t\t<div class=\"elementor-widget-wrap elementor-element-populated\">\n\t\t\t\t\t\t<div class=\"elementor-element elementor-element-24aed4c elementor-widget elementor-widget-image\" data-id=\"24aed4c\" data-element_type=\"widget\" data-e-type=\"widget\" data-widget_type=\"image.default\">\n\t\t\t\t<div class=\"elementor-widget-container\">\n\t\t\t\t\t\t\t\t\t\t\t\t\t\t\t<img decoding=\"async\" src=\"http:\/\/test.whisky4you.net\/wp-content\/uploads\/2019\/06\/Revocation-Form.jpg\" title=\"\" alt=\"\" loading=\"lazy\" \/>\t\t\t\t\t\t\t\t\t\t\t\t\t\t\t<\/div>\n\t\t\t\t<\/div>\n\t\t\t\t\t<\/div>\n\t\t<\/div>\n\t\t\t\t\t<\/div>\n\t\t<\/section>\n\t\t\t\t<section class=\"elementor-section elementor-top-section elementor-element elementor-element-9534d22 elementor-section-stretched elementor-section-boxed elementor-section-height-default elementor-section-height-default\" data-id=\"9534d22\" data-element_type=\"section\" data-e-type=\"section\" data-settings=\"{&quot;stretch_section&quot;:&quot;section-stretched&quot;}\">\n\t\t\t\t\t\t<div class=\"elementor-container elementor-column-gap-default\">\n\t\t\t\t\t<div class=\"elementor-column elementor-col-100 elementor-top-column elementor-element elementor-element-1e7ff24\" data-id=\"1e7ff24\" data-element_type=\"column\" data-e-type=\"column\">\n\t\t\t<div class=\"elementor-widget-wrap elementor-element-populated\">\n\t\t\t\t\t\t<div class=\"elementor-element elementor-element-b8d3386 elementor-widget elementor-widget-text-editor\" data-id=\"b8d3386\" data-element_type=\"widget\" data-e-type=\"widget\" data-widget_type=\"text-editor.default\">\n\t\t\t\t<div class=\"elementor-widget-container\">\n\t\t\t\t\t\t\t\t\t<p><span style=\"text-decoration: underline;\">\u00a0 \u00a0 <strong><a href=\"https:\/\/whisky4you.net\/wp-content\/uploads\/2020\/08\/Formular_Widerruf_Whisky4you.pdf\" target=\"_blank\" rel=\"noopener\">Dieses Formular herunterladen und ausdrucken<\/a><\/strong><\/span><\/p>\n<p><span style=\"color: #cccccc;\"><span style=\"color: #000000;\">Widerrufsbelehrung wurde erstellt mit dem gesetzlichen Texter von Trusted Shops der <a style=\"color: #000000;\" href=\"https:\/\/www.wbs-law.de\/eng\/\" target=\"_blank\" rel=\"noopener\">Wilde Beuger Solmecke Rechtsanw\u00e4lte<\/a><\/span><\/span><\/p>\n\t\t\t\t\t\t\t\t<\/div>\n\t\t\t\t<\/div>\n\t\t\t\t\t<\/div>\n\t\t<\/div>\n\t\t\t\t\t<\/div>\n\t\t<\/section>\n\t\t\t\t<\/div>\n\t\t","protected":false},"excerpt":{"rendered":"<p>Widerruf des Vertrags Widerrufsbelehrung Hier finden Sie Informationen zu Ihrem Widerrufsrecht. Die Widerrufsfrist f\u00fcr Verbraucher betr\u00e4gt vierzehn (14) Tage. Widerrufsrecht des Kunden \u00a0Sie haben das Recht, binnen vierzehn Tagen ohne Angabe von Gr\u00fcnden diesen Vertrag zu widerrufen. Die Widerrufsfrist betr\u00e4gt vierzehn Tage ab dem Tag, an dem Sie oder ein von Ihnen benannter Dritter, der &#8230; <a title=\"Widerruf des Vertrags\" class=\"read-more\" href=\"https:\/\/whisky4you.net\/de\/widerruf-des-vertrags\/\" aria-label=\"Mehr Informationen \u00fcber Widerruf des Vertrags\">Read more<\/a><\/p>\n","protected":false},"author":2,"featured_media":0,"parent":0,"menu_order":0,"comment_status":"closed","ping_status":"closed","template":"","meta":{"footnotes":""},"class_list":{"0":"post-16515","1":"page","2":"type-page","3":"status-publish","5":"no-featured-image-padding"},"yoast_head":"<!-- This site is optimized with the Yoast SEO plugin v27.0 - https:\/\/yoast.com\/product\/yoast-seo-wordpress\/ -->\n<title>Recht Widerruf des Vertrags - Whisky4you - Laden Sie das Widerrufsformular herunter<\/title>\n<meta name=\"description\" content=\"Whisky4you informiert Sie \u00fcber Ihr Widerrufsrecht und die Folgen des Widerrufs. Und hier finden Sie auch das Widerrufsformular zum Download.\" \/>\n<meta name=\"robots\" content=\"index, follow, max-snippet:-1, max-image-preview:large, max-video-preview:-1\" \/>\n<link rel=\"canonical\" href=\"https:\/\/whisky4you.net\/de\/widerruf-des-vertrags\/\" \/>\n<meta property=\"og:locale\" content=\"de_DE\" \/>\n<meta property=\"og:type\" content=\"article\" \/>\n<meta property=\"og:title\" content=\"Recht Widerruf des Vertrags - Whisky4you - Laden Sie das Widerrufsformular herunter\" \/>\n<meta property=\"og:description\" content=\"Whisky4you informiert Sie \u00fcber Ihr Widerrufsrecht und die Folgen des Widerrufs. Und hier finden Sie auch das Widerrufsformular zum Download.\" \/>\n<meta property=\"og:url\" content=\"https:\/\/whisky4you.net\/de\/widerruf-des-vertrags\/\" \/>\n<meta property=\"og:site_name\" content=\"Whisky4you\" \/>\n<meta property=\"article:publisher\" content=\"https:\/\/www.facebook.com\/Whisky4you.net\" \/>\n<meta property=\"og:image\" content=\"https:\/\/whisky4you.net\/wp-content\/uploads\/2019\/06\/Revocation-Form-249x300.jpg\" \/>\n<meta name=\"twitter:card\" content=\"summary_large_image\" \/>\n<meta name=\"twitter:label1\" content=\"Gesch\u00e4tzte Lesezeit\" \/>\n\t<meta name=\"twitter:data1\" content=\"4\u00a0Minuten\" \/>\n<script type=\"application\/ld+json\" class=\"yoast-schema-graph\">{\"@context\":\"https:\/\/schema.org\",\"@graph\":[{\"@type\":\"WebPage\",\"@id\":\"https:\/\/whisky4you.net\/de\/widerruf-des-vertrags\/\",\"url\":\"https:\/\/whisky4you.net\/de\/widerruf-des-vertrags\/\",\"name\":\"Recht Widerruf des Vertrags - Whisky4you - Laden Sie das Widerrufsformular herunter\",\"isPartOf\":{\"@id\":\"https:\/\/whisky4you.net\/de\/#website\"},\"primaryImageOfPage\":{\"@id\":\"https:\/\/whisky4you.net\/de\/widerruf-des-vertrags\/#primaryimage\"},\"image\":{\"@id\":\"https:\/\/whisky4you.net\/de\/widerruf-des-vertrags\/#primaryimage\"},\"thumbnailUrl\":\"https:\/\/whisky4you.net\/wp-content\/uploads\/2019\/06\/Revocation-Form-249x300.jpg\",\"datePublished\":\"2020-08-17T17:22:56+00:00\",\"description\":\"Whisky4you informiert Sie \u00fcber Ihr Widerrufsrecht und die Folgen des Widerrufs. Und hier finden Sie auch das Widerrufsformular zum Download.\",\"breadcrumb\":{\"@id\":\"https:\/\/whisky4you.net\/de\/widerruf-des-vertrags\/#breadcrumb\"},\"inLanguage\":\"de\",\"potentialAction\":[{\"@type\":\"ReadAction\",\"target\":[\"https:\/\/whisky4you.net\/de\/widerruf-des-vertrags\/\"]}]},{\"@type\":\"ImageObject\",\"inLanguage\":\"de\",\"@id\":\"https:\/\/whisky4you.net\/de\/widerruf-des-vertrags\/#primaryimage\",\"url\":\"https:\/\/whisky4you.net\/wp-content\/uploads\/2019\/06\/Revocation-Form-249x300.jpg\",\"contentUrl\":\"https:\/\/whisky4you.net\/wp-content\/uploads\/2019\/06\/Revocation-Form-249x300.jpg\"},{\"@type\":\"BreadcrumbList\",\"@id\":\"https:\/\/whisky4you.net\/de\/widerruf-des-vertrags\/#breadcrumb\",\"itemListElement\":[{\"@type\":\"ListItem\",\"position\":1,\"name\":\"Home\",\"item\":\"https:\/\/whisky4you.net\/\"},{\"@type\":\"ListItem\",\"position\":2,\"name\":\"Widerruf des Vertrags\"}]},{\"@type\":\"WebSite\",\"@id\":\"https:\/\/whisky4you.net\/de\/#website\",\"url\":\"https:\/\/whisky4you.net\/de\/\",\"name\":\"Whisky4you\",\"description\":\"Dedicated to Whisky interest and Whisky lovers\",\"publisher\":{\"@id\":\"https:\/\/whisky4you.net\/de\/#organization\"},\"potentialAction\":[{\"@type\":\"SearchAction\",\"target\":{\"@type\":\"EntryPoint\",\"urlTemplate\":\"https:\/\/whisky4you.net\/de\/?s={search_term_string}\"},\"query-input\":{\"@type\":\"PropertyValueSpecification\",\"valueRequired\":true,\"valueName\":\"search_term_string\"}}],\"inLanguage\":\"de\"},{\"@type\":\"Organization\",\"@id\":\"https:\/\/whisky4you.net\/de\/#organization\",\"name\":\"Whisky4you\",\"url\":\"https:\/\/whisky4you.net\/de\/\",\"logo\":{\"@type\":\"ImageObject\",\"inLanguage\":\"de\",\"@id\":\"https:\/\/whisky4you.net\/de\/#\/schema\/logo\/image\/\",\"url\":\"https:\/\/whisky4you.net\/wp-content\/uploads\/2020\/12\/cropped-cropped-cropped-cropped-logo-head.png\",\"contentUrl\":\"https:\/\/whisky4you.net\/wp-content\/uploads\/2020\/12\/cropped-cropped-cropped-cropped-logo-head.png\",\"width\":250,\"height\":81,\"caption\":\"Whisky4you\"},\"image\":{\"@id\":\"https:\/\/whisky4you.net\/de\/#\/schema\/logo\/image\/\"},\"sameAs\":[\"https:\/\/www.facebook.com\/Whisky4you.net\",\"https:\/\/www.linkedin.com\/company\/whisky4you\/?viewAsMember=true\"]}]}<\/script>\n<!-- \/ Yoast SEO plugin. -->","yoast_head_json":{"title":"Recht Widerruf des Vertrags - Whisky4you - Laden Sie das Widerrufsformular herunter","description":"Whisky4you informiert Sie \u00fcber Ihr Widerrufsrecht und die Folgen des Widerrufs. Und hier finden Sie auch das Widerrufsformular zum Download.","robots":{"index":"index","follow":"follow","max-snippet":"max-snippet:-1","max-image-preview":"max-image-preview:large","max-video-preview":"max-video-preview:-1"},"canonical":"https:\/\/whisky4you.net\/de\/widerruf-des-vertrags\/","og_locale":"de_DE","og_type":"article","og_title":"Recht Widerruf des Vertrags - Whisky4you - Laden Sie das Widerrufsformular herunter","og_description":"Whisky4you informiert Sie \u00fcber Ihr Widerrufsrecht und die Folgen des Widerrufs. Und hier finden Sie auch das Widerrufsformular zum Download.","og_url":"https:\/\/whisky4you.net\/de\/widerruf-des-vertrags\/","og_site_name":"Whisky4you","article_publisher":"https:\/\/www.facebook.com\/Whisky4you.net","og_image":[{"url":"https:\/\/whisky4you.net\/wp-content\/uploads\/2019\/06\/Revocation-Form-249x300.jpg","type":"","width":"","height":""}],"twitter_card":"summary_large_image","twitter_misc":{"Gesch\u00e4tzte Lesezeit":"4\u00a0Minuten"},"schema":{"@context":"https:\/\/schema.org","@graph":[{"@type":"WebPage","@id":"https:\/\/whisky4you.net\/de\/widerruf-des-vertrags\/","url":"https:\/\/whisky4you.net\/de\/widerruf-des-vertrags\/","name":"Recht Widerruf des Vertrags - Whisky4you - Laden Sie das Widerrufsformular herunter","isPartOf":{"@id":"https:\/\/whisky4you.net\/de\/#website"},"primaryImageOfPage":{"@id":"https:\/\/whisky4you.net\/de\/widerruf-des-vertrags\/#primaryimage"},"image":{"@id":"https:\/\/whisky4you.net\/de\/widerruf-des-vertrags\/#primaryimage"},"thumbnailUrl":"https:\/\/whisky4you.net\/wp-content\/uploads\/2019\/06\/Revocation-Form-249x300.jpg","datePublished":"2020-08-17T17:22:56+00:00","description":"Whisky4you informiert Sie \u00fcber Ihr Widerrufsrecht und die Folgen des Widerrufs. Und hier finden Sie auch das Widerrufsformular zum Download.","breadcrumb":{"@id":"https:\/\/whisky4you.net\/de\/widerruf-des-vertrags\/#breadcrumb"},"inLanguage":"de","potentialAction":[{"@type":"ReadAction","target":["https:\/\/whisky4you.net\/de\/widerruf-des-vertrags\/"]}]},{"@type":"ImageObject","inLanguage":"de","@id":"https:\/\/whisky4you.net\/de\/widerruf-des-vertrags\/#primaryimage","url":"https:\/\/whisky4you.net\/wp-content\/uploads\/2019\/06\/Revocation-Form-249x300.jpg","contentUrl":"https:\/\/whisky4you.net\/wp-content\/uploads\/2019\/06\/Revocation-Form-249x300.jpg"},{"@type":"BreadcrumbList","@id":"https:\/\/whisky4you.net\/de\/widerruf-des-vertrags\/#breadcrumb","itemListElement":[{"@type":"ListItem","position":1,"name":"Home","item":"https:\/\/whisky4you.net\/"},{"@type":"ListItem","position":2,"name":"Widerruf des Vertrags"}]},{"@type":"WebSite","@id":"https:\/\/whisky4you.net\/de\/#website","url":"https:\/\/whisky4you.net\/de\/","name":"Whisky4you","description":"Dedicated to Whisky interest and Whisky lovers","publisher":{"@id":"https:\/\/whisky4you.net\/de\/#organization"},"potentialAction":[{"@type":"SearchAction","target":{"@type":"EntryPoint","urlTemplate":"https:\/\/whisky4you.net\/de\/?s={search_term_string}"},"query-input":{"@type":"PropertyValueSpecification","valueRequired":true,"valueName":"search_term_string"}}],"inLanguage":"de"},{"@type":"Organization","@id":"https:\/\/whisky4you.net\/de\/#organization","name":"Whisky4you","url":"https:\/\/whisky4you.net\/de\/","logo":{"@type":"ImageObject","inLanguage":"de","@id":"https:\/\/whisky4you.net\/de\/#\/schema\/logo\/image\/","url":"https:\/\/whisky4you.net\/wp-content\/uploads\/2020\/12\/cropped-cropped-cropped-cropped-logo-head.png","contentUrl":"https:\/\/whisky4you.net\/wp-content\/uploads\/2020\/12\/cropped-cropped-cropped-cropped-logo-head.png","width":250,"height":81,"caption":"Whisky4you"},"image":{"@id":"https:\/\/whisky4you.net\/de\/#\/schema\/logo\/image\/"},"sameAs":["https:\/\/www.facebook.com\/Whisky4you.net","https:\/\/www.linkedin.com\/company\/whisky4you\/?viewAsMember=true"]}]}},"jetpack_sharing_enabled":true,"_links":{"self":[{"href":"https:\/\/whisky4you.net\/de\/wp-json\/wp\/v2\/pages\/16515","targetHints":{"allow":["GET"]}}],"collection":[{"href":"https:\/\/whisky4you.net\/de\/wp-json\/wp\/v2\/pages"}],"about":[{"href":"https:\/\/whisky4you.net\/de\/wp-json\/wp\/v2\/types\/page"}],"author":[{"embeddable":true,"href":"https:\/\/whisky4you.net\/de\/wp-json\/wp\/v2\/users\/2"}],"replies":[{"embeddable":true,"href":"https:\/\/whisky4you.net\/de\/wp-json\/wp\/v2\/comments?post=16515"}],"version-history":[{"count":0,"href":"https:\/\/whisky4you.net\/de\/wp-json\/wp\/v2\/pages\/16515\/revisions"}],"wp:attachment":[{"href":"https:\/\/whisky4you.net\/de\/wp-json\/wp\/v2\/media?parent=16515"}],"curies":[{"name":"wp","href":"https:\/\/api.w.org\/{rel}","templated":true}]}}