{"id":16517,"date":"2020-08-17T18:29:52","date_gmt":"2020-08-17T17:29:52","guid":{"rendered":"https:\/\/whisky4you.net\/versandbedingungen\/"},"modified":"2020-08-17T18:29:52","modified_gmt":"2020-08-17T17:29:52","slug":"versandbedingungen","status":"publish","type":"page","link":"https:\/\/whisky4you.net\/de\/versandbedingungen\/","title":{"rendered":"Versandbedingungen"},"content":{"rendered":"\t\t<div data-elementor-type=\"wp-post\" data-elementor-id=\"16517\" class=\"elementor elementor-16517 elementor-7758\" data-elementor-post-type=\"page\">\n\t\t\t\t\t\t<section class=\"elementor-section elementor-top-section elementor-element elementor-element-38f9a5ec elementor-section-stretched elementor-section-height-min-height elementor-section-content-middle elementor-section-boxed elementor-section-height-default elementor-section-items-middle\" data-id=\"38f9a5ec\" data-element_type=\"section\" data-e-type=\"section\" data-settings=\"{&quot;stretch_section&quot;:&quot;section-stretched&quot;,&quot;background_background&quot;:&quot;classic&quot;}\">\n\t\t\t\t\t\t<div class=\"elementor-container elementor-column-gap-default\">\n\t\t\t\t\t<div class=\"elementor-column elementor-col-100 elementor-top-column elementor-element elementor-element-751e6d2\" data-id=\"751e6d2\" data-element_type=\"column\" data-e-type=\"column\">\n\t\t\t<div class=\"elementor-widget-wrap elementor-element-populated\">\n\t\t\t\t\t\t<div class=\"elementor-element elementor-element-7e8a06dd elementor-widget elementor-widget-heading\" data-id=\"7e8a06dd\" data-element_type=\"widget\" data-e-type=\"widget\" data-widget_type=\"heading.default\">\n\t\t\t\t<div class=\"elementor-widget-container\">\n\t\t\t\t\t<h1 class=\"elementor-heading-title elementor-size-default\">Versandbedingungen Whisky4you<\/h1>\t\t\t\t<\/div>\n\t\t\t\t<\/div>\n\t\t\t\t\t<\/div>\n\t\t<\/div>\n\t\t\t\t\t<\/div>\n\t\t<\/section>\n\t\t\t\t<section class=\"elementor-section elementor-top-section elementor-element elementor-element-68a4175 elementor-section-boxed elementor-section-height-default elementor-section-height-default\" data-id=\"68a4175\" data-element_type=\"section\" data-e-type=\"section\">\n\t\t\t\t\t\t<div class=\"elementor-container elementor-column-gap-default\">\n\t\t\t\t\t<div class=\"elementor-column elementor-col-100 elementor-top-column elementor-element elementor-element-32b955a\" data-id=\"32b955a\" data-element_type=\"column\" data-e-type=\"column\">\n\t\t\t<div class=\"elementor-widget-wrap elementor-element-populated\">\n\t\t\t\t\t\t<div class=\"elementor-element elementor-element-7109445 elementor-widget elementor-widget-text-editor\" data-id=\"7109445\" data-element_type=\"widget\" data-e-type=\"widget\" data-widget_type=\"text-editor.default\">\n\t\t\t\t<div class=\"elementor-widget-container\">\n\t\t\t\t\t\t\t\t\t<p>Hier informieren wir Sie \u00fcber die Versandbedingungen und Versandkosten des Whisky4you Webshops. Wir werden immer unser Bestes tun, um Ihnen unsere hochwertigen Produkte auf sichere und kosteng\u00fcnstige Weise zu liefern. Bitte beachten Sie, dass wir f\u00fcr den Transport und Verkauf von alkoholischen Getr\u00e4nken auch die gesetzlichen Bestimmungen beachten m\u00fcssen. Wenn Sie Fragen oder Anregungen zu den unten aufgef\u00fchrten Lieferoptionen haben, kontaktieren Sie uns gerne!<\/p>\n\t\t\t\t\t\t\t\t<\/div>\n\t\t\t\t<\/div>\n\t\t\t\t\t<\/div>\n\t\t<\/div>\n\t\t\t\t\t<\/div>\n\t\t<\/section>\n\t\t\t\t<section class=\"elementor-section elementor-top-section elementor-element elementor-element-2e7cb8d elementor-section-boxed elementor-section-height-default elementor-section-height-default\" data-id=\"2e7cb8d\" data-element_type=\"section\" data-e-type=\"section\">\n\t\t\t\t\t\t<div class=\"elementor-container elementor-column-gap-default\">\n\t\t\t\t\t<div class=\"elementor-column elementor-col-100 elementor-top-column elementor-element elementor-element-84df61e\" data-id=\"84df61e\" data-element_type=\"column\" data-e-type=\"column\">\n\t\t\t<div class=\"elementor-widget-wrap elementor-element-populated\">\n\t\t\t\t\t\t<div class=\"elementor-element elementor-element-804ad9b elementor-widget elementor-widget-text-editor\" data-id=\"804ad9b\" data-element_type=\"widget\" data-e-type=\"widget\" data-widget_type=\"text-editor.default\">\n\t\t\t\t<div class=\"elementor-widget-container\">\n\t\t\t\t\t\t\t\t\t<h3><span style=\"color: #000000;\"><strong>Versandart und Kosten innerhalb Deutschlands (auch zu Packstationen und Postfilialen):<\/strong><\/span><\/h3>\n<p><strong>DHL-Paket<\/strong> (inkl. Transportversicherung bis 500 Euro):<\/p>\n<p>Grundpreis 3,50 Euro + 0,80 Euro pro kg<\/p>\n<p>Die Preise werden automatisch im Shop berechnet, dort angezeigt und zusammen mit dem Kaufpreis bezahlt.<\/p>\n<h3><strong>\u00a0<\/strong><strong>Versand an Packstationen und Postfilialen:<\/strong><\/h3>\n<p>Wir versenden gerne auch zur n\u00e4chsten DHL-Packstation oder Postfiliale.<\/p>\n<p>&nbsp;<\/p>\n<h3><strong>Versand au\u00dferhalb Deutschlands:<\/strong><\/h3>\n<p>Bestellungen von Personen aus anderen L\u00e4ndern sind nicht grunds\u00e4tzlich m\u00f6glich und k\u00f6nnen nicht automatisch im Shop bearbeitet werden. Um die Versandoptionen zu kl\u00e4ren, bitten wir Sie, uns eine E-Mail an folgende Adresse zu senden: info@whisky4you.cz<\/p>\n<p>Gerne pr\u00fcfen wir f\u00fcr Sie, welche Optionen es f\u00fcr die Lieferung in Ihr Land gibt und welche Versandkosten f\u00fcr Sie anfallen.<\/p>\n<h3><strong>Hinweis zum Verkauf und Versand von Alkohol:<\/strong><\/h3>\n<p>Wir nehmen den Schutz Minderj\u00e4hriger sehr ernst. Alkoholische Getr\u00e4nke verkaufen wir daher nur an vollj\u00e4hrige Personen und gewerbliche Kunden. Wir bitten Sie Ihr Alter beim Einkauf zu best\u00e4tigen und gehen davon aus, dass Sie wahrheitsgem\u00e4\u00df darauf antworten. Lassen Sie bitte auch keine minderj\u00e4hrigen Personen Ihre Pakete abholen oder entgegennehmen.<\/p>\n\t\t\t\t\t\t\t\t<\/div>\n\t\t\t\t<\/div>\n\t\t\t\t\t<\/div>\n\t\t<\/div>\n\t\t\t\t\t<\/div>\n\t\t<\/section>\n\t\t\t\t<\/div>\n\t\t","protected":false},"excerpt":{"rendered":"<p>Versandbedingungen Whisky4you Hier informieren wir Sie \u00fcber die Versandbedingungen und Versandkosten des Whisky4you Webshops. Wir werden immer unser Bestes tun, um Ihnen unsere hochwertigen Produkte auf sichere und kosteng\u00fcnstige Weise zu liefern. Bitte beachten Sie, dass wir f\u00fcr den Transport und Verkauf von alkoholischen Getr\u00e4nken auch die gesetzlichen Bestimmungen beachten m\u00fcssen. Wenn Sie Fragen oder &#8230; <a title=\"Versandbedingungen\" class=\"read-more\" href=\"https:\/\/whisky4you.net\/de\/versandbedingungen\/\" aria-label=\"Mehr Informationen \u00fcber Versandbedingungen\">Read more<\/a><\/p>\n","protected":false},"author":2,"featured_media":0,"parent":0,"menu_order":0,"comment_status":"closed","ping_status":"closed","template":"","meta":{"footnotes":""},"class_list":{"0":"post-16517","1":"page","2":"type-page","3":"status-publish","5":"no-featured-image-padding"},"yoast_head":"<!-- This site is optimized with the Yoast SEO plugin v27.0 - https:\/\/yoast.com\/product\/yoast-seo-wordpress\/ -->\n<title>Versandbedingungen - Whisky4you - Versandbedingungen und Lieferkosten Europe - Pack Stationen<\/title>\n<meta name=\"description\" content=\"Erfahren Sie mehr \u00fcber die Versandbedingungen von Whisky4you und die Versandkosten nach Deutschland, Tschechien und anderen L\u00e4ndern. Wir liefern auch an deutsche Packstationen.\" \/>\n<meta name=\"robots\" content=\"index, follow, max-snippet:-1, max-image-preview:large, max-video-preview:-1\" \/>\n<link rel=\"canonical\" href=\"https:\/\/whisky4you.net\/de\/versandbedingungen\/\" \/>\n<meta property=\"og:locale\" content=\"de_DE\" \/>\n<meta property=\"og:type\" content=\"article\" \/>\n<meta property=\"og:title\" content=\"Versandbedingungen - Whisky4you - Versandbedingungen und Lieferkosten Europe - Pack Stationen\" \/>\n<meta property=\"og:description\" content=\"Erfahren Sie mehr \u00fcber die Versandbedingungen von Whisky4you und die Versandkosten nach Deutschland, Tschechien und anderen L\u00e4ndern. Wir liefern auch an deutsche Packstationen.\" \/>\n<meta property=\"og:url\" content=\"https:\/\/whisky4you.net\/de\/versandbedingungen\/\" \/>\n<meta property=\"og:site_name\" content=\"Whisky4you\" \/>\n<meta property=\"article:publisher\" content=\"https:\/\/www.facebook.com\/Whisky4you.net\" \/>\n<meta name=\"twitter:card\" content=\"summary_large_image\" \/>\n<meta name=\"twitter:label1\" content=\"Gesch\u00e4tzte Lesezeit\" \/>\n\t<meta name=\"twitter:data1\" content=\"1\u00a0Minute\" \/>\n<script type=\"application\/ld+json\" class=\"yoast-schema-graph\">{\"@context\":\"https:\/\/schema.org\",\"@graph\":[{\"@type\":\"WebPage\",\"@id\":\"https:\/\/whisky4you.net\/de\/versandbedingungen\/\",\"url\":\"https:\/\/whisky4you.net\/de\/versandbedingungen\/\",\"name\":\"Versandbedingungen - Whisky4you - Versandbedingungen und Lieferkosten Europe - Pack Stationen\",\"isPartOf\":{\"@id\":\"https:\/\/whisky4you.net\/de\/#website\"},\"datePublished\":\"2020-08-17T17:29:52+00:00\",\"description\":\"Erfahren Sie mehr \u00fcber die Versandbedingungen von Whisky4you und die Versandkosten nach Deutschland, Tschechien und anderen L\u00e4ndern. Wir liefern auch an deutsche Packstationen.\",\"breadcrumb\":{\"@id\":\"https:\/\/whisky4you.net\/de\/versandbedingungen\/#breadcrumb\"},\"inLanguage\":\"de\",\"potentialAction\":[{\"@type\":\"ReadAction\",\"target\":[\"https:\/\/whisky4you.net\/de\/versandbedingungen\/\"]}]},{\"@type\":\"BreadcrumbList\",\"@id\":\"https:\/\/whisky4you.net\/de\/versandbedingungen\/#breadcrumb\",\"itemListElement\":[{\"@type\":\"ListItem\",\"position\":1,\"name\":\"Home\",\"item\":\"https:\/\/whisky4you.net\/\"},{\"@type\":\"ListItem\",\"position\":2,\"name\":\"Versandbedingungen\"}]},{\"@type\":\"WebSite\",\"@id\":\"https:\/\/whisky4you.net\/de\/#website\",\"url\":\"https:\/\/whisky4you.net\/de\/\",\"name\":\"Whisky4you\",\"description\":\"Dedicated to Whisky interest and Whisky lovers\",\"publisher\":{\"@id\":\"https:\/\/whisky4you.net\/de\/#organization\"},\"potentialAction\":[{\"@type\":\"SearchAction\",\"target\":{\"@type\":\"EntryPoint\",\"urlTemplate\":\"https:\/\/whisky4you.net\/de\/?s={search_term_string}\"},\"query-input\":{\"@type\":\"PropertyValueSpecification\",\"valueRequired\":true,\"valueName\":\"search_term_string\"}}],\"inLanguage\":\"de\"},{\"@type\":\"Organization\",\"@id\":\"https:\/\/whisky4you.net\/de\/#organization\",\"name\":\"Whisky4you\",\"url\":\"https:\/\/whisky4you.net\/de\/\",\"logo\":{\"@type\":\"ImageObject\",\"inLanguage\":\"de\",\"@id\":\"https:\/\/whisky4you.net\/de\/#\/schema\/logo\/image\/\",\"url\":\"https:\/\/whisky4you.net\/wp-content\/uploads\/2020\/12\/cropped-cropped-cropped-cropped-logo-head.png\",\"contentUrl\":\"https:\/\/whisky4you.net\/wp-content\/uploads\/2020\/12\/cropped-cropped-cropped-cropped-logo-head.png\",\"width\":250,\"height\":81,\"caption\":\"Whisky4you\"},\"image\":{\"@id\":\"https:\/\/whisky4you.net\/de\/#\/schema\/logo\/image\/\"},\"sameAs\":[\"https:\/\/www.facebook.com\/Whisky4you.net\",\"https:\/\/www.linkedin.com\/company\/whisky4you\/?viewAsMember=true\"]}]}<\/script>\n<!-- \/ Yoast SEO plugin. -->","yoast_head_json":{"title":"Versandbedingungen - Whisky4you - Versandbedingungen und Lieferkosten Europe - Pack Stationen","description":"Erfahren Sie mehr \u00fcber die Versandbedingungen von Whisky4you und die Versandkosten nach Deutschland, Tschechien und anderen L\u00e4ndern. Wir liefern auch an deutsche Packstationen.","robots":{"index":"index","follow":"follow","max-snippet":"max-snippet:-1","max-image-preview":"max-image-preview:large","max-video-preview":"max-video-preview:-1"},"canonical":"https:\/\/whisky4you.net\/de\/versandbedingungen\/","og_locale":"de_DE","og_type":"article","og_title":"Versandbedingungen - Whisky4you - Versandbedingungen und Lieferkosten Europe - Pack Stationen","og_description":"Erfahren Sie mehr \u00fcber die Versandbedingungen von Whisky4you und die Versandkosten nach Deutschland, Tschechien und anderen L\u00e4ndern. Wir liefern auch an deutsche Packstationen.","og_url":"https:\/\/whisky4you.net\/de\/versandbedingungen\/","og_site_name":"Whisky4you","article_publisher":"https:\/\/www.facebook.com\/Whisky4you.net","twitter_card":"summary_large_image","twitter_misc":{"Gesch\u00e4tzte Lesezeit":"1\u00a0Minute"},"schema":{"@context":"https:\/\/schema.org","@graph":[{"@type":"WebPage","@id":"https:\/\/whisky4you.net\/de\/versandbedingungen\/","url":"https:\/\/whisky4you.net\/de\/versandbedingungen\/","name":"Versandbedingungen - Whisky4you - Versandbedingungen und Lieferkosten Europe - Pack Stationen","isPartOf":{"@id":"https:\/\/whisky4you.net\/de\/#website"},"datePublished":"2020-08-17T17:29:52+00:00","description":"Erfahren Sie mehr \u00fcber die Versandbedingungen von Whisky4you und die Versandkosten nach Deutschland, Tschechien und anderen L\u00e4ndern. Wir liefern auch an deutsche Packstationen.","breadcrumb":{"@id":"https:\/\/whisky4you.net\/de\/versandbedingungen\/#breadcrumb"},"inLanguage":"de","potentialAction":[{"@type":"ReadAction","target":["https:\/\/whisky4you.net\/de\/versandbedingungen\/"]}]},{"@type":"BreadcrumbList","@id":"https:\/\/whisky4you.net\/de\/versandbedingungen\/#breadcrumb","itemListElement":[{"@type":"ListItem","position":1,"name":"Home","item":"https:\/\/whisky4you.net\/"},{"@type":"ListItem","position":2,"name":"Versandbedingungen"}]},{"@type":"WebSite","@id":"https:\/\/whisky4you.net\/de\/#website","url":"https:\/\/whisky4you.net\/de\/","name":"Whisky4you","description":"Dedicated to Whisky interest and Whisky lovers","publisher":{"@id":"https:\/\/whisky4you.net\/de\/#organization"},"potentialAction":[{"@type":"SearchAction","target":{"@type":"EntryPoint","urlTemplate":"https:\/\/whisky4you.net\/de\/?s={search_term_string}"},"query-input":{"@type":"PropertyValueSpecification","valueRequired":true,"valueName":"search_term_string"}}],"inLanguage":"de"},{"@type":"Organization","@id":"https:\/\/whisky4you.net\/de\/#organization","name":"Whisky4you","url":"https:\/\/whisky4you.net\/de\/","logo":{"@type":"ImageObject","inLanguage":"de","@id":"https:\/\/whisky4you.net\/de\/#\/schema\/logo\/image\/","url":"https:\/\/whisky4you.net\/wp-content\/uploads\/2020\/12\/cropped-cropped-cropped-cropped-logo-head.png","contentUrl":"https:\/\/whisky4you.net\/wp-content\/uploads\/2020\/12\/cropped-cropped-cropped-cropped-logo-head.png","width":250,"height":81,"caption":"Whisky4you"},"image":{"@id":"https:\/\/whisky4you.net\/de\/#\/schema\/logo\/image\/"},"sameAs":["https:\/\/www.facebook.com\/Whisky4you.net","https:\/\/www.linkedin.com\/company\/whisky4you\/?viewAsMember=true"]}]}},"jetpack_sharing_enabled":true,"_links":{"self":[{"href":"https:\/\/whisky4you.net\/de\/wp-json\/wp\/v2\/pages\/16517","targetHints":{"allow":["GET"]}}],"collection":[{"href":"https:\/\/whisky4you.net\/de\/wp-json\/wp\/v2\/pages"}],"about":[{"href":"https:\/\/whisky4you.net\/de\/wp-json\/wp\/v2\/types\/page"}],"author":[{"embeddable":true,"href":"https:\/\/whisky4you.net\/de\/wp-json\/wp\/v2\/users\/2"}],"replies":[{"embeddable":true,"href":"https:\/\/whisky4you.net\/de\/wp-json\/wp\/v2\/comments?post=16517"}],"version-history":[{"count":0,"href":"https:\/\/whisky4you.net\/de\/wp-json\/wp\/v2\/pages\/16517\/revisions"}],"wp:attachment":[{"href":"https:\/\/whisky4you.net\/de\/wp-json\/wp\/v2\/media?parent=16517"}],"curies":[{"name":"wp","href":"https:\/\/api.w.org\/{rel}","templated":true}]}}