{"id":16391,"date":"2020-08-11T15:40:01","date_gmt":"2020-08-11T14:40:01","guid":{"rendered":"https:\/\/whisky4you.net\/product\/unser-aroma-package\/"},"modified":"2025-04-24T18:36:57","modified_gmt":"2025-04-24T17:36:57","slug":"das-aroma-package","status":"publish","type":"product","link":"https:\/\/whisky4you.net\/de\/produkt\/das-aroma-package\/","title":{"rendered":"Das Aroma Package"},"content":{"rendered":"<h3><strong><span style=\"color: #000000;\">Das Aroma Package &#8211; vervollst\u00e4ndigen Sie Ihre Whisky Bar mit 4 verschiedenen Geschmackskategorien<\/span><\/strong><\/h3>\n<p><span style=\"color: #000000;\">Das Aroma Package besteht aus 4 hochwertigen Scotch Single Malts aus unterschiedlichen Geschmackskategorien &#8211; jeder einzelne eine Inspiration! Egal, ob Sie morgen Lust auf einen reichhaltig-s\u00fc\u00dfen, einen w\u00fcrzig-eichigen, einen komplex-maritimen oder einen ausdrucksstark-rauchigen Scotch haben &#8211; hier ist einer f\u00fcr jeden Geschmack! Die perfekte Ausr\u00fcstung, um jeden Gast nach seinen W\u00fcnschen zu bedienen oder neue Aromen selbst auszuprobieren. <\/span> <span style=\"color: #000000;\">Und das beinhaltet das Package:<\/span><\/p>\n<h3><span style=\"color: #000000;\">&#8222;Glen Dronach 15 Jahre Revival&#8220;<\/span><\/h3>\n<p><span style=\"color: #000000;\">Der Glen Dronach 15 Jahre Revival repr\u00e4sentiert unsere reichhaltig-s\u00fc\u00dfe Kategorie, mit Aromen von Maraschino-Kirschen, reifen Brombeeren und dunkler Schokoladenminze in der Nase. Am Gaumen entwickelt er eine tiefe Komplexit\u00e4t mit Noten von Orangenbitter, Walnusslik\u00f6r, honigglasiertem Steinobst und schwarzen Kirschen in Muscovado-Zucker. Der intensive Abgang erinnert noch lange an Manuka-Honig, Kr\u00e4uterbitter und dunkle Schokolade. <\/span> <span style=\"color: #000000;\">Der schottische Brennereicharakter von Glendronach, verheiratet mit spanischen Sherry-Aromen, hat hier einen wunderbaren Single Malt hervorgebracht, der perfekt f\u00fcr einen kalten Winterabend oder als Dessert geeignet ist.<\/span><\/p>\n<h3><span style=\"color: #000000;\">&#8222;Scapa Distillery Label 2005&#8220;<\/span><\/h3>\n<p><span style=\"color: #000000;\">Mit seinen 13 Jahren ist der Scapa Distillery Label 2005 einer der wenigen Scapa Single Malts mit Altersangabe. Ein frischer, leichter Whisky mit zarten Noten von saftigen gr\u00fcnen \u00c4pfeln, Zitronen und frisch gem\u00e4hter Wiese. In 1st Fill Ex-Bourbon-F\u00e4ssern gereift, entwickelt er auf der Zunge w\u00fcrzige Noten von Kr\u00e4utern und Eichenholz, die mit k\u00f6stlichen Honigaromen abgerundet werden.<\/span><\/p>\n<h3><span style=\"color: #000000;\">&#8222;Talisker Distiller\u00b4s Edition&#8220;<\/span><\/h3>\n<p><span style=\"color: #000000;\">Schon wenn man sich die Verpackung der Talisker Distiller\u00b4s Edition ansieht, besteht kein Zweifel an der Kategorie &#8211; dies ist ein gro\u00dfartiger maritimer Single Malt, typisch f\u00fcr die Talisker Destillerie von der Isle of Skye. Er kommt jedes Jahr in der aktuellen Jahres Edition auf den Markt. Auf den frischen, pfefferigen und w\u00fcrzigen Geschmack folgen fruchtige Noten von roten Beeren, hinter denen die W\u00fcrze der Eichenf\u00e4sser durchscheint, umgeben von s\u00fc\u00dfem Rauch und der ber\u00fchmten Talisker-Meeresbrise. Erinnern Sie sich an eine Nacht mit Lagerfeuer am Strand &#8230;<\/span><\/p>\n<h3><span style=\"color: #000000;\">&#8222;Old Ballantruan 10 Jahre&#8220;<\/span><\/h3>\n<p><span style=\"color: #000000;\">Ungew\u00f6hnlich f\u00fcr einen Speyside Whisky ist dieser der wild-rauchige. Der Old Ballantruan 10 Jahre hat eine torfige Rauchigkeit, die mit einem s\u00fc\u00df-cremigem, malzigem R\u00fcckgrat ausgestattet ist. Fruchtige S\u00fc\u00dfe am Anfang mit einem Hauch von Vanillenoten, durch die feine Holzt\u00f6ne durchscheinen. Eine Prise schwarzer Pfeffer, dunkles Karamell und ein feines Grapefruit-Aroma enden in einem langen, w\u00e4rmenden Abgang.<\/span> <strong><span style=\"color: #000000;\">Holen Sie sich jetzt das Aroma Package zum Sonderpreis!<\/span><\/strong> <span style=\"color: #000000;\">(Solange verf\u00fcgbar.\u00a0<\/span><span style=\"color: #000000;\">Weitere Details auf den Seiten der einzelnen Flaschen hier im Shop.)<\/span><\/p>\n<p><span style=\"color: #000000;\">Schauen Sie sich auch unsere Verkostungsvideos an und genie\u00dfen Sie die Hintergrundartikel in unserem Blog <a href=\"https:\/\/whisky4you.net\/de\/alles-ueber-whisky\/\" target=\"_blank\" rel=\"noopener noreferrer\">&#8222;<strong>Alles \u00fcber Whisky<\/strong>&#8222;<\/a>.<\/span><\/p>\n","protected":false},"excerpt":{"rendered":"<h3><span style=\"color: #000000;\">&#8222;Glen Dronach 15 Jahre Revival&#8220;<\/span><\/h3>\n<p><span style=\"color: #000000;\">Repr\u00e4sentiert unsere reichhaltig-s\u00fc\u00dfe Kategorie<\/span> <span style=\"color: #000000;\">Ansatz von Maraschino-Kirschen, reifen Brombeeren und dunkler Schokoladenminze in der Nase<\/span> <span style=\"color: #000000;\">Am Gaumen Aromen von Orangenbitter, Walnusslik\u00f6r, honigglasierten Steinobst und schwarzen Kirschen<\/span><\/p>\n<h3><span style=\"color: #000000;\">&#8222;Aberfeldy 16 Jahre Single Malt&#8220;<\/span><\/h3>\n<p>Ein hervorragender, nicht getorfter Speyside Scotch, milder und s\u00fc\u00dfer Start mit unvergleichlichen Honignoten, einer ausgewogenen Aromamischung aus Rosinen, Karamell und Zimt, entwickelt sich zu einer Vorstellung von gr\u00fcnen \u00c4pfeln und saftigen Orangen mit dunkler Schokolade im Abgang. Der Whisky mit Spuren von echtem Gold!<\/p>\n<h3><span style=\"color: #000000;\">&#8222;Talisker Distiller\u00b4s Edition&#8220;<\/span><\/h3>\n<p><span style=\"color: #000000;\">geh\u00f6rt zu der komplex-maritimen Kategorie<\/span> <span style=\"color: #000000;\">auf den frischen, pfefferigen und w\u00fcrzigen Geschmack folgen fruchtige Noten von roten Beeren und die W\u00fcrze der Eichenf\u00e4sser<\/span> <span style=\"color: #000000;\">umgeben von s\u00fc\u00dfem Rauch und der ber\u00fchmten Talisker Meeresbrise<\/span><\/p>\n<h3><span style=\"color: #000000;\">&#8222;Old Ballantruan 10 Jahre&#8220;<\/span><\/h3>\n<p><span style=\"color: #000000;\">die wild-rauchige Kategorie<\/span> <span style=\"color: #000000;\">in der Nase torfige Rauchigkeit, ausgestattet mit einem s\u00fc\u00df-cremigem, malzigem R\u00fcckgrat<\/span> <span style=\"color: #000000;\">fruchtige S\u00fc\u00dfe mit einem Hauch von Vanille Noten, einer Prise schwarzem Pfeffer, dunklem Karamell und einem feinen Grapefruit-Aroma<\/span><\/p>\n","protected":false},"featured_media":18155,"comment_status":"open","ping_status":"closed","template":"","meta":[],"product_brand":[],"product_cat":[941,944,942,940,943],"product_tag":[765,790,794,836,796,808,819,818,824,827,812,832,847],"class_list":{"0":"post-16391","1":"product","2":"type-product","3":"status-publish","4":"has-post-thumbnail","6":"product_cat-highlands-de","7":"product_cat-islands-de","8":"product_cat-islay-de","9":"product_cat-scotch-de","10":"product_cat-speyside-de","11":"product_tag-10-jahre","12":"product_tag-chilli-catch-de","13":"product_tag-ex-bourbon-fasser","14":"product_tag-flavor-package","15":"product_tag-glendronach-de","16":"product_tag-old-ballantruan-de","17":"product_tag-schottland-de","18":"product_tag-scotch-de","19":"product_tag-single-malt-de","20":"product_tag-talisker-de","21":"product_tag-torfrauch","22":"product_tag-whisky-de","23":"product_tag-whisky-geschmack","24":"pa_bottled-at-abgefullt-durch-hersteller","25":"pa_distillery-glendronach-de","26":"pa_distillery-old-ballantruan-de","27":"pa_distillery-scapa-de","28":"pa_distillery-talisker-de","29":"pa_product-net-content-280-cl-de","30":"pa_scotland-highlands-de","31":"pa_scotland-islands-de","32":"pa_scotland-speyside-de","33":"pa_whisky-type-single-malt-de","34":"no-featured-image-padding","35":"sales-flash-overlay","36":"woocommerce-text-align-center","37":"woocommerce-image-align-center","38":"do-quantity-buttons","39":"wc-has-gallery","41":"first","42":"outofstock","43":"featured","44":"taxable","45":"shipping-taxable","46":"purchasable","47":"product-type-simple"},"yoast_head":"<!-- This site is optimized with the Yoast SEO plugin v27.0 - https:\/\/yoast.com\/product\/yoast-seo-wordpress\/ -->\n<title>Das Aroma Package - eine f\u00fcr jeden Geschmack - jetzt kaufen bei Whisky4you<\/title>\n<meta name=\"description\" content=\"Unser Aroma Package: ein reichhaltig-s\u00fc\u00dfer, ein w\u00fcrzig-eichenlastiger, ein komplex-maritimer und ein ausdrucksstark-rauchiger Whisky - 4 hochwertige Single Malts.\" \/>\n<meta name=\"robots\" content=\"index, follow, max-snippet:-1, max-image-preview:large, max-video-preview:-1\" \/>\n<link rel=\"canonical\" href=\"https:\/\/whisky4you.net\/produkt\/the-flavors-package\/\" \/>\n<meta property=\"og:locale\" content=\"de_DE\" \/>\n<meta property=\"og:type\" content=\"article\" \/>\n<meta property=\"og:title\" content=\"Das Aroma Package - eine f\u00fcr jeden Geschmack - jetzt kaufen bei Whisky4you\" \/>\n<meta property=\"og:description\" content=\"Unser Aroma Package: ein reichhaltig-s\u00fc\u00dfer, ein w\u00fcrzig-eichenlastiger, ein komplex-maritimer und ein ausdrucksstark-rauchiger Whisky - 4 hochwertige Single Malts.\" \/>\n<meta property=\"og:url\" content=\"https:\/\/whisky4you.net\/produkt\/the-flavors-package\/\" \/>\n<meta property=\"og:site_name\" content=\"Whisky4you\" \/>\n<meta property=\"article:publisher\" content=\"https:\/\/www.facebook.com\/Whisky4you.net\" \/>\n<meta property=\"article:modified_time\" content=\"2025-04-24T17:36:57+00:00\" \/>\n<meta property=\"og:image\" content=\"https:\/\/whisky4you.net\/wp-content\/uploads\/2020\/08\/Flavor-Package-2020K_shop.jpg\" \/>\n\t<meta property=\"og:image:width\" content=\"818\" \/>\n\t<meta property=\"og:image:height\" content=\"818\" \/>\n\t<meta property=\"og:image:type\" content=\"image\/jpeg\" \/>\n<meta name=\"twitter:card\" content=\"summary_large_image\" \/>\n<meta name=\"twitter:label1\" content=\"Gesch\u00e4tzte Lesezeit\" \/>\n\t<meta name=\"twitter:data1\" content=\"2\u00a0Minuten\" \/>\n<script type=\"application\/ld+json\" class=\"yoast-schema-graph\">{\"@context\":\"https:\/\/schema.org\",\"@graph\":[{\"@type\":\"WebPage\",\"@id\":\"https:\/\/whisky4you.net\/produkt\/the-flavors-package\/\",\"url\":\"https:\/\/whisky4you.net\/produkt\/the-flavors-package\/\",\"name\":\"Das Aroma Package - eine f\u00fcr jeden Geschmack - jetzt kaufen bei Whisky4you\",\"isPartOf\":{\"@id\":\"https:\/\/whisky4you.net\/de\/#website\"},\"primaryImageOfPage\":{\"@id\":\"https:\/\/whisky4you.net\/produkt\/the-flavors-package\/#primaryimage\"},\"image\":{\"@id\":\"https:\/\/whisky4you.net\/produkt\/the-flavors-package\/#primaryimage\"},\"thumbnailUrl\":\"https:\/\/whisky4you.net\/wp-content\/uploads\/2020\/08\/Flavor-Package-2020K_shop.jpg\",\"datePublished\":\"2020-08-11T14:40:01+00:00\",\"dateModified\":\"2025-04-24T17:36:57+00:00\",\"description\":\"Unser Aroma Package: ein reichhaltig-s\u00fc\u00dfer, ein w\u00fcrzig-eichenlastiger, ein komplex-maritimer und ein ausdrucksstark-rauchiger Whisky - 4 hochwertige Single Malts.\",\"breadcrumb\":{\"@id\":\"https:\/\/whisky4you.net\/produkt\/the-flavors-package\/#breadcrumb\"},\"inLanguage\":\"de\",\"potentialAction\":[{\"@type\":\"ReadAction\",\"target\":[\"https:\/\/whisky4you.net\/produkt\/the-flavors-package\/\"]}]},{\"@type\":\"ImageObject\",\"inLanguage\":\"de\",\"@id\":\"https:\/\/whisky4you.net\/produkt\/the-flavors-package\/#primaryimage\",\"url\":\"https:\/\/whisky4you.net\/wp-content\/uploads\/2020\/08\/Flavor-Package-2020K_shop.jpg\",\"contentUrl\":\"https:\/\/whisky4you.net\/wp-content\/uploads\/2020\/08\/Flavor-Package-2020K_shop.jpg\",\"width\":818,\"height\":818,\"caption\":\"Scotch Aroma Package - hochwertige Single Malts verschiedener Geschmackskategorien\"},{\"@type\":\"BreadcrumbList\",\"@id\":\"https:\/\/whisky4you.net\/produkt\/the-flavors-package\/#breadcrumb\",\"itemListElement\":[{\"@type\":\"ListItem\",\"position\":1,\"name\":\"Home\",\"item\":\"https:\/\/whisky4you.net\/\"},{\"@type\":\"ListItem\",\"position\":2,\"name\":\"Online Shop\",\"item\":\"https:\/\/whisky4you.net\/de\/online-shop\/\"},{\"@type\":\"ListItem\",\"position\":3,\"name\":\"Das Aroma Package\"}]},{\"@type\":\"WebSite\",\"@id\":\"https:\/\/whisky4you.net\/de\/#website\",\"url\":\"https:\/\/whisky4you.net\/de\/\",\"name\":\"Whisky4you\",\"description\":\"Dedicated to Whisky interest and Whisky lovers\",\"publisher\":{\"@id\":\"https:\/\/whisky4you.net\/de\/#organization\"},\"potentialAction\":[{\"@type\":\"SearchAction\",\"target\":{\"@type\":\"EntryPoint\",\"urlTemplate\":\"https:\/\/whisky4you.net\/de\/?s={search_term_string}\"},\"query-input\":{\"@type\":\"PropertyValueSpecification\",\"valueRequired\":true,\"valueName\":\"search_term_string\"}}],\"inLanguage\":\"de\"},{\"@type\":\"Organization\",\"@id\":\"https:\/\/whisky4you.net\/de\/#organization\",\"name\":\"Whisky4you\",\"url\":\"https:\/\/whisky4you.net\/de\/\",\"logo\":{\"@type\":\"ImageObject\",\"inLanguage\":\"de\",\"@id\":\"https:\/\/whisky4you.net\/de\/#\/schema\/logo\/image\/\",\"url\":\"https:\/\/whisky4you.net\/wp-content\/uploads\/2020\/12\/cropped-cropped-cropped-cropped-logo-head.png\",\"contentUrl\":\"https:\/\/whisky4you.net\/wp-content\/uploads\/2020\/12\/cropped-cropped-cropped-cropped-logo-head.png\",\"width\":250,\"height\":81,\"caption\":\"Whisky4you\"},\"image\":{\"@id\":\"https:\/\/whisky4you.net\/de\/#\/schema\/logo\/image\/\"},\"sameAs\":[\"https:\/\/www.facebook.com\/Whisky4you.net\",\"https:\/\/www.linkedin.com\/company\/whisky4you\/?viewAsMember=true\"]}]}<\/script>\n<!-- \/ Yoast SEO plugin. -->","yoast_head_json":{"title":"Das Aroma Package - eine f\u00fcr jeden Geschmack - jetzt kaufen bei Whisky4you","description":"Unser Aroma Package: ein reichhaltig-s\u00fc\u00dfer, ein w\u00fcrzig-eichenlastiger, ein komplex-maritimer und ein ausdrucksstark-rauchiger Whisky - 4 hochwertige Single Malts.","robots":{"index":"index","follow":"follow","max-snippet":"max-snippet:-1","max-image-preview":"max-image-preview:large","max-video-preview":"max-video-preview:-1"},"canonical":"https:\/\/whisky4you.net\/produkt\/the-flavors-package\/","og_locale":"de_DE","og_type":"article","og_title":"Das Aroma Package - eine f\u00fcr jeden Geschmack - jetzt kaufen bei Whisky4you","og_description":"Unser Aroma Package: ein reichhaltig-s\u00fc\u00dfer, ein w\u00fcrzig-eichenlastiger, ein komplex-maritimer und ein ausdrucksstark-rauchiger Whisky - 4 hochwertige Single Malts.","og_url":"https:\/\/whisky4you.net\/produkt\/the-flavors-package\/","og_site_name":"Whisky4you","article_publisher":"https:\/\/www.facebook.com\/Whisky4you.net","article_modified_time":"2025-04-24T17:36:57+00:00","og_image":[{"width":818,"height":818,"url":"https:\/\/whisky4you.net\/wp-content\/uploads\/2020\/08\/Flavor-Package-2020K_shop.jpg","type":"image\/jpeg"}],"twitter_card":"summary_large_image","twitter_misc":{"Gesch\u00e4tzte Lesezeit":"2\u00a0Minuten"},"schema":{"@context":"https:\/\/schema.org","@graph":[{"@type":"WebPage","@id":"https:\/\/whisky4you.net\/produkt\/the-flavors-package\/","url":"https:\/\/whisky4you.net\/produkt\/the-flavors-package\/","name":"Das Aroma Package - eine f\u00fcr jeden Geschmack - jetzt kaufen bei Whisky4you","isPartOf":{"@id":"https:\/\/whisky4you.net\/de\/#website"},"primaryImageOfPage":{"@id":"https:\/\/whisky4you.net\/produkt\/the-flavors-package\/#primaryimage"},"image":{"@id":"https:\/\/whisky4you.net\/produkt\/the-flavors-package\/#primaryimage"},"thumbnailUrl":"https:\/\/whisky4you.net\/wp-content\/uploads\/2020\/08\/Flavor-Package-2020K_shop.jpg","datePublished":"2020-08-11T14:40:01+00:00","dateModified":"2025-04-24T17:36:57+00:00","description":"Unser Aroma Package: ein reichhaltig-s\u00fc\u00dfer, ein w\u00fcrzig-eichenlastiger, ein komplex-maritimer und ein ausdrucksstark-rauchiger Whisky - 4 hochwertige Single Malts.","breadcrumb":{"@id":"https:\/\/whisky4you.net\/produkt\/the-flavors-package\/#breadcrumb"},"inLanguage":"de","potentialAction":[{"@type":"ReadAction","target":["https:\/\/whisky4you.net\/produkt\/the-flavors-package\/"]}]},{"@type":"ImageObject","inLanguage":"de","@id":"https:\/\/whisky4you.net\/produkt\/the-flavors-package\/#primaryimage","url":"https:\/\/whisky4you.net\/wp-content\/uploads\/2020\/08\/Flavor-Package-2020K_shop.jpg","contentUrl":"https:\/\/whisky4you.net\/wp-content\/uploads\/2020\/08\/Flavor-Package-2020K_shop.jpg","width":818,"height":818,"caption":"Scotch Aroma Package - hochwertige Single Malts verschiedener Geschmackskategorien"},{"@type":"BreadcrumbList","@id":"https:\/\/whisky4you.net\/produkt\/the-flavors-package\/#breadcrumb","itemListElement":[{"@type":"ListItem","position":1,"name":"Home","item":"https:\/\/whisky4you.net\/"},{"@type":"ListItem","position":2,"name":"Online Shop","item":"https:\/\/whisky4you.net\/de\/online-shop\/"},{"@type":"ListItem","position":3,"name":"Das Aroma Package"}]},{"@type":"WebSite","@id":"https:\/\/whisky4you.net\/de\/#website","url":"https:\/\/whisky4you.net\/de\/","name":"Whisky4you","description":"Dedicated to Whisky interest and Whisky lovers","publisher":{"@id":"https:\/\/whisky4you.net\/de\/#organization"},"potentialAction":[{"@type":"SearchAction","target":{"@type":"EntryPoint","urlTemplate":"https:\/\/whisky4you.net\/de\/?s={search_term_string}"},"query-input":{"@type":"PropertyValueSpecification","valueRequired":true,"valueName":"search_term_string"}}],"inLanguage":"de"},{"@type":"Organization","@id":"https:\/\/whisky4you.net\/de\/#organization","name":"Whisky4you","url":"https:\/\/whisky4you.net\/de\/","logo":{"@type":"ImageObject","inLanguage":"de","@id":"https:\/\/whisky4you.net\/de\/#\/schema\/logo\/image\/","url":"https:\/\/whisky4you.net\/wp-content\/uploads\/2020\/12\/cropped-cropped-cropped-cropped-logo-head.png","contentUrl":"https:\/\/whisky4you.net\/wp-content\/uploads\/2020\/12\/cropped-cropped-cropped-cropped-logo-head.png","width":250,"height":81,"caption":"Whisky4you"},"image":{"@id":"https:\/\/whisky4you.net\/de\/#\/schema\/logo\/image\/"},"sameAs":["https:\/\/www.facebook.com\/Whisky4you.net","https:\/\/www.linkedin.com\/company\/whisky4you\/?viewAsMember=true"]}]}},"jetpack_sharing_enabled":true,"_links":{"self":[{"href":"https:\/\/whisky4you.net\/de\/wp-json\/wp\/v2\/product\/16391","targetHints":{"allow":["GET"]}}],"collection":[{"href":"https:\/\/whisky4you.net\/de\/wp-json\/wp\/v2\/product"}],"about":[{"href":"https:\/\/whisky4you.net\/de\/wp-json\/wp\/v2\/types\/product"}],"replies":[{"embeddable":true,"href":"https:\/\/whisky4you.net\/de\/wp-json\/wp\/v2\/comments?post=16391"}],"version-history":[{"count":0,"href":"https:\/\/whisky4you.net\/de\/wp-json\/wp\/v2\/product\/16391\/revisions"}],"wp:featuredmedia":[{"embeddable":true,"href":"https:\/\/whisky4you.net\/de\/wp-json\/wp\/v2\/media\/18155"}],"wp:attachment":[{"href":"https:\/\/whisky4you.net\/de\/wp-json\/wp\/v2\/media?parent=16391"}],"wp:term":[{"taxonomy":"product_brand","embeddable":true,"href":"https:\/\/whisky4you.net\/de\/wp-json\/wp\/v2\/product_brand?post=16391"},{"taxonomy":"product_cat","embeddable":true,"href":"https:\/\/whisky4you.net\/de\/wp-json\/wp\/v2\/product_cat?post=16391"},{"taxonomy":"product_tag","embeddable":true,"href":"https:\/\/whisky4you.net\/de\/wp-json\/wp\/v2\/product_tag?post=16391"}],"curies":[{"name":"wp","href":"https:\/\/api.w.org\/{rel}","templated":true}]}}