{"id":16434,"date":"2020-08-11T13:59:52","date_gmt":"2020-08-11T12:59:52","guid":{"rendered":"https:\/\/whisky4you.net\/product\/whisky-pipette\/"},"modified":"2024-09-09T19:39:42","modified_gmt":"2024-09-09T18:39:42","slug":"whisky-pipette","status":"publish","type":"product","link":"https:\/\/whisky4you.net\/de\/produkt\/whisky-pipette\/","title":{"rendered":"Whisky Pipette"},"content":{"rendered":"<h3><strong>Handgefertigte Whisky Pipette aus Schottland<\/strong><\/h3>\n<p>Diese handgefertigte Whisky Pipette ist das ideale Accessoire f\u00fcr alle die ihren Whisky gern mit ein paar Tropfen frischen Quellwassers genie\u00dfen.<br \/>\nDie mundgeblasene Glas Pipette erm\u00f6glicht eine feine Dosierung des Wassers und sieht dabei noch \u00e4u\u00dferst edel aus &#8211; So kann man Tropfen f\u00fcr Tropfen Wasser zum Whisky geben bis der perfekte Geschmack erreicht ist<br \/>\nAm oberen Ende ist die Pipette mit einer whiskyfarbenen Kugel aus Glas verziert.<\/p>\n<ul>\n<li>L\u00e4nge: ca. 140 mm<\/li>\n<li>Material: Kristallglas<\/li>\n<li>Handgefertigt in Schottland<\/li>\n<li>Die Lieferung erfolgt in einer h\u00fcbschen Geschenkbox<\/li>\n<\/ul>\n","protected":false},"excerpt":{"rendered":"<ul>\n<li>Handgefertigt in Schottland<\/li>\n<li>Feindosierung von frischem Quellwasser<\/li>\n<li>Material: Kristallglas<\/li>\n<li>L\u00e4nge: ca 140 mm<\/li>\n<li>Lieferung sch\u00f6ner Geschenkbox<\/li>\n<\/ul>\n","protected":false},"featured_media":16435,"comment_status":"open","ping_status":"closed","template":"","meta":[],"product_brand":[],"product_cat":[991],"product_tag":[837,842,818,824,845,832],"class_list":{"0":"post-16434","1":"product","2":"type-product","3":"status-publish","4":"has-post-thumbnail","6":"product_cat-zubehoer-geschenke","7":"product_tag-geschenk","8":"product_tag-pipette-de","9":"product_tag-scotch-de","10":"product_tag-single-malt-de","11":"product_tag-wasserpipette","12":"product_tag-whisky-de","13":"no-featured-image-padding","14":"sales-flash-overlay","15":"woocommerce-text-align-center","16":"woocommerce-image-align-center","17":"do-quantity-buttons","18":"wc-has-gallery","20":"first","21":"instock","22":"featured","23":"taxable","24":"shipping-taxable","25":"purchasable","26":"product-type-simple"},"yoast_head":"<!-- This site is optimized with the Yoast SEO plugin v27.0 - https:\/\/yoast.com\/product\/yoast-seo-wordpress\/ -->\n<title>Whisky Pipette - perfekte Wasserdosierung von Whisky4you<\/title>\n<meta name=\"description\" content=\"In Schottland handgefertigte Whisky Pipette zur feinen Dosierung von frischem Quellwasser, verhindert \u00dcberdosierung, sch\u00f6nes Design, inkl. Geschenkbox.\" \/>\n<meta name=\"robots\" content=\"index, follow, max-snippet:-1, max-image-preview:large, max-video-preview:-1\" \/>\n<link rel=\"canonical\" href=\"https:\/\/whisky4you.net\/de\/produkt\/whisky-pipette\/\" \/>\n<meta property=\"og:locale\" content=\"de_DE\" \/>\n<meta property=\"og:type\" content=\"article\" \/>\n<meta property=\"og:title\" content=\"Whisky Pipette - perfekte Wasserdosierung von Whisky4you\" \/>\n<meta property=\"og:description\" content=\"In Schottland handgefertigte Whisky Pipette zur feinen Dosierung von frischem Quellwasser, verhindert \u00dcberdosierung, sch\u00f6nes Design, inkl. Geschenkbox.\" \/>\n<meta property=\"og:url\" content=\"https:\/\/whisky4you.net\/de\/produkt\/whisky-pipette\/\" \/>\n<meta property=\"og:site_name\" content=\"Whisky4you\" \/>\n<meta property=\"article:publisher\" content=\"https:\/\/www.facebook.com\/Whisky4you.net\" \/>\n<meta property=\"article:modified_time\" content=\"2024-09-09T18:39:42+00:00\" \/>\n<meta property=\"og:image\" content=\"https:\/\/i0.wp.com\/whisky4you.net\/wp-content\/uploads\/2020\/08\/Pipette2.jpg?fit=940%2C938&ssl=1\" \/>\n\t<meta property=\"og:image:width\" content=\"940\" \/>\n\t<meta property=\"og:image:height\" content=\"938\" \/>\n\t<meta property=\"og:image:type\" content=\"image\/jpeg\" \/>\n<meta name=\"twitter:card\" content=\"summary_large_image\" \/>\n<script type=\"application\/ld+json\" class=\"yoast-schema-graph\">{\"@context\":\"https:\/\/schema.org\",\"@graph\":[{\"@type\":\"WebPage\",\"@id\":\"https:\/\/whisky4you.net\/de\/produkt\/whisky-pipette\/\",\"url\":\"https:\/\/whisky4you.net\/de\/produkt\/whisky-pipette\/\",\"name\":\"Whisky Pipette - perfekte Wasserdosierung von Whisky4you\",\"isPartOf\":{\"@id\":\"https:\/\/whisky4you.net\/de\/#website\"},\"primaryImageOfPage\":{\"@id\":\"https:\/\/whisky4you.net\/de\/produkt\/whisky-pipette\/#primaryimage\"},\"image\":{\"@id\":\"https:\/\/whisky4you.net\/de\/produkt\/whisky-pipette\/#primaryimage\"},\"thumbnailUrl\":\"https:\/\/whisky4you.net\/wp-content\/uploads\/2020\/08\/Pipette2.jpg\",\"datePublished\":\"2020-08-11T12:59:52+00:00\",\"dateModified\":\"2024-09-09T18:39:42+00:00\",\"description\":\"In Schottland handgefertigte Whisky Pipette zur feinen Dosierung von frischem Quellwasser, verhindert \u00dcberdosierung, sch\u00f6nes Design, inkl. Geschenkbox.\",\"breadcrumb\":{\"@id\":\"https:\/\/whisky4you.net\/de\/produkt\/whisky-pipette\/#breadcrumb\"},\"inLanguage\":\"de\",\"potentialAction\":[{\"@type\":\"ReadAction\",\"target\":[\"https:\/\/whisky4you.net\/de\/produkt\/whisky-pipette\/\"]}]},{\"@type\":\"ImageObject\",\"inLanguage\":\"de\",\"@id\":\"https:\/\/whisky4you.net\/de\/produkt\/whisky-pipette\/#primaryimage\",\"url\":\"https:\/\/whisky4you.net\/wp-content\/uploads\/2020\/08\/Pipette2.jpg\",\"contentUrl\":\"https:\/\/whisky4you.net\/wp-content\/uploads\/2020\/08\/Pipette2.jpg\",\"width\":940,\"height\":938,\"caption\":\"Kristallglaspipette f\u00fcr die feine Dosierung von Wasser zum Whisky, handgefertigt in Schottland\"},{\"@type\":\"BreadcrumbList\",\"@id\":\"https:\/\/whisky4you.net\/de\/produkt\/whisky-pipette\/#breadcrumb\",\"itemListElement\":[{\"@type\":\"ListItem\",\"position\":1,\"name\":\"Home\",\"item\":\"https:\/\/whisky4you.net\/\"},{\"@type\":\"ListItem\",\"position\":2,\"name\":\"Online Shop\",\"item\":\"https:\/\/whisky4you.net\/de\/online-shop\/\"},{\"@type\":\"ListItem\",\"position\":3,\"name\":\"Whisky Pipette\"}]},{\"@type\":\"WebSite\",\"@id\":\"https:\/\/whisky4you.net\/de\/#website\",\"url\":\"https:\/\/whisky4you.net\/de\/\",\"name\":\"Whisky4you\",\"description\":\"Dedicated to Whisky interest and Whisky lovers\",\"publisher\":{\"@id\":\"https:\/\/whisky4you.net\/de\/#organization\"},\"potentialAction\":[{\"@type\":\"SearchAction\",\"target\":{\"@type\":\"EntryPoint\",\"urlTemplate\":\"https:\/\/whisky4you.net\/de\/?s={search_term_string}\"},\"query-input\":{\"@type\":\"PropertyValueSpecification\",\"valueRequired\":true,\"valueName\":\"search_term_string\"}}],\"inLanguage\":\"de\"},{\"@type\":\"Organization\",\"@id\":\"https:\/\/whisky4you.net\/de\/#organization\",\"name\":\"Whisky4you\",\"url\":\"https:\/\/whisky4you.net\/de\/\",\"logo\":{\"@type\":\"ImageObject\",\"inLanguage\":\"de\",\"@id\":\"https:\/\/whisky4you.net\/de\/#\/schema\/logo\/image\/\",\"url\":\"https:\/\/whisky4you.net\/wp-content\/uploads\/2020\/12\/cropped-cropped-cropped-cropped-logo-head.png\",\"contentUrl\":\"https:\/\/whisky4you.net\/wp-content\/uploads\/2020\/12\/cropped-cropped-cropped-cropped-logo-head.png\",\"width\":250,\"height\":81,\"caption\":\"Whisky4you\"},\"image\":{\"@id\":\"https:\/\/whisky4you.net\/de\/#\/schema\/logo\/image\/\"},\"sameAs\":[\"https:\/\/www.facebook.com\/Whisky4you.net\",\"https:\/\/www.linkedin.com\/company\/whisky4you\/?viewAsMember=true\"]}]}<\/script>\n<!-- \/ Yoast SEO plugin. -->","yoast_head_json":{"title":"Whisky Pipette - perfekte Wasserdosierung von Whisky4you","description":"In Schottland handgefertigte Whisky Pipette zur feinen Dosierung von frischem Quellwasser, verhindert \u00dcberdosierung, sch\u00f6nes Design, inkl. Geschenkbox.","robots":{"index":"index","follow":"follow","max-snippet":"max-snippet:-1","max-image-preview":"max-image-preview:large","max-video-preview":"max-video-preview:-1"},"canonical":"https:\/\/whisky4you.net\/de\/produkt\/whisky-pipette\/","og_locale":"de_DE","og_type":"article","og_title":"Whisky Pipette - perfekte Wasserdosierung von Whisky4you","og_description":"In Schottland handgefertigte Whisky Pipette zur feinen Dosierung von frischem Quellwasser, verhindert \u00dcberdosierung, sch\u00f6nes Design, inkl. Geschenkbox.","og_url":"https:\/\/whisky4you.net\/de\/produkt\/whisky-pipette\/","og_site_name":"Whisky4you","article_publisher":"https:\/\/www.facebook.com\/Whisky4you.net","article_modified_time":"2024-09-09T18:39:42+00:00","og_image":[{"width":940,"height":938,"url":"https:\/\/i0.wp.com\/whisky4you.net\/wp-content\/uploads\/2020\/08\/Pipette2.jpg?fit=940%2C938&ssl=1","type":"image\/jpeg"}],"twitter_card":"summary_large_image","schema":{"@context":"https:\/\/schema.org","@graph":[{"@type":"WebPage","@id":"https:\/\/whisky4you.net\/de\/produkt\/whisky-pipette\/","url":"https:\/\/whisky4you.net\/de\/produkt\/whisky-pipette\/","name":"Whisky Pipette - perfekte Wasserdosierung von Whisky4you","isPartOf":{"@id":"https:\/\/whisky4you.net\/de\/#website"},"primaryImageOfPage":{"@id":"https:\/\/whisky4you.net\/de\/produkt\/whisky-pipette\/#primaryimage"},"image":{"@id":"https:\/\/whisky4you.net\/de\/produkt\/whisky-pipette\/#primaryimage"},"thumbnailUrl":"https:\/\/whisky4you.net\/wp-content\/uploads\/2020\/08\/Pipette2.jpg","datePublished":"2020-08-11T12:59:52+00:00","dateModified":"2024-09-09T18:39:42+00:00","description":"In Schottland handgefertigte Whisky Pipette zur feinen Dosierung von frischem Quellwasser, verhindert \u00dcberdosierung, sch\u00f6nes Design, inkl. Geschenkbox.","breadcrumb":{"@id":"https:\/\/whisky4you.net\/de\/produkt\/whisky-pipette\/#breadcrumb"},"inLanguage":"de","potentialAction":[{"@type":"ReadAction","target":["https:\/\/whisky4you.net\/de\/produkt\/whisky-pipette\/"]}]},{"@type":"ImageObject","inLanguage":"de","@id":"https:\/\/whisky4you.net\/de\/produkt\/whisky-pipette\/#primaryimage","url":"https:\/\/whisky4you.net\/wp-content\/uploads\/2020\/08\/Pipette2.jpg","contentUrl":"https:\/\/whisky4you.net\/wp-content\/uploads\/2020\/08\/Pipette2.jpg","width":940,"height":938,"caption":"Kristallglaspipette f\u00fcr die feine Dosierung von Wasser zum Whisky, handgefertigt in Schottland"},{"@type":"BreadcrumbList","@id":"https:\/\/whisky4you.net\/de\/produkt\/whisky-pipette\/#breadcrumb","itemListElement":[{"@type":"ListItem","position":1,"name":"Home","item":"https:\/\/whisky4you.net\/"},{"@type":"ListItem","position":2,"name":"Online Shop","item":"https:\/\/whisky4you.net\/de\/online-shop\/"},{"@type":"ListItem","position":3,"name":"Whisky Pipette"}]},{"@type":"WebSite","@id":"https:\/\/whisky4you.net\/de\/#website","url":"https:\/\/whisky4you.net\/de\/","name":"Whisky4you","description":"Dedicated to Whisky interest and Whisky lovers","publisher":{"@id":"https:\/\/whisky4you.net\/de\/#organization"},"potentialAction":[{"@type":"SearchAction","target":{"@type":"EntryPoint","urlTemplate":"https:\/\/whisky4you.net\/de\/?s={search_term_string}"},"query-input":{"@type":"PropertyValueSpecification","valueRequired":true,"valueName":"search_term_string"}}],"inLanguage":"de"},{"@type":"Organization","@id":"https:\/\/whisky4you.net\/de\/#organization","name":"Whisky4you","url":"https:\/\/whisky4you.net\/de\/","logo":{"@type":"ImageObject","inLanguage":"de","@id":"https:\/\/whisky4you.net\/de\/#\/schema\/logo\/image\/","url":"https:\/\/whisky4you.net\/wp-content\/uploads\/2020\/12\/cropped-cropped-cropped-cropped-logo-head.png","contentUrl":"https:\/\/whisky4you.net\/wp-content\/uploads\/2020\/12\/cropped-cropped-cropped-cropped-logo-head.png","width":250,"height":81,"caption":"Whisky4you"},"image":{"@id":"https:\/\/whisky4you.net\/de\/#\/schema\/logo\/image\/"},"sameAs":["https:\/\/www.facebook.com\/Whisky4you.net","https:\/\/www.linkedin.com\/company\/whisky4you\/?viewAsMember=true"]}]}},"jetpack_sharing_enabled":true,"_links":{"self":[{"href":"https:\/\/whisky4you.net\/de\/wp-json\/wp\/v2\/product\/16434","targetHints":{"allow":["GET"]}}],"collection":[{"href":"https:\/\/whisky4you.net\/de\/wp-json\/wp\/v2\/product"}],"about":[{"href":"https:\/\/whisky4you.net\/de\/wp-json\/wp\/v2\/types\/product"}],"replies":[{"embeddable":true,"href":"https:\/\/whisky4you.net\/de\/wp-json\/wp\/v2\/comments?post=16434"}],"version-history":[{"count":0,"href":"https:\/\/whisky4you.net\/de\/wp-json\/wp\/v2\/product\/16434\/revisions"}],"wp:featuredmedia":[{"embeddable":true,"href":"https:\/\/whisky4you.net\/de\/wp-json\/wp\/v2\/media\/16435"}],"wp:attachment":[{"href":"https:\/\/whisky4you.net\/de\/wp-json\/wp\/v2\/media?parent=16434"}],"wp:term":[{"taxonomy":"product_brand","embeddable":true,"href":"https:\/\/whisky4you.net\/de\/wp-json\/wp\/v2\/product_brand?post=16434"},{"taxonomy":"product_cat","embeddable":true,"href":"https:\/\/whisky4you.net\/de\/wp-json\/wp\/v2\/product_cat?post=16434"},{"taxonomy":"product_tag","embeddable":true,"href":"https:\/\/whisky4you.net\/de\/wp-json\/wp\/v2\/product_tag?post=16434"}],"curies":[{"name":"wp","href":"https:\/\/api.w.org\/{rel}","templated":true}]}}