{"id":16438,"date":"2020-08-11T11:22:32","date_gmt":"2020-08-11T10:22:32","guid":{"rendered":"https:\/\/whisky4you.net\/product\/16438\/"},"modified":"2025-11-22T14:30:36","modified_gmt":"2025-11-22T13:30:36","slug":"geschenk-paket","status":"publish","type":"product","link":"https:\/\/whisky4you.net\/de\/produkt\/geschenk-paket\/","title":{"rendered":"Geschenk Paket"},"content":{"rendered":"<h3><strong>Versenden Sie ein Geschenk Paket mit pers\u00f6nlicher Nachricht<\/strong><\/h3>\n<p>Senden Sie einen hochwertigen Whisky als sch\u00f6nes Geschenk! Legen Sie dazu dieses Geschenk Paket in Ihren Warenkorb und wir verpacken Ihre Flaschen als Geschenk. Wenn Sie Flaschen mit einem normalen quadratischen Paket w\u00e4hlen, k\u00f6nnen wir 1-2 Flaschen in dieses Geschenk Paket packen. (Wir finden eine spezielle L\u00f6sung f\u00fcr \u00fcbergro\u00dfe oder runde Whisky-Verpackungen.) Nat\u00fcrlich ist dies die innere Verpackung und es gibt zus\u00e4tzlich die sch\u00fctzende Transportverpackung f\u00fcr die Lieferung. Sie k\u00f6nnen Ihrem Geschenk auch einen kurzen pers\u00f6nlichen Text hinzuf\u00fcgen. Schreiben Sie diesen einfach in das Kommentarfeld im Checkout. Zus\u00e4tzlich zur Rechnungsadresse kann an der Kasse eine andere Lieferadresse gew\u00e4hlt werden. Bitte hinterlassen Sie uns einen weiteren Hinweis im Feld &#8222;Bemerkungen&#8220;, wenn Sie m\u00f6chten, dass wir keine Rechnung in das Paket legen. Wir senden Ihnen die Rechnung dann separat per E-Mail zu. <strong>Der Empf\u00e4nger erh\u00e4lt dann von Ihnen einen wundersch\u00f6n verpackten hochwertigen Scotch mit Ihrer pers\u00f6nlichen Nachricht. <\/strong> Ein wertvolles und stilvolles Geschenk, von dem Sie sicher sein k\u00f6nnen, dass es gesch\u00e4tzt wird! Suchen Sie noch die richtige Flasche? &#8211; Im Video \u201e<span style=\"text-decoration: underline;\"><strong><a href=\"https:\/\/youtu.be\/4Qgv9JlgUlo\" target=\"_blank\" rel=\"noopener noreferrer\">Geschenkvorschl\u00e4ge<\/a><\/strong><\/span>&#8220; im Bereich \u201eWhisky f\u00fcr besondere Anl\u00e4sse\u201c im Tasting Room schlagen wir Ihnen eine kleine Auswahl an Whiskies f\u00fcr bestimmte Personen vor. Schlie\u00dflich k\u00f6nnen Sie uns auch gerne Ihren Geschmack oder die Person, die beschenkt werden soll, per E-Mail beschreiben und uns nach Vorschl\u00e4gen fragen.<\/p>\n<p><strong>Bitte beachten Sie: Dieser Artikel selbst enth\u00e4lt keine Waren. Er kann nicht separat gekauft werden, nur in Kombination mit einer Flasche Whisky oder einem Zubeh\u00f6r dieser Website.<\/strong><\/p>\n","protected":false},"excerpt":{"rendered":"<ul>\n<li>stilvolles Paket<\/li>\n<li>hochwertiges Geschenk<\/li>\n<li>mit Ihrer pers\u00f6nlichen Nachricht<\/li>\n<li>an Ihre gew\u00fcnschte Adresse gesendet<\/li>\n<li>Rechnungsversand separat per E-Mail<\/li>\n<\/ul>\n<p>(nur bestellbar zusammen mit Waren aus diesem Shop)<\/p>\n","protected":false},"featured_media":18250,"comment_status":"open","ping_status":"closed","template":"","meta":[],"product_brand":[],"product_cat":[991],"product_tag":[834,837,838,947,819,818,824,832],"class_list":{"0":"post-16438","1":"product","2":"type-product","3":"status-publish","4":"has-post-thumbnail","6":"product_cat-zubehoer-geschenke","7":"product_tag-accessoires-de","8":"product_tag-geschenk","9":"product_tag-geschenkverpackung","10":"product_tag-geschenkverpackung-de","11":"product_tag-schottland-de","12":"product_tag-scotch-de","13":"product_tag-single-malt-de","14":"product_tag-whisky-de","15":"no-featured-image-padding","16":"sales-flash-overlay","17":"woocommerce-text-align-center","18":"woocommerce-image-align-center","19":"do-quantity-buttons","20":"wc-has-gallery","22":"first","23":"instock","24":"featured","25":"taxable","26":"shipping-taxable","27":"purchasable","28":"product-type-simple"},"yoast_head":"<!-- This site is optimized with the Yoast SEO plugin v27.0 - https:\/\/yoast.com\/product\/yoast-seo-wordpress\/ -->\n<title>Geschenk Paket - Ihr stilechtes Geschenk von Whisky4you<\/title>\n<meta name=\"description\" content=\"Senden Sie einen hochwertigen Whisky als wundersch\u00f6nes Geschenk! Legen Sie dieses Geschenk Paket in Ihren Warenkorb und f\u00fcgen Sie eine pers\u00f6nliche Nachricht hinzu.\" \/>\n<meta name=\"robots\" content=\"index, follow, max-snippet:-1, max-image-preview:large, max-video-preview:-1\" \/>\n<link rel=\"canonical\" href=\"https:\/\/whisky4you.net\/de\/produkt\/geschenk-paket\/\" \/>\n<meta property=\"og:locale\" content=\"de_DE\" \/>\n<meta property=\"og:type\" content=\"article\" \/>\n<meta property=\"og:title\" content=\"Geschenk Paket - Ihr stilechtes Geschenk von Whisky4you\" \/>\n<meta property=\"og:description\" content=\"Senden Sie einen hochwertigen Whisky als wundersch\u00f6nes Geschenk! Legen Sie dieses Geschenk Paket in Ihren Warenkorb und f\u00fcgen Sie eine pers\u00f6nliche Nachricht hinzu.\" \/>\n<meta property=\"og:url\" content=\"https:\/\/whisky4you.net\/de\/produkt\/geschenk-paket\/\" \/>\n<meta property=\"og:site_name\" content=\"Whisky4you\" \/>\n<meta property=\"article:publisher\" content=\"https:\/\/www.facebook.com\/Whisky4you.net\" \/>\n<meta property=\"article:modified_time\" content=\"2025-11-22T13:30:36+00:00\" \/>\n<meta property=\"og:image\" content=\"https:\/\/i0.wp.com\/whisky4you.net\/wp-content\/uploads\/2020\/08\/Geschenkverpackung1K.jpg?fit=845%2C845&ssl=1\" \/>\n\t<meta property=\"og:image:width\" content=\"845\" \/>\n\t<meta property=\"og:image:height\" content=\"845\" \/>\n\t<meta property=\"og:image:type\" content=\"image\/jpeg\" \/>\n<meta name=\"twitter:card\" content=\"summary_large_image\" \/>\n<meta name=\"twitter:label1\" content=\"Gesch\u00e4tzte Lesezeit\" \/>\n\t<meta name=\"twitter:data1\" content=\"1\u00a0Minute\" \/>\n<script type=\"application\/ld+json\" class=\"yoast-schema-graph\">{\"@context\":\"https:\/\/schema.org\",\"@graph\":[{\"@type\":\"WebPage\",\"@id\":\"https:\/\/whisky4you.net\/de\/produkt\/geschenk-paket\/\",\"url\":\"https:\/\/whisky4you.net\/de\/produkt\/geschenk-paket\/\",\"name\":\"Geschenk Paket - Ihr stilechtes Geschenk von Whisky4you\",\"isPartOf\":{\"@id\":\"https:\/\/whisky4you.net\/de\/#website\"},\"primaryImageOfPage\":{\"@id\":\"https:\/\/whisky4you.net\/de\/produkt\/geschenk-paket\/#primaryimage\"},\"image\":{\"@id\":\"https:\/\/whisky4you.net\/de\/produkt\/geschenk-paket\/#primaryimage\"},\"thumbnailUrl\":\"https:\/\/whisky4you.net\/wp-content\/uploads\/2020\/08\/Geschenkverpackung1K.jpg\",\"datePublished\":\"2020-08-11T10:22:32+00:00\",\"dateModified\":\"2025-11-22T13:30:36+00:00\",\"description\":\"Senden Sie einen hochwertigen Whisky als wundersch\u00f6nes Geschenk! Legen Sie dieses Geschenk Paket in Ihren Warenkorb und f\u00fcgen Sie eine pers\u00f6nliche Nachricht hinzu.\",\"breadcrumb\":{\"@id\":\"https:\/\/whisky4you.net\/de\/produkt\/geschenk-paket\/#breadcrumb\"},\"inLanguage\":\"de\",\"potentialAction\":[{\"@type\":\"ReadAction\",\"target\":[\"https:\/\/whisky4you.net\/de\/produkt\/geschenk-paket\/\"]}]},{\"@type\":\"ImageObject\",\"inLanguage\":\"de\",\"@id\":\"https:\/\/whisky4you.net\/de\/produkt\/geschenk-paket\/#primaryimage\",\"url\":\"https:\/\/whisky4you.net\/wp-content\/uploads\/2020\/08\/Geschenkverpackung1K.jpg\",\"contentUrl\":\"https:\/\/whisky4you.net\/wp-content\/uploads\/2020\/08\/Geschenkverpackung1K.jpg\",\"width\":845,\"height\":845,\"caption\":\"gesch\u00e4tztes Geschenk mit einem stilvollen Geschenk Paket von Whisky4you\"},{\"@type\":\"BreadcrumbList\",\"@id\":\"https:\/\/whisky4you.net\/de\/produkt\/geschenk-paket\/#breadcrumb\",\"itemListElement\":[{\"@type\":\"ListItem\",\"position\":1,\"name\":\"Home\",\"item\":\"https:\/\/whisky4you.net\/\"},{\"@type\":\"ListItem\",\"position\":2,\"name\":\"Online Shop\",\"item\":\"https:\/\/whisky4you.net\/de\/online-shop\/\"},{\"@type\":\"ListItem\",\"position\":3,\"name\":\"Geschenk Paket\"}]},{\"@type\":\"WebSite\",\"@id\":\"https:\/\/whisky4you.net\/de\/#website\",\"url\":\"https:\/\/whisky4you.net\/de\/\",\"name\":\"Whisky4you\",\"description\":\"Dedicated to Whisky interest and Whisky lovers\",\"publisher\":{\"@id\":\"https:\/\/whisky4you.net\/de\/#organization\"},\"potentialAction\":[{\"@type\":\"SearchAction\",\"target\":{\"@type\":\"EntryPoint\",\"urlTemplate\":\"https:\/\/whisky4you.net\/de\/?s={search_term_string}\"},\"query-input\":{\"@type\":\"PropertyValueSpecification\",\"valueRequired\":true,\"valueName\":\"search_term_string\"}}],\"inLanguage\":\"de\"},{\"@type\":\"Organization\",\"@id\":\"https:\/\/whisky4you.net\/de\/#organization\",\"name\":\"Whisky4you\",\"url\":\"https:\/\/whisky4you.net\/de\/\",\"logo\":{\"@type\":\"ImageObject\",\"inLanguage\":\"de\",\"@id\":\"https:\/\/whisky4you.net\/de\/#\/schema\/logo\/image\/\",\"url\":\"https:\/\/whisky4you.net\/wp-content\/uploads\/2020\/12\/cropped-cropped-cropped-cropped-logo-head.png\",\"contentUrl\":\"https:\/\/whisky4you.net\/wp-content\/uploads\/2020\/12\/cropped-cropped-cropped-cropped-logo-head.png\",\"width\":250,\"height\":81,\"caption\":\"Whisky4you\"},\"image\":{\"@id\":\"https:\/\/whisky4you.net\/de\/#\/schema\/logo\/image\/\"},\"sameAs\":[\"https:\/\/www.facebook.com\/Whisky4you.net\",\"https:\/\/www.linkedin.com\/company\/whisky4you\/?viewAsMember=true\"]}]}<\/script>\n<!-- \/ Yoast SEO plugin. -->","yoast_head_json":{"title":"Geschenk Paket - Ihr stilechtes Geschenk von Whisky4you","description":"Senden Sie einen hochwertigen Whisky als wundersch\u00f6nes Geschenk! Legen Sie dieses Geschenk Paket in Ihren Warenkorb und f\u00fcgen Sie eine pers\u00f6nliche Nachricht hinzu.","robots":{"index":"index","follow":"follow","max-snippet":"max-snippet:-1","max-image-preview":"max-image-preview:large","max-video-preview":"max-video-preview:-1"},"canonical":"https:\/\/whisky4you.net\/de\/produkt\/geschenk-paket\/","og_locale":"de_DE","og_type":"article","og_title":"Geschenk Paket - Ihr stilechtes Geschenk von Whisky4you","og_description":"Senden Sie einen hochwertigen Whisky als wundersch\u00f6nes Geschenk! Legen Sie dieses Geschenk Paket in Ihren Warenkorb und f\u00fcgen Sie eine pers\u00f6nliche Nachricht hinzu.","og_url":"https:\/\/whisky4you.net\/de\/produkt\/geschenk-paket\/","og_site_name":"Whisky4you","article_publisher":"https:\/\/www.facebook.com\/Whisky4you.net","article_modified_time":"2025-11-22T13:30:36+00:00","og_image":[{"width":845,"height":845,"url":"https:\/\/i0.wp.com\/whisky4you.net\/wp-content\/uploads\/2020\/08\/Geschenkverpackung1K.jpg?fit=845%2C845&ssl=1","type":"image\/jpeg"}],"twitter_card":"summary_large_image","twitter_misc":{"Gesch\u00e4tzte Lesezeit":"1\u00a0Minute"},"schema":{"@context":"https:\/\/schema.org","@graph":[{"@type":"WebPage","@id":"https:\/\/whisky4you.net\/de\/produkt\/geschenk-paket\/","url":"https:\/\/whisky4you.net\/de\/produkt\/geschenk-paket\/","name":"Geschenk Paket - Ihr stilechtes Geschenk von Whisky4you","isPartOf":{"@id":"https:\/\/whisky4you.net\/de\/#website"},"primaryImageOfPage":{"@id":"https:\/\/whisky4you.net\/de\/produkt\/geschenk-paket\/#primaryimage"},"image":{"@id":"https:\/\/whisky4you.net\/de\/produkt\/geschenk-paket\/#primaryimage"},"thumbnailUrl":"https:\/\/whisky4you.net\/wp-content\/uploads\/2020\/08\/Geschenkverpackung1K.jpg","datePublished":"2020-08-11T10:22:32+00:00","dateModified":"2025-11-22T13:30:36+00:00","description":"Senden Sie einen hochwertigen Whisky als wundersch\u00f6nes Geschenk! Legen Sie dieses Geschenk Paket in Ihren Warenkorb und f\u00fcgen Sie eine pers\u00f6nliche Nachricht hinzu.","breadcrumb":{"@id":"https:\/\/whisky4you.net\/de\/produkt\/geschenk-paket\/#breadcrumb"},"inLanguage":"de","potentialAction":[{"@type":"ReadAction","target":["https:\/\/whisky4you.net\/de\/produkt\/geschenk-paket\/"]}]},{"@type":"ImageObject","inLanguage":"de","@id":"https:\/\/whisky4you.net\/de\/produkt\/geschenk-paket\/#primaryimage","url":"https:\/\/whisky4you.net\/wp-content\/uploads\/2020\/08\/Geschenkverpackung1K.jpg","contentUrl":"https:\/\/whisky4you.net\/wp-content\/uploads\/2020\/08\/Geschenkverpackung1K.jpg","width":845,"height":845,"caption":"gesch\u00e4tztes Geschenk mit einem stilvollen Geschenk Paket von Whisky4you"},{"@type":"BreadcrumbList","@id":"https:\/\/whisky4you.net\/de\/produkt\/geschenk-paket\/#breadcrumb","itemListElement":[{"@type":"ListItem","position":1,"name":"Home","item":"https:\/\/whisky4you.net\/"},{"@type":"ListItem","position":2,"name":"Online Shop","item":"https:\/\/whisky4you.net\/de\/online-shop\/"},{"@type":"ListItem","position":3,"name":"Geschenk Paket"}]},{"@type":"WebSite","@id":"https:\/\/whisky4you.net\/de\/#website","url":"https:\/\/whisky4you.net\/de\/","name":"Whisky4you","description":"Dedicated to Whisky interest and Whisky lovers","publisher":{"@id":"https:\/\/whisky4you.net\/de\/#organization"},"potentialAction":[{"@type":"SearchAction","target":{"@type":"EntryPoint","urlTemplate":"https:\/\/whisky4you.net\/de\/?s={search_term_string}"},"query-input":{"@type":"PropertyValueSpecification","valueRequired":true,"valueName":"search_term_string"}}],"inLanguage":"de"},{"@type":"Organization","@id":"https:\/\/whisky4you.net\/de\/#organization","name":"Whisky4you","url":"https:\/\/whisky4you.net\/de\/","logo":{"@type":"ImageObject","inLanguage":"de","@id":"https:\/\/whisky4you.net\/de\/#\/schema\/logo\/image\/","url":"https:\/\/whisky4you.net\/wp-content\/uploads\/2020\/12\/cropped-cropped-cropped-cropped-logo-head.png","contentUrl":"https:\/\/whisky4you.net\/wp-content\/uploads\/2020\/12\/cropped-cropped-cropped-cropped-logo-head.png","width":250,"height":81,"caption":"Whisky4you"},"image":{"@id":"https:\/\/whisky4you.net\/de\/#\/schema\/logo\/image\/"},"sameAs":["https:\/\/www.facebook.com\/Whisky4you.net","https:\/\/www.linkedin.com\/company\/whisky4you\/?viewAsMember=true"]}]}},"jetpack_sharing_enabled":true,"_links":{"self":[{"href":"https:\/\/whisky4you.net\/de\/wp-json\/wp\/v2\/product\/16438","targetHints":{"allow":["GET"]}}],"collection":[{"href":"https:\/\/whisky4you.net\/de\/wp-json\/wp\/v2\/product"}],"about":[{"href":"https:\/\/whisky4you.net\/de\/wp-json\/wp\/v2\/types\/product"}],"replies":[{"embeddable":true,"href":"https:\/\/whisky4you.net\/de\/wp-json\/wp\/v2\/comments?post=16438"}],"version-history":[{"count":0,"href":"https:\/\/whisky4you.net\/de\/wp-json\/wp\/v2\/product\/16438\/revisions"}],"wp:featuredmedia":[{"embeddable":true,"href":"https:\/\/whisky4you.net\/de\/wp-json\/wp\/v2\/media\/18250"}],"wp:attachment":[{"href":"https:\/\/whisky4you.net\/de\/wp-json\/wp\/v2\/media?parent=16438"}],"wp:term":[{"taxonomy":"product_brand","embeddable":true,"href":"https:\/\/whisky4you.net\/de\/wp-json\/wp\/v2\/product_brand?post=16438"},{"taxonomy":"product_cat","embeddable":true,"href":"https:\/\/whisky4you.net\/de\/wp-json\/wp\/v2\/product_cat?post=16438"},{"taxonomy":"product_tag","embeddable":true,"href":"https:\/\/whisky4you.net\/de\/wp-json\/wp\/v2\/product_tag?post=16438"}],"curies":[{"name":"wp","href":"https:\/\/api.w.org\/{rel}","templated":true}]}}