{"id":16446,"date":"2020-08-04T16:56:12","date_gmt":"2020-08-04T15:56:12","guid":{"rendered":"https:\/\/whisky4you.net\/product\/whisky-kuhlsteine\/"},"modified":"2021-12-04T03:24:43","modified_gmt":"2021-12-04T02:24:43","slug":"whisky-kuhlsteine","status":"publish","type":"product","link":"https:\/\/whisky4you.net\/de\/produkt\/whisky-kuhlsteine\/","title":{"rendered":"Whisky K\u00fchlsteine"},"content":{"rendered":"<h3><strong>Whisky K\u00fchlsteine \u200b\u200bf\u00fcr Bourbon und Mixgetr\u00e4nke<\/strong><\/h3>\n<p>Whisky K\u00fchlsteine \u200b\u200bbestehen aus Naturstein und k\u00fchlen ein gutes Getr\u00e4nk ab, ohne das Geschmackserlebnis zu verw\u00e4ssern (wie bei Eisw\u00fcrfeln). Die Aromen bleiben daher vollst\u00e4ndig erhalten. Sie sind in alkoholischen und alkoholfreien Getr\u00e4nken einsetzbar und wiederverwendbar. Die abgerundeten Ecken sch\u00fctzen Ihre wertvollen Gl\u00e4ser. Speckstein k\u00fchlt perfekt ab und ist geschmacks- und geruchsneutral. Wir empfehlen ca. 3 W\u00fcrfel pro Getr\u00e4nk, die zuvor 2-4 Stunden im K\u00fchlschrank aufbewahrt wurden. Vor dem Gebrauch sollten die Steine \u200b\u200bkurz gesp\u00fclt und anschlie\u00dfend gut gereinigt werden. Das Set enth\u00e4lt 9 Specksteinw\u00fcrfel und einen kleinen Samtbeutel, der in einer Holzkiste geliefert wird.<\/p>\n<p>Schauen Sie sich auch unsere Verkostungsvideos an und genie\u00dfen Sie die Hintergrundartikel in unserem Blog &#8222;<span style=\"text-decoration: underline;\"><strong><a href=\"https:\/\/whisky4you.net\/de\/alles-ueber-whisky\/\" target=\"_blank\" rel=\"noopener noreferrer\">Alles \u00fcber Whisky&#8220;<\/a><\/strong><\/span>.<\/p>\n","protected":false},"excerpt":{"rendered":"<ul>\n<li>aus Naturstein<\/li>\n<li>ordnungsgem\u00e4\u00dfe K\u00fchlung ohne Verw\u00e4sserung<\/li>\n<li>zur vollst\u00e4ndigen Erhaltung der Aromen<\/li>\n<li>wiederverwendbar<\/li>\n<li>geruchlos und geschmacklos<\/li>\n<\/ul>\n","protected":false},"featured_media":18312,"comment_status":"open","ping_status":"closed","template":"","meta":[],"product_brand":[],"product_cat":[991],"product_tag":[834,835,819,818,824,832,833],"class_list":{"0":"post-16446","1":"product","2":"type-product","3":"status-publish","4":"has-post-thumbnail","6":"product_cat-zubehoer-geschenke","7":"product_tag-accessoires-de","8":"product_tag-kuhlsteine","9":"product_tag-schottland-de","10":"product_tag-scotch-de","11":"product_tag-single-malt-de","12":"product_tag-whisky-de","13":"product_tag-whisky-kuhlsteine","14":"no-featured-image-padding","15":"sales-flash-overlay","16":"woocommerce-text-align-center","17":"woocommerce-image-align-center","18":"do-quantity-buttons","19":"wc-has-gallery","21":"first","22":"outofstock","23":"featured","24":"taxable","25":"shipping-taxable","26":"purchasable","27":"product-type-simple"},"yoast_head":"<!-- This site is optimized with the Yoast SEO plugin v27.0 - https:\/\/yoast.com\/product\/yoast-seo-wordpress\/ -->\n<title>Whisky K\u00fchlsteine - Kaufen Sie jetzt bei Whisky4you<\/title>\n<meta name=\"description\" content=\"Whisky-K\u00fchlsteine aus Naturstein, k\u00fchlen ein gutes Getr\u00e4nk, ohne zu verw\u00e4ssern. Wiederverwendbar, geschmacks- und geruchsneutral.\" \/>\n<meta name=\"robots\" content=\"index, follow, max-snippet:-1, max-image-preview:large, max-video-preview:-1\" \/>\n<link rel=\"canonical\" href=\"https:\/\/whisky4you.net\/de\/produkt\/whisky-kuhlsteine\/\" \/>\n<meta property=\"og:locale\" content=\"de_DE\" \/>\n<meta property=\"og:type\" content=\"article\" \/>\n<meta property=\"og:title\" content=\"Whisky K\u00fchlsteine - Kaufen Sie jetzt bei Whisky4you\" \/>\n<meta property=\"og:description\" content=\"Whisky-K\u00fchlsteine aus Naturstein, k\u00fchlen ein gutes Getr\u00e4nk, ohne zu verw\u00e4ssern. Wiederverwendbar, geschmacks- und geruchsneutral.\" \/>\n<meta property=\"og:url\" content=\"https:\/\/whisky4you.net\/de\/produkt\/whisky-kuhlsteine\/\" \/>\n<meta property=\"og:site_name\" content=\"Whisky4you\" \/>\n<meta property=\"article:publisher\" content=\"https:\/\/www.facebook.com\/Whisky4you.net\" \/>\n<meta property=\"article:modified_time\" content=\"2021-12-04T02:24:43+00:00\" \/>\n<meta property=\"og:image\" content=\"https:\/\/i0.wp.com\/whisky4you.net\/wp-content\/uploads\/2020\/08\/Cooling_cubesK.jpg?fit=818%2C818&ssl=1\" \/>\n\t<meta property=\"og:image:width\" content=\"818\" \/>\n\t<meta property=\"og:image:height\" content=\"818\" \/>\n\t<meta property=\"og:image:type\" content=\"image\/jpeg\" \/>\n<meta name=\"twitter:card\" content=\"summary_large_image\" \/>\n<meta name=\"twitter:label1\" content=\"Gesch\u00e4tzte Lesezeit\" \/>\n\t<meta name=\"twitter:data1\" content=\"1\u00a0Minute\" \/>\n<script type=\"application\/ld+json\" class=\"yoast-schema-graph\">{\"@context\":\"https:\/\/schema.org\",\"@graph\":[{\"@type\":\"WebPage\",\"@id\":\"https:\/\/whisky4you.net\/de\/produkt\/whisky-kuhlsteine\/\",\"url\":\"https:\/\/whisky4you.net\/de\/produkt\/whisky-kuhlsteine\/\",\"name\":\"Whisky K\u00fchlsteine - Kaufen Sie jetzt bei Whisky4you\",\"isPartOf\":{\"@id\":\"https:\/\/whisky4you.net\/de\/#website\"},\"primaryImageOfPage\":{\"@id\":\"https:\/\/whisky4you.net\/de\/produkt\/whisky-kuhlsteine\/#primaryimage\"},\"image\":{\"@id\":\"https:\/\/whisky4you.net\/de\/produkt\/whisky-kuhlsteine\/#primaryimage\"},\"thumbnailUrl\":\"https:\/\/whisky4you.net\/wp-content\/uploads\/2020\/08\/Cooling_cubesK.jpg\",\"datePublished\":\"2020-08-04T15:56:12+00:00\",\"dateModified\":\"2021-12-04T02:24:43+00:00\",\"description\":\"Whisky-K\u00fchlsteine aus Naturstein, k\u00fchlen ein gutes Getr\u00e4nk, ohne zu verw\u00e4ssern. Wiederverwendbar, geschmacks- und geruchsneutral.\",\"breadcrumb\":{\"@id\":\"https:\/\/whisky4you.net\/de\/produkt\/whisky-kuhlsteine\/#breadcrumb\"},\"inLanguage\":\"de\",\"potentialAction\":[{\"@type\":\"ReadAction\",\"target\":[\"https:\/\/whisky4you.net\/de\/produkt\/whisky-kuhlsteine\/\"]}]},{\"@type\":\"ImageObject\",\"inLanguage\":\"de\",\"@id\":\"https:\/\/whisky4you.net\/de\/produkt\/whisky-kuhlsteine\/#primaryimage\",\"url\":\"https:\/\/whisky4you.net\/wp-content\/uploads\/2020\/08\/Cooling_cubesK.jpg\",\"contentUrl\":\"https:\/\/whisky4you.net\/wp-content\/uploads\/2020\/08\/Cooling_cubesK.jpg\",\"width\":818,\"height\":818,\"caption\":\"stilvolle K\u00fchlw\u00fcrfel f\u00fcr perfekten Geschmack und Temperatur der Getr\u00e4nke\"},{\"@type\":\"BreadcrumbList\",\"@id\":\"https:\/\/whisky4you.net\/de\/produkt\/whisky-kuhlsteine\/#breadcrumb\",\"itemListElement\":[{\"@type\":\"ListItem\",\"position\":1,\"name\":\"Home\",\"item\":\"https:\/\/whisky4you.net\/\"},{\"@type\":\"ListItem\",\"position\":2,\"name\":\"Online Shop\",\"item\":\"https:\/\/whisky4you.net\/de\/online-shop\/\"},{\"@type\":\"ListItem\",\"position\":3,\"name\":\"Whisky K\u00fchlsteine\"}]},{\"@type\":\"WebSite\",\"@id\":\"https:\/\/whisky4you.net\/de\/#website\",\"url\":\"https:\/\/whisky4you.net\/de\/\",\"name\":\"Whisky4you\",\"description\":\"Dedicated to Whisky interest and Whisky lovers\",\"publisher\":{\"@id\":\"https:\/\/whisky4you.net\/de\/#organization\"},\"potentialAction\":[{\"@type\":\"SearchAction\",\"target\":{\"@type\":\"EntryPoint\",\"urlTemplate\":\"https:\/\/whisky4you.net\/de\/?s={search_term_string}\"},\"query-input\":{\"@type\":\"PropertyValueSpecification\",\"valueRequired\":true,\"valueName\":\"search_term_string\"}}],\"inLanguage\":\"de\"},{\"@type\":\"Organization\",\"@id\":\"https:\/\/whisky4you.net\/de\/#organization\",\"name\":\"Whisky4you\",\"url\":\"https:\/\/whisky4you.net\/de\/\",\"logo\":{\"@type\":\"ImageObject\",\"inLanguage\":\"de\",\"@id\":\"https:\/\/whisky4you.net\/de\/#\/schema\/logo\/image\/\",\"url\":\"https:\/\/whisky4you.net\/wp-content\/uploads\/2020\/12\/cropped-cropped-cropped-cropped-logo-head.png\",\"contentUrl\":\"https:\/\/whisky4you.net\/wp-content\/uploads\/2020\/12\/cropped-cropped-cropped-cropped-logo-head.png\",\"width\":250,\"height\":81,\"caption\":\"Whisky4you\"},\"image\":{\"@id\":\"https:\/\/whisky4you.net\/de\/#\/schema\/logo\/image\/\"},\"sameAs\":[\"https:\/\/www.facebook.com\/Whisky4you.net\",\"https:\/\/www.linkedin.com\/company\/whisky4you\/?viewAsMember=true\"]}]}<\/script>\n<!-- \/ Yoast SEO plugin. -->","yoast_head_json":{"title":"Whisky K\u00fchlsteine - Kaufen Sie jetzt bei Whisky4you","description":"Whisky-K\u00fchlsteine aus Naturstein, k\u00fchlen ein gutes Getr\u00e4nk, ohne zu verw\u00e4ssern. Wiederverwendbar, geschmacks- und geruchsneutral.","robots":{"index":"index","follow":"follow","max-snippet":"max-snippet:-1","max-image-preview":"max-image-preview:large","max-video-preview":"max-video-preview:-1"},"canonical":"https:\/\/whisky4you.net\/de\/produkt\/whisky-kuhlsteine\/","og_locale":"de_DE","og_type":"article","og_title":"Whisky K\u00fchlsteine - Kaufen Sie jetzt bei Whisky4you","og_description":"Whisky-K\u00fchlsteine aus Naturstein, k\u00fchlen ein gutes Getr\u00e4nk, ohne zu verw\u00e4ssern. Wiederverwendbar, geschmacks- und geruchsneutral.","og_url":"https:\/\/whisky4you.net\/de\/produkt\/whisky-kuhlsteine\/","og_site_name":"Whisky4you","article_publisher":"https:\/\/www.facebook.com\/Whisky4you.net","article_modified_time":"2021-12-04T02:24:43+00:00","og_image":[{"width":818,"height":818,"url":"https:\/\/i0.wp.com\/whisky4you.net\/wp-content\/uploads\/2020\/08\/Cooling_cubesK.jpg?fit=818%2C818&ssl=1","type":"image\/jpeg"}],"twitter_card":"summary_large_image","twitter_misc":{"Gesch\u00e4tzte Lesezeit":"1\u00a0Minute"},"schema":{"@context":"https:\/\/schema.org","@graph":[{"@type":"WebPage","@id":"https:\/\/whisky4you.net\/de\/produkt\/whisky-kuhlsteine\/","url":"https:\/\/whisky4you.net\/de\/produkt\/whisky-kuhlsteine\/","name":"Whisky K\u00fchlsteine - Kaufen Sie jetzt bei Whisky4you","isPartOf":{"@id":"https:\/\/whisky4you.net\/de\/#website"},"primaryImageOfPage":{"@id":"https:\/\/whisky4you.net\/de\/produkt\/whisky-kuhlsteine\/#primaryimage"},"image":{"@id":"https:\/\/whisky4you.net\/de\/produkt\/whisky-kuhlsteine\/#primaryimage"},"thumbnailUrl":"https:\/\/whisky4you.net\/wp-content\/uploads\/2020\/08\/Cooling_cubesK.jpg","datePublished":"2020-08-04T15:56:12+00:00","dateModified":"2021-12-04T02:24:43+00:00","description":"Whisky-K\u00fchlsteine aus Naturstein, k\u00fchlen ein gutes Getr\u00e4nk, ohne zu verw\u00e4ssern. Wiederverwendbar, geschmacks- und geruchsneutral.","breadcrumb":{"@id":"https:\/\/whisky4you.net\/de\/produkt\/whisky-kuhlsteine\/#breadcrumb"},"inLanguage":"de","potentialAction":[{"@type":"ReadAction","target":["https:\/\/whisky4you.net\/de\/produkt\/whisky-kuhlsteine\/"]}]},{"@type":"ImageObject","inLanguage":"de","@id":"https:\/\/whisky4you.net\/de\/produkt\/whisky-kuhlsteine\/#primaryimage","url":"https:\/\/whisky4you.net\/wp-content\/uploads\/2020\/08\/Cooling_cubesK.jpg","contentUrl":"https:\/\/whisky4you.net\/wp-content\/uploads\/2020\/08\/Cooling_cubesK.jpg","width":818,"height":818,"caption":"stilvolle K\u00fchlw\u00fcrfel f\u00fcr perfekten Geschmack und Temperatur der Getr\u00e4nke"},{"@type":"BreadcrumbList","@id":"https:\/\/whisky4you.net\/de\/produkt\/whisky-kuhlsteine\/#breadcrumb","itemListElement":[{"@type":"ListItem","position":1,"name":"Home","item":"https:\/\/whisky4you.net\/"},{"@type":"ListItem","position":2,"name":"Online Shop","item":"https:\/\/whisky4you.net\/de\/online-shop\/"},{"@type":"ListItem","position":3,"name":"Whisky K\u00fchlsteine"}]},{"@type":"WebSite","@id":"https:\/\/whisky4you.net\/de\/#website","url":"https:\/\/whisky4you.net\/de\/","name":"Whisky4you","description":"Dedicated to Whisky interest and Whisky lovers","publisher":{"@id":"https:\/\/whisky4you.net\/de\/#organization"},"potentialAction":[{"@type":"SearchAction","target":{"@type":"EntryPoint","urlTemplate":"https:\/\/whisky4you.net\/de\/?s={search_term_string}"},"query-input":{"@type":"PropertyValueSpecification","valueRequired":true,"valueName":"search_term_string"}}],"inLanguage":"de"},{"@type":"Organization","@id":"https:\/\/whisky4you.net\/de\/#organization","name":"Whisky4you","url":"https:\/\/whisky4you.net\/de\/","logo":{"@type":"ImageObject","inLanguage":"de","@id":"https:\/\/whisky4you.net\/de\/#\/schema\/logo\/image\/","url":"https:\/\/whisky4you.net\/wp-content\/uploads\/2020\/12\/cropped-cropped-cropped-cropped-logo-head.png","contentUrl":"https:\/\/whisky4you.net\/wp-content\/uploads\/2020\/12\/cropped-cropped-cropped-cropped-logo-head.png","width":250,"height":81,"caption":"Whisky4you"},"image":{"@id":"https:\/\/whisky4you.net\/de\/#\/schema\/logo\/image\/"},"sameAs":["https:\/\/www.facebook.com\/Whisky4you.net","https:\/\/www.linkedin.com\/company\/whisky4you\/?viewAsMember=true"]}]}},"jetpack_sharing_enabled":true,"_links":{"self":[{"href":"https:\/\/whisky4you.net\/de\/wp-json\/wp\/v2\/product\/16446","targetHints":{"allow":["GET"]}}],"collection":[{"href":"https:\/\/whisky4you.net\/de\/wp-json\/wp\/v2\/product"}],"about":[{"href":"https:\/\/whisky4you.net\/de\/wp-json\/wp\/v2\/types\/product"}],"replies":[{"embeddable":true,"href":"https:\/\/whisky4you.net\/de\/wp-json\/wp\/v2\/comments?post=16446"}],"version-history":[{"count":0,"href":"https:\/\/whisky4you.net\/de\/wp-json\/wp\/v2\/product\/16446\/revisions"}],"wp:featuredmedia":[{"embeddable":true,"href":"https:\/\/whisky4you.net\/de\/wp-json\/wp\/v2\/media\/18312"}],"wp:attachment":[{"href":"https:\/\/whisky4you.net\/de\/wp-json\/wp\/v2\/media?parent=16446"}],"wp:term":[{"taxonomy":"product_brand","embeddable":true,"href":"https:\/\/whisky4you.net\/de\/wp-json\/wp\/v2\/product_brand?post=16446"},{"taxonomy":"product_cat","embeddable":true,"href":"https:\/\/whisky4you.net\/de\/wp-json\/wp\/v2\/product_cat?post=16446"},{"taxonomy":"product_tag","embeddable":true,"href":"https:\/\/whisky4you.net\/de\/wp-json\/wp\/v2\/product_tag?post=16446"}],"curies":[{"name":"wp","href":"https:\/\/api.w.org\/{rel}","templated":true}]}}