{"id":16456,"date":"2020-08-04T14:54:46","date_gmt":"2020-08-04T13:54:46","guid":{"rendered":"https:\/\/whisky4you.net\/product\/elegante-whisky-nosing-glaser-hoch\/"},"modified":"2022-12-04T13:14:58","modified_gmt":"2022-12-04T12:14:58","slug":"elegante-whisky-nosing-glaser-hoch","status":"publish","type":"product","link":"https:\/\/whisky4you.net\/de\/produkt\/elegante-whisky-nosing-glaser-hoch\/","title":{"rendered":"Elegante Whisky Nosing Gl\u00e4ser hoch"},"content":{"rendered":"<h3><strong>Elegante Whisky Nosing Gl\u00e4ser hoch<\/strong><\/h3>\n<p>Dieses Set mit 2 Whisky Nosing Gl\u00e4sern hoch unterst\u00fctzt den professionellen Genuss von hochwertigem Scotch.<br \/>\nUnd die elegante Tulpenform mit hohem Stiel passt perfekt zu Ihrem stilvollen Tisch. Feines Glas, made in Germany, ist v\u00f6llig klar, um die Farbe des Whiskies unverf\u00e4lscht hervorzuheben. Die feinen Glasw\u00e4nde sorgen f\u00fcr eine perfekte \u00dcbertragung der Handw\u00e4rme. Und der sich verj\u00fcngende Auslass unterst\u00fctzt lang anhaltende Aromen.<br \/>\n<strong>Vervollst\u00e4ndigen Sie Ihre Bar mit dem g\u00fcnstigen zweiteiligen Paket.<\/strong><\/p>\n<p>&#8211; Volumen: 218 ml<br \/>\n&#8211; H\u00f6he: 175 mm<\/p>\n<p>Schauen Sie sich auch unsere Verkostungsvideos an und genie\u00dfen Sie die Hintergrundartikel in unserem Blog &#8222;<span style=\"text-decoration: underline;\"><strong><a href=\"https:\/\/whisky4you.net\/de\/alles-ueber-whisky\/\" target=\"_blank\" rel=\"noopener noreferrer\">Alles \u00fcber Whisky<\/a>&#8222;<\/strong><\/span>.<\/p>\n","protected":false},"excerpt":{"rendered":"<ul>\n<li>f\u00fcr perfektes Geruchs- und Geschmackserlebnis<\/li>\n<li>elegante Tulpenform mit hohem Stiel<\/li>\n<li>d\u00fcnnwandig, um die W\u00e4rme der Hand zu \u00fcbertragen<\/li>\n<li>konischer Auslass f\u00fcr lang anhaltende Aromen<\/li>\n<li>kristallklar ohne Gravur<\/li>\n<li>2 Gl\u00e4ser in unserem Sparpaket<\/li>\n<\/ul>\n","protected":false},"featured_media":16457,"comment_status":"open","ping_status":"closed","template":"","meta":[],"product_brand":[],"product_cat":[991],"product_tag":[834,841,819,818,824,832,848],"class_list":{"0":"post-16456","1":"product","2":"type-product","3":"status-publish","4":"has-post-thumbnail","6":"product_cat-zubehoer-geschenke","7":"product_tag-accessoires-de","8":"product_tag-nosingglas","9":"product_tag-schottland-de","10":"product_tag-scotch-de","11":"product_tag-single-malt-de","12":"product_tag-whisky-de","13":"product_tag-whiskyglas","14":"pa_product-net-content-2-stuck","15":"no-featured-image-padding","16":"sales-flash-overlay","17":"woocommerce-text-align-center","18":"woocommerce-image-align-center","19":"do-quantity-buttons","20":"wc-has-gallery","22":"first","23":"instock","24":"featured","25":"taxable","26":"shipping-taxable","27":"purchasable","28":"product-type-simple"},"yoast_head":"<!-- This site is optimized with the Yoast SEO plugin v27.0 - https:\/\/yoast.com\/product\/yoast-seo-wordpress\/ -->\n<title>Elegante Whisky Nosing Gl\u00e4ser hoch - Kaufen Sie jetzt bei Whisky4you<\/title>\n<meta name=\"description\" content=\"Elegante Whisky Nosing Gl\u00e4ser hoch, 2-teiliges Sparpaket, feine Glasw\u00e4nde f\u00fcr die perfekte \u00dcbertragung der Handw\u00e4rme, konischer Auslass f\u00fcr lang anhaltendes Aroma\" \/>\n<meta name=\"robots\" content=\"index, follow, max-snippet:-1, max-image-preview:large, max-video-preview:-1\" \/>\n<link rel=\"canonical\" href=\"https:\/\/whisky4you.net\/de\/produkt\/elegante-whisky-nosing-glaser-hoch\/\" \/>\n<meta property=\"og:locale\" content=\"de_DE\" \/>\n<meta property=\"og:type\" content=\"article\" \/>\n<meta property=\"og:title\" content=\"Elegante Whisky Nosing Gl\u00e4ser hoch - Kaufen Sie jetzt bei Whisky4you\" \/>\n<meta property=\"og:description\" content=\"Elegante Whisky Nosing Gl\u00e4ser hoch, 2-teiliges Sparpaket, feine Glasw\u00e4nde f\u00fcr die perfekte \u00dcbertragung der Handw\u00e4rme, konischer Auslass f\u00fcr lang anhaltendes Aroma\" \/>\n<meta property=\"og:url\" content=\"https:\/\/whisky4you.net\/de\/produkt\/elegante-whisky-nosing-glaser-hoch\/\" \/>\n<meta property=\"og:site_name\" content=\"Whisky4you\" \/>\n<meta property=\"article:publisher\" content=\"https:\/\/www.facebook.com\/Whisky4you.net\" \/>\n<meta property=\"article:modified_time\" content=\"2022-12-04T12:14:58+00:00\" \/>\n<meta property=\"og:image\" content=\"https:\/\/whisky4you.net\/wp-content\/uploads\/2020\/08\/Nosing-Glas-hoch.jpg\" \/>\n\t<meta property=\"og:image:width\" content=\"542\" \/>\n\t<meta property=\"og:image:height\" content=\"558\" \/>\n\t<meta property=\"og:image:type\" content=\"image\/jpeg\" \/>\n<meta name=\"twitter:card\" content=\"summary_large_image\" \/>\n<meta name=\"twitter:label1\" content=\"Gesch\u00e4tzte Lesezeit\" \/>\n\t<meta name=\"twitter:data1\" content=\"1\u00a0Minute\" \/>\n<script type=\"application\/ld+json\" class=\"yoast-schema-graph\">{\"@context\":\"https:\/\/schema.org\",\"@graph\":[{\"@type\":\"WebPage\",\"@id\":\"https:\/\/whisky4you.net\/de\/produkt\/elegante-whisky-nosing-glaser-hoch\/\",\"url\":\"https:\/\/whisky4you.net\/de\/produkt\/elegante-whisky-nosing-glaser-hoch\/\",\"name\":\"Elegante Whisky Nosing Gl\u00e4ser hoch - Kaufen Sie jetzt bei Whisky4you\",\"isPartOf\":{\"@id\":\"https:\/\/whisky4you.net\/de\/#website\"},\"primaryImageOfPage\":{\"@id\":\"https:\/\/whisky4you.net\/de\/produkt\/elegante-whisky-nosing-glaser-hoch\/#primaryimage\"},\"image\":{\"@id\":\"https:\/\/whisky4you.net\/de\/produkt\/elegante-whisky-nosing-glaser-hoch\/#primaryimage\"},\"thumbnailUrl\":\"https:\/\/whisky4you.net\/wp-content\/uploads\/2020\/08\/Nosing-Glas-hoch.jpg\",\"datePublished\":\"2020-08-04T13:54:46+00:00\",\"dateModified\":\"2022-12-04T12:14:58+00:00\",\"description\":\"Elegante Whisky Nosing Gl\u00e4ser hoch, 2-teiliges Sparpaket, feine Glasw\u00e4nde f\u00fcr die perfekte \u00dcbertragung der Handw\u00e4rme, konischer Auslass f\u00fcr lang anhaltendes Aroma\",\"breadcrumb\":{\"@id\":\"https:\/\/whisky4you.net\/de\/produkt\/elegante-whisky-nosing-glaser-hoch\/#breadcrumb\"},\"inLanguage\":\"de\",\"potentialAction\":[{\"@type\":\"ReadAction\",\"target\":[\"https:\/\/whisky4you.net\/de\/produkt\/elegante-whisky-nosing-glaser-hoch\/\"]}]},{\"@type\":\"ImageObject\",\"inLanguage\":\"de\",\"@id\":\"https:\/\/whisky4you.net\/de\/produkt\/elegante-whisky-nosing-glaser-hoch\/#primaryimage\",\"url\":\"https:\/\/whisky4you.net\/wp-content\/uploads\/2020\/08\/Nosing-Glas-hoch.jpg\",\"contentUrl\":\"https:\/\/whisky4you.net\/wp-content\/uploads\/2020\/08\/Nosing-Glas-hoch.jpg\",\"width\":542,\"height\":558,\"caption\":\"Elegante Whisky Nosing Gl\u00e4ser hoch\"},{\"@type\":\"BreadcrumbList\",\"@id\":\"https:\/\/whisky4you.net\/de\/produkt\/elegante-whisky-nosing-glaser-hoch\/#breadcrumb\",\"itemListElement\":[{\"@type\":\"ListItem\",\"position\":1,\"name\":\"Home\",\"item\":\"https:\/\/whisky4you.net\/\"},{\"@type\":\"ListItem\",\"position\":2,\"name\":\"Online Shop\",\"item\":\"https:\/\/whisky4you.net\/de\/online-shop\/\"},{\"@type\":\"ListItem\",\"position\":3,\"name\":\"Elegante Whisky Nosing Gl\u00e4ser hoch\"}]},{\"@type\":\"WebSite\",\"@id\":\"https:\/\/whisky4you.net\/de\/#website\",\"url\":\"https:\/\/whisky4you.net\/de\/\",\"name\":\"Whisky4you\",\"description\":\"Dedicated to Whisky interest and Whisky lovers\",\"publisher\":{\"@id\":\"https:\/\/whisky4you.net\/de\/#organization\"},\"potentialAction\":[{\"@type\":\"SearchAction\",\"target\":{\"@type\":\"EntryPoint\",\"urlTemplate\":\"https:\/\/whisky4you.net\/de\/?s={search_term_string}\"},\"query-input\":{\"@type\":\"PropertyValueSpecification\",\"valueRequired\":true,\"valueName\":\"search_term_string\"}}],\"inLanguage\":\"de\"},{\"@type\":\"Organization\",\"@id\":\"https:\/\/whisky4you.net\/de\/#organization\",\"name\":\"Whisky4you\",\"url\":\"https:\/\/whisky4you.net\/de\/\",\"logo\":{\"@type\":\"ImageObject\",\"inLanguage\":\"de\",\"@id\":\"https:\/\/whisky4you.net\/de\/#\/schema\/logo\/image\/\",\"url\":\"https:\/\/whisky4you.net\/wp-content\/uploads\/2020\/12\/cropped-cropped-cropped-cropped-logo-head.png\",\"contentUrl\":\"https:\/\/whisky4you.net\/wp-content\/uploads\/2020\/12\/cropped-cropped-cropped-cropped-logo-head.png\",\"width\":250,\"height\":81,\"caption\":\"Whisky4you\"},\"image\":{\"@id\":\"https:\/\/whisky4you.net\/de\/#\/schema\/logo\/image\/\"},\"sameAs\":[\"https:\/\/www.facebook.com\/Whisky4you.net\",\"https:\/\/www.linkedin.com\/company\/whisky4you\/?viewAsMember=true\"]}]}<\/script>\n<!-- \/ Yoast SEO plugin. -->","yoast_head_json":{"title":"Elegante Whisky Nosing Gl\u00e4ser hoch - Kaufen Sie jetzt bei Whisky4you","description":"Elegante Whisky Nosing Gl\u00e4ser hoch, 2-teiliges Sparpaket, feine Glasw\u00e4nde f\u00fcr die perfekte \u00dcbertragung der Handw\u00e4rme, konischer Auslass f\u00fcr lang anhaltendes Aroma","robots":{"index":"index","follow":"follow","max-snippet":"max-snippet:-1","max-image-preview":"max-image-preview:large","max-video-preview":"max-video-preview:-1"},"canonical":"https:\/\/whisky4you.net\/de\/produkt\/elegante-whisky-nosing-glaser-hoch\/","og_locale":"de_DE","og_type":"article","og_title":"Elegante Whisky Nosing Gl\u00e4ser hoch - Kaufen Sie jetzt bei Whisky4you","og_description":"Elegante Whisky Nosing Gl\u00e4ser hoch, 2-teiliges Sparpaket, feine Glasw\u00e4nde f\u00fcr die perfekte \u00dcbertragung der Handw\u00e4rme, konischer Auslass f\u00fcr lang anhaltendes Aroma","og_url":"https:\/\/whisky4you.net\/de\/produkt\/elegante-whisky-nosing-glaser-hoch\/","og_site_name":"Whisky4you","article_publisher":"https:\/\/www.facebook.com\/Whisky4you.net","article_modified_time":"2022-12-04T12:14:58+00:00","og_image":[{"width":542,"height":558,"url":"https:\/\/whisky4you.net\/wp-content\/uploads\/2020\/08\/Nosing-Glas-hoch.jpg","type":"image\/jpeg"}],"twitter_card":"summary_large_image","twitter_misc":{"Gesch\u00e4tzte Lesezeit":"1\u00a0Minute"},"schema":{"@context":"https:\/\/schema.org","@graph":[{"@type":"WebPage","@id":"https:\/\/whisky4you.net\/de\/produkt\/elegante-whisky-nosing-glaser-hoch\/","url":"https:\/\/whisky4you.net\/de\/produkt\/elegante-whisky-nosing-glaser-hoch\/","name":"Elegante Whisky Nosing Gl\u00e4ser hoch - Kaufen Sie jetzt bei Whisky4you","isPartOf":{"@id":"https:\/\/whisky4you.net\/de\/#website"},"primaryImageOfPage":{"@id":"https:\/\/whisky4you.net\/de\/produkt\/elegante-whisky-nosing-glaser-hoch\/#primaryimage"},"image":{"@id":"https:\/\/whisky4you.net\/de\/produkt\/elegante-whisky-nosing-glaser-hoch\/#primaryimage"},"thumbnailUrl":"https:\/\/whisky4you.net\/wp-content\/uploads\/2020\/08\/Nosing-Glas-hoch.jpg","datePublished":"2020-08-04T13:54:46+00:00","dateModified":"2022-12-04T12:14:58+00:00","description":"Elegante Whisky Nosing Gl\u00e4ser hoch, 2-teiliges Sparpaket, feine Glasw\u00e4nde f\u00fcr die perfekte \u00dcbertragung der Handw\u00e4rme, konischer Auslass f\u00fcr lang anhaltendes Aroma","breadcrumb":{"@id":"https:\/\/whisky4you.net\/de\/produkt\/elegante-whisky-nosing-glaser-hoch\/#breadcrumb"},"inLanguage":"de","potentialAction":[{"@type":"ReadAction","target":["https:\/\/whisky4you.net\/de\/produkt\/elegante-whisky-nosing-glaser-hoch\/"]}]},{"@type":"ImageObject","inLanguage":"de","@id":"https:\/\/whisky4you.net\/de\/produkt\/elegante-whisky-nosing-glaser-hoch\/#primaryimage","url":"https:\/\/whisky4you.net\/wp-content\/uploads\/2020\/08\/Nosing-Glas-hoch.jpg","contentUrl":"https:\/\/whisky4you.net\/wp-content\/uploads\/2020\/08\/Nosing-Glas-hoch.jpg","width":542,"height":558,"caption":"Elegante Whisky Nosing Gl\u00e4ser hoch"},{"@type":"BreadcrumbList","@id":"https:\/\/whisky4you.net\/de\/produkt\/elegante-whisky-nosing-glaser-hoch\/#breadcrumb","itemListElement":[{"@type":"ListItem","position":1,"name":"Home","item":"https:\/\/whisky4you.net\/"},{"@type":"ListItem","position":2,"name":"Online Shop","item":"https:\/\/whisky4you.net\/de\/online-shop\/"},{"@type":"ListItem","position":3,"name":"Elegante Whisky Nosing Gl\u00e4ser hoch"}]},{"@type":"WebSite","@id":"https:\/\/whisky4you.net\/de\/#website","url":"https:\/\/whisky4you.net\/de\/","name":"Whisky4you","description":"Dedicated to Whisky interest and Whisky lovers","publisher":{"@id":"https:\/\/whisky4you.net\/de\/#organization"},"potentialAction":[{"@type":"SearchAction","target":{"@type":"EntryPoint","urlTemplate":"https:\/\/whisky4you.net\/de\/?s={search_term_string}"},"query-input":{"@type":"PropertyValueSpecification","valueRequired":true,"valueName":"search_term_string"}}],"inLanguage":"de"},{"@type":"Organization","@id":"https:\/\/whisky4you.net\/de\/#organization","name":"Whisky4you","url":"https:\/\/whisky4you.net\/de\/","logo":{"@type":"ImageObject","inLanguage":"de","@id":"https:\/\/whisky4you.net\/de\/#\/schema\/logo\/image\/","url":"https:\/\/whisky4you.net\/wp-content\/uploads\/2020\/12\/cropped-cropped-cropped-cropped-logo-head.png","contentUrl":"https:\/\/whisky4you.net\/wp-content\/uploads\/2020\/12\/cropped-cropped-cropped-cropped-logo-head.png","width":250,"height":81,"caption":"Whisky4you"},"image":{"@id":"https:\/\/whisky4you.net\/de\/#\/schema\/logo\/image\/"},"sameAs":["https:\/\/www.facebook.com\/Whisky4you.net","https:\/\/www.linkedin.com\/company\/whisky4you\/?viewAsMember=true"]}]}},"jetpack_sharing_enabled":true,"_links":{"self":[{"href":"https:\/\/whisky4you.net\/de\/wp-json\/wp\/v2\/product\/16456","targetHints":{"allow":["GET"]}}],"collection":[{"href":"https:\/\/whisky4you.net\/de\/wp-json\/wp\/v2\/product"}],"about":[{"href":"https:\/\/whisky4you.net\/de\/wp-json\/wp\/v2\/types\/product"}],"replies":[{"embeddable":true,"href":"https:\/\/whisky4you.net\/de\/wp-json\/wp\/v2\/comments?post=16456"}],"version-history":[{"count":0,"href":"https:\/\/whisky4you.net\/de\/wp-json\/wp\/v2\/product\/16456\/revisions"}],"wp:featuredmedia":[{"embeddable":true,"href":"https:\/\/whisky4you.net\/de\/wp-json\/wp\/v2\/media\/16457"}],"wp:attachment":[{"href":"https:\/\/whisky4you.net\/de\/wp-json\/wp\/v2\/media?parent=16456"}],"wp:term":[{"taxonomy":"product_brand","embeddable":true,"href":"https:\/\/whisky4you.net\/de\/wp-json\/wp\/v2\/product_brand?post=16456"},{"taxonomy":"product_cat","embeddable":true,"href":"https:\/\/whisky4you.net\/de\/wp-json\/wp\/v2\/product_cat?post=16456"},{"taxonomy":"product_tag","embeddable":true,"href":"https:\/\/whisky4you.net\/de\/wp-json\/wp\/v2\/product_tag?post=16456"}],"curies":[{"name":"wp","href":"https:\/\/api.w.org\/{rel}","templated":true}]}}