{"id":16480,"date":"2018-03-17T15:50:45","date_gmt":"2018-03-17T14:50:45","guid":{"rendered":"https:\/\/whisky4you.net\/product\/lagavulin-16-jahre-single-malt\/"},"modified":"2025-08-02T11:13:30","modified_gmt":"2025-08-02T10:13:30","slug":"lagavulin-16-jahre-single-malt","status":"publish","type":"product","link":"https:\/\/whisky4you.net\/de\/produkt\/lagavulin-16-jahre-single-malt\/","title":{"rendered":"Lagavulin 16 Jahre Single Malt"},"content":{"rendered":"<h3><strong>Lagavulin 16 Jahre Single Malt<\/strong><\/h3>\n<p>Lagavulin 16 Jahre Single Malt, ein intensiver und schwerer Scotch und einer der Klassiker unter den stark getorften Single Malts. Heute geh\u00f6rt die <a href=\"https:\/\/www.malts.com\/en-gb\/our-whisky-brands\/lagavulin\/\" target=\"_blank\" rel=\"noopener noreferrer\">Brennerei Lagavulin<\/a> zum DIAGEO Konzern und befindet sich im S\u00fcden der Insel Islay zwischen den beiden bekannten Wettbewerbern Ardbeg und Laphroaig. Sie kauft ihr Malz von der einzigen Malzfabrik auf Islay, Port Ellen Maltings. Nach der Herstellung haften noch 35 bis 40 ppm Rauch an dem Gerstenmalz, nach Fermentation und Destillation sind es nur noch 16 bis 18 ppm. W\u00e4hrend der Reifung nimmt dieser Gehalt noch weiter ab. Trotzdem reicht dieser Restanteil immer noch aus, um dem Lagavulin 16 Jahre Single Malt ein starkes Raucharoma zu verleihen. Mit 2 Waschstills und 2 Spirituosenstills produziert Lagavulin j\u00e4hrlich rund 2,5 Millionen Liter Destillat. Der Lagavulin 16 Jahre Single Malt ist eines ihrer Flaggschiffe. Es pr\u00e4sentiert sich in einem sch\u00f6nen goldenen Farbton. Beim Schwenken bildet sich eine reichhaltige \u00f6lige Kante auf dem Glas. Wie alle rauchigen Whiskies sollte er bei Raumtemperatur ge\u00f6ffnet werden und einige Minuten in einem Nosing Glas atmen. Die intensiven Torfrauch Aromen von gl\u00fchendem Holz und Leder gelangen zuerst an die Nase. Nehmen Sie sich Zeit, um sich daran zu gew\u00f6hnen. Denn dahinter kommen wunderbare holzige und fruchtige T\u00f6ne zum Vorschein. Der erste Schluck liegt schwer auf der Zunge. Zigarrenbl\u00e4tter, Asche und Teer, in einer eleganten Verbindung mit tiefer Sherry-S\u00fc\u00dfe, entwickeln sich \u00fcber w\u00fcrzige Holznoten von Eiche und Kiefer zu einem sehr komplexen Erlebnis. Mit einem langen, ambrosialen Abgang bleibt dieser komplexe Single Malt noch lange auf der Zunge. Ein intensiver Dram f\u00fcr Liebhaber torfiger Single Malts!<\/p>\n<p>Schauen Sie sich auch unsere Verkostungsvideos an, genie\u00dfen Sie die Hintergrundartikel in unserem Blog &#8222;Alles \u00fcber Whisky&#8220; und lesen Sie auch mehr \u00fcber die <a href=\"https:\/\/www.malts.com\/en-gb\/our-whisky-collection\/lagavulin\" target=\"_blank\" rel=\"noopener noreferrer\">Brennerei Lagavulin.<\/a><\/p>\n<p><span style=\"color: #f0ae13;\"><strong>Typ:<\/strong>\u00a0<\/span>\u00a0 \u00a0 \u00a0 Single Malt Whisky<\/p>\n<p><strong><span style=\"color: #f0ae13;\">Nase:\u00a0 \u00a0<\/span><\/strong> Intensiv rauchig, mit maritimen Noten von Jod- und Seetang, dahinter interessante Holzt\u00f6ne<\/p>\n<p><span style=\"color: #f0ae13;\"><strong>Geschmack:<\/strong><\/span>\u00a0 kr\u00e4ftige S\u00fc\u00dfe von reifem Steinobst, dahinter Aromen von frisch geschnittenem Kiefernholz, umh\u00fcllt vom Rauch eines gl\u00fchenden Lagerfeuers<\/p>\n<p><span style=\"color: #f0ae13;\"><strong>Abgang:<\/strong><\/span>\u00a0 \u00a0 langer, eleganter und sehr komplexer Abgang<\/p>\n","protected":false},"excerpt":{"rendered":"<ul>\n<li>dunkles und intensives Raucharoma eines ber\u00fchmten Islay Whiskies<\/li>\n<li>perfekt ausbalanciert mit einer tiefen Sherry-S\u00fc\u00dfe<\/li>\n<li>w\u00fcrzige Holznoten von Eiche und Kiefer<\/li>\n<li>langer, ambrosialer Abgang mit reichlich rauchigen Aromen<\/li>\n<li>ein Klassiker f\u00fcr Liebhaber stark getorfter Single Malts<\/li>\n<\/ul>\n<div>\n<div style=\"width: 49%; float: left; margin-right: 1%;\"><iframe src=\"https:\/\/www.youtube.com\/embed\/28UnsZzOFDg\" width=\"560\" height=\"206\" frameborder=\"0\" allowfullscreen=\"allowfullscreen\"><\/iframe><\/div>\n<\/div>\n","protected":false},"featured_media":18721,"comment_status":"open","ping_status":"closed","template":"","meta":[],"product_brand":[],"product_cat":[944,942,940],"product_tag":[769,800,821,844,819,818,823,824,832],"class_list":{"0":"post-16480","1":"product","2":"type-product","3":"status-publish","4":"has-post-thumbnail","6":"product_cat-islands-de","7":"product_cat-islay-de","8":"product_cat-scotch-de","9":"product_tag-16-jahre","10":"product_tag-islay-de","11":"product_tag-lagavulin-de","12":"product_tag-rauchig","13":"product_tag-schottland-de","14":"product_tag-scotch-de","15":"product_tag-sherry-fass","16":"product_tag-single-malt-de","17":"product_tag-whisky-de","18":"pa_alcohol-content-43-de","19":"pa_bottled-at-abgefullt-durch-hersteller","20":"pa_country-schottland","21":"pa_distillery-lagavulin-de","22":"pa_maturation-casks-bourbon-de","23":"pa_maturation-casks-sherry-de","24":"pa_minimum-age-10-jahre","25":"pa_minimum-age-12-jahre","26":"pa_minimum-age-16-jahre","27":"pa_product-net-content-70-cl-de","28":"pa_scotland-islay-de","29":"pa_whisky-type-single-malt-de","30":"no-featured-image-padding","31":"sales-flash-overlay","32":"woocommerce-text-align-center","33":"woocommerce-image-align-center","34":"do-quantity-buttons","35":"wc-has-gallery","37":"first","38":"instock","39":"featured","40":"taxable","41":"shipping-taxable","42":"purchasable","43":"product-type-simple"},"yoast_head":"<!-- This site is optimized with the Yoast SEO plugin v27.0 - https:\/\/yoast.com\/product\/yoast-seo-wordpress\/ -->\n<title>Lagavulin 16 Jahre Single Malt - Whisky4you Kaufen Sie jetzt!<\/title>\n<meta name=\"description\" content=\"Lagavulin 16 Jahre Single Malt ist ein alter Klassiker aus stark getorftem Whisky, dunkele, tiefe Sherry S\u00fc\u00dfe und komplexe Holzaromen\" \/>\n<meta name=\"robots\" content=\"index, follow, max-snippet:-1, max-image-preview:large, max-video-preview:-1\" \/>\n<link rel=\"canonical\" href=\"https:\/\/whisky4you.net\/produkt\/lagavulin-16-years\/\" \/>\n<meta property=\"og:locale\" content=\"de_DE\" \/>\n<meta property=\"og:type\" content=\"article\" \/>\n<meta property=\"og:title\" content=\"Lagavulin 16 Jahre Single Malt - Whisky4you Kaufen Sie jetzt!\" \/>\n<meta property=\"og:description\" content=\"Lagavulin 16 Jahre Single Malt ist ein alter Klassiker aus stark getorftem Whisky, dunkele, tiefe Sherry S\u00fc\u00dfe und komplexe Holzaromen\" \/>\n<meta property=\"og:url\" content=\"https:\/\/whisky4you.net\/produkt\/lagavulin-16-years\/\" \/>\n<meta property=\"og:site_name\" content=\"Whisky4you\" \/>\n<meta property=\"article:publisher\" content=\"https:\/\/www.facebook.com\/Whisky4you.net\" \/>\n<meta property=\"article:modified_time\" content=\"2025-08-02T10:13:30+00:00\" \/>\n<meta property=\"og:image\" content=\"https:\/\/whisky4you.net\/wp-content\/uploads\/2020\/12\/Lagavulin16J_shopK.jpg\" \/>\n\t<meta property=\"og:image:width\" content=\"854\" \/>\n\t<meta property=\"og:image:height\" content=\"854\" \/>\n\t<meta property=\"og:image:type\" content=\"image\/jpeg\" \/>\n<meta name=\"twitter:card\" content=\"summary_large_image\" \/>\n<meta name=\"twitter:label1\" content=\"Gesch\u00e4tzte Lesezeit\" \/>\n\t<meta name=\"twitter:data1\" content=\"2\u00a0Minuten\" \/>\n<script type=\"application\/ld+json\" class=\"yoast-schema-graph\">{\"@context\":\"https:\/\/schema.org\",\"@graph\":[{\"@type\":\"WebPage\",\"@id\":\"https:\/\/whisky4you.net\/produkt\/lagavulin-16-years\/\",\"url\":\"https:\/\/whisky4you.net\/produkt\/lagavulin-16-years\/\",\"name\":\"Lagavulin 16 Jahre Single Malt - Whisky4you Kaufen Sie jetzt!\",\"isPartOf\":{\"@id\":\"https:\/\/whisky4you.net\/de\/#website\"},\"primaryImageOfPage\":{\"@id\":\"https:\/\/whisky4you.net\/produkt\/lagavulin-16-years\/#primaryimage\"},\"image\":{\"@id\":\"https:\/\/whisky4you.net\/produkt\/lagavulin-16-years\/#primaryimage\"},\"thumbnailUrl\":\"https:\/\/whisky4you.net\/wp-content\/uploads\/2020\/12\/Lagavulin16J_shopK.jpg\",\"datePublished\":\"2018-03-17T14:50:45+00:00\",\"dateModified\":\"2025-08-02T10:13:30+00:00\",\"description\":\"Lagavulin 16 Jahre Single Malt ist ein alter Klassiker aus stark getorftem Whisky, dunkele, tiefe Sherry S\u00fc\u00dfe und komplexe Holzaromen\",\"breadcrumb\":{\"@id\":\"https:\/\/whisky4you.net\/produkt\/lagavulin-16-years\/#breadcrumb\"},\"inLanguage\":\"de\",\"potentialAction\":[{\"@type\":\"ReadAction\",\"target\":[\"https:\/\/whisky4you.net\/produkt\/lagavulin-16-years\/\"]}]},{\"@type\":\"ImageObject\",\"inLanguage\":\"de\",\"@id\":\"https:\/\/whisky4you.net\/produkt\/lagavulin-16-years\/#primaryimage\",\"url\":\"https:\/\/whisky4you.net\/wp-content\/uploads\/2020\/12\/Lagavulin16J_shopK.jpg\",\"contentUrl\":\"https:\/\/whisky4you.net\/wp-content\/uploads\/2020\/12\/Lagavulin16J_shopK.jpg\",\"width\":854,\"height\":854,\"caption\":\"Lagavulin 16 Jahre Single Malt ist ein alter Klassiker aus stark getorftem Malz, dunkel und intensiv, mit einer tiefen S\u00fc\u00dfe, Sherry- und Eichenaromen.\"},{\"@type\":\"BreadcrumbList\",\"@id\":\"https:\/\/whisky4you.net\/produkt\/lagavulin-16-years\/#breadcrumb\",\"itemListElement\":[{\"@type\":\"ListItem\",\"position\":1,\"name\":\"Home\",\"item\":\"https:\/\/whisky4you.net\/\"},{\"@type\":\"ListItem\",\"position\":2,\"name\":\"Online Shop\",\"item\":\"https:\/\/whisky4you.net\/de\/online-shop\/\"},{\"@type\":\"ListItem\",\"position\":3,\"name\":\"Lagavulin 16 Jahre Single Malt\"}]},{\"@type\":\"WebSite\",\"@id\":\"https:\/\/whisky4you.net\/de\/#website\",\"url\":\"https:\/\/whisky4you.net\/de\/\",\"name\":\"Whisky4you\",\"description\":\"Dedicated to Whisky interest and Whisky lovers\",\"publisher\":{\"@id\":\"https:\/\/whisky4you.net\/de\/#organization\"},\"potentialAction\":[{\"@type\":\"SearchAction\",\"target\":{\"@type\":\"EntryPoint\",\"urlTemplate\":\"https:\/\/whisky4you.net\/de\/?s={search_term_string}\"},\"query-input\":{\"@type\":\"PropertyValueSpecification\",\"valueRequired\":true,\"valueName\":\"search_term_string\"}}],\"inLanguage\":\"de\"},{\"@type\":\"Organization\",\"@id\":\"https:\/\/whisky4you.net\/de\/#organization\",\"name\":\"Whisky4you\",\"url\":\"https:\/\/whisky4you.net\/de\/\",\"logo\":{\"@type\":\"ImageObject\",\"inLanguage\":\"de\",\"@id\":\"https:\/\/whisky4you.net\/de\/#\/schema\/logo\/image\/\",\"url\":\"https:\/\/whisky4you.net\/wp-content\/uploads\/2020\/12\/cropped-cropped-cropped-cropped-logo-head.png\",\"contentUrl\":\"https:\/\/whisky4you.net\/wp-content\/uploads\/2020\/12\/cropped-cropped-cropped-cropped-logo-head.png\",\"width\":250,\"height\":81,\"caption\":\"Whisky4you\"},\"image\":{\"@id\":\"https:\/\/whisky4you.net\/de\/#\/schema\/logo\/image\/\"},\"sameAs\":[\"https:\/\/www.facebook.com\/Whisky4you.net\",\"https:\/\/www.linkedin.com\/company\/whisky4you\/?viewAsMember=true\"]}]}<\/script>\n<!-- \/ Yoast SEO plugin. -->","yoast_head_json":{"title":"Lagavulin 16 Jahre Single Malt - Whisky4you Kaufen Sie jetzt!","description":"Lagavulin 16 Jahre Single Malt ist ein alter Klassiker aus stark getorftem Whisky, dunkele, tiefe Sherry S\u00fc\u00dfe und komplexe Holzaromen","robots":{"index":"index","follow":"follow","max-snippet":"max-snippet:-1","max-image-preview":"max-image-preview:large","max-video-preview":"max-video-preview:-1"},"canonical":"https:\/\/whisky4you.net\/produkt\/lagavulin-16-years\/","og_locale":"de_DE","og_type":"article","og_title":"Lagavulin 16 Jahre Single Malt - Whisky4you Kaufen Sie jetzt!","og_description":"Lagavulin 16 Jahre Single Malt ist ein alter Klassiker aus stark getorftem Whisky, dunkele, tiefe Sherry S\u00fc\u00dfe und komplexe Holzaromen","og_url":"https:\/\/whisky4you.net\/produkt\/lagavulin-16-years\/","og_site_name":"Whisky4you","article_publisher":"https:\/\/www.facebook.com\/Whisky4you.net","article_modified_time":"2025-08-02T10:13:30+00:00","og_image":[{"width":854,"height":854,"url":"https:\/\/whisky4you.net\/wp-content\/uploads\/2020\/12\/Lagavulin16J_shopK.jpg","type":"image\/jpeg"}],"twitter_card":"summary_large_image","twitter_misc":{"Gesch\u00e4tzte Lesezeit":"2\u00a0Minuten"},"schema":{"@context":"https:\/\/schema.org","@graph":[{"@type":"WebPage","@id":"https:\/\/whisky4you.net\/produkt\/lagavulin-16-years\/","url":"https:\/\/whisky4you.net\/produkt\/lagavulin-16-years\/","name":"Lagavulin 16 Jahre Single Malt - Whisky4you Kaufen Sie jetzt!","isPartOf":{"@id":"https:\/\/whisky4you.net\/de\/#website"},"primaryImageOfPage":{"@id":"https:\/\/whisky4you.net\/produkt\/lagavulin-16-years\/#primaryimage"},"image":{"@id":"https:\/\/whisky4you.net\/produkt\/lagavulin-16-years\/#primaryimage"},"thumbnailUrl":"https:\/\/whisky4you.net\/wp-content\/uploads\/2020\/12\/Lagavulin16J_shopK.jpg","datePublished":"2018-03-17T14:50:45+00:00","dateModified":"2025-08-02T10:13:30+00:00","description":"Lagavulin 16 Jahre Single Malt ist ein alter Klassiker aus stark getorftem Whisky, dunkele, tiefe Sherry S\u00fc\u00dfe und komplexe Holzaromen","breadcrumb":{"@id":"https:\/\/whisky4you.net\/produkt\/lagavulin-16-years\/#breadcrumb"},"inLanguage":"de","potentialAction":[{"@type":"ReadAction","target":["https:\/\/whisky4you.net\/produkt\/lagavulin-16-years\/"]}]},{"@type":"ImageObject","inLanguage":"de","@id":"https:\/\/whisky4you.net\/produkt\/lagavulin-16-years\/#primaryimage","url":"https:\/\/whisky4you.net\/wp-content\/uploads\/2020\/12\/Lagavulin16J_shopK.jpg","contentUrl":"https:\/\/whisky4you.net\/wp-content\/uploads\/2020\/12\/Lagavulin16J_shopK.jpg","width":854,"height":854,"caption":"Lagavulin 16 Jahre Single Malt ist ein alter Klassiker aus stark getorftem Malz, dunkel und intensiv, mit einer tiefen S\u00fc\u00dfe, Sherry- und Eichenaromen."},{"@type":"BreadcrumbList","@id":"https:\/\/whisky4you.net\/produkt\/lagavulin-16-years\/#breadcrumb","itemListElement":[{"@type":"ListItem","position":1,"name":"Home","item":"https:\/\/whisky4you.net\/"},{"@type":"ListItem","position":2,"name":"Online Shop","item":"https:\/\/whisky4you.net\/de\/online-shop\/"},{"@type":"ListItem","position":3,"name":"Lagavulin 16 Jahre Single Malt"}]},{"@type":"WebSite","@id":"https:\/\/whisky4you.net\/de\/#website","url":"https:\/\/whisky4you.net\/de\/","name":"Whisky4you","description":"Dedicated to Whisky interest and Whisky lovers","publisher":{"@id":"https:\/\/whisky4you.net\/de\/#organization"},"potentialAction":[{"@type":"SearchAction","target":{"@type":"EntryPoint","urlTemplate":"https:\/\/whisky4you.net\/de\/?s={search_term_string}"},"query-input":{"@type":"PropertyValueSpecification","valueRequired":true,"valueName":"search_term_string"}}],"inLanguage":"de"},{"@type":"Organization","@id":"https:\/\/whisky4you.net\/de\/#organization","name":"Whisky4you","url":"https:\/\/whisky4you.net\/de\/","logo":{"@type":"ImageObject","inLanguage":"de","@id":"https:\/\/whisky4you.net\/de\/#\/schema\/logo\/image\/","url":"https:\/\/whisky4you.net\/wp-content\/uploads\/2020\/12\/cropped-cropped-cropped-cropped-logo-head.png","contentUrl":"https:\/\/whisky4you.net\/wp-content\/uploads\/2020\/12\/cropped-cropped-cropped-cropped-logo-head.png","width":250,"height":81,"caption":"Whisky4you"},"image":{"@id":"https:\/\/whisky4you.net\/de\/#\/schema\/logo\/image\/"},"sameAs":["https:\/\/www.facebook.com\/Whisky4you.net","https:\/\/www.linkedin.com\/company\/whisky4you\/?viewAsMember=true"]}]}},"jetpack_sharing_enabled":true,"_links":{"self":[{"href":"https:\/\/whisky4you.net\/de\/wp-json\/wp\/v2\/product\/16480","targetHints":{"allow":["GET"]}}],"collection":[{"href":"https:\/\/whisky4you.net\/de\/wp-json\/wp\/v2\/product"}],"about":[{"href":"https:\/\/whisky4you.net\/de\/wp-json\/wp\/v2\/types\/product"}],"replies":[{"embeddable":true,"href":"https:\/\/whisky4you.net\/de\/wp-json\/wp\/v2\/comments?post=16480"}],"version-history":[{"count":1,"href":"https:\/\/whisky4you.net\/de\/wp-json\/wp\/v2\/product\/16480\/revisions"}],"predecessor-version":[{"id":24546,"href":"https:\/\/whisky4you.net\/de\/wp-json\/wp\/v2\/product\/16480\/revisions\/24546"}],"wp:featuredmedia":[{"embeddable":true,"href":"https:\/\/whisky4you.net\/de\/wp-json\/wp\/v2\/media\/18721"}],"wp:attachment":[{"href":"https:\/\/whisky4you.net\/de\/wp-json\/wp\/v2\/media?parent=16480"}],"wp:term":[{"taxonomy":"product_brand","embeddable":true,"href":"https:\/\/whisky4you.net\/de\/wp-json\/wp\/v2\/product_brand?post=16480"},{"taxonomy":"product_cat","embeddable":true,"href":"https:\/\/whisky4you.net\/de\/wp-json\/wp\/v2\/product_cat?post=16480"},{"taxonomy":"product_tag","embeddable":true,"href":"https:\/\/whisky4you.net\/de\/wp-json\/wp\/v2\/product_tag?post=16480"}],"curies":[{"name":"wp","href":"https:\/\/api.w.org\/{rel}","templated":true}]}}