{"id":16484,"date":"2019-11-04T21:57:28","date_gmt":"2019-11-04T20:57:28","guid":{"rendered":"https:\/\/whisky4you.net\/product\/bowmore-atlantic-sea-salt-de\/"},"modified":"2025-06-27T08:47:14","modified_gmt":"2025-06-27T07:47:14","slug":"bowmore-atlantic-sea-salt-de","status":"publish","type":"product","link":"https:\/\/whisky4you.net\/de\/produkt\/bowmore-atlantic-sea-salt-de\/","title":{"rendered":"Bowmore Atlantic Sea Salt"},"content":{"rendered":"<h3>Ein kr\u00e4ftiger Insel Whisky mit viel Charakter<\/h3>\n<p>&#8222;Bowmore Atlantic Sea Salt&#8220; ist die erste Flasche aus der Serie der Vault Edition, die die 4 Geschmacksrichtungen der Brennerei symbolisiert. Diese limitierte Edition &#8222;Vault Edition 1st Release&#8220; repr\u00e4sentiert die salzig-maritimen Aromen, eingeh\u00fcllt von feinem Torfrauch, wie man es von einem richtigen Islay Whisky erwartet. Er wird mit einer Fassst\u00e4rke von 51,5% abgef\u00fcllt, also ebenso wie die zweite Ver\u00f6ffentlichung \u201eBowmore Peat Smoke\u201c ein sehr kr\u00e4ftiger Scotch.<\/p>\n<h3>Handgemachter Geschmack vom Malz bis zum Lagerfass<\/h3>\n<p>Bowmore ist eine der wenigen Brennereien, die ihr Malz nicht zukaufen, sondern in einer eigenen M\u00e4lzerei speziell auf das gezielte Aroma abstimmen. Der Bowmore Atlantic Sea Salt \u00fcberzeugt mit Aromen von cremigen Torfrauch und gl\u00fchender Kohle, die eine Kombination aus s\u00fc\u00dfen Sommerfr\u00fcchten, Vanille- und Honigaromen umh\u00fcllen. Im Abgang finden sich zarte leicht bittere Kakaonoten und nat\u00fcrlich das maritime Note des No. 1 Vault Lagerhauses. Mit dem Bowmore Atlantic Sea Salt haben die Master Distiller auf Islay einen tiefgr\u00fcndigen Single Malt kreiert, die perfekte Wahl f\u00fcr Liebhaber komplexer Whiskys mit deutlichem Rauchgehalt, der aber auch noch Raum f\u00fcr viele weitere Aromen l\u00e4sst.<\/p>\n<h3>Die Vault Editionen &#8211; interessant f\u00fcr Sammler von Bowmore Whiskies<\/h3>\n<p>Die vier Whiskies dieser Serie werden in dem l<a href=\"https:\/\/www.bowmore.com\/whisky\/bowmore-vault-2nd-release\" target=\"_blank\" rel=\"noopener noreferrer\">egend\u00e4ren Lagerhaus \u201eNo. 1 Vault<\/a> \u201c gelagert, das als \u00e4ltestes Whisky Lager der Welt gilt. Es wurde 1779 erbaut und liegt teilweise unter dem Meeresspiegel. Dadurch wird eine besondere salzig-jodidhaltige Atmosph\u00e4re erzeugt, die auch in die gelagerten F\u00e4sser diffundiert und so besondere charakteristische maritime, mineralische Aromen hinzuf\u00fcgt. In diesem Lagerhaus reiften viele ber\u00fchmte und einige \u00fcber 50 Jahre alte Bowmore-Kreationen und nun auch die Vault-Editionen. Die 4 streng limitierten Abf\u00fcllungen zeichnen sich jeweils durch einen der 4 Hauptgeschmacksrichtungen von Bowmore Whiskies aus:<\/p>\n<ul>\n<li>salzig \/ maritim<\/li>\n<li>rauchig<\/li>\n<li>fruchtig<\/li>\n<li>s\u00fc\u00df<\/li>\n<\/ul>\n<p>Die zweite Edition Vault Edition 2nd Release &#8222;Peat Smoke&#8220; ist ebenfalls bereits auf dem Markt erh\u00e4ltlich. Zwei weitere werden noch erwartet &#8211; eine interessante Serie, auf die sich Bowmore Liebhaber und Sammler freuen.<\/p>\n<p>Schauen Sie sich auch unsere Verkostungsvideos an und st\u00f6bern Sie durch die Hintergrundartikel in unserem Blog &#8222;<a href=\"https:\/\/whisky4you.net\/de\/alles-ueber-whisky\/\" target=\"_blank\" rel=\"noopener noreferrer\">Alles \u00fcber Whisky<\/a>&#8222;.<\/p>\n<p><span style=\"color: #f0ae13;\"><strong>Typ:<\/strong>\u00a0<\/span>\u00a0 \u00a0 Single Malt Whisky<\/p>\n<p><strong><span style=\"color: #f0ae13;\">Aroma:\u00a0 <\/span><\/strong><span style=\"color: #000000;\">Salzige Seeluft und feiner Torf Rauch umwehen s\u00fc\u00dfe Sommerfr\u00fcchte , Vanille und Honig<\/span><\/p>\n<p><span style=\"color: #f0ae13;\"><strong>Geschmack:<\/strong>\u00a0<\/span> fruchtig und s\u00fc\u00df, die feine, delikate Torf Rauch Note wird nun durch eine milde W\u00fcrze abgerundet<\/p>\n<p><span style=\"color: #f0ae13;\"><strong>Abgang:<\/strong>\u00a0<\/span> Seeluft und feine Rauch Noten umgeben eine angenehme S\u00fc\u00dfe von Brombeeren und Bitterorange<\/p>\n","protected":false},"excerpt":{"rendered":"<ul>\n<li>Single Malt Scotch in Fassst\u00e4rke 51,5%<\/li>\n<li>Vault No. 1\u00a0 1st Release der Destillerie Kollektion<\/li>\n<li>repr\u00e4sentiert die salzig-maritimen Bowmore Aromen<\/li>\n<li>gereift im ber\u00fchmten Lager Vault No. 1<\/li>\n<li>sch\u00f6nes Aroma von Sommerfr\u00fcchten, Vanille und Honig<\/li>\n<li>begleitet von einer bitteren Kakaonote und cremigem Torfrauch<\/li>\n<\/ul>\n<div>\n<div style=\"width: 49%; float: left; margin-right: 1%;\">[borlabs-cookie type=\"content-blocker\" id=\"youtube\" title=\"Youtube\"]<iframe src=\"https:\/\/www.youtube.com\/embed\/jMai2ZPBiU0\" width=\"560\" height=\"206\" frameborder=\"0\" allowfullscreen=\"allowfullscreen\"><\/iframe>[\/borlabs-cookie]<\/div>\n<\/div>\n","protected":false},"featured_media":18262,"comment_status":"open","ping_status":"closed","template":"","meta":[],"product_brand":[],"product_cat":[944,942,940],"product_tag":[778,782,800,969,819,818,824,982,832],"class_list":{"0":"post-16484","1":"product","2":"type-product","3":"status-publish","4":"has-post-thumbnail","6":"product_cat-islands-de","7":"product_cat-islay-de","8":"product_cat-scotch-de","9":"product_tag-atlantic-sea-salt-de","10":"product_tag-bowmore-de","11":"product_tag-islay-de","12":"product_tag-rauchig-de","13":"product_tag-schottland-de","14":"product_tag-scotch-de","15":"product_tag-single-malt-de","16":"product_tag-vault-no-1-de","17":"product_tag-whisky-de","18":"pa_alcohol-content-511-de","19":"pa_bottled-at-abgefullt-durch-hersteller","20":"pa_country-schottland","21":"pa_distillery-bowmore-de","22":"pa_maturation-casks-bourbon-de","23":"pa_product-net-content-70-cl-de","24":"pa_scotland-islands-de","25":"pa_scotland-islay-de","26":"pa_whisky-type-single-malt-de","27":"no-featured-image-padding","28":"sales-flash-overlay","29":"woocommerce-text-align-center","30":"woocommerce-image-align-center","31":"do-quantity-buttons","32":"wc-has-gallery","34":"first","35":"outofstock","36":"featured","37":"taxable","38":"shipping-taxable","39":"purchasable","40":"product-type-simple"},"yoast_head":"<!-- This site is optimized with the Yoast SEO plugin v27.0 - https:\/\/yoast.com\/product\/yoast-seo-wordpress\/ -->\n<title>Bowmore Atlantic Sea Salt - Whisky4you Kaufen Sie jetzt!<\/title>\n<meta name=\"description\" content=\"Single Malt &quot;Bowmore Atlantic Sea Salt&quot;, abgef\u00fcllt mit 51,5 Vol .-%, repr\u00e4sentiert salzig-maritime Aromen, die von einer guten Portion Rauch begleitet werden.\" \/>\n<meta name=\"robots\" content=\"index, follow, max-snippet:-1, max-image-preview:large, max-video-preview:-1\" \/>\n<link rel=\"canonical\" href=\"https:\/\/whisky4you.net\/de\/produkt\/bowmore-atlantic-sea-salt-de\/\" \/>\n<meta property=\"og:locale\" content=\"de_DE\" \/>\n<meta property=\"og:type\" content=\"article\" \/>\n<meta property=\"og:title\" content=\"Bowmore Atlantic Sea Salt - Whisky4you Kaufen Sie jetzt!\" \/>\n<meta property=\"og:description\" content=\"Single Malt &quot;Bowmore Atlantic Sea Salt&quot;, abgef\u00fcllt mit 51,5 Vol .-%, repr\u00e4sentiert salzig-maritime Aromen, die von einer guten Portion Rauch begleitet werden.\" \/>\n<meta property=\"og:url\" content=\"https:\/\/whisky4you.net\/de\/produkt\/bowmore-atlantic-sea-salt-de\/\" \/>\n<meta property=\"og:site_name\" content=\"Whisky4you\" \/>\n<meta property=\"article:publisher\" content=\"https:\/\/www.facebook.com\/Whisky4you.net\" \/>\n<meta property=\"article:modified_time\" content=\"2025-06-27T07:47:14+00:00\" \/>\n<meta property=\"og:image\" content=\"https:\/\/i0.wp.com\/whisky4you.net\/wp-content\/uploads\/2019\/11\/BowmoreAtlanticSeasaltK_shop.jpg?fit=840%2C840&ssl=1\" \/>\n\t<meta property=\"og:image:width\" content=\"840\" \/>\n\t<meta property=\"og:image:height\" content=\"840\" \/>\n\t<meta property=\"og:image:type\" content=\"image\/jpeg\" \/>\n<meta name=\"twitter:card\" content=\"summary_large_image\" \/>\n<meta name=\"twitter:label1\" content=\"Gesch\u00e4tzte Lesezeit\" \/>\n\t<meta name=\"twitter:data1\" content=\"2\u00a0Minuten\" \/>\n<script type=\"application\/ld+json\" class=\"yoast-schema-graph\">{\"@context\":\"https:\/\/schema.org\",\"@graph\":[{\"@type\":\"WebPage\",\"@id\":\"https:\/\/whisky4you.net\/de\/produkt\/bowmore-atlantic-sea-salt-de\/\",\"url\":\"https:\/\/whisky4you.net\/de\/produkt\/bowmore-atlantic-sea-salt-de\/\",\"name\":\"Bowmore Atlantic Sea Salt - Whisky4you Kaufen Sie jetzt!\",\"isPartOf\":{\"@id\":\"https:\/\/whisky4you.net\/de\/#website\"},\"primaryImageOfPage\":{\"@id\":\"https:\/\/whisky4you.net\/de\/produkt\/bowmore-atlantic-sea-salt-de\/#primaryimage\"},\"image\":{\"@id\":\"https:\/\/whisky4you.net\/de\/produkt\/bowmore-atlantic-sea-salt-de\/#primaryimage\"},\"thumbnailUrl\":\"https:\/\/whisky4you.net\/wp-content\/uploads\/2019\/11\/BowmoreAtlanticSeasaltK_shop.jpg\",\"datePublished\":\"2019-11-04T20:57:28+00:00\",\"dateModified\":\"2025-06-27T07:47:14+00:00\",\"description\":\"Single Malt \\\"Bowmore Atlantic Sea Salt\\\", abgef\u00fcllt mit 51,5 Vol .-%, repr\u00e4sentiert salzig-maritime Aromen, die von einer guten Portion Rauch begleitet werden.\",\"breadcrumb\":{\"@id\":\"https:\/\/whisky4you.net\/de\/produkt\/bowmore-atlantic-sea-salt-de\/#breadcrumb\"},\"inLanguage\":\"de\",\"potentialAction\":[{\"@type\":\"ReadAction\",\"target\":[\"https:\/\/whisky4you.net\/de\/produkt\/bowmore-atlantic-sea-salt-de\/\"]}]},{\"@type\":\"ImageObject\",\"inLanguage\":\"de\",\"@id\":\"https:\/\/whisky4you.net\/de\/produkt\/bowmore-atlantic-sea-salt-de\/#primaryimage\",\"url\":\"https:\/\/whisky4you.net\/wp-content\/uploads\/2019\/11\/BowmoreAtlanticSeasaltK_shop.jpg\",\"contentUrl\":\"https:\/\/whisky4you.net\/wp-content\/uploads\/2019\/11\/BowmoreAtlanticSeasaltK_shop.jpg\",\"width\":840,\"height\":840,\"caption\":\"Single Malt \\\"Bowmore Atlantic Sea Salt\\\", abgef\u00fcllt mit 51,5% Vol., repr\u00e4sentiert salzig-maritime Aromen, die von einer guten Portion Rauch begleitet werden.\"},{\"@type\":\"BreadcrumbList\",\"@id\":\"https:\/\/whisky4you.net\/de\/produkt\/bowmore-atlantic-sea-salt-de\/#breadcrumb\",\"itemListElement\":[{\"@type\":\"ListItem\",\"position\":1,\"name\":\"Home\",\"item\":\"https:\/\/whisky4you.net\/\"},{\"@type\":\"ListItem\",\"position\":2,\"name\":\"Online Shop\",\"item\":\"https:\/\/whisky4you.net\/de\/online-shop\/\"},{\"@type\":\"ListItem\",\"position\":3,\"name\":\"Bowmore Atlantic Sea Salt\"}]},{\"@type\":\"WebSite\",\"@id\":\"https:\/\/whisky4you.net\/de\/#website\",\"url\":\"https:\/\/whisky4you.net\/de\/\",\"name\":\"Whisky4you\",\"description\":\"Dedicated to Whisky interest and Whisky lovers\",\"publisher\":{\"@id\":\"https:\/\/whisky4you.net\/de\/#organization\"},\"potentialAction\":[{\"@type\":\"SearchAction\",\"target\":{\"@type\":\"EntryPoint\",\"urlTemplate\":\"https:\/\/whisky4you.net\/de\/?s={search_term_string}\"},\"query-input\":{\"@type\":\"PropertyValueSpecification\",\"valueRequired\":true,\"valueName\":\"search_term_string\"}}],\"inLanguage\":\"de\"},{\"@type\":\"Organization\",\"@id\":\"https:\/\/whisky4you.net\/de\/#organization\",\"name\":\"Whisky4you\",\"url\":\"https:\/\/whisky4you.net\/de\/\",\"logo\":{\"@type\":\"ImageObject\",\"inLanguage\":\"de\",\"@id\":\"https:\/\/whisky4you.net\/de\/#\/schema\/logo\/image\/\",\"url\":\"https:\/\/whisky4you.net\/wp-content\/uploads\/2020\/12\/cropped-cropped-cropped-cropped-logo-head.png\",\"contentUrl\":\"https:\/\/whisky4you.net\/wp-content\/uploads\/2020\/12\/cropped-cropped-cropped-cropped-logo-head.png\",\"width\":250,\"height\":81,\"caption\":\"Whisky4you\"},\"image\":{\"@id\":\"https:\/\/whisky4you.net\/de\/#\/schema\/logo\/image\/\"},\"sameAs\":[\"https:\/\/www.facebook.com\/Whisky4you.net\",\"https:\/\/www.linkedin.com\/company\/whisky4you\/?viewAsMember=true\"]}]}<\/script>\n<!-- \/ Yoast SEO plugin. -->","yoast_head_json":{"title":"Bowmore Atlantic Sea Salt - Whisky4you Kaufen Sie jetzt!","description":"Single Malt \"Bowmore Atlantic Sea Salt\", abgef\u00fcllt mit 51,5 Vol .-%, repr\u00e4sentiert salzig-maritime Aromen, die von einer guten Portion Rauch begleitet werden.","robots":{"index":"index","follow":"follow","max-snippet":"max-snippet:-1","max-image-preview":"max-image-preview:large","max-video-preview":"max-video-preview:-1"},"canonical":"https:\/\/whisky4you.net\/de\/produkt\/bowmore-atlantic-sea-salt-de\/","og_locale":"de_DE","og_type":"article","og_title":"Bowmore Atlantic Sea Salt - Whisky4you Kaufen Sie jetzt!","og_description":"Single Malt \"Bowmore Atlantic Sea Salt\", abgef\u00fcllt mit 51,5 Vol .-%, repr\u00e4sentiert salzig-maritime Aromen, die von einer guten Portion Rauch begleitet werden.","og_url":"https:\/\/whisky4you.net\/de\/produkt\/bowmore-atlantic-sea-salt-de\/","og_site_name":"Whisky4you","article_publisher":"https:\/\/www.facebook.com\/Whisky4you.net","article_modified_time":"2025-06-27T07:47:14+00:00","og_image":[{"width":840,"height":840,"url":"https:\/\/i0.wp.com\/whisky4you.net\/wp-content\/uploads\/2019\/11\/BowmoreAtlanticSeasaltK_shop.jpg?fit=840%2C840&ssl=1","type":"image\/jpeg"}],"twitter_card":"summary_large_image","twitter_misc":{"Gesch\u00e4tzte Lesezeit":"2\u00a0Minuten"},"schema":{"@context":"https:\/\/schema.org","@graph":[{"@type":"WebPage","@id":"https:\/\/whisky4you.net\/de\/produkt\/bowmore-atlantic-sea-salt-de\/","url":"https:\/\/whisky4you.net\/de\/produkt\/bowmore-atlantic-sea-salt-de\/","name":"Bowmore Atlantic Sea Salt - Whisky4you Kaufen Sie jetzt!","isPartOf":{"@id":"https:\/\/whisky4you.net\/de\/#website"},"primaryImageOfPage":{"@id":"https:\/\/whisky4you.net\/de\/produkt\/bowmore-atlantic-sea-salt-de\/#primaryimage"},"image":{"@id":"https:\/\/whisky4you.net\/de\/produkt\/bowmore-atlantic-sea-salt-de\/#primaryimage"},"thumbnailUrl":"https:\/\/whisky4you.net\/wp-content\/uploads\/2019\/11\/BowmoreAtlanticSeasaltK_shop.jpg","datePublished":"2019-11-04T20:57:28+00:00","dateModified":"2025-06-27T07:47:14+00:00","description":"Single Malt \"Bowmore Atlantic Sea Salt\", abgef\u00fcllt mit 51,5 Vol .-%, repr\u00e4sentiert salzig-maritime Aromen, die von einer guten Portion Rauch begleitet werden.","breadcrumb":{"@id":"https:\/\/whisky4you.net\/de\/produkt\/bowmore-atlantic-sea-salt-de\/#breadcrumb"},"inLanguage":"de","potentialAction":[{"@type":"ReadAction","target":["https:\/\/whisky4you.net\/de\/produkt\/bowmore-atlantic-sea-salt-de\/"]}]},{"@type":"ImageObject","inLanguage":"de","@id":"https:\/\/whisky4you.net\/de\/produkt\/bowmore-atlantic-sea-salt-de\/#primaryimage","url":"https:\/\/whisky4you.net\/wp-content\/uploads\/2019\/11\/BowmoreAtlanticSeasaltK_shop.jpg","contentUrl":"https:\/\/whisky4you.net\/wp-content\/uploads\/2019\/11\/BowmoreAtlanticSeasaltK_shop.jpg","width":840,"height":840,"caption":"Single Malt \"Bowmore Atlantic Sea Salt\", abgef\u00fcllt mit 51,5% Vol., repr\u00e4sentiert salzig-maritime Aromen, die von einer guten Portion Rauch begleitet werden."},{"@type":"BreadcrumbList","@id":"https:\/\/whisky4you.net\/de\/produkt\/bowmore-atlantic-sea-salt-de\/#breadcrumb","itemListElement":[{"@type":"ListItem","position":1,"name":"Home","item":"https:\/\/whisky4you.net\/"},{"@type":"ListItem","position":2,"name":"Online Shop","item":"https:\/\/whisky4you.net\/de\/online-shop\/"},{"@type":"ListItem","position":3,"name":"Bowmore Atlantic Sea Salt"}]},{"@type":"WebSite","@id":"https:\/\/whisky4you.net\/de\/#website","url":"https:\/\/whisky4you.net\/de\/","name":"Whisky4you","description":"Dedicated to Whisky interest and Whisky lovers","publisher":{"@id":"https:\/\/whisky4you.net\/de\/#organization"},"potentialAction":[{"@type":"SearchAction","target":{"@type":"EntryPoint","urlTemplate":"https:\/\/whisky4you.net\/de\/?s={search_term_string}"},"query-input":{"@type":"PropertyValueSpecification","valueRequired":true,"valueName":"search_term_string"}}],"inLanguage":"de"},{"@type":"Organization","@id":"https:\/\/whisky4you.net\/de\/#organization","name":"Whisky4you","url":"https:\/\/whisky4you.net\/de\/","logo":{"@type":"ImageObject","inLanguage":"de","@id":"https:\/\/whisky4you.net\/de\/#\/schema\/logo\/image\/","url":"https:\/\/whisky4you.net\/wp-content\/uploads\/2020\/12\/cropped-cropped-cropped-cropped-logo-head.png","contentUrl":"https:\/\/whisky4you.net\/wp-content\/uploads\/2020\/12\/cropped-cropped-cropped-cropped-logo-head.png","width":250,"height":81,"caption":"Whisky4you"},"image":{"@id":"https:\/\/whisky4you.net\/de\/#\/schema\/logo\/image\/"},"sameAs":["https:\/\/www.facebook.com\/Whisky4you.net","https:\/\/www.linkedin.com\/company\/whisky4you\/?viewAsMember=true"]}]}},"jetpack_sharing_enabled":true,"_links":{"self":[{"href":"https:\/\/whisky4you.net\/de\/wp-json\/wp\/v2\/product\/16484","targetHints":{"allow":["GET"]}}],"collection":[{"href":"https:\/\/whisky4you.net\/de\/wp-json\/wp\/v2\/product"}],"about":[{"href":"https:\/\/whisky4you.net\/de\/wp-json\/wp\/v2\/types\/product"}],"replies":[{"embeddable":true,"href":"https:\/\/whisky4you.net\/de\/wp-json\/wp\/v2\/comments?post=16484"}],"version-history":[{"count":0,"href":"https:\/\/whisky4you.net\/de\/wp-json\/wp\/v2\/product\/16484\/revisions"}],"wp:featuredmedia":[{"embeddable":true,"href":"https:\/\/whisky4you.net\/de\/wp-json\/wp\/v2\/media\/18262"}],"wp:attachment":[{"href":"https:\/\/whisky4you.net\/de\/wp-json\/wp\/v2\/media?parent=16484"}],"wp:term":[{"taxonomy":"product_brand","embeddable":true,"href":"https:\/\/whisky4you.net\/de\/wp-json\/wp\/v2\/product_brand?post=16484"},{"taxonomy":"product_cat","embeddable":true,"href":"https:\/\/whisky4you.net\/de\/wp-json\/wp\/v2\/product_cat?post=16484"},{"taxonomy":"product_tag","embeddable":true,"href":"https:\/\/whisky4you.net\/de\/wp-json\/wp\/v2\/product_tag?post=16484"}],"curies":[{"name":"wp","href":"https:\/\/api.w.org\/{rel}","templated":true}]}}