{"id":16536,"date":"2020-08-04T11:11:43","date_gmt":"2020-08-04T10:11:43","guid":{"rendered":"https:\/\/whisky4you.net\/product\/das-sammler-package\/"},"modified":"2024-01-17T21:47:50","modified_gmt":"2024-01-17T20:47:50","slug":"das-sammler-package","status":"publish","type":"product","link":"https:\/\/whisky4you.net\/de\/produkt\/das-sammler-package\/","title":{"rendered":"Das Sammler Package"},"content":{"rendered":"<h3><strong>Das Bowmore Sammler Package<\/strong><\/h3>\n<p>Und das bekommen Sie mit diesem limitierten Paket:<\/p>\n<h3>&#8222;Bowmore Atlantic Sea Salt&#8220;<\/h3>\n<p>ist die erste Flasche aus der Vault Edition, die &#8211; wie auch die zweite &#8211; mit Fassst\u00e4rke\u00a0 abgef\u00fcllt wurde, in diesem Fall mit kr\u00e4ftigen 51,5%. Diese limitierte Edition pr\u00e4sentiert die salzig-maritimen Aromen, die mit einer cremigen Rauchnote abgerundet werden. Bowmore kauft seinen Malz nicht zu, sondern betreibt eine eigene M\u00e4lzerei und R\u00e4ucherung, so dass hier ein sehr charakteristisches Torfrauch Aroma kreiert wird, das Torfkohle, aber auch gl\u00fchendes Holz, sowie einen ledrigen Charakter und Noten von ger\u00e4uchertem Schinken sp\u00fcren l\u00e4sst. Mit der perfekten Kombination aus s\u00fc\u00dfen Sommerfr\u00fcchten, Vanille und Honigaromen, einer leicht bitteren Kakaonote und nat\u00fcrlich der maritimen Note des No. 1 Vault Lagerhauses kreierte Bowmore hier einen tiefgr\u00fcndigen Single Malt, der f\u00fcr Liebhaber komplexer Whiskys mit delikatem Rauchanteil genau das Richtige ist.<\/p>\n<h3>&#8222;Bowmore Peat Smoke&#8220;<\/h3>\n<p>ist die zweite Flasche aus der Vault Edition, die im September 2019 auf den Markt kam und mit Fassst\u00e4rke von 50,1% abgef\u00fcllt wurde. Nach dem \u201eAtlantic Sea Salt\u201c, ist der Bowmore Peat Smoke den rauchigen Aromen gewidmet.\u00a0Diese werden gekonnt kombiniert mit fruchtigen Aromen von s\u00fc\u00dfen Datteln und Feigen, sowie einem Hauch von Minze und nat\u00fcrlich der maritimen Note des No. 1 Vault Lagerhauses. Bowmore beschert uns damit einen einzigartigen komplexen Whisky &#8211; ein MUSS f\u00fcr alle Fans von kr\u00e4ftigen und rauchigen Whikies.<\/p>\n<p><strong>\u00dcber die Vault Edition:<\/strong> Die vier Whiskies dieser Serie sind dem legend\u00e4ren Lagerhaus \u201eNo. 1 Vault\u201c gewidmet, das als das \u00e4lteste Whisky Lagerhaus der Welt gilt. Es wurde 1779 erbaut und liegt teilweise unterhalb des Meeresspiegels. Dadurch gibt es dort eine spezielle maritime Atmosph\u00e4re, die auch in die lagernden F\u00e4sser diffundiert und so die charakteristischen maritimen, salzig-mineralischen Geschmacksnoten hinzuf\u00fcgt. Viele ber\u00fchmte und teilweise \u00fcber 50 Jahre alte Bowmore Kreationen stammen aus diesem Lagerhaus. Und von dort stammt auch die Vault Edition. Die 4 streng limitierte Abf\u00fcllungen werden von jeweils einem der 4 Hauptaromen gekennzeichnet, die die Bowmore Whiskies w\u00fcrdevoll charakterisieren:<\/p>\n<ul>\n<li>salzig\/maritim<\/li>\n<li>rauchig<\/li>\n<li>fruchtig<\/li>\n<li>s\u00fc\u00df.<\/li>\n<\/ul>\n<p>Die letzten beiden Flaschen sind noch nicht auf dem Markt und werden von allen Bowmore Sammlern mit Spannung erwartet. Sie k\u00f6nnen also derzeit noch rechtzeitig in diese Sammlung einsteigen.<\/p>\n<h3>Der &#8222;Bowmore 18 Jahre Single Malt&#8220;<\/h3>\n<p>Der dunkle und komplexe Bowmore 18 Jahre Single Malt ist eine Flasche f\u00fcr Genie\u00dfer von hochqualitativen, aber rauen und charakterstarken Whiskies. Er ist ein w\u00fcrdiger Repr\u00e4sentant der wilden Sch\u00f6nheit Islays, der heftigen See und der salzigen, hebridischen Winde. Hier stellt Bowmore seit 1779 ihren Scotch her.\u00a0Perfekt ausbalancierte Aromen, reichhaltig, vielschichtig und ausdrucksstark, ist er einer der bemerkenswertesten Malts seiner Art. Der wunderbar komplexe und cremige Bowmore-Torfrauch umh\u00fcllt fruchtige und s\u00fc\u00dfe Herznoten. Cremiger Karamell, Schokolade und weiche, reifen Fr\u00fcchte lassen sich erahnen und f\u00fchren zu einem langen und wunderbar ausgewogenen Abgang. Die besondere Komplexit\u00e4t liegt nat\u00fcrlich auch in seinem hohen Alter begr\u00fcndet, das ihm viel Zeit verlieh, sich mit den verschiedenen Geschmacksnoten der Eichenf\u00e4sser anzureichern. Einen signifikanten Einfluss hatten in diesem Fall die Sherry F\u00e4sser im Finish<\/p>\n<p><strong>Holen Sie sich diese tollen Flaschen jetzt zu unserem speziellen Paketpreis!<\/strong><\/p>\n<p>(Weitere Details zu den einzelnen Flaschen auf den betreffenden Produktseiten hier im Shop.)<\/p>\n","protected":false},"excerpt":{"rendered":"<p><strong>&#8222;Bowmore Atlantic Sea Salt&#8220;<\/strong> 1st Release der Distillery Kollektion mit Bowmores salzigen Meeresaromen, sch\u00f6nes komplexes Aroma von Sommerfr\u00fcchten, Vanille und Honig begleitet von einer zart-bitteren Kakaonote und einem delikaten Hauch von Rauch<\/p>\n<p><strong>&#8222;Bowmore Peat Smoke&#8220;<\/strong> 2nd Release der Distillery Kollektion, gewidmet dem besonderen Bowmore-Rauchcharakter, dahinter Aromen von s\u00fc\u00dfes Datteln und Feigen und ein Hauch von Minze bedeckt mit feinem Torfrauch, dem Eindruck gl\u00fchender Holzscheite und einer k\u00fchlen Meeresbrise<\/p>\n<p><strong>&#8222;Bowmore 18 Jahre single Malt&#8220;<\/strong> ist perfekt ausbalanciert in seinen Aromen, reichhaltig, vielschichtig und ausdrucksstark. Hier steht das hohe Alter im Vordergrund, das ihm Tiefe und Komplexit\u00e4t verleiht. Hinter dem vollmundigen Torfrauch wartet ein Hauch von cremigem Karamell, Schokolade und weichen, reifen Fr\u00fcchten und f\u00fchrt zu einem langen und wunderbar ausgewogenen Abgang.<\/p>\n","protected":false},"featured_media":17957,"comment_status":"open","ping_status":"closed","template":"","meta":[],"product_brand":[],"product_cat":[944,942,940],"product_tag":[765,782,783,784,785,786,791,794,819,818,824,812,832],"class_list":{"0":"post-16536","1":"product","2":"type-product","3":"status-publish","4":"has-post-thumbnail","6":"product_cat-islands-de","7":"product_cat-islay-de","8":"product_cat-scotch-de","9":"product_tag-10-jahre","10":"product_tag-bowmore-de","11":"product_tag-bowmore-atlantic-sea-salt-de","12":"product_tag-bowmore-peat-smoke-de","13":"product_tag-bowmore-tempest-de","14":"product_tag-bowmore-vault-no-1-de","15":"product_tag-collection-bowmore-de","16":"product_tag-ex-bourbon-fasser","17":"product_tag-schottland-de","18":"product_tag-scotch-de","19":"product_tag-single-malt-de","20":"product_tag-torfrauch","21":"product_tag-whisky-de","22":"pa_bottled-at-abgefullt-durch-hersteller","23":"pa_country-schottland","24":"pa_distillery-bowmore-de","25":"pa_maturation-casks-bourbon-de","26":"pa_product-net-content-210-cl-de","27":"pa_scotland-islay-de","28":"pa_whisky-type-single-malt-de","29":"no-featured-image-padding","30":"sales-flash-overlay","31":"woocommerce-text-align-center","32":"woocommerce-image-align-center","33":"do-quantity-buttons","34":"wc-has-gallery","36":"first","37":"outofstock","38":"featured","39":"taxable","40":"shipping-taxable","41":"purchasable","42":"product-type-simple"},"yoast_head":"<!-- This site is optimized with the Yoast SEO plugin v27.0 - https:\/\/yoast.com\/product\/yoast-seo-wordpress\/ -->\n<title>Das Sammler Package - Kaufen Sie jetzt bei Whisky4you<\/title>\n<meta name=\"description\" content=\"Das Collector\u00b4s Package ist ein MUSS f\u00fcr alle Bowmore-Fans. Starten Sie jetzt Ihre Sammlung der Distillery Series mit den ersten Flaschen zum Sonderpreis!\" \/>\n<meta name=\"robots\" content=\"index, follow, max-snippet:-1, max-image-preview:large, max-video-preview:-1\" \/>\n<link rel=\"canonical\" href=\"https:\/\/whisky4you.net\/de\/produkt\/das-sammler-package\/\" \/>\n<meta property=\"og:locale\" content=\"de_DE\" \/>\n<meta property=\"og:type\" content=\"article\" \/>\n<meta property=\"og:title\" content=\"Das Sammler Package - Kaufen Sie jetzt bei Whisky4you\" \/>\n<meta property=\"og:description\" content=\"Das Collector\u00b4s Package ist ein MUSS f\u00fcr alle Bowmore-Fans. Starten Sie jetzt Ihre Sammlung der Distillery Series mit den ersten Flaschen zum Sonderpreis!\" \/>\n<meta property=\"og:url\" content=\"https:\/\/whisky4you.net\/de\/produkt\/das-sammler-package\/\" \/>\n<meta property=\"og:site_name\" content=\"Whisky4you\" \/>\n<meta property=\"article:publisher\" content=\"https:\/\/www.facebook.com\/Whisky4you.net\" \/>\n<meta property=\"article:modified_time\" content=\"2024-01-17T20:47:50+00:00\" \/>\n<meta property=\"og:image\" content=\"https:\/\/i0.wp.com\/whisky4you.net\/wp-content\/uploads\/2020\/08\/CollectionBowmore3.png?fit=607%2C612&ssl=1\" \/>\n\t<meta property=\"og:image:width\" content=\"607\" \/>\n\t<meta property=\"og:image:height\" content=\"612\" \/>\n\t<meta property=\"og:image:type\" content=\"image\/png\" \/>\n<meta name=\"twitter:card\" content=\"summary_large_image\" \/>\n<meta name=\"twitter:label1\" content=\"Gesch\u00e4tzte Lesezeit\" \/>\n\t<meta name=\"twitter:data1\" content=\"3\u00a0Minuten\" \/>\n<script type=\"application\/ld+json\" class=\"yoast-schema-graph\">{\"@context\":\"https:\/\/schema.org\",\"@graph\":[{\"@type\":\"WebPage\",\"@id\":\"https:\/\/whisky4you.net\/de\/produkt\/das-sammler-package\/\",\"url\":\"https:\/\/whisky4you.net\/de\/produkt\/das-sammler-package\/\",\"name\":\"Das Sammler Package - Kaufen Sie jetzt bei Whisky4you\",\"isPartOf\":{\"@id\":\"https:\/\/whisky4you.net\/de\/#website\"},\"primaryImageOfPage\":{\"@id\":\"https:\/\/whisky4you.net\/de\/produkt\/das-sammler-package\/#primaryimage\"},\"image\":{\"@id\":\"https:\/\/whisky4you.net\/de\/produkt\/das-sammler-package\/#primaryimage\"},\"thumbnailUrl\":\"https:\/\/whisky4you.net\/wp-content\/uploads\/2020\/08\/CollectionBowmore3.png\",\"datePublished\":\"2020-08-04T10:11:43+00:00\",\"dateModified\":\"2024-01-17T20:47:50+00:00\",\"description\":\"Das Collector\u00b4s Package ist ein MUSS f\u00fcr alle Bowmore-Fans. Starten Sie jetzt Ihre Sammlung der Distillery Series mit den ersten Flaschen zum Sonderpreis!\",\"breadcrumb\":{\"@id\":\"https:\/\/whisky4you.net\/de\/produkt\/das-sammler-package\/#breadcrumb\"},\"inLanguage\":\"de\",\"potentialAction\":[{\"@type\":\"ReadAction\",\"target\":[\"https:\/\/whisky4you.net\/de\/produkt\/das-sammler-package\/\"]}]},{\"@type\":\"ImageObject\",\"inLanguage\":\"de\",\"@id\":\"https:\/\/whisky4you.net\/de\/produkt\/das-sammler-package\/#primaryimage\",\"url\":\"https:\/\/whisky4you.net\/wp-content\/uploads\/2020\/08\/CollectionBowmore3.png\",\"contentUrl\":\"https:\/\/whisky4you.net\/wp-content\/uploads\/2020\/08\/CollectionBowmore3.png\",\"width\":607,\"height\":612,\"caption\":\"Bowmore Single Malt Auswahl: Vault Edition No. 1, First Release \\\"Atlantic Sea Salt\\\", Vault Edition No. 1, Second Release \\\"Peat Smoke\\\" und Bowmore 18 Jahre Single Malt\"},{\"@type\":\"BreadcrumbList\",\"@id\":\"https:\/\/whisky4you.net\/de\/produkt\/das-sammler-package\/#breadcrumb\",\"itemListElement\":[{\"@type\":\"ListItem\",\"position\":1,\"name\":\"Home\",\"item\":\"https:\/\/whisky4you.net\/\"},{\"@type\":\"ListItem\",\"position\":2,\"name\":\"Online Shop\",\"item\":\"https:\/\/whisky4you.net\/de\/online-shop\/\"},{\"@type\":\"ListItem\",\"position\":3,\"name\":\"Das Sammler Package\"}]},{\"@type\":\"WebSite\",\"@id\":\"https:\/\/whisky4you.net\/de\/#website\",\"url\":\"https:\/\/whisky4you.net\/de\/\",\"name\":\"Whisky4you\",\"description\":\"Dedicated to Whisky interest and Whisky lovers\",\"publisher\":{\"@id\":\"https:\/\/whisky4you.net\/de\/#organization\"},\"potentialAction\":[{\"@type\":\"SearchAction\",\"target\":{\"@type\":\"EntryPoint\",\"urlTemplate\":\"https:\/\/whisky4you.net\/de\/?s={search_term_string}\"},\"query-input\":{\"@type\":\"PropertyValueSpecification\",\"valueRequired\":true,\"valueName\":\"search_term_string\"}}],\"inLanguage\":\"de\"},{\"@type\":\"Organization\",\"@id\":\"https:\/\/whisky4you.net\/de\/#organization\",\"name\":\"Whisky4you\",\"url\":\"https:\/\/whisky4you.net\/de\/\",\"logo\":{\"@type\":\"ImageObject\",\"inLanguage\":\"de\",\"@id\":\"https:\/\/whisky4you.net\/de\/#\/schema\/logo\/image\/\",\"url\":\"https:\/\/whisky4you.net\/wp-content\/uploads\/2020\/12\/cropped-cropped-cropped-cropped-logo-head.png\",\"contentUrl\":\"https:\/\/whisky4you.net\/wp-content\/uploads\/2020\/12\/cropped-cropped-cropped-cropped-logo-head.png\",\"width\":250,\"height\":81,\"caption\":\"Whisky4you\"},\"image\":{\"@id\":\"https:\/\/whisky4you.net\/de\/#\/schema\/logo\/image\/\"},\"sameAs\":[\"https:\/\/www.facebook.com\/Whisky4you.net\",\"https:\/\/www.linkedin.com\/company\/whisky4you\/?viewAsMember=true\"]}]}<\/script>\n<!-- \/ Yoast SEO plugin. -->","yoast_head_json":{"title":"Das Sammler Package - Kaufen Sie jetzt bei Whisky4you","description":"Das Collector\u00b4s Package ist ein MUSS f\u00fcr alle Bowmore-Fans. Starten Sie jetzt Ihre Sammlung der Distillery Series mit den ersten Flaschen zum Sonderpreis!","robots":{"index":"index","follow":"follow","max-snippet":"max-snippet:-1","max-image-preview":"max-image-preview:large","max-video-preview":"max-video-preview:-1"},"canonical":"https:\/\/whisky4you.net\/de\/produkt\/das-sammler-package\/","og_locale":"de_DE","og_type":"article","og_title":"Das Sammler Package - Kaufen Sie jetzt bei Whisky4you","og_description":"Das Collector\u00b4s Package ist ein MUSS f\u00fcr alle Bowmore-Fans. Starten Sie jetzt Ihre Sammlung der Distillery Series mit den ersten Flaschen zum Sonderpreis!","og_url":"https:\/\/whisky4you.net\/de\/produkt\/das-sammler-package\/","og_site_name":"Whisky4you","article_publisher":"https:\/\/www.facebook.com\/Whisky4you.net","article_modified_time":"2024-01-17T20:47:50+00:00","og_image":[{"width":607,"height":612,"url":"https:\/\/i0.wp.com\/whisky4you.net\/wp-content\/uploads\/2020\/08\/CollectionBowmore3.png?fit=607%2C612&ssl=1","type":"image\/png"}],"twitter_card":"summary_large_image","twitter_misc":{"Gesch\u00e4tzte Lesezeit":"3\u00a0Minuten"},"schema":{"@context":"https:\/\/schema.org","@graph":[{"@type":"WebPage","@id":"https:\/\/whisky4you.net\/de\/produkt\/das-sammler-package\/","url":"https:\/\/whisky4you.net\/de\/produkt\/das-sammler-package\/","name":"Das Sammler Package - Kaufen Sie jetzt bei Whisky4you","isPartOf":{"@id":"https:\/\/whisky4you.net\/de\/#website"},"primaryImageOfPage":{"@id":"https:\/\/whisky4you.net\/de\/produkt\/das-sammler-package\/#primaryimage"},"image":{"@id":"https:\/\/whisky4you.net\/de\/produkt\/das-sammler-package\/#primaryimage"},"thumbnailUrl":"https:\/\/whisky4you.net\/wp-content\/uploads\/2020\/08\/CollectionBowmore3.png","datePublished":"2020-08-04T10:11:43+00:00","dateModified":"2024-01-17T20:47:50+00:00","description":"Das Collector\u00b4s Package ist ein MUSS f\u00fcr alle Bowmore-Fans. Starten Sie jetzt Ihre Sammlung der Distillery Series mit den ersten Flaschen zum Sonderpreis!","breadcrumb":{"@id":"https:\/\/whisky4you.net\/de\/produkt\/das-sammler-package\/#breadcrumb"},"inLanguage":"de","potentialAction":[{"@type":"ReadAction","target":["https:\/\/whisky4you.net\/de\/produkt\/das-sammler-package\/"]}]},{"@type":"ImageObject","inLanguage":"de","@id":"https:\/\/whisky4you.net\/de\/produkt\/das-sammler-package\/#primaryimage","url":"https:\/\/whisky4you.net\/wp-content\/uploads\/2020\/08\/CollectionBowmore3.png","contentUrl":"https:\/\/whisky4you.net\/wp-content\/uploads\/2020\/08\/CollectionBowmore3.png","width":607,"height":612,"caption":"Bowmore Single Malt Auswahl: Vault Edition No. 1, First Release \"Atlantic Sea Salt\", Vault Edition No. 1, Second Release \"Peat Smoke\" und Bowmore 18 Jahre Single Malt"},{"@type":"BreadcrumbList","@id":"https:\/\/whisky4you.net\/de\/produkt\/das-sammler-package\/#breadcrumb","itemListElement":[{"@type":"ListItem","position":1,"name":"Home","item":"https:\/\/whisky4you.net\/"},{"@type":"ListItem","position":2,"name":"Online Shop","item":"https:\/\/whisky4you.net\/de\/online-shop\/"},{"@type":"ListItem","position":3,"name":"Das Sammler Package"}]},{"@type":"WebSite","@id":"https:\/\/whisky4you.net\/de\/#website","url":"https:\/\/whisky4you.net\/de\/","name":"Whisky4you","description":"Dedicated to Whisky interest and Whisky lovers","publisher":{"@id":"https:\/\/whisky4you.net\/de\/#organization"},"potentialAction":[{"@type":"SearchAction","target":{"@type":"EntryPoint","urlTemplate":"https:\/\/whisky4you.net\/de\/?s={search_term_string}"},"query-input":{"@type":"PropertyValueSpecification","valueRequired":true,"valueName":"search_term_string"}}],"inLanguage":"de"},{"@type":"Organization","@id":"https:\/\/whisky4you.net\/de\/#organization","name":"Whisky4you","url":"https:\/\/whisky4you.net\/de\/","logo":{"@type":"ImageObject","inLanguage":"de","@id":"https:\/\/whisky4you.net\/de\/#\/schema\/logo\/image\/","url":"https:\/\/whisky4you.net\/wp-content\/uploads\/2020\/12\/cropped-cropped-cropped-cropped-logo-head.png","contentUrl":"https:\/\/whisky4you.net\/wp-content\/uploads\/2020\/12\/cropped-cropped-cropped-cropped-logo-head.png","width":250,"height":81,"caption":"Whisky4you"},"image":{"@id":"https:\/\/whisky4you.net\/de\/#\/schema\/logo\/image\/"},"sameAs":["https:\/\/www.facebook.com\/Whisky4you.net","https:\/\/www.linkedin.com\/company\/whisky4you\/?viewAsMember=true"]}]}},"jetpack_sharing_enabled":true,"_links":{"self":[{"href":"https:\/\/whisky4you.net\/de\/wp-json\/wp\/v2\/product\/16536","targetHints":{"allow":["GET"]}}],"collection":[{"href":"https:\/\/whisky4you.net\/de\/wp-json\/wp\/v2\/product"}],"about":[{"href":"https:\/\/whisky4you.net\/de\/wp-json\/wp\/v2\/types\/product"}],"replies":[{"embeddable":true,"href":"https:\/\/whisky4you.net\/de\/wp-json\/wp\/v2\/comments?post=16536"}],"version-history":[{"count":0,"href":"https:\/\/whisky4you.net\/de\/wp-json\/wp\/v2\/product\/16536\/revisions"}],"wp:featuredmedia":[{"embeddable":true,"href":"https:\/\/whisky4you.net\/de\/wp-json\/wp\/v2\/media\/17957"}],"wp:attachment":[{"href":"https:\/\/whisky4you.net\/de\/wp-json\/wp\/v2\/media?parent=16536"}],"wp:term":[{"taxonomy":"product_brand","embeddable":true,"href":"https:\/\/whisky4you.net\/de\/wp-json\/wp\/v2\/product_brand?post=16536"},{"taxonomy":"product_cat","embeddable":true,"href":"https:\/\/whisky4you.net\/de\/wp-json\/wp\/v2\/product_cat?post=16536"},{"taxonomy":"product_tag","embeddable":true,"href":"https:\/\/whisky4you.net\/de\/wp-json\/wp\/v2\/product_tag?post=16536"}],"curies":[{"name":"wp","href":"https:\/\/api.w.org\/{rel}","templated":true}]}}