{"id":16554,"date":"2020-05-09T14:37:06","date_gmt":"2020-05-09T13:37:06","guid":{"rendered":"https:\/\/whisky4you.net\/product\/aberfeldy-21-jahre-single-malt\/"},"modified":"2024-04-10T11:57:31","modified_gmt":"2024-04-10T10:57:31","slug":"aberfeldy-21-jahre-single-malt","status":"publish","type":"product","link":"https:\/\/whisky4you.net\/de\/produkt\/aberfeldy-21-jahre-single-malt\/","title":{"rendered":"Aberfeldy 21 Jahre Single Malt"},"content":{"rendered":"<h3><strong>Aberfeldy 21 Jahre &#8211; ein eleganter Senior, edel verpackt<\/strong><\/h3>\n<p>Der edle Aberfeldy 21 Jahre ist mit seiner eleganten Verpackung schon in jedem Whisky Regal ein Hingucker. Wir sind aber auch beeindruckt von dem edlen Senior in der Flasche mit seinem ausdrucksstarken Charakter. S\u00fc\u00dfe Honig- und Vanillenoten verbinden sich mit den fruchtigen Orangen Aromen, floralen Noten von Heidekraut und Wildblumen und etwas Karamell im Nachgang. Gereift wurde er ausgiebig in Ex-Bourbonf\u00e4ssern, die f\u00fcr w\u00fcrzige Eichennoten und leichte R\u00f6staromen sorgten. Die Nachreifung in Sherryf\u00e4ssern machte daraus eine vielschichtige und ausgewogene Aromenvielfalt.<\/p>\n<h3><strong>Woher kommt dieser Single Malt?<\/strong><\/h3>\n<p>Die Brennerei Aberfeldy liegt in den Highlands, im Herzen Schottlands, und \u00fcberzeugt seit Jahrzehnten mit traditionell hergestellten, hochqualitativen Whiskies. Aberfeldy Single Malts sind dennoch nicht \u00fcberall bekannt, da nur ein kleiner Teil der Jahresproduktion als Single Malts mit ausgewiesenem Alter in der Classic Range abgef\u00fcllt wird. Ein Gro\u00dfteil wird zum Blenden eigener Kreationen verwendet. Der 21-j\u00e4hrige ist eine wunderbarer, gut gereifter Single Malt. Die honiggoldene Farbe erinnert an das Aberfeldy-Gold, das sich auch in den Firmenfarben findet. Es ist eine Anspielung auf die tats\u00e4chlich vorhandenen Goldspuren in der nat\u00fcrlichen Quelle, die Aberfeldy f\u00fcr die Produktion nutzt. Wir haben also hier tats\u00e4chlich ein kleines bisschen Gold im Glas. Sein Alter ist gegen\u00fcber den j\u00fcngeren Abf\u00fcllungen deutlich in der Komplexit\u00e4t erkennbar.\u00a0 Zudem ist der Preis f\u00fcr einen 21j\u00e4hrigen Scotch durchaus angemessen.<\/p>\n<p>Schauen Sie sich auch unsere Verkostungsvideos an und genie\u00dfen Sie die Hintergrundartikel in unserem Blog &#8222;<a href=\"https:\/\/whisky4you.net\/de\/alles-ueber-whisky\/\" target=\"_blank\" rel=\"noopener noreferrer\">Alles \u00fcber Whisky<\/a>&#8222;.<\/p>\n<p><span style=\"color: #f0ae13;\"><strong>Typ:<\/strong>\u00a0<\/span>\u00a0 \u00a0 Single Malt Whisky<\/p>\n<p><strong><span style=\"color: #f0ae13;\">Aroma:<\/span><\/strong>\u00a0 Schon beim Nosing merkt man dem 21-j\u00e4hrigen Single Malt sein gehobenes Alter an. Vielschichtig und verlockend duftet er nach s\u00fc\u00dfem Honig, Vanille und bl\u00fchendem Heidekraut. Dahinter liegen fruchtige Aromen von Orangen und etwas Pfirsich, die von w\u00fcrzigen Eichennoten begleitet werden.<\/p>\n<p><span style=\"color: #f0ae13;\"><strong>Geschmack:<\/strong>\u00a0<\/span> Intensive und komplex &#8211; und dabei weich und samtig auf der Zunge; Noten von wildem Honig und Orangenschalen, sahnige Vanille und etwas Toffee. Es bleibt eine w\u00fcrzige Trockenheit mit Aromen von Zitrusfr\u00fcchten, frisch gem\u00e4htem Heu und etwas Kokos zur\u00fcck. Und \u2013 \u00fcberraschend f\u00fcr einen Aberfeldy \u2013 eine leicht ledrige Note, die fast an ein dezentes Raucharoma erinnert.<\/p>\n<p><span style=\"color: #f0ae13;\"><strong>Abgang:<\/strong>\u00a0<\/span> Langanhaltendes und geschmeidiges Finish, leicht trocken, erinnert an w\u00fcrzige Eiche und zart ger\u00f6stetes Malz<\/p>\n","protected":false},"excerpt":{"rendered":"<ul>\n<li>21 Jahre alter Single Malt aus der Aberfeldy Classic Range<\/li>\n<li>elegante Verpackung, perfekt zum Verschenken<\/li>\n<li>goldfarbener Scotch mit eleganten Noten von Honig und Vanille<\/li>\n<li>k\u00f6stlich kombiniert mit den fruchtigen Aromen von Heidekraut, Orangen und Karamell<\/li>\n<li>\u00dcberraschung f\u00fcr einen Aberfeldy Scotch &#8211; eine zarte leichte Rauchnote<\/li>\n<li>glatter, lang anhaltender, w\u00fcrziger Abgang<\/li>\n<\/ul>\n<div>\n<div style=\"width: 49%; float: left; margin-right: 1%;\">[borlabs-cookie type=\"content-blocker\" id=\"youtube\" title=\"Youtube\"]<iframe src=\"https:\/\/www.youtube.com\/embed\/yc7vwycFoiE\" width=\"560\" height=\"206\" frameborder=\"0\" allowfullscreen=\"allowfullscreen\"><\/iframe>[\/borlabs-cookie]<\/div>\n<\/div>\n","protected":false},"featured_media":18297,"comment_status":"open","ping_status":"closed","template":"","meta":[],"product_brand":[],"product_cat":[941,940],"product_tag":[771,775,794,797,819,818,822,824,832],"class_list":{"0":"post-16554","1":"product","2":"type-product","3":"status-publish","4":"has-post-thumbnail","6":"product_cat-highlands-de","7":"product_cat-scotch-de","8":"product_tag-21-jahre","9":"product_tag-aberfeldy-de","10":"product_tag-ex-bourbon-fasser","11":"product_tag-highlands-de","12":"product_tag-schottland-de","13":"product_tag-scotch-de","14":"product_tag-sherry-fasser","15":"product_tag-single-malt-de","16":"product_tag-whisky-de","17":"pa_alcohol-content-40-de","18":"pa_bottled-at-abgefullt-durch-hersteller","19":"pa_country-schottland","20":"pa_distillery-aberfeldy-de","21":"pa_maturation-casks-bourbon-de","22":"pa_maturation-casks-sherry-de","23":"pa_minimum-age-21-jahre","24":"pa_product-net-content-70-cl-de","25":"pa_scotland-highlands-de","26":"pa_whisky-type-single-malt-de","27":"no-featured-image-padding","28":"sales-flash-overlay","29":"woocommerce-text-align-center","30":"woocommerce-image-align-center","31":"do-quantity-buttons","32":"wc-has-gallery","34":"first","35":"instock","36":"featured","37":"taxable","38":"shipping-taxable","39":"purchasable","40":"product-type-simple"},"yoast_head":"<!-- This site is optimized with the Yoast SEO plugin v27.0 - https:\/\/yoast.com\/product\/yoast-seo-wordpress\/ -->\n<title>Aberfeldy 21 Jahre Single Malt - Kaufen Sie jetzt bei Whisky4you<\/title>\n<meta name=\"description\" content=\"Der Aberfeldy 21 Jahre, goldfarbener Single Malt Scotch mit elegantem Aroma von Honig, Vanille, Heidekraut und einer \u00fcberraschenden Rauchnote.\" \/>\n<meta name=\"robots\" content=\"index, follow, max-snippet:-1, max-image-preview:large, max-video-preview:-1\" \/>\n<link rel=\"canonical\" href=\"https:\/\/whisky4you.net\/de\/produkt\/aberfeldy-21-jahre-single-malt\/\" \/>\n<meta property=\"og:locale\" content=\"de_DE\" \/>\n<meta property=\"og:type\" content=\"article\" \/>\n<meta property=\"og:title\" content=\"Aberfeldy 21 Jahre Single Malt - Kaufen Sie jetzt bei Whisky4you\" \/>\n<meta property=\"og:description\" content=\"Der Aberfeldy 21 Jahre, goldfarbener Single Malt Scotch mit elegantem Aroma von Honig, Vanille, Heidekraut und einer \u00fcberraschenden Rauchnote.\" \/>\n<meta property=\"og:url\" content=\"https:\/\/whisky4you.net\/de\/produkt\/aberfeldy-21-jahre-single-malt\/\" \/>\n<meta property=\"og:site_name\" content=\"Whisky4you\" \/>\n<meta property=\"article:publisher\" content=\"https:\/\/www.facebook.com\/Whisky4you.net\" \/>\n<meta property=\"article:modified_time\" content=\"2024-04-10T10:57:31+00:00\" \/>\n<meta property=\"og:image\" content=\"https:\/\/i0.wp.com\/whisky4you.net\/wp-content\/uploads\/2020\/05\/Aberfeldy-21J_shopK.jpg?fit=868%2C869&ssl=1\" \/>\n\t<meta property=\"og:image:width\" content=\"868\" \/>\n\t<meta property=\"og:image:height\" content=\"869\" \/>\n\t<meta property=\"og:image:type\" content=\"image\/jpeg\" \/>\n<meta name=\"twitter:card\" content=\"summary_large_image\" \/>\n<meta name=\"twitter:label1\" content=\"Gesch\u00e4tzte Lesezeit\" \/>\n\t<meta name=\"twitter:data1\" content=\"2\u00a0Minuten\" \/>\n<script type=\"application\/ld+json\" class=\"yoast-schema-graph\">{\"@context\":\"https:\/\/schema.org\",\"@graph\":[{\"@type\":\"WebPage\",\"@id\":\"https:\/\/whisky4you.net\/de\/produkt\/aberfeldy-21-jahre-single-malt\/\",\"url\":\"https:\/\/whisky4you.net\/de\/produkt\/aberfeldy-21-jahre-single-malt\/\",\"name\":\"Aberfeldy 21 Jahre Single Malt - Kaufen Sie jetzt bei Whisky4you\",\"isPartOf\":{\"@id\":\"https:\/\/whisky4you.net\/de\/#website\"},\"primaryImageOfPage\":{\"@id\":\"https:\/\/whisky4you.net\/de\/produkt\/aberfeldy-21-jahre-single-malt\/#primaryimage\"},\"image\":{\"@id\":\"https:\/\/whisky4you.net\/de\/produkt\/aberfeldy-21-jahre-single-malt\/#primaryimage\"},\"thumbnailUrl\":\"https:\/\/whisky4you.net\/wp-content\/uploads\/2020\/05\/Aberfeldy-21J_shopK.jpg\",\"datePublished\":\"2020-05-09T13:37:06+00:00\",\"dateModified\":\"2024-04-10T10:57:31+00:00\",\"description\":\"Der Aberfeldy 21 Jahre, goldfarbener Single Malt Scotch mit elegantem Aroma von Honig, Vanille, Heidekraut und einer \u00fcberraschenden Rauchnote.\",\"breadcrumb\":{\"@id\":\"https:\/\/whisky4you.net\/de\/produkt\/aberfeldy-21-jahre-single-malt\/#breadcrumb\"},\"inLanguage\":\"de\",\"potentialAction\":[{\"@type\":\"ReadAction\",\"target\":[\"https:\/\/whisky4you.net\/de\/produkt\/aberfeldy-21-jahre-single-malt\/\"]}]},{\"@type\":\"ImageObject\",\"inLanguage\":\"de\",\"@id\":\"https:\/\/whisky4you.net\/de\/produkt\/aberfeldy-21-jahre-single-malt\/#primaryimage\",\"url\":\"https:\/\/whisky4you.net\/wp-content\/uploads\/2020\/05\/Aberfeldy-21J_shopK.jpg\",\"contentUrl\":\"https:\/\/whisky4you.net\/wp-content\/uploads\/2020\/05\/Aberfeldy-21J_shopK.jpg\",\"width\":868,\"height\":869,\"caption\":\"Der Aberfeldy 21 Jahre ist ein ausgereifter, goldfarbener Single Malt Scotch mit einem eleganten Aroma von Honig, Vanille, Heidekraut und Orangen und einer \u00fcberraschend leichten Rauchnote.\"},{\"@type\":\"BreadcrumbList\",\"@id\":\"https:\/\/whisky4you.net\/de\/produkt\/aberfeldy-21-jahre-single-malt\/#breadcrumb\",\"itemListElement\":[{\"@type\":\"ListItem\",\"position\":1,\"name\":\"Home\",\"item\":\"https:\/\/whisky4you.net\/\"},{\"@type\":\"ListItem\",\"position\":2,\"name\":\"Online Shop\",\"item\":\"https:\/\/whisky4you.net\/de\/online-shop\/\"},{\"@type\":\"ListItem\",\"position\":3,\"name\":\"Aberfeldy 21 Jahre Single Malt\"}]},{\"@type\":\"WebSite\",\"@id\":\"https:\/\/whisky4you.net\/de\/#website\",\"url\":\"https:\/\/whisky4you.net\/de\/\",\"name\":\"Whisky4you\",\"description\":\"Dedicated to Whisky interest and Whisky lovers\",\"publisher\":{\"@id\":\"https:\/\/whisky4you.net\/de\/#organization\"},\"potentialAction\":[{\"@type\":\"SearchAction\",\"target\":{\"@type\":\"EntryPoint\",\"urlTemplate\":\"https:\/\/whisky4you.net\/de\/?s={search_term_string}\"},\"query-input\":{\"@type\":\"PropertyValueSpecification\",\"valueRequired\":true,\"valueName\":\"search_term_string\"}}],\"inLanguage\":\"de\"},{\"@type\":\"Organization\",\"@id\":\"https:\/\/whisky4you.net\/de\/#organization\",\"name\":\"Whisky4you\",\"url\":\"https:\/\/whisky4you.net\/de\/\",\"logo\":{\"@type\":\"ImageObject\",\"inLanguage\":\"de\",\"@id\":\"https:\/\/whisky4you.net\/de\/#\/schema\/logo\/image\/\",\"url\":\"https:\/\/whisky4you.net\/wp-content\/uploads\/2020\/12\/cropped-cropped-cropped-cropped-logo-head.png\",\"contentUrl\":\"https:\/\/whisky4you.net\/wp-content\/uploads\/2020\/12\/cropped-cropped-cropped-cropped-logo-head.png\",\"width\":250,\"height\":81,\"caption\":\"Whisky4you\"},\"image\":{\"@id\":\"https:\/\/whisky4you.net\/de\/#\/schema\/logo\/image\/\"},\"sameAs\":[\"https:\/\/www.facebook.com\/Whisky4you.net\",\"https:\/\/www.linkedin.com\/company\/whisky4you\/?viewAsMember=true\"]}]}<\/script>\n<!-- \/ Yoast SEO plugin. -->","yoast_head_json":{"title":"Aberfeldy 21 Jahre Single Malt - Kaufen Sie jetzt bei Whisky4you","description":"Der Aberfeldy 21 Jahre, goldfarbener Single Malt Scotch mit elegantem Aroma von Honig, Vanille, Heidekraut und einer \u00fcberraschenden Rauchnote.","robots":{"index":"index","follow":"follow","max-snippet":"max-snippet:-1","max-image-preview":"max-image-preview:large","max-video-preview":"max-video-preview:-1"},"canonical":"https:\/\/whisky4you.net\/de\/produkt\/aberfeldy-21-jahre-single-malt\/","og_locale":"de_DE","og_type":"article","og_title":"Aberfeldy 21 Jahre Single Malt - Kaufen Sie jetzt bei Whisky4you","og_description":"Der Aberfeldy 21 Jahre, goldfarbener Single Malt Scotch mit elegantem Aroma von Honig, Vanille, Heidekraut und einer \u00fcberraschenden Rauchnote.","og_url":"https:\/\/whisky4you.net\/de\/produkt\/aberfeldy-21-jahre-single-malt\/","og_site_name":"Whisky4you","article_publisher":"https:\/\/www.facebook.com\/Whisky4you.net","article_modified_time":"2024-04-10T10:57:31+00:00","og_image":[{"width":868,"height":869,"url":"https:\/\/i0.wp.com\/whisky4you.net\/wp-content\/uploads\/2020\/05\/Aberfeldy-21J_shopK.jpg?fit=868%2C869&ssl=1","type":"image\/jpeg"}],"twitter_card":"summary_large_image","twitter_misc":{"Gesch\u00e4tzte Lesezeit":"2\u00a0Minuten"},"schema":{"@context":"https:\/\/schema.org","@graph":[{"@type":"WebPage","@id":"https:\/\/whisky4you.net\/de\/produkt\/aberfeldy-21-jahre-single-malt\/","url":"https:\/\/whisky4you.net\/de\/produkt\/aberfeldy-21-jahre-single-malt\/","name":"Aberfeldy 21 Jahre Single Malt - Kaufen Sie jetzt bei Whisky4you","isPartOf":{"@id":"https:\/\/whisky4you.net\/de\/#website"},"primaryImageOfPage":{"@id":"https:\/\/whisky4you.net\/de\/produkt\/aberfeldy-21-jahre-single-malt\/#primaryimage"},"image":{"@id":"https:\/\/whisky4you.net\/de\/produkt\/aberfeldy-21-jahre-single-malt\/#primaryimage"},"thumbnailUrl":"https:\/\/whisky4you.net\/wp-content\/uploads\/2020\/05\/Aberfeldy-21J_shopK.jpg","datePublished":"2020-05-09T13:37:06+00:00","dateModified":"2024-04-10T10:57:31+00:00","description":"Der Aberfeldy 21 Jahre, goldfarbener Single Malt Scotch mit elegantem Aroma von Honig, Vanille, Heidekraut und einer \u00fcberraschenden Rauchnote.","breadcrumb":{"@id":"https:\/\/whisky4you.net\/de\/produkt\/aberfeldy-21-jahre-single-malt\/#breadcrumb"},"inLanguage":"de","potentialAction":[{"@type":"ReadAction","target":["https:\/\/whisky4you.net\/de\/produkt\/aberfeldy-21-jahre-single-malt\/"]}]},{"@type":"ImageObject","inLanguage":"de","@id":"https:\/\/whisky4you.net\/de\/produkt\/aberfeldy-21-jahre-single-malt\/#primaryimage","url":"https:\/\/whisky4you.net\/wp-content\/uploads\/2020\/05\/Aberfeldy-21J_shopK.jpg","contentUrl":"https:\/\/whisky4you.net\/wp-content\/uploads\/2020\/05\/Aberfeldy-21J_shopK.jpg","width":868,"height":869,"caption":"Der Aberfeldy 21 Jahre ist ein ausgereifter, goldfarbener Single Malt Scotch mit einem eleganten Aroma von Honig, Vanille, Heidekraut und Orangen und einer \u00fcberraschend leichten Rauchnote."},{"@type":"BreadcrumbList","@id":"https:\/\/whisky4you.net\/de\/produkt\/aberfeldy-21-jahre-single-malt\/#breadcrumb","itemListElement":[{"@type":"ListItem","position":1,"name":"Home","item":"https:\/\/whisky4you.net\/"},{"@type":"ListItem","position":2,"name":"Online Shop","item":"https:\/\/whisky4you.net\/de\/online-shop\/"},{"@type":"ListItem","position":3,"name":"Aberfeldy 21 Jahre Single Malt"}]},{"@type":"WebSite","@id":"https:\/\/whisky4you.net\/de\/#website","url":"https:\/\/whisky4you.net\/de\/","name":"Whisky4you","description":"Dedicated to Whisky interest and Whisky lovers","publisher":{"@id":"https:\/\/whisky4you.net\/de\/#organization"},"potentialAction":[{"@type":"SearchAction","target":{"@type":"EntryPoint","urlTemplate":"https:\/\/whisky4you.net\/de\/?s={search_term_string}"},"query-input":{"@type":"PropertyValueSpecification","valueRequired":true,"valueName":"search_term_string"}}],"inLanguage":"de"},{"@type":"Organization","@id":"https:\/\/whisky4you.net\/de\/#organization","name":"Whisky4you","url":"https:\/\/whisky4you.net\/de\/","logo":{"@type":"ImageObject","inLanguage":"de","@id":"https:\/\/whisky4you.net\/de\/#\/schema\/logo\/image\/","url":"https:\/\/whisky4you.net\/wp-content\/uploads\/2020\/12\/cropped-cropped-cropped-cropped-logo-head.png","contentUrl":"https:\/\/whisky4you.net\/wp-content\/uploads\/2020\/12\/cropped-cropped-cropped-cropped-logo-head.png","width":250,"height":81,"caption":"Whisky4you"},"image":{"@id":"https:\/\/whisky4you.net\/de\/#\/schema\/logo\/image\/"},"sameAs":["https:\/\/www.facebook.com\/Whisky4you.net","https:\/\/www.linkedin.com\/company\/whisky4you\/?viewAsMember=true"]}]}},"jetpack_sharing_enabled":true,"_links":{"self":[{"href":"https:\/\/whisky4you.net\/de\/wp-json\/wp\/v2\/product\/16554","targetHints":{"allow":["GET"]}}],"collection":[{"href":"https:\/\/whisky4you.net\/de\/wp-json\/wp\/v2\/product"}],"about":[{"href":"https:\/\/whisky4you.net\/de\/wp-json\/wp\/v2\/types\/product"}],"replies":[{"embeddable":true,"href":"https:\/\/whisky4you.net\/de\/wp-json\/wp\/v2\/comments?post=16554"}],"version-history":[{"count":0,"href":"https:\/\/whisky4you.net\/de\/wp-json\/wp\/v2\/product\/16554\/revisions"}],"wp:featuredmedia":[{"embeddable":true,"href":"https:\/\/whisky4you.net\/de\/wp-json\/wp\/v2\/media\/18297"}],"wp:attachment":[{"href":"https:\/\/whisky4you.net\/de\/wp-json\/wp\/v2\/media?parent=16554"}],"wp:term":[{"taxonomy":"product_brand","embeddable":true,"href":"https:\/\/whisky4you.net\/de\/wp-json\/wp\/v2\/product_brand?post=16554"},{"taxonomy":"product_cat","embeddable":true,"href":"https:\/\/whisky4you.net\/de\/wp-json\/wp\/v2\/product_cat?post=16554"},{"taxonomy":"product_tag","embeddable":true,"href":"https:\/\/whisky4you.net\/de\/wp-json\/wp\/v2\/product_tag?post=16554"}],"curies":[{"name":"wp","href":"https:\/\/api.w.org\/{rel}","templated":true}]}}