{"id":16558,"date":"2020-05-01T23:16:22","date_gmt":"2020-05-01T22:16:22","guid":{"rendered":"https:\/\/whisky4you.net\/product\/scapa-distillery-label-2005\/"},"modified":"2024-10-18T00:44:08","modified_gmt":"2024-10-17T23:44:08","slug":"scapa-distillery-label-2005","status":"publish","type":"product","link":"https:\/\/whisky4you.net\/de\/produkt\/scapa-distillery-label-2005\/","title":{"rendered":"Scapa Distillery Label 2005"},"content":{"rendered":"<h3><strong>Scapa Distillery Label 2005<\/strong><\/h3>\n<p>Der &#8222;Scapa Distillery Label&#8220; aus dem Jahr 2019 wurde 2005 zum ersten Mal nach einer langen Stilllegung und Reparatur in der Distillery Scapa destilliert. Es geh\u00f6rt zur ersten Produktion nach dieser Zeit und wurde nach 13 Jahren Reifezeit im Jahr 2019 abgef\u00fcllt.<\/p>\n<h3><strong>Reifung und Geschmack<\/strong><\/h3>\n<p>Der Scapa Distillery Label wurde in 1st Fill Ex-Bourbon-F\u00e4ssern gereift, die ihm vollmundige Vanille- und Honignoten verleihen. Er ist nicht gef\u00e4rbt, seine sch\u00f6ne hellgoldene Farbe kommt ausschlie\u00dflich von diesen Eichenf\u00e4ssern. In der Nase frisch und fruchtig, duftet er nach gr\u00fcnem Apfel und Trauben mit einer zarten leichten Rauchnote und dem Meeresaroma im Hintergrund. Im Geschmack entwickelt er dann sein w\u00fcrziges Aroma von Eichenholz und frisch gem\u00e4htem Gras und geht \u00fcber in einem wunderbaren Abgang mit feinen Noten von Nussschokolade und Heidehonig. Mit 43% ein frischer, unbeschwerter, nicht aufdringlicher, aber dennoch edler Whisky f\u00fcr Kenner, der sich daher auch ideal zum Einstieg oder als Aperitif eignet.<\/p>\n<h3><strong>Woher kommt dieser Single Malt?<\/strong><\/h3>\n<p>Die Scapa Distillery befindet sich auf den Orkney-Inseln. In den ersten Jahren nach der Abschaltung f\u00fcllte Scapa nur eine begrenzte Menge in den eigenen Anlagen ab. Bis heute arbeitet die Destillerie teilweise mit unabh\u00e4ngigen Abf\u00fcllern zusammen. Dieser spezielle Single Malt wurde von dem erfahrenen Abf\u00fcller Gordon &amp; MacPhail auf den Markt gebracht, der auf eine langfristige und intensive Gesch\u00e4ftsbeziehung mit Scapa zur\u00fcckblicken kann. Das Scapa Distillery Label ist dabei einer der wenigen Scapa Whiskies mit Altersangabe.<\/p>\n<p>Achtung: Dies ist eine sehr seltene Flasche und die letzte auf Lager. Das Etikett hat ein paar Kratzspuren (sehen Sie dazu bitte die letzten beiden Fotos an vor dem Kauf. Keine R\u00fccksendung aus diesem Grund m\u00f6glich).<\/p>\n<p>Schauen Sie sich auch unsere Verkostungsvideos an und genie\u00dfen Sie die Hintergrundartikel in unserem Blog &#8222;<a href=\"https:\/\/whisky4you.net\/de\/alles-ueber-whisky\/\" target=\"_blank\" rel=\"noopener noreferrer\">Alles \u00fcber Whisky<\/a>&#8222;.<\/p>\n<p><span style=\"color: #f0ae13;\"><strong>Typ:<\/strong>\u00a0<\/span>\u00a0 \u00a0 Single Malt Whisky<\/p>\n<p><strong><span style=\"color: #f0ae13;\">Aroma:<\/span><\/strong>\u00a0 Eine leichte Nase mit feinen prickelnden Zitrusfrucht-Noten, s\u00fc\u00df-saure gr\u00fcne \u00c4pfel und Vanille, dar\u00fcber eine zarte maritime Note.<\/p>\n<p><span style=\"color: #f0ae13;\"><strong>Geschmack:<\/strong>\u00a0<\/span> Frische \u00c4pfel, Trauben und saftige Limetten werden von Schokoladen-Noten und Malz-Bonbons erg\u00e4nzt<\/p>\n<p><span style=\"color: #f0ae13;\"><strong>Abgang:<\/strong>\u00a0<\/span> Ein Hauch von Zartbitterschokolade klingt mit einer s\u00fc\u00dfen, leicht herbalen Note von Heidehonig aus<\/p>\n","protected":false},"excerpt":{"rendered":"<ul>\n<li>13j\u00e4hriger Single Malt von den Orkney Islands<\/li>\n<li>gereift in 1. Fill Ex-Bourbon-F\u00e4ssern<\/li>\n<li>frischer, leichter Whisky mit zarten Noten von saftigen gr\u00fcnen \u00c4pfeln, Zitronen und frisch gem\u00e4htem Gras<\/li>\n<li>entwickelt w\u00fcrzige Noten von Kr\u00e4utern und Eichenholz auf der Zunge, erg\u00e4nzt mit s\u00fc\u00dfem Honig<\/li>\n<li>ideal als Aperitif<\/li>\n<li>letzte Flasche, unsicherer Nachschub!<\/li>\n<\/ul>\n<div>\n<div style=\"width: 49%; float: left; margin-right: 1%;\">[borlabs-cookie type=\"content-blocker\" id=\"youtube\" title=\"Youtube\"]<iframe src=\"https:\/\/www.youtube.com\/embed\/xstMXQejiFw\" width=\"560\" height=\"206\" frameborder=\"0\" allowfullscreen=\"allowfullscreen\"><\/iframe>[\/borlabs-cookie]<\/div>\n<\/div>\n","protected":false},"featured_media":18323,"comment_status":"open","ping_status":"closed","template":"","meta":[],"product_brand":[],"product_cat":[944],"product_tag":[799,811,969,816,817,818,824,832],"class_list":{"0":"post-16558","1":"product","2":"type-product","3":"status-publish","4":"has-post-thumbnail","6":"product_cat-islands-de","7":"product_tag-inseln-de","8":"product_tag-orkney-de","9":"product_tag-rauchig-de","10":"product_tag-scapa-de","11":"product_tag-scapa-distillery-label-de","12":"product_tag-scotch-de","13":"product_tag-single-malt-de","14":"product_tag-whisky-de","15":"pa_alcohol-content-43-de","16":"pa_bottled-at-abgefullt-durch-gordon-macphail","17":"pa_country-schottland","18":"pa_distillery-scapa-de","19":"pa_maturation-casks-bourbon-de","20":"pa_product-net-content-70-cl-de","21":"pa_scotland-islands-de","22":"pa_whisky-type-single-malt-de","23":"no-featured-image-padding","24":"sales-flash-overlay","25":"woocommerce-text-align-center","26":"woocommerce-image-align-center","27":"do-quantity-buttons","28":"wc-has-gallery","30":"first","31":"outofstock","32":"featured","33":"taxable","34":"shipping-taxable","35":"purchasable","36":"product-type-simple"},"yoast_head":"<!-- This site is optimized with the Yoast SEO plugin v27.0 - https:\/\/yoast.com\/product\/yoast-seo-wordpress\/ -->\n<title>Scapa Distillery Label 2005 - Letzte Flasche bei Whisky4you - Chance f\u00fcr Sammler<\/title>\n<meta name=\"description\" content=\"Mit seinen 13 Jahren ist das Scapa Distillery Label 2005 einer der wenigen Scapa Single Malts mit Altersangabe. Ein frischer, unbeschwerter Whisky mit zarten Noten von saftigen gr\u00fcnen \u00c4pfeln, Zitronen und frisch gem\u00e4hten Wiesen. Reift in 1st Fill Ex-Bourbon-F\u00e4ssern und entwickelt auf der Zunge w\u00fcrzige Noten von Kr\u00e4utern und Eichenholz, die mit s\u00fc\u00dfen Honignoten abgerundet werden.\" \/>\n<meta name=\"robots\" content=\"index, follow, max-snippet:-1, max-image-preview:large, max-video-preview:-1\" \/>\n<link rel=\"canonical\" href=\"https:\/\/whisky4you.net\/de\/produkt\/scapa-distillery-label-2005\/\" \/>\n<meta property=\"og:locale\" content=\"de_DE\" \/>\n<meta property=\"og:type\" content=\"article\" \/>\n<meta property=\"og:title\" content=\"Scapa Distillery Label 2005 - Letzte Flasche bei Whisky4you - Chance f\u00fcr Sammler\" \/>\n<meta property=\"og:description\" content=\"Mit seinen 13 Jahren ist das Scapa Distillery Label 2005 einer der wenigen Scapa Single Malts mit Altersangabe. Ein frischer, unbeschwerter Whisky mit zarten Noten von saftigen gr\u00fcnen \u00c4pfeln, Zitronen und frisch gem\u00e4hten Wiesen. Reift in 1st Fill Ex-Bourbon-F\u00e4ssern und entwickelt auf der Zunge w\u00fcrzige Noten von Kr\u00e4utern und Eichenholz, die mit s\u00fc\u00dfen Honignoten abgerundet werden.\" \/>\n<meta property=\"og:url\" content=\"https:\/\/whisky4you.net\/de\/produkt\/scapa-distillery-label-2005\/\" \/>\n<meta property=\"og:site_name\" content=\"Whisky4you\" \/>\n<meta property=\"article:publisher\" content=\"https:\/\/www.facebook.com\/Whisky4you.net\" \/>\n<meta property=\"article:modified_time\" content=\"2024-10-17T23:44:08+00:00\" \/>\n<meta property=\"og:image\" content=\"https:\/\/i0.wp.com\/whisky4you.net\/wp-content\/uploads\/2020\/05\/Scapa-Distillers-Labels2005K_shop.jpg?fit=843%2C842&ssl=1\" \/>\n\t<meta property=\"og:image:width\" content=\"843\" \/>\n\t<meta property=\"og:image:height\" content=\"842\" \/>\n\t<meta property=\"og:image:type\" content=\"image\/jpeg\" \/>\n<meta name=\"twitter:card\" content=\"summary_large_image\" \/>\n<meta name=\"twitter:label1\" content=\"Gesch\u00e4tzte Lesezeit\" \/>\n\t<meta name=\"twitter:data1\" content=\"2\u00a0Minuten\" \/>\n<script type=\"application\/ld+json\" class=\"yoast-schema-graph\">{\"@context\":\"https:\/\/schema.org\",\"@graph\":[{\"@type\":\"WebPage\",\"@id\":\"https:\/\/whisky4you.net\/de\/produkt\/scapa-distillery-label-2005\/\",\"url\":\"https:\/\/whisky4you.net\/de\/produkt\/scapa-distillery-label-2005\/\",\"name\":\"Scapa Distillery Label 2005 - Letzte Flasche bei Whisky4you - Chance f\u00fcr Sammler\",\"isPartOf\":{\"@id\":\"https:\/\/whisky4you.net\/de\/#website\"},\"primaryImageOfPage\":{\"@id\":\"https:\/\/whisky4you.net\/de\/produkt\/scapa-distillery-label-2005\/#primaryimage\"},\"image\":{\"@id\":\"https:\/\/whisky4you.net\/de\/produkt\/scapa-distillery-label-2005\/#primaryimage\"},\"thumbnailUrl\":\"https:\/\/whisky4you.net\/wp-content\/uploads\/2020\/05\/Scapa-Distillers-Labels2005K_shop.jpg\",\"datePublished\":\"2020-05-01T22:16:22+00:00\",\"dateModified\":\"2024-10-17T23:44:08+00:00\",\"description\":\"Mit seinen 13 Jahren ist das Scapa Distillery Label 2005 einer der wenigen Scapa Single Malts mit Altersangabe. Ein frischer, unbeschwerter Whisky mit zarten Noten von saftigen gr\u00fcnen \u00c4pfeln, Zitronen und frisch gem\u00e4hten Wiesen. Reift in 1st Fill Ex-Bourbon-F\u00e4ssern und entwickelt auf der Zunge w\u00fcrzige Noten von Kr\u00e4utern und Eichenholz, die mit s\u00fc\u00dfen Honignoten abgerundet werden.\",\"breadcrumb\":{\"@id\":\"https:\/\/whisky4you.net\/de\/produkt\/scapa-distillery-label-2005\/#breadcrumb\"},\"inLanguage\":\"de\",\"potentialAction\":[{\"@type\":\"ReadAction\",\"target\":[\"https:\/\/whisky4you.net\/de\/produkt\/scapa-distillery-label-2005\/\"]}]},{\"@type\":\"ImageObject\",\"inLanguage\":\"de\",\"@id\":\"https:\/\/whisky4you.net\/de\/produkt\/scapa-distillery-label-2005\/#primaryimage\",\"url\":\"https:\/\/whisky4you.net\/wp-content\/uploads\/2020\/05\/Scapa-Distillers-Labels2005K_shop.jpg\",\"contentUrl\":\"https:\/\/whisky4you.net\/wp-content\/uploads\/2020\/05\/Scapa-Distillers-Labels2005K_shop.jpg\",\"width\":843,\"height\":842,\"caption\":\"Scapa Distillery Label 2005, Single Malt von den Orkney Islands\"},{\"@type\":\"BreadcrumbList\",\"@id\":\"https:\/\/whisky4you.net\/de\/produkt\/scapa-distillery-label-2005\/#breadcrumb\",\"itemListElement\":[{\"@type\":\"ListItem\",\"position\":1,\"name\":\"Home\",\"item\":\"https:\/\/whisky4you.net\/\"},{\"@type\":\"ListItem\",\"position\":2,\"name\":\"Online Shop\",\"item\":\"https:\/\/whisky4you.net\/de\/online-shop\/\"},{\"@type\":\"ListItem\",\"position\":3,\"name\":\"Scapa Distillery Label 2005\"}]},{\"@type\":\"WebSite\",\"@id\":\"https:\/\/whisky4you.net\/de\/#website\",\"url\":\"https:\/\/whisky4you.net\/de\/\",\"name\":\"Whisky4you\",\"description\":\"Dedicated to Whisky interest and Whisky lovers\",\"publisher\":{\"@id\":\"https:\/\/whisky4you.net\/de\/#organization\"},\"potentialAction\":[{\"@type\":\"SearchAction\",\"target\":{\"@type\":\"EntryPoint\",\"urlTemplate\":\"https:\/\/whisky4you.net\/de\/?s={search_term_string}\"},\"query-input\":{\"@type\":\"PropertyValueSpecification\",\"valueRequired\":true,\"valueName\":\"search_term_string\"}}],\"inLanguage\":\"de\"},{\"@type\":\"Organization\",\"@id\":\"https:\/\/whisky4you.net\/de\/#organization\",\"name\":\"Whisky4you\",\"url\":\"https:\/\/whisky4you.net\/de\/\",\"logo\":{\"@type\":\"ImageObject\",\"inLanguage\":\"de\",\"@id\":\"https:\/\/whisky4you.net\/de\/#\/schema\/logo\/image\/\",\"url\":\"https:\/\/whisky4you.net\/wp-content\/uploads\/2020\/12\/cropped-cropped-cropped-cropped-logo-head.png\",\"contentUrl\":\"https:\/\/whisky4you.net\/wp-content\/uploads\/2020\/12\/cropped-cropped-cropped-cropped-logo-head.png\",\"width\":250,\"height\":81,\"caption\":\"Whisky4you\"},\"image\":{\"@id\":\"https:\/\/whisky4you.net\/de\/#\/schema\/logo\/image\/\"},\"sameAs\":[\"https:\/\/www.facebook.com\/Whisky4you.net\",\"https:\/\/www.linkedin.com\/company\/whisky4you\/?viewAsMember=true\"]}]}<\/script>\n<!-- \/ Yoast SEO plugin. -->","yoast_head_json":{"title":"Scapa Distillery Label 2005 - Letzte Flasche bei Whisky4you - Chance f\u00fcr Sammler","description":"Mit seinen 13 Jahren ist das Scapa Distillery Label 2005 einer der wenigen Scapa Single Malts mit Altersangabe. Ein frischer, unbeschwerter Whisky mit zarten Noten von saftigen gr\u00fcnen \u00c4pfeln, Zitronen und frisch gem\u00e4hten Wiesen. Reift in 1st Fill Ex-Bourbon-F\u00e4ssern und entwickelt auf der Zunge w\u00fcrzige Noten von Kr\u00e4utern und Eichenholz, die mit s\u00fc\u00dfen Honignoten abgerundet werden.","robots":{"index":"index","follow":"follow","max-snippet":"max-snippet:-1","max-image-preview":"max-image-preview:large","max-video-preview":"max-video-preview:-1"},"canonical":"https:\/\/whisky4you.net\/de\/produkt\/scapa-distillery-label-2005\/","og_locale":"de_DE","og_type":"article","og_title":"Scapa Distillery Label 2005 - Letzte Flasche bei Whisky4you - Chance f\u00fcr Sammler","og_description":"Mit seinen 13 Jahren ist das Scapa Distillery Label 2005 einer der wenigen Scapa Single Malts mit Altersangabe. Ein frischer, unbeschwerter Whisky mit zarten Noten von saftigen gr\u00fcnen \u00c4pfeln, Zitronen und frisch gem\u00e4hten Wiesen. Reift in 1st Fill Ex-Bourbon-F\u00e4ssern und entwickelt auf der Zunge w\u00fcrzige Noten von Kr\u00e4utern und Eichenholz, die mit s\u00fc\u00dfen Honignoten abgerundet werden.","og_url":"https:\/\/whisky4you.net\/de\/produkt\/scapa-distillery-label-2005\/","og_site_name":"Whisky4you","article_publisher":"https:\/\/www.facebook.com\/Whisky4you.net","article_modified_time":"2024-10-17T23:44:08+00:00","og_image":[{"width":843,"height":842,"url":"https:\/\/i0.wp.com\/whisky4you.net\/wp-content\/uploads\/2020\/05\/Scapa-Distillers-Labels2005K_shop.jpg?fit=843%2C842&ssl=1","type":"image\/jpeg"}],"twitter_card":"summary_large_image","twitter_misc":{"Gesch\u00e4tzte Lesezeit":"2\u00a0Minuten"},"schema":{"@context":"https:\/\/schema.org","@graph":[{"@type":"WebPage","@id":"https:\/\/whisky4you.net\/de\/produkt\/scapa-distillery-label-2005\/","url":"https:\/\/whisky4you.net\/de\/produkt\/scapa-distillery-label-2005\/","name":"Scapa Distillery Label 2005 - Letzte Flasche bei Whisky4you - Chance f\u00fcr Sammler","isPartOf":{"@id":"https:\/\/whisky4you.net\/de\/#website"},"primaryImageOfPage":{"@id":"https:\/\/whisky4you.net\/de\/produkt\/scapa-distillery-label-2005\/#primaryimage"},"image":{"@id":"https:\/\/whisky4you.net\/de\/produkt\/scapa-distillery-label-2005\/#primaryimage"},"thumbnailUrl":"https:\/\/whisky4you.net\/wp-content\/uploads\/2020\/05\/Scapa-Distillers-Labels2005K_shop.jpg","datePublished":"2020-05-01T22:16:22+00:00","dateModified":"2024-10-17T23:44:08+00:00","description":"Mit seinen 13 Jahren ist das Scapa Distillery Label 2005 einer der wenigen Scapa Single Malts mit Altersangabe. Ein frischer, unbeschwerter Whisky mit zarten Noten von saftigen gr\u00fcnen \u00c4pfeln, Zitronen und frisch gem\u00e4hten Wiesen. Reift in 1st Fill Ex-Bourbon-F\u00e4ssern und entwickelt auf der Zunge w\u00fcrzige Noten von Kr\u00e4utern und Eichenholz, die mit s\u00fc\u00dfen Honignoten abgerundet werden.","breadcrumb":{"@id":"https:\/\/whisky4you.net\/de\/produkt\/scapa-distillery-label-2005\/#breadcrumb"},"inLanguage":"de","potentialAction":[{"@type":"ReadAction","target":["https:\/\/whisky4you.net\/de\/produkt\/scapa-distillery-label-2005\/"]}]},{"@type":"ImageObject","inLanguage":"de","@id":"https:\/\/whisky4you.net\/de\/produkt\/scapa-distillery-label-2005\/#primaryimage","url":"https:\/\/whisky4you.net\/wp-content\/uploads\/2020\/05\/Scapa-Distillers-Labels2005K_shop.jpg","contentUrl":"https:\/\/whisky4you.net\/wp-content\/uploads\/2020\/05\/Scapa-Distillers-Labels2005K_shop.jpg","width":843,"height":842,"caption":"Scapa Distillery Label 2005, Single Malt von den Orkney Islands"},{"@type":"BreadcrumbList","@id":"https:\/\/whisky4you.net\/de\/produkt\/scapa-distillery-label-2005\/#breadcrumb","itemListElement":[{"@type":"ListItem","position":1,"name":"Home","item":"https:\/\/whisky4you.net\/"},{"@type":"ListItem","position":2,"name":"Online Shop","item":"https:\/\/whisky4you.net\/de\/online-shop\/"},{"@type":"ListItem","position":3,"name":"Scapa Distillery Label 2005"}]},{"@type":"WebSite","@id":"https:\/\/whisky4you.net\/de\/#website","url":"https:\/\/whisky4you.net\/de\/","name":"Whisky4you","description":"Dedicated to Whisky interest and Whisky lovers","publisher":{"@id":"https:\/\/whisky4you.net\/de\/#organization"},"potentialAction":[{"@type":"SearchAction","target":{"@type":"EntryPoint","urlTemplate":"https:\/\/whisky4you.net\/de\/?s={search_term_string}"},"query-input":{"@type":"PropertyValueSpecification","valueRequired":true,"valueName":"search_term_string"}}],"inLanguage":"de"},{"@type":"Organization","@id":"https:\/\/whisky4you.net\/de\/#organization","name":"Whisky4you","url":"https:\/\/whisky4you.net\/de\/","logo":{"@type":"ImageObject","inLanguage":"de","@id":"https:\/\/whisky4you.net\/de\/#\/schema\/logo\/image\/","url":"https:\/\/whisky4you.net\/wp-content\/uploads\/2020\/12\/cropped-cropped-cropped-cropped-logo-head.png","contentUrl":"https:\/\/whisky4you.net\/wp-content\/uploads\/2020\/12\/cropped-cropped-cropped-cropped-logo-head.png","width":250,"height":81,"caption":"Whisky4you"},"image":{"@id":"https:\/\/whisky4you.net\/de\/#\/schema\/logo\/image\/"},"sameAs":["https:\/\/www.facebook.com\/Whisky4you.net","https:\/\/www.linkedin.com\/company\/whisky4you\/?viewAsMember=true"]}]}},"jetpack_sharing_enabled":true,"_links":{"self":[{"href":"https:\/\/whisky4you.net\/de\/wp-json\/wp\/v2\/product\/16558","targetHints":{"allow":["GET"]}}],"collection":[{"href":"https:\/\/whisky4you.net\/de\/wp-json\/wp\/v2\/product"}],"about":[{"href":"https:\/\/whisky4you.net\/de\/wp-json\/wp\/v2\/types\/product"}],"replies":[{"embeddable":true,"href":"https:\/\/whisky4you.net\/de\/wp-json\/wp\/v2\/comments?post=16558"}],"version-history":[{"count":0,"href":"https:\/\/whisky4you.net\/de\/wp-json\/wp\/v2\/product\/16558\/revisions"}],"wp:featuredmedia":[{"embeddable":true,"href":"https:\/\/whisky4you.net\/de\/wp-json\/wp\/v2\/media\/18323"}],"wp:attachment":[{"href":"https:\/\/whisky4you.net\/de\/wp-json\/wp\/v2\/media?parent=16558"}],"wp:term":[{"taxonomy":"product_brand","embeddable":true,"href":"https:\/\/whisky4you.net\/de\/wp-json\/wp\/v2\/product_brand?post=16558"},{"taxonomy":"product_cat","embeddable":true,"href":"https:\/\/whisky4you.net\/de\/wp-json\/wp\/v2\/product_cat?post=16558"},{"taxonomy":"product_tag","embeddable":true,"href":"https:\/\/whisky4you.net\/de\/wp-json\/wp\/v2\/product_tag?post=16558"}],"curies":[{"name":"wp","href":"https:\/\/api.w.org\/{rel}","templated":true}]}}