{"id":16714,"date":"2020-04-30T16:41:57","date_gmt":"2020-04-30T15:41:57","guid":{"rendered":"https:\/\/whisky4you.net\/product\/talisker-neist-point-de\/"},"modified":"2023-09-05T17:56:33","modified_gmt":"2023-09-05T16:56:33","slug":"talisker-neist-point-de","status":"publish","type":"product","link":"https:\/\/whisky4you.net\/de\/produkt\/talisker-neist-point-de\/","title":{"rendered":"Talisker Neist Point"},"content":{"rendered":"<h3><strong>Talisker Neist Point<\/strong><\/h3>\n<p>Der Talisker Neist Point hat seinen Namen nach dem westlichen Punkt der Isle of Skye. Der Atlantik ist hier wild und st\u00fcrmisch und umsp\u00fclt die Insel mit einem attraktiven Leuchtturm, der ein beliebtes Ausflugsziel f\u00fcr Besucher ist. Der Brennerei Charakter von <a href=\"https:\/\/www.malts.com\/en-row\/our-whisky-collection\/talisker\/\" target=\"_blank\" rel=\"noopener noreferrer\">Talisker<\/a> spiegelt dieses raue Meeresklima wieder. \u00c4ltere Flaschen sind dabei teilweise komplexer und haben auch deutlich mehr Rauch Gehalt. Dagegen ist der Neist Point ist eine der neueren Abf\u00fcllungen, der auch geschmacklich eine gute Erg\u00e4nzung im Talisker Sortiment darstellt. 2015 wurde er f\u00fcr den Travel Retail vorgestellt. Man hat bei diesem Single Malt auf die Altersangabe verzichtet. Er wurde in besonders ausgew\u00e4hlten F\u00e4ssern verschiedenen Alters gereift und ohne K\u00fchlfilterung mit 45,8 % abgef\u00fcllt. Von der Brennerei wird er als Premium Produkt zwischen Talisker 18 Jahre und Talisker 25 Jahre angesiedelt.<\/p>\n<p>Achtung: Letzte Flasche &#8211; Chance f\u00fcr Sammler<\/p>\n<h3><strong>Was ist in der sch\u00f6nen Verpackung mit dem Leuchtturm?<\/strong><\/h3>\n<p>Der Neist Point ist ein komplexer Malt, der etwas aus der Reihe der typischen Talisker herausf\u00e4llt. Der Rauch Anteil ist zwar deutlich zu sp\u00fcren, aber weniger dominant als bei den Abf\u00fcllungen der Vorjahre. Stattdessen tritt die pfeffrige Sch\u00e4rfe und die maritime Note mehr in den Vordergrund und wird durch s\u00fc\u00dfe und w\u00fcrzige Holznoten erg\u00e4nzt. Die ausgew\u00e4hlte Mischung von jungen und alten F\u00e4sser f\u00fcr die Reifung hat einen aufregenden Whisky mit Charakter hervorgebracht, der im Vergleich zu den \u00e4lteren und ausgewogeneren Abf\u00fcllungen eher kraftvoll und aggressiv auftritt. Wie am Neist-Point zu erwarten: der Sturm im Nosing Glas und eine Premiumabf\u00fcllung f\u00fcr Talisker-Fans und Sammler.<\/p>\n<p>Schauen Sie sich auch unsere Verkostungsvideos an und st\u00f6bern Sie durch die Hintergrundartikel in unserem Blog &#8222;<a href=\"https:\/\/whisky4you.net\/de\/alles-ueber-whisky\/\" target=\"_blank\" rel=\"noopener noreferrer\">Alles \u00fcber Whisky<\/a>&#8222;.<\/p>\n<p><span style=\"color: #f0ae13;\"><strong>Typ:<\/strong>\u00a0<\/span>\u00a0 \u00a0 Single Malt Whisky<\/p>\n<p><strong><span style=\"color: #f0ae13;\">Aroma:<\/span><\/strong>\u00a0 \u00a0 eine feine Meeresbrise mit Jodsalz und einer leichte Rauchnote, gefolgt von s\u00fc\u00dfen Aromen von reifen Orangen, Cocktail-Kirschen und Vanillepudding, umgeben von einem Hauch von Lakritz und Sandelholz<\/p>\n<p><span style=\"color: #f0ae13;\"><strong>Geschmack:<\/strong>\u00a0<\/span> frischer, kr\u00e4ftiger Chilli-Catch explodiert auf der Zunge und regt den Speichelfluss an; nach einer Weile entwickelt sich ein markantes Aroma von w\u00fcrzigem, s\u00fc\u00dfem Ingwer, Pfeffer und Meersalz, gefolgt von etwas Orangenschale, Aprikosen und Zimt<\/p>\n<p><span style=\"color: #f0ae13;\"><strong>Abgang:<\/strong>\u00a0<\/span> Die trockene Sch\u00e4rfe ist selbst im Abgang noch deutlich und w\u00e4rmend vorhanden, begleitet von w\u00fcrzigen und leicht rauchigen Noten von gl\u00fchendem Eichenholz<\/p>\n","protected":false},"excerpt":{"rendered":"<ul>\n<li>energetischer Single Malt als Spezialf\u00fcllung von Talisker<\/li>\n<li>pfeffrige Sch\u00e4rfe und eine klare nautische Note<\/li>\n<li>erg\u00e4nzt durch s\u00fc\u00dfe Noten von Orangenschale, Aprikose und Zimt<\/li>\n<li>umgeben von w\u00fcrzigen Holzaromen<\/li>\n<li>seltene Flasche!<\/li>\n<\/ul>\n","protected":false},"featured_media":20430,"comment_status":"open","ping_status":"closed","template":"","meta":[],"product_brand":[],"product_cat":[944,940],"product_tag":[801,807,818,974,824,827,832],"class_list":{"0":"post-16714","1":"product","2":"type-product","3":"status-publish","4":"has-post-thumbnail","6":"product_cat-islands-de","7":"product_cat-scotch-de","8":"product_tag-isle-of-skye-de","9":"product_tag-neist-point-de","10":"product_tag-scotch-de","11":"product_tag-sherryfass-reifung","12":"product_tag-single-malt-de","13":"product_tag-talisker-de","14":"product_tag-whisky-de","15":"pa_alcohol-content-853","16":"pa_bottled-at-abgefullt-durch-hersteller","17":"pa_country-schottland","18":"pa_distillery-talisker-de","19":"pa_maturation-casks-bourbon-de","20":"pa_maturation-casks-sherry-de","21":"pa_minimum-age-ohne-angabe","22":"pa_product-net-content-70-cl-de","23":"pa_scotland-islands-de","24":"pa_whisky-type-single-malt-de","25":"no-featured-image-padding","26":"sales-flash-overlay","27":"woocommerce-text-align-center","28":"woocommerce-image-align-center","29":"do-quantity-buttons","30":"wc-has-gallery","32":"first","33":"outofstock","34":"featured","35":"taxable","36":"shipping-taxable","37":"purchasable","38":"product-type-simple"},"yoast_head":"<!-- This site is optimized with the Yoast SEO plugin v27.0 - https:\/\/yoast.com\/product\/yoast-seo-wordpress\/ -->\n<title>Talisker Neist Point - Letzte Flasche bei Whisky4you - \u20ac399,90<\/title>\n<meta name=\"description\" content=\"Talisker Neist Point, ein energiegeladener und vielschichtiger Single Malt mit dem ber\u00fchmten Chilli Catch, feinen Meeresaromen, erg\u00e4nzt durch s\u00fc\u00dfe und w\u00fcrzige Holzt\u00f6ne.\" \/>\n<meta name=\"robots\" content=\"index, follow, max-snippet:-1, max-image-preview:large, max-video-preview:-1\" \/>\n<link rel=\"canonical\" href=\"https:\/\/whisky4you.net\/de\/produkt\/talisker-neist-point-de\/\" \/>\n<meta property=\"og:locale\" content=\"de_DE\" \/>\n<meta property=\"og:type\" content=\"article\" \/>\n<meta property=\"og:title\" content=\"Talisker Neist Point - Letzte Flasche bei Whisky4you - \u20ac399,90\" \/>\n<meta property=\"og:description\" content=\"Talisker Neist Point, ein energiegeladener und vielschichtiger Single Malt mit dem ber\u00fchmten Chilli Catch, feinen Meeresaromen, erg\u00e4nzt durch s\u00fc\u00dfe und w\u00fcrzige Holzt\u00f6ne.\" \/>\n<meta property=\"og:url\" content=\"https:\/\/whisky4you.net\/de\/produkt\/talisker-neist-point-de\/\" \/>\n<meta property=\"og:site_name\" content=\"Whisky4you\" \/>\n<meta property=\"article:publisher\" content=\"https:\/\/www.facebook.com\/Whisky4you.net\" \/>\n<meta property=\"article:modified_time\" content=\"2023-09-05T16:56:33+00:00\" \/>\n<meta property=\"og:image\" content=\"https:\/\/i0.wp.com\/whisky4you.net\/wp-content\/uploads\/2021\/08\/Talisker-Neist-Point-Shop.jpg?fit=886%2C886&ssl=1\" \/>\n\t<meta property=\"og:image:width\" content=\"886\" \/>\n\t<meta property=\"og:image:height\" content=\"886\" \/>\n\t<meta property=\"og:image:type\" content=\"image\/jpeg\" \/>\n<meta name=\"twitter:card\" content=\"summary_large_image\" \/>\n<meta name=\"twitter:label1\" content=\"Gesch\u00e4tzte Lesezeit\" \/>\n\t<meta name=\"twitter:data1\" content=\"2\u00a0Minuten\" \/>\n<script type=\"application\/ld+json\" class=\"yoast-schema-graph\">{\"@context\":\"https:\/\/schema.org\",\"@graph\":[{\"@type\":\"WebPage\",\"@id\":\"https:\/\/whisky4you.net\/de\/produkt\/talisker-neist-point-de\/\",\"url\":\"https:\/\/whisky4you.net\/de\/produkt\/talisker-neist-point-de\/\",\"name\":\"Talisker Neist Point - Letzte Flasche bei Whisky4you - \u20ac399,90\",\"isPartOf\":{\"@id\":\"https:\/\/whisky4you.net\/de\/#website\"},\"primaryImageOfPage\":{\"@id\":\"https:\/\/whisky4you.net\/de\/produkt\/talisker-neist-point-de\/#primaryimage\"},\"image\":{\"@id\":\"https:\/\/whisky4you.net\/de\/produkt\/talisker-neist-point-de\/#primaryimage\"},\"thumbnailUrl\":\"https:\/\/whisky4you.net\/wp-content\/uploads\/2021\/08\/Talisker-Neist-Point-Shop.jpg\",\"datePublished\":\"2020-04-30T15:41:57+00:00\",\"dateModified\":\"2023-09-05T16:56:33+00:00\",\"description\":\"Talisker Neist Point, ein energiegeladener und vielschichtiger Single Malt mit dem ber\u00fchmten Chilli Catch, feinen Meeresaromen, erg\u00e4nzt durch s\u00fc\u00dfe und w\u00fcrzige Holzt\u00f6ne.\",\"breadcrumb\":{\"@id\":\"https:\/\/whisky4you.net\/de\/produkt\/talisker-neist-point-de\/#breadcrumb\"},\"inLanguage\":\"de\",\"potentialAction\":[{\"@type\":\"ReadAction\",\"target\":[\"https:\/\/whisky4you.net\/de\/produkt\/talisker-neist-point-de\/\"]}]},{\"@type\":\"ImageObject\",\"inLanguage\":\"de\",\"@id\":\"https:\/\/whisky4you.net\/de\/produkt\/talisker-neist-point-de\/#primaryimage\",\"url\":\"https:\/\/whisky4you.net\/wp-content\/uploads\/2021\/08\/Talisker-Neist-Point-Shop.jpg\",\"contentUrl\":\"https:\/\/whisky4you.net\/wp-content\/uploads\/2021\/08\/Talisker-Neist-Point-Shop.jpg\",\"width\":886,\"height\":886,\"caption\":\"Talisker 18 Jahre Single Malt, ein Meisterwerk der Komplexit\u00e4t k\u00f6stlicher Fruchtaromen mit ausgewogener W\u00fcrze und dem ber\u00fchmten Chili-Catch\"},{\"@type\":\"BreadcrumbList\",\"@id\":\"https:\/\/whisky4you.net\/de\/produkt\/talisker-neist-point-de\/#breadcrumb\",\"itemListElement\":[{\"@type\":\"ListItem\",\"position\":1,\"name\":\"Home\",\"item\":\"https:\/\/whisky4you.net\/\"},{\"@type\":\"ListItem\",\"position\":2,\"name\":\"Online Shop\",\"item\":\"https:\/\/whisky4you.net\/de\/online-shop\/\"},{\"@type\":\"ListItem\",\"position\":3,\"name\":\"Talisker Neist Point\"}]},{\"@type\":\"WebSite\",\"@id\":\"https:\/\/whisky4you.net\/de\/#website\",\"url\":\"https:\/\/whisky4you.net\/de\/\",\"name\":\"Whisky4you\",\"description\":\"Dedicated to Whisky interest and Whisky lovers\",\"publisher\":{\"@id\":\"https:\/\/whisky4you.net\/de\/#organization\"},\"potentialAction\":[{\"@type\":\"SearchAction\",\"target\":{\"@type\":\"EntryPoint\",\"urlTemplate\":\"https:\/\/whisky4you.net\/de\/?s={search_term_string}\"},\"query-input\":{\"@type\":\"PropertyValueSpecification\",\"valueRequired\":true,\"valueName\":\"search_term_string\"}}],\"inLanguage\":\"de\"},{\"@type\":\"Organization\",\"@id\":\"https:\/\/whisky4you.net\/de\/#organization\",\"name\":\"Whisky4you\",\"url\":\"https:\/\/whisky4you.net\/de\/\",\"logo\":{\"@type\":\"ImageObject\",\"inLanguage\":\"de\",\"@id\":\"https:\/\/whisky4you.net\/de\/#\/schema\/logo\/image\/\",\"url\":\"https:\/\/whisky4you.net\/wp-content\/uploads\/2020\/12\/cropped-cropped-cropped-cropped-logo-head.png\",\"contentUrl\":\"https:\/\/whisky4you.net\/wp-content\/uploads\/2020\/12\/cropped-cropped-cropped-cropped-logo-head.png\",\"width\":250,\"height\":81,\"caption\":\"Whisky4you\"},\"image\":{\"@id\":\"https:\/\/whisky4you.net\/de\/#\/schema\/logo\/image\/\"},\"sameAs\":[\"https:\/\/www.facebook.com\/Whisky4you.net\",\"https:\/\/www.linkedin.com\/company\/whisky4you\/?viewAsMember=true\"]}]}<\/script>\n<!-- \/ Yoast SEO plugin. -->","yoast_head_json":{"title":"Talisker Neist Point - Letzte Flasche bei Whisky4you - \u20ac399,90","description":"Talisker Neist Point, ein energiegeladener und vielschichtiger Single Malt mit dem ber\u00fchmten Chilli Catch, feinen Meeresaromen, erg\u00e4nzt durch s\u00fc\u00dfe und w\u00fcrzige Holzt\u00f6ne.","robots":{"index":"index","follow":"follow","max-snippet":"max-snippet:-1","max-image-preview":"max-image-preview:large","max-video-preview":"max-video-preview:-1"},"canonical":"https:\/\/whisky4you.net\/de\/produkt\/talisker-neist-point-de\/","og_locale":"de_DE","og_type":"article","og_title":"Talisker Neist Point - Letzte Flasche bei Whisky4you - \u20ac399,90","og_description":"Talisker Neist Point, ein energiegeladener und vielschichtiger Single Malt mit dem ber\u00fchmten Chilli Catch, feinen Meeresaromen, erg\u00e4nzt durch s\u00fc\u00dfe und w\u00fcrzige Holzt\u00f6ne.","og_url":"https:\/\/whisky4you.net\/de\/produkt\/talisker-neist-point-de\/","og_site_name":"Whisky4you","article_publisher":"https:\/\/www.facebook.com\/Whisky4you.net","article_modified_time":"2023-09-05T16:56:33+00:00","og_image":[{"width":886,"height":886,"url":"https:\/\/i0.wp.com\/whisky4you.net\/wp-content\/uploads\/2021\/08\/Talisker-Neist-Point-Shop.jpg?fit=886%2C886&ssl=1","type":"image\/jpeg"}],"twitter_card":"summary_large_image","twitter_misc":{"Gesch\u00e4tzte Lesezeit":"2\u00a0Minuten"},"schema":{"@context":"https:\/\/schema.org","@graph":[{"@type":"WebPage","@id":"https:\/\/whisky4you.net\/de\/produkt\/talisker-neist-point-de\/","url":"https:\/\/whisky4you.net\/de\/produkt\/talisker-neist-point-de\/","name":"Talisker Neist Point - Letzte Flasche bei Whisky4you - \u20ac399,90","isPartOf":{"@id":"https:\/\/whisky4you.net\/de\/#website"},"primaryImageOfPage":{"@id":"https:\/\/whisky4you.net\/de\/produkt\/talisker-neist-point-de\/#primaryimage"},"image":{"@id":"https:\/\/whisky4you.net\/de\/produkt\/talisker-neist-point-de\/#primaryimage"},"thumbnailUrl":"https:\/\/whisky4you.net\/wp-content\/uploads\/2021\/08\/Talisker-Neist-Point-Shop.jpg","datePublished":"2020-04-30T15:41:57+00:00","dateModified":"2023-09-05T16:56:33+00:00","description":"Talisker Neist Point, ein energiegeladener und vielschichtiger Single Malt mit dem ber\u00fchmten Chilli Catch, feinen Meeresaromen, erg\u00e4nzt durch s\u00fc\u00dfe und w\u00fcrzige Holzt\u00f6ne.","breadcrumb":{"@id":"https:\/\/whisky4you.net\/de\/produkt\/talisker-neist-point-de\/#breadcrumb"},"inLanguage":"de","potentialAction":[{"@type":"ReadAction","target":["https:\/\/whisky4you.net\/de\/produkt\/talisker-neist-point-de\/"]}]},{"@type":"ImageObject","inLanguage":"de","@id":"https:\/\/whisky4you.net\/de\/produkt\/talisker-neist-point-de\/#primaryimage","url":"https:\/\/whisky4you.net\/wp-content\/uploads\/2021\/08\/Talisker-Neist-Point-Shop.jpg","contentUrl":"https:\/\/whisky4you.net\/wp-content\/uploads\/2021\/08\/Talisker-Neist-Point-Shop.jpg","width":886,"height":886,"caption":"Talisker 18 Jahre Single Malt, ein Meisterwerk der Komplexit\u00e4t k\u00f6stlicher Fruchtaromen mit ausgewogener W\u00fcrze und dem ber\u00fchmten Chili-Catch"},{"@type":"BreadcrumbList","@id":"https:\/\/whisky4you.net\/de\/produkt\/talisker-neist-point-de\/#breadcrumb","itemListElement":[{"@type":"ListItem","position":1,"name":"Home","item":"https:\/\/whisky4you.net\/"},{"@type":"ListItem","position":2,"name":"Online Shop","item":"https:\/\/whisky4you.net\/de\/online-shop\/"},{"@type":"ListItem","position":3,"name":"Talisker Neist Point"}]},{"@type":"WebSite","@id":"https:\/\/whisky4you.net\/de\/#website","url":"https:\/\/whisky4you.net\/de\/","name":"Whisky4you","description":"Dedicated to Whisky interest and Whisky lovers","publisher":{"@id":"https:\/\/whisky4you.net\/de\/#organization"},"potentialAction":[{"@type":"SearchAction","target":{"@type":"EntryPoint","urlTemplate":"https:\/\/whisky4you.net\/de\/?s={search_term_string}"},"query-input":{"@type":"PropertyValueSpecification","valueRequired":true,"valueName":"search_term_string"}}],"inLanguage":"de"},{"@type":"Organization","@id":"https:\/\/whisky4you.net\/de\/#organization","name":"Whisky4you","url":"https:\/\/whisky4you.net\/de\/","logo":{"@type":"ImageObject","inLanguage":"de","@id":"https:\/\/whisky4you.net\/de\/#\/schema\/logo\/image\/","url":"https:\/\/whisky4you.net\/wp-content\/uploads\/2020\/12\/cropped-cropped-cropped-cropped-logo-head.png","contentUrl":"https:\/\/whisky4you.net\/wp-content\/uploads\/2020\/12\/cropped-cropped-cropped-cropped-logo-head.png","width":250,"height":81,"caption":"Whisky4you"},"image":{"@id":"https:\/\/whisky4you.net\/de\/#\/schema\/logo\/image\/"},"sameAs":["https:\/\/www.facebook.com\/Whisky4you.net","https:\/\/www.linkedin.com\/company\/whisky4you\/?viewAsMember=true"]}]}},"jetpack_sharing_enabled":true,"_links":{"self":[{"href":"https:\/\/whisky4you.net\/de\/wp-json\/wp\/v2\/product\/16714","targetHints":{"allow":["GET"]}}],"collection":[{"href":"https:\/\/whisky4you.net\/de\/wp-json\/wp\/v2\/product"}],"about":[{"href":"https:\/\/whisky4you.net\/de\/wp-json\/wp\/v2\/types\/product"}],"replies":[{"embeddable":true,"href":"https:\/\/whisky4you.net\/de\/wp-json\/wp\/v2\/comments?post=16714"}],"version-history":[{"count":0,"href":"https:\/\/whisky4you.net\/de\/wp-json\/wp\/v2\/product\/16714\/revisions"}],"wp:featuredmedia":[{"embeddable":true,"href":"https:\/\/whisky4you.net\/de\/wp-json\/wp\/v2\/media\/20430"}],"wp:attachment":[{"href":"https:\/\/whisky4you.net\/de\/wp-json\/wp\/v2\/media?parent=16714"}],"wp:term":[{"taxonomy":"product_brand","embeddable":true,"href":"https:\/\/whisky4you.net\/de\/wp-json\/wp\/v2\/product_brand?post=16714"},{"taxonomy":"product_cat","embeddable":true,"href":"https:\/\/whisky4you.net\/de\/wp-json\/wp\/v2\/product_cat?post=16714"},{"taxonomy":"product_tag","embeddable":true,"href":"https:\/\/whisky4you.net\/de\/wp-json\/wp\/v2\/product_tag?post=16714"}],"curies":[{"name":"wp","href":"https:\/\/api.w.org\/{rel}","templated":true}]}}