{"id":16721,"date":"2020-04-05T12:26:32","date_gmt":"2020-04-05T11:26:32","guid":{"rendered":"https:\/\/whisky4you.net\/product\/talisker-25-jahre-single-malt\/"},"modified":"2022-08-22T22:11:53","modified_gmt":"2022-08-22T21:11:53","slug":"talisker-25-jahre-single-malt","status":"publish","type":"product","link":"https:\/\/whisky4you.net\/de\/produkt\/talisker-25-jahre-single-malt\/","title":{"rendered":"Talisker 25 Jahre Single Malt"},"content":{"rendered":"<h3><strong>Talisker 25 Jahre Single Malt<\/strong><\/h3>\n<p>Der 25jahre alte Talisker Single Malt ist ein eleganter Senior und eine ganz besondere Flasche im Sortiment der Talisker Destillerie, die in einer edlen Geschenkbox jede Whisky Sammlung ziert. Sie wurde im Jahre 2004 zum ersten Mal als Limited Edition vorgestellt und ist bis heute sehr gefragt. Leider wissen wir nicht, wie lange die Vorr\u00e4te der Destillerie an diesen kostbaren F\u00e4ssern noch reichen. Bisher hat diese Flasche bei der &#8222;San Francisco World Spirits Competition&#8220; schon drei Mal Gold gewonnen.<\/p>\n<h3><strong>Woher kommt der Talisker 25 Jahre Single Malt?<\/strong><\/h3>\n<p>Seit 1830 ist <a href=\"https:\/\/www.malts.com\/en-row\/our-whisky-collection\/talisker\/\" target=\"_blank\" rel=\"noopener noreferrer\">Talisker<\/a> mit seiner 200-j\u00e4hrigen Geschichte bekannt f\u00fcr intensive und kraftvolle Single Malts mit einem signifikanten Raucharoma. F\u00fcr die Produktion dienen 14 Quellen, die die Talisker Destillerie versorgen. Das Wasser flie\u00dft \u00fcber torfigen Boden und tr\u00e4gt bereits dadurch schon zum unverwechselbaren Gesamteindruck der Talisker Single Malts bei.<br \/>\nEs werden zwei traditionelle Wash Stills eingesetzt, um die Destillate mit dem Aroma des reichlich vorhandenen Torfmalz der Isle of Skye herzustellen. F\u00fcr den zweiten Brennvorgang werden drei Spirit Stills verwendet. Die Kondenser sind traditionell immer noch spulenf\u00f6rmig, um einen volleren Geschmack zu erzielen.<\/p>\n<h3><strong>Und wie schmeckt er?<\/strong><\/h3>\n<p>Der Talisker 25 Jahre Single Malt vereint edle Eleganz und die Komplexit\u00e4t einer Reifung von einem Vierteljahrhundert. Frucht- und Schokoladens\u00fc\u00dfe werden von prickelnden und w\u00fcrzigen Pfeffernoten, Lakritz und rauchig-salzigen Nuancen begleitet. Die komplexe Geschmacksvielfalt belegt eindeutig das hohe Alter. Diese Kombination von samtigen und harmonisch abgestimmter Aromen mit einem eigenen selbstbewussten Charakter macht den Talisker 25 Jahre zu einem ganz besonderen Tropfen, der mit seinem langen Abgang f\u00fcr einen anhaltenden Genuss sorgt.<\/p>\n<p>Schauen Sie sich auch unsere Verkostungsvideos an und st\u00f6bern Sie durch die Hintergrundartikel in unserem Blog &#8222;<a href=\"https:\/\/whisky4you.net\/de\/alles-ueber-whisky\/\" target=\"_blank\" rel=\"noopener noreferrer\">Alles \u00fcber Whisky<\/a>&#8222;.<\/p>\n<p><span style=\"color: #f0ae13;\"><strong>Typ:<\/strong>\u00a0<\/span>\u00a0 \u00a0 Single Malt Whisky<\/p>\n<p><strong><span style=\"color: #f0ae13;\">Aroma:<\/span><\/strong>\u00a0 Sanfte und s\u00fc\u00dfe Elemente nach Toffee und Rum, leicht fruchtig, dahinter der Duft von Meer und Algen, eine angenehme filigrane Rauchnote<\/p>\n<p><span style=\"color: #f0ae13;\"><strong>Geschmack:<\/strong>\u00a0<\/span> S\u00fc\u00dfe Beeren mit dunkler Bitterschokolade; deutlicher Torfrauch, maritim und mineralisch mit R\u00f6staromen und Pfeffer und Lakritze.<\/p>\n<p><span style=\"color: #f0ae13;\"><strong>Finish:<\/strong>\u00a0<\/span> Lang anhaltend, trocken und w\u00e4rmend, leicht nussiger, rauchiger Nachklang<\/p>\n","protected":false},"excerpt":{"rendered":"<ul>\n<li>edler, gut ausgereifter 25-j\u00e4hriger Scotch von der Isle of Skye<\/li>\n<li>trockene und komplexe Kombination aus samtigem Rauch und s\u00fc\u00dfen Elementen von Karamell und Rum<\/li>\n<li>Aromen von s\u00fc\u00dfen Beeren in den Strandd\u00fcnen<\/li>\n<li>und ein wunderbar langer, w\u00e4rmender Abgang<\/li>\n<\/ul>\n<div>\n<div style=\"width: 49%; float: left; margin-right: 1%;\">[borlabs-cookie type=\"content-blocker\" id=\"youtube\" title=\"Youtube\"]<iframe src=\"https:\/\/www.youtube.com\/embed\/h3Ktmswg6v0\" width=\"560\" height=\"206\" frameborder=\"0\" allowfullscreen=\"allowfullscreen\"><\/iframe>[\/borlabs-cookie]<\/div>\n<\/div>\n","protected":false},"featured_media":16722,"comment_status":"open","ping_status":"closed","template":"","meta":[],"product_brand":[],"product_cat":[944,940],"product_tag":[772,794,801,844,819,818,822,824,827,832],"class_list":{"0":"post-16721","1":"product","2":"type-product","3":"status-publish","4":"has-post-thumbnail","6":"product_cat-islands-de","7":"product_cat-scotch-de","8":"product_tag-25-jahre","9":"product_tag-ex-bourbon-fasser","10":"product_tag-isle-of-skye-de","11":"product_tag-rauchig","12":"product_tag-schottland-de","13":"product_tag-scotch-de","14":"product_tag-sherry-fasser","15":"product_tag-single-malt-de","16":"product_tag-talisker-de","17":"product_tag-whisky-de","18":"pa_alcohol-content-853","19":"pa_bottled-at-abgefullt-durch-hersteller","20":"pa_country-schottland","21":"pa_distillery-talisker-de","22":"pa_maturation-casks-bourbon-de","23":"pa_maturation-casks-sherry-de","24":"pa_minimum-age-25-jahre","25":"pa_product-net-content-70-cl-de","26":"pa_scotland-islands-de","27":"pa_whisky-type-single-malt-de","28":"no-featured-image-padding","29":"sales-flash-overlay","30":"woocommerce-text-align-center","31":"woocommerce-image-align-center","32":"do-quantity-buttons","33":"wc-has-gallery","35":"first","36":"outofstock","37":"featured","38":"taxable","39":"shipping-taxable","40":"purchasable","41":"product-type-simple"},"yoast_head":"<!-- This site is optimized with the Yoast SEO plugin v27.0 - https:\/\/yoast.com\/product\/yoast-seo-wordpress\/ -->\n<title>Talisker 25 Jahre Single Malt - Whisky4you Kaufen Sie jetzt!<\/title>\n<meta name=\"description\" content=\"Talisker 25 Jahre Single Malt, edel, trocken und vielschichtig, ein Vierteljahrhundert gereift, samtiges Raucharoma, salzig-w\u00fcrzige Noten + wunderbar w\u00e4rmendem Abgang.\" \/>\n<meta name=\"robots\" content=\"index, follow, max-snippet:-1, max-image-preview:large, max-video-preview:-1\" \/>\n<link rel=\"canonical\" href=\"https:\/\/whisky4you.net\/de\/produkt\/talisker-25-jahre-single-malt\/\" \/>\n<meta property=\"og:locale\" content=\"de_DE\" \/>\n<meta property=\"og:type\" content=\"article\" \/>\n<meta property=\"og:title\" content=\"Talisker 25 Jahre Single Malt - Whisky4you Kaufen Sie jetzt!\" \/>\n<meta property=\"og:description\" content=\"Talisker 25 Jahre Single Malt, edel, trocken und vielschichtig, ein Vierteljahrhundert gereift, samtiges Raucharoma, salzig-w\u00fcrzige Noten + wunderbar w\u00e4rmendem Abgang.\" \/>\n<meta property=\"og:url\" content=\"https:\/\/whisky4you.net\/de\/produkt\/talisker-25-jahre-single-malt\/\" \/>\n<meta property=\"og:site_name\" content=\"Whisky4you\" \/>\n<meta property=\"article:publisher\" content=\"https:\/\/www.facebook.com\/Whisky4you.net\" \/>\n<meta property=\"article:modified_time\" content=\"2022-08-22T21:11:53+00:00\" \/>\n<meta property=\"og:image\" content=\"https:\/\/i0.wp.com\/whisky4you.net\/wp-content\/uploads\/2020\/04\/Talisker25J.jpg?fit=769%2C769&ssl=1\" \/>\n\t<meta property=\"og:image:width\" content=\"769\" \/>\n\t<meta property=\"og:image:height\" content=\"769\" \/>\n\t<meta property=\"og:image:type\" content=\"image\/jpeg\" \/>\n<meta name=\"twitter:card\" content=\"summary_large_image\" \/>\n<meta name=\"twitter:label1\" content=\"Gesch\u00e4tzte Lesezeit\" \/>\n\t<meta name=\"twitter:data1\" content=\"2\u00a0Minuten\" \/>\n<script type=\"application\/ld+json\" class=\"yoast-schema-graph\">{\"@context\":\"https:\/\/schema.org\",\"@graph\":[{\"@type\":\"WebPage\",\"@id\":\"https:\/\/whisky4you.net\/de\/produkt\/talisker-25-jahre-single-malt\/\",\"url\":\"https:\/\/whisky4you.net\/de\/produkt\/talisker-25-jahre-single-malt\/\",\"name\":\"Talisker 25 Jahre Single Malt - Whisky4you Kaufen Sie jetzt!\",\"isPartOf\":{\"@id\":\"https:\/\/whisky4you.net\/de\/#website\"},\"primaryImageOfPage\":{\"@id\":\"https:\/\/whisky4you.net\/de\/produkt\/talisker-25-jahre-single-malt\/#primaryimage\"},\"image\":{\"@id\":\"https:\/\/whisky4you.net\/de\/produkt\/talisker-25-jahre-single-malt\/#primaryimage\"},\"thumbnailUrl\":\"https:\/\/whisky4you.net\/wp-content\/uploads\/2020\/04\/Talisker25J.jpg\",\"datePublished\":\"2020-04-05T11:26:32+00:00\",\"dateModified\":\"2022-08-22T21:11:53+00:00\",\"description\":\"Talisker 25 Jahre Single Malt, edel, trocken und vielschichtig, ein Vierteljahrhundert gereift, samtiges Raucharoma, salzig-w\u00fcrzige Noten + wunderbar w\u00e4rmendem Abgang.\",\"breadcrumb\":{\"@id\":\"https:\/\/whisky4you.net\/de\/produkt\/talisker-25-jahre-single-malt\/#breadcrumb\"},\"inLanguage\":\"de\",\"potentialAction\":[{\"@type\":\"ReadAction\",\"target\":[\"https:\/\/whisky4you.net\/de\/produkt\/talisker-25-jahre-single-malt\/\"]}]},{\"@type\":\"ImageObject\",\"inLanguage\":\"de\",\"@id\":\"https:\/\/whisky4you.net\/de\/produkt\/talisker-25-jahre-single-malt\/#primaryimage\",\"url\":\"https:\/\/whisky4you.net\/wp-content\/uploads\/2020\/04\/Talisker25J.jpg\",\"contentUrl\":\"https:\/\/whisky4you.net\/wp-content\/uploads\/2020\/04\/Talisker25J.jpg\",\"width\":769,\"height\":769,\"caption\":\"Talisker 25 Jahre Single Malt, edel, trocken und vielschichtig, ein Vierteljahrhundert gereift, samtiges Raucharoma, salzig-w\u00fcrzige Noten + wunderbar w\u00e4rmendem Abgang.\"},{\"@type\":\"BreadcrumbList\",\"@id\":\"https:\/\/whisky4you.net\/de\/produkt\/talisker-25-jahre-single-malt\/#breadcrumb\",\"itemListElement\":[{\"@type\":\"ListItem\",\"position\":1,\"name\":\"Home\",\"item\":\"https:\/\/whisky4you.net\/\"},{\"@type\":\"ListItem\",\"position\":2,\"name\":\"Online Shop\",\"item\":\"https:\/\/whisky4you.net\/de\/online-shop\/\"},{\"@type\":\"ListItem\",\"position\":3,\"name\":\"Talisker 25 Jahre Single Malt\"}]},{\"@type\":\"WebSite\",\"@id\":\"https:\/\/whisky4you.net\/de\/#website\",\"url\":\"https:\/\/whisky4you.net\/de\/\",\"name\":\"Whisky4you\",\"description\":\"Dedicated to Whisky interest and Whisky lovers\",\"publisher\":{\"@id\":\"https:\/\/whisky4you.net\/de\/#organization\"},\"potentialAction\":[{\"@type\":\"SearchAction\",\"target\":{\"@type\":\"EntryPoint\",\"urlTemplate\":\"https:\/\/whisky4you.net\/de\/?s={search_term_string}\"},\"query-input\":{\"@type\":\"PropertyValueSpecification\",\"valueRequired\":true,\"valueName\":\"search_term_string\"}}],\"inLanguage\":\"de\"},{\"@type\":\"Organization\",\"@id\":\"https:\/\/whisky4you.net\/de\/#organization\",\"name\":\"Whisky4you\",\"url\":\"https:\/\/whisky4you.net\/de\/\",\"logo\":{\"@type\":\"ImageObject\",\"inLanguage\":\"de\",\"@id\":\"https:\/\/whisky4you.net\/de\/#\/schema\/logo\/image\/\",\"url\":\"https:\/\/whisky4you.net\/wp-content\/uploads\/2020\/12\/cropped-cropped-cropped-cropped-logo-head.png\",\"contentUrl\":\"https:\/\/whisky4you.net\/wp-content\/uploads\/2020\/12\/cropped-cropped-cropped-cropped-logo-head.png\",\"width\":250,\"height\":81,\"caption\":\"Whisky4you\"},\"image\":{\"@id\":\"https:\/\/whisky4you.net\/de\/#\/schema\/logo\/image\/\"},\"sameAs\":[\"https:\/\/www.facebook.com\/Whisky4you.net\",\"https:\/\/www.linkedin.com\/company\/whisky4you\/?viewAsMember=true\"]}]}<\/script>\n<!-- \/ Yoast SEO plugin. -->","yoast_head_json":{"title":"Talisker 25 Jahre Single Malt - Whisky4you Kaufen Sie jetzt!","description":"Talisker 25 Jahre Single Malt, edel, trocken und vielschichtig, ein Vierteljahrhundert gereift, samtiges Raucharoma, salzig-w\u00fcrzige Noten + wunderbar w\u00e4rmendem Abgang.","robots":{"index":"index","follow":"follow","max-snippet":"max-snippet:-1","max-image-preview":"max-image-preview:large","max-video-preview":"max-video-preview:-1"},"canonical":"https:\/\/whisky4you.net\/de\/produkt\/talisker-25-jahre-single-malt\/","og_locale":"de_DE","og_type":"article","og_title":"Talisker 25 Jahre Single Malt - Whisky4you Kaufen Sie jetzt!","og_description":"Talisker 25 Jahre Single Malt, edel, trocken und vielschichtig, ein Vierteljahrhundert gereift, samtiges Raucharoma, salzig-w\u00fcrzige Noten + wunderbar w\u00e4rmendem Abgang.","og_url":"https:\/\/whisky4you.net\/de\/produkt\/talisker-25-jahre-single-malt\/","og_site_name":"Whisky4you","article_publisher":"https:\/\/www.facebook.com\/Whisky4you.net","article_modified_time":"2022-08-22T21:11:53+00:00","og_image":[{"width":769,"height":769,"url":"https:\/\/i0.wp.com\/whisky4you.net\/wp-content\/uploads\/2020\/04\/Talisker25J.jpg?fit=769%2C769&ssl=1","type":"image\/jpeg"}],"twitter_card":"summary_large_image","twitter_misc":{"Gesch\u00e4tzte Lesezeit":"2\u00a0Minuten"},"schema":{"@context":"https:\/\/schema.org","@graph":[{"@type":"WebPage","@id":"https:\/\/whisky4you.net\/de\/produkt\/talisker-25-jahre-single-malt\/","url":"https:\/\/whisky4you.net\/de\/produkt\/talisker-25-jahre-single-malt\/","name":"Talisker 25 Jahre Single Malt - Whisky4you Kaufen Sie jetzt!","isPartOf":{"@id":"https:\/\/whisky4you.net\/de\/#website"},"primaryImageOfPage":{"@id":"https:\/\/whisky4you.net\/de\/produkt\/talisker-25-jahre-single-malt\/#primaryimage"},"image":{"@id":"https:\/\/whisky4you.net\/de\/produkt\/talisker-25-jahre-single-malt\/#primaryimage"},"thumbnailUrl":"https:\/\/whisky4you.net\/wp-content\/uploads\/2020\/04\/Talisker25J.jpg","datePublished":"2020-04-05T11:26:32+00:00","dateModified":"2022-08-22T21:11:53+00:00","description":"Talisker 25 Jahre Single Malt, edel, trocken und vielschichtig, ein Vierteljahrhundert gereift, samtiges Raucharoma, salzig-w\u00fcrzige Noten + wunderbar w\u00e4rmendem Abgang.","breadcrumb":{"@id":"https:\/\/whisky4you.net\/de\/produkt\/talisker-25-jahre-single-malt\/#breadcrumb"},"inLanguage":"de","potentialAction":[{"@type":"ReadAction","target":["https:\/\/whisky4you.net\/de\/produkt\/talisker-25-jahre-single-malt\/"]}]},{"@type":"ImageObject","inLanguage":"de","@id":"https:\/\/whisky4you.net\/de\/produkt\/talisker-25-jahre-single-malt\/#primaryimage","url":"https:\/\/whisky4you.net\/wp-content\/uploads\/2020\/04\/Talisker25J.jpg","contentUrl":"https:\/\/whisky4you.net\/wp-content\/uploads\/2020\/04\/Talisker25J.jpg","width":769,"height":769,"caption":"Talisker 25 Jahre Single Malt, edel, trocken und vielschichtig, ein Vierteljahrhundert gereift, samtiges Raucharoma, salzig-w\u00fcrzige Noten + wunderbar w\u00e4rmendem Abgang."},{"@type":"BreadcrumbList","@id":"https:\/\/whisky4you.net\/de\/produkt\/talisker-25-jahre-single-malt\/#breadcrumb","itemListElement":[{"@type":"ListItem","position":1,"name":"Home","item":"https:\/\/whisky4you.net\/"},{"@type":"ListItem","position":2,"name":"Online Shop","item":"https:\/\/whisky4you.net\/de\/online-shop\/"},{"@type":"ListItem","position":3,"name":"Talisker 25 Jahre Single Malt"}]},{"@type":"WebSite","@id":"https:\/\/whisky4you.net\/de\/#website","url":"https:\/\/whisky4you.net\/de\/","name":"Whisky4you","description":"Dedicated to Whisky interest and Whisky lovers","publisher":{"@id":"https:\/\/whisky4you.net\/de\/#organization"},"potentialAction":[{"@type":"SearchAction","target":{"@type":"EntryPoint","urlTemplate":"https:\/\/whisky4you.net\/de\/?s={search_term_string}"},"query-input":{"@type":"PropertyValueSpecification","valueRequired":true,"valueName":"search_term_string"}}],"inLanguage":"de"},{"@type":"Organization","@id":"https:\/\/whisky4you.net\/de\/#organization","name":"Whisky4you","url":"https:\/\/whisky4you.net\/de\/","logo":{"@type":"ImageObject","inLanguage":"de","@id":"https:\/\/whisky4you.net\/de\/#\/schema\/logo\/image\/","url":"https:\/\/whisky4you.net\/wp-content\/uploads\/2020\/12\/cropped-cropped-cropped-cropped-logo-head.png","contentUrl":"https:\/\/whisky4you.net\/wp-content\/uploads\/2020\/12\/cropped-cropped-cropped-cropped-logo-head.png","width":250,"height":81,"caption":"Whisky4you"},"image":{"@id":"https:\/\/whisky4you.net\/de\/#\/schema\/logo\/image\/"},"sameAs":["https:\/\/www.facebook.com\/Whisky4you.net","https:\/\/www.linkedin.com\/company\/whisky4you\/?viewAsMember=true"]}]}},"jetpack_sharing_enabled":true,"_links":{"self":[{"href":"https:\/\/whisky4you.net\/de\/wp-json\/wp\/v2\/product\/16721","targetHints":{"allow":["GET"]}}],"collection":[{"href":"https:\/\/whisky4you.net\/de\/wp-json\/wp\/v2\/product"}],"about":[{"href":"https:\/\/whisky4you.net\/de\/wp-json\/wp\/v2\/types\/product"}],"replies":[{"embeddable":true,"href":"https:\/\/whisky4you.net\/de\/wp-json\/wp\/v2\/comments?post=16721"}],"version-history":[{"count":0,"href":"https:\/\/whisky4you.net\/de\/wp-json\/wp\/v2\/product\/16721\/revisions"}],"wp:featuredmedia":[{"embeddable":true,"href":"https:\/\/whisky4you.net\/de\/wp-json\/wp\/v2\/media\/16722"}],"wp:attachment":[{"href":"https:\/\/whisky4you.net\/de\/wp-json\/wp\/v2\/media?parent=16721"}],"wp:term":[{"taxonomy":"product_brand","embeddable":true,"href":"https:\/\/whisky4you.net\/de\/wp-json\/wp\/v2\/product_brand?post=16721"},{"taxonomy":"product_cat","embeddable":true,"href":"https:\/\/whisky4you.net\/de\/wp-json\/wp\/v2\/product_cat?post=16721"},{"taxonomy":"product_tag","embeddable":true,"href":"https:\/\/whisky4you.net\/de\/wp-json\/wp\/v2\/product_tag?post=16721"}],"curies":[{"name":"wp","href":"https:\/\/api.w.org\/{rel}","templated":true}]}}