{"id":16728,"date":"2020-03-01T17:28:12","date_gmt":"2020-03-01T16:28:12","guid":{"rendered":"https:\/\/whisky4you.net\/product\/talisker-57-north-de\/"},"modified":"2024-10-18T00:44:43","modified_gmt":"2024-10-17T23:44:43","slug":"talisker-57-north-de","status":"publish","type":"product","link":"https:\/\/whisky4you.net\/de\/produkt\/talisker-57-north-de\/","title":{"rendered":"Talisker 57\u00b0 North"},"content":{"rendered":"<h3><strong>Talisker 57\u00b0 North<\/strong><\/h3>\n<p>Der Talisker 57\u00b0 North ist eine spezielle Abf\u00fcllung der Talisker-Brennerei mit wildem, st\u00fcrmischem Charakter. Das jodhaltige maritime Klima auf dieser westlichsten Insel des Atlantischen Ozeans am Ufer des Loch Harport spiegelt sich in diesem hervorragenden Whisky der Talisker-Brennerei wider. Der Name 57 \u00b0 North steht f\u00fcr seine geografische Lage, die einen der nordwestlichsten Teile Europas darstellt. Andererseits wird der \u201eTalisker 57\u00b0 North\u201c auch mit 57% Alkohol abgef\u00fcllt und ist damit ein ungew\u00f6hnlich starker Whisky, den Sie vielleicht mit ein paar Tropfen Wasser genie\u00dfen m\u00f6chten.<\/p>\n<h3><strong>Woher kommt er?<\/strong><\/h3>\n<p>Die <a href=\"https:\/\/www.isleofskye.com\/attractions\/visitor-centre\/talisker-distillery\" target=\"_blank\" rel=\"noopener\">Talisker-Brennerei<\/a> wurde 1830 von Hugh und Kenneth MacAskill in Carbost am Ufer des Loch Harport gebaut, trotz des Widerstandes der \u00f6rtlichen Geistlichen. Nach vielen wirtschaftlichen H\u00f6hen und Tiefen wurde sie 1941 w\u00e4hrend des Krieges geschlossen. 1960 brannte die Brennerei fast vollst\u00e4ndig ab, da man versehentlich ein Ventil an der Spirit Still Nr. 1 offengelassen hatte, bevor der Brennvorgang begann. Um den urspr\u00fcnglichen Geschmack zu erhalten, wurden sie aber nach den alten Pl\u00e4nen wiederaufgebaut. Heute geh\u00f6rt die Brennerei zur Diageo-Gruppe und ist ber\u00fchmt f\u00fcr ihre sehr intensiven, aromatischen Insel-Single-Malts, die traditionell eine ausgewogene Kombination aus w\u00fcrzigen, kraftvoll rauchigen, maritimen und s\u00fc\u00dfen Elementen bieten.<\/p>\n<h3><strong>Wie schmeckt der Talisker 57 \u00b0 North?<\/strong><\/h3>\n<p>Der Talisker 57 \u00b0 North ist einer der besonders intensiven Single Malts von Talisker mit einem au\u00dfergew\u00f6hnlich hohen Alkoholgehalt von 57%. Dieser tr\u00e4gt sicher auch zum ber\u00fchmten Chili-Catch bei, einer pfeffrig-w\u00fcrzigen Note, f\u00fcr die die Brennerei bekannt ist. Andererseits ist er aber auch eine gro\u00dfartige Kombination ihres typischen rauchig-maritimen Charakters mit zarten Gew\u00fcrzen, saftigen Zitrusfr\u00fcchten und aromatischen Kaffee Noten im Abgang. Talisker 57 \u00b0 North, gereift in Refill Ex-Bourbon-F\u00e4ssern, ist ein st\u00fcrmischer und wilder, aber komplexer Scotch, der definitiv Teil einer gut sortierten Talisker Fan Sammlung ist.<\/p>\n<p>Schauen Sie sich auch unsere Verkostungsvideos an und st\u00f6bern Sie durch die Hintergrundartikel in unserem Blog <a href=\"https:\/\/whisky4you.net\/de\/alles-ueber-whisky\/\" target=\"_blank\" rel=\"noopener noreferrer\">&#8222;Alles \u00fcber Whisky&#8220;.<\/a><\/p>\n<p><span style=\"color: #f0ae13;\"><strong>Typ:<\/strong>\u00a0<\/span>\u00a0 \u00a0 Single Malt Whisky<\/p>\n<p><strong><span style=\"color: #f0ae13;\">Aroma:\u00a0 <\/span><\/strong><span style=\"color: #000000;\">intensiver kr\u00e4ftiger Rauch, dahinter feine Zitrus Aromen, eine leichte Meeresbrise und asiatische Gew\u00fcrze<\/span><\/p>\n<p><span style=\"color: #f0ae13;\"><strong>Geschmack:<\/strong>\u00a0<\/span> vulkanischer Rauch enth\u00fcllt intensive Holzfeuer Noten, dahinter erstaunlich frisch mit Aromen von \u00fcberreifen Orangen und feinen Kaffee Noten, Honig und Ingwer<\/p>\n<p><span style=\"color: #f0ae13;\"><strong>Abgang:<\/strong>\u00a0<\/span> im Abgang noch prickelnd, bleiben zum Schluss eine wohlige W\u00e4rme, Schokoladen- und Kaffee Noten zur\u00fcck<\/p>\n","protected":false},"excerpt":{"rendered":"<ul>\n<li>Spezialabf\u00fcllung der Talisker-Brennerei mit au\u00dfergew\u00f6hnlichem Alkoholgehalt von 57%<\/li>\n<li>wild und st\u00fcrmisch, ein starker Vertreter des salzig-rauchigen Talisker Brennerei Charakters<\/li>\n<li>in gro\u00dfartiger Kombination mit feinen Gew\u00fcrzen, saftigen Zitrusfr\u00fcchten und aromatischen Nachklang von Kaffee Noten<\/li>\n<\/ul>\n","protected":false},"featured_media":18374,"comment_status":"open","ping_status":"closed","template":"","meta":[],"product_brand":[],"product_cat":[944,940],"product_tag":[773,790,799,801,818,824,827,832],"class_list":{"0":"post-16728","1":"product","2":"type-product","3":"status-publish","4":"has-post-thumbnail","6":"product_cat-islands-de","7":"product_cat-scotch-de","8":"product_tag-57north-de","9":"product_tag-chilli-catch-de","10":"product_tag-inseln-de","11":"product_tag-isle-of-skye-de","12":"product_tag-scotch-de","13":"product_tag-single-malt-de","14":"product_tag-talisker-de","15":"product_tag-whisky-de","16":"pa_alcohol-content-57-de","17":"pa_bottled-at-abgefullt-durch-hersteller","18":"pa_country-schottland","19":"pa_distillery-talisker-de","20":"pa_maturation-casks-bourbon-de","21":"pa_minimum-age-ohne-angabe","22":"pa_product-net-content-70-cl-de","23":"pa_scotland-islands-de","24":"pa_whisky-type-single-malt-de","25":"no-featured-image-padding","26":"sales-flash-overlay","27":"woocommerce-text-align-center","28":"woocommerce-image-align-center","29":"do-quantity-buttons","30":"wc-has-gallery","32":"first","33":"outofstock","34":"featured","35":"taxable","36":"shipping-taxable","37":"purchasable","38":"product-type-simple"},"yoast_head":"<!-- This site is optimized with the Yoast SEO plugin v27.0 - https:\/\/yoast.com\/product\/yoast-seo-wordpress\/ -->\n<title>Talisker 57\u00b0 North - single malt Whisky4you Kaufen Sie jetzt!<\/title>\n<meta name=\"description\" content=\"Talisker 57\u00b0 North , rauchig-maritimer Antritt, mit zarten Gew\u00fcrzen, saftigen Zitrusfr\u00fcchten und aromatischen Kaffee Noten im Abgang.\" \/>\n<meta name=\"robots\" content=\"index, follow, max-snippet:-1, max-image-preview:large, max-video-preview:-1\" \/>\n<link rel=\"canonical\" href=\"https:\/\/whisky4you.net\/de\/produkt\/talisker-57-north-de\/\" \/>\n<meta property=\"og:locale\" content=\"de_DE\" \/>\n<meta property=\"og:type\" content=\"article\" \/>\n<meta property=\"og:title\" content=\"Talisker 57\u00b0 North - single malt Whisky4you Kaufen Sie jetzt!\" \/>\n<meta property=\"og:description\" content=\"Talisker 57\u00b0 North , rauchig-maritimer Antritt, mit zarten Gew\u00fcrzen, saftigen Zitrusfr\u00fcchten und aromatischen Kaffee Noten im Abgang.\" \/>\n<meta property=\"og:url\" content=\"https:\/\/whisky4you.net\/de\/produkt\/talisker-57-north-de\/\" \/>\n<meta property=\"og:site_name\" content=\"Whisky4you\" \/>\n<meta property=\"article:publisher\" content=\"https:\/\/www.facebook.com\/Whisky4you.net\" \/>\n<meta property=\"article:modified_time\" content=\"2024-10-17T23:44:43+00:00\" \/>\n<meta property=\"og:image\" content=\"https:\/\/i0.wp.com\/whisky4you.net\/wp-content\/uploads\/2020\/11\/Talisker57North_shopK.jpg?fit=858%2C856&ssl=1\" \/>\n\t<meta property=\"og:image:width\" content=\"858\" \/>\n\t<meta property=\"og:image:height\" content=\"856\" \/>\n\t<meta property=\"og:image:type\" content=\"image\/jpeg\" \/>\n<meta name=\"twitter:card\" content=\"summary_large_image\" \/>\n<meta name=\"twitter:label1\" content=\"Gesch\u00e4tzte Lesezeit\" \/>\n\t<meta name=\"twitter:data1\" content=\"2\u00a0Minuten\" \/>\n<script type=\"application\/ld+json\" class=\"yoast-schema-graph\">{\"@context\":\"https:\/\/schema.org\",\"@graph\":[{\"@type\":\"WebPage\",\"@id\":\"https:\/\/whisky4you.net\/de\/produkt\/talisker-57-north-de\/\",\"url\":\"https:\/\/whisky4you.net\/de\/produkt\/talisker-57-north-de\/\",\"name\":\"Talisker 57\u00b0 North - single malt Whisky4you Kaufen Sie jetzt!\",\"isPartOf\":{\"@id\":\"https:\/\/whisky4you.net\/de\/#website\"},\"primaryImageOfPage\":{\"@id\":\"https:\/\/whisky4you.net\/de\/produkt\/talisker-57-north-de\/#primaryimage\"},\"image\":{\"@id\":\"https:\/\/whisky4you.net\/de\/produkt\/talisker-57-north-de\/#primaryimage\"},\"thumbnailUrl\":\"https:\/\/whisky4you.net\/wp-content\/uploads\/2020\/11\/Talisker57North_shopK.jpg\",\"datePublished\":\"2020-03-01T16:28:12+00:00\",\"dateModified\":\"2024-10-17T23:44:43+00:00\",\"description\":\"Talisker 57\u00b0 North , rauchig-maritimer Antritt, mit zarten Gew\u00fcrzen, saftigen Zitrusfr\u00fcchten und aromatischen Kaffee Noten im Abgang.\",\"breadcrumb\":{\"@id\":\"https:\/\/whisky4you.net\/de\/produkt\/talisker-57-north-de\/#breadcrumb\"},\"inLanguage\":\"de\",\"potentialAction\":[{\"@type\":\"ReadAction\",\"target\":[\"https:\/\/whisky4you.net\/de\/produkt\/talisker-57-north-de\/\"]}]},{\"@type\":\"ImageObject\",\"inLanguage\":\"de\",\"@id\":\"https:\/\/whisky4you.net\/de\/produkt\/talisker-57-north-de\/#primaryimage\",\"url\":\"https:\/\/whisky4you.net\/wp-content\/uploads\/2020\/11\/Talisker57North_shopK.jpg\",\"contentUrl\":\"https:\/\/whisky4you.net\/wp-content\/uploads\/2020\/11\/Talisker57North_shopK.jpg\",\"width\":858,\"height\":856,\"caption\":\"Talisker 57 \u00b0 Nord, wild und st\u00fcrmisch, eine wunderbare Kombination aus rauchig-maritimem Antritt, mit zarten Gew\u00fcrzen, saftigen Zitrusfr\u00fcchten und aromatischen Kaffee Noten im Abgang.\"},{\"@type\":\"BreadcrumbList\",\"@id\":\"https:\/\/whisky4you.net\/de\/produkt\/talisker-57-north-de\/#breadcrumb\",\"itemListElement\":[{\"@type\":\"ListItem\",\"position\":1,\"name\":\"Home\",\"item\":\"https:\/\/whisky4you.net\/\"},{\"@type\":\"ListItem\",\"position\":2,\"name\":\"Online Shop\",\"item\":\"https:\/\/whisky4you.net\/de\/online-shop\/\"},{\"@type\":\"ListItem\",\"position\":3,\"name\":\"Talisker 57\u00b0 North\"}]},{\"@type\":\"WebSite\",\"@id\":\"https:\/\/whisky4you.net\/de\/#website\",\"url\":\"https:\/\/whisky4you.net\/de\/\",\"name\":\"Whisky4you\",\"description\":\"Dedicated to Whisky interest and Whisky lovers\",\"publisher\":{\"@id\":\"https:\/\/whisky4you.net\/de\/#organization\"},\"potentialAction\":[{\"@type\":\"SearchAction\",\"target\":{\"@type\":\"EntryPoint\",\"urlTemplate\":\"https:\/\/whisky4you.net\/de\/?s={search_term_string}\"},\"query-input\":{\"@type\":\"PropertyValueSpecification\",\"valueRequired\":true,\"valueName\":\"search_term_string\"}}],\"inLanguage\":\"de\"},{\"@type\":\"Organization\",\"@id\":\"https:\/\/whisky4you.net\/de\/#organization\",\"name\":\"Whisky4you\",\"url\":\"https:\/\/whisky4you.net\/de\/\",\"logo\":{\"@type\":\"ImageObject\",\"inLanguage\":\"de\",\"@id\":\"https:\/\/whisky4you.net\/de\/#\/schema\/logo\/image\/\",\"url\":\"https:\/\/whisky4you.net\/wp-content\/uploads\/2020\/12\/cropped-cropped-cropped-cropped-logo-head.png\",\"contentUrl\":\"https:\/\/whisky4you.net\/wp-content\/uploads\/2020\/12\/cropped-cropped-cropped-cropped-logo-head.png\",\"width\":250,\"height\":81,\"caption\":\"Whisky4you\"},\"image\":{\"@id\":\"https:\/\/whisky4you.net\/de\/#\/schema\/logo\/image\/\"},\"sameAs\":[\"https:\/\/www.facebook.com\/Whisky4you.net\",\"https:\/\/www.linkedin.com\/company\/whisky4you\/?viewAsMember=true\"]}]}<\/script>\n<!-- \/ Yoast SEO plugin. -->","yoast_head_json":{"title":"Talisker 57\u00b0 North - single malt Whisky4you Kaufen Sie jetzt!","description":"Talisker 57\u00b0 North , rauchig-maritimer Antritt, mit zarten Gew\u00fcrzen, saftigen Zitrusfr\u00fcchten und aromatischen Kaffee Noten im Abgang.","robots":{"index":"index","follow":"follow","max-snippet":"max-snippet:-1","max-image-preview":"max-image-preview:large","max-video-preview":"max-video-preview:-1"},"canonical":"https:\/\/whisky4you.net\/de\/produkt\/talisker-57-north-de\/","og_locale":"de_DE","og_type":"article","og_title":"Talisker 57\u00b0 North - single malt Whisky4you Kaufen Sie jetzt!","og_description":"Talisker 57\u00b0 North , rauchig-maritimer Antritt, mit zarten Gew\u00fcrzen, saftigen Zitrusfr\u00fcchten und aromatischen Kaffee Noten im Abgang.","og_url":"https:\/\/whisky4you.net\/de\/produkt\/talisker-57-north-de\/","og_site_name":"Whisky4you","article_publisher":"https:\/\/www.facebook.com\/Whisky4you.net","article_modified_time":"2024-10-17T23:44:43+00:00","og_image":[{"width":858,"height":856,"url":"https:\/\/i0.wp.com\/whisky4you.net\/wp-content\/uploads\/2020\/11\/Talisker57North_shopK.jpg?fit=858%2C856&ssl=1","type":"image\/jpeg"}],"twitter_card":"summary_large_image","twitter_misc":{"Gesch\u00e4tzte Lesezeit":"2\u00a0Minuten"},"schema":{"@context":"https:\/\/schema.org","@graph":[{"@type":"WebPage","@id":"https:\/\/whisky4you.net\/de\/produkt\/talisker-57-north-de\/","url":"https:\/\/whisky4you.net\/de\/produkt\/talisker-57-north-de\/","name":"Talisker 57\u00b0 North - single malt Whisky4you Kaufen Sie jetzt!","isPartOf":{"@id":"https:\/\/whisky4you.net\/de\/#website"},"primaryImageOfPage":{"@id":"https:\/\/whisky4you.net\/de\/produkt\/talisker-57-north-de\/#primaryimage"},"image":{"@id":"https:\/\/whisky4you.net\/de\/produkt\/talisker-57-north-de\/#primaryimage"},"thumbnailUrl":"https:\/\/whisky4you.net\/wp-content\/uploads\/2020\/11\/Talisker57North_shopK.jpg","datePublished":"2020-03-01T16:28:12+00:00","dateModified":"2024-10-17T23:44:43+00:00","description":"Talisker 57\u00b0 North , rauchig-maritimer Antritt, mit zarten Gew\u00fcrzen, saftigen Zitrusfr\u00fcchten und aromatischen Kaffee Noten im Abgang.","breadcrumb":{"@id":"https:\/\/whisky4you.net\/de\/produkt\/talisker-57-north-de\/#breadcrumb"},"inLanguage":"de","potentialAction":[{"@type":"ReadAction","target":["https:\/\/whisky4you.net\/de\/produkt\/talisker-57-north-de\/"]}]},{"@type":"ImageObject","inLanguage":"de","@id":"https:\/\/whisky4you.net\/de\/produkt\/talisker-57-north-de\/#primaryimage","url":"https:\/\/whisky4you.net\/wp-content\/uploads\/2020\/11\/Talisker57North_shopK.jpg","contentUrl":"https:\/\/whisky4you.net\/wp-content\/uploads\/2020\/11\/Talisker57North_shopK.jpg","width":858,"height":856,"caption":"Talisker 57 \u00b0 Nord, wild und st\u00fcrmisch, eine wunderbare Kombination aus rauchig-maritimem Antritt, mit zarten Gew\u00fcrzen, saftigen Zitrusfr\u00fcchten und aromatischen Kaffee Noten im Abgang."},{"@type":"BreadcrumbList","@id":"https:\/\/whisky4you.net\/de\/produkt\/talisker-57-north-de\/#breadcrumb","itemListElement":[{"@type":"ListItem","position":1,"name":"Home","item":"https:\/\/whisky4you.net\/"},{"@type":"ListItem","position":2,"name":"Online Shop","item":"https:\/\/whisky4you.net\/de\/online-shop\/"},{"@type":"ListItem","position":3,"name":"Talisker 57\u00b0 North"}]},{"@type":"WebSite","@id":"https:\/\/whisky4you.net\/de\/#website","url":"https:\/\/whisky4you.net\/de\/","name":"Whisky4you","description":"Dedicated to Whisky interest and Whisky lovers","publisher":{"@id":"https:\/\/whisky4you.net\/de\/#organization"},"potentialAction":[{"@type":"SearchAction","target":{"@type":"EntryPoint","urlTemplate":"https:\/\/whisky4you.net\/de\/?s={search_term_string}"},"query-input":{"@type":"PropertyValueSpecification","valueRequired":true,"valueName":"search_term_string"}}],"inLanguage":"de"},{"@type":"Organization","@id":"https:\/\/whisky4you.net\/de\/#organization","name":"Whisky4you","url":"https:\/\/whisky4you.net\/de\/","logo":{"@type":"ImageObject","inLanguage":"de","@id":"https:\/\/whisky4you.net\/de\/#\/schema\/logo\/image\/","url":"https:\/\/whisky4you.net\/wp-content\/uploads\/2020\/12\/cropped-cropped-cropped-cropped-logo-head.png","contentUrl":"https:\/\/whisky4you.net\/wp-content\/uploads\/2020\/12\/cropped-cropped-cropped-cropped-logo-head.png","width":250,"height":81,"caption":"Whisky4you"},"image":{"@id":"https:\/\/whisky4you.net\/de\/#\/schema\/logo\/image\/"},"sameAs":["https:\/\/www.facebook.com\/Whisky4you.net","https:\/\/www.linkedin.com\/company\/whisky4you\/?viewAsMember=true"]}]}},"jetpack_sharing_enabled":true,"_links":{"self":[{"href":"https:\/\/whisky4you.net\/de\/wp-json\/wp\/v2\/product\/16728","targetHints":{"allow":["GET"]}}],"collection":[{"href":"https:\/\/whisky4you.net\/de\/wp-json\/wp\/v2\/product"}],"about":[{"href":"https:\/\/whisky4you.net\/de\/wp-json\/wp\/v2\/types\/product"}],"replies":[{"embeddable":true,"href":"https:\/\/whisky4you.net\/de\/wp-json\/wp\/v2\/comments?post=16728"}],"version-history":[{"count":0,"href":"https:\/\/whisky4you.net\/de\/wp-json\/wp\/v2\/product\/16728\/revisions"}],"wp:featuredmedia":[{"embeddable":true,"href":"https:\/\/whisky4you.net\/de\/wp-json\/wp\/v2\/media\/18374"}],"wp:attachment":[{"href":"https:\/\/whisky4you.net\/de\/wp-json\/wp\/v2\/media?parent=16728"}],"wp:term":[{"taxonomy":"product_brand","embeddable":true,"href":"https:\/\/whisky4you.net\/de\/wp-json\/wp\/v2\/product_brand?post=16728"},{"taxonomy":"product_cat","embeddable":true,"href":"https:\/\/whisky4you.net\/de\/wp-json\/wp\/v2\/product_cat?post=16728"},{"taxonomy":"product_tag","embeddable":true,"href":"https:\/\/whisky4you.net\/de\/wp-json\/wp\/v2\/product_tag?post=16728"}],"curies":[{"name":"wp","href":"https:\/\/api.w.org\/{rel}","templated":true}]}}