{"id":16734,"date":"2020-02-09T17:00:15","date_gmt":"2020-02-09T16:00:15","guid":{"rendered":"https:\/\/whisky4you.net\/product\/glendronach-15-jahre-revival\/"},"modified":"2025-04-08T22:16:44","modified_gmt":"2025-04-08T21:16:44","slug":"glendronach-15-jahre-revival","status":"publish","type":"product","link":"https:\/\/whisky4you.net\/de\/produkt\/glendronach-15-jahre-revival\/","title":{"rendered":"GlenDronach 15 Jahre Revival"},"content":{"rendered":"<h3><strong>GlenDronach 15 years Revival<\/strong><\/h3>\n<p>GlenDronach 15 Jahre Revival ist einer der wenigen Single Malts, die ausschlie\u00dflich in Sherryf\u00e4ssern reifen. Der erste 15 Jahre alte Single Malt dieser Art wurde in den 1990er Jahren auf den Markt gebracht. 2009 wurde eine weitere 40% ige Abf\u00fcllung aus Oloroso-Sherryf\u00e4ssern eingef\u00fchrt. Sie galt zu dieser Zeit als eines der besten Single-Malts im Sherry-Alter in Schottland. Aufgrund der hohen Nachfrage war diese Flasche 2015 nicht mehr erh\u00e4ltlich. Nach einer dreij\u00e4hrigen Pause folgte 2018 der GlenDronach 15 Jahre Revival mit einem Alkoholgehalt von 46%.<\/p>\n<h3><strong>Wie wird er hergestellt?<\/strong><\/h3>\n<p>Der Besitzer der Brennerei, Billy Walker, blieb den alten Traditionen der Sherry Reifung treu, wobei heute zus\u00e4tzlich auch PX-F\u00e4sser verwendet werden. Es gibt also sicherlich neue Geschmackseinfl\u00fcsse, die sich aber als sehr erfolgreiche Variante erwiesen haben. Das aktuelle Release wurde beim San Francisco World Spirits Competition 2018 mit der h\u00f6chstm\u00f6glichen Auszeichnung &#8222;Double Gold&#8220; ausgezeichnet. Die goldschimmernde Mahagonifarbe des GlenDronach 15 Jahre Revival stammt ausschlie\u00dflich aus den F\u00e4ssern und ist weder gef\u00e4rbt, noch k\u00fchl gefiltert.<\/p>\n<h3><strong>Woher kommt er?<\/strong><\/h3>\n<p>Die <span style=\"text-decoration: underline;\"><a href=\"https:\/\/www.glendronachdistillery.com\/\" target=\"_blank\" rel=\"noopener noreferrer\">GlenDronach Destillerie<\/a><\/span> wurde 1826 von James Allardice gegr\u00fcndet und befindet sich im S\u00fcdosten von Speyside im schottischen Hochland. Man erreicht sie durch das fruchtbare Forgue Valley in der N\u00e4he des Dorfes Huntley. Der Verzicht auf die Grundreifung in Ex-Bourbon-F\u00e4ssern, die f\u00fcr die meisten schottischen Whiskies die Hauptreifung darstellt, wird bei GlenDronach mit viel Erfahrung praktiziert und geh\u00f6rt zu den Besonderheiten einiger ihrer ber\u00fchmten Whiskies. Das Ergebnis sind eine Reihe sehr vollmundiger Single Malts mit einem tiefen, fruchtig-s\u00fc\u00dfen Charakter.<\/p>\n<h3><strong>Wie schmeckt der GlenDronach 15 Jahre Revival?<\/strong><\/h3>\n<p>Das berauschende Aroma von Maraschino-Kirschen macht sich bereits beim ersten Atemzug bemerkbar. Reife Brombeeren und dunkle Minzschokolade entwickeln sich zu einer tiefen Komplexit\u00e4t mit Aromen von Orangenbitter, Walnusslik\u00f6r und honigglasiertem Steinobst in Muscovado-Zucker. Der intensive Abgang erinnert lange an Manuka-Honig, Kr\u00e4uterbitter und dunkle Schokolade. Der schottische Brennereicharakter von GlenDronach, verheiratet mit spanischen Sherry-Aromen, hat einen wunderbaren Single Malt hervorgebracht, der sich ideal f\u00fcr einen kalten Winterabend oder als Dessert eignet.<\/p>\n<p>Schauen Sie sich auch unsere Verkostungsvideos an und st\u00f6bern Sie durch die Hintergrundartikel in unserem Blog <a href=\"https:\/\/whisky4you.net\/de\/alles-ueber-whisky\/\" target=\"_blank\" rel=\"noopener noreferrer\">&#8222;<span style=\"text-decoration: underline;\">Alles \u00fcber Whisky&#8220;<\/span><\/a>.<\/p>\n<p><span style=\"color: #f0ae13;\"><strong>Typ:<\/strong>\u00a0<\/span>\u00a0 \u00a0 Single Malt Whisky<\/p>\n<p><strong><span style=\"color: #f0ae13;\">Aroma:\u00a0<\/span><\/strong> <span style=\"color: #000000;\"> Maraschino Kirschen, reife Brombeeren und dunkle Schokoladen Minze in Muscovado Zucker, mit einem Hauch von Orangenbitter und Walnuss Lik\u00f6r<\/span><\/p>\n<p><span style=\"color: #f0ae13;\"><strong>Geschmack:<\/strong>\u00a0<\/span> delikate Kombination aus Schokolade und Kaffee, dahinter liegen Fruchtnoten von Honig-glasierten Aprikosen, Pflaumen und Feigen, \u00fcberzogen mit Manuka Honig und dem Aroma von Karamell Bonbons<\/p>\n<p><span style=\"color: #f0ae13;\"><strong>Abgang:<\/strong>\u00a0<\/span> elegantes seidiges Finish, mit einem feinen Hauch von Kr\u00e4uterbitter und dunkler Schokolade<\/p>\n","protected":false},"excerpt":{"rendered":"<ul>\n<li>tiefer, fruchtig-s\u00fc\u00dfer Charakter durch reine Sherry-Fass-Reifung<\/li>\n<li>kombiniert Aromen von Maraschino-Kirschen und reifen Brombeeren mit<\/li>\n<li>komplexen Noten von Walnuss Lik\u00f6r und dunkler Schokolade im Abgang<\/li>\n<li>perfekt f\u00fcr einen kalten Winterabend oder als Dessert<\/li>\n<li>&#8222;Double Gold&#8220; beim San Francisco World Spirits Competition 2018<\/li>\n<\/ul>\n","protected":false},"featured_media":18729,"comment_status":"open","ping_status":"closed","template":"","meta":[],"product_brand":[],"product_cat":[941,940,943],"product_tag":[796,797,810,813,819,818,824,825,832],"class_list":{"0":"post-16734","1":"product","2":"type-product","3":"status-publish","4":"has-post-thumbnail","6":"product_cat-highlands-de","7":"product_cat-scotch-de","8":"product_cat-speyside-de","9":"product_tag-glendronach-de","10":"product_tag-highlands-de","11":"product_tag-oloroso-sherry-de","12":"product_tag-pedro-ximenez-de","13":"product_tag-schottland-de","14":"product_tag-scotch-de","15":"product_tag-single-malt-de","16":"product_tag-speyside-de","17":"product_tag-whisky-de","18":"pa_alcohol-content-46-de","19":"pa_bottled-at-abgefullt-durch-hersteller","20":"pa_country-schottland","21":"pa_distillery-glendronach-de","22":"pa_maturation-casks-oloroso-sherry-de","23":"pa_maturation-casks-pedro-ximenez-de","24":"pa_minimum-age-15-jahre","25":"pa_product-net-content-70-cl-de","26":"pa_scotland-highlands-de","27":"pa_scotland-speyside-de","28":"pa_whisky-type-single-malt-de","29":"no-featured-image-padding","30":"sales-flash-overlay","31":"woocommerce-text-align-center","32":"woocommerce-image-align-center","33":"do-quantity-buttons","34":"wc-has-gallery","36":"first","37":"outofstock","38":"featured","39":"taxable","40":"shipping-taxable","41":"purchasable","42":"product-type-simple"},"yoast_head":"<!-- This site is optimized with the Yoast SEO plugin v27.0 - https:\/\/yoast.com\/product\/yoast-seo-wordpress\/ -->\n<title>GlenDronach 15 Jahre Revival - Whisky4you Kaufen Sie jetzt!<\/title>\n<meta name=\"description\" content=\"Glendronach 15 Jahre Revival ist ein preisgekr\u00f6nter Single Malt mit dem Aroma von Orangenbitter, Walnusslik\u00f6r, honigglasierten Fr\u00fcchten.\" \/>\n<meta name=\"robots\" content=\"index, follow, max-snippet:-1, max-image-preview:large, max-video-preview:-1\" \/>\n<link rel=\"canonical\" href=\"https:\/\/whisky4you.net\/de\/produkt\/glendronach-15-jahre-revival\/\" \/>\n<meta property=\"og:locale\" content=\"de_DE\" \/>\n<meta property=\"og:type\" content=\"article\" \/>\n<meta property=\"og:title\" content=\"GlenDronach 15 Jahre Revival - Whisky4you Kaufen Sie jetzt!\" \/>\n<meta property=\"og:description\" content=\"Glendronach 15 Jahre Revival ist ein preisgekr\u00f6nter Single Malt mit dem Aroma von Orangenbitter, Walnusslik\u00f6r, honigglasierten Fr\u00fcchten.\" \/>\n<meta property=\"og:url\" content=\"https:\/\/whisky4you.net\/de\/produkt\/glendronach-15-jahre-revival\/\" \/>\n<meta property=\"og:site_name\" content=\"Whisky4you\" \/>\n<meta property=\"article:publisher\" content=\"https:\/\/www.facebook.com\/Whisky4you.net\" \/>\n<meta property=\"article:modified_time\" content=\"2025-04-08T21:16:44+00:00\" \/>\n<meta property=\"og:image\" content=\"https:\/\/i0.wp.com\/whisky4you.net\/wp-content\/uploads\/2020\/02\/GlenDronach15J_shopK.jpg?fit=857%2C856&ssl=1\" \/>\n\t<meta property=\"og:image:width\" content=\"857\" \/>\n\t<meta property=\"og:image:height\" content=\"856\" \/>\n\t<meta property=\"og:image:type\" content=\"image\/jpeg\" \/>\n<meta name=\"twitter:card\" content=\"summary_large_image\" \/>\n<meta name=\"twitter:label1\" content=\"Gesch\u00e4tzte Lesezeit\" \/>\n\t<meta name=\"twitter:data1\" content=\"2\u00a0Minuten\" \/>\n<script type=\"application\/ld+json\" class=\"yoast-schema-graph\">{\"@context\":\"https:\/\/schema.org\",\"@graph\":[{\"@type\":\"WebPage\",\"@id\":\"https:\/\/whisky4you.net\/de\/produkt\/glendronach-15-jahre-revival\/\",\"url\":\"https:\/\/whisky4you.net\/de\/produkt\/glendronach-15-jahre-revival\/\",\"name\":\"GlenDronach 15 Jahre Revival - Whisky4you Kaufen Sie jetzt!\",\"isPartOf\":{\"@id\":\"https:\/\/whisky4you.net\/de\/#website\"},\"primaryImageOfPage\":{\"@id\":\"https:\/\/whisky4you.net\/de\/produkt\/glendronach-15-jahre-revival\/#primaryimage\"},\"image\":{\"@id\":\"https:\/\/whisky4you.net\/de\/produkt\/glendronach-15-jahre-revival\/#primaryimage\"},\"thumbnailUrl\":\"https:\/\/whisky4you.net\/wp-content\/uploads\/2020\/02\/GlenDronach15J_shopK.jpg\",\"datePublished\":\"2020-02-09T16:00:15+00:00\",\"dateModified\":\"2025-04-08T21:16:44+00:00\",\"description\":\"Glendronach 15 Jahre Revival ist ein preisgekr\u00f6nter Single Malt mit dem Aroma von Orangenbitter, Walnusslik\u00f6r, honigglasierten Fr\u00fcchten.\",\"breadcrumb\":{\"@id\":\"https:\/\/whisky4you.net\/de\/produkt\/glendronach-15-jahre-revival\/#breadcrumb\"},\"inLanguage\":\"de\",\"potentialAction\":[{\"@type\":\"ReadAction\",\"target\":[\"https:\/\/whisky4you.net\/de\/produkt\/glendronach-15-jahre-revival\/\"]}]},{\"@type\":\"ImageObject\",\"inLanguage\":\"de\",\"@id\":\"https:\/\/whisky4you.net\/de\/produkt\/glendronach-15-jahre-revival\/#primaryimage\",\"url\":\"https:\/\/whisky4you.net\/wp-content\/uploads\/2020\/02\/GlenDronach15J_shopK.jpg\",\"contentUrl\":\"https:\/\/whisky4you.net\/wp-content\/uploads\/2020\/02\/GlenDronach15J_shopK.jpg\",\"width\":857,\"height\":856,\"caption\":\"Glendronach 15 Jahre Revival ist ein preisgekr\u00f6nter Single Malt mit dem Duft von Bitterorangen, Walnusslik\u00f6r, honigglasierten Fr\u00fcchten und Kirschen in Muscovado.\"},{\"@type\":\"BreadcrumbList\",\"@id\":\"https:\/\/whisky4you.net\/de\/produkt\/glendronach-15-jahre-revival\/#breadcrumb\",\"itemListElement\":[{\"@type\":\"ListItem\",\"position\":1,\"name\":\"Home\",\"item\":\"https:\/\/whisky4you.net\/\"},{\"@type\":\"ListItem\",\"position\":2,\"name\":\"Online Shop\",\"item\":\"https:\/\/whisky4you.net\/de\/online-shop\/\"},{\"@type\":\"ListItem\",\"position\":3,\"name\":\"GlenDronach 15 Jahre Revival\"}]},{\"@type\":\"WebSite\",\"@id\":\"https:\/\/whisky4you.net\/de\/#website\",\"url\":\"https:\/\/whisky4you.net\/de\/\",\"name\":\"Whisky4you\",\"description\":\"Dedicated to Whisky interest and Whisky lovers\",\"publisher\":{\"@id\":\"https:\/\/whisky4you.net\/de\/#organization\"},\"potentialAction\":[{\"@type\":\"SearchAction\",\"target\":{\"@type\":\"EntryPoint\",\"urlTemplate\":\"https:\/\/whisky4you.net\/de\/?s={search_term_string}\"},\"query-input\":{\"@type\":\"PropertyValueSpecification\",\"valueRequired\":true,\"valueName\":\"search_term_string\"}}],\"inLanguage\":\"de\"},{\"@type\":\"Organization\",\"@id\":\"https:\/\/whisky4you.net\/de\/#organization\",\"name\":\"Whisky4you\",\"url\":\"https:\/\/whisky4you.net\/de\/\",\"logo\":{\"@type\":\"ImageObject\",\"inLanguage\":\"de\",\"@id\":\"https:\/\/whisky4you.net\/de\/#\/schema\/logo\/image\/\",\"url\":\"https:\/\/whisky4you.net\/wp-content\/uploads\/2020\/12\/cropped-cropped-cropped-cropped-logo-head.png\",\"contentUrl\":\"https:\/\/whisky4you.net\/wp-content\/uploads\/2020\/12\/cropped-cropped-cropped-cropped-logo-head.png\",\"width\":250,\"height\":81,\"caption\":\"Whisky4you\"},\"image\":{\"@id\":\"https:\/\/whisky4you.net\/de\/#\/schema\/logo\/image\/\"},\"sameAs\":[\"https:\/\/www.facebook.com\/Whisky4you.net\",\"https:\/\/www.linkedin.com\/company\/whisky4you\/?viewAsMember=true\"]}]}<\/script>\n<!-- \/ Yoast SEO plugin. -->","yoast_head_json":{"title":"GlenDronach 15 Jahre Revival - Whisky4you Kaufen Sie jetzt!","description":"Glendronach 15 Jahre Revival ist ein preisgekr\u00f6nter Single Malt mit dem Aroma von Orangenbitter, Walnusslik\u00f6r, honigglasierten Fr\u00fcchten.","robots":{"index":"index","follow":"follow","max-snippet":"max-snippet:-1","max-image-preview":"max-image-preview:large","max-video-preview":"max-video-preview:-1"},"canonical":"https:\/\/whisky4you.net\/de\/produkt\/glendronach-15-jahre-revival\/","og_locale":"de_DE","og_type":"article","og_title":"GlenDronach 15 Jahre Revival - Whisky4you Kaufen Sie jetzt!","og_description":"Glendronach 15 Jahre Revival ist ein preisgekr\u00f6nter Single Malt mit dem Aroma von Orangenbitter, Walnusslik\u00f6r, honigglasierten Fr\u00fcchten.","og_url":"https:\/\/whisky4you.net\/de\/produkt\/glendronach-15-jahre-revival\/","og_site_name":"Whisky4you","article_publisher":"https:\/\/www.facebook.com\/Whisky4you.net","article_modified_time":"2025-04-08T21:16:44+00:00","og_image":[{"width":857,"height":856,"url":"https:\/\/i0.wp.com\/whisky4you.net\/wp-content\/uploads\/2020\/02\/GlenDronach15J_shopK.jpg?fit=857%2C856&ssl=1","type":"image\/jpeg"}],"twitter_card":"summary_large_image","twitter_misc":{"Gesch\u00e4tzte Lesezeit":"2\u00a0Minuten"},"schema":{"@context":"https:\/\/schema.org","@graph":[{"@type":"WebPage","@id":"https:\/\/whisky4you.net\/de\/produkt\/glendronach-15-jahre-revival\/","url":"https:\/\/whisky4you.net\/de\/produkt\/glendronach-15-jahre-revival\/","name":"GlenDronach 15 Jahre Revival - Whisky4you Kaufen Sie jetzt!","isPartOf":{"@id":"https:\/\/whisky4you.net\/de\/#website"},"primaryImageOfPage":{"@id":"https:\/\/whisky4you.net\/de\/produkt\/glendronach-15-jahre-revival\/#primaryimage"},"image":{"@id":"https:\/\/whisky4you.net\/de\/produkt\/glendronach-15-jahre-revival\/#primaryimage"},"thumbnailUrl":"https:\/\/whisky4you.net\/wp-content\/uploads\/2020\/02\/GlenDronach15J_shopK.jpg","datePublished":"2020-02-09T16:00:15+00:00","dateModified":"2025-04-08T21:16:44+00:00","description":"Glendronach 15 Jahre Revival ist ein preisgekr\u00f6nter Single Malt mit dem Aroma von Orangenbitter, Walnusslik\u00f6r, honigglasierten Fr\u00fcchten.","breadcrumb":{"@id":"https:\/\/whisky4you.net\/de\/produkt\/glendronach-15-jahre-revival\/#breadcrumb"},"inLanguage":"de","potentialAction":[{"@type":"ReadAction","target":["https:\/\/whisky4you.net\/de\/produkt\/glendronach-15-jahre-revival\/"]}]},{"@type":"ImageObject","inLanguage":"de","@id":"https:\/\/whisky4you.net\/de\/produkt\/glendronach-15-jahre-revival\/#primaryimage","url":"https:\/\/whisky4you.net\/wp-content\/uploads\/2020\/02\/GlenDronach15J_shopK.jpg","contentUrl":"https:\/\/whisky4you.net\/wp-content\/uploads\/2020\/02\/GlenDronach15J_shopK.jpg","width":857,"height":856,"caption":"Glendronach 15 Jahre Revival ist ein preisgekr\u00f6nter Single Malt mit dem Duft von Bitterorangen, Walnusslik\u00f6r, honigglasierten Fr\u00fcchten und Kirschen in Muscovado."},{"@type":"BreadcrumbList","@id":"https:\/\/whisky4you.net\/de\/produkt\/glendronach-15-jahre-revival\/#breadcrumb","itemListElement":[{"@type":"ListItem","position":1,"name":"Home","item":"https:\/\/whisky4you.net\/"},{"@type":"ListItem","position":2,"name":"Online Shop","item":"https:\/\/whisky4you.net\/de\/online-shop\/"},{"@type":"ListItem","position":3,"name":"GlenDronach 15 Jahre Revival"}]},{"@type":"WebSite","@id":"https:\/\/whisky4you.net\/de\/#website","url":"https:\/\/whisky4you.net\/de\/","name":"Whisky4you","description":"Dedicated to Whisky interest and Whisky lovers","publisher":{"@id":"https:\/\/whisky4you.net\/de\/#organization"},"potentialAction":[{"@type":"SearchAction","target":{"@type":"EntryPoint","urlTemplate":"https:\/\/whisky4you.net\/de\/?s={search_term_string}"},"query-input":{"@type":"PropertyValueSpecification","valueRequired":true,"valueName":"search_term_string"}}],"inLanguage":"de"},{"@type":"Organization","@id":"https:\/\/whisky4you.net\/de\/#organization","name":"Whisky4you","url":"https:\/\/whisky4you.net\/de\/","logo":{"@type":"ImageObject","inLanguage":"de","@id":"https:\/\/whisky4you.net\/de\/#\/schema\/logo\/image\/","url":"https:\/\/whisky4you.net\/wp-content\/uploads\/2020\/12\/cropped-cropped-cropped-cropped-logo-head.png","contentUrl":"https:\/\/whisky4you.net\/wp-content\/uploads\/2020\/12\/cropped-cropped-cropped-cropped-logo-head.png","width":250,"height":81,"caption":"Whisky4you"},"image":{"@id":"https:\/\/whisky4you.net\/de\/#\/schema\/logo\/image\/"},"sameAs":["https:\/\/www.facebook.com\/Whisky4you.net","https:\/\/www.linkedin.com\/company\/whisky4you\/?viewAsMember=true"]}]}},"jetpack_sharing_enabled":true,"_links":{"self":[{"href":"https:\/\/whisky4you.net\/de\/wp-json\/wp\/v2\/product\/16734","targetHints":{"allow":["GET"]}}],"collection":[{"href":"https:\/\/whisky4you.net\/de\/wp-json\/wp\/v2\/product"}],"about":[{"href":"https:\/\/whisky4you.net\/de\/wp-json\/wp\/v2\/types\/product"}],"replies":[{"embeddable":true,"href":"https:\/\/whisky4you.net\/de\/wp-json\/wp\/v2\/comments?post=16734"}],"version-history":[{"count":0,"href":"https:\/\/whisky4you.net\/de\/wp-json\/wp\/v2\/product\/16734\/revisions"}],"wp:featuredmedia":[{"embeddable":true,"href":"https:\/\/whisky4you.net\/de\/wp-json\/wp\/v2\/media\/18729"}],"wp:attachment":[{"href":"https:\/\/whisky4you.net\/de\/wp-json\/wp\/v2\/media?parent=16734"}],"wp:term":[{"taxonomy":"product_brand","embeddable":true,"href":"https:\/\/whisky4you.net\/de\/wp-json\/wp\/v2\/product_brand?post=16734"},{"taxonomy":"product_cat","embeddable":true,"href":"https:\/\/whisky4you.net\/de\/wp-json\/wp\/v2\/product_cat?post=16734"},{"taxonomy":"product_tag","embeddable":true,"href":"https:\/\/whisky4you.net\/de\/wp-json\/wp\/v2\/product_tag?post=16734"}],"curies":[{"name":"wp","href":"https:\/\/api.w.org\/{rel}","templated":true}]}}