{"id":16740,"date":"2019-12-17T01:55:12","date_gmt":"2019-12-17T00:55:12","guid":{"rendered":"https:\/\/whisky4you.net\/product\/tobermory-15-jahre-brandy-finish\/"},"modified":"2024-01-12T11:11:29","modified_gmt":"2024-01-12T10:11:29","slug":"tobermory-15-jahre-brandy-finish","status":"publish","type":"product","link":"https:\/\/whisky4you.net\/de\/produkt\/tobermory-15-jahre-brandy-finish\/","title":{"rendered":"Tobermory 15 Jahre Brandy Finish"},"content":{"rendered":"<h3><strong>Tobermory 15 Jahre Brandy Finish Single Malt<\/strong><\/h3>\n<p>Der Tobermory 15 Jahre Brandy Finish Single Malt ist ein kraftvoller Whisky, der 11 Jahre in Ex-Bourbon-F\u00e4ssern und anschlie\u00dfend 4 Jahre in spanischen Brandy-F\u00e4ssern gereift ist. Er \u00fcberzeugt mit wunderbaren Fruchtaromen von Orangen, Trauben und trockenen Pflaumen. Auf der Zunge folgen w\u00fcrzige Noten und ein Hauch von Schokolade und Kaffee. Die Lage der Destillerie auf der Insel Isle of Mull verleiht ihm au\u00dferdem leichte maritime Noten im Abgang.<\/p>\n<h3><strong>Die Tobermory Isle of Mull Sammlung<\/strong><\/h3>\n<p>Mit dem Tobermory 15 Jahre Brandy Finish Single Malt ist nun eine der letzten beiden Ausgaben der faszinierenden Rarit\u00e4ten Kollektion auf dem Markt. Die Serie von insgesamt 6 einzigartigen Abf\u00fcllungen zeigt die ber\u00fchmten farbigen Hausfronten der Tobermory Bay auf der schottischen Isle of Mull. Es besteht die M\u00f6glichkeit, eine Flasche des Tobermory &#8222;Once in a Life&#8220; 42 Jahre zu gewinnen, wenn alle 6 Flaschen der Serie gesammelt werden. In jeder Geschenkbox befindet sich eine kleine Brosch\u00fcre mit einem nummerierten Perforationsstreifen in verschiedenen Farben. Wenn Sie alle 6 Streifen zur Brennerei schicken, haben Sie die Chance, nehmen Sie an der Auslosung teil.<\/p>\n<h3><strong>Woher kommt er?<\/strong><\/h3>\n<p>Tobermory wurde 1798 von John Sinclair gegr\u00fcndet. und befindet sich am Rande der Hafenstadt Tobermory auf der Insel Mull mitten in den westlichen Highlands. Genau wie bei anderen Brennereien gab es Laufe der Zeit verschiedene Eigent\u00fcmer Wechsel, Schlie\u00dfungen und Wiederer\u00f6ffnungen. Heute geh\u00f6rt die Brennerei Burn Stewart Distillers (CL World Brand Ltd.). Die Lagerung der F\u00e4sser wurde in die Deanston Distillery verlegt. Tobermory ist heute die einzige Whisky Brennerei auf der Isle of Mull, die sich neben der Whisky Produktion die lokale Kunst und den Naturschutz auf die Fahne geschrieben hat.<\/p>\n<p>Schauen Sie sich auch unsere Verkostungsvideos an und st\u00f6bern Sie durch die Hintergrundartikel in unserem Blog &#8222;<a href=\"https:\/\/whisky4you.net\/de\/alles-ueber-whisky\/\" target=\"_blank\" rel=\"noopener noreferrer\">Alles \u00fcber Whisky<\/a>&#8222;.<\/p>\n<p><span style=\"color: #f0ae13;\"><strong>Typ:<\/strong>\u00a0<\/span>\u00a0 \u00a0 Single Malt Whisky<\/p>\n<p><strong><span style=\"color: #f0ae13;\">Aroma:\u00a0 <\/span><\/strong><span style=\"color: #000000;\">fruchtige Aromen von Orangen und kandierten Fr\u00fcchten, gefolgt von s\u00fc\u00dfen Schokoladen- und Karamell Noten und einem Hauch von Kaffee<\/span><\/p>\n<p><span style=\"color: #f0ae13;\"><strong>Geschmack:<\/strong>\u00a0<\/span> weich und s\u00fc\u00df, Aromen von Trockenfr\u00fcchten, Orangen und Trauben, getaucht in dunkle Schokolade, gefolgt von feinen Holz Noten<\/p>\n<p><span style=\"color: #f0ae13;\"><strong>Abgang:<\/strong>\u00a0<\/span> im langen, trockenen Abgang finden sich die feinen maritimen Aromen der Insellage wieder<\/p>\n","protected":false},"excerpt":{"rendered":"<ul>\n<li>11 Jahre Reifung in Ex-Bourbon F\u00e4ssern und fast weitere 4 Jahre in spanischen Brandy F\u00e4ssern<\/li>\n<li>wunderbar fruchtiges Aroma von Orangen, Trauben und Pflaumen<\/li>\n<li>gefolgt von einem Hauch von dunkler Schokolade, ger\u00f6stetem Kaffee und<\/li>\n<li>dem zarten Duft des Meeres<\/li>\n<li>eine von 6 Sammelflaschen mit der M\u00f6glichkeit, eine 42 Jahre alte Tobermory-Rarit\u00e4t zu gewinnen<\/li>\n<\/ul>\n","protected":false},"featured_media":18789,"comment_status":"open","ping_status":"closed","template":"","meta":[],"product_brand":[],"product_cat":[944,940],"product_tag":[768,787,794,798,806,840,819,818,824,830,832],"class_list":{"0":"post-16740","1":"product","2":"type-product","3":"status-publish","4":"has-post-thumbnail","6":"product_cat-islands-de","7":"product_cat-scotch-de","8":"product_tag-15-jahre","9":"product_tag-brandy-finish-de","10":"product_tag-ex-bourbon-fasser","11":"product_tag-island-of-mull-de","12":"product_tag-mull-de","13":"product_tag-nicht-rauchig","14":"product_tag-schottland-de","15":"product_tag-scotch-de","16":"product_tag-single-malt-de","17":"product_tag-tobermory-de","18":"product_tag-whisky-de","19":"pa_alcohol-content-463-de","20":"pa_bottled-at-abgefullt-durch-hersteller","21":"pa_country-schottland","22":"pa_distillery-tobermory-de","23":"pa_maturation-casks-bourbon-de","24":"pa_maturation-casks-brandy-de","25":"pa_minimum-age-15-jahre","26":"pa_product-net-content-70-cl-de","27":"pa_scotland-highlands-de","28":"pa_whisky-type-single-malt-de","29":"no-featured-image-padding","30":"sales-flash-overlay","31":"woocommerce-text-align-center","32":"woocommerce-image-align-center","33":"do-quantity-buttons","34":"wc-has-gallery","36":"first","37":"outofstock","38":"featured","39":"taxable","40":"shipping-taxable","41":"purchasable","42":"product-type-simple"},"yoast_head":"<!-- This site is optimized with the Yoast SEO plugin v27.0 - https:\/\/yoast.com\/product\/yoast-seo-wordpress\/ -->\n<title>Tobermory 15 Jahre Brandy Finish - Whisky4you Kaufen Sie jetzt!<\/title>\n<meta name=\"description\" content=\"Tobermory 15 Jahre Brandy Finish mit einem wunderbaren Aroma von Orangen und trockenen Pflaumen, gefolgt von delikaten maritimen Noten und einem Hauch von ger\u00f6stetem Kaffee.\" \/>\n<meta name=\"robots\" content=\"index, follow, max-snippet:-1, max-image-preview:large, max-video-preview:-1\" \/>\n<link rel=\"canonical\" href=\"https:\/\/whisky4you.net\/de\/produkt\/tobermory-15-jahre-brandy-finish\/\" \/>\n<meta property=\"og:locale\" content=\"de_DE\" \/>\n<meta property=\"og:type\" content=\"article\" \/>\n<meta property=\"og:title\" content=\"Tobermory 15 Jahre Brandy Finish - Whisky4you Kaufen Sie jetzt!\" \/>\n<meta property=\"og:description\" content=\"Tobermory 15 Jahre Brandy Finish mit einem wunderbaren Aroma von Orangen und trockenen Pflaumen, gefolgt von delikaten maritimen Noten und einem Hauch von ger\u00f6stetem Kaffee.\" \/>\n<meta property=\"og:url\" content=\"https:\/\/whisky4you.net\/de\/produkt\/tobermory-15-jahre-brandy-finish\/\" \/>\n<meta property=\"og:site_name\" content=\"Whisky4you\" \/>\n<meta property=\"article:publisher\" content=\"https:\/\/www.facebook.com\/Whisky4you.net\" \/>\n<meta property=\"article:modified_time\" content=\"2024-01-12T10:11:29+00:00\" \/>\n<meta property=\"og:image\" content=\"https:\/\/i0.wp.com\/whisky4you.net\/wp-content\/uploads\/2020\/12\/Tobermory-15-years-single-malt.jpg?fit=870%2C872&ssl=1\" \/>\n\t<meta property=\"og:image:width\" content=\"870\" \/>\n\t<meta property=\"og:image:height\" content=\"872\" \/>\n\t<meta property=\"og:image:type\" content=\"image\/jpeg\" \/>\n<meta name=\"twitter:card\" content=\"summary_large_image\" \/>\n<meta name=\"twitter:label1\" content=\"Gesch\u00e4tzte Lesezeit\" \/>\n\t<meta name=\"twitter:data1\" content=\"2\u00a0Minuten\" \/>\n<script type=\"application\/ld+json\" class=\"yoast-schema-graph\">{\"@context\":\"https:\/\/schema.org\",\"@graph\":[{\"@type\":\"WebPage\",\"@id\":\"https:\/\/whisky4you.net\/de\/produkt\/tobermory-15-jahre-brandy-finish\/\",\"url\":\"https:\/\/whisky4you.net\/de\/produkt\/tobermory-15-jahre-brandy-finish\/\",\"name\":\"Tobermory 15 Jahre Brandy Finish - Whisky4you Kaufen Sie jetzt!\",\"isPartOf\":{\"@id\":\"https:\/\/whisky4you.net\/de\/#website\"},\"primaryImageOfPage\":{\"@id\":\"https:\/\/whisky4you.net\/de\/produkt\/tobermory-15-jahre-brandy-finish\/#primaryimage\"},\"image\":{\"@id\":\"https:\/\/whisky4you.net\/de\/produkt\/tobermory-15-jahre-brandy-finish\/#primaryimage\"},\"thumbnailUrl\":\"https:\/\/whisky4you.net\/wp-content\/uploads\/2020\/12\/Tobermory-15-years-single-malt.jpg\",\"datePublished\":\"2019-12-17T00:55:12+00:00\",\"dateModified\":\"2024-01-12T10:11:29+00:00\",\"description\":\"Tobermory 15 Jahre Brandy Finish mit einem wunderbaren Aroma von Orangen und trockenen Pflaumen, gefolgt von delikaten maritimen Noten und einem Hauch von ger\u00f6stetem Kaffee.\",\"breadcrumb\":{\"@id\":\"https:\/\/whisky4you.net\/de\/produkt\/tobermory-15-jahre-brandy-finish\/#breadcrumb\"},\"inLanguage\":\"de\",\"potentialAction\":[{\"@type\":\"ReadAction\",\"target\":[\"https:\/\/whisky4you.net\/de\/produkt\/tobermory-15-jahre-brandy-finish\/\"]}]},{\"@type\":\"ImageObject\",\"inLanguage\":\"de\",\"@id\":\"https:\/\/whisky4you.net\/de\/produkt\/tobermory-15-jahre-brandy-finish\/#primaryimage\",\"url\":\"https:\/\/whisky4you.net\/wp-content\/uploads\/2020\/12\/Tobermory-15-years-single-malt.jpg\",\"contentUrl\":\"https:\/\/whisky4you.net\/wp-content\/uploads\/2020\/12\/Tobermory-15-years-single-malt.jpg\",\"width\":870,\"height\":872,\"caption\":\"Tobermory 15 Jahre Brandy Finish, wunderbares Aroma von trockenen Fr\u00fcchten, gefolgt von maritimem Noten und einem Hauch von ger\u00f6stetem Kaffee.\"},{\"@type\":\"BreadcrumbList\",\"@id\":\"https:\/\/whisky4you.net\/de\/produkt\/tobermory-15-jahre-brandy-finish\/#breadcrumb\",\"itemListElement\":[{\"@type\":\"ListItem\",\"position\":1,\"name\":\"Home\",\"item\":\"https:\/\/whisky4you.net\/\"},{\"@type\":\"ListItem\",\"position\":2,\"name\":\"Online Shop\",\"item\":\"https:\/\/whisky4you.net\/de\/online-shop\/\"},{\"@type\":\"ListItem\",\"position\":3,\"name\":\"Tobermory 15 Jahre Brandy Finish\"}]},{\"@type\":\"WebSite\",\"@id\":\"https:\/\/whisky4you.net\/de\/#website\",\"url\":\"https:\/\/whisky4you.net\/de\/\",\"name\":\"Whisky4you\",\"description\":\"Dedicated to Whisky interest and Whisky lovers\",\"publisher\":{\"@id\":\"https:\/\/whisky4you.net\/de\/#organization\"},\"potentialAction\":[{\"@type\":\"SearchAction\",\"target\":{\"@type\":\"EntryPoint\",\"urlTemplate\":\"https:\/\/whisky4you.net\/de\/?s={search_term_string}\"},\"query-input\":{\"@type\":\"PropertyValueSpecification\",\"valueRequired\":true,\"valueName\":\"search_term_string\"}}],\"inLanguage\":\"de\"},{\"@type\":\"Organization\",\"@id\":\"https:\/\/whisky4you.net\/de\/#organization\",\"name\":\"Whisky4you\",\"url\":\"https:\/\/whisky4you.net\/de\/\",\"logo\":{\"@type\":\"ImageObject\",\"inLanguage\":\"de\",\"@id\":\"https:\/\/whisky4you.net\/de\/#\/schema\/logo\/image\/\",\"url\":\"https:\/\/whisky4you.net\/wp-content\/uploads\/2020\/12\/cropped-cropped-cropped-cropped-logo-head.png\",\"contentUrl\":\"https:\/\/whisky4you.net\/wp-content\/uploads\/2020\/12\/cropped-cropped-cropped-cropped-logo-head.png\",\"width\":250,\"height\":81,\"caption\":\"Whisky4you\"},\"image\":{\"@id\":\"https:\/\/whisky4you.net\/de\/#\/schema\/logo\/image\/\"},\"sameAs\":[\"https:\/\/www.facebook.com\/Whisky4you.net\",\"https:\/\/www.linkedin.com\/company\/whisky4you\/?viewAsMember=true\"]}]}<\/script>\n<!-- \/ Yoast SEO plugin. -->","yoast_head_json":{"title":"Tobermory 15 Jahre Brandy Finish - Whisky4you Kaufen Sie jetzt!","description":"Tobermory 15 Jahre Brandy Finish mit einem wunderbaren Aroma von Orangen und trockenen Pflaumen, gefolgt von delikaten maritimen Noten und einem Hauch von ger\u00f6stetem Kaffee.","robots":{"index":"index","follow":"follow","max-snippet":"max-snippet:-1","max-image-preview":"max-image-preview:large","max-video-preview":"max-video-preview:-1"},"canonical":"https:\/\/whisky4you.net\/de\/produkt\/tobermory-15-jahre-brandy-finish\/","og_locale":"de_DE","og_type":"article","og_title":"Tobermory 15 Jahre Brandy Finish - Whisky4you Kaufen Sie jetzt!","og_description":"Tobermory 15 Jahre Brandy Finish mit einem wunderbaren Aroma von Orangen und trockenen Pflaumen, gefolgt von delikaten maritimen Noten und einem Hauch von ger\u00f6stetem Kaffee.","og_url":"https:\/\/whisky4you.net\/de\/produkt\/tobermory-15-jahre-brandy-finish\/","og_site_name":"Whisky4you","article_publisher":"https:\/\/www.facebook.com\/Whisky4you.net","article_modified_time":"2024-01-12T10:11:29+00:00","og_image":[{"width":870,"height":872,"url":"https:\/\/i0.wp.com\/whisky4you.net\/wp-content\/uploads\/2020\/12\/Tobermory-15-years-single-malt.jpg?fit=870%2C872&ssl=1","type":"image\/jpeg"}],"twitter_card":"summary_large_image","twitter_misc":{"Gesch\u00e4tzte Lesezeit":"2\u00a0Minuten"},"schema":{"@context":"https:\/\/schema.org","@graph":[{"@type":"WebPage","@id":"https:\/\/whisky4you.net\/de\/produkt\/tobermory-15-jahre-brandy-finish\/","url":"https:\/\/whisky4you.net\/de\/produkt\/tobermory-15-jahre-brandy-finish\/","name":"Tobermory 15 Jahre Brandy Finish - Whisky4you Kaufen Sie jetzt!","isPartOf":{"@id":"https:\/\/whisky4you.net\/de\/#website"},"primaryImageOfPage":{"@id":"https:\/\/whisky4you.net\/de\/produkt\/tobermory-15-jahre-brandy-finish\/#primaryimage"},"image":{"@id":"https:\/\/whisky4you.net\/de\/produkt\/tobermory-15-jahre-brandy-finish\/#primaryimage"},"thumbnailUrl":"https:\/\/whisky4you.net\/wp-content\/uploads\/2020\/12\/Tobermory-15-years-single-malt.jpg","datePublished":"2019-12-17T00:55:12+00:00","dateModified":"2024-01-12T10:11:29+00:00","description":"Tobermory 15 Jahre Brandy Finish mit einem wunderbaren Aroma von Orangen und trockenen Pflaumen, gefolgt von delikaten maritimen Noten und einem Hauch von ger\u00f6stetem Kaffee.","breadcrumb":{"@id":"https:\/\/whisky4you.net\/de\/produkt\/tobermory-15-jahre-brandy-finish\/#breadcrumb"},"inLanguage":"de","potentialAction":[{"@type":"ReadAction","target":["https:\/\/whisky4you.net\/de\/produkt\/tobermory-15-jahre-brandy-finish\/"]}]},{"@type":"ImageObject","inLanguage":"de","@id":"https:\/\/whisky4you.net\/de\/produkt\/tobermory-15-jahre-brandy-finish\/#primaryimage","url":"https:\/\/whisky4you.net\/wp-content\/uploads\/2020\/12\/Tobermory-15-years-single-malt.jpg","contentUrl":"https:\/\/whisky4you.net\/wp-content\/uploads\/2020\/12\/Tobermory-15-years-single-malt.jpg","width":870,"height":872,"caption":"Tobermory 15 Jahre Brandy Finish, wunderbares Aroma von trockenen Fr\u00fcchten, gefolgt von maritimem Noten und einem Hauch von ger\u00f6stetem Kaffee."},{"@type":"BreadcrumbList","@id":"https:\/\/whisky4you.net\/de\/produkt\/tobermory-15-jahre-brandy-finish\/#breadcrumb","itemListElement":[{"@type":"ListItem","position":1,"name":"Home","item":"https:\/\/whisky4you.net\/"},{"@type":"ListItem","position":2,"name":"Online Shop","item":"https:\/\/whisky4you.net\/de\/online-shop\/"},{"@type":"ListItem","position":3,"name":"Tobermory 15 Jahre Brandy Finish"}]},{"@type":"WebSite","@id":"https:\/\/whisky4you.net\/de\/#website","url":"https:\/\/whisky4you.net\/de\/","name":"Whisky4you","description":"Dedicated to Whisky interest and Whisky lovers","publisher":{"@id":"https:\/\/whisky4you.net\/de\/#organization"},"potentialAction":[{"@type":"SearchAction","target":{"@type":"EntryPoint","urlTemplate":"https:\/\/whisky4you.net\/de\/?s={search_term_string}"},"query-input":{"@type":"PropertyValueSpecification","valueRequired":true,"valueName":"search_term_string"}}],"inLanguage":"de"},{"@type":"Organization","@id":"https:\/\/whisky4you.net\/de\/#organization","name":"Whisky4you","url":"https:\/\/whisky4you.net\/de\/","logo":{"@type":"ImageObject","inLanguage":"de","@id":"https:\/\/whisky4you.net\/de\/#\/schema\/logo\/image\/","url":"https:\/\/whisky4you.net\/wp-content\/uploads\/2020\/12\/cropped-cropped-cropped-cropped-logo-head.png","contentUrl":"https:\/\/whisky4you.net\/wp-content\/uploads\/2020\/12\/cropped-cropped-cropped-cropped-logo-head.png","width":250,"height":81,"caption":"Whisky4you"},"image":{"@id":"https:\/\/whisky4you.net\/de\/#\/schema\/logo\/image\/"},"sameAs":["https:\/\/www.facebook.com\/Whisky4you.net","https:\/\/www.linkedin.com\/company\/whisky4you\/?viewAsMember=true"]}]}},"jetpack_sharing_enabled":true,"_links":{"self":[{"href":"https:\/\/whisky4you.net\/de\/wp-json\/wp\/v2\/product\/16740","targetHints":{"allow":["GET"]}}],"collection":[{"href":"https:\/\/whisky4you.net\/de\/wp-json\/wp\/v2\/product"}],"about":[{"href":"https:\/\/whisky4you.net\/de\/wp-json\/wp\/v2\/types\/product"}],"replies":[{"embeddable":true,"href":"https:\/\/whisky4you.net\/de\/wp-json\/wp\/v2\/comments?post=16740"}],"version-history":[{"count":0,"href":"https:\/\/whisky4you.net\/de\/wp-json\/wp\/v2\/product\/16740\/revisions"}],"wp:featuredmedia":[{"embeddable":true,"href":"https:\/\/whisky4you.net\/de\/wp-json\/wp\/v2\/media\/18789"}],"wp:attachment":[{"href":"https:\/\/whisky4you.net\/de\/wp-json\/wp\/v2\/media?parent=16740"}],"wp:term":[{"taxonomy":"product_brand","embeddable":true,"href":"https:\/\/whisky4you.net\/de\/wp-json\/wp\/v2\/product_brand?post=16740"},{"taxonomy":"product_cat","embeddable":true,"href":"https:\/\/whisky4you.net\/de\/wp-json\/wp\/v2\/product_cat?post=16740"},{"taxonomy":"product_tag","embeddable":true,"href":"https:\/\/whisky4you.net\/de\/wp-json\/wp\/v2\/product_tag?post=16740"}],"curies":[{"name":"wp","href":"https:\/\/api.w.org\/{rel}","templated":true}]}}