{"id":16820,"date":"2019-12-16T14:42:31","date_gmt":"2019-12-16T13:42:31","guid":{"rendered":"https:\/\/whisky4you.net\/product\/ben-nevis-mcdonalds-traditional-de\/"},"modified":"2022-12-02T14:00:37","modified_gmt":"2022-12-02T13:00:37","slug":"ben-nevis-mcdonalds-traditional-de","status":"publish","type":"product","link":"https:\/\/whisky4you.net\/de\/produkt\/ben-nevis-mcdonalds-traditional-de\/","title":{"rendered":"Ben Nevis McDonalds Traditional"},"content":{"rendered":"<h3><strong>Ben Nevis McDonalds Traditional Single Malt<\/strong><\/h3>\n<p>Der Ben Nevis McDonalds Traditional ist eine Sonderedition, die zum 185. Jahrestag dem Gr\u00fcnder John McDonald gewidmet ist. Er war damals auch als &#8222;Long John McDonald&#8220; bekannt, aufgrund seiner au\u00dfergew\u00f6hnlichen K\u00f6rpergr\u00f6\u00dfe von 1,93 m. Das Design der Flasche \u00e4hnelt einer der historischen Flaschen, dem McDonald \u0301s Traditional von 1880. (Geliefert wird das neue Design von 2020, das auf dem Titelbild zu sehen ist, das alte ist mittlerweile leider verkauft. Einzelne Flaschen k\u00f6nnen eventuell noch besorgt werden. Lieferm\u00f6glichkeiten und Preis dann auf Absprache.)<\/p>\n<h3><strong>Wie schmeckt er?<\/strong><\/h3>\n<p>Dieser rauchige Single Malt wird haupts\u00e4chlich in Sherry F\u00e4ssern gereift. Es hat ein wunderbares blumiges und fruchtiges Aroma von getrockneten Fr\u00fcchten und Rosinen, das von einem Torfrauch Gehalt von etwa 30 ppm begleitet wird. Diese interessante Scotch Kreation wurde im Jahr 2004 bei der San Francisco World Spirits Competition ausgezeichnet. Er ist nicht gef\u00e4rbt und nicht k\u00fchl gefiltert und wird mit 46% Alkohol abgef\u00fcllt.<\/p>\n<h3><strong>Woher kommt dieser Scotch?<\/strong><\/h3>\n<p>John McDonald gr\u00fcndete die <a href=\"http:\/\/www.bennevisdistillery.com\/\" target=\"_blank\" rel=\"noopener noreferrer\">Ben Nevis Destillerie<\/a> im Jahre 1825. Sie befindet sich in Fort William unterhalb von Schottlands h\u00f6chstem Berg, dem Ben Nevis, mit 1345 m, der aus Millionen von Jahren altem magmatischem Felsens besteht und selbst im Sommer oft von Nebel umgeben ist. Zwischen 1955 und 1981 produzierte Ben Nevis haupts\u00e4chlich Getreidewhisky. Ab 1981 kehrte der neue Besitzer Whitbread vollst\u00e4ndig zur Herstellung von Malt Whisky zur\u00fcck. Nach vierj\u00e4hriger Schlie\u00dfung geh\u00f6rt Ben Nevis seit 1990 zur japanischen Nikka-Brennerei, die Ben Nevis kaufte, um rauchigen schottischen Whisky f\u00fcr ihre eigenen Blends herzustellen. Einige sehr gute original Single Malts werden jedoch immer noch bei Ben Nevis hergestellt. Der Ben Nevis McDonalds Traditional ist ein guter Vertreter dieses Portfolios. Unter japanischem Besitz liegt der Fokus aber nicht mehr auf der Herstellung eigener Single Malts. Deshalb wird auch nicht viel in Werbung und Vertrieb investiert. Die Single Malts von Ben Nevis sind daher ein ganz besonderer Tipp f\u00fcr interessierte Kenner.<\/p>\n<p>Schauen Sie sich auch unsere Verkostungsvideos an und st\u00f6bern Sie durch die Hintergrundartikel in unserem Blog &#8222;<a href=\"https:\/\/whisky4you.net\/de\/alles-ueber-whisky\/\" target=\"_blank\" rel=\"noopener noreferrer\">Alles \u00fcber Whisky<\/a>&#8222;.<\/p>\n<p><span style=\"color: #f0ae13;\"><strong>Typ:<\/strong>\u00a0<\/span>\u00a0 \u00a0 Single Malt Whisky<\/p>\n<p><strong><span style=\"color: #f0ae13;\">Aroma:\u00a0 <\/span><\/strong><span style=\"color: #000000;\">Ein Cocktail von reifen Pfirsichen und Aprikosen, saftige Orangen und Papaya, umrahmt vom Duft eines orientalischen Gew\u00fcrz Basars<\/span><\/p>\n<p><span style=\"color: #f0ae13;\"><strong>Geschmack:<\/strong>\u00a0<\/span> kr\u00e4ftiger Torf Rauch umh\u00fcllt dunkle Schokolade, \u00f6lig und weich auf der Zunge, dann entwickelt sich die W\u00fcrzigkeit des Eichenholzes zu s\u00fc\u00dfem Toffee und Honig Noten im Ausklang<\/p>\n<p><span style=\"color: #f0ae13;\"><strong>Abgang:<\/strong>\u00a0<\/span> Lang anhaltender Rauch mit Spuren von Kaffee und Gew\u00fcrzen<\/p>\n","protected":false},"excerpt":{"rendered":"<ul>\n<li>Sonderausgabe zum 185. Jahrestag der Brennerei (geliefert wird Design 2020 auf Frontbild)<\/li>\n<li>haupts\u00e4chlich in Sherry F\u00e4ssern gereift<\/li>\n<li>wunderbares blumiges und fruchtiges Aroma von getrockneten Fr\u00fcchten und Rosinen<\/li>\n<li>begleitet von einem Torf Rauch Gehalt von ca. 30 ppm<\/li>\n<li>nicht gef\u00e4rbt, nicht k\u00fchl gefiltert<\/li>\n<\/ul>\n","protected":false},"featured_media":18091,"comment_status":"open","ping_status":"closed","template":"","meta":[],"product_brand":[],"product_cat":[941,940],"product_tag":[780,781,794,797,969,818,822,824,832],"class_list":{"0":"post-16820","1":"product","2":"type-product","3":"status-publish","4":"has-post-thumbnail","6":"product_cat-highlands-de","7":"product_cat-scotch-de","8":"product_tag-ben-nevis-de","9":"product_tag-ben-nevis-traditional-de","10":"product_tag-ex-bourbon-fasser","11":"product_tag-highlands-de","12":"product_tag-rauchig-de","13":"product_tag-scotch-de","14":"product_tag-sherry-fasser","15":"product_tag-single-malt-de","16":"product_tag-whisky-de","17":"pa_alcohol-content-46-de","18":"pa_bottled-at-abgefullt-durch-hersteller","19":"pa_country-schottland","20":"pa_distillery-ben-nevis-de","21":"pa_maturation-casks-bourbon-de","22":"pa_maturation-casks-sherry-de","23":"pa_minimum-age-ohne-angabe","24":"pa_product-net-content-70-cl-de","25":"pa_scotland-highlands-de","26":"pa_whisky-type-single-malt-de","27":"no-featured-image-padding","28":"sales-flash-overlay","29":"woocommerce-text-align-center","30":"woocommerce-image-align-center","31":"do-quantity-buttons","32":"wc-has-gallery","34":"first","35":"outofstock","36":"featured","37":"taxable","38":"shipping-taxable","39":"purchasable","40":"product-type-simple"},"yoast_head":"<!-- This site is optimized with the Yoast SEO plugin v27.0 - https:\/\/yoast.com\/product\/yoast-seo-wordpress\/ -->\n<title>Ben Nevis McDonalds Traditional - Whisky4you Kaufen Sie jetzt!<\/title>\n<meta name=\"description\" content=\"Ben Nevis McDonalds Traditional \u00fcberzeugt mit einem wunderbaren blumigen Aroma, Noten von getrockneten Fr\u00fcchten und Rosinen, begleitet von cremigem Torfrauch von ca. 30 ppm.\" \/>\n<meta name=\"robots\" content=\"index, follow, max-snippet:-1, max-image-preview:large, max-video-preview:-1\" \/>\n<link rel=\"canonical\" href=\"https:\/\/whisky4you.net\/de\/produkt\/ben-nevis-mcdonalds-traditional-de\/\" \/>\n<meta property=\"og:locale\" content=\"de_DE\" \/>\n<meta property=\"og:type\" content=\"article\" \/>\n<meta property=\"og:title\" content=\"Ben Nevis McDonalds Traditional - Whisky4you Kaufen Sie jetzt!\" \/>\n<meta property=\"og:description\" content=\"Ben Nevis McDonalds Traditional \u00fcberzeugt mit einem wunderbaren blumigen Aroma, Noten von getrockneten Fr\u00fcchten und Rosinen, begleitet von cremigem Torfrauch von ca. 30 ppm.\" \/>\n<meta property=\"og:url\" content=\"https:\/\/whisky4you.net\/de\/produkt\/ben-nevis-mcdonalds-traditional-de\/\" \/>\n<meta property=\"og:site_name\" content=\"Whisky4you\" \/>\n<meta property=\"article:publisher\" content=\"https:\/\/www.facebook.com\/Whisky4you.net\" \/>\n<meta property=\"article:modified_time\" content=\"2022-12-02T13:00:37+00:00\" \/>\n<meta property=\"og:image\" content=\"https:\/\/i0.wp.com\/whisky4you.net\/wp-content\/uploads\/2019\/12\/BenNevisTraditionalNew.jpg?fit=598%2C593&ssl=1\" \/>\n\t<meta property=\"og:image:width\" content=\"598\" \/>\n\t<meta property=\"og:image:height\" content=\"593\" \/>\n\t<meta property=\"og:image:type\" content=\"image\/jpeg\" \/>\n<meta name=\"twitter:card\" content=\"summary_large_image\" \/>\n<meta name=\"twitter:label1\" content=\"Gesch\u00e4tzte Lesezeit\" \/>\n\t<meta name=\"twitter:data1\" content=\"2\u00a0Minuten\" \/>\n<script type=\"application\/ld+json\" class=\"yoast-schema-graph\">{\"@context\":\"https:\/\/schema.org\",\"@graph\":[{\"@type\":\"WebPage\",\"@id\":\"https:\/\/whisky4you.net\/de\/produkt\/ben-nevis-mcdonalds-traditional-de\/\",\"url\":\"https:\/\/whisky4you.net\/de\/produkt\/ben-nevis-mcdonalds-traditional-de\/\",\"name\":\"Ben Nevis McDonalds Traditional - Whisky4you Kaufen Sie jetzt!\",\"isPartOf\":{\"@id\":\"https:\/\/whisky4you.net\/de\/#website\"},\"primaryImageOfPage\":{\"@id\":\"https:\/\/whisky4you.net\/de\/produkt\/ben-nevis-mcdonalds-traditional-de\/#primaryimage\"},\"image\":{\"@id\":\"https:\/\/whisky4you.net\/de\/produkt\/ben-nevis-mcdonalds-traditional-de\/#primaryimage\"},\"thumbnailUrl\":\"https:\/\/whisky4you.net\/wp-content\/uploads\/2019\/12\/BenNevisTraditionalNew.jpg\",\"datePublished\":\"2019-12-16T13:42:31+00:00\",\"dateModified\":\"2022-12-02T13:00:37+00:00\",\"description\":\"Ben Nevis McDonalds Traditional \u00fcberzeugt mit einem wunderbaren blumigen Aroma, Noten von getrockneten Fr\u00fcchten und Rosinen, begleitet von cremigem Torfrauch von ca. 30 ppm.\",\"breadcrumb\":{\"@id\":\"https:\/\/whisky4you.net\/de\/produkt\/ben-nevis-mcdonalds-traditional-de\/#breadcrumb\"},\"inLanguage\":\"de\",\"potentialAction\":[{\"@type\":\"ReadAction\",\"target\":[\"https:\/\/whisky4you.net\/de\/produkt\/ben-nevis-mcdonalds-traditional-de\/\"]}]},{\"@type\":\"ImageObject\",\"inLanguage\":\"de\",\"@id\":\"https:\/\/whisky4you.net\/de\/produkt\/ben-nevis-mcdonalds-traditional-de\/#primaryimage\",\"url\":\"https:\/\/whisky4you.net\/wp-content\/uploads\/2019\/12\/BenNevisTraditionalNew.jpg\",\"contentUrl\":\"https:\/\/whisky4you.net\/wp-content\/uploads\/2019\/12\/BenNevisTraditionalNew.jpg\",\"width\":598,\"height\":593,\"caption\":\"Ben Nevis Traditional New Design from year 2020\"},{\"@type\":\"BreadcrumbList\",\"@id\":\"https:\/\/whisky4you.net\/de\/produkt\/ben-nevis-mcdonalds-traditional-de\/#breadcrumb\",\"itemListElement\":[{\"@type\":\"ListItem\",\"position\":1,\"name\":\"Home\",\"item\":\"https:\/\/whisky4you.net\/\"},{\"@type\":\"ListItem\",\"position\":2,\"name\":\"Online Shop\",\"item\":\"https:\/\/whisky4you.net\/de\/online-shop\/\"},{\"@type\":\"ListItem\",\"position\":3,\"name\":\"Ben Nevis McDonalds Traditional\"}]},{\"@type\":\"WebSite\",\"@id\":\"https:\/\/whisky4you.net\/de\/#website\",\"url\":\"https:\/\/whisky4you.net\/de\/\",\"name\":\"Whisky4you\",\"description\":\"Dedicated to Whisky interest and Whisky lovers\",\"publisher\":{\"@id\":\"https:\/\/whisky4you.net\/de\/#organization\"},\"potentialAction\":[{\"@type\":\"SearchAction\",\"target\":{\"@type\":\"EntryPoint\",\"urlTemplate\":\"https:\/\/whisky4you.net\/de\/?s={search_term_string}\"},\"query-input\":{\"@type\":\"PropertyValueSpecification\",\"valueRequired\":true,\"valueName\":\"search_term_string\"}}],\"inLanguage\":\"de\"},{\"@type\":\"Organization\",\"@id\":\"https:\/\/whisky4you.net\/de\/#organization\",\"name\":\"Whisky4you\",\"url\":\"https:\/\/whisky4you.net\/de\/\",\"logo\":{\"@type\":\"ImageObject\",\"inLanguage\":\"de\",\"@id\":\"https:\/\/whisky4you.net\/de\/#\/schema\/logo\/image\/\",\"url\":\"https:\/\/whisky4you.net\/wp-content\/uploads\/2020\/12\/cropped-cropped-cropped-cropped-logo-head.png\",\"contentUrl\":\"https:\/\/whisky4you.net\/wp-content\/uploads\/2020\/12\/cropped-cropped-cropped-cropped-logo-head.png\",\"width\":250,\"height\":81,\"caption\":\"Whisky4you\"},\"image\":{\"@id\":\"https:\/\/whisky4you.net\/de\/#\/schema\/logo\/image\/\"},\"sameAs\":[\"https:\/\/www.facebook.com\/Whisky4you.net\",\"https:\/\/www.linkedin.com\/company\/whisky4you\/?viewAsMember=true\"]}]}<\/script>\n<!-- \/ Yoast SEO plugin. -->","yoast_head_json":{"title":"Ben Nevis McDonalds Traditional - Whisky4you Kaufen Sie jetzt!","description":"Ben Nevis McDonalds Traditional \u00fcberzeugt mit einem wunderbaren blumigen Aroma, Noten von getrockneten Fr\u00fcchten und Rosinen, begleitet von cremigem Torfrauch von ca. 30 ppm.","robots":{"index":"index","follow":"follow","max-snippet":"max-snippet:-1","max-image-preview":"max-image-preview:large","max-video-preview":"max-video-preview:-1"},"canonical":"https:\/\/whisky4you.net\/de\/produkt\/ben-nevis-mcdonalds-traditional-de\/","og_locale":"de_DE","og_type":"article","og_title":"Ben Nevis McDonalds Traditional - Whisky4you Kaufen Sie jetzt!","og_description":"Ben Nevis McDonalds Traditional \u00fcberzeugt mit einem wunderbaren blumigen Aroma, Noten von getrockneten Fr\u00fcchten und Rosinen, begleitet von cremigem Torfrauch von ca. 30 ppm.","og_url":"https:\/\/whisky4you.net\/de\/produkt\/ben-nevis-mcdonalds-traditional-de\/","og_site_name":"Whisky4you","article_publisher":"https:\/\/www.facebook.com\/Whisky4you.net","article_modified_time":"2022-12-02T13:00:37+00:00","og_image":[{"width":598,"height":593,"url":"https:\/\/i0.wp.com\/whisky4you.net\/wp-content\/uploads\/2019\/12\/BenNevisTraditionalNew.jpg?fit=598%2C593&ssl=1","type":"image\/jpeg"}],"twitter_card":"summary_large_image","twitter_misc":{"Gesch\u00e4tzte Lesezeit":"2\u00a0Minuten"},"schema":{"@context":"https:\/\/schema.org","@graph":[{"@type":"WebPage","@id":"https:\/\/whisky4you.net\/de\/produkt\/ben-nevis-mcdonalds-traditional-de\/","url":"https:\/\/whisky4you.net\/de\/produkt\/ben-nevis-mcdonalds-traditional-de\/","name":"Ben Nevis McDonalds Traditional - Whisky4you Kaufen Sie jetzt!","isPartOf":{"@id":"https:\/\/whisky4you.net\/de\/#website"},"primaryImageOfPage":{"@id":"https:\/\/whisky4you.net\/de\/produkt\/ben-nevis-mcdonalds-traditional-de\/#primaryimage"},"image":{"@id":"https:\/\/whisky4you.net\/de\/produkt\/ben-nevis-mcdonalds-traditional-de\/#primaryimage"},"thumbnailUrl":"https:\/\/whisky4you.net\/wp-content\/uploads\/2019\/12\/BenNevisTraditionalNew.jpg","datePublished":"2019-12-16T13:42:31+00:00","dateModified":"2022-12-02T13:00:37+00:00","description":"Ben Nevis McDonalds Traditional \u00fcberzeugt mit einem wunderbaren blumigen Aroma, Noten von getrockneten Fr\u00fcchten und Rosinen, begleitet von cremigem Torfrauch von ca. 30 ppm.","breadcrumb":{"@id":"https:\/\/whisky4you.net\/de\/produkt\/ben-nevis-mcdonalds-traditional-de\/#breadcrumb"},"inLanguage":"de","potentialAction":[{"@type":"ReadAction","target":["https:\/\/whisky4you.net\/de\/produkt\/ben-nevis-mcdonalds-traditional-de\/"]}]},{"@type":"ImageObject","inLanguage":"de","@id":"https:\/\/whisky4you.net\/de\/produkt\/ben-nevis-mcdonalds-traditional-de\/#primaryimage","url":"https:\/\/whisky4you.net\/wp-content\/uploads\/2019\/12\/BenNevisTraditionalNew.jpg","contentUrl":"https:\/\/whisky4you.net\/wp-content\/uploads\/2019\/12\/BenNevisTraditionalNew.jpg","width":598,"height":593,"caption":"Ben Nevis Traditional New Design from year 2020"},{"@type":"BreadcrumbList","@id":"https:\/\/whisky4you.net\/de\/produkt\/ben-nevis-mcdonalds-traditional-de\/#breadcrumb","itemListElement":[{"@type":"ListItem","position":1,"name":"Home","item":"https:\/\/whisky4you.net\/"},{"@type":"ListItem","position":2,"name":"Online Shop","item":"https:\/\/whisky4you.net\/de\/online-shop\/"},{"@type":"ListItem","position":3,"name":"Ben Nevis McDonalds Traditional"}]},{"@type":"WebSite","@id":"https:\/\/whisky4you.net\/de\/#website","url":"https:\/\/whisky4you.net\/de\/","name":"Whisky4you","description":"Dedicated to Whisky interest and Whisky lovers","publisher":{"@id":"https:\/\/whisky4you.net\/de\/#organization"},"potentialAction":[{"@type":"SearchAction","target":{"@type":"EntryPoint","urlTemplate":"https:\/\/whisky4you.net\/de\/?s={search_term_string}"},"query-input":{"@type":"PropertyValueSpecification","valueRequired":true,"valueName":"search_term_string"}}],"inLanguage":"de"},{"@type":"Organization","@id":"https:\/\/whisky4you.net\/de\/#organization","name":"Whisky4you","url":"https:\/\/whisky4you.net\/de\/","logo":{"@type":"ImageObject","inLanguage":"de","@id":"https:\/\/whisky4you.net\/de\/#\/schema\/logo\/image\/","url":"https:\/\/whisky4you.net\/wp-content\/uploads\/2020\/12\/cropped-cropped-cropped-cropped-logo-head.png","contentUrl":"https:\/\/whisky4you.net\/wp-content\/uploads\/2020\/12\/cropped-cropped-cropped-cropped-logo-head.png","width":250,"height":81,"caption":"Whisky4you"},"image":{"@id":"https:\/\/whisky4you.net\/de\/#\/schema\/logo\/image\/"},"sameAs":["https:\/\/www.facebook.com\/Whisky4you.net","https:\/\/www.linkedin.com\/company\/whisky4you\/?viewAsMember=true"]}]}},"jetpack_sharing_enabled":true,"_links":{"self":[{"href":"https:\/\/whisky4you.net\/de\/wp-json\/wp\/v2\/product\/16820","targetHints":{"allow":["GET"]}}],"collection":[{"href":"https:\/\/whisky4you.net\/de\/wp-json\/wp\/v2\/product"}],"about":[{"href":"https:\/\/whisky4you.net\/de\/wp-json\/wp\/v2\/types\/product"}],"replies":[{"embeddable":true,"href":"https:\/\/whisky4you.net\/de\/wp-json\/wp\/v2\/comments?post=16820"}],"version-history":[{"count":0,"href":"https:\/\/whisky4you.net\/de\/wp-json\/wp\/v2\/product\/16820\/revisions"}],"wp:featuredmedia":[{"embeddable":true,"href":"https:\/\/whisky4you.net\/de\/wp-json\/wp\/v2\/media\/18091"}],"wp:attachment":[{"href":"https:\/\/whisky4you.net\/de\/wp-json\/wp\/v2\/media?parent=16820"}],"wp:term":[{"taxonomy":"product_brand","embeddable":true,"href":"https:\/\/whisky4you.net\/de\/wp-json\/wp\/v2\/product_brand?post=16820"},{"taxonomy":"product_cat","embeddable":true,"href":"https:\/\/whisky4you.net\/de\/wp-json\/wp\/v2\/product_cat?post=16820"},{"taxonomy":"product_tag","embeddable":true,"href":"https:\/\/whisky4you.net\/de\/wp-json\/wp\/v2\/product_tag?post=16820"}],"curies":[{"name":"wp","href":"https:\/\/api.w.org\/{rel}","templated":true}]}}