{"id":16828,"date":"2019-11-05T19:38:58","date_gmt":"2019-11-05T18:38:58","guid":{"rendered":"https:\/\/whisky4you.net\/product\/bowmore-tempest-single-malt-de\/"},"modified":"2025-06-27T14:05:14","modified_gmt":"2025-06-27T13:05:14","slug":"bowmore-tempest-single-malt-de","status":"publish","type":"product","link":"https:\/\/whisky4you.net\/de\/produkt\/bowmore-tempest-single-malt-de\/","title":{"rendered":"Bowmore Tempest Single Malt"},"content":{"rendered":"<h3><strong>Bowmore Tempest Single Malt<\/strong><\/h3>\n<p>Der Bowmore Tempest Single Malt ist dem \u201eSturm\u201c gewidmet. Ob das nun der Sturm ist, dem die direkt am Meer gelegene Destillerie trotzen muss, oder auch das \u201eSturm\u201c an Geschmacksnoten im Glas, das kann jeder f\u00fcr sich herausfinden. Tats\u00e4chlich steckt der Bowmore Tempest voller Leben und Ausdruckskraft. Dieser &#8222;non chill-filtered&#8220; Whisky wird in Fassst\u00e4rke abgef\u00fcllt, die mit jedem Jahresbatch leicht abnimmt, aber noch immer \u00fcber 50% liegt. Daher kann hier eventuell eine tropfenweise Zugabe von frischem Quellwasser dabei helfen, die Aromen aufzubrechen. Batch 5 hat einen Alkoholgehalt von 55,9%. Seine leuchtend goldene Farbe wird durch die meeresblaue Verpackung, auf der die Sturmwellen abgebildet sind, sch\u00f6n unterstrichen. Der Bowmore Tempest reifte 10 Jahre in Ex-Bourbonf\u00e4sseren aus amerikanischer Wei\u00dfeiche und ist ein Single Malt mit ausgewiesener Altersangabe. Er wird nur als Small batch Release, limitiert auf ca. 12.000 Flaschen pro Jahr abgef\u00fcllt.<\/p>\n<h3><strong>Wie schmeckt er?<\/strong><\/h3>\n<p>Der Tempest verbindet w\u00fcrzige Aromen von Pfeffer, Zimt und Nelken mit s\u00fc\u00dfen Vanille- und Honig Noten aus dem Eichenholz, fein abgerundet durch das Aroma von Ananas, geriebener Zitronenschale und dem typischen mineralischen Meeresduft von Bowmore. Der Sturm an Geschmacksaromen \u2013 perfekt f\u00fcr die Stimmung eines dunklen Winterabends, den Herbstspaziergang am Meer oder einfach den Start in einen energiegeladenen Abend!<\/p>\n<h3><strong>Woher kommt er? <\/strong><\/h3>\n<p><span style=\"text-decoration: underline;\"><a href=\"https:\/\/www.bowmore.com\/\" target=\"_blank\" rel=\"noopener noreferrer\">Bowmore<\/a><\/span> ist seit 1779 die erste lizenzierte Brennerei auf der Insel Islay, die f\u00fcr ihre stark torfigen Whiskies bekannt ist. Das ber\u00fchmte Lagerhaus Vault No. 1 liegt teilweise unterhalb des Meeresspiegels und erreicht dadurch ein besonderes Klima, das den F\u00e4ssern bei der Reifung eine zus\u00e4tzliche maritime Note verleiht. Die Produktion von hochwertigem Scotch wird bei Bowmore mit Hingabe nach alter Tradition und mit Geduld und Perfektionismus betrieben. Bowmore hat dabei eine Reihe au\u00dfergew\u00f6hnlicher und sehr erfolgreicher Single Malts hervorgebracht. Schauen Sie sich auch unsere Verkostungsvideos an und st\u00f6bern Sie durch die Hintergrundartikel in unserem Blog <a href=\"https:\/\/whisky4you.net\/de\/alles-ueber-whisky\/\" target=\"_blank\" rel=\"noopener noreferrer\">&#8222;<span style=\"text-decoration: underline;\">Alles \u00fcber Whisky<\/span>&#8222;<\/a>.<\/p>\n<p><span style=\"color: #f0ae13;\"><strong>Typ:<\/strong>\u00a0<\/span>\u00a0 \u00a0 Single Malt Whisky<\/p>\n<p><strong><span style=\"color: #f0ae13;\">Aroma: <\/span><\/strong>Torfrauch, feines Aroma von Honigs\u00fc\u00dfe und Orangen, sowie tropische Fr\u00fcchte<\/p>\n<p><span style=\"color: #f0ae13;\"><strong>Geschmack:<\/strong>\u00a0<\/span>\u00a0 fruchtige Zitrusaromen, Ananas, S\u00fc\u00dfe von braunem Zucker, umgeben von feinem Rauch und w\u00fcrzigen Eichen Noten, durchscheinende maritime, mineralische Aromen<\/p>\n<p><span style=\"color: #f0ae13;\"><strong>Abgang:<\/strong>\u00a0<\/span> lang und w\u00e4rmend, einladende S\u00fc\u00dfe von dunklen Beeren, Zitronenpfeffer und ein rauchiges Echo<\/p>\n","protected":false},"excerpt":{"rendered":"<ul>\n<li>dem Sturm gewidmet &#8211; nicht k\u00fchlgefiltert und mit Fassst\u00e4rke abgef\u00fcllt (Charge 5 mit 55,9%)<\/li>\n<li>absolute Rarit\u00e4t &#8211; auch bei uns die letzten Flaschen!<\/li>\n<li>kombiniert das w\u00fcrzige Aroma von Pfeffer, Zimt und Nelken<\/li>\n<li>mit s\u00fc\u00dfen Vanille- und Honigt\u00f6nen aus F\u00e4ssern aus wei\u00dfer Eiche<\/li>\n<li>begleitet vom Aroma der geriebenen Zitronenschale und dem typischen mineralischen Aroma des Meeres<\/li>\n<\/ul>\n","protected":false},"featured_media":16539,"comment_status":"open","ping_status":"closed","template":"","meta":[],"product_brand":[],"product_cat":[944,942],"product_tag":[782,794,800,969,819,818,824,829,832],"class_list":{"0":"post-16828","1":"product","2":"type-product","3":"status-publish","4":"has-post-thumbnail","6":"product_cat-islands-de","7":"product_cat-islay-de","8":"product_tag-bowmore-de","9":"product_tag-ex-bourbon-fasser","10":"product_tag-islay-de","11":"product_tag-rauchig-de","12":"product_tag-schottland-de","13":"product_tag-scotch-de","14":"product_tag-single-malt-de","15":"product_tag-tempest-de","16":"product_tag-whisky-de","17":"pa_alcohol-content-559-de","18":"pa_bottled-at-abgefullt-durch-hersteller","19":"pa_country-schottland","20":"pa_distillery-bowmore-de","21":"pa_maturation-casks-bourbon-de","22":"pa_minimum-age-ohne-angabe","23":"pa_product-net-content-70-cl-de","24":"pa_scotland-islands-de","25":"pa_scotland-islay-de","26":"pa_whisky-type-single-malt-de","27":"no-featured-image-padding","28":"sales-flash-overlay","29":"woocommerce-text-align-center","30":"woocommerce-image-align-center","31":"do-quantity-buttons","32":"wc-has-gallery","34":"first","35":"instock","36":"featured","37":"taxable","38":"shipping-taxable","39":"purchasable","40":"product-type-simple"},"yoast_head":"<!-- This site is optimized with the Yoast SEO plugin v27.0 - https:\/\/yoast.com\/product\/yoast-seo-wordpress\/ -->\n<title>Bowmore Tempest Single Malt - Whisky4you Kaufen Sie jetzt!<\/title>\n<meta name=\"description\" content=\"Bowmore Tempest Single Malt kombiniert die w\u00fcrzigen Aromen von Pfeffer, Zimt und Nelken mit s\u00fc\u00dfen Vanille- und Honigt\u00f6nen, geriebener Zitronenschale und Meersalz.\" \/>\n<meta name=\"robots\" content=\"index, follow, max-snippet:-1, max-image-preview:large, max-video-preview:-1\" \/>\n<link rel=\"canonical\" href=\"https:\/\/whisky4you.net\/de\/produkt\/bowmore-tempest-single-malt-de\/\" \/>\n<meta property=\"og:locale\" content=\"de_DE\" \/>\n<meta property=\"og:type\" content=\"article\" \/>\n<meta property=\"og:title\" content=\"Bowmore Tempest Single Malt - Whisky4you Kaufen Sie jetzt!\" \/>\n<meta property=\"og:description\" content=\"Bowmore Tempest Single Malt kombiniert die w\u00fcrzigen Aromen von Pfeffer, Zimt und Nelken mit s\u00fc\u00dfen Vanille- und Honigt\u00f6nen, geriebener Zitronenschale und Meersalz.\" \/>\n<meta property=\"og:url\" content=\"https:\/\/whisky4you.net\/de\/produkt\/bowmore-tempest-single-malt-de\/\" \/>\n<meta property=\"og:site_name\" content=\"Whisky4you\" \/>\n<meta property=\"article:publisher\" content=\"https:\/\/www.facebook.com\/Whisky4you.net\" \/>\n<meta property=\"article:modified_time\" content=\"2025-06-27T13:05:14+00:00\" \/>\n<meta property=\"og:image\" content=\"https:\/\/whisky4you.net\/wp-content\/uploads\/2019\/11\/BowmoreTempest.jpg\" \/>\n\t<meta property=\"og:image:width\" content=\"622\" \/>\n\t<meta property=\"og:image:height\" content=\"620\" \/>\n\t<meta property=\"og:image:type\" content=\"image\/jpeg\" \/>\n<meta name=\"twitter:card\" content=\"summary_large_image\" \/>\n<meta name=\"twitter:label1\" content=\"Gesch\u00e4tzte Lesezeit\" \/>\n\t<meta name=\"twitter:data1\" content=\"2\u00a0Minuten\" \/>\n<script type=\"application\/ld+json\" class=\"yoast-schema-graph\">{\"@context\":\"https:\/\/schema.org\",\"@graph\":[{\"@type\":\"WebPage\",\"@id\":\"https:\/\/whisky4you.net\/de\/produkt\/bowmore-tempest-single-malt-de\/\",\"url\":\"https:\/\/whisky4you.net\/de\/produkt\/bowmore-tempest-single-malt-de\/\",\"name\":\"Bowmore Tempest Single Malt - Whisky4you Kaufen Sie jetzt!\",\"isPartOf\":{\"@id\":\"https:\/\/whisky4you.net\/de\/#website\"},\"primaryImageOfPage\":{\"@id\":\"https:\/\/whisky4you.net\/de\/produkt\/bowmore-tempest-single-malt-de\/#primaryimage\"},\"image\":{\"@id\":\"https:\/\/whisky4you.net\/de\/produkt\/bowmore-tempest-single-malt-de\/#primaryimage\"},\"thumbnailUrl\":\"https:\/\/whisky4you.net\/wp-content\/uploads\/2019\/11\/BowmoreTempest.jpg\",\"datePublished\":\"2019-11-05T18:38:58+00:00\",\"dateModified\":\"2025-06-27T13:05:14+00:00\",\"description\":\"Bowmore Tempest Single Malt kombiniert die w\u00fcrzigen Aromen von Pfeffer, Zimt und Nelken mit s\u00fc\u00dfen Vanille- und Honigt\u00f6nen, geriebener Zitronenschale und Meersalz.\",\"breadcrumb\":{\"@id\":\"https:\/\/whisky4you.net\/de\/produkt\/bowmore-tempest-single-malt-de\/#breadcrumb\"},\"inLanguage\":\"de\",\"potentialAction\":[{\"@type\":\"ReadAction\",\"target\":[\"https:\/\/whisky4you.net\/de\/produkt\/bowmore-tempest-single-malt-de\/\"]}]},{\"@type\":\"ImageObject\",\"inLanguage\":\"de\",\"@id\":\"https:\/\/whisky4you.net\/de\/produkt\/bowmore-tempest-single-malt-de\/#primaryimage\",\"url\":\"https:\/\/whisky4you.net\/wp-content\/uploads\/2019\/11\/BowmoreTempest.jpg\",\"contentUrl\":\"https:\/\/whisky4you.net\/wp-content\/uploads\/2019\/11\/BowmoreTempest.jpg\",\"width\":622,\"height\":620,\"caption\":\"Der Bowmore Tempest Single Malt kombiniert w\u00fcrzige Aromen von Pfeffer, Zimt und Nelken mit s\u00fc\u00dfen Vanille- und Honignoten, geriebener Zitronenschale und Meersalz.\"},{\"@type\":\"BreadcrumbList\",\"@id\":\"https:\/\/whisky4you.net\/de\/produkt\/bowmore-tempest-single-malt-de\/#breadcrumb\",\"itemListElement\":[{\"@type\":\"ListItem\",\"position\":1,\"name\":\"Home\",\"item\":\"https:\/\/whisky4you.net\/\"},{\"@type\":\"ListItem\",\"position\":2,\"name\":\"Online Shop\",\"item\":\"https:\/\/whisky4you.net\/de\/online-shop\/\"},{\"@type\":\"ListItem\",\"position\":3,\"name\":\"Bowmore Tempest Single Malt\"}]},{\"@type\":\"WebSite\",\"@id\":\"https:\/\/whisky4you.net\/de\/#website\",\"url\":\"https:\/\/whisky4you.net\/de\/\",\"name\":\"Whisky4you\",\"description\":\"Dedicated to Whisky interest and Whisky lovers\",\"publisher\":{\"@id\":\"https:\/\/whisky4you.net\/de\/#organization\"},\"potentialAction\":[{\"@type\":\"SearchAction\",\"target\":{\"@type\":\"EntryPoint\",\"urlTemplate\":\"https:\/\/whisky4you.net\/de\/?s={search_term_string}\"},\"query-input\":{\"@type\":\"PropertyValueSpecification\",\"valueRequired\":true,\"valueName\":\"search_term_string\"}}],\"inLanguage\":\"de\"},{\"@type\":\"Organization\",\"@id\":\"https:\/\/whisky4you.net\/de\/#organization\",\"name\":\"Whisky4you\",\"url\":\"https:\/\/whisky4you.net\/de\/\",\"logo\":{\"@type\":\"ImageObject\",\"inLanguage\":\"de\",\"@id\":\"https:\/\/whisky4you.net\/de\/#\/schema\/logo\/image\/\",\"url\":\"https:\/\/whisky4you.net\/wp-content\/uploads\/2020\/12\/cropped-cropped-cropped-cropped-logo-head.png\",\"contentUrl\":\"https:\/\/whisky4you.net\/wp-content\/uploads\/2020\/12\/cropped-cropped-cropped-cropped-logo-head.png\",\"width\":250,\"height\":81,\"caption\":\"Whisky4you\"},\"image\":{\"@id\":\"https:\/\/whisky4you.net\/de\/#\/schema\/logo\/image\/\"},\"sameAs\":[\"https:\/\/www.facebook.com\/Whisky4you.net\",\"https:\/\/www.linkedin.com\/company\/whisky4you\/?viewAsMember=true\"]}]}<\/script>\n<!-- \/ Yoast SEO plugin. -->","yoast_head_json":{"title":"Bowmore Tempest Single Malt - Whisky4you Kaufen Sie jetzt!","description":"Bowmore Tempest Single Malt kombiniert die w\u00fcrzigen Aromen von Pfeffer, Zimt und Nelken mit s\u00fc\u00dfen Vanille- und Honigt\u00f6nen, geriebener Zitronenschale und Meersalz.","robots":{"index":"index","follow":"follow","max-snippet":"max-snippet:-1","max-image-preview":"max-image-preview:large","max-video-preview":"max-video-preview:-1"},"canonical":"https:\/\/whisky4you.net\/de\/produkt\/bowmore-tempest-single-malt-de\/","og_locale":"de_DE","og_type":"article","og_title":"Bowmore Tempest Single Malt - Whisky4you Kaufen Sie jetzt!","og_description":"Bowmore Tempest Single Malt kombiniert die w\u00fcrzigen Aromen von Pfeffer, Zimt und Nelken mit s\u00fc\u00dfen Vanille- und Honigt\u00f6nen, geriebener Zitronenschale und Meersalz.","og_url":"https:\/\/whisky4you.net\/de\/produkt\/bowmore-tempest-single-malt-de\/","og_site_name":"Whisky4you","article_publisher":"https:\/\/www.facebook.com\/Whisky4you.net","article_modified_time":"2025-06-27T13:05:14+00:00","og_image":[{"width":622,"height":620,"url":"https:\/\/whisky4you.net\/wp-content\/uploads\/2019\/11\/BowmoreTempest.jpg","type":"image\/jpeg"}],"twitter_card":"summary_large_image","twitter_misc":{"Gesch\u00e4tzte Lesezeit":"2\u00a0Minuten"},"schema":{"@context":"https:\/\/schema.org","@graph":[{"@type":"WebPage","@id":"https:\/\/whisky4you.net\/de\/produkt\/bowmore-tempest-single-malt-de\/","url":"https:\/\/whisky4you.net\/de\/produkt\/bowmore-tempest-single-malt-de\/","name":"Bowmore Tempest Single Malt - Whisky4you Kaufen Sie jetzt!","isPartOf":{"@id":"https:\/\/whisky4you.net\/de\/#website"},"primaryImageOfPage":{"@id":"https:\/\/whisky4you.net\/de\/produkt\/bowmore-tempest-single-malt-de\/#primaryimage"},"image":{"@id":"https:\/\/whisky4you.net\/de\/produkt\/bowmore-tempest-single-malt-de\/#primaryimage"},"thumbnailUrl":"https:\/\/whisky4you.net\/wp-content\/uploads\/2019\/11\/BowmoreTempest.jpg","datePublished":"2019-11-05T18:38:58+00:00","dateModified":"2025-06-27T13:05:14+00:00","description":"Bowmore Tempest Single Malt kombiniert die w\u00fcrzigen Aromen von Pfeffer, Zimt und Nelken mit s\u00fc\u00dfen Vanille- und Honigt\u00f6nen, geriebener Zitronenschale und Meersalz.","breadcrumb":{"@id":"https:\/\/whisky4you.net\/de\/produkt\/bowmore-tempest-single-malt-de\/#breadcrumb"},"inLanguage":"de","potentialAction":[{"@type":"ReadAction","target":["https:\/\/whisky4you.net\/de\/produkt\/bowmore-tempest-single-malt-de\/"]}]},{"@type":"ImageObject","inLanguage":"de","@id":"https:\/\/whisky4you.net\/de\/produkt\/bowmore-tempest-single-malt-de\/#primaryimage","url":"https:\/\/whisky4you.net\/wp-content\/uploads\/2019\/11\/BowmoreTempest.jpg","contentUrl":"https:\/\/whisky4you.net\/wp-content\/uploads\/2019\/11\/BowmoreTempest.jpg","width":622,"height":620,"caption":"Der Bowmore Tempest Single Malt kombiniert w\u00fcrzige Aromen von Pfeffer, Zimt und Nelken mit s\u00fc\u00dfen Vanille- und Honignoten, geriebener Zitronenschale und Meersalz."},{"@type":"BreadcrumbList","@id":"https:\/\/whisky4you.net\/de\/produkt\/bowmore-tempest-single-malt-de\/#breadcrumb","itemListElement":[{"@type":"ListItem","position":1,"name":"Home","item":"https:\/\/whisky4you.net\/"},{"@type":"ListItem","position":2,"name":"Online Shop","item":"https:\/\/whisky4you.net\/de\/online-shop\/"},{"@type":"ListItem","position":3,"name":"Bowmore Tempest Single Malt"}]},{"@type":"WebSite","@id":"https:\/\/whisky4you.net\/de\/#website","url":"https:\/\/whisky4you.net\/de\/","name":"Whisky4you","description":"Dedicated to Whisky interest and Whisky lovers","publisher":{"@id":"https:\/\/whisky4you.net\/de\/#organization"},"potentialAction":[{"@type":"SearchAction","target":{"@type":"EntryPoint","urlTemplate":"https:\/\/whisky4you.net\/de\/?s={search_term_string}"},"query-input":{"@type":"PropertyValueSpecification","valueRequired":true,"valueName":"search_term_string"}}],"inLanguage":"de"},{"@type":"Organization","@id":"https:\/\/whisky4you.net\/de\/#organization","name":"Whisky4you","url":"https:\/\/whisky4you.net\/de\/","logo":{"@type":"ImageObject","inLanguage":"de","@id":"https:\/\/whisky4you.net\/de\/#\/schema\/logo\/image\/","url":"https:\/\/whisky4you.net\/wp-content\/uploads\/2020\/12\/cropped-cropped-cropped-cropped-logo-head.png","contentUrl":"https:\/\/whisky4you.net\/wp-content\/uploads\/2020\/12\/cropped-cropped-cropped-cropped-logo-head.png","width":250,"height":81,"caption":"Whisky4you"},"image":{"@id":"https:\/\/whisky4you.net\/de\/#\/schema\/logo\/image\/"},"sameAs":["https:\/\/www.facebook.com\/Whisky4you.net","https:\/\/www.linkedin.com\/company\/whisky4you\/?viewAsMember=true"]}]}},"jetpack_sharing_enabled":true,"_links":{"self":[{"href":"https:\/\/whisky4you.net\/de\/wp-json\/wp\/v2\/product\/16828","targetHints":{"allow":["GET"]}}],"collection":[{"href":"https:\/\/whisky4you.net\/de\/wp-json\/wp\/v2\/product"}],"about":[{"href":"https:\/\/whisky4you.net\/de\/wp-json\/wp\/v2\/types\/product"}],"replies":[{"embeddable":true,"href":"https:\/\/whisky4you.net\/de\/wp-json\/wp\/v2\/comments?post=16828"}],"version-history":[{"count":2,"href":"https:\/\/whisky4you.net\/de\/wp-json\/wp\/v2\/product\/16828\/revisions"}],"predecessor-version":[{"id":24682,"href":"https:\/\/whisky4you.net\/de\/wp-json\/wp\/v2\/product\/16828\/revisions\/24682"}],"wp:featuredmedia":[{"embeddable":true,"href":"https:\/\/whisky4you.net\/de\/wp-json\/wp\/v2\/media\/16539"}],"wp:attachment":[{"href":"https:\/\/whisky4you.net\/de\/wp-json\/wp\/v2\/media?parent=16828"}],"wp:term":[{"taxonomy":"product_brand","embeddable":true,"href":"https:\/\/whisky4you.net\/de\/wp-json\/wp\/v2\/product_brand?post=16828"},{"taxonomy":"product_cat","embeddable":true,"href":"https:\/\/whisky4you.net\/de\/wp-json\/wp\/v2\/product_cat?post=16828"},{"taxonomy":"product_tag","embeddable":true,"href":"https:\/\/whisky4you.net\/de\/wp-json\/wp\/v2\/product_tag?post=16828"}],"curies":[{"name":"wp","href":"https:\/\/api.w.org\/{rel}","templated":true}]}}