{"id":16845,"date":"2019-11-03T19:18:40","date_gmt":"2019-11-03T18:18:40","guid":{"rendered":"https:\/\/whisky4you.net\/product\/bowmore-peat-smoke-single-malt-de\/"},"modified":"2021-10-16T16:17:36","modified_gmt":"2021-10-16T15:17:36","slug":"bowmore-peat-smoke-single-malt-de","status":"publish","type":"product","link":"https:\/\/whisky4you.net\/de\/produkt\/bowmore-peat-smoke-single-malt-de\/","title":{"rendered":"Bowmore Peat Smoke Single Malt"},"content":{"rendered":"<h3><strong>Bowmore Peat Smoke Single Malt<\/strong><\/h3>\n<p>Bowmore Peat Smoke Single Malt ist die zweite Flasche aus der <a href=\"https:\/\/www.bowmore.com\/whisky\/bowmore-vault-2nd-release\" target=\"_blank\" rel=\"noopener noreferrer\">Vault No. 1 Edition<\/a>, die im September 2019 auf den Markt kam und mit Fassst\u00e4rke von 50,1% abgef\u00fcllt wurde. Nach dem \u201eAtlantic Sea Salt\u201c, der die salzig-maritimen Aromen repr\u00e4sentiert, ist der Bowmore Peat Smoke den rauchigen Aromen gewidmet. <span style=\"text-decoration: underline;\"><a href=\"https:\/\/www.bowmore.com\/\" target=\"_blank\" rel=\"noopener noreferrer\">Bowmore<\/a> <\/span>kauft seinen Malz nicht zu, sondern betreibt eine eigene M\u00e4lzerei und R\u00e4ucherung, wodurch das unverwechselbare Bowmore Torfrauch Aroma kreiert wird.<\/p>\n<h3><strong>Wie schmeckt er?\u00a0<\/strong><\/h3>\n<p>Schon in der Nase machen sich deutlich die Torfkohle bemerkbar, gl\u00fchende Holz, sowie ein ledriger Charakter und Noten von ger\u00e4uchertem Schinken. Dahinter treten dann die fruchtigen Aromen von s\u00fc\u00dfen Datteln und Feigen, sowie ein Hauch von Minze hervor und nat\u00fcrlich die maritimen Noten des No. 1 Vault Lagerhauses. Diese Kombination beschert uns einen einzigartigen komplexen Whisky, der jeden Liebhaber von rauchigen Malts begeistern wird.<\/p>\n<h3><strong>Bowmore und die Vault Edition<\/strong><\/h3>\n<p>Die vier Whiskys dieser Serie sind dem legend\u00e4ren Lagerhaus \u201eVault No. 1\u201c gewidmet, das als das \u00e4lteste Whisky Lagerhaus der Welt gilt. Es wurde 1779 erbaut und liegt teilweise unterhalb des Meeresspiegels. Dadurch gibt es dort eine spezielle maritime Atmosph\u00e4re, die auch in die lagernden F\u00e4sser diffundiert und so die charakteristischen maritimen, salzig-mineralischen Geschmacksnoten hinzuf\u00fcgt. Viele ber\u00fchmte und teilweise \u00fcber 50 Jahre alte Bowmore Kreationen stammen aus diesem Lagerhaus. Und von dort stammt auch die Vault Edition. Die 4 streng limitierten Abf\u00fcllungen werden von jeweils einem der 4 Hauptaromen gekennzeichnet, die die Bowmore Whiskies charakterisieren: salzig\/maritim, rauchig, fruchtig und s\u00fc\u00df. Die Vault Edition ist eine interessante Serie, die das Repertoire von Bowmore in einem anspruchsvollen Sammler Sortiment w\u00fcrdevoll repr\u00e4sentiert.<\/p>\n<p>Schauen Sie sich auch unsere Verkostungsvideos an und st\u00f6bern Sie durch die Hintergrundartikel in unserem Blog &#8222;<a href=\"https:\/\/whisky4you.net\/de\/alles-ueber-whisky\/\" target=\"_blank\" rel=\"noopener noreferrer\"><span style=\"text-decoration: underline;\">Alles \u00fcber Whisky<\/span>&#8222;<\/a>.<\/p>\n<p><span style=\"color: #f0ae13;\"><strong>Typ:<\/strong>\u00a0<\/span>\u00a0 \u00a0 \u00a0Single Malt Whisky<\/p>\n<p><strong><span style=\"color: #f0ae13;\">Aroma:\u00a0 \u00a0 <\/span><\/strong><span style=\"color: #000000;\">s\u00fc\u00dflicher Torfrauch, reichhaltige Asche, Karamell, ledrig mit einem w\u00fcrzigen Hauch von Thymian, Rosmarin und Minze<\/span><\/p>\n<p><span style=\"color: #f0ae13;\"><strong>Geschmack:<\/strong>\u00a0<\/span> s\u00fc\u00dfe Datteln und Feigen, eine leicht salzige Meeresbrise, umh\u00fcllt von Aromen einer R\u00e4ucherkammer und vulkanischer Asche<\/p>\n<p><span style=\"color: #f0ae13;\"><strong>Abgang:<\/strong>\u00a0<\/span> s\u00fc\u00df, rauchig und cremig mit zarten maritimen Noten<\/p>\n","protected":false},"excerpt":{"rendered":"<ul>\n<li>Original Single Malt Scotch in Fassst\u00e4rke 50,1%<\/li>\n<li>Vault No. 1 2nd Release, (zweite Flasche) der Brennereisammlung<\/li>\n<li>repr\u00e4sentiert das rauchige Aroma von Bowmore<\/li>\n<li>reift im ber\u00fchmten Lagerhaus Vault No. 1<\/li>\n<li>hinter dem cremigem Rauchgeruch warten die fruchtigen Aromen von s\u00fc\u00dfen Datteln und Feigen<\/li>\n<li>ein Hauch von Minze und die maritimen Ankl\u00e4nge des Vault No. 1<\/li>\n<\/ul>\n","protected":false},"featured_media":18797,"comment_status":"open","ping_status":"closed","template":"","meta":[],"product_brand":[],"product_cat":[944,942,940],"product_tag":[782,784,786,799,800,969,819,818,824,812,832],"class_list":{"0":"post-16845","1":"product","2":"type-product","3":"status-publish","4":"has-post-thumbnail","6":"product_cat-islands-de","7":"product_cat-islay-de","8":"product_cat-scotch-de","9":"product_tag-bowmore-de","10":"product_tag-bowmore-peat-smoke-de","11":"product_tag-bowmore-vault-no-1-de","12":"product_tag-inseln-de","13":"product_tag-islay-de","14":"product_tag-rauchig-de","15":"product_tag-schottland-de","16":"product_tag-scotch-de","17":"product_tag-single-malt-de","18":"product_tag-torfrauch","19":"product_tag-whisky-de","20":"pa_alcohol-content-501-de","21":"pa_bottled-at-abgefullt-durch-hersteller","22":"pa_country-schottland","23":"pa_distillery-bowmore-de","24":"pa_maturation-casks-bourbon-de","25":"pa_minimum-age-ohne-angabe","26":"pa_product-net-content-70-cl-de","27":"pa_scotland-islands-de","28":"pa_scotland-islay-de","29":"pa_whisky-type-single-malt-de","30":"no-featured-image-padding","31":"sales-flash-overlay","32":"woocommerce-text-align-center","33":"woocommerce-image-align-center","34":"do-quantity-buttons","35":"wc-has-gallery","37":"first","38":"outofstock","39":"featured","40":"taxable","41":"shipping-taxable","42":"purchasable","43":"product-type-simple"},"yoast_head":"<!-- This site is optimized with the Yoast SEO plugin v27.0 - https:\/\/yoast.com\/product\/yoast-seo-wordpress\/ -->\n<title>Bowmore Peat Smoke Single Malt - Whisky4you Kaufen Sie jetzt!<\/title>\n<meta name=\"description\" content=\"Bowmore Peat Smoke Single Malt, Vault No.1 2nd Release, Raucharomen von gl\u00fchendem Holz mit dem Duft von s\u00fc\u00dfen Datteln, Feigen und einer leichten Meeresbrise\" \/>\n<meta name=\"robots\" content=\"index, follow, max-snippet:-1, max-image-preview:large, max-video-preview:-1\" \/>\n<link rel=\"canonical\" href=\"https:\/\/whisky4you.net\/de\/produkt\/bowmore-peat-smoke-single-malt-de\/\" \/>\n<meta property=\"og:locale\" content=\"de_DE\" \/>\n<meta property=\"og:type\" content=\"article\" \/>\n<meta property=\"og:title\" content=\"Bowmore Peat Smoke Single Malt - Whisky4you Kaufen Sie jetzt!\" \/>\n<meta property=\"og:description\" content=\"Bowmore Peat Smoke Single Malt, Vault No.1 2nd Release, Raucharomen von gl\u00fchendem Holz mit dem Duft von s\u00fc\u00dfen Datteln, Feigen und einer leichten Meeresbrise\" \/>\n<meta property=\"og:url\" content=\"https:\/\/whisky4you.net\/de\/produkt\/bowmore-peat-smoke-single-malt-de\/\" \/>\n<meta property=\"og:site_name\" content=\"Whisky4you\" \/>\n<meta property=\"article:publisher\" content=\"https:\/\/www.facebook.com\/Whisky4you.net\" \/>\n<meta property=\"article:modified_time\" content=\"2021-10-16T15:17:36+00:00\" \/>\n<meta property=\"og:image\" content=\"https:\/\/i0.wp.com\/whisky4you.net\/wp-content\/uploads\/2020\/12\/Bowmore-Vault-Edition-Peat-Smoke-Single-Malt.jpg?fit=836%2C836&ssl=1\" \/>\n\t<meta property=\"og:image:width\" content=\"836\" \/>\n\t<meta property=\"og:image:height\" content=\"836\" \/>\n\t<meta property=\"og:image:type\" content=\"image\/jpeg\" \/>\n<meta name=\"twitter:card\" content=\"summary_large_image\" \/>\n<meta name=\"twitter:label1\" content=\"Gesch\u00e4tzte Lesezeit\" \/>\n\t<meta name=\"twitter:data1\" content=\"2\u00a0Minuten\" \/>\n<script type=\"application\/ld+json\" class=\"yoast-schema-graph\">{\"@context\":\"https:\/\/schema.org\",\"@graph\":[{\"@type\":\"WebPage\",\"@id\":\"https:\/\/whisky4you.net\/de\/produkt\/bowmore-peat-smoke-single-malt-de\/\",\"url\":\"https:\/\/whisky4you.net\/de\/produkt\/bowmore-peat-smoke-single-malt-de\/\",\"name\":\"Bowmore Peat Smoke Single Malt - Whisky4you Kaufen Sie jetzt!\",\"isPartOf\":{\"@id\":\"https:\/\/whisky4you.net\/de\/#website\"},\"primaryImageOfPage\":{\"@id\":\"https:\/\/whisky4you.net\/de\/produkt\/bowmore-peat-smoke-single-malt-de\/#primaryimage\"},\"image\":{\"@id\":\"https:\/\/whisky4you.net\/de\/produkt\/bowmore-peat-smoke-single-malt-de\/#primaryimage\"},\"thumbnailUrl\":\"https:\/\/whisky4you.net\/wp-content\/uploads\/2020\/12\/Bowmore-Vault-Edition-Peat-Smoke-Single-Malt.jpg\",\"datePublished\":\"2019-11-03T18:18:40+00:00\",\"dateModified\":\"2021-10-16T15:17:36+00:00\",\"description\":\"Bowmore Peat Smoke Single Malt, Vault No.1 2nd Release, Raucharomen von gl\u00fchendem Holz mit dem Duft von s\u00fc\u00dfen Datteln, Feigen und einer leichten Meeresbrise\",\"breadcrumb\":{\"@id\":\"https:\/\/whisky4you.net\/de\/produkt\/bowmore-peat-smoke-single-malt-de\/#breadcrumb\"},\"inLanguage\":\"de\",\"potentialAction\":[{\"@type\":\"ReadAction\",\"target\":[\"https:\/\/whisky4you.net\/de\/produkt\/bowmore-peat-smoke-single-malt-de\/\"]}]},{\"@type\":\"ImageObject\",\"inLanguage\":\"de\",\"@id\":\"https:\/\/whisky4you.net\/de\/produkt\/bowmore-peat-smoke-single-malt-de\/#primaryimage\",\"url\":\"https:\/\/whisky4you.net\/wp-content\/uploads\/2020\/12\/Bowmore-Vault-Edition-Peat-Smoke-Single-Malt.jpg\",\"contentUrl\":\"https:\/\/whisky4you.net\/wp-content\/uploads\/2020\/12\/Bowmore-Vault-Edition-Peat-Smoke-Single-Malt.jpg\",\"width\":836,\"height\":836,\"caption\":\"\\\"Bowmore Peat Smoke Single Malt\\\" mit Noten von Torfkohle und gl\u00fchendem Holz, perfekt kombiniert mit Aromen von s\u00fc\u00dfen Datteln, Feigen und Meersalz.\"},{\"@type\":\"BreadcrumbList\",\"@id\":\"https:\/\/whisky4you.net\/de\/produkt\/bowmore-peat-smoke-single-malt-de\/#breadcrumb\",\"itemListElement\":[{\"@type\":\"ListItem\",\"position\":1,\"name\":\"Home\",\"item\":\"https:\/\/whisky4you.net\/\"},{\"@type\":\"ListItem\",\"position\":2,\"name\":\"Online Shop\",\"item\":\"https:\/\/whisky4you.net\/de\/online-shop\/\"},{\"@type\":\"ListItem\",\"position\":3,\"name\":\"Bowmore Peat Smoke Single Malt\"}]},{\"@type\":\"WebSite\",\"@id\":\"https:\/\/whisky4you.net\/de\/#website\",\"url\":\"https:\/\/whisky4you.net\/de\/\",\"name\":\"Whisky4you\",\"description\":\"Dedicated to Whisky interest and Whisky lovers\",\"publisher\":{\"@id\":\"https:\/\/whisky4you.net\/de\/#organization\"},\"potentialAction\":[{\"@type\":\"SearchAction\",\"target\":{\"@type\":\"EntryPoint\",\"urlTemplate\":\"https:\/\/whisky4you.net\/de\/?s={search_term_string}\"},\"query-input\":{\"@type\":\"PropertyValueSpecification\",\"valueRequired\":true,\"valueName\":\"search_term_string\"}}],\"inLanguage\":\"de\"},{\"@type\":\"Organization\",\"@id\":\"https:\/\/whisky4you.net\/de\/#organization\",\"name\":\"Whisky4you\",\"url\":\"https:\/\/whisky4you.net\/de\/\",\"logo\":{\"@type\":\"ImageObject\",\"inLanguage\":\"de\",\"@id\":\"https:\/\/whisky4you.net\/de\/#\/schema\/logo\/image\/\",\"url\":\"https:\/\/whisky4you.net\/wp-content\/uploads\/2020\/12\/cropped-cropped-cropped-cropped-logo-head.png\",\"contentUrl\":\"https:\/\/whisky4you.net\/wp-content\/uploads\/2020\/12\/cropped-cropped-cropped-cropped-logo-head.png\",\"width\":250,\"height\":81,\"caption\":\"Whisky4you\"},\"image\":{\"@id\":\"https:\/\/whisky4you.net\/de\/#\/schema\/logo\/image\/\"},\"sameAs\":[\"https:\/\/www.facebook.com\/Whisky4you.net\",\"https:\/\/www.linkedin.com\/company\/whisky4you\/?viewAsMember=true\"]}]}<\/script>\n<!-- \/ Yoast SEO plugin. -->","yoast_head_json":{"title":"Bowmore Peat Smoke Single Malt - Whisky4you Kaufen Sie jetzt!","description":"Bowmore Peat Smoke Single Malt, Vault No.1 2nd Release, Raucharomen von gl\u00fchendem Holz mit dem Duft von s\u00fc\u00dfen Datteln, Feigen und einer leichten Meeresbrise","robots":{"index":"index","follow":"follow","max-snippet":"max-snippet:-1","max-image-preview":"max-image-preview:large","max-video-preview":"max-video-preview:-1"},"canonical":"https:\/\/whisky4you.net\/de\/produkt\/bowmore-peat-smoke-single-malt-de\/","og_locale":"de_DE","og_type":"article","og_title":"Bowmore Peat Smoke Single Malt - Whisky4you Kaufen Sie jetzt!","og_description":"Bowmore Peat Smoke Single Malt, Vault No.1 2nd Release, Raucharomen von gl\u00fchendem Holz mit dem Duft von s\u00fc\u00dfen Datteln, Feigen und einer leichten Meeresbrise","og_url":"https:\/\/whisky4you.net\/de\/produkt\/bowmore-peat-smoke-single-malt-de\/","og_site_name":"Whisky4you","article_publisher":"https:\/\/www.facebook.com\/Whisky4you.net","article_modified_time":"2021-10-16T15:17:36+00:00","og_image":[{"width":836,"height":836,"url":"https:\/\/i0.wp.com\/whisky4you.net\/wp-content\/uploads\/2020\/12\/Bowmore-Vault-Edition-Peat-Smoke-Single-Malt.jpg?fit=836%2C836&ssl=1","type":"image\/jpeg"}],"twitter_card":"summary_large_image","twitter_misc":{"Gesch\u00e4tzte Lesezeit":"2\u00a0Minuten"},"schema":{"@context":"https:\/\/schema.org","@graph":[{"@type":"WebPage","@id":"https:\/\/whisky4you.net\/de\/produkt\/bowmore-peat-smoke-single-malt-de\/","url":"https:\/\/whisky4you.net\/de\/produkt\/bowmore-peat-smoke-single-malt-de\/","name":"Bowmore Peat Smoke Single Malt - Whisky4you Kaufen Sie jetzt!","isPartOf":{"@id":"https:\/\/whisky4you.net\/de\/#website"},"primaryImageOfPage":{"@id":"https:\/\/whisky4you.net\/de\/produkt\/bowmore-peat-smoke-single-malt-de\/#primaryimage"},"image":{"@id":"https:\/\/whisky4you.net\/de\/produkt\/bowmore-peat-smoke-single-malt-de\/#primaryimage"},"thumbnailUrl":"https:\/\/whisky4you.net\/wp-content\/uploads\/2020\/12\/Bowmore-Vault-Edition-Peat-Smoke-Single-Malt.jpg","datePublished":"2019-11-03T18:18:40+00:00","dateModified":"2021-10-16T15:17:36+00:00","description":"Bowmore Peat Smoke Single Malt, Vault No.1 2nd Release, Raucharomen von gl\u00fchendem Holz mit dem Duft von s\u00fc\u00dfen Datteln, Feigen und einer leichten Meeresbrise","breadcrumb":{"@id":"https:\/\/whisky4you.net\/de\/produkt\/bowmore-peat-smoke-single-malt-de\/#breadcrumb"},"inLanguage":"de","potentialAction":[{"@type":"ReadAction","target":["https:\/\/whisky4you.net\/de\/produkt\/bowmore-peat-smoke-single-malt-de\/"]}]},{"@type":"ImageObject","inLanguage":"de","@id":"https:\/\/whisky4you.net\/de\/produkt\/bowmore-peat-smoke-single-malt-de\/#primaryimage","url":"https:\/\/whisky4you.net\/wp-content\/uploads\/2020\/12\/Bowmore-Vault-Edition-Peat-Smoke-Single-Malt.jpg","contentUrl":"https:\/\/whisky4you.net\/wp-content\/uploads\/2020\/12\/Bowmore-Vault-Edition-Peat-Smoke-Single-Malt.jpg","width":836,"height":836,"caption":"\"Bowmore Peat Smoke Single Malt\" mit Noten von Torfkohle und gl\u00fchendem Holz, perfekt kombiniert mit Aromen von s\u00fc\u00dfen Datteln, Feigen und Meersalz."},{"@type":"BreadcrumbList","@id":"https:\/\/whisky4you.net\/de\/produkt\/bowmore-peat-smoke-single-malt-de\/#breadcrumb","itemListElement":[{"@type":"ListItem","position":1,"name":"Home","item":"https:\/\/whisky4you.net\/"},{"@type":"ListItem","position":2,"name":"Online Shop","item":"https:\/\/whisky4you.net\/de\/online-shop\/"},{"@type":"ListItem","position":3,"name":"Bowmore Peat Smoke Single Malt"}]},{"@type":"WebSite","@id":"https:\/\/whisky4you.net\/de\/#website","url":"https:\/\/whisky4you.net\/de\/","name":"Whisky4you","description":"Dedicated to Whisky interest and Whisky lovers","publisher":{"@id":"https:\/\/whisky4you.net\/de\/#organization"},"potentialAction":[{"@type":"SearchAction","target":{"@type":"EntryPoint","urlTemplate":"https:\/\/whisky4you.net\/de\/?s={search_term_string}"},"query-input":{"@type":"PropertyValueSpecification","valueRequired":true,"valueName":"search_term_string"}}],"inLanguage":"de"},{"@type":"Organization","@id":"https:\/\/whisky4you.net\/de\/#organization","name":"Whisky4you","url":"https:\/\/whisky4you.net\/de\/","logo":{"@type":"ImageObject","inLanguage":"de","@id":"https:\/\/whisky4you.net\/de\/#\/schema\/logo\/image\/","url":"https:\/\/whisky4you.net\/wp-content\/uploads\/2020\/12\/cropped-cropped-cropped-cropped-logo-head.png","contentUrl":"https:\/\/whisky4you.net\/wp-content\/uploads\/2020\/12\/cropped-cropped-cropped-cropped-logo-head.png","width":250,"height":81,"caption":"Whisky4you"},"image":{"@id":"https:\/\/whisky4you.net\/de\/#\/schema\/logo\/image\/"},"sameAs":["https:\/\/www.facebook.com\/Whisky4you.net","https:\/\/www.linkedin.com\/company\/whisky4you\/?viewAsMember=true"]}]}},"jetpack_sharing_enabled":true,"_links":{"self":[{"href":"https:\/\/whisky4you.net\/de\/wp-json\/wp\/v2\/product\/16845","targetHints":{"allow":["GET"]}}],"collection":[{"href":"https:\/\/whisky4you.net\/de\/wp-json\/wp\/v2\/product"}],"about":[{"href":"https:\/\/whisky4you.net\/de\/wp-json\/wp\/v2\/types\/product"}],"replies":[{"embeddable":true,"href":"https:\/\/whisky4you.net\/de\/wp-json\/wp\/v2\/comments?post=16845"}],"version-history":[{"count":0,"href":"https:\/\/whisky4you.net\/de\/wp-json\/wp\/v2\/product\/16845\/revisions"}],"wp:featuredmedia":[{"embeddable":true,"href":"https:\/\/whisky4you.net\/de\/wp-json\/wp\/v2\/media\/18797"}],"wp:attachment":[{"href":"https:\/\/whisky4you.net\/de\/wp-json\/wp\/v2\/media?parent=16845"}],"wp:term":[{"taxonomy":"product_brand","embeddable":true,"href":"https:\/\/whisky4you.net\/de\/wp-json\/wp\/v2\/product_brand?post=16845"},{"taxonomy":"product_cat","embeddable":true,"href":"https:\/\/whisky4you.net\/de\/wp-json\/wp\/v2\/product_cat?post=16845"},{"taxonomy":"product_tag","embeddable":true,"href":"https:\/\/whisky4you.net\/de\/wp-json\/wp\/v2\/product_tag?post=16845"}],"curies":[{"name":"wp","href":"https:\/\/api.w.org\/{rel}","templated":true}]}}