{"id":16851,"date":"2019-11-03T16:52:05","date_gmt":"2019-11-03T15:52:05","guid":{"rendered":"https:\/\/whisky4you.net\/product\/bowmore-25-years-single-malt-de\/"},"modified":"2023-01-06T11:57:45","modified_gmt":"2023-01-06T10:57:45","slug":"bowmore-25-jahre-single-malt","status":"publish","type":"product","link":"https:\/\/whisky4you.net\/de\/produkt\/bowmore-25-jahre-single-malt\/","title":{"rendered":"Bowmore 25 Jahre Single Malt"},"content":{"rendered":"<h3><strong>Bowmore 25 Jahre Single Malt<\/strong><\/h3>\n<p>Der Bowmore 25 Jahre Single Malt ist ein einzigartiger Scotch, der ein Vierteljahrhundert in amerikanischen Ex-Bourbon und spanischen Sherryf\u00e4ssern reifte. Seit 2017 gibt es ein neues dekoratives Design in einer edlen kupferbraun \/ schwarzen Verpackung. Der Whisky selbst hat eine sch\u00f6ne Mahagoni Farbe und ist ein Geschmackserlebnis, das auch bei der Internationalen Wine &amp; Spirit Competition 2016 mit der Goldmedaille ausgezeichnet wurde. Durch die starke Nachfrage ist er inzwischen rar auf dem Markt und nicht immer erh\u00e4ltlich. Die St\u00fcckzahl pro Kunde k\u00f6nnte zudem begrenzt sein.<\/p>\n<p>(Achtung: es wird die alte Abf\u00fcllung &#8222;Bowmore 25 years small batch&#8220; oder die neue Abf\u00fcllung &#8222;Bowmore 25 years&#8220; geliefert, nach Verf\u00fcgbarkeit. Wenn Sie nur eine bestimmte m\u00f6chten, fragen Sie bitte vor Bestellung nach.)<\/p>\n<h3><strong>Handgemachter Geschmack vom Malz bis zum Lagerfass<\/strong><\/h3>\n<p>Die <span style=\"text-decoration: underline;\"><a href=\"https:\/\/www.bowmore.com\/\" target=\"_blank\" rel=\"noopener noreferrer\">Brennerei Bowmore<\/a><\/span> wurde 1779 gegr\u00fcndet und ist damit die \u00e4lteste Brennerei auf der Insel Islay. Sie befindet sich in der Bucht von Loch Indaal an der s\u00fcdlichen K\u00fcste in einer gleichnamigen malerischen Ortschaft und ist vom kleinen Hafen aus gut zu beobachten. Der Whisky ist &#8211; wie fast alle Islay Whiskies &#8211; rauchig, wobei Bowmore einen eher moderaten und sehr charakteristischen Rauchgehalt steht, der in der eigenen M\u00e4lzerei nur f\u00fcr die eigene Produktion kreiert wird. Beim Besucherrundgang in der Brennerei kommt man an einem Spruch des schottischen Autors Iain Banks vorbei, der lautet: &#8222;Man solle sich ernsthaft dar\u00fcber Gedanken machen, ob man sein Geld nicht mit Whisky vergeude, w\u00fcrde man keinen Bowmore finden, in den man sich verliebt.&#8220; Mit dem 25j\u00e4hrigen Single Malt w\u00e4re hier ein geeigneter Kandidat empfohlen.<\/p>\n<h3><strong>Wie schmeckt er?<\/strong><\/h3>\n<p>Der Bowmore 25 Jahre Single Malt zeigt schon in der Nase intensive fruchtige Sherry Noten, die von weichem Rauch umgeben sind. Am Gaumen vereinigt er feine Aromen von eingelegten Fr\u00fcchten mit zarten Toffee- und Haselnuss-Schokoladennoten, sowie feinem, gut ausbalanciertem Rauch, wie man es von einem Islay Whisky erwarten kann. Ein komplexer, ausgewogener Abgang macht diesen edlen Senior zu etwas ganz Besonderem. Schauen Sie sich auch unsere Verkostungsvideos an und st\u00f6bern Sie durch die Hintergrundartikel in unserem Blog &#8222;<a href=\"https:\/\/whisky4you.net\/de\/alles-ueber-whisky\/\" target=\"_blank\" rel=\"noopener noreferrer\"><span style=\"text-decoration: underline;\">Alles \u00fcber Whisky<\/span>&#8222;.<\/a><\/p>\n<p><span style=\"color: #f0ae13;\"><strong>Typ<\/strong><\/span><span style=\"color: #f0ae13;\"><strong>:\u00a0 <\/strong>\u00a0<\/span>Single Malt Whisky<\/p>\n<p><strong><span style=\"color: #f0ae13;\">Aroma:<\/span>\u00a0 \u00a0<\/strong>intensive Sherry Aromen, fruchtig, elegante Rauchnote<\/p>\n<p><span style=\"color: #f0ae13;\"><strong>Geschmack:<\/strong>\u00a0<\/span> feines cremiges Toffee, S\u00fc\u00dfe von Haselnuss-Schokolade und gut ausbalancierte Rauchnote<\/p>\n<p><span style=\"color: #f0ae13;\"><strong>Abgang:<\/strong>\u00a0 <\/span>Langer Abgang, vielf\u00e4ltig, Abschluss mit w\u00fcrzigen Eichen Noten und k\u00f6stlichem Torf Rauch<\/p>\n","protected":false},"excerpt":{"rendered":"<ul>\n<li>Au\u00dfergew\u00f6hnlicher Single Malt der schottischen Bowmore Distillery<\/li>\n<li>25-j\u00e4hrige Reifung in Sherry- und Bourbon-F\u00e4ssern<\/li>\n<li>Intensive Sherry Aromen eingebettet in cremigen Torfrauch in der Nase<\/li>\n<li>am Gaumen ausgewogene Noten von Haselnuss, Toffee und glimmendes Lagerfeuer<\/li>\n<li>komplex und vielf\u00e4ltig, dabei durch das hohe Alter ausgewogen und mild<\/li>\n<\/ul>\n<div>\n<div style=\"width: 49%; float: left; margin-right: 1%;\">[borlabs-cookie type=\"content-blocker\" id=\"youtube\" title=\"Youtube\"]<iframe src=\"https:\/\/www.youtube.com\/embed\/a02C_W_RORQ\" width=\"560\" height=\"206\" frameborder=\"0\" allowfullscreen=\"allowfullscreen\"><\/iframe>[\/borlabs-cookie]<\/div>\n<\/div>\n","protected":false},"featured_media":16852,"comment_status":"open","ping_status":"closed","template":"","meta":[],"product_brand":[],"product_cat":[944,942,940],"product_tag":[772,782,794,800,844,819,818,822,824,832],"class_list":{"0":"post-16851","1":"product","2":"type-product","3":"status-publish","4":"has-post-thumbnail","6":"product_cat-islands-de","7":"product_cat-islay-de","8":"product_cat-scotch-de","9":"product_tag-25-jahre","10":"product_tag-bowmore-de","11":"product_tag-ex-bourbon-fasser","12":"product_tag-islay-de","13":"product_tag-rauchig","14":"product_tag-schottland-de","15":"product_tag-scotch-de","16":"product_tag-sherry-fasser","17":"product_tag-single-malt-de","18":"product_tag-whisky-de","19":"pa_alcohol-content-43-de","20":"pa_bottled-at-abgefullt-durch-hersteller","21":"pa_country-schottland","22":"pa_distillery-bowmore-de","23":"pa_maturation-casks-bourbon-de","24":"pa_maturation-casks-sherry-de","25":"pa_minimum-age-10-jahre","26":"pa_minimum-age-12-jahre","27":"pa_minimum-age-16-jahre","28":"pa_minimum-age-18-jahre","29":"pa_minimum-age-25-jahre","30":"pa_product-net-content-70-cl-de","31":"pa_scotland-islands-de","32":"pa_scotland-islay-de","33":"pa_whisky-type-single-malt-de","34":"no-featured-image-padding","35":"sales-flash-overlay","36":"woocommerce-text-align-center","37":"woocommerce-image-align-center","38":"do-quantity-buttons","39":"wc-has-gallery","41":"first","42":"instock","43":"featured","44":"taxable","45":"shipping-taxable","46":"purchasable","47":"product-type-simple"},"yoast_head":"<!-- This site is optimized with the Yoast SEO plugin v27.0 - https:\/\/yoast.com\/product\/yoast-seo-wordpress\/ -->\n<title>Bowmore 25 Jahre Single Malt - Whisky4you Kaufen Sie jetzt!<\/title>\n<meta name=\"description\" content=\"Bowmore 25 Jahre Single Malt, gereift in Bourbon + Sherry-F\u00e4ssern, delikate Aromen von Trockenfr\u00fcchten mit Karamell, Haselnussschokolade und ausgewogenem Rauch.\" \/>\n<meta name=\"robots\" content=\"index, follow, max-snippet:-1, max-image-preview:large, max-video-preview:-1\" \/>\n<link rel=\"canonical\" href=\"https:\/\/whisky4you.net\/produkt\/bowmore-25-years-single-malt\/\" \/>\n<meta property=\"og:locale\" content=\"de_DE\" \/>\n<meta property=\"og:type\" content=\"article\" \/>\n<meta property=\"og:title\" content=\"Bowmore 25 Jahre Single Malt - Whisky4you Kaufen Sie jetzt!\" \/>\n<meta property=\"og:description\" content=\"Bowmore 25 Jahre Single Malt, gereift in Bourbon + Sherry-F\u00e4ssern, delikate Aromen von Trockenfr\u00fcchten mit Karamell, Haselnussschokolade und ausgewogenem Rauch.\" \/>\n<meta property=\"og:url\" content=\"https:\/\/whisky4you.net\/produkt\/bowmore-25-years-single-malt\/\" \/>\n<meta property=\"og:site_name\" content=\"Whisky4you\" \/>\n<meta property=\"article:publisher\" content=\"https:\/\/www.facebook.com\/Whisky4you.net\" \/>\n<meta property=\"article:modified_time\" content=\"2023-01-06T10:57:45+00:00\" \/>\n<meta property=\"og:image\" content=\"https:\/\/whisky4you.net\/wp-content\/uploads\/2019\/11\/Bowmore-25-J.jpg\" \/>\n\t<meta property=\"og:image:width\" content=\"844\" \/>\n\t<meta property=\"og:image:height\" content=\"842\" \/>\n\t<meta property=\"og:image:type\" content=\"image\/jpeg\" \/>\n<meta name=\"twitter:card\" content=\"summary_large_image\" \/>\n<meta name=\"twitter:label1\" content=\"Gesch\u00e4tzte Lesezeit\" \/>\n\t<meta name=\"twitter:data1\" content=\"2\u00a0Minuten\" \/>\n<script type=\"application\/ld+json\" class=\"yoast-schema-graph\">{\"@context\":\"https:\/\/schema.org\",\"@graph\":[{\"@type\":\"WebPage\",\"@id\":\"https:\/\/whisky4you.net\/produkt\/bowmore-25-years-single-malt\/\",\"url\":\"https:\/\/whisky4you.net\/produkt\/bowmore-25-years-single-malt\/\",\"name\":\"Bowmore 25 Jahre Single Malt - Whisky4you Kaufen Sie jetzt!\",\"isPartOf\":{\"@id\":\"https:\/\/whisky4you.net\/de\/#website\"},\"primaryImageOfPage\":{\"@id\":\"https:\/\/whisky4you.net\/produkt\/bowmore-25-years-single-malt\/#primaryimage\"},\"image\":{\"@id\":\"https:\/\/whisky4you.net\/produkt\/bowmore-25-years-single-malt\/#primaryimage\"},\"thumbnailUrl\":\"https:\/\/whisky4you.net\/wp-content\/uploads\/2019\/11\/Bowmore-25-J.jpg\",\"datePublished\":\"2019-11-03T15:52:05+00:00\",\"dateModified\":\"2023-01-06T10:57:45+00:00\",\"description\":\"Bowmore 25 Jahre Single Malt, gereift in Bourbon + Sherry-F\u00e4ssern, delikate Aromen von Trockenfr\u00fcchten mit Karamell, Haselnussschokolade und ausgewogenem Rauch.\",\"breadcrumb\":{\"@id\":\"https:\/\/whisky4you.net\/produkt\/bowmore-25-years-single-malt\/#breadcrumb\"},\"inLanguage\":\"de\",\"potentialAction\":[{\"@type\":\"ReadAction\",\"target\":[\"https:\/\/whisky4you.net\/produkt\/bowmore-25-years-single-malt\/\"]}]},{\"@type\":\"ImageObject\",\"inLanguage\":\"de\",\"@id\":\"https:\/\/whisky4you.net\/produkt\/bowmore-25-years-single-malt\/#primaryimage\",\"url\":\"https:\/\/whisky4you.net\/wp-content\/uploads\/2019\/11\/Bowmore-25-J.jpg\",\"contentUrl\":\"https:\/\/whisky4you.net\/wp-content\/uploads\/2019\/11\/Bowmore-25-J.jpg\",\"width\":844,\"height\":842,\"caption\":\"Bowmore 25 Jahre, wunderbare cremige, delikate Aromen von Trockenfr\u00fcchten, Karamell, Haselnussschokolade und Rauch.\"},{\"@type\":\"BreadcrumbList\",\"@id\":\"https:\/\/whisky4you.net\/produkt\/bowmore-25-years-single-malt\/#breadcrumb\",\"itemListElement\":[{\"@type\":\"ListItem\",\"position\":1,\"name\":\"Home\",\"item\":\"https:\/\/whisky4you.net\/\"},{\"@type\":\"ListItem\",\"position\":2,\"name\":\"Online Shop\",\"item\":\"https:\/\/whisky4you.net\/de\/online-shop\/\"},{\"@type\":\"ListItem\",\"position\":3,\"name\":\"Bowmore 25 Jahre Single Malt\"}]},{\"@type\":\"WebSite\",\"@id\":\"https:\/\/whisky4you.net\/de\/#website\",\"url\":\"https:\/\/whisky4you.net\/de\/\",\"name\":\"Whisky4you\",\"description\":\"Dedicated to Whisky interest and Whisky lovers\",\"publisher\":{\"@id\":\"https:\/\/whisky4you.net\/de\/#organization\"},\"potentialAction\":[{\"@type\":\"SearchAction\",\"target\":{\"@type\":\"EntryPoint\",\"urlTemplate\":\"https:\/\/whisky4you.net\/de\/?s={search_term_string}\"},\"query-input\":{\"@type\":\"PropertyValueSpecification\",\"valueRequired\":true,\"valueName\":\"search_term_string\"}}],\"inLanguage\":\"de\"},{\"@type\":\"Organization\",\"@id\":\"https:\/\/whisky4you.net\/de\/#organization\",\"name\":\"Whisky4you\",\"url\":\"https:\/\/whisky4you.net\/de\/\",\"logo\":{\"@type\":\"ImageObject\",\"inLanguage\":\"de\",\"@id\":\"https:\/\/whisky4you.net\/de\/#\/schema\/logo\/image\/\",\"url\":\"https:\/\/whisky4you.net\/wp-content\/uploads\/2020\/12\/cropped-cropped-cropped-cropped-logo-head.png\",\"contentUrl\":\"https:\/\/whisky4you.net\/wp-content\/uploads\/2020\/12\/cropped-cropped-cropped-cropped-logo-head.png\",\"width\":250,\"height\":81,\"caption\":\"Whisky4you\"},\"image\":{\"@id\":\"https:\/\/whisky4you.net\/de\/#\/schema\/logo\/image\/\"},\"sameAs\":[\"https:\/\/www.facebook.com\/Whisky4you.net\",\"https:\/\/www.linkedin.com\/company\/whisky4you\/?viewAsMember=true\"]}]}<\/script>\n<!-- \/ Yoast SEO plugin. -->","yoast_head_json":{"title":"Bowmore 25 Jahre Single Malt - Whisky4you Kaufen Sie jetzt!","description":"Bowmore 25 Jahre Single Malt, gereift in Bourbon + Sherry-F\u00e4ssern, delikate Aromen von Trockenfr\u00fcchten mit Karamell, Haselnussschokolade und ausgewogenem Rauch.","robots":{"index":"index","follow":"follow","max-snippet":"max-snippet:-1","max-image-preview":"max-image-preview:large","max-video-preview":"max-video-preview:-1"},"canonical":"https:\/\/whisky4you.net\/produkt\/bowmore-25-years-single-malt\/","og_locale":"de_DE","og_type":"article","og_title":"Bowmore 25 Jahre Single Malt - Whisky4you Kaufen Sie jetzt!","og_description":"Bowmore 25 Jahre Single Malt, gereift in Bourbon + Sherry-F\u00e4ssern, delikate Aromen von Trockenfr\u00fcchten mit Karamell, Haselnussschokolade und ausgewogenem Rauch.","og_url":"https:\/\/whisky4you.net\/produkt\/bowmore-25-years-single-malt\/","og_site_name":"Whisky4you","article_publisher":"https:\/\/www.facebook.com\/Whisky4you.net","article_modified_time":"2023-01-06T10:57:45+00:00","og_image":[{"width":844,"height":842,"url":"https:\/\/whisky4you.net\/wp-content\/uploads\/2019\/11\/Bowmore-25-J.jpg","type":"image\/jpeg"}],"twitter_card":"summary_large_image","twitter_misc":{"Gesch\u00e4tzte Lesezeit":"2\u00a0Minuten"},"schema":{"@context":"https:\/\/schema.org","@graph":[{"@type":"WebPage","@id":"https:\/\/whisky4you.net\/produkt\/bowmore-25-years-single-malt\/","url":"https:\/\/whisky4you.net\/produkt\/bowmore-25-years-single-malt\/","name":"Bowmore 25 Jahre Single Malt - Whisky4you Kaufen Sie jetzt!","isPartOf":{"@id":"https:\/\/whisky4you.net\/de\/#website"},"primaryImageOfPage":{"@id":"https:\/\/whisky4you.net\/produkt\/bowmore-25-years-single-malt\/#primaryimage"},"image":{"@id":"https:\/\/whisky4you.net\/produkt\/bowmore-25-years-single-malt\/#primaryimage"},"thumbnailUrl":"https:\/\/whisky4you.net\/wp-content\/uploads\/2019\/11\/Bowmore-25-J.jpg","datePublished":"2019-11-03T15:52:05+00:00","dateModified":"2023-01-06T10:57:45+00:00","description":"Bowmore 25 Jahre Single Malt, gereift in Bourbon + Sherry-F\u00e4ssern, delikate Aromen von Trockenfr\u00fcchten mit Karamell, Haselnussschokolade und ausgewogenem Rauch.","breadcrumb":{"@id":"https:\/\/whisky4you.net\/produkt\/bowmore-25-years-single-malt\/#breadcrumb"},"inLanguage":"de","potentialAction":[{"@type":"ReadAction","target":["https:\/\/whisky4you.net\/produkt\/bowmore-25-years-single-malt\/"]}]},{"@type":"ImageObject","inLanguage":"de","@id":"https:\/\/whisky4you.net\/produkt\/bowmore-25-years-single-malt\/#primaryimage","url":"https:\/\/whisky4you.net\/wp-content\/uploads\/2019\/11\/Bowmore-25-J.jpg","contentUrl":"https:\/\/whisky4you.net\/wp-content\/uploads\/2019\/11\/Bowmore-25-J.jpg","width":844,"height":842,"caption":"Bowmore 25 Jahre, wunderbare cremige, delikate Aromen von Trockenfr\u00fcchten, Karamell, Haselnussschokolade und Rauch."},{"@type":"BreadcrumbList","@id":"https:\/\/whisky4you.net\/produkt\/bowmore-25-years-single-malt\/#breadcrumb","itemListElement":[{"@type":"ListItem","position":1,"name":"Home","item":"https:\/\/whisky4you.net\/"},{"@type":"ListItem","position":2,"name":"Online Shop","item":"https:\/\/whisky4you.net\/de\/online-shop\/"},{"@type":"ListItem","position":3,"name":"Bowmore 25 Jahre Single Malt"}]},{"@type":"WebSite","@id":"https:\/\/whisky4you.net\/de\/#website","url":"https:\/\/whisky4you.net\/de\/","name":"Whisky4you","description":"Dedicated to Whisky interest and Whisky lovers","publisher":{"@id":"https:\/\/whisky4you.net\/de\/#organization"},"potentialAction":[{"@type":"SearchAction","target":{"@type":"EntryPoint","urlTemplate":"https:\/\/whisky4you.net\/de\/?s={search_term_string}"},"query-input":{"@type":"PropertyValueSpecification","valueRequired":true,"valueName":"search_term_string"}}],"inLanguage":"de"},{"@type":"Organization","@id":"https:\/\/whisky4you.net\/de\/#organization","name":"Whisky4you","url":"https:\/\/whisky4you.net\/de\/","logo":{"@type":"ImageObject","inLanguage":"de","@id":"https:\/\/whisky4you.net\/de\/#\/schema\/logo\/image\/","url":"https:\/\/whisky4you.net\/wp-content\/uploads\/2020\/12\/cropped-cropped-cropped-cropped-logo-head.png","contentUrl":"https:\/\/whisky4you.net\/wp-content\/uploads\/2020\/12\/cropped-cropped-cropped-cropped-logo-head.png","width":250,"height":81,"caption":"Whisky4you"},"image":{"@id":"https:\/\/whisky4you.net\/de\/#\/schema\/logo\/image\/"},"sameAs":["https:\/\/www.facebook.com\/Whisky4you.net","https:\/\/www.linkedin.com\/company\/whisky4you\/?viewAsMember=true"]}]}},"jetpack_sharing_enabled":true,"_links":{"self":[{"href":"https:\/\/whisky4you.net\/de\/wp-json\/wp\/v2\/product\/16851","targetHints":{"allow":["GET"]}}],"collection":[{"href":"https:\/\/whisky4you.net\/de\/wp-json\/wp\/v2\/product"}],"about":[{"href":"https:\/\/whisky4you.net\/de\/wp-json\/wp\/v2\/types\/product"}],"replies":[{"embeddable":true,"href":"https:\/\/whisky4you.net\/de\/wp-json\/wp\/v2\/comments?post=16851"}],"version-history":[{"count":1,"href":"https:\/\/whisky4you.net\/de\/wp-json\/wp\/v2\/product\/16851\/revisions"}],"predecessor-version":[{"id":24374,"href":"https:\/\/whisky4you.net\/de\/wp-json\/wp\/v2\/product\/16851\/revisions\/24374"}],"wp:featuredmedia":[{"embeddable":true,"href":"https:\/\/whisky4you.net\/de\/wp-json\/wp\/v2\/media\/16852"}],"wp:attachment":[{"href":"https:\/\/whisky4you.net\/de\/wp-json\/wp\/v2\/media?parent=16851"}],"wp:term":[{"taxonomy":"product_brand","embeddable":true,"href":"https:\/\/whisky4you.net\/de\/wp-json\/wp\/v2\/product_brand?post=16851"},{"taxonomy":"product_cat","embeddable":true,"href":"https:\/\/whisky4you.net\/de\/wp-json\/wp\/v2\/product_cat?post=16851"},{"taxonomy":"product_tag","embeddable":true,"href":"https:\/\/whisky4you.net\/de\/wp-json\/wp\/v2\/product_tag?post=16851"}],"curies":[{"name":"wp","href":"https:\/\/api.w.org\/{rel}","templated":true}]}}