{"id":16857,"date":"2019-10-05T14:10:48","date_gmt":"2019-10-05T13:10:48","guid":{"rendered":"https:\/\/whisky4you.net\/product\/springbank-15-jahre-single-malt\/"},"modified":"2025-01-01T20:02:31","modified_gmt":"2025-01-01T19:02:31","slug":"springbank-15-jahre-single-malt","status":"publish","type":"product","link":"https:\/\/whisky4you.net\/de\/produkt\/springbank-15-jahre-single-malt\/","title":{"rendered":"Springbank 15 Jahre Single Malt"},"content":{"rendered":"<h3><strong>Springbank 15 Jahre Single Malt<\/strong><\/h3>\n<p>Der Springbank 15 Jahre Single Malt ist ein intensiver Campbeltown Scotch, dessen sch\u00f6ne Bernstein Farbe allein aus der Fass Reifung kommt. Auf Kaltfilterung und F\u00e4rbung wird hier komplett verzichtet. Dieser besondere Whisky wird zwei einhalbmal destilliert und als eine Mischung aus doppelt und dreifach gebranntem Destillat in die Reifung gegeben. Er reift dann au\u00dfergew\u00f6hnlich lange in Sherry F\u00e4ssern, wodurch er eine beeindruckende Vielfalt an s\u00fc\u00dfen und fruchtigen Aromen zu bieten hat. Die begehrten Flaschen werden inzwischen immer rarer und schwanken stark im Preis.<\/p>\n<h3><strong>Wie schmeckt er?<\/strong><\/h3>\n<p>Der Springbank 15 Jahre beginnt mit einer \u00fcberraschend s\u00fc\u00dfen Nase, Aromen von Vanille, Mandeln und dunkler Schokolade, dahinter s\u00fc\u00dfen Fr\u00fcchten mit einem Hauch von Leder und Tabak. Auf der Zunge entwickeln sich dann kraftvollen Torf Noten, die in der Nase recht wenig zu sp\u00fcren waren. Dahinter liegen w\u00fcrzige Holz Aromen und ein komplexes Bouquet aus T\u00f6nen von Rosinen, Feigen und Marzipan. Mit 46% Alkohol ist er auch noch angenehm stark und langanhaltend im Abgang. Ideal passt er als Abschluss eines stilvollen Essens oder zu einer guten Zigarre.<\/p>\n<h3><strong>Woher kommt der Springbank 15 Jahre Single Malt? <\/strong><\/h3>\n<p>Die Destillerie Springbank wird in f\u00fcnfter Generation von der Familie Mitchell gef\u00fchrt, die die meisten alten Technologien und Erfahrungen im Bereich der Whisky Herstellung seither bewahrt hat. Es ist eine der wenigen Brennereien, die noch immer ihr eigenes Malz nach den traditionellen Methoden der Boden Malz Herstellung produziert. In dieser Brennerei werden drei verschiedene Marken hergestellt. Neben der Marke &#8222;Springbank&#8220; geh\u00f6ren auch &#8222;Hazelburn&#8220; und &#8222;Longrow&#8220; zu der gesch\u00e4tzten Scotch Auswahl. Das Unternehmen hat seinen Sitz in Campbeltown, wo der Clyde in den Atlantik m\u00fcndet, an der Westk\u00fcste Schottlands. Die einstige \u201eWhisky-Hauptstadt der Welt\u201c galt im 17. und 18. Jahrhundert als bekanntes Schmuggel Zentrum. Auch Springbank blickt auf eine lange und interessante Whisky-Geschichte zur\u00fcck. Die lebhafte Meeresbrise geh\u00f6rt ebenso zum Destillerie Charakter, wie eine reiche Vielfalt anderer Aromen, die aus ihren verschiedenen Fass Zusammensetzungen stammen.<br \/>\n(Bitte beachten: Die aktuellen Lieferungen werden von der Brennerei ohne Karton ausgeliefert. Daher gibt es hier auch von uns nur die Flasche. Der Inhalt ist der gleiche.)<\/p>\n<p>Schauen Sie sich auch unsere Verkostungsvideos an und genie\u00dfen Sie die Hintergrundartikel in unserem Blog <a href=\"https:\/\/whisky4you.net\/de\/alles-ueber-whisky\/\" target=\"_blank\" rel=\"noopener noreferrer\">&#8222;Alles \u00fcber Whisky&#8220;<\/a>.<\/p>\n<p><span style=\"color: #f0ae13;\"><strong>Typ:\u00a0 <\/strong>\u00a0<\/span>\u00a0 \u00a0 \u00a0 \u00a0 Single Malt Whisky<\/p>\n<p><strong><span style=\"color: #f0ae13;\">Aroma:\u00a0 \u00a0<\/span><\/strong><span style=\"color: #000000;\"> deutliche s\u00fc\u00dfe und fruchtige Sherry Noten, kombiniert mit Mandeln in braunem Zucker, etwas Leder und Tabak, eine leichte Meeresbrise im Hintergrund, \u00fcberraschend wenig torfig<\/span><\/p>\n<p><span style=\"color: #f0ae13;\"><strong>Geschmack:<\/strong>\u00a0<\/span> auf der Zunge entwickelt sich ein volles Raucharoma, gefolgt von cremigem Marzipan, getrockneten Feigen und Datteln, die von Noten dunkler Schokolade und Vanille Creme umgeben werden<\/p>\n<p><span style=\"color: #f0ae13;\"><strong>Abgang:<\/strong>\u00a0<\/span>\u00a0 \u00a0 \u00a0 Langer Abgang mit kr\u00e4ftigen Sherry Noten, so wie salzigen und w\u00fcrzigen Aromen<\/p>\n","protected":false},"excerpt":{"rendered":"<ul>\n<li>intensiver Campbeltown Scotch, zweieinhalb mal destilliert, lange Sherry Fass Reifung<\/li>\n<li>\u00fcberraschend s\u00fc\u00df in der Nase, Aromen von Sherry und Mandeln in braunem Zucker<\/li>\n<li>kraftvolle Torf Noten folgen auf der Zunge<\/li>\n<li>mit 46% angenehm starker, lang anhaltender Abgang<\/li>\n<li>ideal nach einem stilvollen Essen zusammen mit einer guten Zigarre<\/li>\n<\/ul>\n<p>Achtung: Die aktuelle Charge wird ohne Karton verkauft, nur die Flasche (gleicher Inhalt).<\/p>\n","protected":false},"featured_media":18763,"comment_status":"open","ping_status":"closed","template":"","meta":[],"product_brand":[],"product_cat":[987,941,940],"product_tag":[768,789,794,839,819,818,823,824,826,832],"class_list":{"0":"post-16857","1":"product","2":"type-product","3":"status-publish","4":"has-post-thumbnail","6":"product_cat-campbeltown-de","7":"product_cat-highlands-de","8":"product_cat-scotch-de","9":"product_tag-15-jahre","10":"product_tag-campbeltown-de","11":"product_tag-ex-bourbon-fasser","12":"product_tag-leicht-rauchig","13":"product_tag-schottland-de","14":"product_tag-scotch-de","15":"product_tag-sherry-fass","16":"product_tag-single-malt-de","17":"product_tag-springbank-de","18":"product_tag-whisky-de","19":"pa_alcohol-content-46-de","20":"pa_bottled-at-abgefullt-durch-hersteller","21":"pa_country-schottland","22":"pa_distillery-springbank-de","23":"pa_maturation-casks-bourbon-de","24":"pa_maturation-casks-sherry-de","25":"pa_minimum-age-15-jahre","26":"pa_product-net-content-70-cl-de","27":"pa_scotland-campbeltown-de","28":"pa_whisky-type-single-malt-de","29":"no-featured-image-padding","30":"sales-flash-overlay","31":"woocommerce-text-align-center","32":"woocommerce-image-align-center","33":"do-quantity-buttons","34":"wc-has-gallery","36":"first","37":"outofstock","38":"featured","39":"downloadable","40":"taxable","41":"shipping-taxable","42":"purchasable","43":"product-type-simple"},"yoast_head":"<!-- This site is optimized with the Yoast SEO plugin v27.0 - https:\/\/yoast.com\/product\/yoast-seo-wordpress\/ -->\n<title>Springbank 15 Jahre Single Malt - Whisky4you Kaufen Sie jetzt!<\/title>\n<meta name=\"description\" content=\"Springbank 15 Jahre Single Malt ist ein 2,5-mal destillierter Whisky, gut ausgereift, mit starken Noten von Sherry, Marzipan und trockenen Feigen und einem cremigen Torf Aroma\" \/>\n<meta name=\"robots\" content=\"index, follow, max-snippet:-1, max-image-preview:large, max-video-preview:-1\" \/>\n<link rel=\"canonical\" href=\"https:\/\/whisky4you.net\/de\/produkt\/springbank-15-jahre-single-malt\/\" \/>\n<meta property=\"og:locale\" content=\"de_DE\" \/>\n<meta property=\"og:type\" content=\"article\" \/>\n<meta property=\"og:title\" content=\"Springbank 15 Jahre Single Malt - Whisky4you Kaufen Sie jetzt!\" \/>\n<meta property=\"og:description\" content=\"Springbank 15 Jahre Single Malt ist ein 2,5-mal destillierter Whisky, gut ausgereift, mit starken Noten von Sherry, Marzipan und trockenen Feigen und einem cremigen Torf Aroma\" \/>\n<meta property=\"og:url\" content=\"https:\/\/whisky4you.net\/de\/produkt\/springbank-15-jahre-single-malt\/\" \/>\n<meta property=\"og:site_name\" content=\"Whisky4you\" \/>\n<meta property=\"article:publisher\" content=\"https:\/\/www.facebook.com\/Whisky4you.net\" \/>\n<meta property=\"article:modified_time\" content=\"2025-01-01T19:02:31+00:00\" \/>\n<meta property=\"og:image\" content=\"https:\/\/i0.wp.com\/whisky4you.net\/wp-content\/uploads\/2019\/10\/Springbank-15-years-single-malt-Shop.jpg?fit=860%2C860&ssl=1\" \/>\n\t<meta property=\"og:image:width\" content=\"860\" \/>\n\t<meta property=\"og:image:height\" content=\"860\" \/>\n\t<meta property=\"og:image:type\" content=\"image\/jpeg\" \/>\n<meta name=\"twitter:card\" content=\"summary_large_image\" \/>\n<meta name=\"twitter:label1\" content=\"Gesch\u00e4tzte Lesezeit\" \/>\n\t<meta name=\"twitter:data1\" content=\"2\u00a0Minuten\" \/>\n<script type=\"application\/ld+json\" class=\"yoast-schema-graph\">{\"@context\":\"https:\/\/schema.org\",\"@graph\":[{\"@type\":\"WebPage\",\"@id\":\"https:\/\/whisky4you.net\/de\/produkt\/springbank-15-jahre-single-malt\/\",\"url\":\"https:\/\/whisky4you.net\/de\/produkt\/springbank-15-jahre-single-malt\/\",\"name\":\"Springbank 15 Jahre Single Malt - Whisky4you Kaufen Sie jetzt!\",\"isPartOf\":{\"@id\":\"https:\/\/whisky4you.net\/de\/#website\"},\"primaryImageOfPage\":{\"@id\":\"https:\/\/whisky4you.net\/de\/produkt\/springbank-15-jahre-single-malt\/#primaryimage\"},\"image\":{\"@id\":\"https:\/\/whisky4you.net\/de\/produkt\/springbank-15-jahre-single-malt\/#primaryimage\"},\"thumbnailUrl\":\"https:\/\/whisky4you.net\/wp-content\/uploads\/2019\/10\/Springbank-15-years-single-malt-Shop.jpg\",\"datePublished\":\"2019-10-05T13:10:48+00:00\",\"dateModified\":\"2025-01-01T19:02:31+00:00\",\"description\":\"Springbank 15 Jahre Single Malt ist ein 2,5-mal destillierter Whisky, gut ausgereift, mit starken Noten von Sherry, Marzipan und trockenen Feigen und einem cremigen Torf Aroma\",\"breadcrumb\":{\"@id\":\"https:\/\/whisky4you.net\/de\/produkt\/springbank-15-jahre-single-malt\/#breadcrumb\"},\"inLanguage\":\"de\",\"potentialAction\":[{\"@type\":\"ReadAction\",\"target\":[\"https:\/\/whisky4you.net\/de\/produkt\/springbank-15-jahre-single-malt\/\"]}]},{\"@type\":\"ImageObject\",\"inLanguage\":\"de\",\"@id\":\"https:\/\/whisky4you.net\/de\/produkt\/springbank-15-jahre-single-malt\/#primaryimage\",\"url\":\"https:\/\/whisky4you.net\/wp-content\/uploads\/2019\/10\/Springbank-15-years-single-malt-Shop.jpg\",\"contentUrl\":\"https:\/\/whisky4you.net\/wp-content\/uploads\/2019\/10\/Springbank-15-years-single-malt-Shop.jpg\",\"width\":860,\"height\":860,\"caption\":\"Der Springbank 15 Jahre Single Malt ist ein intensiver Scotch mit einem \u00fcberraschend s\u00fc\u00dfen Aroma und kr\u00e4ftigen Torfnoten im Geschmack.\"},{\"@type\":\"BreadcrumbList\",\"@id\":\"https:\/\/whisky4you.net\/de\/produkt\/springbank-15-jahre-single-malt\/#breadcrumb\",\"itemListElement\":[{\"@type\":\"ListItem\",\"position\":1,\"name\":\"Home\",\"item\":\"https:\/\/whisky4you.net\/\"},{\"@type\":\"ListItem\",\"position\":2,\"name\":\"Online Shop\",\"item\":\"https:\/\/whisky4you.net\/de\/online-shop\/\"},{\"@type\":\"ListItem\",\"position\":3,\"name\":\"Springbank 15 Jahre Single Malt\"}]},{\"@type\":\"WebSite\",\"@id\":\"https:\/\/whisky4you.net\/de\/#website\",\"url\":\"https:\/\/whisky4you.net\/de\/\",\"name\":\"Whisky4you\",\"description\":\"Dedicated to Whisky interest and Whisky lovers\",\"publisher\":{\"@id\":\"https:\/\/whisky4you.net\/de\/#organization\"},\"potentialAction\":[{\"@type\":\"SearchAction\",\"target\":{\"@type\":\"EntryPoint\",\"urlTemplate\":\"https:\/\/whisky4you.net\/de\/?s={search_term_string}\"},\"query-input\":{\"@type\":\"PropertyValueSpecification\",\"valueRequired\":true,\"valueName\":\"search_term_string\"}}],\"inLanguage\":\"de\"},{\"@type\":\"Organization\",\"@id\":\"https:\/\/whisky4you.net\/de\/#organization\",\"name\":\"Whisky4you\",\"url\":\"https:\/\/whisky4you.net\/de\/\",\"logo\":{\"@type\":\"ImageObject\",\"inLanguage\":\"de\",\"@id\":\"https:\/\/whisky4you.net\/de\/#\/schema\/logo\/image\/\",\"url\":\"https:\/\/whisky4you.net\/wp-content\/uploads\/2020\/12\/cropped-cropped-cropped-cropped-logo-head.png\",\"contentUrl\":\"https:\/\/whisky4you.net\/wp-content\/uploads\/2020\/12\/cropped-cropped-cropped-cropped-logo-head.png\",\"width\":250,\"height\":81,\"caption\":\"Whisky4you\"},\"image\":{\"@id\":\"https:\/\/whisky4you.net\/de\/#\/schema\/logo\/image\/\"},\"sameAs\":[\"https:\/\/www.facebook.com\/Whisky4you.net\",\"https:\/\/www.linkedin.com\/company\/whisky4you\/?viewAsMember=true\"]}]}<\/script>\n<!-- \/ Yoast SEO plugin. -->","yoast_head_json":{"title":"Springbank 15 Jahre Single Malt - Whisky4you Kaufen Sie jetzt!","description":"Springbank 15 Jahre Single Malt ist ein 2,5-mal destillierter Whisky, gut ausgereift, mit starken Noten von Sherry, Marzipan und trockenen Feigen und einem cremigen Torf Aroma","robots":{"index":"index","follow":"follow","max-snippet":"max-snippet:-1","max-image-preview":"max-image-preview:large","max-video-preview":"max-video-preview:-1"},"canonical":"https:\/\/whisky4you.net\/de\/produkt\/springbank-15-jahre-single-malt\/","og_locale":"de_DE","og_type":"article","og_title":"Springbank 15 Jahre Single Malt - Whisky4you Kaufen Sie jetzt!","og_description":"Springbank 15 Jahre Single Malt ist ein 2,5-mal destillierter Whisky, gut ausgereift, mit starken Noten von Sherry, Marzipan und trockenen Feigen und einem cremigen Torf Aroma","og_url":"https:\/\/whisky4you.net\/de\/produkt\/springbank-15-jahre-single-malt\/","og_site_name":"Whisky4you","article_publisher":"https:\/\/www.facebook.com\/Whisky4you.net","article_modified_time":"2025-01-01T19:02:31+00:00","og_image":[{"width":860,"height":860,"url":"https:\/\/i0.wp.com\/whisky4you.net\/wp-content\/uploads\/2019\/10\/Springbank-15-years-single-malt-Shop.jpg?fit=860%2C860&ssl=1","type":"image\/jpeg"}],"twitter_card":"summary_large_image","twitter_misc":{"Gesch\u00e4tzte Lesezeit":"2\u00a0Minuten"},"schema":{"@context":"https:\/\/schema.org","@graph":[{"@type":"WebPage","@id":"https:\/\/whisky4you.net\/de\/produkt\/springbank-15-jahre-single-malt\/","url":"https:\/\/whisky4you.net\/de\/produkt\/springbank-15-jahre-single-malt\/","name":"Springbank 15 Jahre Single Malt - Whisky4you Kaufen Sie jetzt!","isPartOf":{"@id":"https:\/\/whisky4you.net\/de\/#website"},"primaryImageOfPage":{"@id":"https:\/\/whisky4you.net\/de\/produkt\/springbank-15-jahre-single-malt\/#primaryimage"},"image":{"@id":"https:\/\/whisky4you.net\/de\/produkt\/springbank-15-jahre-single-malt\/#primaryimage"},"thumbnailUrl":"https:\/\/whisky4you.net\/wp-content\/uploads\/2019\/10\/Springbank-15-years-single-malt-Shop.jpg","datePublished":"2019-10-05T13:10:48+00:00","dateModified":"2025-01-01T19:02:31+00:00","description":"Springbank 15 Jahre Single Malt ist ein 2,5-mal destillierter Whisky, gut ausgereift, mit starken Noten von Sherry, Marzipan und trockenen Feigen und einem cremigen Torf Aroma","breadcrumb":{"@id":"https:\/\/whisky4you.net\/de\/produkt\/springbank-15-jahre-single-malt\/#breadcrumb"},"inLanguage":"de","potentialAction":[{"@type":"ReadAction","target":["https:\/\/whisky4you.net\/de\/produkt\/springbank-15-jahre-single-malt\/"]}]},{"@type":"ImageObject","inLanguage":"de","@id":"https:\/\/whisky4you.net\/de\/produkt\/springbank-15-jahre-single-malt\/#primaryimage","url":"https:\/\/whisky4you.net\/wp-content\/uploads\/2019\/10\/Springbank-15-years-single-malt-Shop.jpg","contentUrl":"https:\/\/whisky4you.net\/wp-content\/uploads\/2019\/10\/Springbank-15-years-single-malt-Shop.jpg","width":860,"height":860,"caption":"Der Springbank 15 Jahre Single Malt ist ein intensiver Scotch mit einem \u00fcberraschend s\u00fc\u00dfen Aroma und kr\u00e4ftigen Torfnoten im Geschmack."},{"@type":"BreadcrumbList","@id":"https:\/\/whisky4you.net\/de\/produkt\/springbank-15-jahre-single-malt\/#breadcrumb","itemListElement":[{"@type":"ListItem","position":1,"name":"Home","item":"https:\/\/whisky4you.net\/"},{"@type":"ListItem","position":2,"name":"Online Shop","item":"https:\/\/whisky4you.net\/de\/online-shop\/"},{"@type":"ListItem","position":3,"name":"Springbank 15 Jahre Single Malt"}]},{"@type":"WebSite","@id":"https:\/\/whisky4you.net\/de\/#website","url":"https:\/\/whisky4you.net\/de\/","name":"Whisky4you","description":"Dedicated to Whisky interest and Whisky lovers","publisher":{"@id":"https:\/\/whisky4you.net\/de\/#organization"},"potentialAction":[{"@type":"SearchAction","target":{"@type":"EntryPoint","urlTemplate":"https:\/\/whisky4you.net\/de\/?s={search_term_string}"},"query-input":{"@type":"PropertyValueSpecification","valueRequired":true,"valueName":"search_term_string"}}],"inLanguage":"de"},{"@type":"Organization","@id":"https:\/\/whisky4you.net\/de\/#organization","name":"Whisky4you","url":"https:\/\/whisky4you.net\/de\/","logo":{"@type":"ImageObject","inLanguage":"de","@id":"https:\/\/whisky4you.net\/de\/#\/schema\/logo\/image\/","url":"https:\/\/whisky4you.net\/wp-content\/uploads\/2020\/12\/cropped-cropped-cropped-cropped-logo-head.png","contentUrl":"https:\/\/whisky4you.net\/wp-content\/uploads\/2020\/12\/cropped-cropped-cropped-cropped-logo-head.png","width":250,"height":81,"caption":"Whisky4you"},"image":{"@id":"https:\/\/whisky4you.net\/de\/#\/schema\/logo\/image\/"},"sameAs":["https:\/\/www.facebook.com\/Whisky4you.net","https:\/\/www.linkedin.com\/company\/whisky4you\/?viewAsMember=true"]}]}},"jetpack_sharing_enabled":true,"_links":{"self":[{"href":"https:\/\/whisky4you.net\/de\/wp-json\/wp\/v2\/product\/16857","targetHints":{"allow":["GET"]}}],"collection":[{"href":"https:\/\/whisky4you.net\/de\/wp-json\/wp\/v2\/product"}],"about":[{"href":"https:\/\/whisky4you.net\/de\/wp-json\/wp\/v2\/types\/product"}],"replies":[{"embeddable":true,"href":"https:\/\/whisky4you.net\/de\/wp-json\/wp\/v2\/comments?post=16857"}],"version-history":[{"count":0,"href":"https:\/\/whisky4you.net\/de\/wp-json\/wp\/v2\/product\/16857\/revisions"}],"wp:featuredmedia":[{"embeddable":true,"href":"https:\/\/whisky4you.net\/de\/wp-json\/wp\/v2\/media\/18763"}],"wp:attachment":[{"href":"https:\/\/whisky4you.net\/de\/wp-json\/wp\/v2\/media?parent=16857"}],"wp:term":[{"taxonomy":"product_brand","embeddable":true,"href":"https:\/\/whisky4you.net\/de\/wp-json\/wp\/v2\/product_brand?post=16857"},{"taxonomy":"product_cat","embeddable":true,"href":"https:\/\/whisky4you.net\/de\/wp-json\/wp\/v2\/product_cat?post=16857"},{"taxonomy":"product_tag","embeddable":true,"href":"https:\/\/whisky4you.net\/de\/wp-json\/wp\/v2\/product_tag?post=16857"}],"curies":[{"name":"wp","href":"https:\/\/api.w.org\/{rel}","templated":true}]}}