{"id":16882,"date":"2020-09-05T15:37:14","date_gmt":"2020-09-05T14:37:15","guid":{"rendered":"https:\/\/whisky4you.net\/?post_type=product&#038;p=16882"},"modified":"2021-09-28T22:15:29","modified_gmt":"2021-09-28T21:15:29","slug":"whisky-reise-set-adler","status":"publish","type":"product","link":"https:\/\/whisky4you.net\/de\/produkt\/whisky-reise-set-adler\/","title":{"rendered":"Whisky Reise Set Adler"},"content":{"rendered":"<h3><strong>Whisky Reise Set Adler<\/strong><\/h3>\n<p>Dieses wundersch\u00f6ne Whisky Reise Set Adler geh\u00f6rt einfach zur guten Reisevorbereitung eines Whisky Fans. Damit haben Sie Ihren Lieblings-Scotch immer dabei. Sie m\u00f6chten einen Abend in den Bergen oder am Meer verbringen? Oder Sie reisen einfach an einen Ort, an dem Sie nicht erwarten, hochwertigen Scotch zu bekommen? Auf Reisen kennen wir oft nicht die \u00f6rtlichen Einkaufsm\u00f6glichkeiten und erhalten dann f\u00fcr sehr viel h\u00f6here Preise viel weniger Qualit\u00e4t. Machen Sie dabei keine Kompromisse mehr und f\u00fcllen Sie bis zu 210 ml von Ihrem Lieblings-Scotch in Ihr Whisky Reise Set Adler. Mit dem mitgelieferten Edelstahl-Trichter gelingt das schnell und ohne Versch\u00fctten. Das Set beinhaltet au\u00dferdem zwei praktische, hygienische Edelstahlbecher, mit denen Sie auch noch eine weitere Person bewirten k\u00f6nnen. Die platzsparende Form 210 ml (12 x 9 cm) passt gut in Ihre Tasche und der Bezug in Lederoptik zeigt ein dekoratives Adlerlogo. Sichern Sie sich stilvollen Genuss auch auf Reisen! Das hochwertige Reise Set ist zudem ein sch\u00f6nes Geschenk f\u00fcr jeden Whisky Liebhaber und bereits perfekt verpackt zum Verschenken.<\/p>\n<ul>\n<li>Innenmaterial: Edelstahl (geeignet f\u00fcr alkoholische Getr\u00e4nke)<\/li>\n<li>Verlier-Sicherung f\u00fcr den Verschluss<\/li>\n<li>30 Tage Geld-zur\u00fcck Garantie<\/li>\n<li>Kostenlose Lieferung innerhalb Deutschlands mit Versandversicherung<\/li>\n<\/ul>\n<p>Ben\u00f6tigen Sie auch einen geeigneten guten Scotch, um ihn zu f\u00fcllen? &#8211; Den finden Sie <span style=\"text-decoration: underline;\"><strong><a href=\"https:\/\/whisky4you.net\/de\/shop\/\" target=\"_blank\" rel=\"noopener noreferrer\">hier<\/a><\/strong><\/span>.<\/p>\n","protected":false},"excerpt":{"rendered":"<p>Nehmen Sie Ihren Lieblings-Scotch mit auf die Reise und sorgen Sie mit diesem Set f\u00fcr stilvollen Genuss unterwegs, auch wenn keine gute Bar in der N\u00e4he ist.<\/p>\n<ul>\n<li>Innenmaterial: Edelstahl (geeignet f\u00fcr alkoholische Getr\u00e4nke)<\/li>\n<li>Verlier-Sicherung f\u00fcr den Verschluss<\/li>\n<li>30 Tage Geld-zur\u00fcck Garantie<\/li>\n<li>Kostenlose Lieferung innerhalb Deutschlands mit<\/li>\n<\/ul>\n<div>\n<div style=\"width: 49%; float: left; margin-right: 1%;\"><iframe src=\"https:\/\/www.youtube.com\/embed\/VIN3h7QaIbA\" width=\"560\" height=\"206\" frameborder=\"0\" allowfullscreen=\"allowfullscreen\"><\/iframe><\/div>\n<\/div>\n","protected":false},"featured_media":16885,"comment_status":"open","ping_status":"closed","template":"","meta":[],"product_brand":[],"product_cat":[991],"product_tag":[995,837,994,818,824,832],"class_list":{"0":"post-16882","1":"product","2":"type-product","3":"status-publish","4":"has-post-thumbnail","6":"product_cat-zubehoer-geschenke","7":"product_tag-flachmann","8":"product_tag-geschenk","9":"product_tag-reise-set","10":"product_tag-scotch-de","11":"product_tag-single-malt-de","12":"product_tag-whisky-de","13":"no-featured-image-padding","14":"sales-flash-overlay","15":"woocommerce-text-align-center","16":"woocommerce-image-align-center","17":"do-quantity-buttons","18":"wc-has-gallery","20":"first","21":"instock","22":"featured","23":"taxable","24":"shipping-taxable","25":"purchasable","26":"product-type-simple"},"yoast_head":"<!-- This site is optimized with the Yoast SEO plugin v27.0 - https:\/\/yoast.com\/product\/yoast-seo-wordpress\/ -->\n<title>Whisky Reise Set Adler - mit sch\u00f6ner Geschenkbox von Whisky4you<\/title>\n<meta name=\"description\" content=\"Whisky Travel Set Adler, 210 ml Flasche + Trichter + 2 Becher, f\u00fcr Ihren Lieblings-Scotch, Edelstahl, hygienisch, mit sch\u00f6ner Geschenkbox.\" \/>\n<meta name=\"robots\" content=\"index, follow, max-snippet:-1, max-image-preview:large, max-video-preview:-1\" \/>\n<link rel=\"canonical\" href=\"https:\/\/whisky4you.net\/de\/produkt\/whisky-reise-set-adler\/\" \/>\n<meta property=\"og:locale\" content=\"de_DE\" \/>\n<meta property=\"og:type\" content=\"article\" \/>\n<meta property=\"og:title\" content=\"Whisky Reise Set Adler - mit sch\u00f6ner Geschenkbox von Whisky4you\" \/>\n<meta property=\"og:description\" content=\"Whisky Travel Set Adler, 210 ml Flasche + Trichter + 2 Becher, f\u00fcr Ihren Lieblings-Scotch, Edelstahl, hygienisch, mit sch\u00f6ner Geschenkbox.\" \/>\n<meta property=\"og:url\" content=\"https:\/\/whisky4you.net\/de\/produkt\/whisky-reise-set-adler\/\" \/>\n<meta property=\"og:site_name\" content=\"Whisky4you\" \/>\n<meta property=\"article:publisher\" content=\"https:\/\/www.facebook.com\/Whisky4you.net\" \/>\n<meta property=\"article:modified_time\" content=\"2021-09-28T21:15:29+00:00\" \/>\n<meta property=\"og:image\" content=\"https:\/\/i0.wp.com\/whisky4you.net\/wp-content\/uploads\/2020\/09\/Reiseset_Leder_hell.jpg?fit=800%2C800&ssl=1\" \/>\n\t<meta property=\"og:image:width\" content=\"800\" \/>\n\t<meta property=\"og:image:height\" content=\"800\" \/>\n\t<meta property=\"og:image:type\" content=\"image\/jpeg\" \/>\n<meta name=\"twitter:card\" content=\"summary_large_image\" \/>\n<meta name=\"twitter:label1\" content=\"Gesch\u00e4tzte Lesezeit\" \/>\n\t<meta name=\"twitter:data1\" content=\"1\u00a0Minute\" \/>\n<script type=\"application\/ld+json\" class=\"yoast-schema-graph\">{\"@context\":\"https:\/\/schema.org\",\"@graph\":[{\"@type\":\"WebPage\",\"@id\":\"https:\/\/whisky4you.net\/de\/produkt\/whisky-reise-set-adler\/\",\"url\":\"https:\/\/whisky4you.net\/de\/produkt\/whisky-reise-set-adler\/\",\"name\":\"Whisky Reise Set Adler - mit sch\u00f6ner Geschenkbox von Whisky4you\",\"isPartOf\":{\"@id\":\"https:\/\/whisky4you.net\/de\/#website\"},\"primaryImageOfPage\":{\"@id\":\"https:\/\/whisky4you.net\/de\/produkt\/whisky-reise-set-adler\/#primaryimage\"},\"image\":{\"@id\":\"https:\/\/whisky4you.net\/de\/produkt\/whisky-reise-set-adler\/#primaryimage\"},\"thumbnailUrl\":\"https:\/\/whisky4you.net\/wp-content\/uploads\/2020\/09\/Reiseset_Leder_hell.jpg\",\"datePublished\":\"2020-09-05T14:37:15+00:00\",\"dateModified\":\"2021-09-28T21:15:29+00:00\",\"description\":\"Whisky Travel Set Adler, 210 ml Flasche + Trichter + 2 Becher, f\u00fcr Ihren Lieblings-Scotch, Edelstahl, hygienisch, mit sch\u00f6ner Geschenkbox.\",\"breadcrumb\":{\"@id\":\"https:\/\/whisky4you.net\/de\/produkt\/whisky-reise-set-adler\/#breadcrumb\"},\"inLanguage\":\"de\",\"potentialAction\":[{\"@type\":\"ReadAction\",\"target\":[\"https:\/\/whisky4you.net\/de\/produkt\/whisky-reise-set-adler\/\"]}]},{\"@type\":\"ImageObject\",\"inLanguage\":\"de\",\"@id\":\"https:\/\/whisky4you.net\/de\/produkt\/whisky-reise-set-adler\/#primaryimage\",\"url\":\"https:\/\/whisky4you.net\/wp-content\/uploads\/2020\/09\/Reiseset_Leder_hell.jpg\",\"contentUrl\":\"https:\/\/whisky4you.net\/wp-content\/uploads\/2020\/09\/Reiseset_Leder_hell.jpg\",\"width\":800,\"height\":800,\"caption\":\"Whisky Reise Set helle Lederoptik in Geschenkbox mit platzsparendem Flachmann, Trichter und 2 Edelstahlbechern\"},{\"@type\":\"BreadcrumbList\",\"@id\":\"https:\/\/whisky4you.net\/de\/produkt\/whisky-reise-set-adler\/#breadcrumb\",\"itemListElement\":[{\"@type\":\"ListItem\",\"position\":1,\"name\":\"Home\",\"item\":\"https:\/\/whisky4you.net\/\"},{\"@type\":\"ListItem\",\"position\":2,\"name\":\"Online Shop\",\"item\":\"https:\/\/whisky4you.net\/de\/online-shop\/\"},{\"@type\":\"ListItem\",\"position\":3,\"name\":\"Whisky Reise Set Adler\"}]},{\"@type\":\"WebSite\",\"@id\":\"https:\/\/whisky4you.net\/de\/#website\",\"url\":\"https:\/\/whisky4you.net\/de\/\",\"name\":\"Whisky4you\",\"description\":\"Dedicated to Whisky interest and Whisky lovers\",\"publisher\":{\"@id\":\"https:\/\/whisky4you.net\/de\/#organization\"},\"potentialAction\":[{\"@type\":\"SearchAction\",\"target\":{\"@type\":\"EntryPoint\",\"urlTemplate\":\"https:\/\/whisky4you.net\/de\/?s={search_term_string}\"},\"query-input\":{\"@type\":\"PropertyValueSpecification\",\"valueRequired\":true,\"valueName\":\"search_term_string\"}}],\"inLanguage\":\"de\"},{\"@type\":\"Organization\",\"@id\":\"https:\/\/whisky4you.net\/de\/#organization\",\"name\":\"Whisky4you\",\"url\":\"https:\/\/whisky4you.net\/de\/\",\"logo\":{\"@type\":\"ImageObject\",\"inLanguage\":\"de\",\"@id\":\"https:\/\/whisky4you.net\/de\/#\/schema\/logo\/image\/\",\"url\":\"https:\/\/whisky4you.net\/wp-content\/uploads\/2020\/12\/cropped-cropped-cropped-cropped-logo-head.png\",\"contentUrl\":\"https:\/\/whisky4you.net\/wp-content\/uploads\/2020\/12\/cropped-cropped-cropped-cropped-logo-head.png\",\"width\":250,\"height\":81,\"caption\":\"Whisky4you\"},\"image\":{\"@id\":\"https:\/\/whisky4you.net\/de\/#\/schema\/logo\/image\/\"},\"sameAs\":[\"https:\/\/www.facebook.com\/Whisky4you.net\",\"https:\/\/www.linkedin.com\/company\/whisky4you\/?viewAsMember=true\"]}]}<\/script>\n<!-- \/ Yoast SEO plugin. -->","yoast_head_json":{"title":"Whisky Reise Set Adler - mit sch\u00f6ner Geschenkbox von Whisky4you","description":"Whisky Travel Set Adler, 210 ml Flasche + Trichter + 2 Becher, f\u00fcr Ihren Lieblings-Scotch, Edelstahl, hygienisch, mit sch\u00f6ner Geschenkbox.","robots":{"index":"index","follow":"follow","max-snippet":"max-snippet:-1","max-image-preview":"max-image-preview:large","max-video-preview":"max-video-preview:-1"},"canonical":"https:\/\/whisky4you.net\/de\/produkt\/whisky-reise-set-adler\/","og_locale":"de_DE","og_type":"article","og_title":"Whisky Reise Set Adler - mit sch\u00f6ner Geschenkbox von Whisky4you","og_description":"Whisky Travel Set Adler, 210 ml Flasche + Trichter + 2 Becher, f\u00fcr Ihren Lieblings-Scotch, Edelstahl, hygienisch, mit sch\u00f6ner Geschenkbox.","og_url":"https:\/\/whisky4you.net\/de\/produkt\/whisky-reise-set-adler\/","og_site_name":"Whisky4you","article_publisher":"https:\/\/www.facebook.com\/Whisky4you.net","article_modified_time":"2021-09-28T21:15:29+00:00","og_image":[{"width":800,"height":800,"url":"https:\/\/i0.wp.com\/whisky4you.net\/wp-content\/uploads\/2020\/09\/Reiseset_Leder_hell.jpg?fit=800%2C800&ssl=1","type":"image\/jpeg"}],"twitter_card":"summary_large_image","twitter_misc":{"Gesch\u00e4tzte Lesezeit":"1\u00a0Minute"},"schema":{"@context":"https:\/\/schema.org","@graph":[{"@type":"WebPage","@id":"https:\/\/whisky4you.net\/de\/produkt\/whisky-reise-set-adler\/","url":"https:\/\/whisky4you.net\/de\/produkt\/whisky-reise-set-adler\/","name":"Whisky Reise Set Adler - mit sch\u00f6ner Geschenkbox von Whisky4you","isPartOf":{"@id":"https:\/\/whisky4you.net\/de\/#website"},"primaryImageOfPage":{"@id":"https:\/\/whisky4you.net\/de\/produkt\/whisky-reise-set-adler\/#primaryimage"},"image":{"@id":"https:\/\/whisky4you.net\/de\/produkt\/whisky-reise-set-adler\/#primaryimage"},"thumbnailUrl":"https:\/\/whisky4you.net\/wp-content\/uploads\/2020\/09\/Reiseset_Leder_hell.jpg","datePublished":"2020-09-05T14:37:15+00:00","dateModified":"2021-09-28T21:15:29+00:00","description":"Whisky Travel Set Adler, 210 ml Flasche + Trichter + 2 Becher, f\u00fcr Ihren Lieblings-Scotch, Edelstahl, hygienisch, mit sch\u00f6ner Geschenkbox.","breadcrumb":{"@id":"https:\/\/whisky4you.net\/de\/produkt\/whisky-reise-set-adler\/#breadcrumb"},"inLanguage":"de","potentialAction":[{"@type":"ReadAction","target":["https:\/\/whisky4you.net\/de\/produkt\/whisky-reise-set-adler\/"]}]},{"@type":"ImageObject","inLanguage":"de","@id":"https:\/\/whisky4you.net\/de\/produkt\/whisky-reise-set-adler\/#primaryimage","url":"https:\/\/whisky4you.net\/wp-content\/uploads\/2020\/09\/Reiseset_Leder_hell.jpg","contentUrl":"https:\/\/whisky4you.net\/wp-content\/uploads\/2020\/09\/Reiseset_Leder_hell.jpg","width":800,"height":800,"caption":"Whisky Reise Set helle Lederoptik in Geschenkbox mit platzsparendem Flachmann, Trichter und 2 Edelstahlbechern"},{"@type":"BreadcrumbList","@id":"https:\/\/whisky4you.net\/de\/produkt\/whisky-reise-set-adler\/#breadcrumb","itemListElement":[{"@type":"ListItem","position":1,"name":"Home","item":"https:\/\/whisky4you.net\/"},{"@type":"ListItem","position":2,"name":"Online Shop","item":"https:\/\/whisky4you.net\/de\/online-shop\/"},{"@type":"ListItem","position":3,"name":"Whisky Reise Set Adler"}]},{"@type":"WebSite","@id":"https:\/\/whisky4you.net\/de\/#website","url":"https:\/\/whisky4you.net\/de\/","name":"Whisky4you","description":"Dedicated to Whisky interest and Whisky lovers","publisher":{"@id":"https:\/\/whisky4you.net\/de\/#organization"},"potentialAction":[{"@type":"SearchAction","target":{"@type":"EntryPoint","urlTemplate":"https:\/\/whisky4you.net\/de\/?s={search_term_string}"},"query-input":{"@type":"PropertyValueSpecification","valueRequired":true,"valueName":"search_term_string"}}],"inLanguage":"de"},{"@type":"Organization","@id":"https:\/\/whisky4you.net\/de\/#organization","name":"Whisky4you","url":"https:\/\/whisky4you.net\/de\/","logo":{"@type":"ImageObject","inLanguage":"de","@id":"https:\/\/whisky4you.net\/de\/#\/schema\/logo\/image\/","url":"https:\/\/whisky4you.net\/wp-content\/uploads\/2020\/12\/cropped-cropped-cropped-cropped-logo-head.png","contentUrl":"https:\/\/whisky4you.net\/wp-content\/uploads\/2020\/12\/cropped-cropped-cropped-cropped-logo-head.png","width":250,"height":81,"caption":"Whisky4you"},"image":{"@id":"https:\/\/whisky4you.net\/de\/#\/schema\/logo\/image\/"},"sameAs":["https:\/\/www.facebook.com\/Whisky4you.net","https:\/\/www.linkedin.com\/company\/whisky4you\/?viewAsMember=true"]}]}},"jetpack_sharing_enabled":true,"_links":{"self":[{"href":"https:\/\/whisky4you.net\/de\/wp-json\/wp\/v2\/product\/16882","targetHints":{"allow":["GET"]}}],"collection":[{"href":"https:\/\/whisky4you.net\/de\/wp-json\/wp\/v2\/product"}],"about":[{"href":"https:\/\/whisky4you.net\/de\/wp-json\/wp\/v2\/types\/product"}],"replies":[{"embeddable":true,"href":"https:\/\/whisky4you.net\/de\/wp-json\/wp\/v2\/comments?post=16882"}],"version-history":[{"count":0,"href":"https:\/\/whisky4you.net\/de\/wp-json\/wp\/v2\/product\/16882\/revisions"}],"wp:featuredmedia":[{"embeddable":true,"href":"https:\/\/whisky4you.net\/de\/wp-json\/wp\/v2\/media\/16885"}],"wp:attachment":[{"href":"https:\/\/whisky4you.net\/de\/wp-json\/wp\/v2\/media?parent=16882"}],"wp:term":[{"taxonomy":"product_brand","embeddable":true,"href":"https:\/\/whisky4you.net\/de\/wp-json\/wp\/v2\/product_brand?post=16882"},{"taxonomy":"product_cat","embeddable":true,"href":"https:\/\/whisky4you.net\/de\/wp-json\/wp\/v2\/product_cat?post=16882"},{"taxonomy":"product_tag","embeddable":true,"href":"https:\/\/whisky4you.net\/de\/wp-json\/wp\/v2\/product_tag?post=16882"}],"curies":[{"name":"wp","href":"https:\/\/api.w.org\/{rel}","templated":true}]}}