{"id":16927,"date":"2020-09-05T22:56:39","date_gmt":"2020-09-05T21:56:40","guid":{"rendered":"https:\/\/whisky4you.net\/?post_type=product&#038;p=16927"},"modified":"2023-12-12T17:02:17","modified_gmt":"2023-12-12T16:02:17","slug":"one-shot-whisky-zigarren-set","status":"publish","type":"product","link":"https:\/\/whisky4you.net\/de\/produkt\/one-shot-whisky-zigarren-set\/","title":{"rendered":"One-Shot Whisky Zigarren Set"},"content":{"rendered":"<h3>One-Shot Whisky Zigarren Set<\/h3>\n<p>Stellen Sie sich die Gesichter Ihrer Freunde vor, wenn Sie am Lagerfeuer zusammen sitzen und Sie an alle dieses hochwertige Edelstahl One-Shot Whisky Zigarren Set verteilen! Der lebensmittelechte Beh\u00e4lter misst 4.5 * 18 cm und fasst 60 ml hochwertigen Scotch. Daneben passt eine gute Zigarre. Und ein kleiner Trichter zum tropfenfreien Einf\u00fcllen ist auch mit dabei.<\/p>\n<ul>\n<li>Material: Edelstahl 304<\/li>\n<li>30 Tage Geld-zur\u00fcck-Garantie<\/li>\n<li>Freie Lieferung innerhalb Deutschlands<\/li>\n<\/ul>\n<p>Stilvoller Genuss f\u00fcr unterwegs, sicher verpackt und transportiert! (Der Inhalt ist nicht im Preis enthalten.)<\/p>\n<p>Und wo kann man einen guten Tropfen besser genie\u00dfen als bei einem Blick auf die faszinierenden Landschaften seines Herkunftlandes Schottlands. Genie\u00dfen Sie eine Kostprobe unter diesem <a href=\"https:\/\/www.theperthshiremagazine.com\/current-issue\" target=\"_blank\" rel=\"noopener\"><strong><span style=\"text-decoration: underline;\">LINK<\/span><\/strong><\/a>.<\/p>\n<p>Ben\u00f6tigen Sie auch einen geeigneten guten Scotch, um ihn zu f\u00fcllen? &#8211; Den finden Sie <span style=\"text-decoration: underline;\"><strong><a href=\"https:\/\/whisky4you.net\/de\/shop\/\" target=\"_blank\" rel=\"noopener noreferrer\">hier<\/a><\/strong><\/span>.<\/p>\n","protected":false},"excerpt":{"rendered":"<div class=\"tlid-input input\">\n<div class=\"source-wrap\">\n<div class=\"input-full-height-wrapper tlid-input-full-height-wrapper\">\n<div class=\"source-input\">\n<div class=\"source-footer-wrap source-or-target-footer\">\n<div class=\"character-count tlid-character-count\">\n<div class=\"cc-ctr normal\">Feiern Sie den perfekten Moment mit diesem One-Shot Whisky Zigarren Set!<\/div>\n<\/div>\n<\/div>\n<\/div>\n<\/div>\n<\/div>\n<\/div>\n<div class=\"tlid-results-container results-container\">\n<div class=\"tlid-result result-dict-wrapper\">\n<div class=\"result tlid-copy-target\">\n<div class=\"text-wrap tlid-copy-target\">\n<ul>\n<li><span class=\"tlid-translation translation\" lang=\"de\"><span title=\"\">Material: Edelstahl 304<\/span><br \/>\n<\/span><\/li>\n<li>30 Tage Geld-zur\u00fcck-Garantie<\/li>\n<li>Freie Lieferung innerhalb Deutschlands<\/li>\n<\/ul>\n<p><span class=\"tlid-translation translation\" lang=\"de\"><span class=\"\" title=\"\">Stilvoller Genuss f\u00fcr unterwegs, passt in jede Tasche!<\/span><\/span><\/p>\n<\/div>\n<\/div>\n<\/div>\n<\/div>\n<div style=\"width: 49%; float: left; margin-right: 1%;\"><iframe src=\"https:\/\/www.youtube.com\/embed\/VMt9UrtDTv4\" width=\"560\" height=\"206\" frameborder=\"0\" allowfullscreen=\"allowfullscreen\"><\/iframe><\/div>\n","protected":false},"featured_media":16930,"comment_status":"open","ping_status":"closed","template":"","meta":[],"product_brand":[],"product_cat":[991],"product_tag":[995,837,994,818,824,832,999],"class_list":{"0":"post-16927","1":"product","2":"type-product","3":"status-publish","4":"has-post-thumbnail","6":"product_cat-zubehoer-geschenke","7":"product_tag-flachmann","8":"product_tag-geschenk","9":"product_tag-reise-set","10":"product_tag-scotch-de","11":"product_tag-single-malt-de","12":"product_tag-whisky-de","13":"product_tag-whisky-zigarren-set","14":"no-featured-image-padding","15":"sales-flash-overlay","16":"woocommerce-text-align-center","17":"woocommerce-image-align-center","18":"do-quantity-buttons","19":"wc-has-gallery","21":"first","22":"instock","23":"featured","24":"taxable","25":"shipping-taxable","26":"purchasable","27":"product-type-simple"},"yoast_head":"<!-- This site is optimized with the Yoast SEO plugin v27.0 - https:\/\/yoast.com\/product\/yoast-seo-wordpress\/ -->\n<title>One-Shot Whisky Zigarren Set - f\u00fcr den besonderen Moment - jetzt kaufen beiWhisky4you<\/title>\n<meta name=\"description\" content=\"One-Shot Whisky Zigarren Set: Edelstahl Flacon f\u00fcr 60 ml Getr\u00e4nk und Platz f\u00fcr 1 Zigarre, sicherer Transport, F\u00fclltrichter inklusive\" \/>\n<meta name=\"robots\" content=\"index, follow, max-snippet:-1, max-image-preview:large, max-video-preview:-1\" \/>\n<link rel=\"canonical\" href=\"https:\/\/whisky4you.net\/de\/produkt\/one-shot-whisky-zigarren-set\/\" \/>\n<meta property=\"og:locale\" content=\"de_DE\" \/>\n<meta property=\"og:type\" content=\"article\" \/>\n<meta property=\"og:title\" content=\"One-Shot Whisky Zigarren Set - f\u00fcr den besonderen Moment - jetzt kaufen beiWhisky4you\" \/>\n<meta property=\"og:description\" content=\"One-Shot Whisky Zigarren Set: Edelstahl Flacon f\u00fcr 60 ml Getr\u00e4nk und Platz f\u00fcr 1 Zigarre, sicherer Transport, F\u00fclltrichter inklusive\" \/>\n<meta property=\"og:url\" content=\"https:\/\/whisky4you.net\/de\/produkt\/one-shot-whisky-zigarren-set\/\" \/>\n<meta property=\"og:site_name\" content=\"Whisky4you\" \/>\n<meta property=\"article:publisher\" content=\"https:\/\/www.facebook.com\/Whisky4you.net\" \/>\n<meta property=\"article:modified_time\" content=\"2023-12-12T16:02:17+00:00\" \/>\n<meta property=\"og:image\" content=\"https:\/\/i0.wp.com\/whisky4you.net\/wp-content\/uploads\/2020\/09\/Zigarren-Whisky-Set1.jpg?fit=800%2C800&ssl=1\" \/>\n\t<meta property=\"og:image:width\" content=\"800\" \/>\n\t<meta property=\"og:image:height\" content=\"800\" \/>\n\t<meta property=\"og:image:type\" content=\"image\/jpeg\" \/>\n<meta name=\"twitter:card\" content=\"summary_large_image\" \/>\n<meta name=\"twitter:label1\" content=\"Gesch\u00e4tzte Lesezeit\" \/>\n\t<meta name=\"twitter:data1\" content=\"1\u00a0Minute\" \/>\n<script type=\"application\/ld+json\" class=\"yoast-schema-graph\">{\"@context\":\"https:\/\/schema.org\",\"@graph\":[{\"@type\":\"WebPage\",\"@id\":\"https:\/\/whisky4you.net\/de\/produkt\/one-shot-whisky-zigarren-set\/\",\"url\":\"https:\/\/whisky4you.net\/de\/produkt\/one-shot-whisky-zigarren-set\/\",\"name\":\"One-Shot Whisky Zigarren Set - f\u00fcr den besonderen Moment - jetzt kaufen beiWhisky4you\",\"isPartOf\":{\"@id\":\"https:\/\/whisky4you.net\/de\/#website\"},\"primaryImageOfPage\":{\"@id\":\"https:\/\/whisky4you.net\/de\/produkt\/one-shot-whisky-zigarren-set\/#primaryimage\"},\"image\":{\"@id\":\"https:\/\/whisky4you.net\/de\/produkt\/one-shot-whisky-zigarren-set\/#primaryimage\"},\"thumbnailUrl\":\"https:\/\/whisky4you.net\/wp-content\/uploads\/2020\/09\/Zigarren-Whisky-Set1.jpg\",\"datePublished\":\"2020-09-05T21:56:40+00:00\",\"dateModified\":\"2023-12-12T16:02:17+00:00\",\"description\":\"One-Shot Whisky Zigarren Set: Edelstahl Flacon f\u00fcr 60 ml Getr\u00e4nk und Platz f\u00fcr 1 Zigarre, sicherer Transport, F\u00fclltrichter inklusive\",\"breadcrumb\":{\"@id\":\"https:\/\/whisky4you.net\/de\/produkt\/one-shot-whisky-zigarren-set\/#breadcrumb\"},\"inLanguage\":\"de\",\"potentialAction\":[{\"@type\":\"ReadAction\",\"target\":[\"https:\/\/whisky4you.net\/de\/produkt\/one-shot-whisky-zigarren-set\/\"]}]},{\"@type\":\"ImageObject\",\"inLanguage\":\"de\",\"@id\":\"https:\/\/whisky4you.net\/de\/produkt\/one-shot-whisky-zigarren-set\/#primaryimage\",\"url\":\"https:\/\/whisky4you.net\/wp-content\/uploads\/2020\/09\/Zigarren-Whisky-Set1.jpg\",\"contentUrl\":\"https:\/\/whisky4you.net\/wp-content\/uploads\/2020\/09\/Zigarren-Whisky-Set1.jpg\",\"width\":800,\"height\":800,\"caption\":\"One-Shot Whisky Zigarren Set (ohne Inhalt)\"},{\"@type\":\"BreadcrumbList\",\"@id\":\"https:\/\/whisky4you.net\/de\/produkt\/one-shot-whisky-zigarren-set\/#breadcrumb\",\"itemListElement\":[{\"@type\":\"ListItem\",\"position\":1,\"name\":\"Home\",\"item\":\"https:\/\/whisky4you.net\/\"},{\"@type\":\"ListItem\",\"position\":2,\"name\":\"Online Shop\",\"item\":\"https:\/\/whisky4you.net\/de\/online-shop\/\"},{\"@type\":\"ListItem\",\"position\":3,\"name\":\"One-Shot Whisky Zigarren Set\"}]},{\"@type\":\"WebSite\",\"@id\":\"https:\/\/whisky4you.net\/de\/#website\",\"url\":\"https:\/\/whisky4you.net\/de\/\",\"name\":\"Whisky4you\",\"description\":\"Dedicated to Whisky interest and Whisky lovers\",\"publisher\":{\"@id\":\"https:\/\/whisky4you.net\/de\/#organization\"},\"potentialAction\":[{\"@type\":\"SearchAction\",\"target\":{\"@type\":\"EntryPoint\",\"urlTemplate\":\"https:\/\/whisky4you.net\/de\/?s={search_term_string}\"},\"query-input\":{\"@type\":\"PropertyValueSpecification\",\"valueRequired\":true,\"valueName\":\"search_term_string\"}}],\"inLanguage\":\"de\"},{\"@type\":\"Organization\",\"@id\":\"https:\/\/whisky4you.net\/de\/#organization\",\"name\":\"Whisky4you\",\"url\":\"https:\/\/whisky4you.net\/de\/\",\"logo\":{\"@type\":\"ImageObject\",\"inLanguage\":\"de\",\"@id\":\"https:\/\/whisky4you.net\/de\/#\/schema\/logo\/image\/\",\"url\":\"https:\/\/whisky4you.net\/wp-content\/uploads\/2020\/12\/cropped-cropped-cropped-cropped-logo-head.png\",\"contentUrl\":\"https:\/\/whisky4you.net\/wp-content\/uploads\/2020\/12\/cropped-cropped-cropped-cropped-logo-head.png\",\"width\":250,\"height\":81,\"caption\":\"Whisky4you\"},\"image\":{\"@id\":\"https:\/\/whisky4you.net\/de\/#\/schema\/logo\/image\/\"},\"sameAs\":[\"https:\/\/www.facebook.com\/Whisky4you.net\",\"https:\/\/www.linkedin.com\/company\/whisky4you\/?viewAsMember=true\"]}]}<\/script>\n<!-- \/ Yoast SEO plugin. -->","yoast_head_json":{"title":"One-Shot Whisky Zigarren Set - f\u00fcr den besonderen Moment - jetzt kaufen beiWhisky4you","description":"One-Shot Whisky Zigarren Set: Edelstahl Flacon f\u00fcr 60 ml Getr\u00e4nk und Platz f\u00fcr 1 Zigarre, sicherer Transport, F\u00fclltrichter inklusive","robots":{"index":"index","follow":"follow","max-snippet":"max-snippet:-1","max-image-preview":"max-image-preview:large","max-video-preview":"max-video-preview:-1"},"canonical":"https:\/\/whisky4you.net\/de\/produkt\/one-shot-whisky-zigarren-set\/","og_locale":"de_DE","og_type":"article","og_title":"One-Shot Whisky Zigarren Set - f\u00fcr den besonderen Moment - jetzt kaufen beiWhisky4you","og_description":"One-Shot Whisky Zigarren Set: Edelstahl Flacon f\u00fcr 60 ml Getr\u00e4nk und Platz f\u00fcr 1 Zigarre, sicherer Transport, F\u00fclltrichter inklusive","og_url":"https:\/\/whisky4you.net\/de\/produkt\/one-shot-whisky-zigarren-set\/","og_site_name":"Whisky4you","article_publisher":"https:\/\/www.facebook.com\/Whisky4you.net","article_modified_time":"2023-12-12T16:02:17+00:00","og_image":[{"width":800,"height":800,"url":"https:\/\/i0.wp.com\/whisky4you.net\/wp-content\/uploads\/2020\/09\/Zigarren-Whisky-Set1.jpg?fit=800%2C800&ssl=1","type":"image\/jpeg"}],"twitter_card":"summary_large_image","twitter_misc":{"Gesch\u00e4tzte Lesezeit":"1\u00a0Minute"},"schema":{"@context":"https:\/\/schema.org","@graph":[{"@type":"WebPage","@id":"https:\/\/whisky4you.net\/de\/produkt\/one-shot-whisky-zigarren-set\/","url":"https:\/\/whisky4you.net\/de\/produkt\/one-shot-whisky-zigarren-set\/","name":"One-Shot Whisky Zigarren Set - f\u00fcr den besonderen Moment - jetzt kaufen beiWhisky4you","isPartOf":{"@id":"https:\/\/whisky4you.net\/de\/#website"},"primaryImageOfPage":{"@id":"https:\/\/whisky4you.net\/de\/produkt\/one-shot-whisky-zigarren-set\/#primaryimage"},"image":{"@id":"https:\/\/whisky4you.net\/de\/produkt\/one-shot-whisky-zigarren-set\/#primaryimage"},"thumbnailUrl":"https:\/\/whisky4you.net\/wp-content\/uploads\/2020\/09\/Zigarren-Whisky-Set1.jpg","datePublished":"2020-09-05T21:56:40+00:00","dateModified":"2023-12-12T16:02:17+00:00","description":"One-Shot Whisky Zigarren Set: Edelstahl Flacon f\u00fcr 60 ml Getr\u00e4nk und Platz f\u00fcr 1 Zigarre, sicherer Transport, F\u00fclltrichter inklusive","breadcrumb":{"@id":"https:\/\/whisky4you.net\/de\/produkt\/one-shot-whisky-zigarren-set\/#breadcrumb"},"inLanguage":"de","potentialAction":[{"@type":"ReadAction","target":["https:\/\/whisky4you.net\/de\/produkt\/one-shot-whisky-zigarren-set\/"]}]},{"@type":"ImageObject","inLanguage":"de","@id":"https:\/\/whisky4you.net\/de\/produkt\/one-shot-whisky-zigarren-set\/#primaryimage","url":"https:\/\/whisky4you.net\/wp-content\/uploads\/2020\/09\/Zigarren-Whisky-Set1.jpg","contentUrl":"https:\/\/whisky4you.net\/wp-content\/uploads\/2020\/09\/Zigarren-Whisky-Set1.jpg","width":800,"height":800,"caption":"One-Shot Whisky Zigarren Set (ohne Inhalt)"},{"@type":"BreadcrumbList","@id":"https:\/\/whisky4you.net\/de\/produkt\/one-shot-whisky-zigarren-set\/#breadcrumb","itemListElement":[{"@type":"ListItem","position":1,"name":"Home","item":"https:\/\/whisky4you.net\/"},{"@type":"ListItem","position":2,"name":"Online Shop","item":"https:\/\/whisky4you.net\/de\/online-shop\/"},{"@type":"ListItem","position":3,"name":"One-Shot Whisky Zigarren Set"}]},{"@type":"WebSite","@id":"https:\/\/whisky4you.net\/de\/#website","url":"https:\/\/whisky4you.net\/de\/","name":"Whisky4you","description":"Dedicated to Whisky interest and Whisky lovers","publisher":{"@id":"https:\/\/whisky4you.net\/de\/#organization"},"potentialAction":[{"@type":"SearchAction","target":{"@type":"EntryPoint","urlTemplate":"https:\/\/whisky4you.net\/de\/?s={search_term_string}"},"query-input":{"@type":"PropertyValueSpecification","valueRequired":true,"valueName":"search_term_string"}}],"inLanguage":"de"},{"@type":"Organization","@id":"https:\/\/whisky4you.net\/de\/#organization","name":"Whisky4you","url":"https:\/\/whisky4you.net\/de\/","logo":{"@type":"ImageObject","inLanguage":"de","@id":"https:\/\/whisky4you.net\/de\/#\/schema\/logo\/image\/","url":"https:\/\/whisky4you.net\/wp-content\/uploads\/2020\/12\/cropped-cropped-cropped-cropped-logo-head.png","contentUrl":"https:\/\/whisky4you.net\/wp-content\/uploads\/2020\/12\/cropped-cropped-cropped-cropped-logo-head.png","width":250,"height":81,"caption":"Whisky4you"},"image":{"@id":"https:\/\/whisky4you.net\/de\/#\/schema\/logo\/image\/"},"sameAs":["https:\/\/www.facebook.com\/Whisky4you.net","https:\/\/www.linkedin.com\/company\/whisky4you\/?viewAsMember=true"]}]}},"jetpack_sharing_enabled":true,"_links":{"self":[{"href":"https:\/\/whisky4you.net\/de\/wp-json\/wp\/v2\/product\/16927","targetHints":{"allow":["GET"]}}],"collection":[{"href":"https:\/\/whisky4you.net\/de\/wp-json\/wp\/v2\/product"}],"about":[{"href":"https:\/\/whisky4you.net\/de\/wp-json\/wp\/v2\/types\/product"}],"replies":[{"embeddable":true,"href":"https:\/\/whisky4you.net\/de\/wp-json\/wp\/v2\/comments?post=16927"}],"version-history":[{"count":0,"href":"https:\/\/whisky4you.net\/de\/wp-json\/wp\/v2\/product\/16927\/revisions"}],"wp:featuredmedia":[{"embeddable":true,"href":"https:\/\/whisky4you.net\/de\/wp-json\/wp\/v2\/media\/16930"}],"wp:attachment":[{"href":"https:\/\/whisky4you.net\/de\/wp-json\/wp\/v2\/media?parent=16927"}],"wp:term":[{"taxonomy":"product_brand","embeddable":true,"href":"https:\/\/whisky4you.net\/de\/wp-json\/wp\/v2\/product_brand?post=16927"},{"taxonomy":"product_cat","embeddable":true,"href":"https:\/\/whisky4you.net\/de\/wp-json\/wp\/v2\/product_cat?post=16927"},{"taxonomy":"product_tag","embeddable":true,"href":"https:\/\/whisky4you.net\/de\/wp-json\/wp\/v2\/product_tag?post=16927"}],"curies":[{"name":"wp","href":"https:\/\/api.w.org\/{rel}","templated":true}]}}