{"id":16955,"date":"2020-09-06T13:59:33","date_gmt":"2020-09-06T12:59:33","guid":{"rendered":"https:\/\/whisky4you.net\/?post_type=product&#038;p=16955"},"modified":"2022-03-15T04:19:54","modified_gmt":"2022-03-15T03:19:54","slug":"dram-fur-2-nunchakus","status":"publish","type":"product","link":"https:\/\/whisky4you.net\/de\/produkt\/dram-fur-2-nunchakus\/","title":{"rendered":"Dram f\u00fcr 2 Nunchakus"},"content":{"rendered":"<h3><strong>Dram f\u00fcr 2 Nunchakus<\/strong><\/h3>\n<p><strong>Ein Dram f\u00fcr Sie und Ihren Partner<\/strong><br \/>\nDiese beiden Dram f\u00fcr 2 Nunchakus sind praktische fest verschlie\u00dfbare Edelstahlbeh\u00e4lter in der Gr\u00f6\u00dfe 17,5 * 2,2 cm, in die Sie jeweils 45 ml Spirituosen f\u00fcllen k\u00f6nnen &#8211; damit haben Sie also gute 2 Dram f\u00fcr den richtigen Moment vorbereitet. Die Nunchakus haben nicht nur die kreative Form einer \u00f6stlichen Kampfsport Waffe, sondern verbinden auch gleich 2 Beh\u00e4lter miteinander. Damit k\u00f6nnen Sie eine weitere Person gleich mit bewirten.<\/p>\n<p><strong>Ideal f\u00fcr Whisky-Tastings<\/strong><br \/>\nSie m\u00f6chten bei einem Whisky-Tasting nicht alle Gl\u00e4ser gleich Vorort trinken, da Sie noch mit dem Auto weiterfahren m\u00fcssen? &#8211; Mit 3-4 dieser Nunchaku &#8211; P\u00e4rchen k\u00f6nnen Sie in den meisten F\u00e4llen das ganze Tasting mit heim nehmen und dort in Ruhe und ohne Gewissensbisse genie\u00dfen.<\/p>\n<ul>\n<li>Material:\u00a0 Edelstahl 304<\/li>\n<li>30 Tage Geld-zur\u00fcck Garantie<\/li>\n<li>Kostenlose Lieferung innerhalb Deutschlands<\/li>\n<\/ul>\n<p>(Nicht als Waffe konstruiert.)<\/p>\n<p>Ben\u00f6tigen Sie auch einen geeigneten guten Scotch, um ihn zu f\u00fcllen? &#8211; Den finden Sie <span style=\"text-decoration: underline;\"><strong><a href=\"https:\/\/whisky4you.net\/de\/shop\/\" target=\"_blank\" rel=\"noopener noreferrer\">hier<\/a><\/strong><\/span>.<\/p>\n","protected":false},"excerpt":{"rendered":"<p>Transportieren Sie 2 x 45 ml Spirituosen in diesen kreativ als Nunchakus geformten Edelstahlbeh\u00e4ltern. Halten Sie in einem besonderen Moment einen guten Dram f\u00fcr sich und eine andere Person bereit. Cooles Zubeh\u00f6r und eine perfekte Ausr\u00fcstung auch f\u00fcr Whisky-Verkostungen!<\/p>\n<ul>\n<li>Material: Edelstahl 304<\/li>\n<li>30 Tage Geld-zur\u00fcck Garantie<\/li>\n<li>Kostenlose Lieferung innerhalb Deutschlands<\/li>\n<\/ul>\n<p>Stilvolles Vergn\u00fcgen f\u00fcr unterwegs, sicher verpackt und transportiert!<\/p>\n<div>\n<div style=\"width: 49%; float: left; margin-right: 1%;\"><iframe src=\"https:\/\/www.youtube.com\/embed\/t3i0-xO5H7w\" width=\"560\" height=\"206\" frameborder=\"0\" allowfullscreen=\"allowfullscreen\"><\/iframe><\/div>\n<\/div>\n","protected":false},"featured_media":16958,"comment_status":"open","ping_status":"closed","template":"","meta":[],"product_brand":[],"product_cat":[991],"product_tag":[995,837,994,818,824,832],"class_list":{"0":"post-16955","1":"product","2":"type-product","3":"status-publish","4":"has-post-thumbnail","6":"product_cat-zubehoer-geschenke","7":"product_tag-flachmann","8":"product_tag-geschenk","9":"product_tag-reise-set","10":"product_tag-scotch-de","11":"product_tag-single-malt-de","12":"product_tag-whisky-de","13":"no-featured-image-padding","14":"sales-flash-overlay","15":"woocommerce-text-align-center","16":"woocommerce-image-align-center","17":"do-quantity-buttons","18":"wc-has-gallery","20":"first","21":"outofstock","22":"featured","23":"taxable","24":"shipping-taxable","25":"purchasable","26":"product-type-simple"},"yoast_head":"<!-- This site is optimized with the Yoast SEO plugin v27.0 - https:\/\/yoast.com\/product\/yoast-seo-wordpress\/ -->\n<title>Dram f\u00fcr 2 Nunchakus - Accessoires f\u00fcr Reise und Tastings - vonWhisky4you<\/title>\n<meta name=\"description\" content=\"Dram f\u00fcr zwei Nunchakus sind zwei Edelstahlflakons f\u00fcr jeweils 45 ml Getr\u00e4nke. Serviere deinem Partner und dir im richtigen Moment einen guten Dram.\" \/>\n<meta name=\"robots\" content=\"index, follow, max-snippet:-1, max-image-preview:large, max-video-preview:-1\" \/>\n<link rel=\"canonical\" href=\"https:\/\/whisky4you.net\/de\/produkt\/dram-fur-2-nunchakus\/\" \/>\n<meta property=\"og:locale\" content=\"de_DE\" \/>\n<meta property=\"og:type\" content=\"article\" \/>\n<meta property=\"og:title\" content=\"Dram f\u00fcr 2 Nunchakus - Accessoires f\u00fcr Reise und Tastings - vonWhisky4you\" \/>\n<meta property=\"og:description\" content=\"Dram f\u00fcr zwei Nunchakus sind zwei Edelstahlflakons f\u00fcr jeweils 45 ml Getr\u00e4nke. Serviere deinem Partner und dir im richtigen Moment einen guten Dram.\" \/>\n<meta property=\"og:url\" content=\"https:\/\/whisky4you.net\/de\/produkt\/dram-fur-2-nunchakus\/\" \/>\n<meta property=\"og:site_name\" content=\"Whisky4you\" \/>\n<meta property=\"article:publisher\" content=\"https:\/\/www.facebook.com\/Whisky4you.net\" \/>\n<meta property=\"article:modified_time\" content=\"2022-03-15T03:19:54+00:00\" \/>\n<meta property=\"og:image\" content=\"https:\/\/i0.wp.com\/whisky4you.net\/wp-content\/uploads\/2020\/09\/Nunchakus-Dram-fur-2-Hand-halten.jpg?fit=666%2C666&ssl=1\" \/>\n\t<meta property=\"og:image:width\" content=\"666\" \/>\n\t<meta property=\"og:image:height\" content=\"666\" \/>\n\t<meta property=\"og:image:type\" content=\"image\/jpeg\" \/>\n<meta name=\"twitter:card\" content=\"summary_large_image\" \/>\n<meta name=\"twitter:label1\" content=\"Gesch\u00e4tzte Lesezeit\" \/>\n\t<meta name=\"twitter:data1\" content=\"1\u00a0Minute\" \/>\n<script type=\"application\/ld+json\" class=\"yoast-schema-graph\">{\"@context\":\"https:\/\/schema.org\",\"@graph\":[{\"@type\":\"WebPage\",\"@id\":\"https:\/\/whisky4you.net\/de\/produkt\/dram-fur-2-nunchakus\/\",\"url\":\"https:\/\/whisky4you.net\/de\/produkt\/dram-fur-2-nunchakus\/\",\"name\":\"Dram f\u00fcr 2 Nunchakus - Accessoires f\u00fcr Reise und Tastings - vonWhisky4you\",\"isPartOf\":{\"@id\":\"https:\/\/whisky4you.net\/de\/#website\"},\"primaryImageOfPage\":{\"@id\":\"https:\/\/whisky4you.net\/de\/produkt\/dram-fur-2-nunchakus\/#primaryimage\"},\"image\":{\"@id\":\"https:\/\/whisky4you.net\/de\/produkt\/dram-fur-2-nunchakus\/#primaryimage\"},\"thumbnailUrl\":\"https:\/\/whisky4you.net\/wp-content\/uploads\/2020\/09\/Nunchakus-Dram-fur-2-Hand-halten.jpg\",\"datePublished\":\"2020-09-06T12:59:33+00:00\",\"dateModified\":\"2022-03-15T03:19:54+00:00\",\"description\":\"Dram f\u00fcr zwei Nunchakus sind zwei Edelstahlflakons f\u00fcr jeweils 45 ml Getr\u00e4nke. Serviere deinem Partner und dir im richtigen Moment einen guten Dram.\",\"breadcrumb\":{\"@id\":\"https:\/\/whisky4you.net\/de\/produkt\/dram-fur-2-nunchakus\/#breadcrumb\"},\"inLanguage\":\"de\",\"potentialAction\":[{\"@type\":\"ReadAction\",\"target\":[\"https:\/\/whisky4you.net\/de\/produkt\/dram-fur-2-nunchakus\/\"]}]},{\"@type\":\"ImageObject\",\"inLanguage\":\"de\",\"@id\":\"https:\/\/whisky4you.net\/de\/produkt\/dram-fur-2-nunchakus\/#primaryimage\",\"url\":\"https:\/\/whisky4you.net\/wp-content\/uploads\/2020\/09\/Nunchakus-Dram-fur-2-Hand-halten.jpg\",\"contentUrl\":\"https:\/\/whisky4you.net\/wp-content\/uploads\/2020\/09\/Nunchakus-Dram-fur-2-Hand-halten.jpg\",\"width\":666,\"height\":666,\"caption\":\"Dram f\u00fcr 2 Nunchakus in der Hand, 2 Edelstahlbeh\u00e4lter 45 ml f\u00fcr Spirituosen\"},{\"@type\":\"BreadcrumbList\",\"@id\":\"https:\/\/whisky4you.net\/de\/produkt\/dram-fur-2-nunchakus\/#breadcrumb\",\"itemListElement\":[{\"@type\":\"ListItem\",\"position\":1,\"name\":\"Home\",\"item\":\"https:\/\/whisky4you.net\/\"},{\"@type\":\"ListItem\",\"position\":2,\"name\":\"Online Shop\",\"item\":\"https:\/\/whisky4you.net\/de\/online-shop\/\"},{\"@type\":\"ListItem\",\"position\":3,\"name\":\"Dram f\u00fcr 2 Nunchakus\"}]},{\"@type\":\"WebSite\",\"@id\":\"https:\/\/whisky4you.net\/de\/#website\",\"url\":\"https:\/\/whisky4you.net\/de\/\",\"name\":\"Whisky4you\",\"description\":\"Dedicated to Whisky interest and Whisky lovers\",\"publisher\":{\"@id\":\"https:\/\/whisky4you.net\/de\/#organization\"},\"potentialAction\":[{\"@type\":\"SearchAction\",\"target\":{\"@type\":\"EntryPoint\",\"urlTemplate\":\"https:\/\/whisky4you.net\/de\/?s={search_term_string}\"},\"query-input\":{\"@type\":\"PropertyValueSpecification\",\"valueRequired\":true,\"valueName\":\"search_term_string\"}}],\"inLanguage\":\"de\"},{\"@type\":\"Organization\",\"@id\":\"https:\/\/whisky4you.net\/de\/#organization\",\"name\":\"Whisky4you\",\"url\":\"https:\/\/whisky4you.net\/de\/\",\"logo\":{\"@type\":\"ImageObject\",\"inLanguage\":\"de\",\"@id\":\"https:\/\/whisky4you.net\/de\/#\/schema\/logo\/image\/\",\"url\":\"https:\/\/whisky4you.net\/wp-content\/uploads\/2020\/12\/cropped-cropped-cropped-cropped-logo-head.png\",\"contentUrl\":\"https:\/\/whisky4you.net\/wp-content\/uploads\/2020\/12\/cropped-cropped-cropped-cropped-logo-head.png\",\"width\":250,\"height\":81,\"caption\":\"Whisky4you\"},\"image\":{\"@id\":\"https:\/\/whisky4you.net\/de\/#\/schema\/logo\/image\/\"},\"sameAs\":[\"https:\/\/www.facebook.com\/Whisky4you.net\",\"https:\/\/www.linkedin.com\/company\/whisky4you\/?viewAsMember=true\"]}]}<\/script>\n<!-- \/ Yoast SEO plugin. -->","yoast_head_json":{"title":"Dram f\u00fcr 2 Nunchakus - Accessoires f\u00fcr Reise und Tastings - vonWhisky4you","description":"Dram f\u00fcr zwei Nunchakus sind zwei Edelstahlflakons f\u00fcr jeweils 45 ml Getr\u00e4nke. Serviere deinem Partner und dir im richtigen Moment einen guten Dram.","robots":{"index":"index","follow":"follow","max-snippet":"max-snippet:-1","max-image-preview":"max-image-preview:large","max-video-preview":"max-video-preview:-1"},"canonical":"https:\/\/whisky4you.net\/de\/produkt\/dram-fur-2-nunchakus\/","og_locale":"de_DE","og_type":"article","og_title":"Dram f\u00fcr 2 Nunchakus - Accessoires f\u00fcr Reise und Tastings - vonWhisky4you","og_description":"Dram f\u00fcr zwei Nunchakus sind zwei Edelstahlflakons f\u00fcr jeweils 45 ml Getr\u00e4nke. Serviere deinem Partner und dir im richtigen Moment einen guten Dram.","og_url":"https:\/\/whisky4you.net\/de\/produkt\/dram-fur-2-nunchakus\/","og_site_name":"Whisky4you","article_publisher":"https:\/\/www.facebook.com\/Whisky4you.net","article_modified_time":"2022-03-15T03:19:54+00:00","og_image":[{"width":666,"height":666,"url":"https:\/\/i0.wp.com\/whisky4you.net\/wp-content\/uploads\/2020\/09\/Nunchakus-Dram-fur-2-Hand-halten.jpg?fit=666%2C666&ssl=1","type":"image\/jpeg"}],"twitter_card":"summary_large_image","twitter_misc":{"Gesch\u00e4tzte Lesezeit":"1\u00a0Minute"},"schema":{"@context":"https:\/\/schema.org","@graph":[{"@type":"WebPage","@id":"https:\/\/whisky4you.net\/de\/produkt\/dram-fur-2-nunchakus\/","url":"https:\/\/whisky4you.net\/de\/produkt\/dram-fur-2-nunchakus\/","name":"Dram f\u00fcr 2 Nunchakus - Accessoires f\u00fcr Reise und Tastings - vonWhisky4you","isPartOf":{"@id":"https:\/\/whisky4you.net\/de\/#website"},"primaryImageOfPage":{"@id":"https:\/\/whisky4you.net\/de\/produkt\/dram-fur-2-nunchakus\/#primaryimage"},"image":{"@id":"https:\/\/whisky4you.net\/de\/produkt\/dram-fur-2-nunchakus\/#primaryimage"},"thumbnailUrl":"https:\/\/whisky4you.net\/wp-content\/uploads\/2020\/09\/Nunchakus-Dram-fur-2-Hand-halten.jpg","datePublished":"2020-09-06T12:59:33+00:00","dateModified":"2022-03-15T03:19:54+00:00","description":"Dram f\u00fcr zwei Nunchakus sind zwei Edelstahlflakons f\u00fcr jeweils 45 ml Getr\u00e4nke. Serviere deinem Partner und dir im richtigen Moment einen guten Dram.","breadcrumb":{"@id":"https:\/\/whisky4you.net\/de\/produkt\/dram-fur-2-nunchakus\/#breadcrumb"},"inLanguage":"de","potentialAction":[{"@type":"ReadAction","target":["https:\/\/whisky4you.net\/de\/produkt\/dram-fur-2-nunchakus\/"]}]},{"@type":"ImageObject","inLanguage":"de","@id":"https:\/\/whisky4you.net\/de\/produkt\/dram-fur-2-nunchakus\/#primaryimage","url":"https:\/\/whisky4you.net\/wp-content\/uploads\/2020\/09\/Nunchakus-Dram-fur-2-Hand-halten.jpg","contentUrl":"https:\/\/whisky4you.net\/wp-content\/uploads\/2020\/09\/Nunchakus-Dram-fur-2-Hand-halten.jpg","width":666,"height":666,"caption":"Dram f\u00fcr 2 Nunchakus in der Hand, 2 Edelstahlbeh\u00e4lter 45 ml f\u00fcr Spirituosen"},{"@type":"BreadcrumbList","@id":"https:\/\/whisky4you.net\/de\/produkt\/dram-fur-2-nunchakus\/#breadcrumb","itemListElement":[{"@type":"ListItem","position":1,"name":"Home","item":"https:\/\/whisky4you.net\/"},{"@type":"ListItem","position":2,"name":"Online Shop","item":"https:\/\/whisky4you.net\/de\/online-shop\/"},{"@type":"ListItem","position":3,"name":"Dram f\u00fcr 2 Nunchakus"}]},{"@type":"WebSite","@id":"https:\/\/whisky4you.net\/de\/#website","url":"https:\/\/whisky4you.net\/de\/","name":"Whisky4you","description":"Dedicated to Whisky interest and Whisky lovers","publisher":{"@id":"https:\/\/whisky4you.net\/de\/#organization"},"potentialAction":[{"@type":"SearchAction","target":{"@type":"EntryPoint","urlTemplate":"https:\/\/whisky4you.net\/de\/?s={search_term_string}"},"query-input":{"@type":"PropertyValueSpecification","valueRequired":true,"valueName":"search_term_string"}}],"inLanguage":"de"},{"@type":"Organization","@id":"https:\/\/whisky4you.net\/de\/#organization","name":"Whisky4you","url":"https:\/\/whisky4you.net\/de\/","logo":{"@type":"ImageObject","inLanguage":"de","@id":"https:\/\/whisky4you.net\/de\/#\/schema\/logo\/image\/","url":"https:\/\/whisky4you.net\/wp-content\/uploads\/2020\/12\/cropped-cropped-cropped-cropped-logo-head.png","contentUrl":"https:\/\/whisky4you.net\/wp-content\/uploads\/2020\/12\/cropped-cropped-cropped-cropped-logo-head.png","width":250,"height":81,"caption":"Whisky4you"},"image":{"@id":"https:\/\/whisky4you.net\/de\/#\/schema\/logo\/image\/"},"sameAs":["https:\/\/www.facebook.com\/Whisky4you.net","https:\/\/www.linkedin.com\/company\/whisky4you\/?viewAsMember=true"]}]}},"jetpack_sharing_enabled":true,"_links":{"self":[{"href":"https:\/\/whisky4you.net\/de\/wp-json\/wp\/v2\/product\/16955","targetHints":{"allow":["GET"]}}],"collection":[{"href":"https:\/\/whisky4you.net\/de\/wp-json\/wp\/v2\/product"}],"about":[{"href":"https:\/\/whisky4you.net\/de\/wp-json\/wp\/v2\/types\/product"}],"replies":[{"embeddable":true,"href":"https:\/\/whisky4you.net\/de\/wp-json\/wp\/v2\/comments?post=16955"}],"version-history":[{"count":0,"href":"https:\/\/whisky4you.net\/de\/wp-json\/wp\/v2\/product\/16955\/revisions"}],"wp:featuredmedia":[{"embeddable":true,"href":"https:\/\/whisky4you.net\/de\/wp-json\/wp\/v2\/media\/16958"}],"wp:attachment":[{"href":"https:\/\/whisky4you.net\/de\/wp-json\/wp\/v2\/media?parent=16955"}],"wp:term":[{"taxonomy":"product_brand","embeddable":true,"href":"https:\/\/whisky4you.net\/de\/wp-json\/wp\/v2\/product_brand?post=16955"},{"taxonomy":"product_cat","embeddable":true,"href":"https:\/\/whisky4you.net\/de\/wp-json\/wp\/v2\/product_cat?post=16955"},{"taxonomy":"product_tag","embeddable":true,"href":"https:\/\/whisky4you.net\/de\/wp-json\/wp\/v2\/product_tag?post=16955"}],"curies":[{"name":"wp","href":"https:\/\/api.w.org\/{rel}","templated":true}]}}