{"id":16986,"date":"2020-09-06T22:31:34","date_gmt":"2020-09-06T21:31:35","guid":{"rendered":"https:\/\/whisky4you.net\/?post_type=product&#038;p=16986"},"modified":"2025-01-21T00:53:54","modified_gmt":"2025-01-20T23:53:54","slug":"edle-karaffe-columbus","status":"publish","type":"product","link":"https:\/\/whisky4you.net\/de\/produkt\/edle-karaffe-columbus\/","title":{"rendered":"Edle Karaffe Columbus"},"content":{"rendered":"<h3><strong>Edle Karaffe Columbus<\/strong><\/h3>\n<p>Diese elegante Karaffe Columbus ist ein Hingucker in jeder Whisky Bar oder als dekorativer Wein Decanter. Schon beim Einschenken verleiht Sie Ihrem hochwertigen Getr\u00e4nk damit den passenden Rahmen. Der 850 ml umfassende Glaskugel Beh\u00e4lter zeigt die Weltkarte und nimmt zum Beispiel den Inhalt einer guten Flasche Scotch auf. In ihrem Inneren befindet sich ein filigranes, antikes Segelschiff, das an Columbus erinnert, der die Weltmeere bereiste.<\/p>\n<p>Damit sind viele Attribute eines guten Scotch im Design vertreten. Der Einfluss des Meeres auf die lagernden F\u00e4sser in vielen schottischen Destillerien, Wind, Sturm und Lagerfeuer Rauch, sowie der Entdecker Geist, mit dem wir die verschiedenen Aromen erforschen.<\/p>\n<p>Dieses edle Set beinhaltet den \u00d8 12,5 cm Spirituosenbeh\u00e4lter und zwei passende 250 ml Scotch Gl\u00e4ser (k\u00f6nnen nachbestellt werden), den Halter aus dunklem Holz und einen passenden Verschluss mit Glaskugel.<\/p>\n<ul>\n<li>Material: hochwertiges Glas mit mahagoni-farbenem Holzrahmen<\/li>\n<li>30 Tage Geld-zur\u00fcck Garantie mit versichertem Versand<\/li>\n<li>Kostenlose Lieferung innerhalb Deutschlands<\/li>\n<\/ul>\n<p>(Da die Karaffe handgefertigt ist, sind kleine Abweichungen von einigen Millimetern bzw. in den Farbnuancen m\u00f6glich.)<\/p>\n<p>Ben\u00f6tigen Sie auch einen geeigneten guten Scotch, um ihn zu f\u00fcllen? &#8211; Den finden Sie <span style=\"text-decoration: underline;\"><strong><a href=\"https:\/\/whisky4you.net\/de\/shop\/\" target=\"_blank\" rel=\"noopener noreferrer\">hier<\/a><\/strong><\/span>.<\/p>\n","protected":false},"excerpt":{"rendered":"<p>Geben Sie Ihren hochwertigen Getr\u00e4nken schon beim Ausschenken den richtigen Rahmen mit dieser wundersch\u00f6nen Glas Karaffe. Sie tr\u00e4gt ein edles Globus Design und im Inneren ein filigranes, antikes Segelschiff. Zwei Glasbecher im gleichen Design sind im Lieferumfang enthalten, weitere k\u00f6nnen dazu bestellt werden.<\/p>\n<ul>\n<li>Material: hochwertiges Glas mit mahagoni-farbenem Holzrahmen<\/li>\n<li>30 Tage Geld-zur\u00fcck Garantie mit versichertem Versand<\/li>\n<li>Kostenlose Lieferung innerhalb Deutschlands<\/li>\n<\/ul>\n<p>Holen Sie sich diese stilvolle Ausstattung f\u00fcr Ihre Bar oder als geschmackvolles Geschenk f\u00fcr einen Whisky-Fan!<\/p>\n<div>\n<div style=\"width: 49%; float: left; margin-right: 1%;\"><iframe src=\"https:\/\/www.youtube.com\/embed\/ZQzm_7yFcNM\" width=\"560\" height=\"206\" frameborder=\"0\" allowfullscreen=\"allowfullscreen\"><\/iframe><\/div>\n<\/div>\n","protected":false},"featured_media":16989,"comment_status":"open","ping_status":"closed","template":"","meta":[],"product_brand":[],"product_cat":[991],"product_tag":[1018,1019,837,1017,818,824,832],"class_list":{"0":"post-16986","1":"product","2":"type-product","3":"status-publish","4":"has-post-thumbnail","6":"product_cat-zubehoer-geschenke","7":"product_tag-columbus-de","8":"product_tag-decanter-de","9":"product_tag-geschenk","10":"product_tag-karaffe","11":"product_tag-scotch-de","12":"product_tag-single-malt-de","13":"product_tag-whisky-de","14":"no-featured-image-padding","15":"sales-flash-overlay","16":"woocommerce-text-align-center","17":"woocommerce-image-align-center","18":"do-quantity-buttons","19":"wc-has-gallery","21":"first","22":"outofstock","23":"featured","24":"taxable","25":"shipping-taxable","26":"purchasable","27":"product-type-simple"},"yoast_head":"<!-- This site is optimized with the Yoast SEO plugin v27.0 - https:\/\/yoast.com\/product\/yoast-seo-wordpress\/ -->\n<title>Edle Karaffe Columbus - sch\u00f6ne Bar Ausstattung vonWhisky4you<\/title>\n<meta name=\"description\" content=\"Diese elegante Karaffe Columbus bietet Ihren hochwertigen Getr\u00e4nken den richtigen Rahmen. Die handgefertigte Karaffe wird mit 2 edlen Gl\u00e4sern im gleichen Design geliefert.\" \/>\n<meta name=\"robots\" content=\"index, follow, max-snippet:-1, max-image-preview:large, max-video-preview:-1\" \/>\n<link rel=\"canonical\" href=\"https:\/\/whisky4you.net\/de\/produkt\/edle-karaffe-columbus\/\" \/>\n<meta property=\"og:locale\" content=\"de_DE\" \/>\n<meta property=\"og:type\" content=\"article\" \/>\n<meta property=\"og:title\" content=\"Edle Karaffe Columbus - sch\u00f6ne Bar Ausstattung vonWhisky4you\" \/>\n<meta property=\"og:description\" content=\"Diese elegante Karaffe Columbus bietet Ihren hochwertigen Getr\u00e4nken den richtigen Rahmen. Die handgefertigte Karaffe wird mit 2 edlen Gl\u00e4sern im gleichen Design geliefert.\" \/>\n<meta property=\"og:url\" content=\"https:\/\/whisky4you.net\/de\/produkt\/edle-karaffe-columbus\/\" \/>\n<meta property=\"og:site_name\" content=\"Whisky4you\" \/>\n<meta property=\"article:publisher\" content=\"https:\/\/www.facebook.com\/Whisky4you.net\" \/>\n<meta property=\"article:modified_time\" content=\"2025-01-20T23:53:54+00:00\" \/>\n<meta property=\"og:image\" content=\"https:\/\/whisky4you.net\/wp-content\/uploads\/2020\/09\/Decanter-Foto.jpg\" \/>\n\t<meta property=\"og:image:width\" content=\"495\" \/>\n\t<meta property=\"og:image:height\" content=\"476\" \/>\n\t<meta property=\"og:image:type\" content=\"image\/jpeg\" \/>\n<meta name=\"twitter:card\" content=\"summary_large_image\" \/>\n<meta name=\"twitter:label1\" content=\"Gesch\u00e4tzte Lesezeit\" \/>\n\t<meta name=\"twitter:data1\" content=\"1\u00a0Minute\" \/>\n<script type=\"application\/ld+json\" class=\"yoast-schema-graph\">{\"@context\":\"https:\/\/schema.org\",\"@graph\":[{\"@type\":\"WebPage\",\"@id\":\"https:\/\/whisky4you.net\/de\/produkt\/edle-karaffe-columbus\/\",\"url\":\"https:\/\/whisky4you.net\/de\/produkt\/edle-karaffe-columbus\/\",\"name\":\"Edle Karaffe Columbus - sch\u00f6ne Bar Ausstattung vonWhisky4you\",\"isPartOf\":{\"@id\":\"https:\/\/whisky4you.net\/de\/#website\"},\"primaryImageOfPage\":{\"@id\":\"https:\/\/whisky4you.net\/de\/produkt\/edle-karaffe-columbus\/#primaryimage\"},\"image\":{\"@id\":\"https:\/\/whisky4you.net\/de\/produkt\/edle-karaffe-columbus\/#primaryimage\"},\"thumbnailUrl\":\"https:\/\/whisky4you.net\/wp-content\/uploads\/2020\/09\/Decanter-Foto.jpg\",\"datePublished\":\"2020-09-06T21:31:35+00:00\",\"dateModified\":\"2025-01-20T23:53:54+00:00\",\"description\":\"Diese elegante Karaffe Columbus bietet Ihren hochwertigen Getr\u00e4nken den richtigen Rahmen. Die handgefertigte Karaffe wird mit 2 edlen Gl\u00e4sern im gleichen Design geliefert.\",\"breadcrumb\":{\"@id\":\"https:\/\/whisky4you.net\/de\/produkt\/edle-karaffe-columbus\/#breadcrumb\"},\"inLanguage\":\"de\",\"potentialAction\":[{\"@type\":\"ReadAction\",\"target\":[\"https:\/\/whisky4you.net\/de\/produkt\/edle-karaffe-columbus\/\"]}]},{\"@type\":\"ImageObject\",\"inLanguage\":\"de\",\"@id\":\"https:\/\/whisky4you.net\/de\/produkt\/edle-karaffe-columbus\/#primaryimage\",\"url\":\"https:\/\/whisky4you.net\/wp-content\/uploads\/2020\/09\/Decanter-Foto.jpg\",\"contentUrl\":\"https:\/\/whisky4you.net\/wp-content\/uploads\/2020\/09\/Decanter-Foto.jpg\",\"width\":495,\"height\":476,\"caption\":\"Edle Karaffe Columbus Set\"},{\"@type\":\"BreadcrumbList\",\"@id\":\"https:\/\/whisky4you.net\/de\/produkt\/edle-karaffe-columbus\/#breadcrumb\",\"itemListElement\":[{\"@type\":\"ListItem\",\"position\":1,\"name\":\"Home\",\"item\":\"https:\/\/whisky4you.net\/\"},{\"@type\":\"ListItem\",\"position\":2,\"name\":\"Online Shop\",\"item\":\"https:\/\/whisky4you.net\/de\/online-shop\/\"},{\"@type\":\"ListItem\",\"position\":3,\"name\":\"Edle Karaffe Columbus\"}]},{\"@type\":\"WebSite\",\"@id\":\"https:\/\/whisky4you.net\/de\/#website\",\"url\":\"https:\/\/whisky4you.net\/de\/\",\"name\":\"Whisky4you\",\"description\":\"Dedicated to Whisky interest and Whisky lovers\",\"publisher\":{\"@id\":\"https:\/\/whisky4you.net\/de\/#organization\"},\"potentialAction\":[{\"@type\":\"SearchAction\",\"target\":{\"@type\":\"EntryPoint\",\"urlTemplate\":\"https:\/\/whisky4you.net\/de\/?s={search_term_string}\"},\"query-input\":{\"@type\":\"PropertyValueSpecification\",\"valueRequired\":true,\"valueName\":\"search_term_string\"}}],\"inLanguage\":\"de\"},{\"@type\":\"Organization\",\"@id\":\"https:\/\/whisky4you.net\/de\/#organization\",\"name\":\"Whisky4you\",\"url\":\"https:\/\/whisky4you.net\/de\/\",\"logo\":{\"@type\":\"ImageObject\",\"inLanguage\":\"de\",\"@id\":\"https:\/\/whisky4you.net\/de\/#\/schema\/logo\/image\/\",\"url\":\"https:\/\/whisky4you.net\/wp-content\/uploads\/2020\/12\/cropped-cropped-cropped-cropped-logo-head.png\",\"contentUrl\":\"https:\/\/whisky4you.net\/wp-content\/uploads\/2020\/12\/cropped-cropped-cropped-cropped-logo-head.png\",\"width\":250,\"height\":81,\"caption\":\"Whisky4you\"},\"image\":{\"@id\":\"https:\/\/whisky4you.net\/de\/#\/schema\/logo\/image\/\"},\"sameAs\":[\"https:\/\/www.facebook.com\/Whisky4you.net\",\"https:\/\/www.linkedin.com\/company\/whisky4you\/?viewAsMember=true\"]}]}<\/script>\n<!-- \/ Yoast SEO plugin. -->","yoast_head_json":{"title":"Edle Karaffe Columbus - sch\u00f6ne Bar Ausstattung vonWhisky4you","description":"Diese elegante Karaffe Columbus bietet Ihren hochwertigen Getr\u00e4nken den richtigen Rahmen. Die handgefertigte Karaffe wird mit 2 edlen Gl\u00e4sern im gleichen Design geliefert.","robots":{"index":"index","follow":"follow","max-snippet":"max-snippet:-1","max-image-preview":"max-image-preview:large","max-video-preview":"max-video-preview:-1"},"canonical":"https:\/\/whisky4you.net\/de\/produkt\/edle-karaffe-columbus\/","og_locale":"de_DE","og_type":"article","og_title":"Edle Karaffe Columbus - sch\u00f6ne Bar Ausstattung vonWhisky4you","og_description":"Diese elegante Karaffe Columbus bietet Ihren hochwertigen Getr\u00e4nken den richtigen Rahmen. Die handgefertigte Karaffe wird mit 2 edlen Gl\u00e4sern im gleichen Design geliefert.","og_url":"https:\/\/whisky4you.net\/de\/produkt\/edle-karaffe-columbus\/","og_site_name":"Whisky4you","article_publisher":"https:\/\/www.facebook.com\/Whisky4you.net","article_modified_time":"2025-01-20T23:53:54+00:00","og_image":[{"width":495,"height":476,"url":"https:\/\/whisky4you.net\/wp-content\/uploads\/2020\/09\/Decanter-Foto.jpg","type":"image\/jpeg"}],"twitter_card":"summary_large_image","twitter_misc":{"Gesch\u00e4tzte Lesezeit":"1\u00a0Minute"},"schema":{"@context":"https:\/\/schema.org","@graph":[{"@type":"WebPage","@id":"https:\/\/whisky4you.net\/de\/produkt\/edle-karaffe-columbus\/","url":"https:\/\/whisky4you.net\/de\/produkt\/edle-karaffe-columbus\/","name":"Edle Karaffe Columbus - sch\u00f6ne Bar Ausstattung vonWhisky4you","isPartOf":{"@id":"https:\/\/whisky4you.net\/de\/#website"},"primaryImageOfPage":{"@id":"https:\/\/whisky4you.net\/de\/produkt\/edle-karaffe-columbus\/#primaryimage"},"image":{"@id":"https:\/\/whisky4you.net\/de\/produkt\/edle-karaffe-columbus\/#primaryimage"},"thumbnailUrl":"https:\/\/whisky4you.net\/wp-content\/uploads\/2020\/09\/Decanter-Foto.jpg","datePublished":"2020-09-06T21:31:35+00:00","dateModified":"2025-01-20T23:53:54+00:00","description":"Diese elegante Karaffe Columbus bietet Ihren hochwertigen Getr\u00e4nken den richtigen Rahmen. Die handgefertigte Karaffe wird mit 2 edlen Gl\u00e4sern im gleichen Design geliefert.","breadcrumb":{"@id":"https:\/\/whisky4you.net\/de\/produkt\/edle-karaffe-columbus\/#breadcrumb"},"inLanguage":"de","potentialAction":[{"@type":"ReadAction","target":["https:\/\/whisky4you.net\/de\/produkt\/edle-karaffe-columbus\/"]}]},{"@type":"ImageObject","inLanguage":"de","@id":"https:\/\/whisky4you.net\/de\/produkt\/edle-karaffe-columbus\/#primaryimage","url":"https:\/\/whisky4you.net\/wp-content\/uploads\/2020\/09\/Decanter-Foto.jpg","contentUrl":"https:\/\/whisky4you.net\/wp-content\/uploads\/2020\/09\/Decanter-Foto.jpg","width":495,"height":476,"caption":"Edle Karaffe Columbus Set"},{"@type":"BreadcrumbList","@id":"https:\/\/whisky4you.net\/de\/produkt\/edle-karaffe-columbus\/#breadcrumb","itemListElement":[{"@type":"ListItem","position":1,"name":"Home","item":"https:\/\/whisky4you.net\/"},{"@type":"ListItem","position":2,"name":"Online Shop","item":"https:\/\/whisky4you.net\/de\/online-shop\/"},{"@type":"ListItem","position":3,"name":"Edle Karaffe Columbus"}]},{"@type":"WebSite","@id":"https:\/\/whisky4you.net\/de\/#website","url":"https:\/\/whisky4you.net\/de\/","name":"Whisky4you","description":"Dedicated to Whisky interest and Whisky lovers","publisher":{"@id":"https:\/\/whisky4you.net\/de\/#organization"},"potentialAction":[{"@type":"SearchAction","target":{"@type":"EntryPoint","urlTemplate":"https:\/\/whisky4you.net\/de\/?s={search_term_string}"},"query-input":{"@type":"PropertyValueSpecification","valueRequired":true,"valueName":"search_term_string"}}],"inLanguage":"de"},{"@type":"Organization","@id":"https:\/\/whisky4you.net\/de\/#organization","name":"Whisky4you","url":"https:\/\/whisky4you.net\/de\/","logo":{"@type":"ImageObject","inLanguage":"de","@id":"https:\/\/whisky4you.net\/de\/#\/schema\/logo\/image\/","url":"https:\/\/whisky4you.net\/wp-content\/uploads\/2020\/12\/cropped-cropped-cropped-cropped-logo-head.png","contentUrl":"https:\/\/whisky4you.net\/wp-content\/uploads\/2020\/12\/cropped-cropped-cropped-cropped-logo-head.png","width":250,"height":81,"caption":"Whisky4you"},"image":{"@id":"https:\/\/whisky4you.net\/de\/#\/schema\/logo\/image\/"},"sameAs":["https:\/\/www.facebook.com\/Whisky4you.net","https:\/\/www.linkedin.com\/company\/whisky4you\/?viewAsMember=true"]}]}},"jetpack_sharing_enabled":true,"_links":{"self":[{"href":"https:\/\/whisky4you.net\/de\/wp-json\/wp\/v2\/product\/16986","targetHints":{"allow":["GET"]}}],"collection":[{"href":"https:\/\/whisky4you.net\/de\/wp-json\/wp\/v2\/product"}],"about":[{"href":"https:\/\/whisky4you.net\/de\/wp-json\/wp\/v2\/types\/product"}],"replies":[{"embeddable":true,"href":"https:\/\/whisky4you.net\/de\/wp-json\/wp\/v2\/comments?post=16986"}],"version-history":[{"count":0,"href":"https:\/\/whisky4you.net\/de\/wp-json\/wp\/v2\/product\/16986\/revisions"}],"wp:featuredmedia":[{"embeddable":true,"href":"https:\/\/whisky4you.net\/de\/wp-json\/wp\/v2\/media\/16989"}],"wp:attachment":[{"href":"https:\/\/whisky4you.net\/de\/wp-json\/wp\/v2\/media?parent=16986"}],"wp:term":[{"taxonomy":"product_brand","embeddable":true,"href":"https:\/\/whisky4you.net\/de\/wp-json\/wp\/v2\/product_brand?post=16986"},{"taxonomy":"product_cat","embeddable":true,"href":"https:\/\/whisky4you.net\/de\/wp-json\/wp\/v2\/product_cat?post=16986"},{"taxonomy":"product_tag","embeddable":true,"href":"https:\/\/whisky4you.net\/de\/wp-json\/wp\/v2\/product_tag?post=16986"}],"curies":[{"name":"wp","href":"https:\/\/api.w.org\/{rel}","templated":true}]}}