{"id":17023,"date":"2020-09-07T10:32:32","date_gmt":"2020-09-07T09:32:34","guid":{"rendered":"https:\/\/whisky4you.net\/?post_type=product&#038;p=17023"},"modified":"2025-01-19T21:23:12","modified_gmt":"2025-01-19T20:23:12","slug":"slow-roll-whisky-glas-de","status":"publish","type":"product","link":"https:\/\/whisky4you.net\/de\/produkt\/slow-roll-whisky-glas-de\/","title":{"rendered":"Slow Roll Whisky Glas"},"content":{"rendered":"<h3><strong>Slow Roll Whisky Glas<\/strong><\/h3>\n<p>Dieses Slow Roll Whisky Glas Set mit traditionellem japanischen Design entspringt der Idee, sch\u00f6ne Dinge mit allen Sinnen zu genie\u00dfen. Dazu geh\u00f6rt auch die Optik und der Tastsinn. Dieses Glas hat einen vollkommen runden Boden und schmiegt sich dabei k\u00fchl und glatt in die Hand. Die Hand W\u00e4rme \u00fcbertr\u00e4gt sich auf den Inhalt und l\u00e4sst die Aromen hochsteigen, die wir im Duft so besser wahrnehmen. Auf dem Tisch steht dieses Glas mit dem runden Boden auch im gef\u00fcllten Zustand aufrecht und vermittelt beinahe einen schwebenden Eindruck. Wir bieten hier das Glas ohne Gravur an (auf den Fotos beachten), da bei diesem der reine Eindruck von Farbe und Beschaffenheit des Inhalts am besten zur Geltung kommt. F\u00fcr einen stabileren Stand (z. B. bei Ansto\u00dfen des Tisches) gibt es zu jedem Glas einen Absetzer aus hochwertigem Holz. Jedes Set, bestehend aus einem Glas (340 ml) mit Absetzer, ist sch\u00f6n verpackt und eignet sich als wertvolles Geschenk und Accessoire zum Genie\u00dfen.<\/p>\n<ul>\n<li>Material: Glas mit Absetzer aus edlem Holz<\/li>\n<li>30 Tage Geld-zur\u00fcck Garantie<\/li>\n<li>Kostenlose Lieferung innerhalb Deutschlands mit Transportversicherung<\/li>\n<\/ul>\n<p>Ben\u00f6tigen Sie auch einen geeigneten guten Scotch, um es zu f\u00fcllen? &#8211; Den finden Sie <span style=\"text-decoration: underline;\"><strong><a href=\"https:\/\/whisky4you.net\/de\/shop\/\" target=\"_blank\" rel=\"noopener noreferrer\">hier<\/a><\/strong><\/span>.<\/p>\n","protected":false},"excerpt":{"rendered":"<p>Genie\u00dfen Sie Ihren hochwertigen Scotch mit allen Sinnen! Traditionelles japanisches Slow Roll Whisky Glas f\u00fcr den perfekten Kontakt mit Ihrer Handfl\u00e4che, unterst\u00fctzt die \u00dcbertragung von W\u00e4rme auf die Fl\u00fcssigkeit und das Aufsteigen von Aromen. Die reine Form pr\u00e4sentiert perfekt die Farbe und Beschaffenheit Ihres Getr\u00e4nks.<\/p>\n<p>Vervollst\u00e4ndigen Sie Ihre Bar mit diesem ganz besonderen Accessoire oder \u00fcbergeben Sie es einem Whisky-Fan als wertvolles Geschenk!<\/p>\n<ul>\n<li>Material: hochwertiges Glas in japanischem Design mit Absetzer aus Holz<\/li>\n<li>30 Tage Geld-zur\u00fcck Garantie<\/li>\n<li>Kostenlose Lieferung innerhalb Deutschlands mit Transportversicherung<\/li>\n<\/ul>\n<div>\n<div style=\"width: 49%; float: left; margin-right: 1%;\"><iframe src=\"https:\/\/www.youtube.com\/embed\/bWaWVecz_UE\" width=\"560\" height=\"206\" frameborder=\"0\" allowfullscreen=\"allowfullscreen\"><\/iframe><\/div>\n<\/div>\n","protected":false},"featured_media":17026,"comment_status":"open","ping_status":"closed","template":"","meta":[],"product_brand":[],"product_cat":[991],"product_tag":[1012,837,1010,818,824,832,1011],"class_list":{"0":"post-17023","1":"product","2":"type-product","3":"status-publish","4":"has-post-thumbnail","6":"product_cat-zubehoer-geschenke","7":"product_tag-accessoires-de-2","8":"product_tag-geschenk","9":"product_tag-glas","10":"product_tag-scotch-de","11":"product_tag-single-malt-de","12":"product_tag-whisky-de","13":"product_tag-whisky-glas-de","14":"no-featured-image-padding","15":"sales-flash-overlay","16":"woocommerce-text-align-center","17":"woocommerce-image-align-center","18":"do-quantity-buttons","19":"wc-has-gallery","21":"first","22":"instock","23":"featured","24":"taxable","25":"shipping-taxable","26":"purchasable","27":"product-type-variable"},"yoast_head":"<!-- This site is optimized with the Yoast SEO plugin v27.0 - https:\/\/yoast.com\/product\/yoast-seo-wordpress\/ -->\n<title>Slow Roll Whisky Glas - sch\u00f6ne Bar Ausstattung vonWhisky4you<\/title>\n<meta name=\"description\" content=\"Slow Roll Whisky Glas liegt k\u00fchl und geschmeidig in der Handfl\u00e4che, pr\u00e4sentiert eindrucksvoll Ihren Scotch - f\u00fcr Genuss mit allen Sinnen!\" \/>\n<meta name=\"robots\" content=\"index, follow, max-snippet:-1, max-image-preview:large, max-video-preview:-1\" \/>\n<link rel=\"canonical\" href=\"https:\/\/whisky4you.net\/de\/produkt\/slow-roll-whisky-glas-de\/\" \/>\n<meta property=\"og:locale\" content=\"de_DE\" \/>\n<meta property=\"og:type\" content=\"article\" \/>\n<meta property=\"og:title\" content=\"Slow Roll Whisky Glas - sch\u00f6ne Bar Ausstattung vonWhisky4you\" \/>\n<meta property=\"og:description\" content=\"Slow Roll Whisky Glas liegt k\u00fchl und geschmeidig in der Handfl\u00e4che, pr\u00e4sentiert eindrucksvoll Ihren Scotch - f\u00fcr Genuss mit allen Sinnen!\" \/>\n<meta property=\"og:url\" content=\"https:\/\/whisky4you.net\/de\/produkt\/slow-roll-whisky-glas-de\/\" \/>\n<meta property=\"og:site_name\" content=\"Whisky4you\" \/>\n<meta property=\"article:publisher\" content=\"https:\/\/www.facebook.com\/Whisky4you.net\" \/>\n<meta property=\"article:modified_time\" content=\"2025-01-19T20:23:12+00:00\" \/>\n<meta property=\"og:image\" content=\"https:\/\/whisky4you.net\/wp-content\/uploads\/2020\/09\/Slow-Roll-Glas.jpg\" \/>\n\t<meta property=\"og:image:width\" content=\"541\" \/>\n\t<meta property=\"og:image:height\" content=\"541\" \/>\n\t<meta property=\"og:image:type\" content=\"image\/jpeg\" \/>\n<meta name=\"twitter:card\" content=\"summary_large_image\" \/>\n<meta name=\"twitter:label1\" content=\"Gesch\u00e4tzte Lesezeit\" \/>\n\t<meta name=\"twitter:data1\" content=\"1\u00a0Minute\" \/>\n<script type=\"application\/ld+json\" class=\"yoast-schema-graph\">{\"@context\":\"https:\/\/schema.org\",\"@graph\":[{\"@type\":\"WebPage\",\"@id\":\"https:\/\/whisky4you.net\/de\/produkt\/slow-roll-whisky-glas-de\/\",\"url\":\"https:\/\/whisky4you.net\/de\/produkt\/slow-roll-whisky-glas-de\/\",\"name\":\"Slow Roll Whisky Glas - sch\u00f6ne Bar Ausstattung vonWhisky4you\",\"isPartOf\":{\"@id\":\"https:\/\/whisky4you.net\/de\/#website\"},\"primaryImageOfPage\":{\"@id\":\"https:\/\/whisky4you.net\/de\/produkt\/slow-roll-whisky-glas-de\/#primaryimage\"},\"image\":{\"@id\":\"https:\/\/whisky4you.net\/de\/produkt\/slow-roll-whisky-glas-de\/#primaryimage\"},\"thumbnailUrl\":\"https:\/\/whisky4you.net\/wp-content\/uploads\/2020\/09\/Slow-Roll-Glas.jpg\",\"datePublished\":\"2020-09-07T09:32:34+00:00\",\"dateModified\":\"2025-01-19T20:23:12+00:00\",\"description\":\"Slow Roll Whisky Glas liegt k\u00fchl und geschmeidig in der Handfl\u00e4che, pr\u00e4sentiert eindrucksvoll Ihren Scotch - f\u00fcr Genuss mit allen Sinnen!\",\"breadcrumb\":{\"@id\":\"https:\/\/whisky4you.net\/de\/produkt\/slow-roll-whisky-glas-de\/#breadcrumb\"},\"inLanguage\":\"de\",\"potentialAction\":[{\"@type\":\"ReadAction\",\"target\":[\"https:\/\/whisky4you.net\/de\/produkt\/slow-roll-whisky-glas-de\/\"]}]},{\"@type\":\"ImageObject\",\"inLanguage\":\"de\",\"@id\":\"https:\/\/whisky4you.net\/de\/produkt\/slow-roll-whisky-glas-de\/#primaryimage\",\"url\":\"https:\/\/whisky4you.net\/wp-content\/uploads\/2020\/09\/Slow-Roll-Glas.jpg\",\"contentUrl\":\"https:\/\/whisky4you.net\/wp-content\/uploads\/2020\/09\/Slow-Roll-Glas.jpg\",\"width\":541,\"height\":541,\"caption\":\"Slow Roll Whisky Glas f\u00fcr den Genuss mit allen Sinnen\"},{\"@type\":\"BreadcrumbList\",\"@id\":\"https:\/\/whisky4you.net\/de\/produkt\/slow-roll-whisky-glas-de\/#breadcrumb\",\"itemListElement\":[{\"@type\":\"ListItem\",\"position\":1,\"name\":\"Home\",\"item\":\"https:\/\/whisky4you.net\/\"},{\"@type\":\"ListItem\",\"position\":2,\"name\":\"Online Shop\",\"item\":\"https:\/\/whisky4you.net\/de\/online-shop\/\"},{\"@type\":\"ListItem\",\"position\":3,\"name\":\"Slow Roll Whisky Glas\"}]},{\"@type\":\"WebSite\",\"@id\":\"https:\/\/whisky4you.net\/de\/#website\",\"url\":\"https:\/\/whisky4you.net\/de\/\",\"name\":\"Whisky4you\",\"description\":\"Dedicated to Whisky interest and Whisky lovers\",\"publisher\":{\"@id\":\"https:\/\/whisky4you.net\/de\/#organization\"},\"potentialAction\":[{\"@type\":\"SearchAction\",\"target\":{\"@type\":\"EntryPoint\",\"urlTemplate\":\"https:\/\/whisky4you.net\/de\/?s={search_term_string}\"},\"query-input\":{\"@type\":\"PropertyValueSpecification\",\"valueRequired\":true,\"valueName\":\"search_term_string\"}}],\"inLanguage\":\"de\"},{\"@type\":\"Organization\",\"@id\":\"https:\/\/whisky4you.net\/de\/#organization\",\"name\":\"Whisky4you\",\"url\":\"https:\/\/whisky4you.net\/de\/\",\"logo\":{\"@type\":\"ImageObject\",\"inLanguage\":\"de\",\"@id\":\"https:\/\/whisky4you.net\/de\/#\/schema\/logo\/image\/\",\"url\":\"https:\/\/whisky4you.net\/wp-content\/uploads\/2020\/12\/cropped-cropped-cropped-cropped-logo-head.png\",\"contentUrl\":\"https:\/\/whisky4you.net\/wp-content\/uploads\/2020\/12\/cropped-cropped-cropped-cropped-logo-head.png\",\"width\":250,\"height\":81,\"caption\":\"Whisky4you\"},\"image\":{\"@id\":\"https:\/\/whisky4you.net\/de\/#\/schema\/logo\/image\/\"},\"sameAs\":[\"https:\/\/www.facebook.com\/Whisky4you.net\",\"https:\/\/www.linkedin.com\/company\/whisky4you\/?viewAsMember=true\"]}]}<\/script>\n<!-- \/ Yoast SEO plugin. -->","yoast_head_json":{"title":"Slow Roll Whisky Glas - sch\u00f6ne Bar Ausstattung vonWhisky4you","description":"Slow Roll Whisky Glas liegt k\u00fchl und geschmeidig in der Handfl\u00e4che, pr\u00e4sentiert eindrucksvoll Ihren Scotch - f\u00fcr Genuss mit allen Sinnen!","robots":{"index":"index","follow":"follow","max-snippet":"max-snippet:-1","max-image-preview":"max-image-preview:large","max-video-preview":"max-video-preview:-1"},"canonical":"https:\/\/whisky4you.net\/de\/produkt\/slow-roll-whisky-glas-de\/","og_locale":"de_DE","og_type":"article","og_title":"Slow Roll Whisky Glas - sch\u00f6ne Bar Ausstattung vonWhisky4you","og_description":"Slow Roll Whisky Glas liegt k\u00fchl und geschmeidig in der Handfl\u00e4che, pr\u00e4sentiert eindrucksvoll Ihren Scotch - f\u00fcr Genuss mit allen Sinnen!","og_url":"https:\/\/whisky4you.net\/de\/produkt\/slow-roll-whisky-glas-de\/","og_site_name":"Whisky4you","article_publisher":"https:\/\/www.facebook.com\/Whisky4you.net","article_modified_time":"2025-01-19T20:23:12+00:00","og_image":[{"width":541,"height":541,"url":"https:\/\/whisky4you.net\/wp-content\/uploads\/2020\/09\/Slow-Roll-Glas.jpg","type":"image\/jpeg"}],"twitter_card":"summary_large_image","twitter_misc":{"Gesch\u00e4tzte Lesezeit":"1\u00a0Minute"},"schema":{"@context":"https:\/\/schema.org","@graph":[{"@type":"WebPage","@id":"https:\/\/whisky4you.net\/de\/produkt\/slow-roll-whisky-glas-de\/","url":"https:\/\/whisky4you.net\/de\/produkt\/slow-roll-whisky-glas-de\/","name":"Slow Roll Whisky Glas - sch\u00f6ne Bar Ausstattung vonWhisky4you","isPartOf":{"@id":"https:\/\/whisky4you.net\/de\/#website"},"primaryImageOfPage":{"@id":"https:\/\/whisky4you.net\/de\/produkt\/slow-roll-whisky-glas-de\/#primaryimage"},"image":{"@id":"https:\/\/whisky4you.net\/de\/produkt\/slow-roll-whisky-glas-de\/#primaryimage"},"thumbnailUrl":"https:\/\/whisky4you.net\/wp-content\/uploads\/2020\/09\/Slow-Roll-Glas.jpg","datePublished":"2020-09-07T09:32:34+00:00","dateModified":"2025-01-19T20:23:12+00:00","description":"Slow Roll Whisky Glas liegt k\u00fchl und geschmeidig in der Handfl\u00e4che, pr\u00e4sentiert eindrucksvoll Ihren Scotch - f\u00fcr Genuss mit allen Sinnen!","breadcrumb":{"@id":"https:\/\/whisky4you.net\/de\/produkt\/slow-roll-whisky-glas-de\/#breadcrumb"},"inLanguage":"de","potentialAction":[{"@type":"ReadAction","target":["https:\/\/whisky4you.net\/de\/produkt\/slow-roll-whisky-glas-de\/"]}]},{"@type":"ImageObject","inLanguage":"de","@id":"https:\/\/whisky4you.net\/de\/produkt\/slow-roll-whisky-glas-de\/#primaryimage","url":"https:\/\/whisky4you.net\/wp-content\/uploads\/2020\/09\/Slow-Roll-Glas.jpg","contentUrl":"https:\/\/whisky4you.net\/wp-content\/uploads\/2020\/09\/Slow-Roll-Glas.jpg","width":541,"height":541,"caption":"Slow Roll Whisky Glas f\u00fcr den Genuss mit allen Sinnen"},{"@type":"BreadcrumbList","@id":"https:\/\/whisky4you.net\/de\/produkt\/slow-roll-whisky-glas-de\/#breadcrumb","itemListElement":[{"@type":"ListItem","position":1,"name":"Home","item":"https:\/\/whisky4you.net\/"},{"@type":"ListItem","position":2,"name":"Online Shop","item":"https:\/\/whisky4you.net\/de\/online-shop\/"},{"@type":"ListItem","position":3,"name":"Slow Roll Whisky Glas"}]},{"@type":"WebSite","@id":"https:\/\/whisky4you.net\/de\/#website","url":"https:\/\/whisky4you.net\/de\/","name":"Whisky4you","description":"Dedicated to Whisky interest and Whisky lovers","publisher":{"@id":"https:\/\/whisky4you.net\/de\/#organization"},"potentialAction":[{"@type":"SearchAction","target":{"@type":"EntryPoint","urlTemplate":"https:\/\/whisky4you.net\/de\/?s={search_term_string}"},"query-input":{"@type":"PropertyValueSpecification","valueRequired":true,"valueName":"search_term_string"}}],"inLanguage":"de"},{"@type":"Organization","@id":"https:\/\/whisky4you.net\/de\/#organization","name":"Whisky4you","url":"https:\/\/whisky4you.net\/de\/","logo":{"@type":"ImageObject","inLanguage":"de","@id":"https:\/\/whisky4you.net\/de\/#\/schema\/logo\/image\/","url":"https:\/\/whisky4you.net\/wp-content\/uploads\/2020\/12\/cropped-cropped-cropped-cropped-logo-head.png","contentUrl":"https:\/\/whisky4you.net\/wp-content\/uploads\/2020\/12\/cropped-cropped-cropped-cropped-logo-head.png","width":250,"height":81,"caption":"Whisky4you"},"image":{"@id":"https:\/\/whisky4you.net\/de\/#\/schema\/logo\/image\/"},"sameAs":["https:\/\/www.facebook.com\/Whisky4you.net","https:\/\/www.linkedin.com\/company\/whisky4you\/?viewAsMember=true"]}]}},"jetpack_sharing_enabled":true,"_links":{"self":[{"href":"https:\/\/whisky4you.net\/de\/wp-json\/wp\/v2\/product\/17023","targetHints":{"allow":["GET"]}}],"collection":[{"href":"https:\/\/whisky4you.net\/de\/wp-json\/wp\/v2\/product"}],"about":[{"href":"https:\/\/whisky4you.net\/de\/wp-json\/wp\/v2\/types\/product"}],"replies":[{"embeddable":true,"href":"https:\/\/whisky4you.net\/de\/wp-json\/wp\/v2\/comments?post=17023"}],"version-history":[{"count":0,"href":"https:\/\/whisky4you.net\/de\/wp-json\/wp\/v2\/product\/17023\/revisions"}],"wp:featuredmedia":[{"embeddable":true,"href":"https:\/\/whisky4you.net\/de\/wp-json\/wp\/v2\/media\/17026"}],"wp:attachment":[{"href":"https:\/\/whisky4you.net\/de\/wp-json\/wp\/v2\/media?parent=17023"}],"wp:term":[{"taxonomy":"product_brand","embeddable":true,"href":"https:\/\/whisky4you.net\/de\/wp-json\/wp\/v2\/product_brand?post=17023"},{"taxonomy":"product_cat","embeddable":true,"href":"https:\/\/whisky4you.net\/de\/wp-json\/wp\/v2\/product_cat?post=17023"},{"taxonomy":"product_tag","embeddable":true,"href":"https:\/\/whisky4you.net\/de\/wp-json\/wp\/v2\/product_tag?post=17023"}],"curies":[{"name":"wp","href":"https:\/\/api.w.org\/{rel}","templated":true}]}}