{"id":17632,"date":"2019-09-22T17:38:27","date_gmt":"2019-09-22T16:38:27","guid":{"rendered":"https:\/\/whisky4you.net\/product\/glen-moray-15-jahre-single-malt\/"},"modified":"2025-12-16T00:10:47","modified_gmt":"2025-12-15T23:10:47","slug":"glen-moray-15-jahre-single-malt","status":"publish","type":"product","link":"https:\/\/whisky4you.net\/de\/produkt\/glen-moray-15-jahre-single-malt\/","title":{"rendered":"Glen Moray 15 Jahre Single Malt"},"content":{"rendered":"<h3>Glen Moray 15 Jahre Single Malt<\/h3>\n<p>Der Glen Moray 15 Jahre Single Malt ist einer der gef\u00e4lligen und leichten Speyside Whiskies, der sich perfekt f\u00fcr den Einstieg in einen entspannten Nachmittag eignet. Die interessante Aromen Kombination stammt aus der Lagerung in amerikanischen Bourbon F\u00e4ssern, der Nachreifung in Oloroso Sherry F\u00e4ssern und einer sehr leichten Rauchnote. Er ist dezent genug, um die Geschmacksknospen noch f\u00fcr weitere Aromen offen zu lassen, hat aber trotzdem einen deutlichen eigenen Charakter. Mit 15 Jahren hatte er genug Zeit, auch seine sch\u00f6ne bernstein-goldene Farbe aus den F\u00e4ssern zu ziehen, so dass er nicht kaltgefiltert und ungef\u00e4rbt in die Flasche kommt. Der 15j\u00e4hrige Single Malt geh\u00f6rt zu der Elgin Heritage Collection von 3 Flaschen mit ausgewiesener Altersangabe, in der es noch einen eleganten 12-j\u00e4hrigen und einen besonders komplexen 18-j\u00e4hrigen Single Malt gibt.<\/p>\n<h3><strong>Wie schmeckt er?<\/strong><\/h3>\n<p>Gut ausgereift, finden wir in der Nase gleich ein sch\u00f6nes s\u00fc\u00dfliches Sherry Aroma, Buttertoffee und eine leichte Rauchnote. Auch auf der Zunge entwickeln sich s\u00fc\u00dfe Noten, die tats\u00e4chlich einen Hauch von Honig erahnen lassen, sowie das Aroma eines schweren Rotweins. Die w\u00fcrzigen Aromen aus den amerikanischen Eichenf\u00e4ssern f\u00fcgen den Geschmack feiner Gew\u00fcrze und dunkler Bitterschokolade hinzu, der sich auch im Abgang noch lange wiederfindet.<\/p>\n<h3><strong>Woher kommt er?<\/strong><\/h3>\n<p>Die Brennerei Glen Moray produziert seit 1897 ihre Whiskys am Ufer des Flusses Lossie au\u00dferhalb von Elgin, einer der \u00e4ltesten St\u00e4dte Schottlands. Das Wasser f\u00fcr die Produktion bezieht Glen Moray aus einer Quelle des Lossie, der auch das Landschaftsbild um die Destillerie bestimmt. Das Logo der Destillerie zeigt eine Biene vor ihrem Stock, die an die s\u00fc\u00dfen Honigaromen der Single Malts erinnern soll. W\u00e4hrend des Brennvorgangs liegt ein zarter Honigduft \u00fcber der Destillerie, der \u2013 so behauptet der Destillerie Manager Graham Coull \u2013 die Engel anlockt. &#x1f609; Auf jeden Fall ist der Glen Moray 15 Jahre ein sehr angenehmer, weicher, aber auch interessanter Single Malt, der als Speysider die Liebhaber von nur leicht rauchigen Whiskies begeistert.<\/p>\n<p>Schauen Sie sich auch unsere Verkostungsvideos an, lesen Sie die Hintergrundartikel in unserem Blog \u201c<a href=\"https:\/\/whisky4you.net\/de\/alles-ueber-whisky\/\" target=\"_blank\" rel=\"noopener noreferrer\">Alles \u00fcber Whisky<\/a>\u201d.<\/p>\n<p><span style=\"color: #f0ae13;\"><strong>Typ:<\/strong>\u00a0 \u00a0 <\/span>\u00a0 \u00a0 \u00a0 Single Malt Whisky<\/p>\n<p><strong><span style=\"color: #f0ae13;\">Aroma:\u00a0 \u00a0<\/span><\/strong><span style=\"color: #000000;\">S\u00fc\u00dflicher Anklang mit Honig und Toffee und leichtem Rauch in der Nase<\/span><\/p>\n<p><span style=\"color: #f0ae13;\"><strong>Geschmack:<\/strong>\u00a0<\/span> komplexe, volle Eichenaromen und Gl\u00fchweingew\u00fcrze, umh\u00fcllt mit dunkler Bitterschokolade<\/p>\n<p><span style=\"color: #f0ae13;\"><strong>Abgang:<\/strong>\u00a0<\/span> Langer Ausklang, angenehme Komposition aus w\u00fcrzigen Noten, die im Abgang intensiver werden, w\u00e4hrend die s\u00fc\u00dfen Noten etwas zur\u00fcck treten<\/p>\n","protected":false},"excerpt":{"rendered":"<ul>\n<li>Hervorragender Single Malt Scotch aus der Elgin Heritage Sammler Kollektion<\/li>\n<li>15 Jahre in Ex-Bourbon- und Oloroso-Sherryf\u00e4ssern gereift<\/li>\n<li>Starke Noten von Pfirsichen und s\u00fc\u00dfen Trockenfr\u00fcchten, begleitet von einer feinen, milden S\u00fc\u00dfe von Honig und Karamell<\/li>\n<li>tief w\u00e4rmender Abgang mit w\u00fcrzigen Holznoten<\/li>\n<li>besonderer Tropfen f\u00fcr die Liebhaber von nicht torfigen, hochwertigen Whiskies<\/li>\n<\/ul>\n","protected":false},"featured_media":18800,"comment_status":"open","ping_status":"closed","template":"","meta":[],"product_brand":[],"product_cat":[941,940,943],"product_tag":[768,794,795,839,819,818,823,824,825,832],"class_list":{"0":"post-17632","1":"product","2":"type-product","3":"status-publish","4":"has-post-thumbnail","6":"product_cat-highlands-de","7":"product_cat-scotch-de","8":"product_cat-speyside-de","9":"product_tag-15-jahre","10":"product_tag-ex-bourbon-fasser","11":"product_tag-glen-moray-de","12":"product_tag-leicht-rauchig","13":"product_tag-schottland-de","14":"product_tag-scotch-de","15":"product_tag-sherry-fass","16":"product_tag-single-malt-de","17":"product_tag-speyside-de","18":"product_tag-whisky-de","19":"pa_alcohol-content-40-de","20":"pa_bottled-at-abgefullt-durch-hersteller","21":"pa_country-schottland","22":"pa_distillery-glen-moray-de","23":"pa_maturation-casks-bourbon-de","24":"pa_maturation-casks-sherry-de","25":"pa_minimum-age-15-jahre","26":"pa_product-net-content-70-cl-de","27":"pa_scotland-highlands-de","28":"pa_scotland-speyside-de","29":"pa_whisky-type-single-malt-de","30":"no-featured-image-padding","31":"sales-flash-overlay","32":"woocommerce-text-align-center","33":"woocommerce-image-align-center","34":"do-quantity-buttons","35":"wc-has-gallery","37":"first","38":"instock","39":"featured","40":"taxable","41":"shipping-taxable","42":"purchasable","43":"product-type-simple"},"yoast_head":"<!-- This site is optimized with the Yoast SEO plugin v27.0 - https:\/\/yoast.com\/product\/yoast-seo-wordpress\/ -->\n<title>Glen Moray 15 Jahre Single Malt - Whisky4you Kaufen Sie jetzt!<\/title>\n<meta name=\"description\" content=\"Glen Moray 15 Jahre Single Malt, weicher, gef\u00e4lliger Speyside Whisky, perfekter Start in einen entspannten Nachmittag\" \/>\n<meta name=\"robots\" content=\"index, follow, max-snippet:-1, max-image-preview:large, max-video-preview:-1\" \/>\n<link rel=\"canonical\" href=\"https:\/\/whisky4you.net\/de\/produkt\/glen-moray-15-jahre-single-malt\/\" \/>\n<meta property=\"og:locale\" content=\"de_DE\" \/>\n<meta property=\"og:type\" content=\"article\" \/>\n<meta property=\"og:title\" content=\"Glen Moray 15 Jahre Single Malt - Whisky4you Kaufen Sie jetzt!\" \/>\n<meta property=\"og:description\" content=\"Glen Moray 15 Jahre Single Malt, weicher, gef\u00e4lliger Speyside Whisky, perfekter Start in einen entspannten Nachmittag\" \/>\n<meta property=\"og:url\" content=\"https:\/\/whisky4you.net\/de\/produkt\/glen-moray-15-jahre-single-malt\/\" \/>\n<meta property=\"og:site_name\" content=\"Whisky4you\" \/>\n<meta property=\"article:publisher\" content=\"https:\/\/www.facebook.com\/Whisky4you.net\" \/>\n<meta property=\"article:modified_time\" content=\"2025-12-15T23:10:47+00:00\" \/>\n<meta property=\"og:image\" content=\"https:\/\/i0.wp.com\/whisky4you.net\/wp-content\/uploads\/2020\/12\/Glen-Moray-15-years-Single-Malt.jpg?fit=852%2C850&ssl=1\" \/>\n\t<meta property=\"og:image:width\" content=\"852\" \/>\n\t<meta property=\"og:image:height\" content=\"850\" \/>\n\t<meta property=\"og:image:type\" content=\"image\/jpeg\" \/>\n<meta name=\"twitter:card\" content=\"summary_large_image\" \/>\n<meta name=\"twitter:label1\" content=\"Gesch\u00e4tzte Lesezeit\" \/>\n\t<meta name=\"twitter:data1\" content=\"2\u00a0Minuten\" \/>\n<script type=\"application\/ld+json\" class=\"yoast-schema-graph\">{\"@context\":\"https:\/\/schema.org\",\"@graph\":[{\"@type\":\"WebPage\",\"@id\":\"https:\/\/whisky4you.net\/de\/produkt\/glen-moray-15-jahre-single-malt\/\",\"url\":\"https:\/\/whisky4you.net\/de\/produkt\/glen-moray-15-jahre-single-malt\/\",\"name\":\"Glen Moray 15 Jahre Single Malt - Whisky4you Kaufen Sie jetzt!\",\"isPartOf\":{\"@id\":\"https:\/\/whisky4you.net\/de\/#website\"},\"primaryImageOfPage\":{\"@id\":\"https:\/\/whisky4you.net\/de\/produkt\/glen-moray-15-jahre-single-malt\/#primaryimage\"},\"image\":{\"@id\":\"https:\/\/whisky4you.net\/de\/produkt\/glen-moray-15-jahre-single-malt\/#primaryimage\"},\"thumbnailUrl\":\"https:\/\/whisky4you.net\/wp-content\/uploads\/2020\/12\/Glen-Moray-15-years-Single-Malt.jpg\",\"datePublished\":\"2019-09-22T16:38:27+00:00\",\"dateModified\":\"2025-12-15T23:10:47+00:00\",\"description\":\"Glen Moray 15 Jahre Single Malt, weicher, gef\u00e4lliger Speyside Whisky, perfekter Start in einen entspannten Nachmittag\",\"breadcrumb\":{\"@id\":\"https:\/\/whisky4you.net\/de\/produkt\/glen-moray-15-jahre-single-malt\/#breadcrumb\"},\"inLanguage\":\"de\",\"potentialAction\":[{\"@type\":\"ReadAction\",\"target\":[\"https:\/\/whisky4you.net\/de\/produkt\/glen-moray-15-jahre-single-malt\/\"]}]},{\"@type\":\"ImageObject\",\"inLanguage\":\"de\",\"@id\":\"https:\/\/whisky4you.net\/de\/produkt\/glen-moray-15-jahre-single-malt\/#primaryimage\",\"url\":\"https:\/\/whisky4you.net\/wp-content\/uploads\/2020\/12\/Glen-Moray-15-years-Single-Malt.jpg\",\"contentUrl\":\"https:\/\/whisky4you.net\/wp-content\/uploads\/2020\/12\/Glen-Moray-15-years-Single-Malt.jpg\",\"width\":852,\"height\":850,\"caption\":\"Glen Moray 15 Jahre Single Malt, weicher, gef\u00e4lliger Speyside Whisky, perfekter Start in einen entspannten Nachmittag\"},{\"@type\":\"BreadcrumbList\",\"@id\":\"https:\/\/whisky4you.net\/de\/produkt\/glen-moray-15-jahre-single-malt\/#breadcrumb\",\"itemListElement\":[{\"@type\":\"ListItem\",\"position\":1,\"name\":\"Home\",\"item\":\"https:\/\/whisky4you.net\/\"},{\"@type\":\"ListItem\",\"position\":2,\"name\":\"Online Shop\",\"item\":\"https:\/\/whisky4you.net\/de\/online-shop\/\"},{\"@type\":\"ListItem\",\"position\":3,\"name\":\"Glen Moray 15 Jahre Single Malt\"}]},{\"@type\":\"WebSite\",\"@id\":\"https:\/\/whisky4you.net\/de\/#website\",\"url\":\"https:\/\/whisky4you.net\/de\/\",\"name\":\"Whisky4you\",\"description\":\"Dedicated to Whisky interest and Whisky lovers\",\"publisher\":{\"@id\":\"https:\/\/whisky4you.net\/de\/#organization\"},\"potentialAction\":[{\"@type\":\"SearchAction\",\"target\":{\"@type\":\"EntryPoint\",\"urlTemplate\":\"https:\/\/whisky4you.net\/de\/?s={search_term_string}\"},\"query-input\":{\"@type\":\"PropertyValueSpecification\",\"valueRequired\":true,\"valueName\":\"search_term_string\"}}],\"inLanguage\":\"de\"},{\"@type\":\"Organization\",\"@id\":\"https:\/\/whisky4you.net\/de\/#organization\",\"name\":\"Whisky4you\",\"url\":\"https:\/\/whisky4you.net\/de\/\",\"logo\":{\"@type\":\"ImageObject\",\"inLanguage\":\"de\",\"@id\":\"https:\/\/whisky4you.net\/de\/#\/schema\/logo\/image\/\",\"url\":\"https:\/\/whisky4you.net\/wp-content\/uploads\/2020\/12\/cropped-cropped-cropped-cropped-logo-head.png\",\"contentUrl\":\"https:\/\/whisky4you.net\/wp-content\/uploads\/2020\/12\/cropped-cropped-cropped-cropped-logo-head.png\",\"width\":250,\"height\":81,\"caption\":\"Whisky4you\"},\"image\":{\"@id\":\"https:\/\/whisky4you.net\/de\/#\/schema\/logo\/image\/\"},\"sameAs\":[\"https:\/\/www.facebook.com\/Whisky4you.net\",\"https:\/\/www.linkedin.com\/company\/whisky4you\/?viewAsMember=true\"]}]}<\/script>\n<!-- \/ Yoast SEO plugin. -->","yoast_head_json":{"title":"Glen Moray 15 Jahre Single Malt - Whisky4you Kaufen Sie jetzt!","description":"Glen Moray 15 Jahre Single Malt, weicher, gef\u00e4lliger Speyside Whisky, perfekter Start in einen entspannten Nachmittag","robots":{"index":"index","follow":"follow","max-snippet":"max-snippet:-1","max-image-preview":"max-image-preview:large","max-video-preview":"max-video-preview:-1"},"canonical":"https:\/\/whisky4you.net\/de\/produkt\/glen-moray-15-jahre-single-malt\/","og_locale":"de_DE","og_type":"article","og_title":"Glen Moray 15 Jahre Single Malt - Whisky4you Kaufen Sie jetzt!","og_description":"Glen Moray 15 Jahre Single Malt, weicher, gef\u00e4lliger Speyside Whisky, perfekter Start in einen entspannten Nachmittag","og_url":"https:\/\/whisky4you.net\/de\/produkt\/glen-moray-15-jahre-single-malt\/","og_site_name":"Whisky4you","article_publisher":"https:\/\/www.facebook.com\/Whisky4you.net","article_modified_time":"2025-12-15T23:10:47+00:00","og_image":[{"width":852,"height":850,"url":"https:\/\/i0.wp.com\/whisky4you.net\/wp-content\/uploads\/2020\/12\/Glen-Moray-15-years-Single-Malt.jpg?fit=852%2C850&ssl=1","type":"image\/jpeg"}],"twitter_card":"summary_large_image","twitter_misc":{"Gesch\u00e4tzte Lesezeit":"2\u00a0Minuten"},"schema":{"@context":"https:\/\/schema.org","@graph":[{"@type":"WebPage","@id":"https:\/\/whisky4you.net\/de\/produkt\/glen-moray-15-jahre-single-malt\/","url":"https:\/\/whisky4you.net\/de\/produkt\/glen-moray-15-jahre-single-malt\/","name":"Glen Moray 15 Jahre Single Malt - Whisky4you Kaufen Sie jetzt!","isPartOf":{"@id":"https:\/\/whisky4you.net\/de\/#website"},"primaryImageOfPage":{"@id":"https:\/\/whisky4you.net\/de\/produkt\/glen-moray-15-jahre-single-malt\/#primaryimage"},"image":{"@id":"https:\/\/whisky4you.net\/de\/produkt\/glen-moray-15-jahre-single-malt\/#primaryimage"},"thumbnailUrl":"https:\/\/whisky4you.net\/wp-content\/uploads\/2020\/12\/Glen-Moray-15-years-Single-Malt.jpg","datePublished":"2019-09-22T16:38:27+00:00","dateModified":"2025-12-15T23:10:47+00:00","description":"Glen Moray 15 Jahre Single Malt, weicher, gef\u00e4lliger Speyside Whisky, perfekter Start in einen entspannten Nachmittag","breadcrumb":{"@id":"https:\/\/whisky4you.net\/de\/produkt\/glen-moray-15-jahre-single-malt\/#breadcrumb"},"inLanguage":"de","potentialAction":[{"@type":"ReadAction","target":["https:\/\/whisky4you.net\/de\/produkt\/glen-moray-15-jahre-single-malt\/"]}]},{"@type":"ImageObject","inLanguage":"de","@id":"https:\/\/whisky4you.net\/de\/produkt\/glen-moray-15-jahre-single-malt\/#primaryimage","url":"https:\/\/whisky4you.net\/wp-content\/uploads\/2020\/12\/Glen-Moray-15-years-Single-Malt.jpg","contentUrl":"https:\/\/whisky4you.net\/wp-content\/uploads\/2020\/12\/Glen-Moray-15-years-Single-Malt.jpg","width":852,"height":850,"caption":"Glen Moray 15 Jahre Single Malt, weicher, gef\u00e4lliger Speyside Whisky, perfekter Start in einen entspannten Nachmittag"},{"@type":"BreadcrumbList","@id":"https:\/\/whisky4you.net\/de\/produkt\/glen-moray-15-jahre-single-malt\/#breadcrumb","itemListElement":[{"@type":"ListItem","position":1,"name":"Home","item":"https:\/\/whisky4you.net\/"},{"@type":"ListItem","position":2,"name":"Online Shop","item":"https:\/\/whisky4you.net\/de\/online-shop\/"},{"@type":"ListItem","position":3,"name":"Glen Moray 15 Jahre Single Malt"}]},{"@type":"WebSite","@id":"https:\/\/whisky4you.net\/de\/#website","url":"https:\/\/whisky4you.net\/de\/","name":"Whisky4you","description":"Dedicated to Whisky interest and Whisky lovers","publisher":{"@id":"https:\/\/whisky4you.net\/de\/#organization"},"potentialAction":[{"@type":"SearchAction","target":{"@type":"EntryPoint","urlTemplate":"https:\/\/whisky4you.net\/de\/?s={search_term_string}"},"query-input":{"@type":"PropertyValueSpecification","valueRequired":true,"valueName":"search_term_string"}}],"inLanguage":"de"},{"@type":"Organization","@id":"https:\/\/whisky4you.net\/de\/#organization","name":"Whisky4you","url":"https:\/\/whisky4you.net\/de\/","logo":{"@type":"ImageObject","inLanguage":"de","@id":"https:\/\/whisky4you.net\/de\/#\/schema\/logo\/image\/","url":"https:\/\/whisky4you.net\/wp-content\/uploads\/2020\/12\/cropped-cropped-cropped-cropped-logo-head.png","contentUrl":"https:\/\/whisky4you.net\/wp-content\/uploads\/2020\/12\/cropped-cropped-cropped-cropped-logo-head.png","width":250,"height":81,"caption":"Whisky4you"},"image":{"@id":"https:\/\/whisky4you.net\/de\/#\/schema\/logo\/image\/"},"sameAs":["https:\/\/www.facebook.com\/Whisky4you.net","https:\/\/www.linkedin.com\/company\/whisky4you\/?viewAsMember=true"]}]}},"jetpack_sharing_enabled":true,"_links":{"self":[{"href":"https:\/\/whisky4you.net\/de\/wp-json\/wp\/v2\/product\/17632","targetHints":{"allow":["GET"]}}],"collection":[{"href":"https:\/\/whisky4you.net\/de\/wp-json\/wp\/v2\/product"}],"about":[{"href":"https:\/\/whisky4you.net\/de\/wp-json\/wp\/v2\/types\/product"}],"replies":[{"embeddable":true,"href":"https:\/\/whisky4you.net\/de\/wp-json\/wp\/v2\/comments?post=17632"}],"version-history":[{"count":0,"href":"https:\/\/whisky4you.net\/de\/wp-json\/wp\/v2\/product\/17632\/revisions"}],"wp:featuredmedia":[{"embeddable":true,"href":"https:\/\/whisky4you.net\/de\/wp-json\/wp\/v2\/media\/18800"}],"wp:attachment":[{"href":"https:\/\/whisky4you.net\/de\/wp-json\/wp\/v2\/media?parent=17632"}],"wp:term":[{"taxonomy":"product_brand","embeddable":true,"href":"https:\/\/whisky4you.net\/de\/wp-json\/wp\/v2\/product_brand?post=17632"},{"taxonomy":"product_cat","embeddable":true,"href":"https:\/\/whisky4you.net\/de\/wp-json\/wp\/v2\/product_cat?post=17632"},{"taxonomy":"product_tag","embeddable":true,"href":"https:\/\/whisky4you.net\/de\/wp-json\/wp\/v2\/product_tag?post=17632"}],"curies":[{"name":"wp","href":"https:\/\/api.w.org\/{rel}","templated":true}]}}