{"id":17644,"date":"2019-04-28T13:51:25","date_gmt":"2019-04-28T12:51:25","guid":{"rendered":"https:\/\/whisky4you.net\/product\/old-ballantruan-10-jahre-single-malt\/"},"modified":"2025-06-09T16:06:20","modified_gmt":"2025-06-09T15:06:20","slug":"old-ballantruan-10-jahre-single-malt","status":"publish","type":"product","link":"https:\/\/whisky4you.net\/de\/produkt\/old-ballantruan-10-jahre-single-malt\/","title":{"rendered":"Old Ballantruan 10 Jahre Single Malt"},"content":{"rendered":"<h3><strong>Old Ballantruan 10 Jahre Single Malt<\/strong><\/h3>\n<p>Der Old Ballantruan 10 Jahre kommt aus der Tomintoul Destillerie und ist daher tats\u00e4chlich ein Speysider, die in der Regel f\u00fcr milde und nicht torfige Malts bekannt sind. Untypischerweise hat dieser aber nicht nur ein kr\u00e4ftiges Raucharoma, sondern ist mit seinen 50% auch ein richtig st\u00fcrmischer Scotch. Er ist den Torfstechern auf dem Feld gewidmet, die auch auf der exklusiven Verpackung zu sehen sind. Im Sonnenuntergang stechen sie dort den ber\u00fchmten Torf aus den schottischen Hochmooren, \u00fcber dem dann die Gerste f\u00fcr die Whisky Produktion ger\u00f6stet wird. So kommt der typische Rauchgehalt schon beim M\u00e4lzen in das sp\u00e4tere Destillat.<\/p>\n<h3><strong>Woher kommt er?<\/strong><\/h3>\n<p>Auch wenn wir sonst die rauchigen Whiskies eher auf der Insel Islay vermuten w\u00fcrden, haben wir hier nun einen kr\u00e4ftig rauchigen Speysider vom Rand der Highlands. Die <span style=\"text-decoration: underline;\"><a href=\"http:\/\/www.tomintoulwhisky.com\/\" target=\"_blank\" rel=\"noopener noreferrer\">Tomintoul Distillery<\/a><\/span> befindet sich in Cromdale Hills am Rande der Highlands. Tomintoul bedeutet &#8222;H\u00fcgel mit Scheunen&#8220; und beschreibt eindrucksvoll die sch\u00f6ne Gegend, in der dieser feine Malt hergestellt wird. Das kostbare Wasser f\u00fcr die Produktion stammt nicht aus dem nahe gelegenen Fluss Avon, sondern aus der Quelle Ballantruan, die in der N\u00e4he des Dorfes Tomintoul sprudelt und unserem Single Malt seinen Namen verlieh. Die Brennerei verf\u00fcgt \u00fcber vier Destillierapparate, die bis zu 3,2 Millionen Liter Alkohol pro Jahr produzieren k\u00f6nnen. Es gibt verschiedene Abf\u00fcllungen ohne Alter auf dem Markt, wobei der 10-J\u00e4hrige sich durch eine erstaunliche Komplexit\u00e4t hervortut. Mit der ausgewiesenen Reifezeit pr\u00e4sentiert er neben der rauchigen Note ein Bouquet weiterer interessanter Aromen aus den Ex-Bourbon Lagerf\u00e4ssern.<\/p>\n<h3><strong>Wie schmeckt er?<\/strong><\/h3>\n<p>Erdiger Torfrauch mischt sich schon beim ersten Schluck mit Eichen- und Gew\u00fcrzaromen. Nehmen Sie sich Zeit, um diesen Dram zu genie\u00dfen und lassen Sie Ihren Gaumen sich an den cremigen Torfrauch gew\u00f6hnen. Dahinter entsteht eine fruchtige S\u00fc\u00dfe mit einem Hauch von Vanillet\u00f6nen, die durch w\u00fcrzige Holz T\u00f6ne strahlen. Eine Prise schwarzer Pfeffer verteilt sich cremig und vollmundig auf der Zunge. Dunkles Karamell und ein feines Grapefruit-Aroma enden in einem langen Abgang mit angenehmen Raucht\u00f6nen und einem w\u00e4rmenden Hauch von Walnuss.<\/p>\n<p>Schauen Sie sich auch unsere\u00a0Verkostungsvideos an und st\u00f6bern\u00a0Sie durch die Hintergrundartikel\u00a0in unserem Blog \u201c<span style=\"text-decoration: underline;\"><a href=\"https:\/\/whisky4you.net\/de\/alles-ueber-whisky\/\">Alles \u00fcber Whisky<\/a><\/span>\u201c.<\/p>\n<p><span style=\"color: #f0ae13;\"><strong>Typ:\u00a0 <\/strong>\u00a0<\/span>\u00a0 \u00a0 \u00a0 \u00a0 \u00a0Single Malt Whisky<\/p>\n<p><strong><span style=\"color: #f0ae13;\">Aroma:\u00a0 \u00a0<\/span><\/strong> w\u00fcrzige Aromen und eine cremige S\u00fc\u00dfe, umgeben von feinem Lagerfeuerrauch<\/p>\n<p><span style=\"color: #f0ae13;\"><strong>Geschmack:<\/strong>\u00a0<\/span> milder Torfrauch, hinter dem fruchtige S\u00fc\u00dfe, Vanille und Pfeffernoten liegen, sowie eine leichte Malzigkeit<\/p>\n<p><span style=\"color: #f0ae13;\"><strong>Abgang:<\/strong>\u00a0<\/span> s\u00fc\u00dfer Karamell und saftige Grapefruit Aromen mit cremigem Rauch und Walnuss Noten<\/p>\n","protected":false},"excerpt":{"rendered":"<ul>\n<li>einzigartiger Single Malt aus der Speyside mit cremigem Torfraucharoma<\/li>\n<li>fruchtige S\u00fc\u00dfe mit einem Hauch von Vanillenoten, schwarzem Pfeffer und einem malzigen R\u00fcckgrat auf der Zunge<\/li>\n<li>dunkles Karamell und saftige Grapefruit leuchten durch die Holzt\u00f6ne und enden in einem langen, w\u00e4rmenden Abgang<\/li>\n<li>kr\u00e4ftiger Scotch, abgef\u00fcllt mit 50% Alkohol<\/li>\n<\/ul>\n<div>\n<div style=\"width: 49%; float: left; margin-right: 1%;\">[borlabs-cookie type=\"content-blocker\" id=\"youtube\" title=\"Youtube\"]<iframe src=\"https:\/\/www.youtube.com\/embed\/OZ5TFqPeSBQ\" width=\"560\" height=\"206\" frameborder=\"0\" allowfullscreen=\"allowfullscreen\"><\/iframe>[\/borlabs-cookie]<\/div>\n<div style=\"width: 49%; float: left; margin-right: 1%;\">[borlabs-cookie type=\"content-blocker\" id=\"youtube\" title=\"Youtube\"]<iframe src=\"https:\/\/www.youtube.com\/embed\/UCofDLzDeFU\" width=\"560\" height=\"206\" frameborder=\"0\" allowfullscreen=\"allowfullscreen\"><\/iframe>[\/borlabs-cookie]<\/div>\n<\/div>\n","protected":false},"featured_media":18897,"comment_status":"open","ping_status":"closed","template":"","meta":[],"product_brand":[],"product_cat":[941,940,943],"product_tag":[765,794,797,808,844,819,818,824,825,832],"class_list":{"0":"post-17644","1":"product","2":"type-product","3":"status-publish","4":"has-post-thumbnail","6":"product_cat-highlands-de","7":"product_cat-scotch-de","8":"product_cat-speyside-de","9":"product_tag-10-jahre","10":"product_tag-ex-bourbon-fasser","11":"product_tag-highlands-de","12":"product_tag-old-ballantruan-de","13":"product_tag-rauchig","14":"product_tag-schottland-de","15":"product_tag-scotch-de","16":"product_tag-single-malt-de","17":"product_tag-speyside-de","18":"product_tag-whisky-de","19":"pa_alcohol-content-50-de","20":"pa_bottled-at-abgefullt-durch-hersteller","21":"pa_country-schottland","22":"pa_distillery-old-ballantruan-de","23":"pa_maturation-casks-bourbon-de","24":"pa_minimum-age-10-jahre","25":"pa_product-net-content-70-cl-de","26":"pa_scotland-highlands-de","27":"pa_scotland-speyside-de","28":"pa_whisky-type-single-malt-de","29":"no-featured-image-padding","30":"sales-flash-overlay","31":"woocommerce-text-align-center","32":"woocommerce-image-align-center","33":"do-quantity-buttons","34":"wc-has-gallery","36":"first","37":"instock","38":"featured","39":"taxable","40":"shipping-taxable","41":"purchasable","42":"product-type-simple"},"yoast_head":"<!-- This site is optimized with the Yoast SEO plugin v27.0 - https:\/\/yoast.com\/product\/yoast-seo-wordpress\/ -->\n<title>Old Ballantruan 10 Jahre Single Malt - Whisky4you Kaufen Sie jetzt!<\/title>\n<meta name=\"description\" content=\"Old Ballantruan 10 Jahre Single Malt, gut gereifter Scotch, erdiger Torfrauch mischt sich mit w\u00fcrzigen Holz- und s\u00fc\u00dfen Vanillenoten.\" \/>\n<meta name=\"robots\" content=\"index, follow, max-snippet:-1, max-image-preview:large, max-video-preview:-1\" \/>\n<link rel=\"canonical\" href=\"https:\/\/whisky4you.net\/de\/produkt\/old-ballantruan-10-jahre-single-malt\/\" \/>\n<meta property=\"og:locale\" content=\"de_DE\" \/>\n<meta property=\"og:type\" content=\"article\" \/>\n<meta property=\"og:title\" content=\"Old Ballantruan 10 Jahre Single Malt - Whisky4you Kaufen Sie jetzt!\" \/>\n<meta property=\"og:description\" content=\"Old Ballantruan 10 Jahre Single Malt, gut gereifter Scotch, erdiger Torfrauch mischt sich mit w\u00fcrzigen Holz- und s\u00fc\u00dfen Vanillenoten.\" \/>\n<meta property=\"og:url\" content=\"https:\/\/whisky4you.net\/de\/produkt\/old-ballantruan-10-jahre-single-malt\/\" \/>\n<meta property=\"og:site_name\" content=\"Whisky4you\" \/>\n<meta property=\"article:publisher\" content=\"https:\/\/www.facebook.com\/Whisky4you.net\" \/>\n<meta property=\"article:modified_time\" content=\"2025-06-09T15:06:20+00:00\" \/>\n<meta property=\"og:image\" content=\"https:\/\/i0.wp.com\/whisky4you.net\/wp-content\/uploads\/2020\/12\/Old-Ballantruan-single-malt-peated-scotch.jpg?fit=854%2C854&ssl=1\" \/>\n\t<meta property=\"og:image:width\" content=\"854\" \/>\n\t<meta property=\"og:image:height\" content=\"854\" \/>\n\t<meta property=\"og:image:type\" content=\"image\/jpeg\" \/>\n<meta name=\"twitter:card\" content=\"summary_large_image\" \/>\n<meta name=\"twitter:label1\" content=\"Gesch\u00e4tzte Lesezeit\" \/>\n\t<meta name=\"twitter:data1\" content=\"2\u00a0Minuten\" \/>\n<script type=\"application\/ld+json\" class=\"yoast-schema-graph\">{\"@context\":\"https:\/\/schema.org\",\"@graph\":[{\"@type\":\"WebPage\",\"@id\":\"https:\/\/whisky4you.net\/de\/produkt\/old-ballantruan-10-jahre-single-malt\/\",\"url\":\"https:\/\/whisky4you.net\/de\/produkt\/old-ballantruan-10-jahre-single-malt\/\",\"name\":\"Old Ballantruan 10 Jahre Single Malt - Whisky4you Kaufen Sie jetzt!\",\"isPartOf\":{\"@id\":\"https:\/\/whisky4you.net\/de\/#website\"},\"primaryImageOfPage\":{\"@id\":\"https:\/\/whisky4you.net\/de\/produkt\/old-ballantruan-10-jahre-single-malt\/#primaryimage\"},\"image\":{\"@id\":\"https:\/\/whisky4you.net\/de\/produkt\/old-ballantruan-10-jahre-single-malt\/#primaryimage\"},\"thumbnailUrl\":\"https:\/\/whisky4you.net\/wp-content\/uploads\/2020\/12\/Old-Ballantruan-single-malt-peated-scotch.jpg\",\"datePublished\":\"2019-04-28T12:51:25+00:00\",\"dateModified\":\"2025-06-09T15:06:20+00:00\",\"description\":\"Old Ballantruan 10 Jahre Single Malt, gut gereifter Scotch, erdiger Torfrauch mischt sich mit w\u00fcrzigen Holz- und s\u00fc\u00dfen Vanillenoten.\",\"breadcrumb\":{\"@id\":\"https:\/\/whisky4you.net\/de\/produkt\/old-ballantruan-10-jahre-single-malt\/#breadcrumb\"},\"inLanguage\":\"de\",\"potentialAction\":[{\"@type\":\"ReadAction\",\"target\":[\"https:\/\/whisky4you.net\/de\/produkt\/old-ballantruan-10-jahre-single-malt\/\"]}]},{\"@type\":\"ImageObject\",\"inLanguage\":\"de\",\"@id\":\"https:\/\/whisky4you.net\/de\/produkt\/old-ballantruan-10-jahre-single-malt\/#primaryimage\",\"url\":\"https:\/\/whisky4you.net\/wp-content\/uploads\/2020\/12\/Old-Ballantruan-single-malt-peated-scotch.jpg\",\"contentUrl\":\"https:\/\/whisky4you.net\/wp-content\/uploads\/2020\/12\/Old-Ballantruan-single-malt-peated-scotch.jpg\",\"width\":854,\"height\":854,\"caption\":\"Old Ballantruan 10 Jahre Single Malt ist eine gut gereifte Abf\u00fcllung der Tomintoul Distillery. Erdiger Torfrauch mischt sich mit w\u00fcrzigen Holz- und s\u00fc\u00dfen Vanillenoten.\"},{\"@type\":\"BreadcrumbList\",\"@id\":\"https:\/\/whisky4you.net\/de\/produkt\/old-ballantruan-10-jahre-single-malt\/#breadcrumb\",\"itemListElement\":[{\"@type\":\"ListItem\",\"position\":1,\"name\":\"Home\",\"item\":\"https:\/\/whisky4you.net\/\"},{\"@type\":\"ListItem\",\"position\":2,\"name\":\"Online Shop\",\"item\":\"https:\/\/whisky4you.net\/de\/online-shop\/\"},{\"@type\":\"ListItem\",\"position\":3,\"name\":\"Old Ballantruan 10 Jahre Single Malt\"}]},{\"@type\":\"WebSite\",\"@id\":\"https:\/\/whisky4you.net\/de\/#website\",\"url\":\"https:\/\/whisky4you.net\/de\/\",\"name\":\"Whisky4you\",\"description\":\"Dedicated to Whisky interest and Whisky lovers\",\"publisher\":{\"@id\":\"https:\/\/whisky4you.net\/de\/#organization\"},\"potentialAction\":[{\"@type\":\"SearchAction\",\"target\":{\"@type\":\"EntryPoint\",\"urlTemplate\":\"https:\/\/whisky4you.net\/de\/?s={search_term_string}\"},\"query-input\":{\"@type\":\"PropertyValueSpecification\",\"valueRequired\":true,\"valueName\":\"search_term_string\"}}],\"inLanguage\":\"de\"},{\"@type\":\"Organization\",\"@id\":\"https:\/\/whisky4you.net\/de\/#organization\",\"name\":\"Whisky4you\",\"url\":\"https:\/\/whisky4you.net\/de\/\",\"logo\":{\"@type\":\"ImageObject\",\"inLanguage\":\"de\",\"@id\":\"https:\/\/whisky4you.net\/de\/#\/schema\/logo\/image\/\",\"url\":\"https:\/\/whisky4you.net\/wp-content\/uploads\/2020\/12\/cropped-cropped-cropped-cropped-logo-head.png\",\"contentUrl\":\"https:\/\/whisky4you.net\/wp-content\/uploads\/2020\/12\/cropped-cropped-cropped-cropped-logo-head.png\",\"width\":250,\"height\":81,\"caption\":\"Whisky4you\"},\"image\":{\"@id\":\"https:\/\/whisky4you.net\/de\/#\/schema\/logo\/image\/\"},\"sameAs\":[\"https:\/\/www.facebook.com\/Whisky4you.net\",\"https:\/\/www.linkedin.com\/company\/whisky4you\/?viewAsMember=true\"]}]}<\/script>\n<!-- \/ Yoast SEO plugin. -->","yoast_head_json":{"title":"Old Ballantruan 10 Jahre Single Malt - Whisky4you Kaufen Sie jetzt!","description":"Old Ballantruan 10 Jahre Single Malt, gut gereifter Scotch, erdiger Torfrauch mischt sich mit w\u00fcrzigen Holz- und s\u00fc\u00dfen Vanillenoten.","robots":{"index":"index","follow":"follow","max-snippet":"max-snippet:-1","max-image-preview":"max-image-preview:large","max-video-preview":"max-video-preview:-1"},"canonical":"https:\/\/whisky4you.net\/de\/produkt\/old-ballantruan-10-jahre-single-malt\/","og_locale":"de_DE","og_type":"article","og_title":"Old Ballantruan 10 Jahre Single Malt - Whisky4you Kaufen Sie jetzt!","og_description":"Old Ballantruan 10 Jahre Single Malt, gut gereifter Scotch, erdiger Torfrauch mischt sich mit w\u00fcrzigen Holz- und s\u00fc\u00dfen Vanillenoten.","og_url":"https:\/\/whisky4you.net\/de\/produkt\/old-ballantruan-10-jahre-single-malt\/","og_site_name":"Whisky4you","article_publisher":"https:\/\/www.facebook.com\/Whisky4you.net","article_modified_time":"2025-06-09T15:06:20+00:00","og_image":[{"width":854,"height":854,"url":"https:\/\/i0.wp.com\/whisky4you.net\/wp-content\/uploads\/2020\/12\/Old-Ballantruan-single-malt-peated-scotch.jpg?fit=854%2C854&ssl=1","type":"image\/jpeg"}],"twitter_card":"summary_large_image","twitter_misc":{"Gesch\u00e4tzte Lesezeit":"2\u00a0Minuten"},"schema":{"@context":"https:\/\/schema.org","@graph":[{"@type":"WebPage","@id":"https:\/\/whisky4you.net\/de\/produkt\/old-ballantruan-10-jahre-single-malt\/","url":"https:\/\/whisky4you.net\/de\/produkt\/old-ballantruan-10-jahre-single-malt\/","name":"Old Ballantruan 10 Jahre Single Malt - Whisky4you Kaufen Sie jetzt!","isPartOf":{"@id":"https:\/\/whisky4you.net\/de\/#website"},"primaryImageOfPage":{"@id":"https:\/\/whisky4you.net\/de\/produkt\/old-ballantruan-10-jahre-single-malt\/#primaryimage"},"image":{"@id":"https:\/\/whisky4you.net\/de\/produkt\/old-ballantruan-10-jahre-single-malt\/#primaryimage"},"thumbnailUrl":"https:\/\/whisky4you.net\/wp-content\/uploads\/2020\/12\/Old-Ballantruan-single-malt-peated-scotch.jpg","datePublished":"2019-04-28T12:51:25+00:00","dateModified":"2025-06-09T15:06:20+00:00","description":"Old Ballantruan 10 Jahre Single Malt, gut gereifter Scotch, erdiger Torfrauch mischt sich mit w\u00fcrzigen Holz- und s\u00fc\u00dfen Vanillenoten.","breadcrumb":{"@id":"https:\/\/whisky4you.net\/de\/produkt\/old-ballantruan-10-jahre-single-malt\/#breadcrumb"},"inLanguage":"de","potentialAction":[{"@type":"ReadAction","target":["https:\/\/whisky4you.net\/de\/produkt\/old-ballantruan-10-jahre-single-malt\/"]}]},{"@type":"ImageObject","inLanguage":"de","@id":"https:\/\/whisky4you.net\/de\/produkt\/old-ballantruan-10-jahre-single-malt\/#primaryimage","url":"https:\/\/whisky4you.net\/wp-content\/uploads\/2020\/12\/Old-Ballantruan-single-malt-peated-scotch.jpg","contentUrl":"https:\/\/whisky4you.net\/wp-content\/uploads\/2020\/12\/Old-Ballantruan-single-malt-peated-scotch.jpg","width":854,"height":854,"caption":"Old Ballantruan 10 Jahre Single Malt ist eine gut gereifte Abf\u00fcllung der Tomintoul Distillery. Erdiger Torfrauch mischt sich mit w\u00fcrzigen Holz- und s\u00fc\u00dfen Vanillenoten."},{"@type":"BreadcrumbList","@id":"https:\/\/whisky4you.net\/de\/produkt\/old-ballantruan-10-jahre-single-malt\/#breadcrumb","itemListElement":[{"@type":"ListItem","position":1,"name":"Home","item":"https:\/\/whisky4you.net\/"},{"@type":"ListItem","position":2,"name":"Online Shop","item":"https:\/\/whisky4you.net\/de\/online-shop\/"},{"@type":"ListItem","position":3,"name":"Old Ballantruan 10 Jahre Single Malt"}]},{"@type":"WebSite","@id":"https:\/\/whisky4you.net\/de\/#website","url":"https:\/\/whisky4you.net\/de\/","name":"Whisky4you","description":"Dedicated to Whisky interest and Whisky lovers","publisher":{"@id":"https:\/\/whisky4you.net\/de\/#organization"},"potentialAction":[{"@type":"SearchAction","target":{"@type":"EntryPoint","urlTemplate":"https:\/\/whisky4you.net\/de\/?s={search_term_string}"},"query-input":{"@type":"PropertyValueSpecification","valueRequired":true,"valueName":"search_term_string"}}],"inLanguage":"de"},{"@type":"Organization","@id":"https:\/\/whisky4you.net\/de\/#organization","name":"Whisky4you","url":"https:\/\/whisky4you.net\/de\/","logo":{"@type":"ImageObject","inLanguage":"de","@id":"https:\/\/whisky4you.net\/de\/#\/schema\/logo\/image\/","url":"https:\/\/whisky4you.net\/wp-content\/uploads\/2020\/12\/cropped-cropped-cropped-cropped-logo-head.png","contentUrl":"https:\/\/whisky4you.net\/wp-content\/uploads\/2020\/12\/cropped-cropped-cropped-cropped-logo-head.png","width":250,"height":81,"caption":"Whisky4you"},"image":{"@id":"https:\/\/whisky4you.net\/de\/#\/schema\/logo\/image\/"},"sameAs":["https:\/\/www.facebook.com\/Whisky4you.net","https:\/\/www.linkedin.com\/company\/whisky4you\/?viewAsMember=true"]}]}},"jetpack_sharing_enabled":true,"_links":{"self":[{"href":"https:\/\/whisky4you.net\/de\/wp-json\/wp\/v2\/product\/17644","targetHints":{"allow":["GET"]}}],"collection":[{"href":"https:\/\/whisky4you.net\/de\/wp-json\/wp\/v2\/product"}],"about":[{"href":"https:\/\/whisky4you.net\/de\/wp-json\/wp\/v2\/types\/product"}],"replies":[{"embeddable":true,"href":"https:\/\/whisky4you.net\/de\/wp-json\/wp\/v2\/comments?post=17644"}],"version-history":[{"count":0,"href":"https:\/\/whisky4you.net\/de\/wp-json\/wp\/v2\/product\/17644\/revisions"}],"wp:featuredmedia":[{"embeddable":true,"href":"https:\/\/whisky4you.net\/de\/wp-json\/wp\/v2\/media\/18897"}],"wp:attachment":[{"href":"https:\/\/whisky4you.net\/de\/wp-json\/wp\/v2\/media?parent=17644"}],"wp:term":[{"taxonomy":"product_brand","embeddable":true,"href":"https:\/\/whisky4you.net\/de\/wp-json\/wp\/v2\/product_brand?post=17644"},{"taxonomy":"product_cat","embeddable":true,"href":"https:\/\/whisky4you.net\/de\/wp-json\/wp\/v2\/product_cat?post=17644"},{"taxonomy":"product_tag","embeddable":true,"href":"https:\/\/whisky4you.net\/de\/wp-json\/wp\/v2\/product_tag?post=17644"}],"curies":[{"name":"wp","href":"https:\/\/api.w.org\/{rel}","templated":true}]}}