{"id":17652,"date":"2018-03-17T16:43:55","date_gmt":"2018-03-17T15:43:55","guid":{"rendered":"https:\/\/whisky4you.net\/product\/aberfeldy-16-jahre-single-malt\/"},"modified":"2025-06-22T21:22:52","modified_gmt":"2025-06-22T20:22:52","slug":"aberfeldy-16-jahre-single-malt","status":"publish","type":"product","link":"https:\/\/whisky4you.net\/de\/produkt\/aberfeldy-16-jahre-single-malt\/","title":{"rendered":"Aberfeldy 16 Jahre Single Malt"},"content":{"rendered":"<h3><strong>Der goldene Highland Scotch<\/strong><\/h3>\n<p>Der Aberfeldy 16 Jahre Single Malt \u00fcberzeugt als traditionelle Abf\u00fcllung der Hauptrange von Aberfeldy mit vollem, rundem und fein w\u00fcrzigem Geschmack. Eine Besonderheit der Brennerei Aberfeldy ist ihr spezielles Quellwasser aus der \u201ePitilie Burn\u201c, die f\u00fcr ihre Reinheit und \u2013 man staune &#8211; ihren Goldanteil bekannt ist. Dies war auch die Inspiration f\u00fcr die leuchtend goldenen Buchstaben auf dem Design des Aberfeldy Labels. Aus diesem speziellen Wasser und guter, schottischen Gerste wird in einer 70-st\u00fcndigen G\u00e4rung ein reichhaltiger Whisky hergestellt. Der Brennvorgang findet in Kupferkesseln statt, die nach alter Tradition seit mehr als einem Jahrhundert von einem schottischen Familienunternehmen handgefertigt werden.<\/p>\n<h3><strong>Wo kommt er her?\u00a0<\/strong><\/h3>\n<p>Aberfeldy liegt in der lieblichen Gegend von Perthshire im schottischen Hochland vor der gleichnamigen Ortschaft am River Tay. Sie ist eine der \u00e4ltesten Brennereien von Perthshire und f\u00fcr ihre s\u00fc\u00dfen und milden Whiskies bekannt. 1898 wurde die Destillerie von der Familie Dewar gegr\u00fcndet und befindet sich nach diversen Eigent\u00fcmerwechseln seit 1998 im Besitz von Bacardi. Bacardi t\u00e4tigte unter ihrer Leitung einige Investitionen in die<span style=\"text-decoration: underline;\"> <a href=\"https:\/\/www.dewars.com\/gl\/en\/aberfeldydistillery\/whisky-distillery\/\" target=\"_blank\" rel=\"noopener noreferrer\">Brennerei<\/a> <\/span>und erweiterte das Produktportfolio um einige sehr interessante Abf\u00fcllungen. Aberfeldy Whiskies sind allgemein bekannt f\u00fcr ihre einzigartigen Honignoten. Heute ist eine breite Palette von Single Malts erh\u00e4ltlich, die von einem 12 Jahre alten bis zu einem sehr erfolgreichen 21 Jahre alten Single Malt reicht.<\/p>\n<h3><strong>Wie schmeckt er?<\/strong><\/h3>\n<p>Der 16-j\u00e4hriger Bruder ist ein sehr ausdrucksstarker Tropfen, der dem Gaumen eine breite Vielfalt an Aromen bietet. Er \u00fcberzeugt mit einem milden und s\u00fc\u00dfen Antritt, einer ausgewogenen Mischung von Noten aus Rosinen, Karamell, Zimt, Kr\u00e4utern, einem Hauch von gr\u00fcnem Apfel und einer frisch gem\u00e4hten Heu Wiese. Es folgen Aromen von saftigen Orangen, die auf der Zunge zu dunkler Schokolade und Butterscotch mit einem Hauch von Lakritz zerschmelzen. Auch nach dem kurzen, aber w\u00fcrzigen Abgang bleibt der Hauch von Schokolade hinter zarten Holznoten zur\u00fcck. Der richtige Schluck f\u00fcr einen sonnigen Moment auf der Terrasse.<\/p>\n<p>Schauen Sie sich auch unsere\u00a0Verkostungsvideos an und st\u00f6bern\u00a0Sie durch die Hintergrundartikel\u00a0in unserem Blog \u201c<span style=\"text-decoration: underline;\"><a href=\"https:\/\/whisky4you.net\/de\/alles-ueber-whisky\/\">Alles \u00fcber Whisky<\/a>\u201c<\/span>.<\/p>\n<p><span style=\"color: #f0ae13;\"><strong>Typ:<\/strong><\/span>\u00a0 \u00a0 \u00a0 \u00a0 \u00a0 \u00a0 \u00a0 \u00a0 \u00a0 Single Malt Whisky<\/p>\n<p><strong><span style=\"color: #f0ae13;\">Aroma:<\/span>\u00a0 \u00a0\u00a0<\/strong>\u00a0 \u00a0 \u00a0 feine Sherry Noten, w\u00fcrziges Eichenholz, Nelken und etwas von Oma\u00b4s Fr\u00fcchtekuchen<\/p>\n<p><span style=\"color: #f0ae13;\"><strong>Geschmack:<\/strong>\u00a0\u00a0<\/span> Zitrusfr\u00fcchte mit der S\u00fc\u00dfe von Honig und etwas dunkler Schokolade<\/p>\n<p><span style=\"color: #f0ae13;\"><strong>Abgang:<\/strong><\/span>\u00a0 \u00a0 \u00a0 \u00a0 \u00a0 \u00a0 w\u00fcrzige Holznoten, komplexer und ausdrucksstarker Abgang<\/p>\n","protected":false},"excerpt":{"rendered":"<ul>\n<li>milder und s\u00fc\u00dfer Start mit unvergleichlichen Honignoten<\/li>\n<li>ausgewogene Aromamischung aus Rosinen, Karamell und Zimt<\/li>\n<li>entwickelt sich zu gr\u00fcnen \u00c4pfeln und saftigen Orangen, die im Abgang dunkle Schokolade haben verwendet Wasser mit Goldgehalt<\/li>\n<\/ul>\n","protected":false},"featured_media":18890,"comment_status":"open","ping_status":"closed","template":"","meta":[],"product_brand":[],"product_cat":[941,940],"product_tag":[769,775,794,797,810,819,818,824,832],"class_list":{"0":"post-17652","1":"product","2":"type-product","3":"status-publish","4":"has-post-thumbnail","6":"product_cat-highlands-de","7":"product_cat-scotch-de","8":"product_tag-16-jahre","9":"product_tag-aberfeldy-de","10":"product_tag-ex-bourbon-fasser","11":"product_tag-highlands-de","12":"product_tag-oloroso-sherry-de","13":"product_tag-schottland-de","14":"product_tag-scotch-de","15":"product_tag-single-malt-de","16":"product_tag-whisky-de","17":"pa_alcohol-content-40-de","18":"pa_bottled-at-abgefullt-durch-hersteller","19":"pa_country-schottland","20":"pa_distillery-aberfeldy-de","21":"pa_maturation-casks-bourbon-de","22":"pa_maturation-casks-oloroso-sherry-de","23":"pa_minimum-age-10-jahre","24":"pa_minimum-age-12-jahre","25":"pa_minimum-age-16-jahre","26":"pa_product-net-content-70-cl-de","27":"pa_scotland-highlands-de","28":"pa_whisky-type-single-malt-de","29":"no-featured-image-padding","30":"sales-flash-overlay","31":"woocommerce-text-align-center","32":"woocommerce-image-align-center","33":"do-quantity-buttons","34":"wc-has-gallery","36":"first","37":"instock","38":"featured","39":"taxable","40":"shipping-taxable","41":"purchasable","42":"product-type-simple"},"yoast_head":"<!-- This site is optimized with the Yoast SEO plugin v27.0 - https:\/\/yoast.com\/product\/yoast-seo-wordpress\/ -->\n<title>Aberfeldy 16 Jahre Single Malt - Whisky4you Kaufen Sie jetzt!<\/title>\n<meta name=\"description\" content=\"Aberfeldy 16 Jahre Single Malt \u00fcberzeugt mit einem vollen, runden Geschmack, unvergleichlichen Honig- und Gew\u00fcrznoten, sowie dunkler Schokolade.\" \/>\n<meta name=\"robots\" content=\"index, follow, max-snippet:-1, max-image-preview:large, max-video-preview:-1\" \/>\n<link rel=\"canonical\" href=\"https:\/\/whisky4you.net\/de\/produkt\/aberfeldy-16-jahre-single-malt\/\" \/>\n<meta property=\"og:locale\" content=\"de_DE\" \/>\n<meta property=\"og:type\" content=\"article\" \/>\n<meta property=\"og:title\" content=\"Aberfeldy 16 Jahre Single Malt - Whisky4you Kaufen Sie jetzt!\" \/>\n<meta property=\"og:description\" content=\"Aberfeldy 16 Jahre Single Malt \u00fcberzeugt mit einem vollen, runden Geschmack, unvergleichlichen Honig- und Gew\u00fcrznoten, sowie dunkler Schokolade.\" \/>\n<meta property=\"og:url\" content=\"https:\/\/whisky4you.net\/de\/produkt\/aberfeldy-16-jahre-single-malt\/\" \/>\n<meta property=\"og:site_name\" content=\"Whisky4you\" \/>\n<meta property=\"article:publisher\" content=\"https:\/\/www.facebook.com\/Whisky4you.net\" \/>\n<meta property=\"article:modified_time\" content=\"2025-06-22T20:22:52+00:00\" \/>\n<meta property=\"og:image\" content=\"https:\/\/i0.wp.com\/whisky4you.net\/wp-content\/uploads\/2020\/12\/Aberfeldy-16-years-single-malt.jpg?fit=857%2C857&ssl=1\" \/>\n\t<meta property=\"og:image:width\" content=\"857\" \/>\n\t<meta property=\"og:image:height\" content=\"857\" \/>\n\t<meta property=\"og:image:type\" content=\"image\/jpeg\" \/>\n<meta name=\"twitter:card\" content=\"summary_large_image\" \/>\n<meta name=\"twitter:label1\" content=\"Gesch\u00e4tzte Lesezeit\" \/>\n\t<meta name=\"twitter:data1\" content=\"2\u00a0Minuten\" \/>\n<script type=\"application\/ld+json\" class=\"yoast-schema-graph\">{\"@context\":\"https:\/\/schema.org\",\"@graph\":[{\"@type\":\"WebPage\",\"@id\":\"https:\/\/whisky4you.net\/de\/produkt\/aberfeldy-16-jahre-single-malt\/\",\"url\":\"https:\/\/whisky4you.net\/de\/produkt\/aberfeldy-16-jahre-single-malt\/\",\"name\":\"Aberfeldy 16 Jahre Single Malt - Whisky4you Kaufen Sie jetzt!\",\"isPartOf\":{\"@id\":\"https:\/\/whisky4you.net\/de\/#website\"},\"primaryImageOfPage\":{\"@id\":\"https:\/\/whisky4you.net\/de\/produkt\/aberfeldy-16-jahre-single-malt\/#primaryimage\"},\"image\":{\"@id\":\"https:\/\/whisky4you.net\/de\/produkt\/aberfeldy-16-jahre-single-malt\/#primaryimage\"},\"thumbnailUrl\":\"https:\/\/whisky4you.net\/wp-content\/uploads\/2020\/12\/Aberfeldy-16-years-single-malt.jpg\",\"datePublished\":\"2018-03-17T15:43:55+00:00\",\"dateModified\":\"2025-06-22T20:22:52+00:00\",\"description\":\"Aberfeldy 16 Jahre Single Malt \u00fcberzeugt mit einem vollen, runden Geschmack, unvergleichlichen Honig- und Gew\u00fcrznoten, sowie dunkler Schokolade.\",\"breadcrumb\":{\"@id\":\"https:\/\/whisky4you.net\/de\/produkt\/aberfeldy-16-jahre-single-malt\/#breadcrumb\"},\"inLanguage\":\"de\",\"potentialAction\":[{\"@type\":\"ReadAction\",\"target\":[\"https:\/\/whisky4you.net\/de\/produkt\/aberfeldy-16-jahre-single-malt\/\"]}]},{\"@type\":\"ImageObject\",\"inLanguage\":\"de\",\"@id\":\"https:\/\/whisky4you.net\/de\/produkt\/aberfeldy-16-jahre-single-malt\/#primaryimage\",\"url\":\"https:\/\/whisky4you.net\/wp-content\/uploads\/2020\/12\/Aberfeldy-16-years-single-malt.jpg\",\"contentUrl\":\"https:\/\/whisky4you.net\/wp-content\/uploads\/2020\/12\/Aberfeldy-16-years-single-malt.jpg\",\"width\":857,\"height\":857,\"caption\":\"Aberfeldy 16 let Single Malt \u00fcberzeugt mit einem vollen, runden Geschmack, unvergleichlichen Honignoten und Holzgew\u00fcrzen, die sich auf der Zunge zu dunkler Schokolade entwickeln.\"},{\"@type\":\"BreadcrumbList\",\"@id\":\"https:\/\/whisky4you.net\/de\/produkt\/aberfeldy-16-jahre-single-malt\/#breadcrumb\",\"itemListElement\":[{\"@type\":\"ListItem\",\"position\":1,\"name\":\"Home\",\"item\":\"https:\/\/whisky4you.net\/\"},{\"@type\":\"ListItem\",\"position\":2,\"name\":\"Online Shop\",\"item\":\"https:\/\/whisky4you.net\/de\/online-shop\/\"},{\"@type\":\"ListItem\",\"position\":3,\"name\":\"Aberfeldy 16 Jahre Single Malt\"}]},{\"@type\":\"WebSite\",\"@id\":\"https:\/\/whisky4you.net\/de\/#website\",\"url\":\"https:\/\/whisky4you.net\/de\/\",\"name\":\"Whisky4you\",\"description\":\"Dedicated to Whisky interest and Whisky lovers\",\"publisher\":{\"@id\":\"https:\/\/whisky4you.net\/de\/#organization\"},\"potentialAction\":[{\"@type\":\"SearchAction\",\"target\":{\"@type\":\"EntryPoint\",\"urlTemplate\":\"https:\/\/whisky4you.net\/de\/?s={search_term_string}\"},\"query-input\":{\"@type\":\"PropertyValueSpecification\",\"valueRequired\":true,\"valueName\":\"search_term_string\"}}],\"inLanguage\":\"de\"},{\"@type\":\"Organization\",\"@id\":\"https:\/\/whisky4you.net\/de\/#organization\",\"name\":\"Whisky4you\",\"url\":\"https:\/\/whisky4you.net\/de\/\",\"logo\":{\"@type\":\"ImageObject\",\"inLanguage\":\"de\",\"@id\":\"https:\/\/whisky4you.net\/de\/#\/schema\/logo\/image\/\",\"url\":\"https:\/\/whisky4you.net\/wp-content\/uploads\/2020\/12\/cropped-cropped-cropped-cropped-logo-head.png\",\"contentUrl\":\"https:\/\/whisky4you.net\/wp-content\/uploads\/2020\/12\/cropped-cropped-cropped-cropped-logo-head.png\",\"width\":250,\"height\":81,\"caption\":\"Whisky4you\"},\"image\":{\"@id\":\"https:\/\/whisky4you.net\/de\/#\/schema\/logo\/image\/\"},\"sameAs\":[\"https:\/\/www.facebook.com\/Whisky4you.net\",\"https:\/\/www.linkedin.com\/company\/whisky4you\/?viewAsMember=true\"]}]}<\/script>\n<!-- \/ Yoast SEO plugin. -->","yoast_head_json":{"title":"Aberfeldy 16 Jahre Single Malt - Whisky4you Kaufen Sie jetzt!","description":"Aberfeldy 16 Jahre Single Malt \u00fcberzeugt mit einem vollen, runden Geschmack, unvergleichlichen Honig- und Gew\u00fcrznoten, sowie dunkler Schokolade.","robots":{"index":"index","follow":"follow","max-snippet":"max-snippet:-1","max-image-preview":"max-image-preview:large","max-video-preview":"max-video-preview:-1"},"canonical":"https:\/\/whisky4you.net\/de\/produkt\/aberfeldy-16-jahre-single-malt\/","og_locale":"de_DE","og_type":"article","og_title":"Aberfeldy 16 Jahre Single Malt - Whisky4you Kaufen Sie jetzt!","og_description":"Aberfeldy 16 Jahre Single Malt \u00fcberzeugt mit einem vollen, runden Geschmack, unvergleichlichen Honig- und Gew\u00fcrznoten, sowie dunkler Schokolade.","og_url":"https:\/\/whisky4you.net\/de\/produkt\/aberfeldy-16-jahre-single-malt\/","og_site_name":"Whisky4you","article_publisher":"https:\/\/www.facebook.com\/Whisky4you.net","article_modified_time":"2025-06-22T20:22:52+00:00","og_image":[{"width":857,"height":857,"url":"https:\/\/i0.wp.com\/whisky4you.net\/wp-content\/uploads\/2020\/12\/Aberfeldy-16-years-single-malt.jpg?fit=857%2C857&ssl=1","type":"image\/jpeg"}],"twitter_card":"summary_large_image","twitter_misc":{"Gesch\u00e4tzte Lesezeit":"2\u00a0Minuten"},"schema":{"@context":"https:\/\/schema.org","@graph":[{"@type":"WebPage","@id":"https:\/\/whisky4you.net\/de\/produkt\/aberfeldy-16-jahre-single-malt\/","url":"https:\/\/whisky4you.net\/de\/produkt\/aberfeldy-16-jahre-single-malt\/","name":"Aberfeldy 16 Jahre Single Malt - Whisky4you Kaufen Sie jetzt!","isPartOf":{"@id":"https:\/\/whisky4you.net\/de\/#website"},"primaryImageOfPage":{"@id":"https:\/\/whisky4you.net\/de\/produkt\/aberfeldy-16-jahre-single-malt\/#primaryimage"},"image":{"@id":"https:\/\/whisky4you.net\/de\/produkt\/aberfeldy-16-jahre-single-malt\/#primaryimage"},"thumbnailUrl":"https:\/\/whisky4you.net\/wp-content\/uploads\/2020\/12\/Aberfeldy-16-years-single-malt.jpg","datePublished":"2018-03-17T15:43:55+00:00","dateModified":"2025-06-22T20:22:52+00:00","description":"Aberfeldy 16 Jahre Single Malt \u00fcberzeugt mit einem vollen, runden Geschmack, unvergleichlichen Honig- und Gew\u00fcrznoten, sowie dunkler Schokolade.","breadcrumb":{"@id":"https:\/\/whisky4you.net\/de\/produkt\/aberfeldy-16-jahre-single-malt\/#breadcrumb"},"inLanguage":"de","potentialAction":[{"@type":"ReadAction","target":["https:\/\/whisky4you.net\/de\/produkt\/aberfeldy-16-jahre-single-malt\/"]}]},{"@type":"ImageObject","inLanguage":"de","@id":"https:\/\/whisky4you.net\/de\/produkt\/aberfeldy-16-jahre-single-malt\/#primaryimage","url":"https:\/\/whisky4you.net\/wp-content\/uploads\/2020\/12\/Aberfeldy-16-years-single-malt.jpg","contentUrl":"https:\/\/whisky4you.net\/wp-content\/uploads\/2020\/12\/Aberfeldy-16-years-single-malt.jpg","width":857,"height":857,"caption":"Aberfeldy 16 let Single Malt \u00fcberzeugt mit einem vollen, runden Geschmack, unvergleichlichen Honignoten und Holzgew\u00fcrzen, die sich auf der Zunge zu dunkler Schokolade entwickeln."},{"@type":"BreadcrumbList","@id":"https:\/\/whisky4you.net\/de\/produkt\/aberfeldy-16-jahre-single-malt\/#breadcrumb","itemListElement":[{"@type":"ListItem","position":1,"name":"Home","item":"https:\/\/whisky4you.net\/"},{"@type":"ListItem","position":2,"name":"Online Shop","item":"https:\/\/whisky4you.net\/de\/online-shop\/"},{"@type":"ListItem","position":3,"name":"Aberfeldy 16 Jahre Single Malt"}]},{"@type":"WebSite","@id":"https:\/\/whisky4you.net\/de\/#website","url":"https:\/\/whisky4you.net\/de\/","name":"Whisky4you","description":"Dedicated to Whisky interest and Whisky lovers","publisher":{"@id":"https:\/\/whisky4you.net\/de\/#organization"},"potentialAction":[{"@type":"SearchAction","target":{"@type":"EntryPoint","urlTemplate":"https:\/\/whisky4you.net\/de\/?s={search_term_string}"},"query-input":{"@type":"PropertyValueSpecification","valueRequired":true,"valueName":"search_term_string"}}],"inLanguage":"de"},{"@type":"Organization","@id":"https:\/\/whisky4you.net\/de\/#organization","name":"Whisky4you","url":"https:\/\/whisky4you.net\/de\/","logo":{"@type":"ImageObject","inLanguage":"de","@id":"https:\/\/whisky4you.net\/de\/#\/schema\/logo\/image\/","url":"https:\/\/whisky4you.net\/wp-content\/uploads\/2020\/12\/cropped-cropped-cropped-cropped-logo-head.png","contentUrl":"https:\/\/whisky4you.net\/wp-content\/uploads\/2020\/12\/cropped-cropped-cropped-cropped-logo-head.png","width":250,"height":81,"caption":"Whisky4you"},"image":{"@id":"https:\/\/whisky4you.net\/de\/#\/schema\/logo\/image\/"},"sameAs":["https:\/\/www.facebook.com\/Whisky4you.net","https:\/\/www.linkedin.com\/company\/whisky4you\/?viewAsMember=true"]}]}},"jetpack_sharing_enabled":true,"_links":{"self":[{"href":"https:\/\/whisky4you.net\/de\/wp-json\/wp\/v2\/product\/17652","targetHints":{"allow":["GET"]}}],"collection":[{"href":"https:\/\/whisky4you.net\/de\/wp-json\/wp\/v2\/product"}],"about":[{"href":"https:\/\/whisky4you.net\/de\/wp-json\/wp\/v2\/types\/product"}],"replies":[{"embeddable":true,"href":"https:\/\/whisky4you.net\/de\/wp-json\/wp\/v2\/comments?post=17652"}],"version-history":[{"count":0,"href":"https:\/\/whisky4you.net\/de\/wp-json\/wp\/v2\/product\/17652\/revisions"}],"wp:featuredmedia":[{"embeddable":true,"href":"https:\/\/whisky4you.net\/de\/wp-json\/wp\/v2\/media\/18890"}],"wp:attachment":[{"href":"https:\/\/whisky4you.net\/de\/wp-json\/wp\/v2\/media?parent=17652"}],"wp:term":[{"taxonomy":"product_brand","embeddable":true,"href":"https:\/\/whisky4you.net\/de\/wp-json\/wp\/v2\/product_brand?post=17652"},{"taxonomy":"product_cat","embeddable":true,"href":"https:\/\/whisky4you.net\/de\/wp-json\/wp\/v2\/product_cat?post=17652"},{"taxonomy":"product_tag","embeddable":true,"href":"https:\/\/whisky4you.net\/de\/wp-json\/wp\/v2\/product_tag?post=17652"}],"curies":[{"name":"wp","href":"https:\/\/api.w.org\/{rel}","templated":true}]}}