{"id":17700,"date":"2019-06-20T17:03:33","date_gmt":"2019-06-20T16:03:33","guid":{"rendered":"https:\/\/whisky4you.net\/product\/aberlour-18-jahre-single-malt\/"},"modified":"2026-03-26T11:40:11","modified_gmt":"2026-03-26T10:40:11","slug":"aberlour-18-jahre-single-malt","status":"publish","type":"product","link":"https:\/\/whisky4you.net\/de\/produkt\/aberlour-18-jahre-single-malt\/","title":{"rendered":"Aberlour 18 Jahre Single Malt"},"content":{"rendered":"<h3><strong>Aberlour 18 Jahre Single Malt<\/strong><\/h3>\n<p>Der Aberlour 18 Jahre Single Malt ist eine der herausragenden Kreationen dieser <span style=\"text-decoration: underline;\"><a href=\"https:\/\/www.aberlour.com\/en\/\" target=\"_blank\" rel=\"noopener noreferrer\">Destillerie<\/a><\/span>. Sie ist in der wundersch\u00f6nen Speyside angesiedelt und produziert mit Leidenschaft und nach alter Tradition ihre hochwertigen Whiskies. Die Quellen des Ben Rinnes liefern das Wasser f\u00fcr die Herstellung dieses kostbaren Tropfens. Die leistungsstarken Pot Stills wurden speziell f\u00fcr diese Brennerei entwickelt. Obwohl sie aus dem Jahr 1879 stammen, sind sie immer noch in gutem Zustand und werden f\u00fcr den Destillationsprozess verwendet. 18 Jahre Reifezeit in Bourbon- und Sherryf\u00e4ssern geben dem 18-j\u00e4hrigen Single Malt wunderbare Noten aus beiden verschiedenen H\u00f6lzern.\u00a0Wie die meisten Speyside-Whiskys wird auch dieser mit rauchfreiem Malz hergestellt. Die lange Reifezeit verleiht ihm eine wunderbare Komplexit\u00e4t und macht ihn zum Aush\u00e4ngeschild der Brennerei. In den letzten Jahren hat dieser herausragende Single Malt neun Goldmedaillen und drei Pot Still-Troph\u00e4en beim renommierten internationalen Wine &amp; Spirit-Wettbewerb gewonnen, zum Beispiel doppeltes Gold beim San Francisco WSC-Wettbewerb. In der Zwischenzeit wird dieser kostbare Single Malt aber offensichtlich knapper. Es wird derzeit noch in 0,5l Flaschen mit 43% Alkoholgehalt auf dem Markt angeboten.<\/p>\n<h3><strong>Wie schmeckt er?<\/strong><\/h3>\n<p>Kr\u00e4ftige fruchtige Noten aus den Sherryf\u00e4ssern zeigen sich von Anfang an und werden von einer feinen, milden S\u00fc\u00dfe begleitet. Honig und Karamell sowie leichte Mandelaromen verw\u00f6hnen die Nase. Auf der Zunge entfaltet sich dann ein Bouquet von wunderbaren Trockenfr\u00fcchten, Pfirsichen und Orangennoten. Im tiefen, w\u00e4rmenden Abgang bleiben die s\u00fc\u00dfen Bestandteile, sowie zarte Holznoten noch lange auf der Zunge. Ein wunderbarer Tropfen f\u00fcr Liebhaber von hochwertigen, nicht rauchigen Speyside Single Malts. Schauen Sie sich auch unsere Verkostungsvideos an und st\u00f6bern Sie durch die Hintergrundartikel in unserem Blog &#8222;<span style=\"text-decoration: underline;\"><a href=\"https:\/\/whisky4you.net\/de\/alles-ueber-whisky\/\" target=\"_blank\" rel=\"noopener noreferrer\">Alles \u00fcber Whisky<\/a><\/span>&#8222;.<\/p>\n<p><span style=\"color: #f0ae13;\"><strong>Typ:<\/strong>\u00a0<\/span>\u00a0 \u00a0 \u00a0 \u00a0 \u00a0 Single Malt Whisky<\/p>\n<p><strong><span style=\"color: #f0ae13;\">Aroma:\u00a0 \u00a0 <\/span><\/strong>kr\u00e4ftige Sherry Aromen mit s\u00fc\u00dfen schweren Fr\u00fcchten, eine gro\u00dfartige Honignote, \u00fcbergehend in Karamell, Gew\u00fcrztee und Bourbon-Vanille<\/p>\n<p><span style=\"color: #f0ae13;\"><strong>Geschmack:<\/strong>\u00a0<\/span> weiche Trockenfr\u00fcchte, etwas Orangenschale und s\u00fc\u00dfe Aprikosen, ein Hauch von Eiche<\/p>\n<p><span style=\"color: #f0ae13;\"><strong>Abgang:<\/strong>\u00a0<\/span> langer und ausgewogener Abgang mit weichen Holzt\u00f6nen und zartem Toffee<\/p>\n","protected":false},"excerpt":{"rendered":"<ul>\n<li>Hervorragender Speyside Single Malt<\/li>\n<li>18 Jahre Reifung in Ex-Bourbon- und Sherry-F\u00e4ssern<\/li>\n<li>Starke Noten von Pfirsichen, Orangen und s\u00fc\u00dfen Trockenfr\u00fcchten werden von einer feinen, milden S\u00fc\u00dfe von Honig und Karamell begleitet<\/li>\n<li>langer und tief w\u00e4rmender Abgang mit s\u00fc\u00dfem und eichenartigem Aroma<\/li>\n<li>ein besonderer Tropfen f\u00fcr die Liebhaber von nicht torfigen, hochwertigen Whiskies<\/li>\n<\/ul>\n","protected":false},"featured_media":20362,"comment_status":"open","ping_status":"closed","template":"","meta":[],"product_brand":[],"product_cat":[941,940,943],"product_tag":[770,776,794,840,819,818,823,824,825,832],"class_list":{"0":"post-17700","1":"product","2":"type-product","3":"status-publish","4":"has-post-thumbnail","6":"product_cat-highlands-de","7":"product_cat-scotch-de","8":"product_cat-speyside-de","9":"product_tag-18-jahre","10":"product_tag-aberlour-de","11":"product_tag-ex-bourbon-fasser","12":"product_tag-nicht-rauchig","13":"product_tag-schottland-de","14":"product_tag-scotch-de","15":"product_tag-sherry-fass","16":"product_tag-single-malt-de","17":"product_tag-speyside-de","18":"product_tag-whisky-de","19":"pa_alcohol-content-43-de","20":"pa_bottled-at-abgefullt-durch-hersteller","21":"pa_country-schottland","22":"pa_distillery-aberlour-de","23":"pa_maturation-casks-bourbon-de","24":"pa_maturation-casks-sherry-de","25":"pa_minimum-age-18-jahre","26":"pa_product-net-content-50-cl-de","27":"pa_scotland-speyside-de","28":"pa_whisky-type-single-malt-de","29":"no-featured-image-padding","30":"sales-flash-overlay","31":"woocommerce-text-align-center","32":"woocommerce-image-align-center","33":"do-quantity-buttons","34":"wc-has-gallery","36":"first","37":"outofstock","38":"featured","39":"taxable","40":"shipping-taxable","41":"purchasable","42":"product-type-simple"},"yoast_head":"<!-- This site is optimized with the Yoast SEO plugin v27.0 - https:\/\/yoast.com\/product\/yoast-seo-wordpress\/ -->\n<title>Aberlour 18 Jahre Single Malt - Whisky4you Kaufen Sie jetzt!<\/title>\n<meta name=\"description\" content=\"Aberlour 18 Jahre Single Malt ist ein nicht torfiger Whisky, der in Bourbon- und Sherryf\u00e4ssern gereift ist und k\u00f6stliche Frucht- und Holz Noten bietet.\" \/>\n<meta name=\"robots\" content=\"index, follow, max-snippet:-1, max-image-preview:large, max-video-preview:-1\" \/>\n<link rel=\"canonical\" href=\"https:\/\/whisky4you.net\/de\/produkt\/aberlour-18-jahre-single-malt\/\" \/>\n<meta property=\"og:locale\" content=\"de_DE\" \/>\n<meta property=\"og:type\" content=\"article\" \/>\n<meta property=\"og:title\" content=\"Aberlour 18 Jahre Single Malt - Whisky4you Kaufen Sie jetzt!\" \/>\n<meta property=\"og:description\" content=\"Aberlour 18 Jahre Single Malt ist ein nicht torfiger Whisky, der in Bourbon- und Sherryf\u00e4ssern gereift ist und k\u00f6stliche Frucht- und Holz Noten bietet.\" \/>\n<meta property=\"og:url\" content=\"https:\/\/whisky4you.net\/de\/produkt\/aberlour-18-jahre-single-malt\/\" \/>\n<meta property=\"og:site_name\" content=\"Whisky4you\" \/>\n<meta property=\"article:publisher\" content=\"https:\/\/www.facebook.com\/Whisky4you.net\" \/>\n<meta property=\"article:modified_time\" content=\"2026-03-26T10:40:11+00:00\" \/>\n<meta property=\"og:image\" content=\"https:\/\/i0.wp.com\/whisky4you.net\/wp-content\/uploads\/2021\/08\/Aberlour-18-produkt.jpg?fit=761%2C759&ssl=1\" \/>\n\t<meta property=\"og:image:width\" content=\"761\" \/>\n\t<meta property=\"og:image:height\" content=\"759\" \/>\n\t<meta property=\"og:image:type\" content=\"image\/jpeg\" \/>\n<meta name=\"twitter:card\" content=\"summary_large_image\" \/>\n<meta name=\"twitter:label1\" content=\"Gesch\u00e4tzte Lesezeit\" \/>\n\t<meta name=\"twitter:data1\" content=\"2\u00a0Minuten\" \/>\n<script type=\"application\/ld+json\" class=\"yoast-schema-graph\">{\"@context\":\"https:\/\/schema.org\",\"@graph\":[{\"@type\":\"WebPage\",\"@id\":\"https:\/\/whisky4you.net\/de\/produkt\/aberlour-18-jahre-single-malt\/\",\"url\":\"https:\/\/whisky4you.net\/de\/produkt\/aberlour-18-jahre-single-malt\/\",\"name\":\"Aberlour 18 Jahre Single Malt - Whisky4you Kaufen Sie jetzt!\",\"isPartOf\":{\"@id\":\"https:\/\/whisky4you.net\/de\/#website\"},\"primaryImageOfPage\":{\"@id\":\"https:\/\/whisky4you.net\/de\/produkt\/aberlour-18-jahre-single-malt\/#primaryimage\"},\"image\":{\"@id\":\"https:\/\/whisky4you.net\/de\/produkt\/aberlour-18-jahre-single-malt\/#primaryimage\"},\"thumbnailUrl\":\"https:\/\/whisky4you.net\/wp-content\/uploads\/2021\/08\/Aberlour-18-produkt.jpg\",\"datePublished\":\"2019-06-20T16:03:33+00:00\",\"dateModified\":\"2026-03-26T10:40:11+00:00\",\"description\":\"Aberlour 18 Jahre Single Malt ist ein nicht torfiger Whisky, der in Bourbon- und Sherryf\u00e4ssern gereift ist und k\u00f6stliche Frucht- und Holz Noten bietet.\",\"breadcrumb\":{\"@id\":\"https:\/\/whisky4you.net\/de\/produkt\/aberlour-18-jahre-single-malt\/#breadcrumb\"},\"inLanguage\":\"de\",\"potentialAction\":[{\"@type\":\"ReadAction\",\"target\":[\"https:\/\/whisky4you.net\/de\/produkt\/aberlour-18-jahre-single-malt\/\"]}]},{\"@type\":\"ImageObject\",\"inLanguage\":\"de\",\"@id\":\"https:\/\/whisky4you.net\/de\/produkt\/aberlour-18-jahre-single-malt\/#primaryimage\",\"url\":\"https:\/\/whisky4you.net\/wp-content\/uploads\/2021\/08\/Aberlour-18-produkt.jpg\",\"contentUrl\":\"https:\/\/whisky4you.net\/wp-content\/uploads\/2021\/08\/Aberlour-18-produkt.jpg\",\"width\":761,\"height\":759,\"caption\":\"Aberlour 18 Jahre Single Malt ist ein nicht torfiger Speyside Single Malt. 18 Jahre Reifung in Bourbon- und Sherryf\u00e4ssern sorgten f\u00fcr eine k\u00f6stliche Mischung aus fruchtigen Holznoten.\"},{\"@type\":\"BreadcrumbList\",\"@id\":\"https:\/\/whisky4you.net\/de\/produkt\/aberlour-18-jahre-single-malt\/#breadcrumb\",\"itemListElement\":[{\"@type\":\"ListItem\",\"position\":1,\"name\":\"Home\",\"item\":\"https:\/\/whisky4you.net\/\"},{\"@type\":\"ListItem\",\"position\":2,\"name\":\"Online Shop\",\"item\":\"https:\/\/whisky4you.net\/de\/online-shop\/\"},{\"@type\":\"ListItem\",\"position\":3,\"name\":\"Aberlour 18 Jahre Single Malt\"}]},{\"@type\":\"WebSite\",\"@id\":\"https:\/\/whisky4you.net\/de\/#website\",\"url\":\"https:\/\/whisky4you.net\/de\/\",\"name\":\"Whisky4you\",\"description\":\"Dedicated to Whisky interest and Whisky lovers\",\"publisher\":{\"@id\":\"https:\/\/whisky4you.net\/de\/#organization\"},\"potentialAction\":[{\"@type\":\"SearchAction\",\"target\":{\"@type\":\"EntryPoint\",\"urlTemplate\":\"https:\/\/whisky4you.net\/de\/?s={search_term_string}\"},\"query-input\":{\"@type\":\"PropertyValueSpecification\",\"valueRequired\":true,\"valueName\":\"search_term_string\"}}],\"inLanguage\":\"de\"},{\"@type\":\"Organization\",\"@id\":\"https:\/\/whisky4you.net\/de\/#organization\",\"name\":\"Whisky4you\",\"url\":\"https:\/\/whisky4you.net\/de\/\",\"logo\":{\"@type\":\"ImageObject\",\"inLanguage\":\"de\",\"@id\":\"https:\/\/whisky4you.net\/de\/#\/schema\/logo\/image\/\",\"url\":\"https:\/\/whisky4you.net\/wp-content\/uploads\/2020\/12\/cropped-cropped-cropped-cropped-logo-head.png\",\"contentUrl\":\"https:\/\/whisky4you.net\/wp-content\/uploads\/2020\/12\/cropped-cropped-cropped-cropped-logo-head.png\",\"width\":250,\"height\":81,\"caption\":\"Whisky4you\"},\"image\":{\"@id\":\"https:\/\/whisky4you.net\/de\/#\/schema\/logo\/image\/\"},\"sameAs\":[\"https:\/\/www.facebook.com\/Whisky4you.net\",\"https:\/\/www.linkedin.com\/company\/whisky4you\/?viewAsMember=true\"]}]}<\/script>\n<!-- \/ Yoast SEO plugin. -->","yoast_head_json":{"title":"Aberlour 18 Jahre Single Malt - Whisky4you Kaufen Sie jetzt!","description":"Aberlour 18 Jahre Single Malt ist ein nicht torfiger Whisky, der in Bourbon- und Sherryf\u00e4ssern gereift ist und k\u00f6stliche Frucht- und Holz Noten bietet.","robots":{"index":"index","follow":"follow","max-snippet":"max-snippet:-1","max-image-preview":"max-image-preview:large","max-video-preview":"max-video-preview:-1"},"canonical":"https:\/\/whisky4you.net\/de\/produkt\/aberlour-18-jahre-single-malt\/","og_locale":"de_DE","og_type":"article","og_title":"Aberlour 18 Jahre Single Malt - Whisky4you Kaufen Sie jetzt!","og_description":"Aberlour 18 Jahre Single Malt ist ein nicht torfiger Whisky, der in Bourbon- und Sherryf\u00e4ssern gereift ist und k\u00f6stliche Frucht- und Holz Noten bietet.","og_url":"https:\/\/whisky4you.net\/de\/produkt\/aberlour-18-jahre-single-malt\/","og_site_name":"Whisky4you","article_publisher":"https:\/\/www.facebook.com\/Whisky4you.net","article_modified_time":"2026-03-26T10:40:11+00:00","og_image":[{"width":761,"height":759,"url":"https:\/\/i0.wp.com\/whisky4you.net\/wp-content\/uploads\/2021\/08\/Aberlour-18-produkt.jpg?fit=761%2C759&ssl=1","type":"image\/jpeg"}],"twitter_card":"summary_large_image","twitter_misc":{"Gesch\u00e4tzte Lesezeit":"2\u00a0Minuten"},"schema":{"@context":"https:\/\/schema.org","@graph":[{"@type":"WebPage","@id":"https:\/\/whisky4you.net\/de\/produkt\/aberlour-18-jahre-single-malt\/","url":"https:\/\/whisky4you.net\/de\/produkt\/aberlour-18-jahre-single-malt\/","name":"Aberlour 18 Jahre Single Malt - Whisky4you Kaufen Sie jetzt!","isPartOf":{"@id":"https:\/\/whisky4you.net\/de\/#website"},"primaryImageOfPage":{"@id":"https:\/\/whisky4you.net\/de\/produkt\/aberlour-18-jahre-single-malt\/#primaryimage"},"image":{"@id":"https:\/\/whisky4you.net\/de\/produkt\/aberlour-18-jahre-single-malt\/#primaryimage"},"thumbnailUrl":"https:\/\/whisky4you.net\/wp-content\/uploads\/2021\/08\/Aberlour-18-produkt.jpg","datePublished":"2019-06-20T16:03:33+00:00","dateModified":"2026-03-26T10:40:11+00:00","description":"Aberlour 18 Jahre Single Malt ist ein nicht torfiger Whisky, der in Bourbon- und Sherryf\u00e4ssern gereift ist und k\u00f6stliche Frucht- und Holz Noten bietet.","breadcrumb":{"@id":"https:\/\/whisky4you.net\/de\/produkt\/aberlour-18-jahre-single-malt\/#breadcrumb"},"inLanguage":"de","potentialAction":[{"@type":"ReadAction","target":["https:\/\/whisky4you.net\/de\/produkt\/aberlour-18-jahre-single-malt\/"]}]},{"@type":"ImageObject","inLanguage":"de","@id":"https:\/\/whisky4you.net\/de\/produkt\/aberlour-18-jahre-single-malt\/#primaryimage","url":"https:\/\/whisky4you.net\/wp-content\/uploads\/2021\/08\/Aberlour-18-produkt.jpg","contentUrl":"https:\/\/whisky4you.net\/wp-content\/uploads\/2021\/08\/Aberlour-18-produkt.jpg","width":761,"height":759,"caption":"Aberlour 18 Jahre Single Malt ist ein nicht torfiger Speyside Single Malt. 18 Jahre Reifung in Bourbon- und Sherryf\u00e4ssern sorgten f\u00fcr eine k\u00f6stliche Mischung aus fruchtigen Holznoten."},{"@type":"BreadcrumbList","@id":"https:\/\/whisky4you.net\/de\/produkt\/aberlour-18-jahre-single-malt\/#breadcrumb","itemListElement":[{"@type":"ListItem","position":1,"name":"Home","item":"https:\/\/whisky4you.net\/"},{"@type":"ListItem","position":2,"name":"Online Shop","item":"https:\/\/whisky4you.net\/de\/online-shop\/"},{"@type":"ListItem","position":3,"name":"Aberlour 18 Jahre Single Malt"}]},{"@type":"WebSite","@id":"https:\/\/whisky4you.net\/de\/#website","url":"https:\/\/whisky4you.net\/de\/","name":"Whisky4you","description":"Dedicated to Whisky interest and Whisky lovers","publisher":{"@id":"https:\/\/whisky4you.net\/de\/#organization"},"potentialAction":[{"@type":"SearchAction","target":{"@type":"EntryPoint","urlTemplate":"https:\/\/whisky4you.net\/de\/?s={search_term_string}"},"query-input":{"@type":"PropertyValueSpecification","valueRequired":true,"valueName":"search_term_string"}}],"inLanguage":"de"},{"@type":"Organization","@id":"https:\/\/whisky4you.net\/de\/#organization","name":"Whisky4you","url":"https:\/\/whisky4you.net\/de\/","logo":{"@type":"ImageObject","inLanguage":"de","@id":"https:\/\/whisky4you.net\/de\/#\/schema\/logo\/image\/","url":"https:\/\/whisky4you.net\/wp-content\/uploads\/2020\/12\/cropped-cropped-cropped-cropped-logo-head.png","contentUrl":"https:\/\/whisky4you.net\/wp-content\/uploads\/2020\/12\/cropped-cropped-cropped-cropped-logo-head.png","width":250,"height":81,"caption":"Whisky4you"},"image":{"@id":"https:\/\/whisky4you.net\/de\/#\/schema\/logo\/image\/"},"sameAs":["https:\/\/www.facebook.com\/Whisky4you.net","https:\/\/www.linkedin.com\/company\/whisky4you\/?viewAsMember=true"]}]}},"jetpack_sharing_enabled":true,"_links":{"self":[{"href":"https:\/\/whisky4you.net\/de\/wp-json\/wp\/v2\/product\/17700","targetHints":{"allow":["GET"]}}],"collection":[{"href":"https:\/\/whisky4you.net\/de\/wp-json\/wp\/v2\/product"}],"about":[{"href":"https:\/\/whisky4you.net\/de\/wp-json\/wp\/v2\/types\/product"}],"replies":[{"embeddable":true,"href":"https:\/\/whisky4you.net\/de\/wp-json\/wp\/v2\/comments?post=17700"}],"version-history":[{"count":0,"href":"https:\/\/whisky4you.net\/de\/wp-json\/wp\/v2\/product\/17700\/revisions"}],"wp:featuredmedia":[{"embeddable":true,"href":"https:\/\/whisky4you.net\/de\/wp-json\/wp\/v2\/media\/20362"}],"wp:attachment":[{"href":"https:\/\/whisky4you.net\/de\/wp-json\/wp\/v2\/media?parent=17700"}],"wp:term":[{"taxonomy":"product_brand","embeddable":true,"href":"https:\/\/whisky4you.net\/de\/wp-json\/wp\/v2\/product_brand?post=17700"},{"taxonomy":"product_cat","embeddable":true,"href":"https:\/\/whisky4you.net\/de\/wp-json\/wp\/v2\/product_cat?post=17700"},{"taxonomy":"product_tag","embeddable":true,"href":"https:\/\/whisky4you.net\/de\/wp-json\/wp\/v2\/product_tag?post=17700"}],"curies":[{"name":"wp","href":"https:\/\/api.w.org\/{rel}","templated":true}]}}