{"id":17703,"date":"2019-01-03T19:01:38","date_gmt":"2019-01-03T18:01:38","guid":{"rendered":"https:\/\/whisky4you.net\/product\/caledonia-12-jahre-single-malt\/"},"modified":"2025-07-15T22:52:11","modified_gmt":"2025-07-15T21:52:11","slug":"caledonia-12-jahre-single-malt","status":"publish","type":"product","link":"https:\/\/whisky4you.net\/de\/produkt\/caledonia-12-jahre-single-malt\/","title":{"rendered":"Caledonia 12 Jahre Single Malt"},"content":{"rendered":"<h3><strong>Ein besonderer Single Malt von einer der kleinsten Scotch Destillerien<\/strong><\/h3>\n<p>Caledonia 12 Jahre Single Malt ist eine feine Scotch-Kreation von <span style=\"text-decoration: underline;\"><a href=\"https:\/\/whisky4you.net\/de\/portfolio\/edradour-destillerie\/\" target=\"_blank\" rel=\"noopener noreferrer\">Edradour<\/a><\/span>, einer der kleinsten Destillerien in den schottischen Highlands, in der N\u00e4he der Ortschaft Pitlochry. Der gastfreundliche Familienbetrieb produziert nur ca. 130.000 l pro Jahr und arbeitet noch weitgehend von Hand, nach alten Traditionen und sorgf\u00e4ltig auf einem hohem Qualit\u00e4tsniveau.<\/p>\n<p>Der Eigent\u00fcmer Andrew Symington ist bekannt f\u00fcr seine Experimentierfreudigkeit mit den unterschiedlichsten F\u00e4ssern f\u00fcr die Reifung seiner Whiskies. Dadurch gibt es bei Edradour ein sehr vielseitiges Portfolio an Single Malts zu entdecken. Der Caledonia 12 Jahre wird zudem noch von einer sch\u00f6nen Geschichte begleitet.<\/p>\n<h3><strong>Die Liebe zu Schottland im Glas<\/strong><\/h3>\n<p>&#8222;Lass mich sagen, dass ich dich liebe und unentwegt an dich denke,&#8230; wenn du mich rufst, gehen meine Gedanken heim &#8230;&#8220; Der schottische Volksmusiker Dougie MacLean singt <a href=\"https:\/\/youtu.be\/wP8A9rtg0iI\" target=\"_blank\" rel=\"noopener noreferrer\">in diesem Lied von 1977<\/a> \u00fcber seine Sehnsucht nach seiner schottischen Heimat. Inspiriert von diesem Lied kreierten der Komponist und Andrew Symington zusammen einen wunderbaren Scotch, der sowohl Liebhaber guter Musik als auch guten Whiskies fasziniert.\u00a0<\/p>\n<h3><strong>Wie schmeckt er?<\/strong><\/h3>\n<p>Hinter dieser melancholischen Geschichte steht mit dem 12-j\u00e4hrigen Single Malt &#8222;Caledonia&#8220; einer der erfolgreichsten Single Malts von <span style=\"text-decoration: underline;\"><a href=\"https:\/\/www.edradour.com\/\" target=\"_blank\" rel=\"noopener noreferrer\">Edradour<\/a><\/span>. Seine reichen Sherry-Aromen kommen aus der extrem langen 42-monatigen Nachreifung in Oloroso Sherryf\u00e4ssern. Die s\u00fc\u00dfen Aromen von Datteln, N\u00fcssen und Honig f\u00fcgen sich zu einer wunderbar komplexen Kombination mit den Holz- und Tabaknoten aus den Ex-Bourbon F\u00e4ssern zusammen. Genie\u00dfen Sie diesen beeindruckenden Scotch bei dem ihm gewidmeten Song.<\/p>\n<p>Schauen Sie sich auch unsere Verkostungsvideos an und st\u00f6bern Sie durch die Hintergrundartikel in unserem Blog \u201c<span style=\"text-decoration: underline;\"><a href=\"https:\/\/whisky4you.net\/de\/alles-ueber-whisky\/\" target=\"_blank\" rel=\"noopener noreferrer\">Alles \u00fcber Whisky<\/a>\u201c<\/span>.<\/p>\n<p><span style=\"color: #f0ae13;\"><strong>Typ:<\/strong> <\/span>Single Malt Whisky<\/p>\n<p><strong><span style=\"color: #f0ae13;\">Aroma:\u00a0 <\/span><\/strong>kr\u00e4ftige Sherry-Aromen, s\u00fc\u00dfer Heidehonig, Feigen und Datteln, w\u00fcrzige Eiche im Hintergrund<\/p>\n<p><span style=\"color: #f0ae13;\"><strong>Geschmack:<\/strong>\u00a0<\/span> feine Fruchtnoten von Rosinen und Datteln, bedeckt mit Honig, Mandeln und Toffee, gut ausbalanciert mit den Eichenaromen und einem Hauch von Tabak<\/p>\n<p><span style=\"color: #f0ae13;\"><strong>Finish:<\/strong>\u00a0<\/span> \u00fcberraschend trocken und w\u00fcrzig, lang anhaltend, mit leichten, samtigen Kakaonoten<\/p>\n","protected":false},"excerpt":{"rendered":"<ul>\n<li>erfolgreicher Single Malt aus der kleinsten Brennerei Schottlands<\/li>\n<li>kommt mit einer sch\u00f6nen Geschichte und einem engagierten Lied von Dougie MacLean<\/li>\n<li>Endreifung 42 Monate in Oloroso-Sherryf\u00e4ssern<\/li>\n<li>wunderbare Fruchtt\u00f6ne, Spuren von Honig, N\u00fcssen, Datteln und Tabak<\/li>\n<\/ul>\n","protected":false},"featured_media":18817,"comment_status":"open","ping_status":"closed","template":"","meta":[],"product_brand":[],"product_cat":[941,940],"product_tag":[766,788,820,794,797,810,819,818,824,832],"class_list":{"0":"post-17703","1":"product","2":"type-product","3":"status-publish","4":"has-post-thumbnail","6":"product_cat-highlands-de","7":"product_cat-scotch-de","8":"product_tag-12-jahre","9":"product_tag-caledonia-de","10":"product_tag-edradour","11":"product_tag-ex-bourbon-fasser","12":"product_tag-highlands-de","13":"product_tag-oloroso-sherry-de","14":"product_tag-schottland-de","15":"product_tag-scotch-de","16":"product_tag-single-malt-de","17":"product_tag-whisky-de","18":"pa_alcohol-content-46-de","19":"pa_bottled-at-abgefullt-durch-hersteller","20":"pa_country-schottland","21":"pa_distillery-edradour-de","22":"pa_maturation-casks-bourbon-de","23":"pa_maturation-casks-oloroso-sherry-de","24":"pa_minimum-age-12-jahre","25":"pa_product-net-content-70-cl-de","26":"pa_scotland-highlands-de","27":"pa_whisky-type-single-malt-de","28":"no-featured-image-padding","29":"sales-flash-overlay","30":"woocommerce-text-align-center","31":"woocommerce-image-align-center","32":"do-quantity-buttons","33":"wc-has-gallery","35":"first","36":"instock","37":"featured","38":"taxable","39":"shipping-taxable","40":"purchasable","41":"product-type-simple"},"yoast_head":"<!-- This site is optimized with the Yoast SEO plugin v27.0 - https:\/\/yoast.com\/product\/yoast-seo-wordpress\/ -->\n<title>Caledonia 12 Jahre Single Malt - Whisky4you Kaufen Sie jetzt!<\/title>\n<meta name=\"description\" content=\"Caledonia 12 Jahre Single Malt von Edradour, 42 Monate in Oloroso Sherry-F\u00e4ssern gereift, cremig-s\u00fc\u00dfe Noten mit einem Hauch von Trauben und Honig.\" \/>\n<meta name=\"robots\" content=\"index, follow, max-snippet:-1, max-image-preview:large, max-video-preview:-1\" \/>\n<link rel=\"canonical\" href=\"https:\/\/whisky4you.net\/de\/produkt\/caledonia-12-jahre-single-malt\/\" \/>\n<meta property=\"og:locale\" content=\"de_DE\" \/>\n<meta property=\"og:type\" content=\"article\" \/>\n<meta property=\"og:title\" content=\"Caledonia 12 Jahre Single Malt - Whisky4you Kaufen Sie jetzt!\" \/>\n<meta property=\"og:description\" content=\"Caledonia 12 Jahre Single Malt von Edradour, 42 Monate in Oloroso Sherry-F\u00e4ssern gereift, cremig-s\u00fc\u00dfe Noten mit einem Hauch von Trauben und Honig.\" \/>\n<meta property=\"og:url\" content=\"https:\/\/whisky4you.net\/de\/produkt\/caledonia-12-jahre-single-malt\/\" \/>\n<meta property=\"og:site_name\" content=\"Whisky4you\" \/>\n<meta property=\"article:publisher\" content=\"https:\/\/www.facebook.com\/Whisky4you.net\" \/>\n<meta property=\"article:modified_time\" content=\"2025-07-15T21:52:11+00:00\" \/>\n<meta property=\"og:image\" content=\"https:\/\/i0.wp.com\/whisky4you.net\/wp-content\/uploads\/2020\/12\/Edradour-Caledonia-Single-Malt-Scotch-from-the-Highlands.jpg?fit=852%2C850&ssl=1\" \/>\n\t<meta property=\"og:image:width\" content=\"852\" \/>\n\t<meta property=\"og:image:height\" content=\"850\" \/>\n\t<meta property=\"og:image:type\" content=\"image\/jpeg\" \/>\n<meta name=\"twitter:card\" content=\"summary_large_image\" \/>\n<meta name=\"twitter:label1\" content=\"Gesch\u00e4tzte Lesezeit\" \/>\n\t<meta name=\"twitter:data1\" content=\"2\u00a0Minuten\" \/>\n<script type=\"application\/ld+json\" class=\"yoast-schema-graph\">{\"@context\":\"https:\/\/schema.org\",\"@graph\":[{\"@type\":\"WebPage\",\"@id\":\"https:\/\/whisky4you.net\/de\/produkt\/caledonia-12-jahre-single-malt\/\",\"url\":\"https:\/\/whisky4you.net\/de\/produkt\/caledonia-12-jahre-single-malt\/\",\"name\":\"Caledonia 12 Jahre Single Malt - Whisky4you Kaufen Sie jetzt!\",\"isPartOf\":{\"@id\":\"https:\/\/whisky4you.net\/de\/#website\"},\"primaryImageOfPage\":{\"@id\":\"https:\/\/whisky4you.net\/de\/produkt\/caledonia-12-jahre-single-malt\/#primaryimage\"},\"image\":{\"@id\":\"https:\/\/whisky4you.net\/de\/produkt\/caledonia-12-jahre-single-malt\/#primaryimage\"},\"thumbnailUrl\":\"https:\/\/whisky4you.net\/wp-content\/uploads\/2020\/12\/Edradour-Caledonia-Single-Malt-Scotch-from-the-Highlands.jpg\",\"datePublished\":\"2019-01-03T18:01:38+00:00\",\"dateModified\":\"2025-07-15T21:52:11+00:00\",\"description\":\"Caledonia 12 Jahre Single Malt von Edradour, 42 Monate in Oloroso Sherry-F\u00e4ssern gereift, cremig-s\u00fc\u00dfe Noten mit einem Hauch von Trauben und Honig.\",\"breadcrumb\":{\"@id\":\"https:\/\/whisky4you.net\/de\/produkt\/caledonia-12-jahre-single-malt\/#breadcrumb\"},\"inLanguage\":\"de\",\"potentialAction\":[{\"@type\":\"ReadAction\",\"target\":[\"https:\/\/whisky4you.net\/de\/produkt\/caledonia-12-jahre-single-malt\/\"]}]},{\"@type\":\"ImageObject\",\"inLanguage\":\"de\",\"@id\":\"https:\/\/whisky4you.net\/de\/produkt\/caledonia-12-jahre-single-malt\/#primaryimage\",\"url\":\"https:\/\/whisky4you.net\/wp-content\/uploads\/2020\/12\/Edradour-Caledonia-Single-Malt-Scotch-from-the-Highlands.jpg\",\"contentUrl\":\"https:\/\/whisky4you.net\/wp-content\/uploads\/2020\/12\/Edradour-Caledonia-Single-Malt-Scotch-from-the-Highlands.jpg\",\"width\":852,\"height\":850,\"caption\":\"Caledonia 12 Jahre Single Malt, gro\u00dfartiger Scotch aus den Highlands!\"},{\"@type\":\"BreadcrumbList\",\"@id\":\"https:\/\/whisky4you.net\/de\/produkt\/caledonia-12-jahre-single-malt\/#breadcrumb\",\"itemListElement\":[{\"@type\":\"ListItem\",\"position\":1,\"name\":\"Home\",\"item\":\"https:\/\/whisky4you.net\/\"},{\"@type\":\"ListItem\",\"position\":2,\"name\":\"Online Shop\",\"item\":\"https:\/\/whisky4you.net\/de\/online-shop\/\"},{\"@type\":\"ListItem\",\"position\":3,\"name\":\"Caledonia 12 Jahre Single Malt\"}]},{\"@type\":\"WebSite\",\"@id\":\"https:\/\/whisky4you.net\/de\/#website\",\"url\":\"https:\/\/whisky4you.net\/de\/\",\"name\":\"Whisky4you\",\"description\":\"Dedicated to Whisky interest and Whisky lovers\",\"publisher\":{\"@id\":\"https:\/\/whisky4you.net\/de\/#organization\"},\"potentialAction\":[{\"@type\":\"SearchAction\",\"target\":{\"@type\":\"EntryPoint\",\"urlTemplate\":\"https:\/\/whisky4you.net\/de\/?s={search_term_string}\"},\"query-input\":{\"@type\":\"PropertyValueSpecification\",\"valueRequired\":true,\"valueName\":\"search_term_string\"}}],\"inLanguage\":\"de\"},{\"@type\":\"Organization\",\"@id\":\"https:\/\/whisky4you.net\/de\/#organization\",\"name\":\"Whisky4you\",\"url\":\"https:\/\/whisky4you.net\/de\/\",\"logo\":{\"@type\":\"ImageObject\",\"inLanguage\":\"de\",\"@id\":\"https:\/\/whisky4you.net\/de\/#\/schema\/logo\/image\/\",\"url\":\"https:\/\/whisky4you.net\/wp-content\/uploads\/2020\/12\/cropped-cropped-cropped-cropped-logo-head.png\",\"contentUrl\":\"https:\/\/whisky4you.net\/wp-content\/uploads\/2020\/12\/cropped-cropped-cropped-cropped-logo-head.png\",\"width\":250,\"height\":81,\"caption\":\"Whisky4you\"},\"image\":{\"@id\":\"https:\/\/whisky4you.net\/de\/#\/schema\/logo\/image\/\"},\"sameAs\":[\"https:\/\/www.facebook.com\/Whisky4you.net\",\"https:\/\/www.linkedin.com\/company\/whisky4you\/?viewAsMember=true\"]}]}<\/script>\n<!-- \/ Yoast SEO plugin. -->","yoast_head_json":{"title":"Caledonia 12 Jahre Single Malt - Whisky4you Kaufen Sie jetzt!","description":"Caledonia 12 Jahre Single Malt von Edradour, 42 Monate in Oloroso Sherry-F\u00e4ssern gereift, cremig-s\u00fc\u00dfe Noten mit einem Hauch von Trauben und Honig.","robots":{"index":"index","follow":"follow","max-snippet":"max-snippet:-1","max-image-preview":"max-image-preview:large","max-video-preview":"max-video-preview:-1"},"canonical":"https:\/\/whisky4you.net\/de\/produkt\/caledonia-12-jahre-single-malt\/","og_locale":"de_DE","og_type":"article","og_title":"Caledonia 12 Jahre Single Malt - Whisky4you Kaufen Sie jetzt!","og_description":"Caledonia 12 Jahre Single Malt von Edradour, 42 Monate in Oloroso Sherry-F\u00e4ssern gereift, cremig-s\u00fc\u00dfe Noten mit einem Hauch von Trauben und Honig.","og_url":"https:\/\/whisky4you.net\/de\/produkt\/caledonia-12-jahre-single-malt\/","og_site_name":"Whisky4you","article_publisher":"https:\/\/www.facebook.com\/Whisky4you.net","article_modified_time":"2025-07-15T21:52:11+00:00","og_image":[{"width":852,"height":850,"url":"https:\/\/i0.wp.com\/whisky4you.net\/wp-content\/uploads\/2020\/12\/Edradour-Caledonia-Single-Malt-Scotch-from-the-Highlands.jpg?fit=852%2C850&ssl=1","type":"image\/jpeg"}],"twitter_card":"summary_large_image","twitter_misc":{"Gesch\u00e4tzte Lesezeit":"2\u00a0Minuten"},"schema":{"@context":"https:\/\/schema.org","@graph":[{"@type":"WebPage","@id":"https:\/\/whisky4you.net\/de\/produkt\/caledonia-12-jahre-single-malt\/","url":"https:\/\/whisky4you.net\/de\/produkt\/caledonia-12-jahre-single-malt\/","name":"Caledonia 12 Jahre Single Malt - Whisky4you Kaufen Sie jetzt!","isPartOf":{"@id":"https:\/\/whisky4you.net\/de\/#website"},"primaryImageOfPage":{"@id":"https:\/\/whisky4you.net\/de\/produkt\/caledonia-12-jahre-single-malt\/#primaryimage"},"image":{"@id":"https:\/\/whisky4you.net\/de\/produkt\/caledonia-12-jahre-single-malt\/#primaryimage"},"thumbnailUrl":"https:\/\/whisky4you.net\/wp-content\/uploads\/2020\/12\/Edradour-Caledonia-Single-Malt-Scotch-from-the-Highlands.jpg","datePublished":"2019-01-03T18:01:38+00:00","dateModified":"2025-07-15T21:52:11+00:00","description":"Caledonia 12 Jahre Single Malt von Edradour, 42 Monate in Oloroso Sherry-F\u00e4ssern gereift, cremig-s\u00fc\u00dfe Noten mit einem Hauch von Trauben und Honig.","breadcrumb":{"@id":"https:\/\/whisky4you.net\/de\/produkt\/caledonia-12-jahre-single-malt\/#breadcrumb"},"inLanguage":"de","potentialAction":[{"@type":"ReadAction","target":["https:\/\/whisky4you.net\/de\/produkt\/caledonia-12-jahre-single-malt\/"]}]},{"@type":"ImageObject","inLanguage":"de","@id":"https:\/\/whisky4you.net\/de\/produkt\/caledonia-12-jahre-single-malt\/#primaryimage","url":"https:\/\/whisky4you.net\/wp-content\/uploads\/2020\/12\/Edradour-Caledonia-Single-Malt-Scotch-from-the-Highlands.jpg","contentUrl":"https:\/\/whisky4you.net\/wp-content\/uploads\/2020\/12\/Edradour-Caledonia-Single-Malt-Scotch-from-the-Highlands.jpg","width":852,"height":850,"caption":"Caledonia 12 Jahre Single Malt, gro\u00dfartiger Scotch aus den Highlands!"},{"@type":"BreadcrumbList","@id":"https:\/\/whisky4you.net\/de\/produkt\/caledonia-12-jahre-single-malt\/#breadcrumb","itemListElement":[{"@type":"ListItem","position":1,"name":"Home","item":"https:\/\/whisky4you.net\/"},{"@type":"ListItem","position":2,"name":"Online Shop","item":"https:\/\/whisky4you.net\/de\/online-shop\/"},{"@type":"ListItem","position":3,"name":"Caledonia 12 Jahre Single Malt"}]},{"@type":"WebSite","@id":"https:\/\/whisky4you.net\/de\/#website","url":"https:\/\/whisky4you.net\/de\/","name":"Whisky4you","description":"Dedicated to Whisky interest and Whisky lovers","publisher":{"@id":"https:\/\/whisky4you.net\/de\/#organization"},"potentialAction":[{"@type":"SearchAction","target":{"@type":"EntryPoint","urlTemplate":"https:\/\/whisky4you.net\/de\/?s={search_term_string}"},"query-input":{"@type":"PropertyValueSpecification","valueRequired":true,"valueName":"search_term_string"}}],"inLanguage":"de"},{"@type":"Organization","@id":"https:\/\/whisky4you.net\/de\/#organization","name":"Whisky4you","url":"https:\/\/whisky4you.net\/de\/","logo":{"@type":"ImageObject","inLanguage":"de","@id":"https:\/\/whisky4you.net\/de\/#\/schema\/logo\/image\/","url":"https:\/\/whisky4you.net\/wp-content\/uploads\/2020\/12\/cropped-cropped-cropped-cropped-logo-head.png","contentUrl":"https:\/\/whisky4you.net\/wp-content\/uploads\/2020\/12\/cropped-cropped-cropped-cropped-logo-head.png","width":250,"height":81,"caption":"Whisky4you"},"image":{"@id":"https:\/\/whisky4you.net\/de\/#\/schema\/logo\/image\/"},"sameAs":["https:\/\/www.facebook.com\/Whisky4you.net","https:\/\/www.linkedin.com\/company\/whisky4you\/?viewAsMember=true"]}]}},"jetpack_sharing_enabled":true,"_links":{"self":[{"href":"https:\/\/whisky4you.net\/de\/wp-json\/wp\/v2\/product\/17703","targetHints":{"allow":["GET"]}}],"collection":[{"href":"https:\/\/whisky4you.net\/de\/wp-json\/wp\/v2\/product"}],"about":[{"href":"https:\/\/whisky4you.net\/de\/wp-json\/wp\/v2\/types\/product"}],"replies":[{"embeddable":true,"href":"https:\/\/whisky4you.net\/de\/wp-json\/wp\/v2\/comments?post=17703"}],"version-history":[{"count":0,"href":"https:\/\/whisky4you.net\/de\/wp-json\/wp\/v2\/product\/17703\/revisions"}],"wp:featuredmedia":[{"embeddable":true,"href":"https:\/\/whisky4you.net\/de\/wp-json\/wp\/v2\/media\/18817"}],"wp:attachment":[{"href":"https:\/\/whisky4you.net\/de\/wp-json\/wp\/v2\/media?parent=17703"}],"wp:term":[{"taxonomy":"product_brand","embeddable":true,"href":"https:\/\/whisky4you.net\/de\/wp-json\/wp\/v2\/product_brand?post=17703"},{"taxonomy":"product_cat","embeddable":true,"href":"https:\/\/whisky4you.net\/de\/wp-json\/wp\/v2\/product_cat?post=17703"},{"taxonomy":"product_tag","embeddable":true,"href":"https:\/\/whisky4you.net\/de\/wp-json\/wp\/v2\/product_tag?post=17703"}],"curies":[{"name":"wp","href":"https:\/\/api.w.org\/{rel}","templated":true}]}}