{"id":17710,"date":"2019-01-03T11:47:41","date_gmt":"2019-01-03T10:47:41","guid":{"rendered":"https:\/\/whisky4you.net\/product\/talisker-18-years-single-malt\/"},"modified":"2025-04-16T06:53:09","modified_gmt":"2025-04-16T05:53:09","slug":"talisker-18-jahre-single-malt","status":"publish","type":"product","link":"https:\/\/whisky4you.net\/de\/produkt\/talisker-18-jahre-single-malt\/","title":{"rendered":"Talisker 18 Jahre Single Malt"},"content":{"rendered":"<h3><strong>Talisker 18 Jahre Single Malt<\/strong><\/h3>\n<p>Der Talisker 18 Jahre Single Malt ist eine spezielle und manchmal seltene Flasche aus der Talisker Serie, eine der weniger Talisker Whiskies mit nachgewiesenem Alter. Besonders im Vergleich zu dem 10j\u00e4hrigen begeistert er mit gro\u00dfer Komplexit\u00e4t, die die lange Reifezeit mit sich bringt. Andererseits hat er sich bei aller Ausgewogenheit immer noch einen starken eigenen Charakter bewahrt. Damit ist diese Flasche auf jeden Fall etwas Besonderes und verdient einen Platz in der Bar von Liebhabern rauchiger Scotch Whiskies.<\/p>\n<h3><strong>Woher kommt er?<\/strong><\/h3>\n<p>1830 ruderten die MacAskill-Br\u00fcder von Eigg \u00fcber den Ozean auf die Insel Skye, um dort die <span style=\"text-decoration: underline;\"><a href=\"https:\/\/www.malts.com\/en-gb\/brands\/talisker\" target=\"_blank\" rel=\"noopener noreferrer\">Talisker Brennerei<\/a> <\/span>zu errichten. Etwa 70 Jahre sp\u00e4ter geh\u00f6rte Talisker bereits zu den meistverkauften schottischen Malts. Talisker hat im Laufe der Zeit St\u00fcrme, Krisen und Feuer \u00fcberlebt und produziert immer noch bemerkenswerte Whiskies, die heute zur Classic-Malts-Serie des Diageo Konzerns geh\u00f6ren. Der Brennereicharakter ist kraftvoll, pfeffrig-salzig und rauchig.<\/p>\n<h3><strong>Wie schmeckt er?<\/strong><\/h3>\n<p>Nach einem cremig-rauchigen Antritt folgt im Geschmack eine delikate Fruchtigkeit, die an Pflaumen und s\u00fc\u00dfe Himbeeren erinnert. Dahinter sp\u00fcren wir den jodhaltigen Meeresgeschmack, der typisch f\u00fcr diese Destillerie von der Insel Skye ist. Die Rauheit des Meeres war immer eine Inspiration f\u00fcr die Brennmeister von Talisker und schm\u00fcckt auch das Label der meisten aktuellen Verpackungen. Ein weiteres typisches Merkmal von Talisker ist der sogenannte \u201eChili Catch\u201c, ein leicht scharfer, pfeffriger Geschmack auf der Zunge, der auch in diesem 18 Jahre alten Single Malt nach all den Jahren der Reifung noch deutlich vorhanden ist. Dieses pfefferig-w\u00fcrzige Finish rundet das wundervolle Gesamtbild ab und l\u00e4sst Sie erraten, warum der Talisker 18 Jahre Single Malt von Kennern und Whisky-Liebhabern weltweit so hoch gesch\u00e4tzt wird. Ein sehr interessanter und komplexer Single Malt und ein perfekter Tropfen f\u00fcr Ihre besonderen Momente!<br \/>\nSchauen Sie sich auch unsere Verkostungsvideos an, genie\u00dfen Sie die Hintergrundartikel in unserem Blog <a href=\"https:\/\/whisky4you.net\/de\/alles-ueber-whisky\/\" target=\"_blank\" rel=\"noopener noreferrer\"><span style=\"text-decoration: underline;\">\u201cAlles \u00fcber Whisky<\/span>\u201d.<\/a><\/p>\n<p><span style=\"color: #f0ae13;\"><strong>Typ:<\/strong> <\/span>\u00a0Single Malt Whisky<\/p>\n<p><strong><span style=\"color: #f0ae13;\">Aroma: <\/span><\/strong> \u00f6ffnet ein buntes Bouquet fruchtiger Aromen von Pflaumen und s\u00fc\u00dfen Beeren, gefolgt von w\u00fcrzigen Noten von Ingwer und schwarzem Pfeffer, umgeben von einer salzigen Meeresbrise mit cremigem Holzfeuer Rauch<\/p>\n<p><span style=\"color: #f0ae13;\"><strong>Geschmack:<\/strong>\u00a0<\/span> nach einem vollmundigem Start entwickelt sich dieser gut gereifte Single Malt auf der Zunge zu komplexen Aromen von Ingwer, s\u00fc\u00dfen Orangen und reifen Trauben, gefolgt von salzigem Karamell, das an eine Meeresbrise mit einem Hauch von Jod und Algen erinnert<\/p>\n<p><span style=\"color: #f0ae13;\"><strong>Abgang:<\/strong>\u00a0<\/span> gl\u00fchender, w\u00e4rmender Abgang mit dem ber\u00fchmten Chili-Catch, verbleibt auf der Zunge mit einer wunderbaren Mischung aus rauchig-s\u00fc\u00dfem Vanille \u00d6l<\/p>\n","protected":false},"excerpt":{"rendered":"<ul>\n<li>18 j\u00e4hriger Single Malt Scotch der Talisker Range<\/li>\n<li>gereift in amerikanischen Eichenf\u00e4ssern, Nachreifung in Sherryf\u00e4ssern<\/li>\n<li>komplex mit k\u00f6stlichen Fruchtaromen, ausgewogener Sch\u00e4rfe und cremigem Rauch<\/li>\n<li>Chili-Catch sorgt f\u00fcr eine \u00fcberraschende Frische und einen langen, w\u00e4rmenden Abgang<\/li>\n<\/ul>\n","protected":false},"featured_media":17386,"comment_status":"open","ping_status":"closed","template":"","meta":[],"product_brand":[],"product_cat":[944,940],"product_tag":[770,777,790,794,801,844,819,824,827,828,832],"class_list":{"0":"post-17710","1":"product","2":"type-product","3":"status-publish","4":"has-post-thumbnail","6":"product_cat-islands-de","7":"product_cat-scotch-de","8":"product_tag-18-jahre","9":"product_tag-amoroso-sherry-de","10":"product_tag-chilli-catch-de","11":"product_tag-ex-bourbon-fasser","12":"product_tag-isle-of-skye-de","13":"product_tag-rauchig","14":"product_tag-schottland-de","15":"product_tag-single-malt-de","16":"product_tag-talisker-de","17":"product_tag-talisker-18-years-de","18":"product_tag-whisky-de","19":"pa_alcohol-content-853","20":"pa_bottled-at-abgefullt-durch-hersteller","21":"pa_distillery-talisker-de","22":"pa_maturation-casks-bourbon-de","23":"pa_maturation-casks-sherry-de","24":"pa_minimum-age-18-jahre","25":"pa_product-net-content-70-cl-de","26":"pa_scotland-islands-de","27":"pa_whisky-type-single-malt-de","28":"no-featured-image-padding","29":"sales-flash-overlay","30":"woocommerce-text-align-center","31":"woocommerce-image-align-center","32":"do-quantity-buttons","33":"wc-has-gallery","35":"first","36":"outofstock","37":"featured","38":"taxable","39":"shipping-taxable","40":"purchasable","41":"product-type-simple"},"yoast_head":"<!-- This site is optimized with the Yoast SEO plugin v27.0 - https:\/\/yoast.com\/product\/yoast-seo-wordpress\/ -->\n<title>Talisker 18 Jahre Single Malt - Whisky4you - Kaufen Sie jetzt!<\/title>\n<meta name=\"description\" content=\"Single Malt Scotch, 18 Jahre gereift, komplex mit k\u00f6stlichen Fruchtaromen, ausgewogener Sch\u00e4rfe und dem ber\u00fchmten Talisker-Chili-Catch.\" \/>\n<meta name=\"robots\" content=\"index, follow, max-snippet:-1, max-image-preview:large, max-video-preview:-1\" \/>\n<link rel=\"canonical\" href=\"https:\/\/whisky4you.net\/de\/produkt\/talisker-18-jahre-single-malt\/\" \/>\n<meta property=\"og:locale\" content=\"de_DE\" \/>\n<meta property=\"og:type\" content=\"article\" \/>\n<meta property=\"og:title\" content=\"Talisker 18 Jahre Single Malt - Whisky4you - Kaufen Sie jetzt!\" \/>\n<meta property=\"og:description\" content=\"Single Malt Scotch, 18 Jahre gereift, komplex mit k\u00f6stlichen Fruchtaromen, ausgewogener Sch\u00e4rfe und dem ber\u00fchmten Talisker-Chili-Catch.\" \/>\n<meta property=\"og:url\" content=\"https:\/\/whisky4you.net\/de\/produkt\/talisker-18-jahre-single-malt\/\" \/>\n<meta property=\"og:site_name\" content=\"Whisky4you\" \/>\n<meta property=\"article:publisher\" content=\"https:\/\/www.facebook.com\/Whisky4you.net\" \/>\n<meta property=\"article:modified_time\" content=\"2025-04-16T05:53:09+00:00\" \/>\n<meta property=\"og:image\" content=\"https:\/\/i0.wp.com\/whisky4you.net\/wp-content\/uploads\/2019\/01\/Talisker18J.jpg?fit=530%2C529&ssl=1\" \/>\n\t<meta property=\"og:image:width\" content=\"530\" \/>\n\t<meta property=\"og:image:height\" content=\"529\" \/>\n\t<meta property=\"og:image:type\" content=\"image\/jpeg\" \/>\n<meta name=\"twitter:card\" content=\"summary_large_image\" \/>\n<meta name=\"twitter:label1\" content=\"Gesch\u00e4tzte Lesezeit\" \/>\n\t<meta name=\"twitter:data1\" content=\"2\u00a0Minuten\" \/>\n<script type=\"application\/ld+json\" class=\"yoast-schema-graph\">{\"@context\":\"https:\/\/schema.org\",\"@graph\":[{\"@type\":\"WebPage\",\"@id\":\"https:\/\/whisky4you.net\/de\/produkt\/talisker-18-jahre-single-malt\/\",\"url\":\"https:\/\/whisky4you.net\/de\/produkt\/talisker-18-jahre-single-malt\/\",\"name\":\"Talisker 18 Jahre Single Malt - Whisky4you - Kaufen Sie jetzt!\",\"isPartOf\":{\"@id\":\"https:\/\/whisky4you.net\/de\/#website\"},\"primaryImageOfPage\":{\"@id\":\"https:\/\/whisky4you.net\/de\/produkt\/talisker-18-jahre-single-malt\/#primaryimage\"},\"image\":{\"@id\":\"https:\/\/whisky4you.net\/de\/produkt\/talisker-18-jahre-single-malt\/#primaryimage\"},\"thumbnailUrl\":\"https:\/\/whisky4you.net\/wp-content\/uploads\/2019\/01\/Talisker18J.jpg\",\"datePublished\":\"2019-01-03T10:47:41+00:00\",\"dateModified\":\"2025-04-16T05:53:09+00:00\",\"description\":\"Single Malt Scotch, 18 Jahre gereift, komplex mit k\u00f6stlichen Fruchtaromen, ausgewogener Sch\u00e4rfe und dem ber\u00fchmten Talisker-Chili-Catch.\",\"breadcrumb\":{\"@id\":\"https:\/\/whisky4you.net\/de\/produkt\/talisker-18-jahre-single-malt\/#breadcrumb\"},\"inLanguage\":\"de\",\"potentialAction\":[{\"@type\":\"ReadAction\",\"target\":[\"https:\/\/whisky4you.net\/de\/produkt\/talisker-18-jahre-single-malt\/\"]}]},{\"@type\":\"ImageObject\",\"inLanguage\":\"de\",\"@id\":\"https:\/\/whisky4you.net\/de\/produkt\/talisker-18-jahre-single-malt\/#primaryimage\",\"url\":\"https:\/\/whisky4you.net\/wp-content\/uploads\/2019\/01\/Talisker18J.jpg\",\"contentUrl\":\"https:\/\/whisky4you.net\/wp-content\/uploads\/2019\/01\/Talisker18J.jpg\",\"width\":530,\"height\":529,\"caption\":\"Talisker 18 Jahre Single Malt\"},{\"@type\":\"BreadcrumbList\",\"@id\":\"https:\/\/whisky4you.net\/de\/produkt\/talisker-18-jahre-single-malt\/#breadcrumb\",\"itemListElement\":[{\"@type\":\"ListItem\",\"position\":1,\"name\":\"Home\",\"item\":\"https:\/\/whisky4you.net\/\"},{\"@type\":\"ListItem\",\"position\":2,\"name\":\"Online Shop\",\"item\":\"https:\/\/whisky4you.net\/de\/online-shop\/\"},{\"@type\":\"ListItem\",\"position\":3,\"name\":\"Talisker 18 Jahre Single Malt\"}]},{\"@type\":\"WebSite\",\"@id\":\"https:\/\/whisky4you.net\/de\/#website\",\"url\":\"https:\/\/whisky4you.net\/de\/\",\"name\":\"Whisky4you\",\"description\":\"Dedicated to Whisky interest and Whisky lovers\",\"publisher\":{\"@id\":\"https:\/\/whisky4you.net\/de\/#organization\"},\"potentialAction\":[{\"@type\":\"SearchAction\",\"target\":{\"@type\":\"EntryPoint\",\"urlTemplate\":\"https:\/\/whisky4you.net\/de\/?s={search_term_string}\"},\"query-input\":{\"@type\":\"PropertyValueSpecification\",\"valueRequired\":true,\"valueName\":\"search_term_string\"}}],\"inLanguage\":\"de\"},{\"@type\":\"Organization\",\"@id\":\"https:\/\/whisky4you.net\/de\/#organization\",\"name\":\"Whisky4you\",\"url\":\"https:\/\/whisky4you.net\/de\/\",\"logo\":{\"@type\":\"ImageObject\",\"inLanguage\":\"de\",\"@id\":\"https:\/\/whisky4you.net\/de\/#\/schema\/logo\/image\/\",\"url\":\"https:\/\/whisky4you.net\/wp-content\/uploads\/2020\/12\/cropped-cropped-cropped-cropped-logo-head.png\",\"contentUrl\":\"https:\/\/whisky4you.net\/wp-content\/uploads\/2020\/12\/cropped-cropped-cropped-cropped-logo-head.png\",\"width\":250,\"height\":81,\"caption\":\"Whisky4you\"},\"image\":{\"@id\":\"https:\/\/whisky4you.net\/de\/#\/schema\/logo\/image\/\"},\"sameAs\":[\"https:\/\/www.facebook.com\/Whisky4you.net\",\"https:\/\/www.linkedin.com\/company\/whisky4you\/?viewAsMember=true\"]}]}<\/script>\n<!-- \/ Yoast SEO plugin. -->","yoast_head_json":{"title":"Talisker 18 Jahre Single Malt - Whisky4you - Kaufen Sie jetzt!","description":"Single Malt Scotch, 18 Jahre gereift, komplex mit k\u00f6stlichen Fruchtaromen, ausgewogener Sch\u00e4rfe und dem ber\u00fchmten Talisker-Chili-Catch.","robots":{"index":"index","follow":"follow","max-snippet":"max-snippet:-1","max-image-preview":"max-image-preview:large","max-video-preview":"max-video-preview:-1"},"canonical":"https:\/\/whisky4you.net\/de\/produkt\/talisker-18-jahre-single-malt\/","og_locale":"de_DE","og_type":"article","og_title":"Talisker 18 Jahre Single Malt - Whisky4you - Kaufen Sie jetzt!","og_description":"Single Malt Scotch, 18 Jahre gereift, komplex mit k\u00f6stlichen Fruchtaromen, ausgewogener Sch\u00e4rfe und dem ber\u00fchmten Talisker-Chili-Catch.","og_url":"https:\/\/whisky4you.net\/de\/produkt\/talisker-18-jahre-single-malt\/","og_site_name":"Whisky4you","article_publisher":"https:\/\/www.facebook.com\/Whisky4you.net","article_modified_time":"2025-04-16T05:53:09+00:00","og_image":[{"width":530,"height":529,"url":"https:\/\/i0.wp.com\/whisky4you.net\/wp-content\/uploads\/2019\/01\/Talisker18J.jpg?fit=530%2C529&ssl=1","type":"image\/jpeg"}],"twitter_card":"summary_large_image","twitter_misc":{"Gesch\u00e4tzte Lesezeit":"2\u00a0Minuten"},"schema":{"@context":"https:\/\/schema.org","@graph":[{"@type":"WebPage","@id":"https:\/\/whisky4you.net\/de\/produkt\/talisker-18-jahre-single-malt\/","url":"https:\/\/whisky4you.net\/de\/produkt\/talisker-18-jahre-single-malt\/","name":"Talisker 18 Jahre Single Malt - Whisky4you - Kaufen Sie jetzt!","isPartOf":{"@id":"https:\/\/whisky4you.net\/de\/#website"},"primaryImageOfPage":{"@id":"https:\/\/whisky4you.net\/de\/produkt\/talisker-18-jahre-single-malt\/#primaryimage"},"image":{"@id":"https:\/\/whisky4you.net\/de\/produkt\/talisker-18-jahre-single-malt\/#primaryimage"},"thumbnailUrl":"https:\/\/whisky4you.net\/wp-content\/uploads\/2019\/01\/Talisker18J.jpg","datePublished":"2019-01-03T10:47:41+00:00","dateModified":"2025-04-16T05:53:09+00:00","description":"Single Malt Scotch, 18 Jahre gereift, komplex mit k\u00f6stlichen Fruchtaromen, ausgewogener Sch\u00e4rfe und dem ber\u00fchmten Talisker-Chili-Catch.","breadcrumb":{"@id":"https:\/\/whisky4you.net\/de\/produkt\/talisker-18-jahre-single-malt\/#breadcrumb"},"inLanguage":"de","potentialAction":[{"@type":"ReadAction","target":["https:\/\/whisky4you.net\/de\/produkt\/talisker-18-jahre-single-malt\/"]}]},{"@type":"ImageObject","inLanguage":"de","@id":"https:\/\/whisky4you.net\/de\/produkt\/talisker-18-jahre-single-malt\/#primaryimage","url":"https:\/\/whisky4you.net\/wp-content\/uploads\/2019\/01\/Talisker18J.jpg","contentUrl":"https:\/\/whisky4you.net\/wp-content\/uploads\/2019\/01\/Talisker18J.jpg","width":530,"height":529,"caption":"Talisker 18 Jahre Single Malt"},{"@type":"BreadcrumbList","@id":"https:\/\/whisky4you.net\/de\/produkt\/talisker-18-jahre-single-malt\/#breadcrumb","itemListElement":[{"@type":"ListItem","position":1,"name":"Home","item":"https:\/\/whisky4you.net\/"},{"@type":"ListItem","position":2,"name":"Online Shop","item":"https:\/\/whisky4you.net\/de\/online-shop\/"},{"@type":"ListItem","position":3,"name":"Talisker 18 Jahre Single Malt"}]},{"@type":"WebSite","@id":"https:\/\/whisky4you.net\/de\/#website","url":"https:\/\/whisky4you.net\/de\/","name":"Whisky4you","description":"Dedicated to Whisky interest and Whisky lovers","publisher":{"@id":"https:\/\/whisky4you.net\/de\/#organization"},"potentialAction":[{"@type":"SearchAction","target":{"@type":"EntryPoint","urlTemplate":"https:\/\/whisky4you.net\/de\/?s={search_term_string}"},"query-input":{"@type":"PropertyValueSpecification","valueRequired":true,"valueName":"search_term_string"}}],"inLanguage":"de"},{"@type":"Organization","@id":"https:\/\/whisky4you.net\/de\/#organization","name":"Whisky4you","url":"https:\/\/whisky4you.net\/de\/","logo":{"@type":"ImageObject","inLanguage":"de","@id":"https:\/\/whisky4you.net\/de\/#\/schema\/logo\/image\/","url":"https:\/\/whisky4you.net\/wp-content\/uploads\/2020\/12\/cropped-cropped-cropped-cropped-logo-head.png","contentUrl":"https:\/\/whisky4you.net\/wp-content\/uploads\/2020\/12\/cropped-cropped-cropped-cropped-logo-head.png","width":250,"height":81,"caption":"Whisky4you"},"image":{"@id":"https:\/\/whisky4you.net\/de\/#\/schema\/logo\/image\/"},"sameAs":["https:\/\/www.facebook.com\/Whisky4you.net","https:\/\/www.linkedin.com\/company\/whisky4you\/?viewAsMember=true"]}]}},"jetpack_sharing_enabled":true,"_links":{"self":[{"href":"https:\/\/whisky4you.net\/de\/wp-json\/wp\/v2\/product\/17710","targetHints":{"allow":["GET"]}}],"collection":[{"href":"https:\/\/whisky4you.net\/de\/wp-json\/wp\/v2\/product"}],"about":[{"href":"https:\/\/whisky4you.net\/de\/wp-json\/wp\/v2\/types\/product"}],"replies":[{"embeddable":true,"href":"https:\/\/whisky4you.net\/de\/wp-json\/wp\/v2\/comments?post=17710"}],"version-history":[{"count":0,"href":"https:\/\/whisky4you.net\/de\/wp-json\/wp\/v2\/product\/17710\/revisions"}],"wp:featuredmedia":[{"embeddable":true,"href":"https:\/\/whisky4you.net\/de\/wp-json\/wp\/v2\/media\/17386"}],"wp:attachment":[{"href":"https:\/\/whisky4you.net\/de\/wp-json\/wp\/v2\/media?parent=17710"}],"wp:term":[{"taxonomy":"product_brand","embeddable":true,"href":"https:\/\/whisky4you.net\/de\/wp-json\/wp\/v2\/product_brand?post=17710"},{"taxonomy":"product_cat","embeddable":true,"href":"https:\/\/whisky4you.net\/de\/wp-json\/wp\/v2\/product_cat?post=17710"},{"taxonomy":"product_tag","embeddable":true,"href":"https:\/\/whisky4you.net\/de\/wp-json\/wp\/v2\/product_tag?post=17710"}],"curies":[{"name":"wp","href":"https:\/\/api.w.org\/{rel}","templated":true}]}}