{"id":17722,"date":"2018-12-18T23:33:25","date_gmt":"2018-12-18T22:33:25","guid":{"rendered":"https:\/\/whisky4you.net\/product\/talisker-distillers-edition\/"},"modified":"2026-02-27T00:24:35","modified_gmt":"2026-02-26T23:24:35","slug":"talisker-distillers-edition","status":"publish","type":"product","link":"https:\/\/whisky4you.net\/de\/produkt\/talisker-distillers-edition\/","title":{"rendered":"Talisker Distiller&#8217;s Edition"},"content":{"rendered":"<h3><strong>Talisker Distiller&#8217;s Edition 2010\/2020 Single Malt (andere Editionen auf Anfrage)<\/strong><\/h3>\n<p>Die Talisker Distiller&#8217;s Edition ist die j\u00e4hrliche Flasche der <span style=\"text-decoration: underline;\"><a href=\"https:\/\/www.malts.com\/en-row\/our-whisky-collection\/talisker\/\" target=\"_blank\" rel=\"noopener noreferrer\">Talisker-Brennerei<\/a><\/span> auf der Isle of Skye, die jetzt zur Diageo-Gruppe geh\u00f6rt. In den Destillerien von Diageo ist es \u00fcblich, die Distiller&#8217;s Editions mit der gleichen Grundreifung zu versehen wie die Standardabf\u00fcllungen. Danach folgt ein Finish in speziellen F\u00e4ssern. F\u00fcr die Talisker Range betr\u00e4gt die Grundreifung 10 Jahre in Ex-Bourbon-F\u00e4ssern. Danach wurden f\u00fcr das Finish Amoroso-Sherryf\u00e4sser ausgew\u00e4hlt, ein Dessert-Sherry, der aus einer Mischung aus PX-Sherry und eingekochtem Traubensaft besteht. Das Ergebnis ist ein besonders s\u00fc\u00dfer und milder Sherry. Diese F\u00e4sser werden nun f\u00fcr ein mehrmonatiges Reifungsfinish des Talisker Distiller&#8217;s Edition verwendet. Er geh\u00f6rt auch zu den Distiller&#8217;s Editions der Classic Malts of Scotland, die wir normalerweise im Herbst erwarten. Mit 45,8% hat er den typischen Alkoholgehalt der Talisker Destillerie.        <\/p>\n<h3><strong>Wie schmeckt es?<\/strong><\/h3>\n<p>In der Nase sp\u00fcren Sie sofort den weichen Rauch des Holzfeuers, mit feinen Ankl\u00e4ngen von Asche. Darauf folgen Noten von roten Beeren, reifen Trauben und s\u00fc\u00dfem Kakao, die aus den Amoroso Sherry-F\u00e4ssern stammen und sich auch am Gaumen fortsetzen. Und &#8211; typisch f\u00fcr die Talisker Whiskys &#8211; pr\u00e4sentiert die Distiller&#8217;s Edition hinter diesem ersten Eindruck den leicht salzigen Jodgeschmack, der an Strand und Meer erinnert, sowie eine ausgepr\u00e4gte pfeffrig-w\u00fcrzige Note, die bei Talisker Whiskys als &#8222;Chili-Catch&#8220; bekannt ist. Eine gro\u00dfartige Kombination, die zu einem vollmundigen, s\u00fc\u00dfen und rauchigen Abgang f\u00fchrt. Es lohnt sich auf jeden Fall, sich die Zeit zu nehmen, um diese komplexe Kreation tiefer und reicher Aromen zu genie\u00dfen.<br \/>\nDie Distiller&#8217;s Edition ist jedes Jahr eine kleine \u00dcberraschung, die sich leicht von den anderen j\u00e4hrlichen Editionen unterscheiden kann. Bisher waren jedoch alle Editionen komplexe und k\u00f6stliche Single Malts, die die Brennerei w\u00fcrdig vertreten. Obwohl das Alter nicht auf der Flasche angegeben ist, handelt es sich eindeutig um einen gut gereiften Scotch, der die richtige prickelnde Frische f\u00fcr den Beginn eines sch\u00f6nen Abends hat.      <\/p>\n<p>Wir bieten verschiedene Editionen an. (Wenn Sie an einer bestimmten Ausgabe interessiert sind, lassen Sie es uns bitte wissen). <\/p>\n<p>Schauen Sie sich unser Verkostungsvideo an und lesen Sie die Hintergrundartikel in unserem Blog <span style=\"text-decoration: underline;\"><a href=\"https:\/\/whisky4you.net\/de\/alles-ueber-whisky\/\">&#8222;Alles \u00fcber Whisky&#8220;<\/a><\/span>.<\/p>\n<p><span style=\"color: #f0ae13;\"><strong>Art:<\/strong> <\/span> Single Malt Whisky<\/p>\n<p><strong><span style=\"color: #f0ae13;\">Die Nase: <\/span><\/strong>Hinter dem Chili-Catch verbirgt sich eine windige Meeresbrise, mit dem Rauch von offenem Feuer. Fruchtigkeit von roten Beeren, gefolgt von s\u00fc\u00dfen Kakaonoten und der W\u00fcrze der Eiche. <\/p>\n<p><span style=\"color: #f0ae13;\"><strong>Gaumen:<\/strong> <\/span> Klare pfeffrige Noten, sofort gefolgt von w\u00fcrzigen und fruchtigen Noten von reifen Trauben und Johannisbeeren, mit einem Hauch von dunkler Schokolade, abgerundet mit s\u00fc\u00dflichem Rauch<\/p>\n<p><span style=\"color: #f0ae13;\"><strong>Abgang:<\/strong> <\/span> Intensiv, lang und w\u00e4rmend, umgeben von mundf\u00fcllendem s\u00fc\u00dfem Rauch<\/p>\n<p>&nbsp;<\/p>\n","protected":false},"excerpt":{"rendered":"<ul>\n<li>Teil der Distiller&#8217;s Editions of the Classic Malts of Scotland<\/li>\n<li>J\u00e4hrlich limitierte Auflage f\u00fcr Sammler und Talisker-Fans<\/li>\n<li>10 Jahre in Ex-Bourbon-F\u00e4ssern gereift, Finish in Amoroso Sherry-F\u00e4ssern<\/li>\n<li>Auf den frischen, pfeffrigen und w\u00fcrzigen Geschmack folgen fruchtige Noten von roten Beeren und die W\u00fcrze der Eichenf\u00e4sser, umgeben von s\u00fc\u00dfem Rauch<\/li>\n<li>Achtung: Editionen k\u00f6nnen sich \u00e4ndern und aktualisiert werden. Wenn Sie eine Sonderedition w\u00fcnschen, fragen Sie uns vor der Bestellung! <\/li>\n<\/ul>\n<div>\n<div style=\"width: 49%; float: left; margin-right: 1%;\">[borlabs-cookie type=\"content-blocker\" id=\"youtube\" title=\"Youtube\"]<iframe src=\"https:\/\/www.youtube.com\/embed\/KyZIJPKUaVo\" width=\"560\" height=\"206\" frameborder=\"0\" allowfullscreen=\"allowfullscreen\"><\/iframe>[\/borlabs-cookie]<\/div>\n<div style=\"width: 49%; float: left; margin-right: 1%;\">[borlabs-cookie type=\"content-blocker\" id=\"youtube\" title=\"Youtube\"]<iframe src=\"https:\/\/www.youtube.com\/embed\/xGhucFx0Qww\" width=\"560\" height=\"206\" frameborder=\"0\" allowfullscreen=\"allowfullscreen\"><\/iframe>[\/borlabs-cookie]<\/div>\n<\/div>\n","protected":false},"featured_media":24753,"comment_status":"open","ping_status":"closed","template":"","meta":[],"product_brand":[],"product_cat":[944,940],"product_tag":[765,777,790,793,794,799,801,844,819,818,824,827,832],"class_list":{"0":"post-17722","1":"product","2":"type-product","3":"status-publish","4":"has-post-thumbnail","6":"product_cat-islands-de","7":"product_cat-scotch-de","8":"product_tag-10-jahre","9":"product_tag-amoroso-sherry-de","10":"product_tag-chilli-catch-de","11":"product_tag-distillers-edition-de","12":"product_tag-ex-bourbon-fasser","13":"product_tag-inseln-de","14":"product_tag-isle-of-skye-de","15":"product_tag-rauchig","16":"product_tag-schottland-de","17":"product_tag-scotch-de","18":"product_tag-single-malt-de","19":"product_tag-talisker-de","20":"product_tag-whisky-de","21":"pa_alcohol-content-853","22":"pa_bottled-at-abgefullt-durch-hersteller","23":"pa_country-schottland","24":"pa_distillery-talisker-de","25":"pa_maturation-casks-bourbon-de","26":"pa_maturation-casks-sherry-de","27":"pa_minimum-age-ohne-angabe","28":"pa_product-net-content-70-cl-de","29":"pa_scotland-islands-de","30":"pa_whisky-type-single-malt-de","31":"no-featured-image-padding","32":"sales-flash-overlay","33":"woocommerce-text-align-center","34":"woocommerce-image-align-center","35":"do-quantity-buttons","36":"wc-has-gallery","38":"first","39":"instock","40":"featured","41":"taxable","42":"shipping-taxable","43":"purchasable","44":"product-type-simple"},"yoast_head":"<!-- This site is optimized with the Yoast SEO plugin v27.0 - https:\/\/yoast.com\/product\/yoast-seo-wordpress\/ -->\n<title>Talisker Distiller&#039;s Edition - Jetzt kaufen!<\/title>\n<meta name=\"description\" content=\"Talisker Distiller&#039;s Edition, Single Malt, gereift in amerikanischer Eiche + Amoroso Sherryf\u00e4ssern, rauchig-w\u00fcrziger, fruchtiger Charakter, ber\u00fchmter Chili-Catch\" \/>\n<meta name=\"robots\" content=\"index, follow, max-snippet:-1, max-image-preview:large, max-video-preview:-1\" \/>\n<link rel=\"canonical\" href=\"https:\/\/whisky4you.net\/de\/produkt\/talisker-distillers-edition\/\" \/>\n<meta property=\"og:locale\" content=\"de_DE\" \/>\n<meta property=\"og:type\" content=\"article\" \/>\n<meta property=\"og:title\" content=\"Talisker Distiller&#039;s Edition - Jetzt kaufen!\" \/>\n<meta property=\"og:description\" content=\"Talisker Distiller&#039;s Edition, Single Malt, gereift in amerikanischer Eiche + Amoroso Sherryf\u00e4ssern, rauchig-w\u00fcrziger, fruchtiger Charakter, ber\u00fchmter Chili-Catch\" \/>\n<meta property=\"og:url\" content=\"https:\/\/whisky4you.net\/de\/produkt\/talisker-distillers-edition\/\" \/>\n<meta property=\"og:site_name\" content=\"Whisky4you\" \/>\n<meta property=\"article:publisher\" content=\"https:\/\/www.facebook.com\/Whisky4you.net\" \/>\n<meta property=\"article:modified_time\" content=\"2026-02-26T23:24:35+00:00\" \/>\n<meta property=\"og:image\" content=\"https:\/\/whisky4you.net\/wp-content\/uploads\/2018\/12\/Produktbild.jpg\" \/>\n\t<meta property=\"og:image:width\" content=\"789\" \/>\n\t<meta property=\"og:image:height\" content=\"787\" \/>\n\t<meta property=\"og:image:type\" content=\"image\/jpeg\" \/>\n<meta name=\"twitter:card\" content=\"summary_large_image\" \/>\n<meta name=\"twitter:label1\" content=\"Gesch\u00e4tzte Lesezeit\" \/>\n\t<meta name=\"twitter:data1\" content=\"2\u00a0Minuten\" \/>\n<script type=\"application\/ld+json\" class=\"yoast-schema-graph\">{\"@context\":\"https:\/\/schema.org\",\"@graph\":[{\"@type\":\"WebPage\",\"@id\":\"https:\/\/whisky4you.net\/de\/produkt\/talisker-distillers-edition\/\",\"url\":\"https:\/\/whisky4you.net\/de\/produkt\/talisker-distillers-edition\/\",\"name\":\"Talisker Distiller's Edition - Jetzt kaufen!\",\"isPartOf\":{\"@id\":\"https:\/\/whisky4you.net\/de\/#website\"},\"primaryImageOfPage\":{\"@id\":\"https:\/\/whisky4you.net\/de\/produkt\/talisker-distillers-edition\/#primaryimage\"},\"image\":{\"@id\":\"https:\/\/whisky4you.net\/de\/produkt\/talisker-distillers-edition\/#primaryimage\"},\"thumbnailUrl\":\"https:\/\/whisky4you.net\/wp-content\/uploads\/2018\/12\/Produktbild.jpg\",\"datePublished\":\"2018-12-18T22:33:25+00:00\",\"dateModified\":\"2026-02-26T23:24:35+00:00\",\"description\":\"Talisker Distiller's Edition, Single Malt, gereift in amerikanischer Eiche + Amoroso Sherryf\u00e4ssern, rauchig-w\u00fcrziger, fruchtiger Charakter, ber\u00fchmter Chili-Catch\",\"breadcrumb\":{\"@id\":\"https:\/\/whisky4you.net\/de\/produkt\/talisker-distillers-edition\/#breadcrumb\"},\"inLanguage\":\"de\",\"potentialAction\":[{\"@type\":\"ReadAction\",\"target\":[\"https:\/\/whisky4you.net\/de\/produkt\/talisker-distillers-edition\/\"]}]},{\"@type\":\"ImageObject\",\"inLanguage\":\"de\",\"@id\":\"https:\/\/whisky4you.net\/de\/produkt\/talisker-distillers-edition\/#primaryimage\",\"url\":\"https:\/\/whisky4you.net\/wp-content\/uploads\/2018\/12\/Produktbild.jpg\",\"contentUrl\":\"https:\/\/whisky4you.net\/wp-content\/uploads\/2018\/12\/Produktbild.jpg\",\"width\":789,\"height\":787,\"caption\":\"Talisker Distillers Edition Single Malt\"},{\"@type\":\"BreadcrumbList\",\"@id\":\"https:\/\/whisky4you.net\/de\/produkt\/talisker-distillers-edition\/#breadcrumb\",\"itemListElement\":[{\"@type\":\"ListItem\",\"position\":1,\"name\":\"Home\",\"item\":\"https:\/\/whisky4you.net\/\"},{\"@type\":\"ListItem\",\"position\":2,\"name\":\"Online Shop\",\"item\":\"https:\/\/whisky4you.net\/de\/online-shop\/\"},{\"@type\":\"ListItem\",\"position\":3,\"name\":\"Talisker Distiller&#8217;s Edition\"}]},{\"@type\":\"WebSite\",\"@id\":\"https:\/\/whisky4you.net\/de\/#website\",\"url\":\"https:\/\/whisky4you.net\/de\/\",\"name\":\"Whisky4you\",\"description\":\"Dedicated to Whisky interest and Whisky lovers\",\"publisher\":{\"@id\":\"https:\/\/whisky4you.net\/de\/#organization\"},\"potentialAction\":[{\"@type\":\"SearchAction\",\"target\":{\"@type\":\"EntryPoint\",\"urlTemplate\":\"https:\/\/whisky4you.net\/de\/?s={search_term_string}\"},\"query-input\":{\"@type\":\"PropertyValueSpecification\",\"valueRequired\":true,\"valueName\":\"search_term_string\"}}],\"inLanguage\":\"de\"},{\"@type\":\"Organization\",\"@id\":\"https:\/\/whisky4you.net\/de\/#organization\",\"name\":\"Whisky4you\",\"url\":\"https:\/\/whisky4you.net\/de\/\",\"logo\":{\"@type\":\"ImageObject\",\"inLanguage\":\"de\",\"@id\":\"https:\/\/whisky4you.net\/de\/#\/schema\/logo\/image\/\",\"url\":\"https:\/\/whisky4you.net\/wp-content\/uploads\/2020\/12\/cropped-cropped-cropped-cropped-logo-head.png\",\"contentUrl\":\"https:\/\/whisky4you.net\/wp-content\/uploads\/2020\/12\/cropped-cropped-cropped-cropped-logo-head.png\",\"width\":250,\"height\":81,\"caption\":\"Whisky4you\"},\"image\":{\"@id\":\"https:\/\/whisky4you.net\/de\/#\/schema\/logo\/image\/\"},\"sameAs\":[\"https:\/\/www.facebook.com\/Whisky4you.net\",\"https:\/\/www.linkedin.com\/company\/whisky4you\/?viewAsMember=true\"]}]}<\/script>\n<!-- \/ Yoast SEO plugin. -->","yoast_head_json":{"title":"Talisker Distiller's Edition - Jetzt kaufen!","description":"Talisker Distiller's Edition, Single Malt, gereift in amerikanischer Eiche + Amoroso Sherryf\u00e4ssern, rauchig-w\u00fcrziger, fruchtiger Charakter, ber\u00fchmter Chili-Catch","robots":{"index":"index","follow":"follow","max-snippet":"max-snippet:-1","max-image-preview":"max-image-preview:large","max-video-preview":"max-video-preview:-1"},"canonical":"https:\/\/whisky4you.net\/de\/produkt\/talisker-distillers-edition\/","og_locale":"de_DE","og_type":"article","og_title":"Talisker Distiller's Edition - Jetzt kaufen!","og_description":"Talisker Distiller's Edition, Single Malt, gereift in amerikanischer Eiche + Amoroso Sherryf\u00e4ssern, rauchig-w\u00fcrziger, fruchtiger Charakter, ber\u00fchmter Chili-Catch","og_url":"https:\/\/whisky4you.net\/de\/produkt\/talisker-distillers-edition\/","og_site_name":"Whisky4you","article_publisher":"https:\/\/www.facebook.com\/Whisky4you.net","article_modified_time":"2026-02-26T23:24:35+00:00","og_image":[{"width":789,"height":787,"url":"https:\/\/whisky4you.net\/wp-content\/uploads\/2018\/12\/Produktbild.jpg","type":"image\/jpeg"}],"twitter_card":"summary_large_image","twitter_misc":{"Gesch\u00e4tzte Lesezeit":"2\u00a0Minuten"},"schema":{"@context":"https:\/\/schema.org","@graph":[{"@type":"WebPage","@id":"https:\/\/whisky4you.net\/de\/produkt\/talisker-distillers-edition\/","url":"https:\/\/whisky4you.net\/de\/produkt\/talisker-distillers-edition\/","name":"Talisker Distiller's Edition - Jetzt kaufen!","isPartOf":{"@id":"https:\/\/whisky4you.net\/de\/#website"},"primaryImageOfPage":{"@id":"https:\/\/whisky4you.net\/de\/produkt\/talisker-distillers-edition\/#primaryimage"},"image":{"@id":"https:\/\/whisky4you.net\/de\/produkt\/talisker-distillers-edition\/#primaryimage"},"thumbnailUrl":"https:\/\/whisky4you.net\/wp-content\/uploads\/2018\/12\/Produktbild.jpg","datePublished":"2018-12-18T22:33:25+00:00","dateModified":"2026-02-26T23:24:35+00:00","description":"Talisker Distiller's Edition, Single Malt, gereift in amerikanischer Eiche + Amoroso Sherryf\u00e4ssern, rauchig-w\u00fcrziger, fruchtiger Charakter, ber\u00fchmter Chili-Catch","breadcrumb":{"@id":"https:\/\/whisky4you.net\/de\/produkt\/talisker-distillers-edition\/#breadcrumb"},"inLanguage":"de","potentialAction":[{"@type":"ReadAction","target":["https:\/\/whisky4you.net\/de\/produkt\/talisker-distillers-edition\/"]}]},{"@type":"ImageObject","inLanguage":"de","@id":"https:\/\/whisky4you.net\/de\/produkt\/talisker-distillers-edition\/#primaryimage","url":"https:\/\/whisky4you.net\/wp-content\/uploads\/2018\/12\/Produktbild.jpg","contentUrl":"https:\/\/whisky4you.net\/wp-content\/uploads\/2018\/12\/Produktbild.jpg","width":789,"height":787,"caption":"Talisker Distillers Edition Single Malt"},{"@type":"BreadcrumbList","@id":"https:\/\/whisky4you.net\/de\/produkt\/talisker-distillers-edition\/#breadcrumb","itemListElement":[{"@type":"ListItem","position":1,"name":"Home","item":"https:\/\/whisky4you.net\/"},{"@type":"ListItem","position":2,"name":"Online Shop","item":"https:\/\/whisky4you.net\/de\/online-shop\/"},{"@type":"ListItem","position":3,"name":"Talisker Distiller&#8217;s Edition"}]},{"@type":"WebSite","@id":"https:\/\/whisky4you.net\/de\/#website","url":"https:\/\/whisky4you.net\/de\/","name":"Whisky4you","description":"Dedicated to Whisky interest and Whisky lovers","publisher":{"@id":"https:\/\/whisky4you.net\/de\/#organization"},"potentialAction":[{"@type":"SearchAction","target":{"@type":"EntryPoint","urlTemplate":"https:\/\/whisky4you.net\/de\/?s={search_term_string}"},"query-input":{"@type":"PropertyValueSpecification","valueRequired":true,"valueName":"search_term_string"}}],"inLanguage":"de"},{"@type":"Organization","@id":"https:\/\/whisky4you.net\/de\/#organization","name":"Whisky4you","url":"https:\/\/whisky4you.net\/de\/","logo":{"@type":"ImageObject","inLanguage":"de","@id":"https:\/\/whisky4you.net\/de\/#\/schema\/logo\/image\/","url":"https:\/\/whisky4you.net\/wp-content\/uploads\/2020\/12\/cropped-cropped-cropped-cropped-logo-head.png","contentUrl":"https:\/\/whisky4you.net\/wp-content\/uploads\/2020\/12\/cropped-cropped-cropped-cropped-logo-head.png","width":250,"height":81,"caption":"Whisky4you"},"image":{"@id":"https:\/\/whisky4you.net\/de\/#\/schema\/logo\/image\/"},"sameAs":["https:\/\/www.facebook.com\/Whisky4you.net","https:\/\/www.linkedin.com\/company\/whisky4you\/?viewAsMember=true"]}]}},"jetpack_sharing_enabled":true,"_links":{"self":[{"href":"https:\/\/whisky4you.net\/de\/wp-json\/wp\/v2\/product\/17722","targetHints":{"allow":["GET"]}}],"collection":[{"href":"https:\/\/whisky4you.net\/de\/wp-json\/wp\/v2\/product"}],"about":[{"href":"https:\/\/whisky4you.net\/de\/wp-json\/wp\/v2\/types\/product"}],"replies":[{"embeddable":true,"href":"https:\/\/whisky4you.net\/de\/wp-json\/wp\/v2\/comments?post=17722"}],"version-history":[{"count":4,"href":"https:\/\/whisky4you.net\/de\/wp-json\/wp\/v2\/product\/17722\/revisions"}],"predecessor-version":[{"id":24966,"href":"https:\/\/whisky4you.net\/de\/wp-json\/wp\/v2\/product\/17722\/revisions\/24966"}],"wp:featuredmedia":[{"embeddable":true,"href":"https:\/\/whisky4you.net\/de\/wp-json\/wp\/v2\/media\/24753"}],"wp:attachment":[{"href":"https:\/\/whisky4you.net\/de\/wp-json\/wp\/v2\/media?parent=17722"}],"wp:term":[{"taxonomy":"product_brand","embeddable":true,"href":"https:\/\/whisky4you.net\/de\/wp-json\/wp\/v2\/product_brand?post=17722"},{"taxonomy":"product_cat","embeddable":true,"href":"https:\/\/whisky4you.net\/de\/wp-json\/wp\/v2\/product_cat?post=17722"},{"taxonomy":"product_tag","embeddable":true,"href":"https:\/\/whisky4you.net\/de\/wp-json\/wp\/v2\/product_tag?post=17722"}],"curies":[{"name":"wp","href":"https:\/\/api.w.org\/{rel}","templated":true}]}}