{"id":17763,"date":"2018-10-29T21:18:05","date_gmt":"2018-10-29T20:18:05","guid":{"rendered":"https:\/\/whisky4you.net\/product\/auchentoshan-three-wood-single-malt-de\/"},"modified":"2025-10-20T22:19:40","modified_gmt":"2025-10-20T21:19:40","slug":"auchentoshan-three-wood-single-malt-de","status":"publish","type":"product","link":"https:\/\/whisky4you.net\/de\/produkt\/auchentoshan-three-wood-single-malt-de\/","title":{"rendered":"Auchentoshan Three Wood Single Malt"},"content":{"rendered":"<h3><strong>Auchentoshan Three Wood Single Malt<\/strong><\/h3>\n<p>Auchentoshan Three Wood Single Malt ist ein wunderbar komplexer Whisky, der aus den schottischen Lowlands, n\u00f6rdlich von Glasgow zwischen den Kilpatrick Hills und dem River Clyde stammt.<\/p>\n<p>Sanft gebrannte, v\u00f6llig ungetorfte Gerste l\u00e4sst den Auchentoshan-Geschmack schon im Destillat entstehen. Die Gerste wird sorgf\u00e4ltig gemahlen. Dabei wird besonders darauf geachtet, gleichm\u00e4\u00dfig gemahlene St\u00e4rke K\u00f6rner zu erhalten, um die Menge an St\u00e4rke zu maximieren, die sich beim Maischen in Zucker umwandelt. Das Ergebnis ist eine frisch schmeckende, klare W\u00fcrze aus dem L\u00e4uterbottich, die die Grundlage f\u00fcr die feinen Auchentoshan Whiskies bildet.\u00a0<a href=\"https:\/\/www.auchentoshan.com\/\">Auchentoshan<\/a>\u00a0ist seit 1823 in Schottland einzigartig und destilliert sein Whiskies dreifach. W\u00e4hrend dieses Prozesses steigt der Alkoholgehalt von 8% auf 81%. Dadurch werden unerw\u00fcnschte Aromen beseitigt. Die fruchtigen und zitrusartigen Noten, sowie sp\u00e4ter auch das Holzaroma der Eichenf\u00e4sser kommt so sp\u00e4ter besser zur Geltung.<\/p>\n<p>Der mehrfach preisgekr\u00f6nte Auchentoshan Three Wood Single Malt erhielt seinen Namen aber nach dem endg\u00fcltigen Endbearbeitungsprozess in drei verschiedenen Holzf\u00e4ssern. Es reifte zuerst 10 Jahre in amerikanischen Ex-Bourbon-F\u00e4ssern, dann in 18 Monaten in spanischen Oloroso-Sherryf\u00e4ssern und schlie\u00dflich fast ein weiteres Jahr in Pedro Ximenez-Sherryf\u00e4ssern. Dies macht ihn zu einem besonderen Dram f\u00fcr Liebhaber von nicht rauchigen Whiskies, die ihre Aromen ausschlie\u00dflich durch die Kombination verschiedener Fasstypen w\u00e4hrend des Reifungsprozesses erhalten. Schlie\u00dflich wird der Auchentoshan Three Wood mit einer St\u00e4rke von 43% abgef\u00fcllt. Den Genie\u00dfer erwartet die Kreation eines wunderbaren leichten und sanften Whiskies, der dennoch voller Charakter und Finesse ist und bereits auf mehrere Auszeichnungen zur\u00fcckblickt:<\/p>\n<p>San Francisco World Spirits Competition 2013: Doppelgold<\/p>\n<p>Internationaler Wein- und Spirituosenwettbewerb 2014: Silber<\/p>\n<p>Internationale Spirits Challenge 2014: Silber<\/p>\n<p>Entdecken Sie den s\u00fc\u00dfen und w\u00e4rmenden Geschmack der \u201eDrei H\u00f6lzer\u201c!<\/p>\n<p>Schauen Sie sich auch unsere Verkostungsvideos an und st\u00f6bern Sie durch die Hintergrundartikel in unserem Blog \u201e<a href=\"https:\/\/whisky4you.net\/de\/alles-ueber-whisky\/\">Alles \u00fcber Whisky<\/a>\u201c.<\/p>\n<p>M\u00f6chten Sie wissen, wie man \u201eAuchentoshan\u201c richtig ausspricht? \u2013\u00a0<a href=\"https:\/\/www.youtube.com\/watch?time_continue=29&amp;v=n_7Etsvx8Lk&amp;has_verified=1\">Klicken Sie hier!<\/a><\/p>\n<p><span style=\"color: #ffcc00;\"><strong>Typ:\u00a0<\/strong>\u00a0<\/span>\u00a0 \u00a0Single Malt Whisky<\/p>\n<p><span style=\"color: #ffcc00;\"><strong>Aroma:\u00a0<\/strong><\/span>\u00a0\u00a0\u00a0dunkle Fr\u00fcchte, brauner Zucker, Orangen und Rosinen<\/p>\n<p><span style=\"color: #ffcc00;\"><strong>Geschmack<\/strong>:\u00a0\u00a0<\/span>\u00a0\u00a0reife Fr\u00fcchte und s\u00fc\u00dfer Sirup, in Kombination mit Haseln\u00fcssen und Zimt<\/p>\n<p><strong><span style=\"color: #ffcc00;\">Abgang:<\/span>\u00a0\u00a0\u00a0<\/strong>\u00a0\u00a0frisch, fruchtig und lang<\/p>\n","protected":false},"excerpt":{"rendered":"<ul>\n<li>wunderbar milder Single Malt aus dem Tiefland<\/li>\n<li>dreifach destilliert und in drei verschiedenen Arten von F\u00e4ssern gereift<\/li>\n<li>s\u00fc\u00dfes und fruchtiges Aroma mit einem Hauch von Schokolade und Zimt und einem langen, w\u00e4rmenden Abgang<\/li>\n<li>ideal auch zum Nachtisch<\/li>\n<\/ul>\n","protected":false},"featured_media":20333,"comment_status":"open","ping_status":"closed","template":"","meta":[],"product_brand":[],"product_cat":[945,940],"product_tag":[779,804,810,813,819,818,824,832],"class_list":{"0":"post-17763","1":"product","2":"type-product","3":"status-publish","4":"has-post-thumbnail","6":"product_cat-lowlands-de","7":"product_cat-scotch-de","8":"product_tag-auchentoshan-de","9":"product_tag-lowlands-de","10":"product_tag-oloroso-sherry-de","11":"product_tag-pedro-ximenez-de","12":"product_tag-schottland-de","13":"product_tag-scotch-de","14":"product_tag-single-malt-de","15":"product_tag-whisky-de","16":"pa_alcohol-content-463-de","17":"pa_bottled-at-abgefullt-durch-hersteller","18":"pa_country-schottland","19":"pa_distillery-auchentoshan-de","20":"pa_maturation-casks-bourbon-de","21":"pa_maturation-casks-oloroso-sherry-de","22":"pa_maturation-casks-pedro-ximenez-de","23":"pa_maturation-casks-sherry-de","24":"pa_minimum-age-ohne-angabe","25":"pa_product-net-content-70-cl-de","26":"pa_scotland-lowlands-de","27":"pa_whisky-type-single-malt-de","28":"no-featured-image-padding","29":"sales-flash-overlay","30":"woocommerce-text-align-center","31":"woocommerce-image-align-center","32":"do-quantity-buttons","33":"wc-has-gallery","35":"first","36":"instock","37":"featured","38":"taxable","39":"shipping-taxable","40":"purchasable","41":"product-type-simple"},"yoast_head":"<!-- This site is optimized with the Yoast SEO plugin v27.0 - https:\/\/yoast.com\/product\/yoast-seo-wordpress\/ -->\n<title>Auchentoshan Three Wood Single Malt - Whisky4you Kaufen Sie jetzt!<\/title>\n<meta name=\"description\" content=\"Auchentoshan Three Wood Single Malt ist ein gro\u00dfartige Single Malt f\u00fcr Liebhaber komplexer, nicht rauchiger, aber charakterstarker Whiskies.\" \/>\n<meta name=\"robots\" content=\"index, follow, max-snippet:-1, max-image-preview:large, max-video-preview:-1\" \/>\n<link rel=\"canonical\" href=\"https:\/\/whisky4you.net\/de\/produkt\/auchentoshan-three-wood-single-malt-de\/\" \/>\n<meta property=\"og:locale\" content=\"de_DE\" \/>\n<meta property=\"og:type\" content=\"article\" \/>\n<meta property=\"og:title\" content=\"Auchentoshan Three Wood Single Malt - Whisky4you Kaufen Sie jetzt!\" \/>\n<meta property=\"og:description\" content=\"Auchentoshan Three Wood Single Malt ist ein gro\u00dfartige Single Malt f\u00fcr Liebhaber komplexer, nicht rauchiger, aber charakterstarker Whiskies.\" \/>\n<meta property=\"og:url\" content=\"https:\/\/whisky4you.net\/de\/produkt\/auchentoshan-three-wood-single-malt-de\/\" \/>\n<meta property=\"og:site_name\" content=\"Whisky4you\" \/>\n<meta property=\"article:publisher\" content=\"https:\/\/www.facebook.com\/Whisky4you.net\" \/>\n<meta property=\"article:modified_time\" content=\"2025-10-20T21:19:40+00:00\" \/>\n<meta property=\"og:image\" content=\"https:\/\/i0.wp.com\/whisky4you.net\/wp-content\/uploads\/2021\/07\/Auchentoshan-Three-Wood-New-Bottle.jpg?fit=862%2C860&ssl=1\" \/>\n\t<meta property=\"og:image:width\" content=\"862\" \/>\n\t<meta property=\"og:image:height\" content=\"860\" \/>\n\t<meta property=\"og:image:type\" content=\"image\/jpeg\" \/>\n<meta name=\"twitter:card\" content=\"summary_large_image\" \/>\n<meta name=\"twitter:label1\" content=\"Gesch\u00e4tzte Lesezeit\" \/>\n\t<meta name=\"twitter:data1\" content=\"2\u00a0Minuten\" \/>\n<script type=\"application\/ld+json\" class=\"yoast-schema-graph\">{\"@context\":\"https:\/\/schema.org\",\"@graph\":[{\"@type\":\"WebPage\",\"@id\":\"https:\/\/whisky4you.net\/de\/produkt\/auchentoshan-three-wood-single-malt-de\/\",\"url\":\"https:\/\/whisky4you.net\/de\/produkt\/auchentoshan-three-wood-single-malt-de\/\",\"name\":\"Auchentoshan Three Wood Single Malt - Whisky4you Kaufen Sie jetzt!\",\"isPartOf\":{\"@id\":\"https:\/\/whisky4you.net\/de\/#website\"},\"primaryImageOfPage\":{\"@id\":\"https:\/\/whisky4you.net\/de\/produkt\/auchentoshan-three-wood-single-malt-de\/#primaryimage\"},\"image\":{\"@id\":\"https:\/\/whisky4you.net\/de\/produkt\/auchentoshan-three-wood-single-malt-de\/#primaryimage\"},\"thumbnailUrl\":\"https:\/\/whisky4you.net\/wp-content\/uploads\/2021\/07\/Auchentoshan-Three-Wood-New-Bottle.jpg\",\"datePublished\":\"2018-10-29T20:18:05+00:00\",\"dateModified\":\"2025-10-20T21:19:40+00:00\",\"description\":\"Auchentoshan Three Wood Single Malt ist ein gro\u00dfartige Single Malt f\u00fcr Liebhaber komplexer, nicht rauchiger, aber charakterstarker Whiskies.\",\"breadcrumb\":{\"@id\":\"https:\/\/whisky4you.net\/de\/produkt\/auchentoshan-three-wood-single-malt-de\/#breadcrumb\"},\"inLanguage\":\"de\",\"potentialAction\":[{\"@type\":\"ReadAction\",\"target\":[\"https:\/\/whisky4you.net\/de\/produkt\/auchentoshan-three-wood-single-malt-de\/\"]}]},{\"@type\":\"ImageObject\",\"inLanguage\":\"de\",\"@id\":\"https:\/\/whisky4you.net\/de\/produkt\/auchentoshan-three-wood-single-malt-de\/#primaryimage\",\"url\":\"https:\/\/whisky4you.net\/wp-content\/uploads\/2021\/07\/Auchentoshan-Three-Wood-New-Bottle.jpg\",\"contentUrl\":\"https:\/\/whisky4you.net\/wp-content\/uploads\/2021\/07\/Auchentoshan-Three-Wood-New-Bottle.jpg\",\"width\":862,\"height\":860,\"caption\":\"Auchentoshan Three Wood New Flasche des ber\u00fchmten Lowland Scotch\"},{\"@type\":\"BreadcrumbList\",\"@id\":\"https:\/\/whisky4you.net\/de\/produkt\/auchentoshan-three-wood-single-malt-de\/#breadcrumb\",\"itemListElement\":[{\"@type\":\"ListItem\",\"position\":1,\"name\":\"Home\",\"item\":\"https:\/\/whisky4you.net\/\"},{\"@type\":\"ListItem\",\"position\":2,\"name\":\"Online Shop\",\"item\":\"https:\/\/whisky4you.net\/de\/online-shop\/\"},{\"@type\":\"ListItem\",\"position\":3,\"name\":\"Auchentoshan Three Wood Single Malt\"}]},{\"@type\":\"WebSite\",\"@id\":\"https:\/\/whisky4you.net\/de\/#website\",\"url\":\"https:\/\/whisky4you.net\/de\/\",\"name\":\"Whisky4you\",\"description\":\"Dedicated to Whisky interest and Whisky lovers\",\"publisher\":{\"@id\":\"https:\/\/whisky4you.net\/de\/#organization\"},\"potentialAction\":[{\"@type\":\"SearchAction\",\"target\":{\"@type\":\"EntryPoint\",\"urlTemplate\":\"https:\/\/whisky4you.net\/de\/?s={search_term_string}\"},\"query-input\":{\"@type\":\"PropertyValueSpecification\",\"valueRequired\":true,\"valueName\":\"search_term_string\"}}],\"inLanguage\":\"de\"},{\"@type\":\"Organization\",\"@id\":\"https:\/\/whisky4you.net\/de\/#organization\",\"name\":\"Whisky4you\",\"url\":\"https:\/\/whisky4you.net\/de\/\",\"logo\":{\"@type\":\"ImageObject\",\"inLanguage\":\"de\",\"@id\":\"https:\/\/whisky4you.net\/de\/#\/schema\/logo\/image\/\",\"url\":\"https:\/\/whisky4you.net\/wp-content\/uploads\/2020\/12\/cropped-cropped-cropped-cropped-logo-head.png\",\"contentUrl\":\"https:\/\/whisky4you.net\/wp-content\/uploads\/2020\/12\/cropped-cropped-cropped-cropped-logo-head.png\",\"width\":250,\"height\":81,\"caption\":\"Whisky4you\"},\"image\":{\"@id\":\"https:\/\/whisky4you.net\/de\/#\/schema\/logo\/image\/\"},\"sameAs\":[\"https:\/\/www.facebook.com\/Whisky4you.net\",\"https:\/\/www.linkedin.com\/company\/whisky4you\/?viewAsMember=true\"]}]}<\/script>\n<!-- \/ Yoast SEO plugin. -->","yoast_head_json":{"title":"Auchentoshan Three Wood Single Malt - Whisky4you Kaufen Sie jetzt!","description":"Auchentoshan Three Wood Single Malt ist ein gro\u00dfartige Single Malt f\u00fcr Liebhaber komplexer, nicht rauchiger, aber charakterstarker Whiskies.","robots":{"index":"index","follow":"follow","max-snippet":"max-snippet:-1","max-image-preview":"max-image-preview:large","max-video-preview":"max-video-preview:-1"},"canonical":"https:\/\/whisky4you.net\/de\/produkt\/auchentoshan-three-wood-single-malt-de\/","og_locale":"de_DE","og_type":"article","og_title":"Auchentoshan Three Wood Single Malt - Whisky4you Kaufen Sie jetzt!","og_description":"Auchentoshan Three Wood Single Malt ist ein gro\u00dfartige Single Malt f\u00fcr Liebhaber komplexer, nicht rauchiger, aber charakterstarker Whiskies.","og_url":"https:\/\/whisky4you.net\/de\/produkt\/auchentoshan-three-wood-single-malt-de\/","og_site_name":"Whisky4you","article_publisher":"https:\/\/www.facebook.com\/Whisky4you.net","article_modified_time":"2025-10-20T21:19:40+00:00","og_image":[{"width":862,"height":860,"url":"https:\/\/i0.wp.com\/whisky4you.net\/wp-content\/uploads\/2021\/07\/Auchentoshan-Three-Wood-New-Bottle.jpg?fit=862%2C860&ssl=1","type":"image\/jpeg"}],"twitter_card":"summary_large_image","twitter_misc":{"Gesch\u00e4tzte Lesezeit":"2\u00a0Minuten"},"schema":{"@context":"https:\/\/schema.org","@graph":[{"@type":"WebPage","@id":"https:\/\/whisky4you.net\/de\/produkt\/auchentoshan-three-wood-single-malt-de\/","url":"https:\/\/whisky4you.net\/de\/produkt\/auchentoshan-three-wood-single-malt-de\/","name":"Auchentoshan Three Wood Single Malt - Whisky4you Kaufen Sie jetzt!","isPartOf":{"@id":"https:\/\/whisky4you.net\/de\/#website"},"primaryImageOfPage":{"@id":"https:\/\/whisky4you.net\/de\/produkt\/auchentoshan-three-wood-single-malt-de\/#primaryimage"},"image":{"@id":"https:\/\/whisky4you.net\/de\/produkt\/auchentoshan-three-wood-single-malt-de\/#primaryimage"},"thumbnailUrl":"https:\/\/whisky4you.net\/wp-content\/uploads\/2021\/07\/Auchentoshan-Three-Wood-New-Bottle.jpg","datePublished":"2018-10-29T20:18:05+00:00","dateModified":"2025-10-20T21:19:40+00:00","description":"Auchentoshan Three Wood Single Malt ist ein gro\u00dfartige Single Malt f\u00fcr Liebhaber komplexer, nicht rauchiger, aber charakterstarker Whiskies.","breadcrumb":{"@id":"https:\/\/whisky4you.net\/de\/produkt\/auchentoshan-three-wood-single-malt-de\/#breadcrumb"},"inLanguage":"de","potentialAction":[{"@type":"ReadAction","target":["https:\/\/whisky4you.net\/de\/produkt\/auchentoshan-three-wood-single-malt-de\/"]}]},{"@type":"ImageObject","inLanguage":"de","@id":"https:\/\/whisky4you.net\/de\/produkt\/auchentoshan-three-wood-single-malt-de\/#primaryimage","url":"https:\/\/whisky4you.net\/wp-content\/uploads\/2021\/07\/Auchentoshan-Three-Wood-New-Bottle.jpg","contentUrl":"https:\/\/whisky4you.net\/wp-content\/uploads\/2021\/07\/Auchentoshan-Three-Wood-New-Bottle.jpg","width":862,"height":860,"caption":"Auchentoshan Three Wood New Flasche des ber\u00fchmten Lowland Scotch"},{"@type":"BreadcrumbList","@id":"https:\/\/whisky4you.net\/de\/produkt\/auchentoshan-three-wood-single-malt-de\/#breadcrumb","itemListElement":[{"@type":"ListItem","position":1,"name":"Home","item":"https:\/\/whisky4you.net\/"},{"@type":"ListItem","position":2,"name":"Online Shop","item":"https:\/\/whisky4you.net\/de\/online-shop\/"},{"@type":"ListItem","position":3,"name":"Auchentoshan Three Wood Single Malt"}]},{"@type":"WebSite","@id":"https:\/\/whisky4you.net\/de\/#website","url":"https:\/\/whisky4you.net\/de\/","name":"Whisky4you","description":"Dedicated to Whisky interest and Whisky lovers","publisher":{"@id":"https:\/\/whisky4you.net\/de\/#organization"},"potentialAction":[{"@type":"SearchAction","target":{"@type":"EntryPoint","urlTemplate":"https:\/\/whisky4you.net\/de\/?s={search_term_string}"},"query-input":{"@type":"PropertyValueSpecification","valueRequired":true,"valueName":"search_term_string"}}],"inLanguage":"de"},{"@type":"Organization","@id":"https:\/\/whisky4you.net\/de\/#organization","name":"Whisky4you","url":"https:\/\/whisky4you.net\/de\/","logo":{"@type":"ImageObject","inLanguage":"de","@id":"https:\/\/whisky4you.net\/de\/#\/schema\/logo\/image\/","url":"https:\/\/whisky4you.net\/wp-content\/uploads\/2020\/12\/cropped-cropped-cropped-cropped-logo-head.png","contentUrl":"https:\/\/whisky4you.net\/wp-content\/uploads\/2020\/12\/cropped-cropped-cropped-cropped-logo-head.png","width":250,"height":81,"caption":"Whisky4you"},"image":{"@id":"https:\/\/whisky4you.net\/de\/#\/schema\/logo\/image\/"},"sameAs":["https:\/\/www.facebook.com\/Whisky4you.net","https:\/\/www.linkedin.com\/company\/whisky4you\/?viewAsMember=true"]}]}},"jetpack_sharing_enabled":true,"_links":{"self":[{"href":"https:\/\/whisky4you.net\/de\/wp-json\/wp\/v2\/product\/17763","targetHints":{"allow":["GET"]}}],"collection":[{"href":"https:\/\/whisky4you.net\/de\/wp-json\/wp\/v2\/product"}],"about":[{"href":"https:\/\/whisky4you.net\/de\/wp-json\/wp\/v2\/types\/product"}],"replies":[{"embeddable":true,"href":"https:\/\/whisky4you.net\/de\/wp-json\/wp\/v2\/comments?post=17763"}],"version-history":[{"count":0,"href":"https:\/\/whisky4you.net\/de\/wp-json\/wp\/v2\/product\/17763\/revisions"}],"wp:featuredmedia":[{"embeddable":true,"href":"https:\/\/whisky4you.net\/de\/wp-json\/wp\/v2\/media\/20333"}],"wp:attachment":[{"href":"https:\/\/whisky4you.net\/de\/wp-json\/wp\/v2\/media?parent=17763"}],"wp:term":[{"taxonomy":"product_brand","embeddable":true,"href":"https:\/\/whisky4you.net\/de\/wp-json\/wp\/v2\/product_brand?post=17763"},{"taxonomy":"product_cat","embeddable":true,"href":"https:\/\/whisky4you.net\/de\/wp-json\/wp\/v2\/product_cat?post=17763"},{"taxonomy":"product_tag","embeddable":true,"href":"https:\/\/whisky4you.net\/de\/wp-json\/wp\/v2\/product_tag?post=17763"}],"curies":[{"name":"wp","href":"https:\/\/api.w.org\/{rel}","templated":true}]}}