{"id":17778,"date":"2018-03-17T17:46:52","date_gmt":"2018-03-17T16:46:52","guid":{"rendered":"https:\/\/whisky4you.net\/product\/tobermory-12-jahre-single-malt\/"},"modified":"2024-08-24T11:07:16","modified_gmt":"2024-08-24T10:07:16","slug":"tobermory-12-jahre-single-malt","status":"publish","type":"product","link":"https:\/\/whisky4you.net\/de\/produkt\/tobermory-12-jahre-single-malt\/","title":{"rendered":"Tobermory 12 Jahre Single Malt"},"content":{"rendered":"<h3><strong>Tobermory 12 Jahre Single Malt mit Manzanilla Finish<\/strong><\/h3>\n<p>Tobermory 12 Jahre Single Malt mit Manzanilla Finish ist ein wunderbares Mitglied der Tobermory-Kollektion. 2016 wurde diese 6-teilige Tobermory Serie herausgebracht, die bis 2018 abgeschlossen wurde. Jede Flasche dieser Serie wird von einer Perforationsg\u00fcrtel Brosch\u00fcre mit verschiedenfarbigen Abschnitten begleitet. Wer alle 6 Abschnitte zusammen hatte, konnte diese an die Destillerie einsenden und hatte die M\u00f6glichkeit, eine Flasche exklusiven 42-j\u00e4hrigen Tobermory zu gewinnen. Der Wettbewerb ist inzwischen beendet. Aber die Tobermory Serie wird f\u00fcr Sammler immer interessanter, um so mehr einige der Flaschen bereits nicht mehr lieferbar sind und andere langsam auslaufen. Neben einem15-j\u00e4hrigen, einem 18-j\u00e4hrigen und einem 20-j\u00e4hrigen Single Malt geh\u00f6rt auch ein 22-j\u00e4hriger mit Portwein-Finish und der hier pr\u00e4sentierte 12-j\u00e4hrige als Sonder-Edition mit einer Reifung in Manzanilla Sherry-F\u00e4ssern dazu. Das Release ist weder kaltgefiltert, noch gef\u00e4rbt.<\/p>\n<h3><strong>Woher kommt er? <\/strong><\/h3>\n<p><span style=\"text-decoration: underline;\"><a href=\"https:\/\/tobermorydistillery.com\/shop\/\" target=\"_blank\" rel=\"noopener noreferrer\">Tobermory<\/a><\/span> wurde 1798 gegr\u00fcndet und ist die einzige Brennerei auf Mull Island und eine der \u00e4ltesten kommerziellen Brennereien in Schottland. Ihre Besonderheit liegt nicht nur in der idyllischen Insel Lage, sondern auch, in den zwei verschiedene, aber gleicherma\u00dfen verf\u00fchrerische Single Malt Brands, die hier produziert werden: den fruchtigen, nicht getorften Tobermory und den robusteren und rauchigeren Ledaig. Jahrhunderte sind vergangen, aber die kompromisslose Hingabe der Destillerie zu den alten Traditionen in der Produktion und der Verbundenheit zum Standort sind bis heute geblieben.<\/p>\n<h3><strong>Wie schmeckt er?<\/strong><\/h3>\n<p>Tobermory 12 Jahre Single Malt mit Manzanilla Finish ist ein echtes Geschmackserlebnis, komplex, fruchtig und \u00f6lig, perfekt abgestimmt auf den Alkoholgehalt von 46,3%. Vollmundig und cremig, \u00fcberrascht er sowohl mit s\u00fc\u00dfen Honignoten, als auch frischen Zitrus Noten von saftigen Orangen, begleitet durch prickelnde Gew\u00fcrznoten auf der Zunge, die an Ingwer- und Chili erinnern. Der sch\u00f6ne, weiche Abgang, geht \u00fcber in weiche Holznoten, allerdings kaum Bitterkeit aus den Tanninen, sondern eher mit frischer Orangenschale und dunkler Schokolade. Es verbleibt eine leichte Trockenheit mit frischen Gew\u00fcrzen und trockenen Beeren auf der Zunge.<\/p>\n<p>Schauen Sie sich auch unsere Verkostungsvideos an und st\u00f6bern Sie durch die Hintergrundartikel in unserem Blog <span style=\"text-decoration: underline;\">\u201c<a href=\"https:\/\/whisky4you.net\/de\/alles-ueber-whisky\/\" target=\"_blank\" rel=\"noopener noreferrer\">Alles \u00fcber Whisky\u201d<\/a>.<\/span><\/p>\n<p><span style=\"color: #f0ae13;\"><strong>Typ:<\/strong>\u00a0<\/span>\u00a0 \u00a0 Single Malt Whisky<\/p>\n<p><span style=\"color: #f0ae13;\"><strong>Aroma:\u00a0 <\/strong><\/span>frische Zitrus Aromen, Trockenfr\u00fcchte und Toffee mit subtilen Gew\u00fcrzen<\/p>\n<p><span style=\"color: #f0ae13;\"><strong>Geschmack:<\/strong><\/span>\u00a0 S\u00fc\u00df, \u00f6lig und w\u00fcrzig; Aromen von Orangenschale, Rosinen und Kaffee mit dunkler Schokolade<\/p>\n<p><span style=\"color: #f0ae13;\"><strong>Abgang:<\/strong><\/span>\u00a0 \u00a0Lang, fruchtig und leicht trockener werdend<\/p>\n","protected":false},"excerpt":{"rendered":"<ul>\n<li>12 Jahre alter Single Malt mit speziellem Manzanilla-Finish<\/li>\n<li>s\u00fc\u00df, reichhaltig, vollmundig und \u00f6lig; Zitrus Noten von saftigen Orangen, Rosinen und Sultaninen, ein Hauch von Kaffee, dunkler Schokolade und subtilen Gew\u00fcrzen<\/li>\n<li>eine von 6 Flaschen der mittlerweile teilweise seltenen Tobermory-Kollektion<\/li>\n<\/ul>\n","protected":false},"featured_media":18932,"comment_status":"open","ping_status":"closed","template":"","meta":[],"product_brand":[],"product_cat":[944,940],"product_tag":[766,794,799,805,819,818,824,830,832],"class_list":{"0":"post-17778","1":"product","2":"type-product","3":"status-publish","4":"has-post-thumbnail","6":"product_cat-islands-de","7":"product_cat-scotch-de","8":"product_tag-12-jahre","9":"product_tag-ex-bourbon-fasser","10":"product_tag-inseln-de","11":"product_tag-manzanilla-sherry-de","12":"product_tag-schottland-de","13":"product_tag-scotch-de","14":"product_tag-single-malt-de","15":"product_tag-tobermory-de","16":"product_tag-whisky-de","17":"pa_alcohol-content-463-de","18":"pa_bottled-at-abgefullt-durch-hersteller","19":"pa_country-schottland","20":"pa_distillery-tobermory-de","21":"pa_maturation-casks-bourbon-de","22":"pa_maturation-casks-manzanilla-sherry-de","23":"pa_minimum-age-10-jahre","24":"pa_minimum-age-12-jahre","25":"pa_product-net-content-70-cl-de","26":"pa_scotland-islands-de","27":"pa_whisky-type-single-malt-de","28":"no-featured-image-padding","29":"sales-flash-overlay","30":"woocommerce-text-align-center","31":"woocommerce-image-align-center","32":"do-quantity-buttons","33":"wc-has-gallery","35":"first","36":"outofstock","37":"featured","38":"taxable","39":"shipping-taxable","40":"purchasable","41":"product-type-simple"},"yoast_head":"<!-- This site is optimized with the Yoast SEO plugin v27.0 - https:\/\/yoast.com\/product\/yoast-seo-wordpress\/ -->\n<title>Tobermory 12 Jahre Single Malt - Whisky4you Kaufen Sie jetzt!<\/title>\n<meta name=\"description\" content=\"Tobermory 12 Jahre Single Malt, wunderbares Geschmackserlebnis, komplex, sehr fruchtig und \u00f6lig, perfekt harmoniert mit einem Alkoholgehalt von 46,3%.\" \/>\n<meta name=\"robots\" content=\"index, follow, max-snippet:-1, max-image-preview:large, max-video-preview:-1\" \/>\n<link rel=\"canonical\" href=\"https:\/\/whisky4you.net\/de\/produkt\/tobermory-12-jahre-single-malt\/\" \/>\n<meta property=\"og:locale\" content=\"de_DE\" \/>\n<meta property=\"og:type\" content=\"article\" \/>\n<meta property=\"og:title\" content=\"Tobermory 12 Jahre Single Malt - Whisky4you Kaufen Sie jetzt!\" \/>\n<meta property=\"og:description\" content=\"Tobermory 12 Jahre Single Malt, wunderbares Geschmackserlebnis, komplex, sehr fruchtig und \u00f6lig, perfekt harmoniert mit einem Alkoholgehalt von 46,3%.\" \/>\n<meta property=\"og:url\" content=\"https:\/\/whisky4you.net\/de\/produkt\/tobermory-12-jahre-single-malt\/\" \/>\n<meta property=\"og:site_name\" content=\"Whisky4you\" \/>\n<meta property=\"article:publisher\" content=\"https:\/\/www.facebook.com\/Whisky4you.net\" \/>\n<meta property=\"article:modified_time\" content=\"2024-08-24T10:07:16+00:00\" \/>\n<meta property=\"og:image\" content=\"https:\/\/i0.wp.com\/whisky4you.net\/wp-content\/uploads\/2020\/12\/Tobermory-12-years-Manzanilla-Finish.jpg?fit=846%2C846&ssl=1\" \/>\n\t<meta property=\"og:image:width\" content=\"846\" \/>\n\t<meta property=\"og:image:height\" content=\"846\" \/>\n\t<meta property=\"og:image:type\" content=\"image\/jpeg\" \/>\n<meta name=\"twitter:card\" content=\"summary_large_image\" \/>\n<meta name=\"twitter:label1\" content=\"Gesch\u00e4tzte Lesezeit\" \/>\n\t<meta name=\"twitter:data1\" content=\"2\u00a0Minuten\" \/>\n<script type=\"application\/ld+json\" class=\"yoast-schema-graph\">{\"@context\":\"https:\/\/schema.org\",\"@graph\":[{\"@type\":\"WebPage\",\"@id\":\"https:\/\/whisky4you.net\/de\/produkt\/tobermory-12-jahre-single-malt\/\",\"url\":\"https:\/\/whisky4you.net\/de\/produkt\/tobermory-12-jahre-single-malt\/\",\"name\":\"Tobermory 12 Jahre Single Malt - Whisky4you Kaufen Sie jetzt!\",\"isPartOf\":{\"@id\":\"https:\/\/whisky4you.net\/de\/#website\"},\"primaryImageOfPage\":{\"@id\":\"https:\/\/whisky4you.net\/de\/produkt\/tobermory-12-jahre-single-malt\/#primaryimage\"},\"image\":{\"@id\":\"https:\/\/whisky4you.net\/de\/produkt\/tobermory-12-jahre-single-malt\/#primaryimage\"},\"thumbnailUrl\":\"https:\/\/whisky4you.net\/wp-content\/uploads\/2020\/12\/Tobermory-12-years-Manzanilla-Finish.jpg\",\"datePublished\":\"2018-03-17T16:46:52+00:00\",\"dateModified\":\"2024-08-24T10:07:16+00:00\",\"description\":\"Tobermory 12 Jahre Single Malt, wunderbares Geschmackserlebnis, komplex, sehr fruchtig und \u00f6lig, perfekt harmoniert mit einem Alkoholgehalt von 46,3%.\",\"breadcrumb\":{\"@id\":\"https:\/\/whisky4you.net\/de\/produkt\/tobermory-12-jahre-single-malt\/#breadcrumb\"},\"inLanguage\":\"de\",\"potentialAction\":[{\"@type\":\"ReadAction\",\"target\":[\"https:\/\/whisky4you.net\/de\/produkt\/tobermory-12-jahre-single-malt\/\"]}]},{\"@type\":\"ImageObject\",\"inLanguage\":\"de\",\"@id\":\"https:\/\/whisky4you.net\/de\/produkt\/tobermory-12-jahre-single-malt\/#primaryimage\",\"url\":\"https:\/\/whisky4you.net\/wp-content\/uploads\/2020\/12\/Tobermory-12-years-Manzanilla-Finish.jpg\",\"contentUrl\":\"https:\/\/whisky4you.net\/wp-content\/uploads\/2020\/12\/Tobermory-12-years-Manzanilla-Finish.jpg\",\"width\":846,\"height\":846,\"caption\":\"Tobermory 12 Jahre Single Malt, wunderbares Geschmackserlebnis, komplex, sehr fruchtig und \u00f6lig, perfekt harmoniert mit einem Alkoholgehalt von 46,3%.\"},{\"@type\":\"BreadcrumbList\",\"@id\":\"https:\/\/whisky4you.net\/de\/produkt\/tobermory-12-jahre-single-malt\/#breadcrumb\",\"itemListElement\":[{\"@type\":\"ListItem\",\"position\":1,\"name\":\"Home\",\"item\":\"https:\/\/whisky4you.net\/\"},{\"@type\":\"ListItem\",\"position\":2,\"name\":\"Online Shop\",\"item\":\"https:\/\/whisky4you.net\/de\/online-shop\/\"},{\"@type\":\"ListItem\",\"position\":3,\"name\":\"Tobermory 12 Jahre Single Malt\"}]},{\"@type\":\"WebSite\",\"@id\":\"https:\/\/whisky4you.net\/de\/#website\",\"url\":\"https:\/\/whisky4you.net\/de\/\",\"name\":\"Whisky4you\",\"description\":\"Dedicated to Whisky interest and Whisky lovers\",\"publisher\":{\"@id\":\"https:\/\/whisky4you.net\/de\/#organization\"},\"potentialAction\":[{\"@type\":\"SearchAction\",\"target\":{\"@type\":\"EntryPoint\",\"urlTemplate\":\"https:\/\/whisky4you.net\/de\/?s={search_term_string}\"},\"query-input\":{\"@type\":\"PropertyValueSpecification\",\"valueRequired\":true,\"valueName\":\"search_term_string\"}}],\"inLanguage\":\"de\"},{\"@type\":\"Organization\",\"@id\":\"https:\/\/whisky4you.net\/de\/#organization\",\"name\":\"Whisky4you\",\"url\":\"https:\/\/whisky4you.net\/de\/\",\"logo\":{\"@type\":\"ImageObject\",\"inLanguage\":\"de\",\"@id\":\"https:\/\/whisky4you.net\/de\/#\/schema\/logo\/image\/\",\"url\":\"https:\/\/whisky4you.net\/wp-content\/uploads\/2020\/12\/cropped-cropped-cropped-cropped-logo-head.png\",\"contentUrl\":\"https:\/\/whisky4you.net\/wp-content\/uploads\/2020\/12\/cropped-cropped-cropped-cropped-logo-head.png\",\"width\":250,\"height\":81,\"caption\":\"Whisky4you\"},\"image\":{\"@id\":\"https:\/\/whisky4you.net\/de\/#\/schema\/logo\/image\/\"},\"sameAs\":[\"https:\/\/www.facebook.com\/Whisky4you.net\",\"https:\/\/www.linkedin.com\/company\/whisky4you\/?viewAsMember=true\"]}]}<\/script>\n<!-- \/ Yoast SEO plugin. -->","yoast_head_json":{"title":"Tobermory 12 Jahre Single Malt - Whisky4you Kaufen Sie jetzt!","description":"Tobermory 12 Jahre Single Malt, wunderbares Geschmackserlebnis, komplex, sehr fruchtig und \u00f6lig, perfekt harmoniert mit einem Alkoholgehalt von 46,3%.","robots":{"index":"index","follow":"follow","max-snippet":"max-snippet:-1","max-image-preview":"max-image-preview:large","max-video-preview":"max-video-preview:-1"},"canonical":"https:\/\/whisky4you.net\/de\/produkt\/tobermory-12-jahre-single-malt\/","og_locale":"de_DE","og_type":"article","og_title":"Tobermory 12 Jahre Single Malt - Whisky4you Kaufen Sie jetzt!","og_description":"Tobermory 12 Jahre Single Malt, wunderbares Geschmackserlebnis, komplex, sehr fruchtig und \u00f6lig, perfekt harmoniert mit einem Alkoholgehalt von 46,3%.","og_url":"https:\/\/whisky4you.net\/de\/produkt\/tobermory-12-jahre-single-malt\/","og_site_name":"Whisky4you","article_publisher":"https:\/\/www.facebook.com\/Whisky4you.net","article_modified_time":"2024-08-24T10:07:16+00:00","og_image":[{"width":846,"height":846,"url":"https:\/\/i0.wp.com\/whisky4you.net\/wp-content\/uploads\/2020\/12\/Tobermory-12-years-Manzanilla-Finish.jpg?fit=846%2C846&ssl=1","type":"image\/jpeg"}],"twitter_card":"summary_large_image","twitter_misc":{"Gesch\u00e4tzte Lesezeit":"2\u00a0Minuten"},"schema":{"@context":"https:\/\/schema.org","@graph":[{"@type":"WebPage","@id":"https:\/\/whisky4you.net\/de\/produkt\/tobermory-12-jahre-single-malt\/","url":"https:\/\/whisky4you.net\/de\/produkt\/tobermory-12-jahre-single-malt\/","name":"Tobermory 12 Jahre Single Malt - Whisky4you Kaufen Sie jetzt!","isPartOf":{"@id":"https:\/\/whisky4you.net\/de\/#website"},"primaryImageOfPage":{"@id":"https:\/\/whisky4you.net\/de\/produkt\/tobermory-12-jahre-single-malt\/#primaryimage"},"image":{"@id":"https:\/\/whisky4you.net\/de\/produkt\/tobermory-12-jahre-single-malt\/#primaryimage"},"thumbnailUrl":"https:\/\/whisky4you.net\/wp-content\/uploads\/2020\/12\/Tobermory-12-years-Manzanilla-Finish.jpg","datePublished":"2018-03-17T16:46:52+00:00","dateModified":"2024-08-24T10:07:16+00:00","description":"Tobermory 12 Jahre Single Malt, wunderbares Geschmackserlebnis, komplex, sehr fruchtig und \u00f6lig, perfekt harmoniert mit einem Alkoholgehalt von 46,3%.","breadcrumb":{"@id":"https:\/\/whisky4you.net\/de\/produkt\/tobermory-12-jahre-single-malt\/#breadcrumb"},"inLanguage":"de","potentialAction":[{"@type":"ReadAction","target":["https:\/\/whisky4you.net\/de\/produkt\/tobermory-12-jahre-single-malt\/"]}]},{"@type":"ImageObject","inLanguage":"de","@id":"https:\/\/whisky4you.net\/de\/produkt\/tobermory-12-jahre-single-malt\/#primaryimage","url":"https:\/\/whisky4you.net\/wp-content\/uploads\/2020\/12\/Tobermory-12-years-Manzanilla-Finish.jpg","contentUrl":"https:\/\/whisky4you.net\/wp-content\/uploads\/2020\/12\/Tobermory-12-years-Manzanilla-Finish.jpg","width":846,"height":846,"caption":"Tobermory 12 Jahre Single Malt, wunderbares Geschmackserlebnis, komplex, sehr fruchtig und \u00f6lig, perfekt harmoniert mit einem Alkoholgehalt von 46,3%."},{"@type":"BreadcrumbList","@id":"https:\/\/whisky4you.net\/de\/produkt\/tobermory-12-jahre-single-malt\/#breadcrumb","itemListElement":[{"@type":"ListItem","position":1,"name":"Home","item":"https:\/\/whisky4you.net\/"},{"@type":"ListItem","position":2,"name":"Online Shop","item":"https:\/\/whisky4you.net\/de\/online-shop\/"},{"@type":"ListItem","position":3,"name":"Tobermory 12 Jahre Single Malt"}]},{"@type":"WebSite","@id":"https:\/\/whisky4you.net\/de\/#website","url":"https:\/\/whisky4you.net\/de\/","name":"Whisky4you","description":"Dedicated to Whisky interest and Whisky lovers","publisher":{"@id":"https:\/\/whisky4you.net\/de\/#organization"},"potentialAction":[{"@type":"SearchAction","target":{"@type":"EntryPoint","urlTemplate":"https:\/\/whisky4you.net\/de\/?s={search_term_string}"},"query-input":{"@type":"PropertyValueSpecification","valueRequired":true,"valueName":"search_term_string"}}],"inLanguage":"de"},{"@type":"Organization","@id":"https:\/\/whisky4you.net\/de\/#organization","name":"Whisky4you","url":"https:\/\/whisky4you.net\/de\/","logo":{"@type":"ImageObject","inLanguage":"de","@id":"https:\/\/whisky4you.net\/de\/#\/schema\/logo\/image\/","url":"https:\/\/whisky4you.net\/wp-content\/uploads\/2020\/12\/cropped-cropped-cropped-cropped-logo-head.png","contentUrl":"https:\/\/whisky4you.net\/wp-content\/uploads\/2020\/12\/cropped-cropped-cropped-cropped-logo-head.png","width":250,"height":81,"caption":"Whisky4you"},"image":{"@id":"https:\/\/whisky4you.net\/de\/#\/schema\/logo\/image\/"},"sameAs":["https:\/\/www.facebook.com\/Whisky4you.net","https:\/\/www.linkedin.com\/company\/whisky4you\/?viewAsMember=true"]}]}},"jetpack_sharing_enabled":true,"_links":{"self":[{"href":"https:\/\/whisky4you.net\/de\/wp-json\/wp\/v2\/product\/17778","targetHints":{"allow":["GET"]}}],"collection":[{"href":"https:\/\/whisky4you.net\/de\/wp-json\/wp\/v2\/product"}],"about":[{"href":"https:\/\/whisky4you.net\/de\/wp-json\/wp\/v2\/types\/product"}],"replies":[{"embeddable":true,"href":"https:\/\/whisky4you.net\/de\/wp-json\/wp\/v2\/comments?post=17778"}],"version-history":[{"count":0,"href":"https:\/\/whisky4you.net\/de\/wp-json\/wp\/v2\/product\/17778\/revisions"}],"wp:featuredmedia":[{"embeddable":true,"href":"https:\/\/whisky4you.net\/de\/wp-json\/wp\/v2\/media\/18932"}],"wp:attachment":[{"href":"https:\/\/whisky4you.net\/de\/wp-json\/wp\/v2\/media?parent=17778"}],"wp:term":[{"taxonomy":"product_brand","embeddable":true,"href":"https:\/\/whisky4you.net\/de\/wp-json\/wp\/v2\/product_brand?post=17778"},{"taxonomy":"product_cat","embeddable":true,"href":"https:\/\/whisky4you.net\/de\/wp-json\/wp\/v2\/product_cat?post=17778"},{"taxonomy":"product_tag","embeddable":true,"href":"https:\/\/whisky4you.net\/de\/wp-json\/wp\/v2\/product_tag?post=17778"}],"curies":[{"name":"wp","href":"https:\/\/api.w.org\/{rel}","templated":true}]}}