{"id":17879,"date":"2018-03-17T18:18:27","date_gmt":"2018-03-17T17:18:27","guid":{"rendered":"https:\/\/whisky4you.net\/product\/bowmore-18-jahre-single-malt\/"},"modified":"2025-04-16T06:52:48","modified_gmt":"2025-04-16T05:52:48","slug":"bowmore-18-jahre-single-malt","status":"publish","type":"product","link":"https:\/\/whisky4you.net\/de\/produkt\/bowmore-18-jahre-single-malt\/","title":{"rendered":"Bowmore 18 Jahre Single Malt"},"content":{"rendered":"<h3><strong>Bowmore 18 Jahre Single Malt<\/strong><\/h3>\n<p>Der dunkle und komplexe Bowmore 18 Jahre Single Malt ist eine Flasche f\u00fcr Genie\u00dfer von hochqualitativen, aber rauen und charakterstarken Whiskies. Er ist ein w\u00fcrdiger Repr\u00e4sentant der wilden Sch\u00f6nheit Islays, der heftigen See und der salzigen, hebridischen Winde. Hier stellt Bowmore seit 1779 ihren Scotch her. Die Meisterbrenner arbeiten mit den besten Eichenf\u00e4ssern und einer Tradition, die \u00fcber Generationen weitergegeben wurde. Dabei wird der Bowmore 18 Jahre Single Malt nur aus drei Zutaten hergestellt: Gerste, Hefe und Wasser.<br \/>Der Gr\u00fcnder der Destillerie war der Kaufmann David Simpson, der 1766 das Land daf\u00fcr kaufte und die erste Produktion aufbaute. Seitdem werden Traditionen, F\u00e4higkeiten und Fachkenntnisse der fr\u00fchesten Tage des Scotch Whisky an die folgenden Generationen weitergegeben.<\/p>\n<h3><strong>Woher kommt er?<\/strong><\/h3>\n<p>In der <span style=\"text-decoration: underline;\"><a href=\"https:\/\/www.bowmore.com\/\" target=\"_blank\" rel=\"noopener noreferrer\">Bowmore Brennerei<\/a><\/span> finden Sie mehr schottische Geschichte als anderswo. Sie ist in der frischen Seeluft verborgen, den alten Steinmauern, der Sch\u00f6nheit der Insel und der Erde, auf der jedes Fass Bowmore Whisky reift. Zum Beispiel wird er in den Gew\u00f6lben Nr. 1, dem legend\u00e4ren Lager, teilweise unterhalb des Meeresspiegels gelagert. Nach alter Handwerks-kunst seit \u00fcber 240 Jahren wird er mit geb\u00fchrender Besinnlichkeit und Geduld akribisch bis zur Perfektion gereift. Die Master-Distiller selbst \u00fcberwachen sorgf\u00e4ltig Prozess und Qualit\u00e4t.<\/p>\n<h3><strong>Wie schmeckt der Bowmore 18 Jahre Single Malt?<\/strong><\/h3>\n<p>Der 18-j\u00e4hrige Single Malt ersetzt seit einiger Zeit den bekannten und beliebten 17-j\u00e4hrigen Bowmore. Perfekt ausbalancierte Aromen, reichhaltig, vielschichtig und ausdrucksstark, ist er einer der bemerkenswertesten Malts seiner Art. Der wunderbar komplexe und cremige Bowmore-Torfrauch umh\u00fcllt fruchtige und s\u00fc\u00dfe Herznoten. Cremiger Karamell, Schokolade und weiche, reifen Fr\u00fcchte lassen sich erahnen und f\u00fchren zu einem langen und wunderbar ausgewogenen Abgang. Die besondere Komplexit\u00e4t liegt nat\u00fcrlich auch in seinem hohen Alter begr\u00fcndet, das ihm viel Zeit verlieh, sich mit den verschiedenen Geschmacksnoten der Eichenf\u00e4sser anzureichern. Einen signifikanten Einfluss hatten in diesem Fall die Sherry F\u00e4sser im Finish. All dies ist in dem Bowmore-Leitspruch auf der Flasche zusammengefasst: <br \/>\u201e\u00d6ffnen Sie die T\u00fcr zu einer Geschichte mit tieferem Charakter.\u201c (\u00fcbersetzt)<\/p>\n<p>Schauen Sie sich auch unsere Verkostungsvideos an und genie\u00dfen Sie die Hintergrundartikel in unserem Blog \u201e<span style=\"text-decoration: underline;\"><a href=\"https:\/\/whisky4you.net\/de\/alles-ueber-whisky\/\" target=\"_blank\" rel=\"noopener noreferrer\">Alles \u00fcber Whisky<\/a><\/span>\u201c.<\/p>\n<p><span style=\"color: #f0ae13;\"><strong>Typ:<\/strong><\/span>\u00a0 \u00a0 \u00a0Single Malt Whisky<\/p>\n<p><strong><span style=\"color: #f0ae13;\">Aroma:<\/span>\u00a0 <\/strong>Cremiges Karamellaroma mit reifen weichen Fr\u00fcchten und duftenden Rauch Noten<\/p>\n<p><span style=\"color: #f0ae13;\"><strong>Geschmack:<\/strong>\u00a0\u00a0<\/span> sehr komplex und vollmundig, deutliche Sherry Note, gut ausgewogen mit milden Holznoten, von Torfrauch umgeben<\/p>\n<p><span style=\"color: #f0ae13;\"><strong>Abgang:<\/strong>\u00a0<\/span>\u00a0 liegt noch lange auf der Zunge mit s\u00fc\u00dfen Schokoladen Aromen und Spuren von ger\u00f6steten Kaffeebohnen<\/p>\n","protected":false},"excerpt":{"rendered":"<ul>\n<li>18 Jahre alter Single Malt einer der \u00e4ltesten Islay-Brennereien<\/li>\n<li>meisterhafte Kombination aus sanftem Torfrauch mit weichen, reifen Fr\u00fcchten, perfekt temperiert mit einem Hauch von cremigem Karamell und Schokolade<\/li>\n<li>unglaublich komplex und lohnend, wunderbar ausgewogener Abgang<\/li>\n<\/ul>\n","protected":false},"featured_media":18894,"comment_status":"open","ping_status":"closed","template":"","meta":[],"product_brand":[],"product_cat":[944,942,940],"product_tag":[770,782,794,800,844,819,818,824,832],"class_list":{"0":"post-17879","1":"product","2":"type-product","3":"status-publish","4":"has-post-thumbnail","6":"product_cat-islands-de","7":"product_cat-islay-de","8":"product_cat-scotch-de","9":"product_tag-18-jahre","10":"product_tag-bowmore-de","11":"product_tag-ex-bourbon-fasser","12":"product_tag-islay-de","13":"product_tag-rauchig","14":"product_tag-schottland-de","15":"product_tag-scotch-de","16":"product_tag-single-malt-de","17":"product_tag-whisky-de","18":"pa_alcohol-content-43-de","19":"pa_bottled-at-abgefullt-durch-hersteller","20":"pa_country-schottland","21":"pa_distillery-bowmore-de","22":"pa_maturation-casks-bourbon-de","23":"pa_maturation-casks-sherry-de","24":"pa_minimum-age-10-jahre","25":"pa_minimum-age-12-jahre","26":"pa_minimum-age-16-jahre","27":"pa_minimum-age-18-jahre","28":"pa_product-net-content-70-cl-de","29":"pa_scotland-islay-de","30":"pa_whisky-type-single-malt-de","31":"no-featured-image-padding","32":"sales-flash-overlay","33":"woocommerce-text-align-center","34":"woocommerce-image-align-center","35":"do-quantity-buttons","36":"wc-has-gallery","38":"first","39":"outofstock","40":"featured","41":"taxable","42":"shipping-taxable","43":"purchasable","44":"product-type-simple"},"yoast_head":"<!-- This site is optimized with the Yoast SEO plugin v27.0 - https:\/\/yoast.com\/product\/yoast-seo-wordpress\/ -->\n<title>Bowmore 18 Jahre Single Malt - Whisky4you Kaufen Sie jetzt!<\/title>\n<meta name=\"description\" content=\"Bowmore 18 Jahre Single Malt, dunkel und komplex, mit cremigem Karamellgeschmack, fruchtigen und torfigen Rauchnoten, beeindruckender, lang anhaltender Abgang.\" \/>\n<meta name=\"robots\" content=\"index, follow, max-snippet:-1, max-image-preview:large, max-video-preview:-1\" \/>\n<link rel=\"canonical\" href=\"https:\/\/whisky4you.net\/de\/produkt\/bowmore-18-jahre-single-malt\/\" \/>\n<meta property=\"og:locale\" content=\"de_DE\" \/>\n<meta property=\"og:type\" content=\"article\" \/>\n<meta property=\"og:title\" content=\"Bowmore 18 Jahre Single Malt - Whisky4you Kaufen Sie jetzt!\" \/>\n<meta property=\"og:description\" content=\"Bowmore 18 Jahre Single Malt, dunkel und komplex, mit cremigem Karamellgeschmack, fruchtigen und torfigen Rauchnoten, beeindruckender, lang anhaltender Abgang.\" \/>\n<meta property=\"og:url\" content=\"https:\/\/whisky4you.net\/de\/produkt\/bowmore-18-jahre-single-malt\/\" \/>\n<meta property=\"og:site_name\" content=\"Whisky4you\" \/>\n<meta property=\"article:publisher\" content=\"https:\/\/www.facebook.com\/Whisky4you.net\" \/>\n<meta property=\"article:modified_time\" content=\"2025-04-16T05:52:48+00:00\" \/>\n<meta property=\"og:image\" content=\"https:\/\/i0.wp.com\/whisky4you.net\/wp-content\/uploads\/2020\/12\/Bowmore-18-years-single-malt.jpg?fit=846%2C846&ssl=1\" \/>\n\t<meta property=\"og:image:width\" content=\"846\" \/>\n\t<meta property=\"og:image:height\" content=\"846\" \/>\n\t<meta property=\"og:image:type\" content=\"image\/jpeg\" \/>\n<meta name=\"twitter:card\" content=\"summary_large_image\" \/>\n<meta name=\"twitter:label1\" content=\"Gesch\u00e4tzte Lesezeit\" \/>\n\t<meta name=\"twitter:data1\" content=\"2\u00a0Minuten\" \/>\n<script type=\"application\/ld+json\" class=\"yoast-schema-graph\">{\"@context\":\"https:\/\/schema.org\",\"@graph\":[{\"@type\":\"WebPage\",\"@id\":\"https:\/\/whisky4you.net\/de\/produkt\/bowmore-18-jahre-single-malt\/\",\"url\":\"https:\/\/whisky4you.net\/de\/produkt\/bowmore-18-jahre-single-malt\/\",\"name\":\"Bowmore 18 Jahre Single Malt - Whisky4you Kaufen Sie jetzt!\",\"isPartOf\":{\"@id\":\"https:\/\/whisky4you.net\/de\/#website\"},\"primaryImageOfPage\":{\"@id\":\"https:\/\/whisky4you.net\/de\/produkt\/bowmore-18-jahre-single-malt\/#primaryimage\"},\"image\":{\"@id\":\"https:\/\/whisky4you.net\/de\/produkt\/bowmore-18-jahre-single-malt\/#primaryimage\"},\"thumbnailUrl\":\"https:\/\/whisky4you.net\/wp-content\/uploads\/2020\/12\/Bowmore-18-years-single-malt.jpg\",\"datePublished\":\"2018-03-17T17:18:27+00:00\",\"dateModified\":\"2025-04-16T05:52:48+00:00\",\"description\":\"Bowmore 18 Jahre Single Malt, dunkel und komplex, mit cremigem Karamellgeschmack, fruchtigen und torfigen Rauchnoten, beeindruckender, lang anhaltender Abgang.\",\"breadcrumb\":{\"@id\":\"https:\/\/whisky4you.net\/de\/produkt\/bowmore-18-jahre-single-malt\/#breadcrumb\"},\"inLanguage\":\"de\",\"potentialAction\":[{\"@type\":\"ReadAction\",\"target\":[\"https:\/\/whisky4you.net\/de\/produkt\/bowmore-18-jahre-single-malt\/\"]}]},{\"@type\":\"ImageObject\",\"inLanguage\":\"de\",\"@id\":\"https:\/\/whisky4you.net\/de\/produkt\/bowmore-18-jahre-single-malt\/#primaryimage\",\"url\":\"https:\/\/whisky4you.net\/wp-content\/uploads\/2020\/12\/Bowmore-18-years-single-malt.jpg\",\"contentUrl\":\"https:\/\/whisky4you.net\/wp-content\/uploads\/2020\/12\/Bowmore-18-years-single-malt.jpg\",\"width\":846,\"height\":846,\"caption\":\"Bowmore 18 Jahre Single Malt, dunkler und komplexer Whisky mit cremigem Karamellgeschmack, fruchtigen und torfigen Raucht\u00f6nen, komplexem und lang anhaltendem Abgang.\"},{\"@type\":\"BreadcrumbList\",\"@id\":\"https:\/\/whisky4you.net\/de\/produkt\/bowmore-18-jahre-single-malt\/#breadcrumb\",\"itemListElement\":[{\"@type\":\"ListItem\",\"position\":1,\"name\":\"Home\",\"item\":\"https:\/\/whisky4you.net\/\"},{\"@type\":\"ListItem\",\"position\":2,\"name\":\"Online Shop\",\"item\":\"https:\/\/whisky4you.net\/de\/online-shop\/\"},{\"@type\":\"ListItem\",\"position\":3,\"name\":\"Bowmore 18 Jahre Single Malt\"}]},{\"@type\":\"WebSite\",\"@id\":\"https:\/\/whisky4you.net\/de\/#website\",\"url\":\"https:\/\/whisky4you.net\/de\/\",\"name\":\"Whisky4you\",\"description\":\"Dedicated to Whisky interest and Whisky lovers\",\"publisher\":{\"@id\":\"https:\/\/whisky4you.net\/de\/#organization\"},\"potentialAction\":[{\"@type\":\"SearchAction\",\"target\":{\"@type\":\"EntryPoint\",\"urlTemplate\":\"https:\/\/whisky4you.net\/de\/?s={search_term_string}\"},\"query-input\":{\"@type\":\"PropertyValueSpecification\",\"valueRequired\":true,\"valueName\":\"search_term_string\"}}],\"inLanguage\":\"de\"},{\"@type\":\"Organization\",\"@id\":\"https:\/\/whisky4you.net\/de\/#organization\",\"name\":\"Whisky4you\",\"url\":\"https:\/\/whisky4you.net\/de\/\",\"logo\":{\"@type\":\"ImageObject\",\"inLanguage\":\"de\",\"@id\":\"https:\/\/whisky4you.net\/de\/#\/schema\/logo\/image\/\",\"url\":\"https:\/\/whisky4you.net\/wp-content\/uploads\/2020\/12\/cropped-cropped-cropped-cropped-logo-head.png\",\"contentUrl\":\"https:\/\/whisky4you.net\/wp-content\/uploads\/2020\/12\/cropped-cropped-cropped-cropped-logo-head.png\",\"width\":250,\"height\":81,\"caption\":\"Whisky4you\"},\"image\":{\"@id\":\"https:\/\/whisky4you.net\/de\/#\/schema\/logo\/image\/\"},\"sameAs\":[\"https:\/\/www.facebook.com\/Whisky4you.net\",\"https:\/\/www.linkedin.com\/company\/whisky4you\/?viewAsMember=true\"]}]}<\/script>\n<!-- \/ Yoast SEO plugin. -->","yoast_head_json":{"title":"Bowmore 18 Jahre Single Malt - Whisky4you Kaufen Sie jetzt!","description":"Bowmore 18 Jahre Single Malt, dunkel und komplex, mit cremigem Karamellgeschmack, fruchtigen und torfigen Rauchnoten, beeindruckender, lang anhaltender Abgang.","robots":{"index":"index","follow":"follow","max-snippet":"max-snippet:-1","max-image-preview":"max-image-preview:large","max-video-preview":"max-video-preview:-1"},"canonical":"https:\/\/whisky4you.net\/de\/produkt\/bowmore-18-jahre-single-malt\/","og_locale":"de_DE","og_type":"article","og_title":"Bowmore 18 Jahre Single Malt - Whisky4you Kaufen Sie jetzt!","og_description":"Bowmore 18 Jahre Single Malt, dunkel und komplex, mit cremigem Karamellgeschmack, fruchtigen und torfigen Rauchnoten, beeindruckender, lang anhaltender Abgang.","og_url":"https:\/\/whisky4you.net\/de\/produkt\/bowmore-18-jahre-single-malt\/","og_site_name":"Whisky4you","article_publisher":"https:\/\/www.facebook.com\/Whisky4you.net","article_modified_time":"2025-04-16T05:52:48+00:00","og_image":[{"width":846,"height":846,"url":"https:\/\/i0.wp.com\/whisky4you.net\/wp-content\/uploads\/2020\/12\/Bowmore-18-years-single-malt.jpg?fit=846%2C846&ssl=1","type":"image\/jpeg"}],"twitter_card":"summary_large_image","twitter_misc":{"Gesch\u00e4tzte Lesezeit":"2\u00a0Minuten"},"schema":{"@context":"https:\/\/schema.org","@graph":[{"@type":"WebPage","@id":"https:\/\/whisky4you.net\/de\/produkt\/bowmore-18-jahre-single-malt\/","url":"https:\/\/whisky4you.net\/de\/produkt\/bowmore-18-jahre-single-malt\/","name":"Bowmore 18 Jahre Single Malt - Whisky4you Kaufen Sie jetzt!","isPartOf":{"@id":"https:\/\/whisky4you.net\/de\/#website"},"primaryImageOfPage":{"@id":"https:\/\/whisky4you.net\/de\/produkt\/bowmore-18-jahre-single-malt\/#primaryimage"},"image":{"@id":"https:\/\/whisky4you.net\/de\/produkt\/bowmore-18-jahre-single-malt\/#primaryimage"},"thumbnailUrl":"https:\/\/whisky4you.net\/wp-content\/uploads\/2020\/12\/Bowmore-18-years-single-malt.jpg","datePublished":"2018-03-17T17:18:27+00:00","dateModified":"2025-04-16T05:52:48+00:00","description":"Bowmore 18 Jahre Single Malt, dunkel und komplex, mit cremigem Karamellgeschmack, fruchtigen und torfigen Rauchnoten, beeindruckender, lang anhaltender Abgang.","breadcrumb":{"@id":"https:\/\/whisky4you.net\/de\/produkt\/bowmore-18-jahre-single-malt\/#breadcrumb"},"inLanguage":"de","potentialAction":[{"@type":"ReadAction","target":["https:\/\/whisky4you.net\/de\/produkt\/bowmore-18-jahre-single-malt\/"]}]},{"@type":"ImageObject","inLanguage":"de","@id":"https:\/\/whisky4you.net\/de\/produkt\/bowmore-18-jahre-single-malt\/#primaryimage","url":"https:\/\/whisky4you.net\/wp-content\/uploads\/2020\/12\/Bowmore-18-years-single-malt.jpg","contentUrl":"https:\/\/whisky4you.net\/wp-content\/uploads\/2020\/12\/Bowmore-18-years-single-malt.jpg","width":846,"height":846,"caption":"Bowmore 18 Jahre Single Malt, dunkler und komplexer Whisky mit cremigem Karamellgeschmack, fruchtigen und torfigen Raucht\u00f6nen, komplexem und lang anhaltendem Abgang."},{"@type":"BreadcrumbList","@id":"https:\/\/whisky4you.net\/de\/produkt\/bowmore-18-jahre-single-malt\/#breadcrumb","itemListElement":[{"@type":"ListItem","position":1,"name":"Home","item":"https:\/\/whisky4you.net\/"},{"@type":"ListItem","position":2,"name":"Online Shop","item":"https:\/\/whisky4you.net\/de\/online-shop\/"},{"@type":"ListItem","position":3,"name":"Bowmore 18 Jahre Single Malt"}]},{"@type":"WebSite","@id":"https:\/\/whisky4you.net\/de\/#website","url":"https:\/\/whisky4you.net\/de\/","name":"Whisky4you","description":"Dedicated to Whisky interest and Whisky lovers","publisher":{"@id":"https:\/\/whisky4you.net\/de\/#organization"},"potentialAction":[{"@type":"SearchAction","target":{"@type":"EntryPoint","urlTemplate":"https:\/\/whisky4you.net\/de\/?s={search_term_string}"},"query-input":{"@type":"PropertyValueSpecification","valueRequired":true,"valueName":"search_term_string"}}],"inLanguage":"de"},{"@type":"Organization","@id":"https:\/\/whisky4you.net\/de\/#organization","name":"Whisky4you","url":"https:\/\/whisky4you.net\/de\/","logo":{"@type":"ImageObject","inLanguage":"de","@id":"https:\/\/whisky4you.net\/de\/#\/schema\/logo\/image\/","url":"https:\/\/whisky4you.net\/wp-content\/uploads\/2020\/12\/cropped-cropped-cropped-cropped-logo-head.png","contentUrl":"https:\/\/whisky4you.net\/wp-content\/uploads\/2020\/12\/cropped-cropped-cropped-cropped-logo-head.png","width":250,"height":81,"caption":"Whisky4you"},"image":{"@id":"https:\/\/whisky4you.net\/de\/#\/schema\/logo\/image\/"},"sameAs":["https:\/\/www.facebook.com\/Whisky4you.net","https:\/\/www.linkedin.com\/company\/whisky4you\/?viewAsMember=true"]}]}},"jetpack_sharing_enabled":true,"_links":{"self":[{"href":"https:\/\/whisky4you.net\/de\/wp-json\/wp\/v2\/product\/17879","targetHints":{"allow":["GET"]}}],"collection":[{"href":"https:\/\/whisky4you.net\/de\/wp-json\/wp\/v2\/product"}],"about":[{"href":"https:\/\/whisky4you.net\/de\/wp-json\/wp\/v2\/types\/product"}],"replies":[{"embeddable":true,"href":"https:\/\/whisky4you.net\/de\/wp-json\/wp\/v2\/comments?post=17879"}],"version-history":[{"count":0,"href":"https:\/\/whisky4you.net\/de\/wp-json\/wp\/v2\/product\/17879\/revisions"}],"wp:featuredmedia":[{"embeddable":true,"href":"https:\/\/whisky4you.net\/de\/wp-json\/wp\/v2\/media\/18894"}],"wp:attachment":[{"href":"https:\/\/whisky4you.net\/de\/wp-json\/wp\/v2\/media?parent=17879"}],"wp:term":[{"taxonomy":"product_brand","embeddable":true,"href":"https:\/\/whisky4you.net\/de\/wp-json\/wp\/v2\/product_brand?post=17879"},{"taxonomy":"product_cat","embeddable":true,"href":"https:\/\/whisky4you.net\/de\/wp-json\/wp\/v2\/product_cat?post=17879"},{"taxonomy":"product_tag","embeddable":true,"href":"https:\/\/whisky4you.net\/de\/wp-json\/wp\/v2\/product_tag?post=17879"}],"curies":[{"name":"wp","href":"https:\/\/api.w.org\/{rel}","templated":true}]}}