{"id":17941,"date":"2018-03-19T09:01:15","date_gmt":"2018-03-19T08:01:15","guid":{"rendered":"https:\/\/whisky4you.net\/product\/17941\/"},"modified":"2024-08-24T11:06:54","modified_gmt":"2024-08-24T10:06:54","slug":"the-murray-2018-12-jahre-single-malt","status":"publish","type":"product","link":"https:\/\/whisky4you.net\/de\/produkt\/the-murray-2018-12-jahre-single-malt\/","title":{"rendered":"The Murray 2018 &#8211; 12 Jahre Single Malt"},"content":{"rendered":"<h3><strong>The Murray 2018 &#8211; 12 Jahre Single Malt<\/strong><\/h3>\n<p>Tullibardine &#8211; The Murray 2018 &#8211; 12 Jahre Single Malt Scotch ist Teil der Marquess Collection und wurde nach William Murray benannt, der einst der Marquess of Tullibardine war. Sir William Murray k\u00e4mpfte 1715 bei der ersten jakobitischen Rebellion in der Schlacht von Sheriffmuir, um Bonnie Prince Charlie in seine rechtm\u00e4\u00dfige Position als K\u00f6nig von Schottland zu bringen. Die schottische Geschichte und die Geschichte der Clans in diesem Konflikt begegnen wir immer wieder im Zusammenhang mit der Geschichte der Brennereien und der Whiskyproduktion.<\/p>\n<h3><strong>Woher kommt dieser Single Malt?<\/strong><\/h3>\n<p>Es war 1488, als der junge K\u00f6nig James IV. Von Schottland vor seiner Kr\u00f6nung anhielt, um Bier von der \u00f6rtlichen Brauerei zu kaufen, die f\u00fcr ein feines Bier bekannt war, das mit der \u00f6rtlichen Wasserquelle gebraut wurde. Bis 1503 hatte der K\u00f6nig ihnen eine k\u00f6nigliche Charta erteilt. 1947 begann William Delm\u00e9-Evans, diese urspr\u00fcngliche Brauerei in die <span style=\"text-decoration: underline;\"><a href=\"http:\/\/www.tullibardine.com\/\" target=\"_blank\" rel=\"noopener noreferrer\">Tullibardine Distillery<\/a><\/span> umzuwandeln. Als er das Wasser aus den nahe gelegenen Quellen testete, wusste er, dass er den perfekten Ort zum Destillieren von Whisky gefunden hatte.<\/p>\n<h3><strong>Wie schmeckt er?<\/strong><\/h3>\n<p>Charakteristisch f\u00fcr diesen edlen Single Malt ist seine Mischung aus jugendlichem Temperament, Intensit\u00e4t und einer gewissen Finesse. Der Vorg\u00e4nger in der Marquess-Kollektion ist ein 12 Jahre alter Single Malt in Fassst\u00e4rke, der 2005 destilliert wurde und vollst\u00e4ndig in Ex-Bourbon-F\u00e4ssern aus der ersten F\u00fcllung gereift ist. Diese besondere F\u00fcllung des Jahres 2018 erhielt ihre Komplexit\u00e4t durch fast zwei Jahre zus\u00e4tzlicher Reifung in Rotweinf\u00e4ssern aus der Region Ch\u00e2teauneuf-du-Pape der s\u00fcdlichen Rhone, was ihr einen wunderbar fruchtigen und w\u00fcrzigen Abgang verleiht. Ein edler Whisky, der den Namen seines Tr\u00e4gers im Geschmack und auch mit seinem sch\u00f6nen Design ehrt.<\/p>\n<p>THE MURRAY begeistert im Antritt mit Aromen von Erdbeeren mit Schokoladenglasur, die in feine Noten von H\u00f6lzern, Kr\u00e4utern und s\u00fc\u00dfer Butter \u00fcbergehen. Im Geschmack finden wir au\u00dferdem fruchtige Aromen von Obstkompott, mit einem Hauch Orangenbl\u00fcte und w\u00fcrzigem Pfeffer.<\/p>\n<p>(Update: die Charge 2017 und 2018 sind inzwischen leider komplett vergriffen und wir k\u00f6nnen ihn derzeit auch nicht mehr anbieten. Sollten Sie noch eine Flasche von diesem edlen Single Malt auf dem Markt finden, lassen Sie ihn sich nicht entgehen.)<\/p>\n<p>Schauen Sie sich unsere Verkostungsvideos an und genie\u00dfen Sie die Hintergrundartikel in unserem Blog &#8222;<span style=\"text-decoration: underline;\"><a href=\"https:\/\/whisky4you.net\/de\/alles-ueber-whisky\/\" target=\"_blank\" rel=\"noopener noreferrer\">Alles \u00fcber Whisky<\/a><\/span>&#8222;.<\/p>\n<p><span style=\"color: #f0ae13;\"><strong>Typ:<\/strong>\u00a0<\/span>\u00a0 Single Malt Whisky<\/p>\n<p><strong><span style=\"color: #f0ae13;\">Aroma: <\/span> <\/strong>Saftig und w\u00fcrzig mit dem Aroma roter Fr\u00fcchte<\/p>\n<p><span style=\"color: #f0ae13;\"><strong>Geschmack:<\/strong>\u00a0<\/span> Voller, frischer Auftritt mit Kirscharomen und feinen Noten von Minzschokolade<\/p>\n<p><span style=\"color: #f0ae13;\"><strong>Abgang:<\/strong>\u00a0<\/span> Langer vollmundiger Abgang mit s\u00fc\u00dfen Fruchtnoten und Aromen von Orangenbl\u00fcten und w\u00fcrzigem Pfeffer<\/p>\n","protected":false},"excerpt":{"rendered":"<ul>\n<li>Sonderedition der Marquess Collection in 2 Batches 2017 und 2018<\/li>\n<li>reifte fast 2 Jahre in Rotweinf\u00e4ssern aus der Region Ch\u00e2teauneuf-du-Pape gereift<\/li>\n<li>Aromen von Erdbeeren in Schokoladendip, w\u00fcrzige Eiche und buttrige Kr\u00e4uternoten, kombiniert mit einem Hauch von Gerste.<\/li>\n<li>fruchtiger Abgang mit einem Hauch von Orangenbl\u00fcte und w\u00fcrzigem Pfeffer.<\/li>\n<\/ul>\n<p>(Update: beide Chargen 2017 und 2018 inzwischen ausverkauft)<\/p>\n","protected":false},"featured_media":18915,"comment_status":"open","ping_status":"closed","template":"","meta":[],"product_brand":[],"product_cat":[941,940],"product_tag":[766,794,797,802,819,818,824,831,849,832],"class_list":{"0":"post-17941","1":"product","2":"type-product","3":"status-publish","4":"has-post-thumbnail","6":"product_cat-highlands-de","7":"product_cat-scotch-de","8":"product_tag-12-jahre","9":"product_tag-ex-bourbon-fasser","10":"product_tag-highlands-de","11":"product_tag-le-murray-de","12":"product_tag-schottland-de","13":"product_tag-scotch-de","14":"product_tag-single-malt-de","15":"product_tag-tullibardine-de","16":"product_tag-weinfinish","17":"product_tag-whisky-de","18":"pa_alcohol-content-46-de","19":"pa_bottled-at-abgefullt-durch-hersteller","20":"pa_country-schottland","21":"pa_distillery-tullibardine-de","22":"pa_maturation-casks-bourbon-de","23":"pa_maturation-casks-wein","24":"pa_minimum-age-10-jahre","25":"pa_minimum-age-12-jahre","26":"pa_product-net-content-70-cl-de","27":"pa_scotland-highlands-de","28":"pa_whisky-type-single-malt-de","29":"no-featured-image-padding","30":"sales-flash-overlay","31":"woocommerce-text-align-center","32":"woocommerce-image-align-center","33":"do-quantity-buttons","34":"wc-has-gallery","36":"first","37":"outofstock","38":"featured","39":"taxable","40":"shipping-taxable","41":"purchasable","42":"product-type-simple"},"yoast_head":"<!-- This site is optimized with the Yoast SEO plugin v27.0 - https:\/\/yoast.com\/product\/yoast-seo-wordpress\/ -->\n<title>The Murray 2018 - 12 Jahre Single Malt - Whisky4you Kaufen Sie jetzt!<\/title>\n<meta name=\"description\" content=\"Tullibardine Der Murray 2018 ist ein edler Single Malt mit einer Mischung aus jugendlichem Temperament, Intensit\u00e4t und der Finesse aus dem Rotweinfass.\" \/>\n<meta name=\"robots\" content=\"index, follow, max-snippet:-1, max-image-preview:large, max-video-preview:-1\" \/>\n<link rel=\"canonical\" href=\"https:\/\/whisky4you.net\/de\/produkt\/the-murray-2018-12-jahre-single-malt\/\" \/>\n<meta property=\"og:locale\" content=\"de_DE\" \/>\n<meta property=\"og:type\" content=\"article\" \/>\n<meta property=\"og:title\" content=\"The Murray 2018 - 12 Jahre Single Malt - Whisky4you Kaufen Sie jetzt!\" \/>\n<meta property=\"og:description\" content=\"Tullibardine Der Murray 2018 ist ein edler Single Malt mit einer Mischung aus jugendlichem Temperament, Intensit\u00e4t und der Finesse aus dem Rotweinfass.\" \/>\n<meta property=\"og:url\" content=\"https:\/\/whisky4you.net\/de\/produkt\/the-murray-2018-12-jahre-single-malt\/\" \/>\n<meta property=\"og:site_name\" content=\"Whisky4you\" \/>\n<meta property=\"article:publisher\" content=\"https:\/\/www.facebook.com\/Whisky4you.net\" \/>\n<meta property=\"article:modified_time\" content=\"2024-08-24T10:06:54+00:00\" \/>\n<meta property=\"og:image\" content=\"https:\/\/i0.wp.com\/whisky4you.net\/wp-content\/uploads\/2020\/12\/Le-Murray-Chateau-Neuf-Single-MaltK.jpg?fit=836%2C836&ssl=1\" \/>\n\t<meta property=\"og:image:width\" content=\"836\" \/>\n\t<meta property=\"og:image:height\" content=\"836\" \/>\n\t<meta property=\"og:image:type\" content=\"image\/jpeg\" \/>\n<meta name=\"twitter:card\" content=\"summary_large_image\" \/>\n<meta name=\"twitter:label1\" content=\"Gesch\u00e4tzte Lesezeit\" \/>\n\t<meta name=\"twitter:data1\" content=\"2\u00a0Minuten\" \/>\n<script type=\"application\/ld+json\" class=\"yoast-schema-graph\">{\"@context\":\"https:\/\/schema.org\",\"@graph\":[{\"@type\":\"WebPage\",\"@id\":\"https:\/\/whisky4you.net\/de\/produkt\/the-murray-2018-12-jahre-single-malt\/\",\"url\":\"https:\/\/whisky4you.net\/de\/produkt\/the-murray-2018-12-jahre-single-malt\/\",\"name\":\"The Murray 2018 - 12 Jahre Single Malt - Whisky4you Kaufen Sie jetzt!\",\"isPartOf\":{\"@id\":\"https:\/\/whisky4you.net\/de\/#website\"},\"primaryImageOfPage\":{\"@id\":\"https:\/\/whisky4you.net\/de\/produkt\/the-murray-2018-12-jahre-single-malt\/#primaryimage\"},\"image\":{\"@id\":\"https:\/\/whisky4you.net\/de\/produkt\/the-murray-2018-12-jahre-single-malt\/#primaryimage\"},\"thumbnailUrl\":\"https:\/\/whisky4you.net\/wp-content\/uploads\/2020\/12\/Le-Murray-Chateau-Neuf-Single-MaltK.jpg\",\"datePublished\":\"2018-03-19T08:01:15+00:00\",\"dateModified\":\"2024-08-24T10:06:54+00:00\",\"description\":\"Tullibardine Der Murray 2018 ist ein edler Single Malt mit einer Mischung aus jugendlichem Temperament, Intensit\u00e4t und der Finesse aus dem Rotweinfass.\",\"breadcrumb\":{\"@id\":\"https:\/\/whisky4you.net\/de\/produkt\/the-murray-2018-12-jahre-single-malt\/#breadcrumb\"},\"inLanguage\":\"de\",\"potentialAction\":[{\"@type\":\"ReadAction\",\"target\":[\"https:\/\/whisky4you.net\/de\/produkt\/the-murray-2018-12-jahre-single-malt\/\"]}]},{\"@type\":\"ImageObject\",\"inLanguage\":\"de\",\"@id\":\"https:\/\/whisky4you.net\/de\/produkt\/the-murray-2018-12-jahre-single-malt\/#primaryimage\",\"url\":\"https:\/\/whisky4you.net\/wp-content\/uploads\/2020\/12\/Le-Murray-Chateau-Neuf-Single-MaltK.jpg\",\"contentUrl\":\"https:\/\/whisky4you.net\/wp-content\/uploads\/2020\/12\/Le-Murray-Chateau-Neuf-Single-MaltK.jpg\",\"width\":836,\"height\":836,\"caption\":\"Tullibardine Le Murray 2018 ist ein edler Single Malt mit einer Mischung aus jugendlichem Temperament, Intensit\u00e4t und der Finesse aus dem Rotweinfass.\"},{\"@type\":\"BreadcrumbList\",\"@id\":\"https:\/\/whisky4you.net\/de\/produkt\/the-murray-2018-12-jahre-single-malt\/#breadcrumb\",\"itemListElement\":[{\"@type\":\"ListItem\",\"position\":1,\"name\":\"Home\",\"item\":\"https:\/\/whisky4you.net\/\"},{\"@type\":\"ListItem\",\"position\":2,\"name\":\"Online Shop\",\"item\":\"https:\/\/whisky4you.net\/de\/online-shop\/\"},{\"@type\":\"ListItem\",\"position\":3,\"name\":\"The Murray 2018 &#8211; 12 Jahre Single Malt\"}]},{\"@type\":\"WebSite\",\"@id\":\"https:\/\/whisky4you.net\/de\/#website\",\"url\":\"https:\/\/whisky4you.net\/de\/\",\"name\":\"Whisky4you\",\"description\":\"Dedicated to Whisky interest and Whisky lovers\",\"publisher\":{\"@id\":\"https:\/\/whisky4you.net\/de\/#organization\"},\"potentialAction\":[{\"@type\":\"SearchAction\",\"target\":{\"@type\":\"EntryPoint\",\"urlTemplate\":\"https:\/\/whisky4you.net\/de\/?s={search_term_string}\"},\"query-input\":{\"@type\":\"PropertyValueSpecification\",\"valueRequired\":true,\"valueName\":\"search_term_string\"}}],\"inLanguage\":\"de\"},{\"@type\":\"Organization\",\"@id\":\"https:\/\/whisky4you.net\/de\/#organization\",\"name\":\"Whisky4you\",\"url\":\"https:\/\/whisky4you.net\/de\/\",\"logo\":{\"@type\":\"ImageObject\",\"inLanguage\":\"de\",\"@id\":\"https:\/\/whisky4you.net\/de\/#\/schema\/logo\/image\/\",\"url\":\"https:\/\/whisky4you.net\/wp-content\/uploads\/2020\/12\/cropped-cropped-cropped-cropped-logo-head.png\",\"contentUrl\":\"https:\/\/whisky4you.net\/wp-content\/uploads\/2020\/12\/cropped-cropped-cropped-cropped-logo-head.png\",\"width\":250,\"height\":81,\"caption\":\"Whisky4you\"},\"image\":{\"@id\":\"https:\/\/whisky4you.net\/de\/#\/schema\/logo\/image\/\"},\"sameAs\":[\"https:\/\/www.facebook.com\/Whisky4you.net\",\"https:\/\/www.linkedin.com\/company\/whisky4you\/?viewAsMember=true\"]}]}<\/script>\n<!-- \/ Yoast SEO plugin. -->","yoast_head_json":{"title":"The Murray 2018 - 12 Jahre Single Malt - Whisky4you Kaufen Sie jetzt!","description":"Tullibardine Der Murray 2018 ist ein edler Single Malt mit einer Mischung aus jugendlichem Temperament, Intensit\u00e4t und der Finesse aus dem Rotweinfass.","robots":{"index":"index","follow":"follow","max-snippet":"max-snippet:-1","max-image-preview":"max-image-preview:large","max-video-preview":"max-video-preview:-1"},"canonical":"https:\/\/whisky4you.net\/de\/produkt\/the-murray-2018-12-jahre-single-malt\/","og_locale":"de_DE","og_type":"article","og_title":"The Murray 2018 - 12 Jahre Single Malt - Whisky4you Kaufen Sie jetzt!","og_description":"Tullibardine Der Murray 2018 ist ein edler Single Malt mit einer Mischung aus jugendlichem Temperament, Intensit\u00e4t und der Finesse aus dem Rotweinfass.","og_url":"https:\/\/whisky4you.net\/de\/produkt\/the-murray-2018-12-jahre-single-malt\/","og_site_name":"Whisky4you","article_publisher":"https:\/\/www.facebook.com\/Whisky4you.net","article_modified_time":"2024-08-24T10:06:54+00:00","og_image":[{"width":836,"height":836,"url":"https:\/\/i0.wp.com\/whisky4you.net\/wp-content\/uploads\/2020\/12\/Le-Murray-Chateau-Neuf-Single-MaltK.jpg?fit=836%2C836&ssl=1","type":"image\/jpeg"}],"twitter_card":"summary_large_image","twitter_misc":{"Gesch\u00e4tzte Lesezeit":"2\u00a0Minuten"},"schema":{"@context":"https:\/\/schema.org","@graph":[{"@type":"WebPage","@id":"https:\/\/whisky4you.net\/de\/produkt\/the-murray-2018-12-jahre-single-malt\/","url":"https:\/\/whisky4you.net\/de\/produkt\/the-murray-2018-12-jahre-single-malt\/","name":"The Murray 2018 - 12 Jahre Single Malt - Whisky4you Kaufen Sie jetzt!","isPartOf":{"@id":"https:\/\/whisky4you.net\/de\/#website"},"primaryImageOfPage":{"@id":"https:\/\/whisky4you.net\/de\/produkt\/the-murray-2018-12-jahre-single-malt\/#primaryimage"},"image":{"@id":"https:\/\/whisky4you.net\/de\/produkt\/the-murray-2018-12-jahre-single-malt\/#primaryimage"},"thumbnailUrl":"https:\/\/whisky4you.net\/wp-content\/uploads\/2020\/12\/Le-Murray-Chateau-Neuf-Single-MaltK.jpg","datePublished":"2018-03-19T08:01:15+00:00","dateModified":"2024-08-24T10:06:54+00:00","description":"Tullibardine Der Murray 2018 ist ein edler Single Malt mit einer Mischung aus jugendlichem Temperament, Intensit\u00e4t und der Finesse aus dem Rotweinfass.","breadcrumb":{"@id":"https:\/\/whisky4you.net\/de\/produkt\/the-murray-2018-12-jahre-single-malt\/#breadcrumb"},"inLanguage":"de","potentialAction":[{"@type":"ReadAction","target":["https:\/\/whisky4you.net\/de\/produkt\/the-murray-2018-12-jahre-single-malt\/"]}]},{"@type":"ImageObject","inLanguage":"de","@id":"https:\/\/whisky4you.net\/de\/produkt\/the-murray-2018-12-jahre-single-malt\/#primaryimage","url":"https:\/\/whisky4you.net\/wp-content\/uploads\/2020\/12\/Le-Murray-Chateau-Neuf-Single-MaltK.jpg","contentUrl":"https:\/\/whisky4you.net\/wp-content\/uploads\/2020\/12\/Le-Murray-Chateau-Neuf-Single-MaltK.jpg","width":836,"height":836,"caption":"Tullibardine Le Murray 2018 ist ein edler Single Malt mit einer Mischung aus jugendlichem Temperament, Intensit\u00e4t und der Finesse aus dem Rotweinfass."},{"@type":"BreadcrumbList","@id":"https:\/\/whisky4you.net\/de\/produkt\/the-murray-2018-12-jahre-single-malt\/#breadcrumb","itemListElement":[{"@type":"ListItem","position":1,"name":"Home","item":"https:\/\/whisky4you.net\/"},{"@type":"ListItem","position":2,"name":"Online Shop","item":"https:\/\/whisky4you.net\/de\/online-shop\/"},{"@type":"ListItem","position":3,"name":"The Murray 2018 &#8211; 12 Jahre Single Malt"}]},{"@type":"WebSite","@id":"https:\/\/whisky4you.net\/de\/#website","url":"https:\/\/whisky4you.net\/de\/","name":"Whisky4you","description":"Dedicated to Whisky interest and Whisky lovers","publisher":{"@id":"https:\/\/whisky4you.net\/de\/#organization"},"potentialAction":[{"@type":"SearchAction","target":{"@type":"EntryPoint","urlTemplate":"https:\/\/whisky4you.net\/de\/?s={search_term_string}"},"query-input":{"@type":"PropertyValueSpecification","valueRequired":true,"valueName":"search_term_string"}}],"inLanguage":"de"},{"@type":"Organization","@id":"https:\/\/whisky4you.net\/de\/#organization","name":"Whisky4you","url":"https:\/\/whisky4you.net\/de\/","logo":{"@type":"ImageObject","inLanguage":"de","@id":"https:\/\/whisky4you.net\/de\/#\/schema\/logo\/image\/","url":"https:\/\/whisky4you.net\/wp-content\/uploads\/2020\/12\/cropped-cropped-cropped-cropped-logo-head.png","contentUrl":"https:\/\/whisky4you.net\/wp-content\/uploads\/2020\/12\/cropped-cropped-cropped-cropped-logo-head.png","width":250,"height":81,"caption":"Whisky4you"},"image":{"@id":"https:\/\/whisky4you.net\/de\/#\/schema\/logo\/image\/"},"sameAs":["https:\/\/www.facebook.com\/Whisky4you.net","https:\/\/www.linkedin.com\/company\/whisky4you\/?viewAsMember=true"]}]}},"jetpack_sharing_enabled":true,"_links":{"self":[{"href":"https:\/\/whisky4you.net\/de\/wp-json\/wp\/v2\/product\/17941","targetHints":{"allow":["GET"]}}],"collection":[{"href":"https:\/\/whisky4you.net\/de\/wp-json\/wp\/v2\/product"}],"about":[{"href":"https:\/\/whisky4you.net\/de\/wp-json\/wp\/v2\/types\/product"}],"replies":[{"embeddable":true,"href":"https:\/\/whisky4you.net\/de\/wp-json\/wp\/v2\/comments?post=17941"}],"version-history":[{"count":0,"href":"https:\/\/whisky4you.net\/de\/wp-json\/wp\/v2\/product\/17941\/revisions"}],"wp:featuredmedia":[{"embeddable":true,"href":"https:\/\/whisky4you.net\/de\/wp-json\/wp\/v2\/media\/18915"}],"wp:attachment":[{"href":"https:\/\/whisky4you.net\/de\/wp-json\/wp\/v2\/media?parent=17941"}],"wp:term":[{"taxonomy":"product_brand","embeddable":true,"href":"https:\/\/whisky4you.net\/de\/wp-json\/wp\/v2\/product_brand?post=17941"},{"taxonomy":"product_cat","embeddable":true,"href":"https:\/\/whisky4you.net\/de\/wp-json\/wp\/v2\/product_cat?post=17941"},{"taxonomy":"product_tag","embeddable":true,"href":"https:\/\/whisky4you.net\/de\/wp-json\/wp\/v2\/product_tag?post=17941"}],"curies":[{"name":"wp","href":"https:\/\/api.w.org\/{rel}","templated":true}]}}