{"id":18573,"date":"2020-12-05T01:00:41","date_gmt":"2020-12-05T00:00:42","guid":{"rendered":"https:\/\/whisky4you.net\/?post_type=product&#038;p=18573"},"modified":"2025-01-19T18:10:55","modified_gmt":"2025-01-19T17:10:55","slug":"geschenk-gutschein","status":"publish","type":"product","link":"https:\/\/whisky4you.net\/de\/produkt\/geschenk-gutschein\/","title":{"rendered":"Geschenk Gutschein"},"content":{"rendered":"<h3><strong>Whisky4you Geschenk Gutschein<\/strong><\/h3>\n<p>Unser Whisky4you Geschenk Gutschein ist ein geschmackvolles Geschenk f\u00fcr Scotch Liebhaber und alle Genie\u00dfer von hochwertigen Getr\u00e4nken (auch als Last-Minute-Geschenk geeignet, da wir ihn sehr kurzfristig mit normaler Briefpost versenden k\u00f6nnen).<\/p>\n<p>Der sch\u00f6n gestaltete Gutschein kann mit dem Namen des Empf\u00e4ngers und dem gew\u00e4hlten Wert personalisiert werden. Zus\u00e4tzlich legen wir auf Wunsch einen Brief mit maximal 30 W\u00f6rtern von Ihnen bei. Schreiben Sie einfach Ihren Text in das Nachrichtenfeld der Bestellvorlage.<\/p>\n<p>Der Gutschein wird nach Zahlungseingang aktiviert und bleibt 3 Jahre g\u00fcltig. Er kann nicht gegen Bargeld und nur in dem Land eingel\u00f6st werden, in dem er gekauft wurde (aus steuerlichen Gr\u00fcnden).<\/p>\n<p>F\u00fcr Gutscheine innerhalb Deutschlands fallen keine Versandkosten an (normale DHL Versandkosten f\u00fcr Bestellungen au\u00dferhalb Deutschlands). Nat\u00fcrlich k\u00f6nnen Sie den Gutschein auch als PDF-Version erhalten, wenn Sie ihn schnell ben\u00f6tigen und selbst ausdrucken m\u00f6chten.<\/p>\n<h3><strong>Einl\u00f6sen eines Gutscheins<\/strong><\/h3>\n<p>Der Whisky4you-Geschenkgutschein kann nur im Whisky4you-Online-Shop als Online-Bestellung oder Bestellung per E-Mail eingel\u00f6st werden.<\/p>\n<p>Um den Gutschein einzul\u00f6sen, wird die Ware in den Warenkorb gelegt werden und die Gutschein Nummer in das Gutschein Feld des Bestellformulars eingegeben. Der Betrag wird dann an der Kasse automatisch vom Rechnungsbetrag abgezogen. Es ist auch m\u00f6glich, nur einen Teil des Gutscheinwerts mit einer Bestellung einzul\u00f6sen. Das verbleibende Guthaben verbleibt bis max. 3 Jahre ab Ausstellungsdatum erhalten und kann f\u00fcr zus\u00e4tzliche Eink\u00e4ufe verwendet werden.<\/p>\n<h3><strong>Ihre pers\u00f6nlicher Whisky Beratung<\/strong><\/h3>\n<p>Wenn Sie einen pers\u00f6nlichen Vorschlag f\u00fcr eine interessante Flasche f\u00fcr Sie oder eine besondere Person als Geschenk erhalten m\u00f6chten, senden Sie uns einfach eine Nachricht. Vielleicht k\u00f6nnen Sie uns etwas \u00fcber Ihre Vorlieben, Ihre bisherigen Lieblingsflaschen oder Ihre aktuelle Whisky-Erfahrung erz\u00e4hlen. Wir helfen Ihnen gerne dabei, eine spezielle Flasche f\u00fcr Ihren Geschmack zu finden.<\/p>\n<p>Schauen Sie sich auch unsere Verkostungsvideos an und st\u00f6bern Sie durch die Hintergrundartikel in unserem Blog\u00a0<a href=\"https:\/\/whisky4you.net\/de\/alles-ueber-whisky\/\" target=\"_blank\" rel=\"noopener noreferrer\">\u201c<span style=\"text-decoration: underline;\">Alles \u00fcber Whisky\u201d<\/span>.<\/a><\/p>\n","protected":false},"excerpt":{"rendered":"<ul>\n<li>sch\u00f6nes Design<\/li>\n<li>personalisiert mit Name und Nachricht bis zu 30 W\u00f6rtern<\/li>\n<li>kostenloser Versand innerhalb Deutschlands mit normalem Briefposttransport (DHL Postgeb\u00fchr f\u00fcr Transport au\u00dferhalb Deutschlands)<\/li>\n<li>auf Wunsch einschlie\u00dflich pers\u00f6nlicher Whisky Beratung<\/li>\n<li>perfektes Geschenk f\u00fcr Scotch Liebhaber und Genie\u00dfer<\/li>\n<\/ul>\n","protected":false},"featured_media":19928,"comment_status":"open","ping_status":"closed","template":"","meta":[],"product_brand":[],"product_cat":[991],"product_tag":[837,1055,819,818,824,1053,1054,832],"class_list":{"0":"post-18573","1":"product","2":"type-product","3":"status-publish","4":"has-post-thumbnail","6":"product_cat-zubehoer-geschenke","7":"product_tag-geschenk","8":"product_tag-geschenk-de","9":"product_tag-schottland-de","10":"product_tag-scotch-de","11":"product_tag-single-malt-de","12":"product_tag-voucher-de","13":"product_tag-weihnachtsgeschenk","14":"product_tag-whisky-de","15":"product_shipping_class-kostenlose-lieferung","16":"no-featured-image-padding","17":"sales-flash-overlay","18":"woocommerce-text-align-center","19":"woocommerce-image-align-center","20":"do-quantity-buttons","21":"wc-has-gallery","23":"first","24":"instock","25":"featured","26":"taxable","27":"shipping-taxable","28":"purchasable","29":"product-type-variable","30":"has-default-attributes"},"yoast_head":"<!-- This site is optimized with the Yoast SEO plugin v27.0 - https:\/\/yoast.com\/product\/yoast-seo-wordpress\/ -->\n<title>Geschenk Gutschein - Kaufen Sie jetzt bei Whisky4you Online Store<\/title>\n<meta name=\"description\" content=\"Unser Whisky4you Geschenkgutschein ist ein individuelles und pers\u00f6nliches Geschenk f\u00fcr Scotch Liebhaber und Genie\u00dfer.\" \/>\n<meta name=\"robots\" content=\"index, follow, max-snippet:-1, max-image-preview:large, max-video-preview:-1\" \/>\n<link rel=\"canonical\" href=\"https:\/\/whisky4you.net\/de\/produkt\/geschenk-gutschein\/\" \/>\n<meta property=\"og:locale\" content=\"de_DE\" \/>\n<meta property=\"og:type\" content=\"article\" \/>\n<meta property=\"og:title\" content=\"Geschenk Gutschein - Kaufen Sie jetzt bei Whisky4you Online Store\" \/>\n<meta property=\"og:description\" content=\"Unser Whisky4you Geschenkgutschein ist ein individuelles und pers\u00f6nliches Geschenk f\u00fcr Scotch Liebhaber und Genie\u00dfer.\" \/>\n<meta property=\"og:url\" content=\"https:\/\/whisky4you.net\/de\/produkt\/geschenk-gutschein\/\" \/>\n<meta property=\"og:site_name\" content=\"Whisky4you\" \/>\n<meta property=\"article:publisher\" content=\"https:\/\/www.facebook.com\/Whisky4you.net\" \/>\n<meta property=\"article:modified_time\" content=\"2025-01-19T17:10:55+00:00\" \/>\n<meta property=\"og:image\" content=\"https:\/\/i0.wp.com\/whisky4you.net\/wp-content\/uploads\/2021\/01\/GutscheinDBeispiel.jpg?fit=409%2C410&ssl=1\" \/>\n\t<meta property=\"og:image:width\" content=\"409\" \/>\n\t<meta property=\"og:image:height\" content=\"410\" \/>\n\t<meta property=\"og:image:type\" content=\"image\/jpeg\" \/>\n<meta name=\"twitter:card\" content=\"summary_large_image\" \/>\n<meta name=\"twitter:label1\" content=\"Gesch\u00e4tzte Lesezeit\" \/>\n\t<meta name=\"twitter:data1\" content=\"2\u00a0Minuten\" \/>\n<script type=\"application\/ld+json\" class=\"yoast-schema-graph\">{\"@context\":\"https:\/\/schema.org\",\"@graph\":[{\"@type\":\"WebPage\",\"@id\":\"https:\/\/whisky4you.net\/de\/produkt\/geschenk-gutschein\/\",\"url\":\"https:\/\/whisky4you.net\/de\/produkt\/geschenk-gutschein\/\",\"name\":\"Geschenk Gutschein - Kaufen Sie jetzt bei Whisky4you Online Store\",\"isPartOf\":{\"@id\":\"https:\/\/whisky4you.net\/de\/#website\"},\"primaryImageOfPage\":{\"@id\":\"https:\/\/whisky4you.net\/de\/produkt\/geschenk-gutschein\/#primaryimage\"},\"image\":{\"@id\":\"https:\/\/whisky4you.net\/de\/produkt\/geschenk-gutschein\/#primaryimage\"},\"thumbnailUrl\":\"https:\/\/whisky4you.net\/wp-content\/uploads\/2021\/01\/GutscheinDBeispiel.jpg\",\"datePublished\":\"2020-12-05T00:00:42+00:00\",\"dateModified\":\"2025-01-19T17:10:55+00:00\",\"description\":\"Unser Whisky4you Geschenkgutschein ist ein individuelles und pers\u00f6nliches Geschenk f\u00fcr Scotch Liebhaber und Genie\u00dfer.\",\"breadcrumb\":{\"@id\":\"https:\/\/whisky4you.net\/de\/produkt\/geschenk-gutschein\/#breadcrumb\"},\"inLanguage\":\"de\",\"potentialAction\":[{\"@type\":\"ReadAction\",\"target\":[\"https:\/\/whisky4you.net\/de\/produkt\/geschenk-gutschein\/\"]}]},{\"@type\":\"ImageObject\",\"inLanguage\":\"de\",\"@id\":\"https:\/\/whisky4you.net\/de\/produkt\/geschenk-gutschein\/#primaryimage\",\"url\":\"https:\/\/whisky4you.net\/wp-content\/uploads\/2021\/01\/GutscheinDBeispiel.jpg\",\"contentUrl\":\"https:\/\/whisky4you.net\/wp-content\/uploads\/2021\/01\/GutscheinDBeispiel.jpg\",\"width\":409,\"height\":410,\"caption\":\"Whisky4you Gutschein f\u00fcr Scotch\"},{\"@type\":\"BreadcrumbList\",\"@id\":\"https:\/\/whisky4you.net\/de\/produkt\/geschenk-gutschein\/#breadcrumb\",\"itemListElement\":[{\"@type\":\"ListItem\",\"position\":1,\"name\":\"Home\",\"item\":\"https:\/\/whisky4you.net\/\"},{\"@type\":\"ListItem\",\"position\":2,\"name\":\"Online Shop\",\"item\":\"https:\/\/whisky4you.net\/de\/online-shop\/\"},{\"@type\":\"ListItem\",\"position\":3,\"name\":\"Geschenk Gutschein\"}]},{\"@type\":\"WebSite\",\"@id\":\"https:\/\/whisky4you.net\/de\/#website\",\"url\":\"https:\/\/whisky4you.net\/de\/\",\"name\":\"Whisky4you\",\"description\":\"Dedicated to Whisky interest and Whisky lovers\",\"publisher\":{\"@id\":\"https:\/\/whisky4you.net\/de\/#organization\"},\"potentialAction\":[{\"@type\":\"SearchAction\",\"target\":{\"@type\":\"EntryPoint\",\"urlTemplate\":\"https:\/\/whisky4you.net\/de\/?s={search_term_string}\"},\"query-input\":{\"@type\":\"PropertyValueSpecification\",\"valueRequired\":true,\"valueName\":\"search_term_string\"}}],\"inLanguage\":\"de\"},{\"@type\":\"Organization\",\"@id\":\"https:\/\/whisky4you.net\/de\/#organization\",\"name\":\"Whisky4you\",\"url\":\"https:\/\/whisky4you.net\/de\/\",\"logo\":{\"@type\":\"ImageObject\",\"inLanguage\":\"de\",\"@id\":\"https:\/\/whisky4you.net\/de\/#\/schema\/logo\/image\/\",\"url\":\"https:\/\/whisky4you.net\/wp-content\/uploads\/2020\/12\/cropped-cropped-cropped-cropped-logo-head.png\",\"contentUrl\":\"https:\/\/whisky4you.net\/wp-content\/uploads\/2020\/12\/cropped-cropped-cropped-cropped-logo-head.png\",\"width\":250,\"height\":81,\"caption\":\"Whisky4you\"},\"image\":{\"@id\":\"https:\/\/whisky4you.net\/de\/#\/schema\/logo\/image\/\"},\"sameAs\":[\"https:\/\/www.facebook.com\/Whisky4you.net\",\"https:\/\/www.linkedin.com\/company\/whisky4you\/?viewAsMember=true\"]}]}<\/script>\n<!-- \/ Yoast SEO plugin. -->","yoast_head_json":{"title":"Geschenk Gutschein - Kaufen Sie jetzt bei Whisky4you Online Store","description":"Unser Whisky4you Geschenkgutschein ist ein individuelles und pers\u00f6nliches Geschenk f\u00fcr Scotch Liebhaber und Genie\u00dfer.","robots":{"index":"index","follow":"follow","max-snippet":"max-snippet:-1","max-image-preview":"max-image-preview:large","max-video-preview":"max-video-preview:-1"},"canonical":"https:\/\/whisky4you.net\/de\/produkt\/geschenk-gutschein\/","og_locale":"de_DE","og_type":"article","og_title":"Geschenk Gutschein - Kaufen Sie jetzt bei Whisky4you Online Store","og_description":"Unser Whisky4you Geschenkgutschein ist ein individuelles und pers\u00f6nliches Geschenk f\u00fcr Scotch Liebhaber und Genie\u00dfer.","og_url":"https:\/\/whisky4you.net\/de\/produkt\/geschenk-gutschein\/","og_site_name":"Whisky4you","article_publisher":"https:\/\/www.facebook.com\/Whisky4you.net","article_modified_time":"2025-01-19T17:10:55+00:00","og_image":[{"width":409,"height":410,"url":"https:\/\/i0.wp.com\/whisky4you.net\/wp-content\/uploads\/2021\/01\/GutscheinDBeispiel.jpg?fit=409%2C410&ssl=1","type":"image\/jpeg"}],"twitter_card":"summary_large_image","twitter_misc":{"Gesch\u00e4tzte Lesezeit":"2\u00a0Minuten"},"schema":{"@context":"https:\/\/schema.org","@graph":[{"@type":"WebPage","@id":"https:\/\/whisky4you.net\/de\/produkt\/geschenk-gutschein\/","url":"https:\/\/whisky4you.net\/de\/produkt\/geschenk-gutschein\/","name":"Geschenk Gutschein - Kaufen Sie jetzt bei Whisky4you Online Store","isPartOf":{"@id":"https:\/\/whisky4you.net\/de\/#website"},"primaryImageOfPage":{"@id":"https:\/\/whisky4you.net\/de\/produkt\/geschenk-gutschein\/#primaryimage"},"image":{"@id":"https:\/\/whisky4you.net\/de\/produkt\/geschenk-gutschein\/#primaryimage"},"thumbnailUrl":"https:\/\/whisky4you.net\/wp-content\/uploads\/2021\/01\/GutscheinDBeispiel.jpg","datePublished":"2020-12-05T00:00:42+00:00","dateModified":"2025-01-19T17:10:55+00:00","description":"Unser Whisky4you Geschenkgutschein ist ein individuelles und pers\u00f6nliches Geschenk f\u00fcr Scotch Liebhaber und Genie\u00dfer.","breadcrumb":{"@id":"https:\/\/whisky4you.net\/de\/produkt\/geschenk-gutschein\/#breadcrumb"},"inLanguage":"de","potentialAction":[{"@type":"ReadAction","target":["https:\/\/whisky4you.net\/de\/produkt\/geschenk-gutschein\/"]}]},{"@type":"ImageObject","inLanguage":"de","@id":"https:\/\/whisky4you.net\/de\/produkt\/geschenk-gutschein\/#primaryimage","url":"https:\/\/whisky4you.net\/wp-content\/uploads\/2021\/01\/GutscheinDBeispiel.jpg","contentUrl":"https:\/\/whisky4you.net\/wp-content\/uploads\/2021\/01\/GutscheinDBeispiel.jpg","width":409,"height":410,"caption":"Whisky4you Gutschein f\u00fcr Scotch"},{"@type":"BreadcrumbList","@id":"https:\/\/whisky4you.net\/de\/produkt\/geschenk-gutschein\/#breadcrumb","itemListElement":[{"@type":"ListItem","position":1,"name":"Home","item":"https:\/\/whisky4you.net\/"},{"@type":"ListItem","position":2,"name":"Online Shop","item":"https:\/\/whisky4you.net\/de\/online-shop\/"},{"@type":"ListItem","position":3,"name":"Geschenk Gutschein"}]},{"@type":"WebSite","@id":"https:\/\/whisky4you.net\/de\/#website","url":"https:\/\/whisky4you.net\/de\/","name":"Whisky4you","description":"Dedicated to Whisky interest and Whisky lovers","publisher":{"@id":"https:\/\/whisky4you.net\/de\/#organization"},"potentialAction":[{"@type":"SearchAction","target":{"@type":"EntryPoint","urlTemplate":"https:\/\/whisky4you.net\/de\/?s={search_term_string}"},"query-input":{"@type":"PropertyValueSpecification","valueRequired":true,"valueName":"search_term_string"}}],"inLanguage":"de"},{"@type":"Organization","@id":"https:\/\/whisky4you.net\/de\/#organization","name":"Whisky4you","url":"https:\/\/whisky4you.net\/de\/","logo":{"@type":"ImageObject","inLanguage":"de","@id":"https:\/\/whisky4you.net\/de\/#\/schema\/logo\/image\/","url":"https:\/\/whisky4you.net\/wp-content\/uploads\/2020\/12\/cropped-cropped-cropped-cropped-logo-head.png","contentUrl":"https:\/\/whisky4you.net\/wp-content\/uploads\/2020\/12\/cropped-cropped-cropped-cropped-logo-head.png","width":250,"height":81,"caption":"Whisky4you"},"image":{"@id":"https:\/\/whisky4you.net\/de\/#\/schema\/logo\/image\/"},"sameAs":["https:\/\/www.facebook.com\/Whisky4you.net","https:\/\/www.linkedin.com\/company\/whisky4you\/?viewAsMember=true"]}]}},"jetpack_sharing_enabled":true,"_links":{"self":[{"href":"https:\/\/whisky4you.net\/de\/wp-json\/wp\/v2\/product\/18573","targetHints":{"allow":["GET"]}}],"collection":[{"href":"https:\/\/whisky4you.net\/de\/wp-json\/wp\/v2\/product"}],"about":[{"href":"https:\/\/whisky4you.net\/de\/wp-json\/wp\/v2\/types\/product"}],"replies":[{"embeddable":true,"href":"https:\/\/whisky4you.net\/de\/wp-json\/wp\/v2\/comments?post=18573"}],"version-history":[{"count":0,"href":"https:\/\/whisky4you.net\/de\/wp-json\/wp\/v2\/product\/18573\/revisions"}],"wp:featuredmedia":[{"embeddable":true,"href":"https:\/\/whisky4you.net\/de\/wp-json\/wp\/v2\/media\/19928"}],"wp:attachment":[{"href":"https:\/\/whisky4you.net\/de\/wp-json\/wp\/v2\/media?parent=18573"}],"wp:term":[{"taxonomy":"product_brand","embeddable":true,"href":"https:\/\/whisky4you.net\/de\/wp-json\/wp\/v2\/product_brand?post=18573"},{"taxonomy":"product_cat","embeddable":true,"href":"https:\/\/whisky4you.net\/de\/wp-json\/wp\/v2\/product_cat?post=18573"},{"taxonomy":"product_tag","embeddable":true,"href":"https:\/\/whisky4you.net\/de\/wp-json\/wp\/v2\/product_tag?post=18573"}],"curies":[{"name":"wp","href":"https:\/\/api.w.org\/{rel}","templated":true}]}}