{"id":20246,"date":"2021-04-20T19:53:34","date_gmt":"2021-04-20T18:53:36","guid":{"rendered":"https:\/\/whisky4you.net\/?post_type=product&#038;p=20246"},"modified":"2021-10-11T20:13:49","modified_gmt":"2021-10-11T19:13:49","slug":"octomore-10-jahre-single-malt","status":"publish","type":"product","link":"https:\/\/whisky4you.net\/de\/produkt\/octomore-10-jahre-single-malt\/","title":{"rendered":"Octomore 10 Jahre Single Malt"},"content":{"rendered":"<h3><strong><span style=\"vertical-align: inherit;\"><span style=\"vertical-align: inherit;\">Octomore 10 Jahre Single Malt &#8211; Second Limited Edition<\/span><\/span><\/strong><\/h3>\n<p>Der <a href=\"https:\/\/www.bruichladdich.com\/octomore-super-heavily-peated-whisky-range\/\" target=\"_blank\" rel=\"noopener\">Octomore 10 Jahre Single Malt Second Limited Edition<\/a> geh\u00f6rt zu der Kultmarke der Destillerie Bruichladdich auf der schottischen Insel Islay. Eine internationale Fangemeinde schart sich um sich um diese Marke, die zu den meist getorften Whiskys der Welt geh\u00f6rt. Der Octomore 10 Jahre Single Malt Second Limited Edition kommt mit 167 ppm daher und ist &#8211; im Gegensatz zu einer Reihe anderer Flaschen dieser Marke &#8211; auch mit einer recht hohen Altersangabe versehen.<br \/>\nDie garantierte Reifezeit von 10 Jahren erkl\u00e4rt in diesem Fall auch den etwas h\u00f6heren Preis. Ein anderer Grund mag die Limitierung auf 18.000 Flaschen sein, die alle einzeln nummeriert sind. Damit z\u00e4hlt diese Flasche zu den begehrten Sammlerflaschen, die sich ein Octomore Fan rechtzeitig ins Regal legen sollte.<\/p>\n<h3><strong>Woher kommt er?<\/strong><\/h3>\n<p>Die mittlerweile mehrfach pr\u00e4mierte Brennerei Bruichladdich liegt auf Islay, der schottischen Hebrideninsel, die f\u00fcr ihre torfingen Whiskies ber\u00fchmt ist. Sie wurde 1881 von den drei Harvey Br\u00fcdern gegr\u00fcndet: William, der Financier, Robert, der Ingenieur, und John, der sachverst\u00e4ndige Brenner. W\u00e4hrend viele Brennereien sich in vorhandenen Geb\u00e4uden etablierten, wurde diese mit Sachverst\u00e4ndnis geplant und aufgebaut. Es werden 3 Marken produziert: der gleichnamige Bruichladdich, der getorfte Port Charlotte und der Octomore, ein \u00e4u\u00dferst stark getorfter Single Malt Scotch Whisky.<\/p>\n<h3><strong>Wie schmeckt der Octomore 10 Year Old Single Malt Second Limited Edition?<\/strong><\/h3>\n<p>Im Jahr 2006 auf traditionelle Weise destilliert, wurde diese besondere Flasche mit einem kr\u00e4ftigen Alkoholgehalt von 57,3% abgef\u00fcllt. Die Reifung erfolgte in 60% frischen Ex-Bourbonf\u00e4ssern und 40% ehemaligen F\u00e4ssern des Grenache Blanc, einer Wei\u00dfweinsorte, die vorrangig in S\u00fcdfrankreich sowie in Nord- und Ostspanien angebaut wird. Die F\u00e4sser dieser duftigen, vollen und weichen Weissweins verleihen dieser Torfbombe zus\u00e4tzliche feine Walnu\u00df-, Ingwer- und Zitrust\u00f6ne. Er ist nicht gef\u00e4rbt und nicht k\u00fchl gefiltert.<\/p>\n<p>Schauen Sie sich auch unsere Verkostungsvideos an, genie\u00dfen Sie die Hintergrundartikel in unserem Blog <a href=\"https:\/\/whisky4you.net\/all-about-whisky\/\"><span style=\"vertical-align: inherit;\"><span style=\"vertical-align: inherit;\">\u201eAlles \u00fcber Whisky\u201c.<\/span><\/span><\/a><span style=\"vertical-align: inherit;\"><span style=\"vertical-align: inherit;\"> .<\/span><\/span><\/p>\n<p><span style=\"color: #f0ae13;\"><strong><span style=\"vertical-align: inherit;\"><span style=\"vertical-align: inherit;\">Typ:<\/span><\/span><\/strong>\u00a0<\/span><span style=\"vertical-align: inherit;\"><span style=\"vertical-align: inherit;\">\u00a0 Single Malt Whisky<\/span><\/span><\/p>\n<p><strong><span style=\"color: #f0ae13;\"><span style=\"vertical-align: inherit;\"><span style=\"vertical-align: inherit;\">Nase:<\/span><\/span><\/span><\/strong><span style=\"vertical-align: inherit;\"><span style=\"vertical-align: inherit;\">\u00a0 Rauchig und doch fruchtig mit Apfel und Zitrusnoten, T\u00f6ne von getoastete Eiche, Jod und Leder, dahinter dunkle Schokolade, Ingwer und Waln\u00fcsse<\/span><\/span><\/p>\n<p><span style=\"color: #f0ae13;\"><strong><span style=\"vertical-align: inherit;\"><span style=\"vertical-align: inherit;\">Geschmack:<\/span><\/span><\/strong>\u00a0<\/span><span style=\"vertical-align: inherit;\"><span style=\"vertical-align: inherit;\"> \u00d6lig auf der Zunge, vollmundiger Torfrauch im Vordergrund, begleitet von feinen Eichenaromen, und Noten von gesalzenem Karamell, Marzipan, Vanille, Orangenschalen und knusprigem Malzbrot<\/span><\/span><\/p>\n<p><span style=\"color: #f0ae13;\">\u00a0<strong>Abgang<\/strong><\/span><span style=\"vertical-align: inherit;\"><strong><span style=\"color: #f0ae13;\"><span style=\"vertical-align: inherit;\">:<\/span><\/span><\/strong><span style=\"vertical-align: inherit;\">  Langanhaltend, torfig, erdig mit edlen Schokoladennoten<\/span><\/span><\/p>\n<p>&nbsp;<\/p>\n","protected":false},"excerpt":{"rendered":"<ul>\n<li>Kultmarke von Bruichladdich, einer der rauchigsten Whiskies der Welt<\/li>\n<li>begleitet von zarten Walnu\u00df, Ingwer und Zitrust\u00f6nen durch Reifung in Grenache Blanche F\u00e4ssern<\/li>\n<li>f\u00fcr Liebhaber und Sammler: limitiert auf 18.000 Flaschen<\/li>\n<li>nicht gef\u00e4rbt, nicht k\u00fchlgefiltert, mit 57,3% Fa\u00dfst\u00e4rke abgef\u00fcllt<\/li>\n<\/ul>\n","protected":false},"featured_media":20249,"comment_status":"open","ping_status":"closed","template":"","meta":[],"product_brand":[],"product_cat":[944,942,940],"product_tag":[1092,800,1090,1091,818,824,812,832],"class_list":{"0":"post-20246","1":"product","2":"type-product","3":"status-publish","4":"has-post-thumbnail","6":"product_cat-islands-de","7":"product_cat-islay-de","8":"product_cat-scotch-de","9":"product_tag-bruichladdich-de","10":"product_tag-islay-de","11":"product_tag-octomore-de","12":"product_tag-rauchiger-whisky","13":"product_tag-scotch-de","14":"product_tag-single-malt-de","15":"product_tag-torfrauch","16":"product_tag-whisky-de","17":"pa_alcohol-content-573-de","18":"pa_bottled-at-abgefullt-durch-hersteller","19":"pa_country-schottland","20":"pa_distillery-bruichladdich-de","21":"pa_maturation-casks-bourbon-de","22":"pa_maturation-casks-wein","23":"pa_minimum-age-10-jahre","24":"pa_product-net-content-70-cl-de","25":"pa_scotland-islands-de","26":"pa_scotland-islay-de","27":"pa_whisky-type-single-malt-de","28":"no-featured-image-padding","29":"sales-flash-overlay","30":"woocommerce-text-align-center","31":"woocommerce-image-align-center","32":"do-quantity-buttons","33":"wc-has-gallery","35":"first","36":"outofstock","37":"featured","38":"taxable","39":"shipping-taxable","40":"purchasable","41":"product-type-simple"},"yoast_head":"<!-- This site is optimized with the Yoast SEO plugin v27.0 - https:\/\/yoast.com\/product\/yoast-seo-wordpress\/ -->\n<title>Octomore 10 Jahre Single Malt - Kaufen Sie jetzt bei Whisky4you - \u20ac97,90<\/title>\n<meta name=\"description\" content=\"stark getorfter Single Malt, 10 Jahre gereift in Ex-Bourbon- und Grenache Blanche F\u00e4ssern, limitiert auf 18.000 Flaschen\" \/>\n<meta name=\"robots\" content=\"index, follow, max-snippet:-1, max-image-preview:large, max-video-preview:-1\" \/>\n<link rel=\"canonical\" href=\"https:\/\/whisky4you.net\/de\/produkt\/octomore-10-jahre-single-malt\/\" \/>\n<meta property=\"og:locale\" content=\"de_DE\" \/>\n<meta property=\"og:type\" content=\"article\" \/>\n<meta property=\"og:title\" content=\"Octomore 10 Jahre Single Malt - Kaufen Sie jetzt bei Whisky4you - \u20ac97,90\" \/>\n<meta property=\"og:description\" content=\"stark getorfter Single Malt, 10 Jahre gereift in Ex-Bourbon- und Grenache Blanche F\u00e4ssern, limitiert auf 18.000 Flaschen\" \/>\n<meta property=\"og:url\" content=\"https:\/\/whisky4you.net\/de\/produkt\/octomore-10-jahre-single-malt\/\" \/>\n<meta property=\"og:site_name\" content=\"Whisky4you\" \/>\n<meta property=\"article:publisher\" content=\"https:\/\/www.facebook.com\/Whisky4you.net\" \/>\n<meta property=\"article:modified_time\" content=\"2021-10-11T19:13:49+00:00\" \/>\n<meta property=\"og:image\" content=\"https:\/\/i0.wp.com\/whisky4you.net\/wp-content\/uploads\/2021\/04\/Octomore10.jpg?fit=545%2C544&ssl=1\" \/>\n\t<meta property=\"og:image:width\" content=\"545\" \/>\n\t<meta property=\"og:image:height\" content=\"544\" \/>\n\t<meta property=\"og:image:type\" content=\"image\/jpeg\" \/>\n<meta name=\"twitter:card\" content=\"summary_large_image\" \/>\n<meta name=\"twitter:label1\" content=\"Gesch\u00e4tzte Lesezeit\" \/>\n\t<meta name=\"twitter:data1\" content=\"2\u00a0Minuten\" \/>\n<script type=\"application\/ld+json\" class=\"yoast-schema-graph\">{\"@context\":\"https:\/\/schema.org\",\"@graph\":[{\"@type\":\"WebPage\",\"@id\":\"https:\/\/whisky4you.net\/de\/produkt\/octomore-10-jahre-single-malt\/\",\"url\":\"https:\/\/whisky4you.net\/de\/produkt\/octomore-10-jahre-single-malt\/\",\"name\":\"Octomore 10 Jahre Single Malt - Kaufen Sie jetzt bei Whisky4you - \u20ac97,90\",\"isPartOf\":{\"@id\":\"https:\/\/whisky4you.net\/de\/#website\"},\"primaryImageOfPage\":{\"@id\":\"https:\/\/whisky4you.net\/de\/produkt\/octomore-10-jahre-single-malt\/#primaryimage\"},\"image\":{\"@id\":\"https:\/\/whisky4you.net\/de\/produkt\/octomore-10-jahre-single-malt\/#primaryimage\"},\"thumbnailUrl\":\"https:\/\/whisky4you.net\/wp-content\/uploads\/2021\/04\/Octomore10.jpg\",\"datePublished\":\"2021-04-20T18:53:36+00:00\",\"dateModified\":\"2021-10-11T19:13:49+00:00\",\"description\":\"stark getorfter Single Malt, 10 Jahre gereift in Ex-Bourbon- und Grenache Blanche F\u00e4ssern, limitiert auf 18.000 Flaschen\",\"breadcrumb\":{\"@id\":\"https:\/\/whisky4you.net\/de\/produkt\/octomore-10-jahre-single-malt\/#breadcrumb\"},\"inLanguage\":\"de\",\"potentialAction\":[{\"@type\":\"ReadAction\",\"target\":[\"https:\/\/whisky4you.net\/de\/produkt\/octomore-10-jahre-single-malt\/\"]}]},{\"@type\":\"ImageObject\",\"inLanguage\":\"de\",\"@id\":\"https:\/\/whisky4you.net\/de\/produkt\/octomore-10-jahre-single-malt\/#primaryimage\",\"url\":\"https:\/\/whisky4you.net\/wp-content\/uploads\/2021\/04\/Octomore10.jpg\",\"contentUrl\":\"https:\/\/whisky4you.net\/wp-content\/uploads\/2021\/04\/Octomore10.jpg\",\"width\":545,\"height\":544,\"caption\":\"Octomore 10 Jahre Single Malt - Second Limited Edition, stark getorfter Scotch\"},{\"@type\":\"BreadcrumbList\",\"@id\":\"https:\/\/whisky4you.net\/de\/produkt\/octomore-10-jahre-single-malt\/#breadcrumb\",\"itemListElement\":[{\"@type\":\"ListItem\",\"position\":1,\"name\":\"Home\",\"item\":\"https:\/\/whisky4you.net\/\"},{\"@type\":\"ListItem\",\"position\":2,\"name\":\"Online Shop\",\"item\":\"https:\/\/whisky4you.net\/de\/online-shop\/\"},{\"@type\":\"ListItem\",\"position\":3,\"name\":\"Octomore 10 Jahre Single Malt\"}]},{\"@type\":\"WebSite\",\"@id\":\"https:\/\/whisky4you.net\/de\/#website\",\"url\":\"https:\/\/whisky4you.net\/de\/\",\"name\":\"Whisky4you\",\"description\":\"Dedicated to Whisky interest and Whisky lovers\",\"publisher\":{\"@id\":\"https:\/\/whisky4you.net\/de\/#organization\"},\"potentialAction\":[{\"@type\":\"SearchAction\",\"target\":{\"@type\":\"EntryPoint\",\"urlTemplate\":\"https:\/\/whisky4you.net\/de\/?s={search_term_string}\"},\"query-input\":{\"@type\":\"PropertyValueSpecification\",\"valueRequired\":true,\"valueName\":\"search_term_string\"}}],\"inLanguage\":\"de\"},{\"@type\":\"Organization\",\"@id\":\"https:\/\/whisky4you.net\/de\/#organization\",\"name\":\"Whisky4you\",\"url\":\"https:\/\/whisky4you.net\/de\/\",\"logo\":{\"@type\":\"ImageObject\",\"inLanguage\":\"de\",\"@id\":\"https:\/\/whisky4you.net\/de\/#\/schema\/logo\/image\/\",\"url\":\"https:\/\/whisky4you.net\/wp-content\/uploads\/2020\/12\/cropped-cropped-cropped-cropped-logo-head.png\",\"contentUrl\":\"https:\/\/whisky4you.net\/wp-content\/uploads\/2020\/12\/cropped-cropped-cropped-cropped-logo-head.png\",\"width\":250,\"height\":81,\"caption\":\"Whisky4you\"},\"image\":{\"@id\":\"https:\/\/whisky4you.net\/de\/#\/schema\/logo\/image\/\"},\"sameAs\":[\"https:\/\/www.facebook.com\/Whisky4you.net\",\"https:\/\/www.linkedin.com\/company\/whisky4you\/?viewAsMember=true\"]}]}<\/script>\n<!-- \/ Yoast SEO plugin. -->","yoast_head_json":{"title":"Octomore 10 Jahre Single Malt - Kaufen Sie jetzt bei Whisky4you - \u20ac97,90","description":"stark getorfter Single Malt, 10 Jahre gereift in Ex-Bourbon- und Grenache Blanche F\u00e4ssern, limitiert auf 18.000 Flaschen","robots":{"index":"index","follow":"follow","max-snippet":"max-snippet:-1","max-image-preview":"max-image-preview:large","max-video-preview":"max-video-preview:-1"},"canonical":"https:\/\/whisky4you.net\/de\/produkt\/octomore-10-jahre-single-malt\/","og_locale":"de_DE","og_type":"article","og_title":"Octomore 10 Jahre Single Malt - Kaufen Sie jetzt bei Whisky4you - \u20ac97,90","og_description":"stark getorfter Single Malt, 10 Jahre gereift in Ex-Bourbon- und Grenache Blanche F\u00e4ssern, limitiert auf 18.000 Flaschen","og_url":"https:\/\/whisky4you.net\/de\/produkt\/octomore-10-jahre-single-malt\/","og_site_name":"Whisky4you","article_publisher":"https:\/\/www.facebook.com\/Whisky4you.net","article_modified_time":"2021-10-11T19:13:49+00:00","og_image":[{"width":545,"height":544,"url":"https:\/\/i0.wp.com\/whisky4you.net\/wp-content\/uploads\/2021\/04\/Octomore10.jpg?fit=545%2C544&ssl=1","type":"image\/jpeg"}],"twitter_card":"summary_large_image","twitter_misc":{"Gesch\u00e4tzte Lesezeit":"2\u00a0Minuten"},"schema":{"@context":"https:\/\/schema.org","@graph":[{"@type":"WebPage","@id":"https:\/\/whisky4you.net\/de\/produkt\/octomore-10-jahre-single-malt\/","url":"https:\/\/whisky4you.net\/de\/produkt\/octomore-10-jahre-single-malt\/","name":"Octomore 10 Jahre Single Malt - Kaufen Sie jetzt bei Whisky4you - \u20ac97,90","isPartOf":{"@id":"https:\/\/whisky4you.net\/de\/#website"},"primaryImageOfPage":{"@id":"https:\/\/whisky4you.net\/de\/produkt\/octomore-10-jahre-single-malt\/#primaryimage"},"image":{"@id":"https:\/\/whisky4you.net\/de\/produkt\/octomore-10-jahre-single-malt\/#primaryimage"},"thumbnailUrl":"https:\/\/whisky4you.net\/wp-content\/uploads\/2021\/04\/Octomore10.jpg","datePublished":"2021-04-20T18:53:36+00:00","dateModified":"2021-10-11T19:13:49+00:00","description":"stark getorfter Single Malt, 10 Jahre gereift in Ex-Bourbon- und Grenache Blanche F\u00e4ssern, limitiert auf 18.000 Flaschen","breadcrumb":{"@id":"https:\/\/whisky4you.net\/de\/produkt\/octomore-10-jahre-single-malt\/#breadcrumb"},"inLanguage":"de","potentialAction":[{"@type":"ReadAction","target":["https:\/\/whisky4you.net\/de\/produkt\/octomore-10-jahre-single-malt\/"]}]},{"@type":"ImageObject","inLanguage":"de","@id":"https:\/\/whisky4you.net\/de\/produkt\/octomore-10-jahre-single-malt\/#primaryimage","url":"https:\/\/whisky4you.net\/wp-content\/uploads\/2021\/04\/Octomore10.jpg","contentUrl":"https:\/\/whisky4you.net\/wp-content\/uploads\/2021\/04\/Octomore10.jpg","width":545,"height":544,"caption":"Octomore 10 Jahre Single Malt - Second Limited Edition, stark getorfter Scotch"},{"@type":"BreadcrumbList","@id":"https:\/\/whisky4you.net\/de\/produkt\/octomore-10-jahre-single-malt\/#breadcrumb","itemListElement":[{"@type":"ListItem","position":1,"name":"Home","item":"https:\/\/whisky4you.net\/"},{"@type":"ListItem","position":2,"name":"Online Shop","item":"https:\/\/whisky4you.net\/de\/online-shop\/"},{"@type":"ListItem","position":3,"name":"Octomore 10 Jahre Single Malt"}]},{"@type":"WebSite","@id":"https:\/\/whisky4you.net\/de\/#website","url":"https:\/\/whisky4you.net\/de\/","name":"Whisky4you","description":"Dedicated to Whisky interest and Whisky lovers","publisher":{"@id":"https:\/\/whisky4you.net\/de\/#organization"},"potentialAction":[{"@type":"SearchAction","target":{"@type":"EntryPoint","urlTemplate":"https:\/\/whisky4you.net\/de\/?s={search_term_string}"},"query-input":{"@type":"PropertyValueSpecification","valueRequired":true,"valueName":"search_term_string"}}],"inLanguage":"de"},{"@type":"Organization","@id":"https:\/\/whisky4you.net\/de\/#organization","name":"Whisky4you","url":"https:\/\/whisky4you.net\/de\/","logo":{"@type":"ImageObject","inLanguage":"de","@id":"https:\/\/whisky4you.net\/de\/#\/schema\/logo\/image\/","url":"https:\/\/whisky4you.net\/wp-content\/uploads\/2020\/12\/cropped-cropped-cropped-cropped-logo-head.png","contentUrl":"https:\/\/whisky4you.net\/wp-content\/uploads\/2020\/12\/cropped-cropped-cropped-cropped-logo-head.png","width":250,"height":81,"caption":"Whisky4you"},"image":{"@id":"https:\/\/whisky4you.net\/de\/#\/schema\/logo\/image\/"},"sameAs":["https:\/\/www.facebook.com\/Whisky4you.net","https:\/\/www.linkedin.com\/company\/whisky4you\/?viewAsMember=true"]}]}},"jetpack_sharing_enabled":true,"_links":{"self":[{"href":"https:\/\/whisky4you.net\/de\/wp-json\/wp\/v2\/product\/20246","targetHints":{"allow":["GET"]}}],"collection":[{"href":"https:\/\/whisky4you.net\/de\/wp-json\/wp\/v2\/product"}],"about":[{"href":"https:\/\/whisky4you.net\/de\/wp-json\/wp\/v2\/types\/product"}],"replies":[{"embeddable":true,"href":"https:\/\/whisky4you.net\/de\/wp-json\/wp\/v2\/comments?post=20246"}],"version-history":[{"count":0,"href":"https:\/\/whisky4you.net\/de\/wp-json\/wp\/v2\/product\/20246\/revisions"}],"wp:featuredmedia":[{"embeddable":true,"href":"https:\/\/whisky4you.net\/de\/wp-json\/wp\/v2\/media\/20249"}],"wp:attachment":[{"href":"https:\/\/whisky4you.net\/de\/wp-json\/wp\/v2\/media?parent=20246"}],"wp:term":[{"taxonomy":"product_brand","embeddable":true,"href":"https:\/\/whisky4you.net\/de\/wp-json\/wp\/v2\/product_brand?post=20246"},{"taxonomy":"product_cat","embeddable":true,"href":"https:\/\/whisky4you.net\/de\/wp-json\/wp\/v2\/product_cat?post=20246"},{"taxonomy":"product_tag","embeddable":true,"href":"https:\/\/whisky4you.net\/de\/wp-json\/wp\/v2\/product_tag?post=20246"}],"curies":[{"name":"wp","href":"https:\/\/api.w.org\/{rel}","templated":true}]}}