{"id":23877,"date":"2022-11-23T22:58:26","date_gmt":"2022-11-23T21:58:28","guid":{"rendered":"https:\/\/whisky4you.net\/?post_type=product&#038;p=23877"},"modified":"2025-01-15T16:55:04","modified_gmt":"2025-01-15T15:55:04","slug":"old-pulteney-18-jahre-single-malt-tasting-dram","status":"publish","type":"product","link":"https:\/\/whisky4you.net\/de\/produkt\/old-pulteney-18-jahre-single-malt-tasting-dram\/","title":{"rendered":"Old Pulteney 18 Jahre Single Malt Tasting Dram"},"content":{"rendered":"<h3>Tasting Dram 4 cl<\/h3>\n<p>Sie m\u00f6chten vor dem Kauf testen? Hier ist der Old Pulteney 18 Jahre Single Malt Tasting Dram f\u00fcr Sie! Ein guter Scotch kann eine bedeutende Investition sein und vielleicht m\u00f6chten Sie sicherstellen, dass er Ihren Geschmack trifft? Dann k\u00f6nnen Sie hier zwei Dram (insgesamt 4 cl) in einer kleinen Probierflasche bestellen. Das sollte sogar ausreichen, um gemeinsam mit Ihrem Partner oder Freund jeweils ein Dram zu probieren. Diese Tastings k\u00f6nnen nicht immer bestellt werden, die Verf\u00fcgbarkeit sehen Sie hier im Shop.<\/p>\n<h3><strong>Der maritime Malt aus dem hohen Norden Schottlands<\/strong><\/h3>\n<p>Der Old Pulteney 18 Jahre Single Malt ist einer der intensiven und komplexen Scotch Whiskies aus dem Hause der traditionsreichen <span style=\"text-decoration: underline;\"><a href=\"https:\/\/www.oldpulteney.com\/\" target=\"_blank\" rel=\"noopener noreferrer\">Destillerie Old Pulteney<\/a><\/span> an der Nord-Ost-K\u00fcste Schottlands. Wo die Nordlichter schon zu sehen sind, wird der \u201cMaritime Malt\u201d in liebevoller Handarbeit hergestellt.<\/p>\n<h3><strong>Preisgekr\u00f6nte Qualit\u00e4t<\/strong><\/h3>\n<p>Der 21j\u00e4hrige &#8222;Bruder&#8220; Aus der Klassik-Range des Sortiments wurde einmal zum \u201ebesten Whisky der Welt\u201c gek\u00fcrt. Er ist inzwischen aber nicht mehr erh\u00e4ltlich, wurde aber nun von diesen 18j\u00e4hrigen abgel\u00f6st. Er begeistert besonders Whisky \u2013 Liebhaber, die eine Kombination von fruchtiger S\u00fc\u00dfe, deutlichem Eichenaroma und einer maritimen Note lieben.<\/p>\n<h3><strong>Aromen aus 18 Jahre Reifung in ausgesuchten F\u00e4ssern<\/strong><\/h3>\n<p>18 Jahre Reifung in Second fill amerikanischen Ex-Bourbon F\u00e4ssern aus Wei\u00dfeiche und 3 Monate in frischen Oloroso Sherryf\u00e4ssern, dazu eine kr\u00e4ftige Nordsee Brise machen diesen den Old Pulteney 18 Jahre Single Malt zu etwas Besonderem. Er ist nicht gef\u00e4rbt, nicht k\u00fchlgefiltert und mit 46% abgef\u00fcllt. Und die dekorativen Flaschen von Old Pulteney haben alle die Form der ungew\u00f6hnlichen Pot Stills der Destillerie, die mit gro\u00dfen Brennkugeln (boiling balls) f\u00fcr ein besonders feines Aroma sorgen.<\/p>\n<h3><strong>Und wie schmeckt er?<\/strong><\/h3>\n<p>Schon wenn man ihn an die Nase hebt, duftet der Old Pulteney 18 Jahre nach Schokolade, cremiger Vanille, Gew\u00fcrzen und s\u00fc\u00dfem Honig. Auch im Geschmack sind die Gew\u00fcrze gut erkennbar, Weihnachtskuchen, etwas Pfeffer und eine gute Prise Meeressalz, gehen \u00fcber in leichte florale und fruchtige Apfel- und Zitrus Aromen. Im Abgang wird er dann etwas trockener, aber wunderbar ausgewogen und w\u00e4rmend. Ein gelungener Beitrag aus dem hohen Norden f\u00fcr jede Whisky Bar.<\/p>\n<h3><strong>Gewidmet dem Meer und der Seefahrt<\/strong><\/h3>\n<p>Old Pulteney widmet sich insbesondere dem Meer und der Seefahrt. Auch das Visitor-Center ist mit einem Steuerrad dekoriert und zeigt verschiedene Bilder der Segeljacht, die unter der Flagge der Destillerie die Welt umkreiste. Preislich liegt er nat\u00fcrlich etwas h\u00f6her, ist aber insgesamt auch viel intensiver als der 15j\u00e4hrige.<\/p>\n<p>Old Pulteney 18 Jahre \u2013 ein wunderbarer, lang gereifter Single Malt aus dem hohen Norden von Schottland.<\/p>\n<p>Schauen Sie sich auch unsere Verkostungsvideos an und st\u00f6bern Sie durch die Hintergrundartikel in unserem Blog\u00a0<a href=\"https:\/\/whisky4you.net\/de\/alles-ueber-whisky\/\" target=\"_blank\" rel=\"noopener noreferrer\">\u201c<span style=\"text-decoration: underline;\">Alles \u00fcber Whisky\u201d<\/span>.<\/a><\/p>\n<p><span style=\"color: #fcbf29;\"><strong>Typ:<\/strong><\/span>\u00a0 \u00a0 Single Malt Whisky<\/p>\n<p><span style=\"color: #fcbf29;\"><strong>Aroma:<\/strong><\/span>\u00a0 \u00a0 feine Aromen einer Tasse hei\u00dfer Schokolade, cremiger Vanille und Honig, in Kombination mit feinen Gew\u00fcrzen und einer leichten Meeresbrise<\/p>\n<p><span style=\"color: #fcbf29;\"><strong>Geschmack:<\/strong><\/span>\u00a0 \u00a0 Apfelmus, Zimt und Gew\u00fcrznelken, Weihnachtskuchen, Schokolade, florale Noten, leichte Zitrus Note, etwas Salz<\/p>\n<p><span style=\"color: #fcbf29;\"><strong>Abgang:<\/strong>\u00a0<\/span>\u00a0 \u00a0Langanhaltend, etwas trockener, Aroma von Nussschokolade, einem Hauch Orangenschale und Eiche Noten<\/p>\n","protected":false},"excerpt":{"rendered":"<ul>\n<li>4 cl Tasting Dram \u2013 probieren Sie eine tolle Flasche und stellen Sie sicher, dass Ihnen gef\u00e4llt, was Sie kaufen<\/li>\n<li>maritimer Single Malt aus dem Norden Schottlands<\/li>\n<li>Aromen von Schokolade, cremiger Vanille, feinen Gew\u00fcrzen und s\u00fc\u00dfem Honig<\/li>\n<li>im Geschmack ein Hauch von Weihnachtskuchen, kleinen Paprikaschoten und einer guten Prise Meersalz<\/li>\n<li>entwickelt sich zu einem leicht blumigen und fruchtigen Aroma von \u00c4pfeln und Zitrusfr\u00fcchten<\/li>\n<li>wunderbar ausgewogener und w\u00e4rmender Abgang<\/li>\n<li>nicht gef\u00e4rbt, nicht gek\u00fchlt gefiltert<\/li>\n<\/ul>\n<div>\n<div style=\"width: 49%; float: left; margin-right: 1%;\">[borlabs-cookie type=\"content-blocker\" id=\"youtube\" title=\"Youtube\"]<iframe src=\"https:\/\/www.youtube.com\/embed\/FeVyHwIAfgw\" width=\"560\" height=\"206\" frameborder=\"0\" allowfullscreen=\"allowfullscreen\"><\/iframe>[\/borlabs-cookie]<\/div>\n<\/div>\n","protected":false},"featured_media":23880,"comment_status":"open","ping_status":"closed","template":"","meta":[],"product_brand":[],"product_cat":[941,940],"product_tag":[770,794,797,840,809,810,819,818,822,824,832],"class_list":{"0":"post-23877","1":"product","2":"type-product","3":"status-publish","4":"has-post-thumbnail","6":"product_cat-highlands-de","7":"product_cat-scotch-de","8":"product_tag-18-jahre","9":"product_tag-ex-bourbon-fasser","10":"product_tag-highlands-de","11":"product_tag-nicht-rauchig","12":"product_tag-old-pulteney-de","13":"product_tag-oloroso-sherry-de","14":"product_tag-schottland-de","15":"product_tag-scotch-de","16":"product_tag-sherry-fasser","17":"product_tag-single-malt-de","18":"product_tag-whisky-de","19":"pa_alcohol-content-46-de","20":"pa_bottled-at-abgefullt-durch-hersteller","21":"pa_country-schottland","22":"pa_distillery-old-pulteney-de","23":"pa_maturation-casks-bourbon-de","24":"pa_maturation-casks-oloroso-sherry-de","25":"pa_maturation-casks-sherry-de","26":"pa_minimum-age-18-jahre","27":"pa_product-net-content-004-l-de","28":"pa_scotland-highlands-de","29":"pa_whisky-type-single-malt-de","30":"no-featured-image-padding","31":"sales-flash-overlay","32":"woocommerce-text-align-center","33":"woocommerce-image-align-center","34":"do-quantity-buttons","35":"wc-has-gallery","37":"first","38":"outofstock","39":"featured","40":"taxable","41":"shipping-taxable","42":"purchasable","43":"product-type-simple"},"yoast_head":"<!-- This site is optimized with the Yoast SEO plugin v27.0 - https:\/\/yoast.com\/product\/yoast-seo-wordpress\/ -->\n<title>Old Pulteney 18 Jahre Single Malt Tasting Dram - Kaufen Sie jetzt!<\/title>\n<meta name=\"description\" content=\"Der Old Pulteney 18 Jahre ist ein ausgereifter, bernsteinfarbener Single Malt Scotch mit einem Aroma von Weihnachtskuchen, feinen Kr\u00e4utern und Gew\u00fcrzen und einer leichten Meeresbrise.\" \/>\n<meta name=\"robots\" content=\"index, follow, max-snippet:-1, max-image-preview:large, max-video-preview:-1\" \/>\n<link rel=\"canonical\" href=\"https:\/\/whisky4you.net\/de\/produkt\/old-pulteney-18-jahre-single-malt-tasting-dram\/\" \/>\n<meta property=\"og:locale\" content=\"de_DE\" \/>\n<meta property=\"og:type\" content=\"article\" \/>\n<meta property=\"og:title\" content=\"Old Pulteney 18 Jahre Single Malt Tasting Dram - Kaufen Sie jetzt!\" \/>\n<meta property=\"og:description\" content=\"Der Old Pulteney 18 Jahre ist ein ausgereifter, bernsteinfarbener Single Malt Scotch mit einem Aroma von Weihnachtskuchen, feinen Kr\u00e4utern und Gew\u00fcrzen und einer leichten Meeresbrise.\" \/>\n<meta property=\"og:url\" content=\"https:\/\/whisky4you.net\/de\/produkt\/old-pulteney-18-jahre-single-malt-tasting-dram\/\" \/>\n<meta property=\"og:site_name\" content=\"Whisky4you\" \/>\n<meta property=\"article:publisher\" content=\"https:\/\/www.facebook.com\/Whisky4you.net\" \/>\n<meta property=\"article:modified_time\" content=\"2025-01-15T15:55:04+00:00\" \/>\n<meta property=\"og:image\" content=\"https:\/\/whisky4you.net\/wp-content\/uploads\/2022\/11\/Old-Pulteney-18-tasting-dram.jpg\" \/>\n\t<meta property=\"og:image:width\" content=\"1064\" \/>\n\t<meta property=\"og:image:height\" content=\"1064\" \/>\n\t<meta property=\"og:image:type\" content=\"image\/jpeg\" \/>\n<meta name=\"twitter:card\" content=\"summary_large_image\" \/>\n<meta name=\"twitter:label1\" content=\"Gesch\u00e4tzte Lesezeit\" \/>\n\t<meta name=\"twitter:data1\" content=\"3\u00a0Minuten\" \/>\n<script type=\"application\/ld+json\" class=\"yoast-schema-graph\">{\"@context\":\"https:\/\/schema.org\",\"@graph\":[{\"@type\":\"WebPage\",\"@id\":\"https:\/\/whisky4you.net\/de\/produkt\/old-pulteney-18-jahre-single-malt-tasting-dram\/\",\"url\":\"https:\/\/whisky4you.net\/de\/produkt\/old-pulteney-18-jahre-single-malt-tasting-dram\/\",\"name\":\"Old Pulteney 18 Jahre Single Malt Tasting Dram - Kaufen Sie jetzt!\",\"isPartOf\":{\"@id\":\"https:\/\/whisky4you.net\/de\/#website\"},\"primaryImageOfPage\":{\"@id\":\"https:\/\/whisky4you.net\/de\/produkt\/old-pulteney-18-jahre-single-malt-tasting-dram\/#primaryimage\"},\"image\":{\"@id\":\"https:\/\/whisky4you.net\/de\/produkt\/old-pulteney-18-jahre-single-malt-tasting-dram\/#primaryimage\"},\"thumbnailUrl\":\"https:\/\/whisky4you.net\/wp-content\/uploads\/2022\/11\/Old-Pulteney-18-tasting-dram.jpg\",\"datePublished\":\"2022-11-23T21:58:28+00:00\",\"dateModified\":\"2025-01-15T15:55:04+00:00\",\"description\":\"Der Old Pulteney 18 Jahre ist ein ausgereifter, bernsteinfarbener Single Malt Scotch mit einem Aroma von Weihnachtskuchen, feinen Kr\u00e4utern und Gew\u00fcrzen und einer leichten Meeresbrise.\",\"breadcrumb\":{\"@id\":\"https:\/\/whisky4you.net\/de\/produkt\/old-pulteney-18-jahre-single-malt-tasting-dram\/#breadcrumb\"},\"inLanguage\":\"de\",\"potentialAction\":[{\"@type\":\"ReadAction\",\"target\":[\"https:\/\/whisky4you.net\/de\/produkt\/old-pulteney-18-jahre-single-malt-tasting-dram\/\"]}]},{\"@type\":\"ImageObject\",\"inLanguage\":\"de\",\"@id\":\"https:\/\/whisky4you.net\/de\/produkt\/old-pulteney-18-jahre-single-malt-tasting-dram\/#primaryimage\",\"url\":\"https:\/\/whisky4you.net\/wp-content\/uploads\/2022\/11\/Old-Pulteney-18-tasting-dram.jpg\",\"contentUrl\":\"https:\/\/whisky4you.net\/wp-content\/uploads\/2022\/11\/Old-Pulteney-18-tasting-dram.jpg\",\"width\":1064,\"height\":1064,\"caption\":\"Old Pulteney 18 Jahre Tasting Dram\"},{\"@type\":\"BreadcrumbList\",\"@id\":\"https:\/\/whisky4you.net\/de\/produkt\/old-pulteney-18-jahre-single-malt-tasting-dram\/#breadcrumb\",\"itemListElement\":[{\"@type\":\"ListItem\",\"position\":1,\"name\":\"Home\",\"item\":\"https:\/\/whisky4you.net\/\"},{\"@type\":\"ListItem\",\"position\":2,\"name\":\"Online Shop\",\"item\":\"https:\/\/whisky4you.net\/de\/online-shop\/\"},{\"@type\":\"ListItem\",\"position\":3,\"name\":\"Old Pulteney 18 Jahre Single Malt Tasting Dram\"}]},{\"@type\":\"WebSite\",\"@id\":\"https:\/\/whisky4you.net\/de\/#website\",\"url\":\"https:\/\/whisky4you.net\/de\/\",\"name\":\"Whisky4you\",\"description\":\"Dedicated to Whisky interest and Whisky lovers\",\"publisher\":{\"@id\":\"https:\/\/whisky4you.net\/de\/#organization\"},\"potentialAction\":[{\"@type\":\"SearchAction\",\"target\":{\"@type\":\"EntryPoint\",\"urlTemplate\":\"https:\/\/whisky4you.net\/de\/?s={search_term_string}\"},\"query-input\":{\"@type\":\"PropertyValueSpecification\",\"valueRequired\":true,\"valueName\":\"search_term_string\"}}],\"inLanguage\":\"de\"},{\"@type\":\"Organization\",\"@id\":\"https:\/\/whisky4you.net\/de\/#organization\",\"name\":\"Whisky4you\",\"url\":\"https:\/\/whisky4you.net\/de\/\",\"logo\":{\"@type\":\"ImageObject\",\"inLanguage\":\"de\",\"@id\":\"https:\/\/whisky4you.net\/de\/#\/schema\/logo\/image\/\",\"url\":\"https:\/\/whisky4you.net\/wp-content\/uploads\/2020\/12\/cropped-cropped-cropped-cropped-logo-head.png\",\"contentUrl\":\"https:\/\/whisky4you.net\/wp-content\/uploads\/2020\/12\/cropped-cropped-cropped-cropped-logo-head.png\",\"width\":250,\"height\":81,\"caption\":\"Whisky4you\"},\"image\":{\"@id\":\"https:\/\/whisky4you.net\/de\/#\/schema\/logo\/image\/\"},\"sameAs\":[\"https:\/\/www.facebook.com\/Whisky4you.net\",\"https:\/\/www.linkedin.com\/company\/whisky4you\/?viewAsMember=true\"]}]}<\/script>\n<!-- \/ Yoast SEO plugin. -->","yoast_head_json":{"title":"Old Pulteney 18 Jahre Single Malt Tasting Dram - Kaufen Sie jetzt!","description":"Der Old Pulteney 18 Jahre ist ein ausgereifter, bernsteinfarbener Single Malt Scotch mit einem Aroma von Weihnachtskuchen, feinen Kr\u00e4utern und Gew\u00fcrzen und einer leichten Meeresbrise.","robots":{"index":"index","follow":"follow","max-snippet":"max-snippet:-1","max-image-preview":"max-image-preview:large","max-video-preview":"max-video-preview:-1"},"canonical":"https:\/\/whisky4you.net\/de\/produkt\/old-pulteney-18-jahre-single-malt-tasting-dram\/","og_locale":"de_DE","og_type":"article","og_title":"Old Pulteney 18 Jahre Single Malt Tasting Dram - Kaufen Sie jetzt!","og_description":"Der Old Pulteney 18 Jahre ist ein ausgereifter, bernsteinfarbener Single Malt Scotch mit einem Aroma von Weihnachtskuchen, feinen Kr\u00e4utern und Gew\u00fcrzen und einer leichten Meeresbrise.","og_url":"https:\/\/whisky4you.net\/de\/produkt\/old-pulteney-18-jahre-single-malt-tasting-dram\/","og_site_name":"Whisky4you","article_publisher":"https:\/\/www.facebook.com\/Whisky4you.net","article_modified_time":"2025-01-15T15:55:04+00:00","og_image":[{"width":1064,"height":1064,"url":"https:\/\/whisky4you.net\/wp-content\/uploads\/2022\/11\/Old-Pulteney-18-tasting-dram.jpg","type":"image\/jpeg"}],"twitter_card":"summary_large_image","twitter_misc":{"Gesch\u00e4tzte Lesezeit":"3\u00a0Minuten"},"schema":{"@context":"https:\/\/schema.org","@graph":[{"@type":"WebPage","@id":"https:\/\/whisky4you.net\/de\/produkt\/old-pulteney-18-jahre-single-malt-tasting-dram\/","url":"https:\/\/whisky4you.net\/de\/produkt\/old-pulteney-18-jahre-single-malt-tasting-dram\/","name":"Old Pulteney 18 Jahre Single Malt Tasting Dram - Kaufen Sie jetzt!","isPartOf":{"@id":"https:\/\/whisky4you.net\/de\/#website"},"primaryImageOfPage":{"@id":"https:\/\/whisky4you.net\/de\/produkt\/old-pulteney-18-jahre-single-malt-tasting-dram\/#primaryimage"},"image":{"@id":"https:\/\/whisky4you.net\/de\/produkt\/old-pulteney-18-jahre-single-malt-tasting-dram\/#primaryimage"},"thumbnailUrl":"https:\/\/whisky4you.net\/wp-content\/uploads\/2022\/11\/Old-Pulteney-18-tasting-dram.jpg","datePublished":"2022-11-23T21:58:28+00:00","dateModified":"2025-01-15T15:55:04+00:00","description":"Der Old Pulteney 18 Jahre ist ein ausgereifter, bernsteinfarbener Single Malt Scotch mit einem Aroma von Weihnachtskuchen, feinen Kr\u00e4utern und Gew\u00fcrzen und einer leichten Meeresbrise.","breadcrumb":{"@id":"https:\/\/whisky4you.net\/de\/produkt\/old-pulteney-18-jahre-single-malt-tasting-dram\/#breadcrumb"},"inLanguage":"de","potentialAction":[{"@type":"ReadAction","target":["https:\/\/whisky4you.net\/de\/produkt\/old-pulteney-18-jahre-single-malt-tasting-dram\/"]}]},{"@type":"ImageObject","inLanguage":"de","@id":"https:\/\/whisky4you.net\/de\/produkt\/old-pulteney-18-jahre-single-malt-tasting-dram\/#primaryimage","url":"https:\/\/whisky4you.net\/wp-content\/uploads\/2022\/11\/Old-Pulteney-18-tasting-dram.jpg","contentUrl":"https:\/\/whisky4you.net\/wp-content\/uploads\/2022\/11\/Old-Pulteney-18-tasting-dram.jpg","width":1064,"height":1064,"caption":"Old Pulteney 18 Jahre Tasting Dram"},{"@type":"BreadcrumbList","@id":"https:\/\/whisky4you.net\/de\/produkt\/old-pulteney-18-jahre-single-malt-tasting-dram\/#breadcrumb","itemListElement":[{"@type":"ListItem","position":1,"name":"Home","item":"https:\/\/whisky4you.net\/"},{"@type":"ListItem","position":2,"name":"Online Shop","item":"https:\/\/whisky4you.net\/de\/online-shop\/"},{"@type":"ListItem","position":3,"name":"Old Pulteney 18 Jahre Single Malt Tasting Dram"}]},{"@type":"WebSite","@id":"https:\/\/whisky4you.net\/de\/#website","url":"https:\/\/whisky4you.net\/de\/","name":"Whisky4you","description":"Dedicated to Whisky interest and Whisky lovers","publisher":{"@id":"https:\/\/whisky4you.net\/de\/#organization"},"potentialAction":[{"@type":"SearchAction","target":{"@type":"EntryPoint","urlTemplate":"https:\/\/whisky4you.net\/de\/?s={search_term_string}"},"query-input":{"@type":"PropertyValueSpecification","valueRequired":true,"valueName":"search_term_string"}}],"inLanguage":"de"},{"@type":"Organization","@id":"https:\/\/whisky4you.net\/de\/#organization","name":"Whisky4you","url":"https:\/\/whisky4you.net\/de\/","logo":{"@type":"ImageObject","inLanguage":"de","@id":"https:\/\/whisky4you.net\/de\/#\/schema\/logo\/image\/","url":"https:\/\/whisky4you.net\/wp-content\/uploads\/2020\/12\/cropped-cropped-cropped-cropped-logo-head.png","contentUrl":"https:\/\/whisky4you.net\/wp-content\/uploads\/2020\/12\/cropped-cropped-cropped-cropped-logo-head.png","width":250,"height":81,"caption":"Whisky4you"},"image":{"@id":"https:\/\/whisky4you.net\/de\/#\/schema\/logo\/image\/"},"sameAs":["https:\/\/www.facebook.com\/Whisky4you.net","https:\/\/www.linkedin.com\/company\/whisky4you\/?viewAsMember=true"]}]}},"jetpack_sharing_enabled":true,"_links":{"self":[{"href":"https:\/\/whisky4you.net\/de\/wp-json\/wp\/v2\/product\/23877","targetHints":{"allow":["GET"]}}],"collection":[{"href":"https:\/\/whisky4you.net\/de\/wp-json\/wp\/v2\/product"}],"about":[{"href":"https:\/\/whisky4you.net\/de\/wp-json\/wp\/v2\/types\/product"}],"replies":[{"embeddable":true,"href":"https:\/\/whisky4you.net\/de\/wp-json\/wp\/v2\/comments?post=23877"}],"version-history":[{"count":0,"href":"https:\/\/whisky4you.net\/de\/wp-json\/wp\/v2\/product\/23877\/revisions"}],"wp:featuredmedia":[{"embeddable":true,"href":"https:\/\/whisky4you.net\/de\/wp-json\/wp\/v2\/media\/23880"}],"wp:attachment":[{"href":"https:\/\/whisky4you.net\/de\/wp-json\/wp\/v2\/media?parent=23877"}],"wp:term":[{"taxonomy":"product_brand","embeddable":true,"href":"https:\/\/whisky4you.net\/de\/wp-json\/wp\/v2\/product_brand?post=23877"},{"taxonomy":"product_cat","embeddable":true,"href":"https:\/\/whisky4you.net\/de\/wp-json\/wp\/v2\/product_cat?post=23877"},{"taxonomy":"product_tag","embeddable":true,"href":"https:\/\/whisky4you.net\/de\/wp-json\/wp\/v2\/product_tag?post=23877"}],"curies":[{"name":"wp","href":"https:\/\/api.w.org\/{rel}","templated":true}]}}