{"id":23888,"date":"2022-11-23T23:17:59","date_gmt":"2022-11-23T22:17:59","guid":{"rendered":"https:\/\/whisky4you.net\/?post_type=product&#038;p=23888"},"modified":"2025-09-28T18:20:45","modified_gmt":"2025-09-28T17:20:45","slug":"dalmore-port-wood-reserve-tasting-dram","status":"publish","type":"product","link":"https:\/\/whisky4you.net\/de\/produkt\/dalmore-port-wood-reserve-tasting-dram\/","title":{"rendered":"Dalmore Port Wood Reserve Tasting Dram"},"content":{"rendered":"<h3>Tasting Dram 4 cl<\/h3>\n<p>Sie m\u00f6chten vor dem Kauf testen? Hier ist der Dalmore Port Wood Reserve Single Malt Tasting Dram f\u00fcr Sie! Ein guter Scotch kann eine bedeutende Investition sein und vielleicht m\u00f6chten Sie sicherstellen, dass er Ihren Geschmack trifft? Dann k\u00f6nnen Sie hier zwei Dram (insgesamt 4 cl) in einer kleinen Probierflasche bestellen. Das sollte sogar ausreichen, um gemeinsam mit Ihrem Partner oder Freund jeweils ein Dram zu probieren. Diese Tastings k\u00f6nnen nicht immer bestellt werden, die Verf\u00fcgbarkeit sehen Sie hier im Shop.<\/p>\n<h3><strong>Dalmore Port Wood Reserve<\/strong><\/h3>\n<p>Der Dalmore Port Wood Reserve ist ein einzigartiger Single Malt aus der Port Wood-Serie von Dalmore, einer der traditionsreichen Brennereien in Schottland.<br \/>\nEs reifte zuerst ca. 14 Jahre in amerikanischen F\u00e4ssern aus wei\u00dfer Eiche. Anschlie\u00dfend wurde wurde die H\u00e4lfte der F\u00e4sser in spezielle Portweinf\u00e4sser des Weinguts W&amp;J Grahams aus dem Duoro-Tal in Portugal umgef\u00fcllt. So erh\u00e4lt der Dalmore Port Wood Reserve ein langes Finish von weiteren 2-3 Jahren, bevor beide Teile wieder vereinigt werden. Diese Portweinbrennerei Grahams ist bekannt f\u00fcr ihren besonders milden und cremigen Portwein. Master Blender Richard Paterson von Dalmore w\u00e4hlte aufgrund seiner langj\u00e4hrigen Erfahrung und seiner guten Beziehung zu diesem Fasslieferanten auch ziemlich alte F\u00e4sser aus den 70er und 80er Jahren.<\/p>\n<p>Auf der Flasche ist kein Alter angegeben, was ziemlich \u00fcberraschend ist, da die Reifezeit mehr als gro\u00dfz\u00fcgige bemessen ist und diesem Single Malt eine gro\u00dfe Komplexit\u00e4t und Tiefe verleiht. Dass dieser so sorgf\u00e4ltig und geduldig gereifte Scotch keine Altersangabe tr\u00e4gt, ist ein klares Understatement.<\/p>\n<h3><strong>Woher kommt er?<\/strong><\/h3>\n<p>Die <span style=\"text-decoration: underline;\"><a href=\"https:\/\/www.thedalmore.com\/\" target=\"_blank\" rel=\"noopener noreferrer\">Dalmore Destillery<\/a><\/span> liegt in den n\u00f6rdlichen Highlands in Alness, an der K\u00fcste des Cromarty Firth. Sie war lange im Besitz des schottischen Adels, des Mackenzie-Clans, und blickt auf eine interessante Geschichte zur\u00fcck.<br \/>\nDas Wasser f\u00fcr die Produktion wird aus dem Fluss Alness bezogen, der in den Highlands entspringt und zu dem weichen und blumigen Geschmack der Dalmore Single Malts beitr\u00e4gt. In jeweils 4 gro\u00dfen Wash- und Spirit Stills werden etwas 4,2 Mio. Liter Destillat im Jahr produziert. Die 9 Lagerh\u00e4usern von Dalmore werden von Whisky Fans mit Ehrfurcht betreten, da dort fast 65.000 F\u00e4sser und einige der \u00e4ltesten Whiskies der Welt lagern. Die teuerste Flasche Dalmore, ein 62-j\u00e4hriger Single Malt wurde einmal f\u00fcr 25.000,- Pfund versteigert und angeblich noch in der selben Nacht getrunken. Ein bessere Aussage, was Whisky Kennern ein Dalmore wert ist, kann es kaum geben.<\/p>\n<h3><strong>Wie schmeckt er?<\/strong><\/h3>\n<p>Die Tawny Port Pipes verleihen dem Dalmore Port Wood Reserve im Finish intensive Fruchtnoten von rotem Beerenkompott, eingewickelt in Ingwer- und Zitrus Aromen und einem Hauch von Toffee. Auf der Zunge entfaltet sich ein volles, tiefes Bouquet komplexer Noten von Bonbonkuchen, Blutorange und Karamell. Begleitet von w\u00fcrzigem Lebkuchen und einer Brise herbem Kaffee, bleibt der Geschmack wunderbar rund und weich. Auch im langen, w\u00e4rmenden Abgang bleibt die Andeutungen des guten alten Ports auf der Zunge. Gegen\u00fcber dem 15j\u00e4hrigen Single Malt hat diese besondere Edition noch etwas mehr Tiefe und ist preislich absolut fair bewertet.<br \/>\nEin ganz besonderer Dram, der auch Liebhaber nicht rauchiger Whiskies mit besonderer Fassreifung und \u00fcberzeugend langer Reifezeit begeistern wird.<\/p>\n<p>Schauen Sie sich auch unsere Verkostungsvideos an und st\u00f6bern Sie durch die Hintergrundartikel in unserem Blog <span style=\"text-decoration: underline;\"><a href=\"https:\/\/whisky4you.net\/de\/alles-ueber-whisky\/\" target=\"_blank\" rel=\"noopener noreferrer\">&#8222;Alles \u00fcber Whisky&#8220;.<\/a><\/span><\/p>\n<p><span style=\"color: #f0ae13;\"><strong>Typ:<\/strong>\u00a0<\/span>\u00a0 Single Malt Whisky<\/p>\n<p><strong><span style=\"color: #f0ae13;\">Aroma: <\/span><\/strong>Weich und tief, mit fruchtigen Noten von s\u00fc\u00dfen roten Beeren, Orangen, Pflaumen und Toffee<\/p>\n<p><span style=\"color: #f0ae13;\"><strong>Geschmack:<\/strong>\u00a0<\/span> Fruchtig nach Nektarinen, cremigem Karamell, ger\u00f6steten Kastanien und leichten Kaffeenoten<\/p>\n<p><span style=\"color: #f0ae13;\"><strong>Abgang:<\/strong>\u00a0<\/span> Intensive Noten von Rosinen, Blutorangen und Kirschen, ein Hauch von Portwein bleibt auf der Zunge<\/p>\n","protected":false},"excerpt":{"rendered":"<ul>\n<li>4 cl Tasting Dram \u2013 probieren Sie eine tolle Flasche und stellen Sie sicher, dass Ihnen gef\u00e4llt, was Sie kaufen<\/li>\n<li>milder und cremiger, aber trotzdem tiefer und komplexer Single Malt<\/li>\n<li>gereift in amerikanischen F\u00e4ssern aus Weisseiche, zur H\u00e4lfte mit Finish in Tawny Port Pipes<\/li>\n<li>intensive Fruchtnoten von rotem Beerenkompott, eingewickelt in Ingwer- und Zitrusaromen, mit einem Hauch von Toffee<\/li>\n<li>Keine Altersangabe, aber vermutlich zwischen 14 und 16 Jahren Reifezeit<\/li>\n<\/ul>\n","protected":false},"featured_media":23892,"comment_status":"open","ping_status":"closed","template":"","meta":[],"product_brand":[],"product_cat":[941,940],"product_tag":[792,797,815,814,818,824,832],"class_list":{"0":"post-23888","1":"product","2":"type-product","3":"status-publish","4":"has-post-thumbnail","6":"product_cat-highlands-de","7":"product_cat-scotch-de","8":"product_tag-dalmore-de","9":"product_tag-highlands-de","10":"product_tag-port-wood-reserve-de","11":"product_tag-portwein","12":"product_tag-scotch-de","13":"product_tag-single-malt-de","14":"product_tag-whisky-de","15":"pa_alcohol-content-455-de","16":"pa_bottled-at-abgefullt-durch-hersteller","17":"pa_country-schottland","18":"pa_distillery-dalmore-de","19":"pa_maturation-casks-bourbon-de","20":"pa_maturation-casks-portwein-de","21":"pa_minimum-age-ohne-angabe","22":"pa_product-net-content-004-l-de","23":"pa_scotland-highlands-de","24":"pa_whisky-type-single-malt-de","25":"no-featured-image-padding","26":"sales-flash-overlay","27":"woocommerce-text-align-center","28":"woocommerce-image-align-center","29":"do-quantity-buttons","30":"wc-has-gallery","32":"first","33":"instock","34":"featured","35":"taxable","36":"shipping-taxable","37":"purchasable","38":"product-type-simple"},"yoast_head":"<!-- This site is optimized with the Yoast SEO plugin v27.0 - https:\/\/yoast.com\/product\/yoast-seo-wordpress\/ -->\n<title>Dalmore Port Wood Reserve Tasting Dram - Whisky4you Kaufen Sie jetzt!<\/title>\n<meta name=\"description\" content=\"Ein Tasting Dram des Dalmore Port Wood Reserve, eines einzigartigen Single Malt, der in amerikanischen Eichenf\u00e4ssern und speziellen Portweinf\u00e4ssern aus Portugal gereift wurde.\" \/>\n<meta name=\"robots\" content=\"index, follow, max-snippet:-1, max-image-preview:large, max-video-preview:-1\" \/>\n<link rel=\"canonical\" href=\"https:\/\/whisky4you.net\/produkt\/dalmore-port-wood-reserve-tasting-dram\/\" \/>\n<meta property=\"og:locale\" content=\"de_DE\" \/>\n<meta property=\"og:type\" content=\"article\" \/>\n<meta property=\"og:title\" content=\"Dalmore Port Wood Reserve Tasting Dram - Whisky4you Kaufen Sie jetzt!\" \/>\n<meta property=\"og:description\" content=\"Ein Tasting Dram des Dalmore Port Wood Reserve, eines einzigartigen Single Malt, der in amerikanischen Eichenf\u00e4ssern und speziellen Portweinf\u00e4ssern aus Portugal gereift wurde.\" \/>\n<meta property=\"og:url\" content=\"https:\/\/whisky4you.net\/produkt\/dalmore-port-wood-reserve-tasting-dram\/\" \/>\n<meta property=\"og:site_name\" content=\"Whisky4you\" \/>\n<meta property=\"article:publisher\" content=\"https:\/\/www.facebook.com\/Whisky4you.net\" \/>\n<meta property=\"article:modified_time\" content=\"2025-09-28T17:20:45+00:00\" \/>\n<meta property=\"og:image\" content=\"https:\/\/whisky4you.net\/wp-content\/uploads\/2022\/11\/DalmorePortWoodReserve-tasting-dram.jpg\" \/>\n\t<meta property=\"og:image:width\" content=\"1004\" \/>\n\t<meta property=\"og:image:height\" content=\"1005\" \/>\n\t<meta property=\"og:image:type\" content=\"image\/jpeg\" \/>\n<meta name=\"twitter:card\" content=\"summary_large_image\" \/>\n<meta name=\"twitter:label1\" content=\"Gesch\u00e4tzte Lesezeit\" \/>\n\t<meta name=\"twitter:data1\" content=\"3\u00a0Minuten\" \/>\n<script type=\"application\/ld+json\" class=\"yoast-schema-graph\">{\"@context\":\"https:\/\/schema.org\",\"@graph\":[{\"@type\":\"WebPage\",\"@id\":\"https:\/\/whisky4you.net\/produkt\/dalmore-port-wood-reserve-tasting-dram\/\",\"url\":\"https:\/\/whisky4you.net\/produkt\/dalmore-port-wood-reserve-tasting-dram\/\",\"name\":\"Dalmore Port Wood Reserve Tasting Dram - Whisky4you Kaufen Sie jetzt!\",\"isPartOf\":{\"@id\":\"https:\/\/whisky4you.net\/de\/#website\"},\"primaryImageOfPage\":{\"@id\":\"https:\/\/whisky4you.net\/produkt\/dalmore-port-wood-reserve-tasting-dram\/#primaryimage\"},\"image\":{\"@id\":\"https:\/\/whisky4you.net\/produkt\/dalmore-port-wood-reserve-tasting-dram\/#primaryimage\"},\"thumbnailUrl\":\"https:\/\/whisky4you.net\/wp-content\/uploads\/2022\/11\/DalmorePortWoodReserve-tasting-dram.jpg\",\"datePublished\":\"2022-11-23T22:17:59+00:00\",\"dateModified\":\"2025-09-28T17:20:45+00:00\",\"description\":\"Ein Tasting Dram des Dalmore Port Wood Reserve, eines einzigartigen Single Malt, der in amerikanischen Eichenf\u00e4ssern und speziellen Portweinf\u00e4ssern aus Portugal gereift wurde.\",\"breadcrumb\":{\"@id\":\"https:\/\/whisky4you.net\/produkt\/dalmore-port-wood-reserve-tasting-dram\/#breadcrumb\"},\"inLanguage\":\"de\",\"potentialAction\":[{\"@type\":\"ReadAction\",\"target\":[\"https:\/\/whisky4you.net\/produkt\/dalmore-port-wood-reserve-tasting-dram\/\"]}]},{\"@type\":\"ImageObject\",\"inLanguage\":\"de\",\"@id\":\"https:\/\/whisky4you.net\/produkt\/dalmore-port-wood-reserve-tasting-dram\/#primaryimage\",\"url\":\"https:\/\/whisky4you.net\/wp-content\/uploads\/2022\/11\/DalmorePortWoodReserve-tasting-dram.jpg\",\"contentUrl\":\"https:\/\/whisky4you.net\/wp-content\/uploads\/2022\/11\/DalmorePortWoodReserve-tasting-dram.jpg\",\"width\":1004,\"height\":1005,\"caption\":\"Dalmore Port Wood Reserve Tasting Dram\"},{\"@type\":\"BreadcrumbList\",\"@id\":\"https:\/\/whisky4you.net\/produkt\/dalmore-port-wood-reserve-tasting-dram\/#breadcrumb\",\"itemListElement\":[{\"@type\":\"ListItem\",\"position\":1,\"name\":\"Home\",\"item\":\"https:\/\/whisky4you.net\/\"},{\"@type\":\"ListItem\",\"position\":2,\"name\":\"Online Shop\",\"item\":\"https:\/\/whisky4you.net\/de\/online-shop\/\"},{\"@type\":\"ListItem\",\"position\":3,\"name\":\"Dalmore Port Wood Reserve Tasting Dram\"}]},{\"@type\":\"WebSite\",\"@id\":\"https:\/\/whisky4you.net\/de\/#website\",\"url\":\"https:\/\/whisky4you.net\/de\/\",\"name\":\"Whisky4you\",\"description\":\"Dedicated to Whisky interest and Whisky lovers\",\"publisher\":{\"@id\":\"https:\/\/whisky4you.net\/de\/#organization\"},\"potentialAction\":[{\"@type\":\"SearchAction\",\"target\":{\"@type\":\"EntryPoint\",\"urlTemplate\":\"https:\/\/whisky4you.net\/de\/?s={search_term_string}\"},\"query-input\":{\"@type\":\"PropertyValueSpecification\",\"valueRequired\":true,\"valueName\":\"search_term_string\"}}],\"inLanguage\":\"de\"},{\"@type\":\"Organization\",\"@id\":\"https:\/\/whisky4you.net\/de\/#organization\",\"name\":\"Whisky4you\",\"url\":\"https:\/\/whisky4you.net\/de\/\",\"logo\":{\"@type\":\"ImageObject\",\"inLanguage\":\"de\",\"@id\":\"https:\/\/whisky4you.net\/de\/#\/schema\/logo\/image\/\",\"url\":\"https:\/\/whisky4you.net\/wp-content\/uploads\/2020\/12\/cropped-cropped-cropped-cropped-logo-head.png\",\"contentUrl\":\"https:\/\/whisky4you.net\/wp-content\/uploads\/2020\/12\/cropped-cropped-cropped-cropped-logo-head.png\",\"width\":250,\"height\":81,\"caption\":\"Whisky4you\"},\"image\":{\"@id\":\"https:\/\/whisky4you.net\/de\/#\/schema\/logo\/image\/\"},\"sameAs\":[\"https:\/\/www.facebook.com\/Whisky4you.net\",\"https:\/\/www.linkedin.com\/company\/whisky4you\/?viewAsMember=true\"]}]}<\/script>\n<!-- \/ Yoast SEO plugin. -->","yoast_head_json":{"title":"Dalmore Port Wood Reserve Tasting Dram - Whisky4you Kaufen Sie jetzt!","description":"Ein Tasting Dram des Dalmore Port Wood Reserve, eines einzigartigen Single Malt, der in amerikanischen Eichenf\u00e4ssern und speziellen Portweinf\u00e4ssern aus Portugal gereift wurde.","robots":{"index":"index","follow":"follow","max-snippet":"max-snippet:-1","max-image-preview":"max-image-preview:large","max-video-preview":"max-video-preview:-1"},"canonical":"https:\/\/whisky4you.net\/produkt\/dalmore-port-wood-reserve-tasting-dram\/","og_locale":"de_DE","og_type":"article","og_title":"Dalmore Port Wood Reserve Tasting Dram - Whisky4you Kaufen Sie jetzt!","og_description":"Ein Tasting Dram des Dalmore Port Wood Reserve, eines einzigartigen Single Malt, der in amerikanischen Eichenf\u00e4ssern und speziellen Portweinf\u00e4ssern aus Portugal gereift wurde.","og_url":"https:\/\/whisky4you.net\/produkt\/dalmore-port-wood-reserve-tasting-dram\/","og_site_name":"Whisky4you","article_publisher":"https:\/\/www.facebook.com\/Whisky4you.net","article_modified_time":"2025-09-28T17:20:45+00:00","og_image":[{"width":1004,"height":1005,"url":"https:\/\/whisky4you.net\/wp-content\/uploads\/2022\/11\/DalmorePortWoodReserve-tasting-dram.jpg","type":"image\/jpeg"}],"twitter_card":"summary_large_image","twitter_misc":{"Gesch\u00e4tzte Lesezeit":"3\u00a0Minuten"},"schema":{"@context":"https:\/\/schema.org","@graph":[{"@type":"WebPage","@id":"https:\/\/whisky4you.net\/produkt\/dalmore-port-wood-reserve-tasting-dram\/","url":"https:\/\/whisky4you.net\/produkt\/dalmore-port-wood-reserve-tasting-dram\/","name":"Dalmore Port Wood Reserve Tasting Dram - Whisky4you Kaufen Sie jetzt!","isPartOf":{"@id":"https:\/\/whisky4you.net\/de\/#website"},"primaryImageOfPage":{"@id":"https:\/\/whisky4you.net\/produkt\/dalmore-port-wood-reserve-tasting-dram\/#primaryimage"},"image":{"@id":"https:\/\/whisky4you.net\/produkt\/dalmore-port-wood-reserve-tasting-dram\/#primaryimage"},"thumbnailUrl":"https:\/\/whisky4you.net\/wp-content\/uploads\/2022\/11\/DalmorePortWoodReserve-tasting-dram.jpg","datePublished":"2022-11-23T22:17:59+00:00","dateModified":"2025-09-28T17:20:45+00:00","description":"Ein Tasting Dram des Dalmore Port Wood Reserve, eines einzigartigen Single Malt, der in amerikanischen Eichenf\u00e4ssern und speziellen Portweinf\u00e4ssern aus Portugal gereift wurde.","breadcrumb":{"@id":"https:\/\/whisky4you.net\/produkt\/dalmore-port-wood-reserve-tasting-dram\/#breadcrumb"},"inLanguage":"de","potentialAction":[{"@type":"ReadAction","target":["https:\/\/whisky4you.net\/produkt\/dalmore-port-wood-reserve-tasting-dram\/"]}]},{"@type":"ImageObject","inLanguage":"de","@id":"https:\/\/whisky4you.net\/produkt\/dalmore-port-wood-reserve-tasting-dram\/#primaryimage","url":"https:\/\/whisky4you.net\/wp-content\/uploads\/2022\/11\/DalmorePortWoodReserve-tasting-dram.jpg","contentUrl":"https:\/\/whisky4you.net\/wp-content\/uploads\/2022\/11\/DalmorePortWoodReserve-tasting-dram.jpg","width":1004,"height":1005,"caption":"Dalmore Port Wood Reserve Tasting Dram"},{"@type":"BreadcrumbList","@id":"https:\/\/whisky4you.net\/produkt\/dalmore-port-wood-reserve-tasting-dram\/#breadcrumb","itemListElement":[{"@type":"ListItem","position":1,"name":"Home","item":"https:\/\/whisky4you.net\/"},{"@type":"ListItem","position":2,"name":"Online Shop","item":"https:\/\/whisky4you.net\/de\/online-shop\/"},{"@type":"ListItem","position":3,"name":"Dalmore Port Wood Reserve Tasting Dram"}]},{"@type":"WebSite","@id":"https:\/\/whisky4you.net\/de\/#website","url":"https:\/\/whisky4you.net\/de\/","name":"Whisky4you","description":"Dedicated to Whisky interest and Whisky lovers","publisher":{"@id":"https:\/\/whisky4you.net\/de\/#organization"},"potentialAction":[{"@type":"SearchAction","target":{"@type":"EntryPoint","urlTemplate":"https:\/\/whisky4you.net\/de\/?s={search_term_string}"},"query-input":{"@type":"PropertyValueSpecification","valueRequired":true,"valueName":"search_term_string"}}],"inLanguage":"de"},{"@type":"Organization","@id":"https:\/\/whisky4you.net\/de\/#organization","name":"Whisky4you","url":"https:\/\/whisky4you.net\/de\/","logo":{"@type":"ImageObject","inLanguage":"de","@id":"https:\/\/whisky4you.net\/de\/#\/schema\/logo\/image\/","url":"https:\/\/whisky4you.net\/wp-content\/uploads\/2020\/12\/cropped-cropped-cropped-cropped-logo-head.png","contentUrl":"https:\/\/whisky4you.net\/wp-content\/uploads\/2020\/12\/cropped-cropped-cropped-cropped-logo-head.png","width":250,"height":81,"caption":"Whisky4you"},"image":{"@id":"https:\/\/whisky4you.net\/de\/#\/schema\/logo\/image\/"},"sameAs":["https:\/\/www.facebook.com\/Whisky4you.net","https:\/\/www.linkedin.com\/company\/whisky4you\/?viewAsMember=true"]}]}},"jetpack_sharing_enabled":true,"_links":{"self":[{"href":"https:\/\/whisky4you.net\/de\/wp-json\/wp\/v2\/product\/23888","targetHints":{"allow":["GET"]}}],"collection":[{"href":"https:\/\/whisky4you.net\/de\/wp-json\/wp\/v2\/product"}],"about":[{"href":"https:\/\/whisky4you.net\/de\/wp-json\/wp\/v2\/types\/product"}],"replies":[{"embeddable":true,"href":"https:\/\/whisky4you.net\/de\/wp-json\/wp\/v2\/comments?post=23888"}],"version-history":[{"count":0,"href":"https:\/\/whisky4you.net\/de\/wp-json\/wp\/v2\/product\/23888\/revisions"}],"wp:featuredmedia":[{"embeddable":true,"href":"https:\/\/whisky4you.net\/de\/wp-json\/wp\/v2\/media\/23892"}],"wp:attachment":[{"href":"https:\/\/whisky4you.net\/de\/wp-json\/wp\/v2\/media?parent=23888"}],"wp:term":[{"taxonomy":"product_brand","embeddable":true,"href":"https:\/\/whisky4you.net\/de\/wp-json\/wp\/v2\/product_brand?post=23888"},{"taxonomy":"product_cat","embeddable":true,"href":"https:\/\/whisky4you.net\/de\/wp-json\/wp\/v2\/product_cat?post=23888"},{"taxonomy":"product_tag","embeddable":true,"href":"https:\/\/whisky4you.net\/de\/wp-json\/wp\/v2\/product_tag?post=23888"}],"curies":[{"name":"wp","href":"https:\/\/api.w.org\/{rel}","templated":true}]}}