{"id":23900,"date":"2022-11-26T12:15:16","date_gmt":"2022-11-26T11:15:19","guid":{"rendered":"https:\/\/whisky4you.net\/?post_type=product&#038;p=23900"},"modified":"2024-08-24T11:07:13","modified_gmt":"2024-08-24T10:07:13","slug":"ncnean-quiet-rebels-lorna-tasting-dram","status":"publish","type":"product","link":"https:\/\/whisky4you.net\/de\/produkt\/ncnean-quiet-rebels-lorna-tasting-dram\/","title":{"rendered":"Nc\u00b4nean Quiet Rebels Lorna Tasting Dram"},"content":{"rendered":"<h3>Tasting Dram 4 cl<\/h3>\n<p>Sie m\u00f6chten vor dem Kauf testen? Hier ist der Nc\u00b4nean Quiet Rebels Lorna Single Malt Tasting Dram f\u00fcr Sie! Ein guter Scotch kann eine bedeutende Investition sein und vielleicht m\u00f6chten Sie sicherstellen, dass er Ihren Geschmack trifft? Dann k\u00f6nnen Sie hier zwei Dram (insgesamt 4 cl) in einer kleinen Probierflasche bestellen. Das sollte sogar ausreichen, um gemeinsam mit Ihrem Partner oder Freund jeweils ein Dram zu probieren. Diese Tastings k\u00f6nnen nicht immer bestellt werden, die Verf\u00fcgbarkeit sehen Sie hier im Shop.<\/p>\n<h3><strong>Wo kommt er her? <\/strong><\/h3>\n<p>Mit der <a href=\"https:\/\/ncnean.com\/\" target=\"_blank\" rel=\"noopener\">Destillerie Nc&#8217;nean<\/a> wurde von Annabel Thomas an der K\u00fcste der Halbinsel Morvern in Schottland ein Vorreiter der \u00f6kologischen Whiskyproduktion errichtet. Sie gab daf\u00fcr ihren Job auf und brachte f\u00fcr ihre Idee 7,5 Mio Pfund auf. 2017 ging die Destillerie in Betrieb und beweist seit dem, dass Nachhaltigkeit in der Whisky Produktion m\u00f6glich sit. Sie nennt ihr Team, mit dem sie die Whiskyproduktion revolutionieren will, die \u201eQuiet Rebels\u201c. Es bestand in der Gr\u00fcndungsphase aus 14 umweltbewussten Genie\u00dfer*innen, die sich in den Kopf gesetzt haben, nachhaltig guten Scotch herzustellen. Dieser Truppe ist die erste Reihe Single Malts gewidmet, die auch den Namen \u201eQuiet Rebels\u201c tr\u00e4gt. Jeden Herbst wird ein Single Malt im Namen eines der Mitglieder auf den Markt gebracht. Dieser repr\u00e4sentiert jeweils die Lieblingsaromen und die Person dahinter. Dabei werden neue F\u00e4sser ausprobiert und Versuche mit Hefen gefahren, um dem Nc\u00b4nean seine speziellen Noten zu verleihen.<\/p>\n<h3><strong>Nc\u00b4nean Quiet Rebels Lorna<\/strong><\/h3>\n<p>W\u00e4hrend das erste Release der Firmengr\u00fcnderin gewidmet wurde, tr\u00e4gt dieses zweite Release nun den Namen von\u00a0Lorna Davidson, der Brennmeisterin. Sie hat den Erfolg von Nc\u00b4nean entscheidend mitgetragen. Die Edition wurde auf 7.560 Flaschen\u00a0limitiert und ist, wie die anderen Single Malts der Brennerei nicht k\u00fchlgefiltert und nicht gef\u00e4rbt. Probieren Sie den Nc\u00b4nean Quiet Rebels Lorna Tasting Dram und lernen Sie diesen interessanten und innovativen Single Malt kennen.<\/p>\n<h3><strong>Wie schmeckt er? <\/strong><\/h3>\n<p>Lorna Davidson liebt s\u00fc\u00dfe Whiskys und so pr\u00e4sentiert sie nun in ihrem Namen einen Bio-zertifizierten Single Malt, der weiche S\u00fc\u00dfe mit fruchtigen exotischen Noten von Bananenbrot, Grapefruit, Aprikosen und Pfirsich-Eiscreme kombiniert.<br \/>\nGereift wird er zu 84% in Ex-Bourbon F\u00e4ssern und zu 16% in Pineau des Charentes F\u00e4ssern. Der Pineau des Charentes ist ein s\u00fc\u00df-s\u00e4uerlicher Lik\u00f6rwein aus Frankreich, eine Mischung aus Traubenmost und Eau de vie de Cognac und wird als Aperitif getrunken. Das innovative Fassexperiment mit recht hohem Alkoholgehalt von 48,5% hat sich gelohnt und verspricht ein interessantes Geschmackserlebnis, auch wenn er mit dem Alter von 4 Jahren noch recht jung ist.<\/p>\n<p>&nbsp;<\/p>\n<p>Schauen Sie sich auch unsere Verkostungsvideos an und st\u00f6bern Sie durch die Hintergrundartikel in unserem Blog <span style=\"text-decoration: underline;\"><a href=\"https:\/\/whisky4you.net\/de\/alles-ueber-whisky\/\" target=\"_blank\" rel=\"noopener noreferrer\">&#8222;Alles \u00fcber Whisky&#8220;.<\/a><\/span><\/p>\n<p><span style=\"color: #f0ae13;\"><strong>Typ:<\/strong>\u00a0<\/span>\u00a0 Single Malt Whisky<\/p>\n<p><strong><span style=\"color: #f0ae13;\">Aroma:\u00a0 <\/span><\/strong><span style=\"color: #000000;\">Frische Pfirsiche, Aprikosen, Karamell und Zitrusnoten<\/span><\/p>\n<p><span style=\"color: #f0ae13;\"><strong>Geschmack:<\/strong>\u00a0<\/span>hier kommt die S\u00fc\u00dfe durch, Bananenbrot und Pfirsich-Eiscreme gepaart mit herber Grapefruit<\/p>\n<p><span style=\"color: #f0ae13;\"><strong>Abgang:<\/strong>\u00a0<\/span> hell und fruchtig, mit sanfter Gew\u00fcrznote<\/p>\n","protected":false},"excerpt":{"rendered":"<ul>\n<li>4 cl Tasting Dram \u2013 probieren Sie eine tolle Flasche und stellen Sie sicher, dass Ihnen gef\u00e4llt, was Sie kaufen<\/li>\n<li>s\u00fc\u00df und w\u00fcrzig, mit Aromen von Bananenbrot und Pfirsicheis<\/li>\n<li>gereift zu 84% in F\u00e4ssern aus amerikanischer Eiche und zu 16% in Pineau des Charentes F\u00e4ssern aus Frankreich<\/li>\n<li>Bio-Whisky aus nachhaltiger Produktion<\/li>\n<li>2. Release der Quiet Rebels-Reihe, das der Brennmeisterin gewidmet ist<\/li>\n<\/ul>\n<div>\n<div style=\"width: 49%; float: left; margin-right: 1%;\">[borlabs-cookie type=\"content-blocker\" id=\"youtube\" title=\"Youtube\"]<iframe src=\"https:\/\/www.youtube.com\/embed\/QxJ0Kc3Bpik\" width=\"560\" height=\"206\" frameborder=\"0\" allowfullscreen=\"allowfullscreen\"><\/iframe>[\/borlabs-cookie]<\/div>\n<\/div>\n","protected":false},"featured_media":23920,"comment_status":"open","ping_status":"closed","template":"","meta":[],"product_brand":[],"product_cat":[941,940],"product_tag":[794,797,1200,1204,1201,818,824,1202,832,1203],"class_list":{"0":"post-23900","1":"product","2":"type-product","3":"status-publish","4":"has-post-thumbnail","6":"product_cat-highlands-de","7":"product_cat-scotch-de","8":"product_tag-ex-bourbon-fasser","9":"product_tag-highlands-de","10":"product_tag-lorna-de","11":"product_tag-pineau-de-charentes-de","12":"product_tag-quiet-rebels-de","13":"product_tag-scotch-de","14":"product_tag-single-malt-de","15":"product_tag-tasting-dram-de","16":"product_tag-whisky-de","17":"product_tag-whisky-tasting-de","18":"pa_alcohol-content-485-de","19":"pa_bottled-at-abgefullt-durch-hersteller","20":"pa_country-schottland","21":"pa_distillery-ncnean-de","22":"pa_maturation-casks-bourbon-de","23":"pa_maturation-casks-pineau-des-charentes-de","24":"pa_minimum-age-4-jahre","25":"pa_product-net-content-004-l-de","26":"pa_scotland-highlands-de","27":"pa_whisky-type-single-malt-de","28":"no-featured-image-padding","29":"sales-flash-overlay","30":"woocommerce-text-align-center","31":"woocommerce-image-align-center","32":"do-quantity-buttons","33":"wc-has-gallery","35":"first","36":"outofstock","37":"featured","38":"taxable","39":"shipping-taxable","40":"purchasable","41":"product-type-simple"},"yoast_head":"<!-- This site is optimized with the Yoast SEO plugin v27.0 - https:\/\/yoast.com\/product\/yoast-seo-wordpress\/ -->\n<title>Nc\u00b4nean Quiet Rebels Lorna Tasting Dram - Whisky4you Kaufen Sie jetzt!<\/title>\n<meta name=\"description\" content=\"Ein Verkostungsdram dieses gro\u00dfartigen Single Malts, gereift zu 84 % in F\u00e4ssern aus amerikanischer Eiche und zu 16 % in Pineau des Charentes-F\u00e4ssern aus Frankreich\" \/>\n<meta name=\"robots\" content=\"index, follow, max-snippet:-1, max-image-preview:large, max-video-preview:-1\" \/>\n<link rel=\"canonical\" href=\"https:\/\/whisky4you.net\/de\/produkt\/ncnean-quiet-rebels-lorna-tasting-dram\/\" \/>\n<meta property=\"og:locale\" content=\"de_DE\" \/>\n<meta property=\"og:type\" content=\"article\" \/>\n<meta property=\"og:title\" content=\"Nc\u00b4nean Quiet Rebels Lorna Tasting Dram - Whisky4you Kaufen Sie jetzt!\" \/>\n<meta property=\"og:description\" content=\"Ein Verkostungsdram dieses gro\u00dfartigen Single Malts, gereift zu 84 % in F\u00e4ssern aus amerikanischer Eiche und zu 16 % in Pineau des Charentes-F\u00e4ssern aus Frankreich\" \/>\n<meta property=\"og:url\" content=\"https:\/\/whisky4you.net\/de\/produkt\/ncnean-quiet-rebels-lorna-tasting-dram\/\" \/>\n<meta property=\"og:site_name\" content=\"Whisky4you\" \/>\n<meta property=\"article:publisher\" content=\"https:\/\/www.facebook.com\/Whisky4you.net\" \/>\n<meta property=\"article:modified_time\" content=\"2024-08-24T10:07:13+00:00\" \/>\n<meta property=\"og:image\" content=\"https:\/\/whisky4you.net\/wp-content\/uploads\/2022\/11\/Nc\u00b4nean-Quiet-Rebels-Lorna-Tasting-Dram-single.jpg\" \/>\n\t<meta property=\"og:image:width\" content=\"960\" \/>\n\t<meta property=\"og:image:height\" content=\"959\" \/>\n\t<meta property=\"og:image:type\" content=\"image\/jpeg\" \/>\n<meta name=\"twitter:card\" content=\"summary_large_image\" \/>\n<meta name=\"twitter:label1\" content=\"Gesch\u00e4tzte Lesezeit\" \/>\n\t<meta name=\"twitter:data1\" content=\"2\u00a0Minuten\" \/>\n<script type=\"application\/ld+json\" class=\"yoast-schema-graph\">{\"@context\":\"https:\/\/schema.org\",\"@graph\":[{\"@type\":\"WebPage\",\"@id\":\"https:\/\/whisky4you.net\/de\/produkt\/ncnean-quiet-rebels-lorna-tasting-dram\/\",\"url\":\"https:\/\/whisky4you.net\/de\/produkt\/ncnean-quiet-rebels-lorna-tasting-dram\/\",\"name\":\"Nc\u00b4nean Quiet Rebels Lorna Tasting Dram - Whisky4you Kaufen Sie jetzt!\",\"isPartOf\":{\"@id\":\"https:\/\/whisky4you.net\/de\/#website\"},\"primaryImageOfPage\":{\"@id\":\"https:\/\/whisky4you.net\/de\/produkt\/ncnean-quiet-rebels-lorna-tasting-dram\/#primaryimage\"},\"image\":{\"@id\":\"https:\/\/whisky4you.net\/de\/produkt\/ncnean-quiet-rebels-lorna-tasting-dram\/#primaryimage\"},\"thumbnailUrl\":\"https:\/\/whisky4you.net\/wp-content\/uploads\/2022\/11\/Nc\u00b4nean-Quiet-Rebels-Lorna-Tasting-Dram-single.jpg\",\"datePublished\":\"2022-11-26T11:15:19+00:00\",\"dateModified\":\"2024-08-24T10:07:13+00:00\",\"description\":\"Ein Verkostungsdram dieses gro\u00dfartigen Single Malts, gereift zu 84 % in F\u00e4ssern aus amerikanischer Eiche und zu 16 % in Pineau des Charentes-F\u00e4ssern aus Frankreich\",\"breadcrumb\":{\"@id\":\"https:\/\/whisky4you.net\/de\/produkt\/ncnean-quiet-rebels-lorna-tasting-dram\/#breadcrumb\"},\"inLanguage\":\"de\",\"potentialAction\":[{\"@type\":\"ReadAction\",\"target\":[\"https:\/\/whisky4you.net\/de\/produkt\/ncnean-quiet-rebels-lorna-tasting-dram\/\"]}]},{\"@type\":\"ImageObject\",\"inLanguage\":\"de\",\"@id\":\"https:\/\/whisky4you.net\/de\/produkt\/ncnean-quiet-rebels-lorna-tasting-dram\/#primaryimage\",\"url\":\"https:\/\/whisky4you.net\/wp-content\/uploads\/2022\/11\/Nc\u00b4nean-Quiet-Rebels-Lorna-Tasting-Dram-single.jpg\",\"contentUrl\":\"https:\/\/whisky4you.net\/wp-content\/uploads\/2022\/11\/Nc\u00b4nean-Quiet-Rebels-Lorna-Tasting-Dram-single.jpg\",\"width\":960,\"height\":959,\"caption\":\"Nc\u00b4nean Quiet Rebels Lorna Tasting Dram einzeln\"},{\"@type\":\"BreadcrumbList\",\"@id\":\"https:\/\/whisky4you.net\/de\/produkt\/ncnean-quiet-rebels-lorna-tasting-dram\/#breadcrumb\",\"itemListElement\":[{\"@type\":\"ListItem\",\"position\":1,\"name\":\"Home\",\"item\":\"https:\/\/whisky4you.net\/\"},{\"@type\":\"ListItem\",\"position\":2,\"name\":\"Online Shop\",\"item\":\"https:\/\/whisky4you.net\/de\/online-shop\/\"},{\"@type\":\"ListItem\",\"position\":3,\"name\":\"Nc\u00b4nean Quiet Rebels Lorna Tasting Dram\"}]},{\"@type\":\"WebSite\",\"@id\":\"https:\/\/whisky4you.net\/de\/#website\",\"url\":\"https:\/\/whisky4you.net\/de\/\",\"name\":\"Whisky4you\",\"description\":\"Dedicated to Whisky interest and Whisky lovers\",\"publisher\":{\"@id\":\"https:\/\/whisky4you.net\/de\/#organization\"},\"potentialAction\":[{\"@type\":\"SearchAction\",\"target\":{\"@type\":\"EntryPoint\",\"urlTemplate\":\"https:\/\/whisky4you.net\/de\/?s={search_term_string}\"},\"query-input\":{\"@type\":\"PropertyValueSpecification\",\"valueRequired\":true,\"valueName\":\"search_term_string\"}}],\"inLanguage\":\"de\"},{\"@type\":\"Organization\",\"@id\":\"https:\/\/whisky4you.net\/de\/#organization\",\"name\":\"Whisky4you\",\"url\":\"https:\/\/whisky4you.net\/de\/\",\"logo\":{\"@type\":\"ImageObject\",\"inLanguage\":\"de\",\"@id\":\"https:\/\/whisky4you.net\/de\/#\/schema\/logo\/image\/\",\"url\":\"https:\/\/whisky4you.net\/wp-content\/uploads\/2020\/12\/cropped-cropped-cropped-cropped-logo-head.png\",\"contentUrl\":\"https:\/\/whisky4you.net\/wp-content\/uploads\/2020\/12\/cropped-cropped-cropped-cropped-logo-head.png\",\"width\":250,\"height\":81,\"caption\":\"Whisky4you\"},\"image\":{\"@id\":\"https:\/\/whisky4you.net\/de\/#\/schema\/logo\/image\/\"},\"sameAs\":[\"https:\/\/www.facebook.com\/Whisky4you.net\",\"https:\/\/www.linkedin.com\/company\/whisky4you\/?viewAsMember=true\"]}]}<\/script>\n<!-- \/ Yoast SEO plugin. -->","yoast_head_json":{"title":"Nc\u00b4nean Quiet Rebels Lorna Tasting Dram - Whisky4you Kaufen Sie jetzt!","description":"Ein Verkostungsdram dieses gro\u00dfartigen Single Malts, gereift zu 84 % in F\u00e4ssern aus amerikanischer Eiche und zu 16 % in Pineau des Charentes-F\u00e4ssern aus Frankreich","robots":{"index":"index","follow":"follow","max-snippet":"max-snippet:-1","max-image-preview":"max-image-preview:large","max-video-preview":"max-video-preview:-1"},"canonical":"https:\/\/whisky4you.net\/de\/produkt\/ncnean-quiet-rebels-lorna-tasting-dram\/","og_locale":"de_DE","og_type":"article","og_title":"Nc\u00b4nean Quiet Rebels Lorna Tasting Dram - Whisky4you Kaufen Sie jetzt!","og_description":"Ein Verkostungsdram dieses gro\u00dfartigen Single Malts, gereift zu 84 % in F\u00e4ssern aus amerikanischer Eiche und zu 16 % in Pineau des Charentes-F\u00e4ssern aus Frankreich","og_url":"https:\/\/whisky4you.net\/de\/produkt\/ncnean-quiet-rebels-lorna-tasting-dram\/","og_site_name":"Whisky4you","article_publisher":"https:\/\/www.facebook.com\/Whisky4you.net","article_modified_time":"2024-08-24T10:07:13+00:00","og_image":[{"width":960,"height":959,"url":"https:\/\/whisky4you.net\/wp-content\/uploads\/2022\/11\/Nc\u00b4nean-Quiet-Rebels-Lorna-Tasting-Dram-single.jpg","type":"image\/jpeg"}],"twitter_card":"summary_large_image","twitter_misc":{"Gesch\u00e4tzte Lesezeit":"2\u00a0Minuten"},"schema":{"@context":"https:\/\/schema.org","@graph":[{"@type":"WebPage","@id":"https:\/\/whisky4you.net\/de\/produkt\/ncnean-quiet-rebels-lorna-tasting-dram\/","url":"https:\/\/whisky4you.net\/de\/produkt\/ncnean-quiet-rebels-lorna-tasting-dram\/","name":"Nc\u00b4nean Quiet Rebels Lorna Tasting Dram - Whisky4you Kaufen Sie jetzt!","isPartOf":{"@id":"https:\/\/whisky4you.net\/de\/#website"},"primaryImageOfPage":{"@id":"https:\/\/whisky4you.net\/de\/produkt\/ncnean-quiet-rebels-lorna-tasting-dram\/#primaryimage"},"image":{"@id":"https:\/\/whisky4you.net\/de\/produkt\/ncnean-quiet-rebels-lorna-tasting-dram\/#primaryimage"},"thumbnailUrl":"https:\/\/whisky4you.net\/wp-content\/uploads\/2022\/11\/Nc\u00b4nean-Quiet-Rebels-Lorna-Tasting-Dram-single.jpg","datePublished":"2022-11-26T11:15:19+00:00","dateModified":"2024-08-24T10:07:13+00:00","description":"Ein Verkostungsdram dieses gro\u00dfartigen Single Malts, gereift zu 84 % in F\u00e4ssern aus amerikanischer Eiche und zu 16 % in Pineau des Charentes-F\u00e4ssern aus Frankreich","breadcrumb":{"@id":"https:\/\/whisky4you.net\/de\/produkt\/ncnean-quiet-rebels-lorna-tasting-dram\/#breadcrumb"},"inLanguage":"de","potentialAction":[{"@type":"ReadAction","target":["https:\/\/whisky4you.net\/de\/produkt\/ncnean-quiet-rebels-lorna-tasting-dram\/"]}]},{"@type":"ImageObject","inLanguage":"de","@id":"https:\/\/whisky4you.net\/de\/produkt\/ncnean-quiet-rebels-lorna-tasting-dram\/#primaryimage","url":"https:\/\/whisky4you.net\/wp-content\/uploads\/2022\/11\/Nc\u00b4nean-Quiet-Rebels-Lorna-Tasting-Dram-single.jpg","contentUrl":"https:\/\/whisky4you.net\/wp-content\/uploads\/2022\/11\/Nc\u00b4nean-Quiet-Rebels-Lorna-Tasting-Dram-single.jpg","width":960,"height":959,"caption":"Nc\u00b4nean Quiet Rebels Lorna Tasting Dram einzeln"},{"@type":"BreadcrumbList","@id":"https:\/\/whisky4you.net\/de\/produkt\/ncnean-quiet-rebels-lorna-tasting-dram\/#breadcrumb","itemListElement":[{"@type":"ListItem","position":1,"name":"Home","item":"https:\/\/whisky4you.net\/"},{"@type":"ListItem","position":2,"name":"Online Shop","item":"https:\/\/whisky4you.net\/de\/online-shop\/"},{"@type":"ListItem","position":3,"name":"Nc\u00b4nean Quiet Rebels Lorna Tasting Dram"}]},{"@type":"WebSite","@id":"https:\/\/whisky4you.net\/de\/#website","url":"https:\/\/whisky4you.net\/de\/","name":"Whisky4you","description":"Dedicated to Whisky interest and Whisky lovers","publisher":{"@id":"https:\/\/whisky4you.net\/de\/#organization"},"potentialAction":[{"@type":"SearchAction","target":{"@type":"EntryPoint","urlTemplate":"https:\/\/whisky4you.net\/de\/?s={search_term_string}"},"query-input":{"@type":"PropertyValueSpecification","valueRequired":true,"valueName":"search_term_string"}}],"inLanguage":"de"},{"@type":"Organization","@id":"https:\/\/whisky4you.net\/de\/#organization","name":"Whisky4you","url":"https:\/\/whisky4you.net\/de\/","logo":{"@type":"ImageObject","inLanguage":"de","@id":"https:\/\/whisky4you.net\/de\/#\/schema\/logo\/image\/","url":"https:\/\/whisky4you.net\/wp-content\/uploads\/2020\/12\/cropped-cropped-cropped-cropped-logo-head.png","contentUrl":"https:\/\/whisky4you.net\/wp-content\/uploads\/2020\/12\/cropped-cropped-cropped-cropped-logo-head.png","width":250,"height":81,"caption":"Whisky4you"},"image":{"@id":"https:\/\/whisky4you.net\/de\/#\/schema\/logo\/image\/"},"sameAs":["https:\/\/www.facebook.com\/Whisky4you.net","https:\/\/www.linkedin.com\/company\/whisky4you\/?viewAsMember=true"]}]}},"jetpack_sharing_enabled":true,"_links":{"self":[{"href":"https:\/\/whisky4you.net\/de\/wp-json\/wp\/v2\/product\/23900","targetHints":{"allow":["GET"]}}],"collection":[{"href":"https:\/\/whisky4you.net\/de\/wp-json\/wp\/v2\/product"}],"about":[{"href":"https:\/\/whisky4you.net\/de\/wp-json\/wp\/v2\/types\/product"}],"replies":[{"embeddable":true,"href":"https:\/\/whisky4you.net\/de\/wp-json\/wp\/v2\/comments?post=23900"}],"version-history":[{"count":0,"href":"https:\/\/whisky4you.net\/de\/wp-json\/wp\/v2\/product\/23900\/revisions"}],"wp:featuredmedia":[{"embeddable":true,"href":"https:\/\/whisky4you.net\/de\/wp-json\/wp\/v2\/media\/23920"}],"wp:attachment":[{"href":"https:\/\/whisky4you.net\/de\/wp-json\/wp\/v2\/media?parent=23900"}],"wp:term":[{"taxonomy":"product_brand","embeddable":true,"href":"https:\/\/whisky4you.net\/de\/wp-json\/wp\/v2\/product_brand?post=23900"},{"taxonomy":"product_cat","embeddable":true,"href":"https:\/\/whisky4you.net\/de\/wp-json\/wp\/v2\/product_cat?post=23900"},{"taxonomy":"product_tag","embeddable":true,"href":"https:\/\/whisky4you.net\/de\/wp-json\/wp\/v2\/product_tag?post=23900"}],"curies":[{"name":"wp","href":"https:\/\/api.w.org\/{rel}","templated":true}]}}