{"id":24379,"date":"2022-12-05T13:53:50","date_gmt":"2022-12-05T12:53:52","guid":{"rendered":"https:\/\/whisky4you.net\/?post_type=product&#038;p=24379"},"modified":"2024-11-25T18:32:22","modified_gmt":"2024-11-25T17:32:22","slug":"ladaig-18-jahre-single-malt","status":"publish","type":"product","link":"https:\/\/whisky4you.net\/de\/produkt\/ladaig-18-jahre-single-malt\/","title":{"rendered":"Ladaig 18 Jahre Single Malt"},"content":{"rendered":"<h3><strong>Ledaig 18 Jahre Single Malt Tasting Dram<\/strong><\/h3>\n<p>Der Ladaig ist die rauchige Marke der <a href=\"https:\/\/tobermorydistillery.com\/en-de\" target=\"_blank\" rel=\"noopener\">Destillerie Tobermory,<\/a> die zu den \u00e4ltesten schottischen Destillerien geh\u00f6rt. Sie wurde 1798 unter dem Namen Ledaig gegr\u00fcndet und liegt als einzige auf der Insel Mull. 1979 wurde sie nach der neuen Marke in Tobermory unbenannt, es werden aber bis heute beide Marken hergestellt und zwar immer im 6-monatigen Wechsel. W\u00e4hrend unter dem Namen Tobermory wunderbare nicht rauchige Single Malts auf den Markt gebracht werden, steht Ledaig f\u00fcr die rauchigen Aromen.<\/p>\n<h3><strong>Woher kommt er?<\/strong><\/h3>\n<p>Mit dem Ledaig 18 Jahre Single Malt wurde bewiesen, dass die Master Distiller nach dem urspr\u00fcnglichen traditionellen Stil immer noch hervorragende rauchige Single Malts kreieren. Diese werden mit 35ppm Rauch und 46,3% Alkohol abgef\u00fcllt. Damit steht er dem Torfgehalt der Islay Destillerien in keinster Weise nach. Das Finish erfolgt vermutlich \u00fcberwiegend in Oloroso Sherry F\u00e4ssern. Er ist nicht gef\u00e4rbt und nicht k\u00fchlgefiltert und wird in kleinen Batches von ca. 5400 Flaschen pro Jahr abgef\u00fcllt.<\/p>\n<p>Ledaig bedeutet auf g\u00e4lisch \u201eSicherer Hafen\u201c und auf der Verpackung symbolisiert ein an den Strand gezogenes Boot eine sichere R\u00fcckkehr.<\/p>\n<h3><strong>Wie schmeckt er?<\/strong><\/h3>\n<p>Dunkel und schwer, erdig-moorig kommt der Ledaig 18 Jahre Single Malt daher. Kr\u00e4ftiger, gut ausgereifter Rauch mit maritimen Ankl\u00e4ngen ist hier die dominierende Geschmackskomponente. Damit ist der Ledaig 18 Jahre eine unbedingte Empfehlung f\u00fcr Liebhaber von Torfrauch Aromen. Das Finish in spanischen Sherryf\u00e4ssern verleiht ihm dabei keine deutlichen Sherrynoten, sondern sorgt mehr f\u00fcr eine gewisse Tiefe und Komplexit\u00e4t. Diesen Malt sollte man mit Geduld und viel Aufmerksamkeit probieren. Wenn man der Zunge Zeit gibt, sich an den Rauch zu gew\u00f6hnen, erbl\u00fchen dahinter herrliche florale und w\u00fcrzige Aromen, sowie Noten von frisch gemahlenem Kaffee, die noch lange auf der Zunge liegen bleiben.<\/p>\n<p>Schauen Sie sich auch unsere Verkostungsvideos an und st\u00f6bern Sie durch die Hintergrundartikel in unserem Blog <span style=\"text-decoration: underline;\"><a href=\"https:\/\/whisky4you.net\/de\/alles-ueber-whisky\/\" target=\"_blank\" rel=\"noopener noreferrer\">&#8222;Alles \u00fcber Whisky&#8220;.<\/a><\/span><\/p>\n<p><span style=\"color: #f0ae13;\"><strong>Typ:<\/strong>\u00a0<\/span>\u00a0 Single Malt Whisky<\/p>\n<p><strong><span style=\"color: #f0ae13;\">Aroma: <\/span><\/strong>Kr\u00e4ftiger Rauch und Aschenoten sind sofort pr\u00e4sent, aber nicht bei\u00dfend, sondern sehr aromatisch, rund und weich, leichte maritime Ankl\u00e4nge und der Duft von schwarzem Tee<\/p>\n<p><span style=\"color: #f0ae13;\"><strong>Geschmack:<\/strong> \u00a0<\/span>trotz 18 Jahre Reifezeit kr\u00e4ftiger Rauch, zusammen mit den maritimen Salznoten erinnert er an R\u00e4ucherschinken, dahinter getrocknete Aprikosen, feine Eichennoten, schwarzer Pfeffer und Tabak<\/p>\n<p><span style=\"color: #f0ae13;\"><strong>Abgang:<\/strong>\u00a0<\/span> Lang anhaltend, es bleiben auf der Zunge Lakritz, Nelken, Kaffee und Rauchnoten zur\u00fcck<\/p>\n","protected":false},"excerpt":{"rendered":"<ul>\n<li>\u00fcppiger, dunkler, strenger und rauchiger Single Malt mit 35 ppm<\/li>\n<li>18 Jahre gereift in amerikanischen Eichenf\u00e4ssern und Finish in spanischen Sherryf\u00e4ssern<\/li>\n<li>gut ausgereifter Torfrauch und Asche auf der Zunge, gefolgt von Orangenschale, Kaffee, Meersalz, Tabak und wei\u00dfem Pfeffer<\/li>\n<li>abgef\u00fcllt in kleinen Batches von nur 5400 Flaschen pro Jahr<\/li>\n<\/ul>\n","protected":false},"featured_media":23941,"comment_status":"open","ping_status":"closed","template":"","meta":[],"product_brand":[],"product_cat":[944,940],"product_tag":[794,797,1208,810,969,1091,818,824,830,832],"class_list":{"0":"post-24379","1":"product","2":"type-product","3":"status-publish","4":"has-post-thumbnail","6":"product_cat-islands-de","7":"product_cat-scotch-de","8":"product_tag-ex-bourbon-fasser","9":"product_tag-highlands-de","10":"product_tag-ledaig-de","11":"product_tag-oloroso-sherry-de","12":"product_tag-rauchig-de","13":"product_tag-rauchiger-whisky","14":"product_tag-scotch-de","15":"product_tag-single-malt-de","16":"product_tag-tobermory-de","17":"product_tag-whisky-de","18":"pa_alcohol-content-463-de","19":"pa_bottled-at-abgefullt-durch-hersteller","20":"pa_country-schottland","21":"pa_distillery-tobermory-de","22":"pa_maturation-casks-bourbon-de","23":"pa_maturation-casks-sherry-de","24":"pa_minimum-age-18-jahre","25":"pa_product-net-content-70-cl-de","26":"pa_scotland-islands-de","27":"pa_whisky-type-single-malt-de","28":"no-featured-image-padding","29":"sales-flash-overlay","30":"woocommerce-text-align-center","31":"woocommerce-image-align-center","32":"do-quantity-buttons","33":"wc-has-gallery","35":"first","36":"instock","37":"featured","38":"taxable","39":"shipping-taxable","40":"purchasable","41":"product-type-simple"},"yoast_head":"<!-- This site is optimized with the Yoast SEO plugin v27.0 - https:\/\/yoast.com\/product\/yoast-seo-wordpress\/ -->\n<title>Ladaig 18 Jahre Single Malt - Whisky4you Kaufen Sie jetzt!<\/title>\n<meta name=\"description\" content=\"Ledaig 18 Jahre Single Malt ist ein \u00fcppiger, dunkler, strenger und rauchiger Single Malt Scotch, der in amerikanischen Eichen- und spanischen Sherryf\u00e4ssern gereift ist.\" \/>\n<meta name=\"robots\" content=\"index, follow, max-snippet:-1, max-image-preview:large, max-video-preview:-1\" \/>\n<link rel=\"canonical\" href=\"https:\/\/whisky4you.net\/de\/produkt\/ladaig-18-jahre-single-malt\/\" \/>\n<meta property=\"og:locale\" content=\"de_DE\" \/>\n<meta property=\"og:type\" content=\"article\" \/>\n<meta property=\"og:title\" content=\"Ladaig 18 Jahre Single Malt - Whisky4you Kaufen Sie jetzt!\" \/>\n<meta property=\"og:description\" content=\"Ledaig 18 Jahre Single Malt ist ein \u00fcppiger, dunkler, strenger und rauchiger Single Malt Scotch, der in amerikanischen Eichen- und spanischen Sherryf\u00e4ssern gereift ist.\" \/>\n<meta property=\"og:url\" content=\"https:\/\/whisky4you.net\/de\/produkt\/ladaig-18-jahre-single-malt\/\" \/>\n<meta property=\"og:site_name\" content=\"Whisky4you\" \/>\n<meta property=\"article:publisher\" content=\"https:\/\/www.facebook.com\/Whisky4you.net\" \/>\n<meta property=\"article:modified_time\" content=\"2024-11-25T17:32:22+00:00\" \/>\n<meta property=\"og:image\" content=\"https:\/\/whisky4you.net\/wp-content\/uploads\/2022\/11\/Ledaig-18-years-single-malt-.jpg\" \/>\n\t<meta property=\"og:image:width\" content=\"1050\" \/>\n\t<meta property=\"og:image:height\" content=\"1050\" \/>\n\t<meta property=\"og:image:type\" content=\"image\/jpeg\" \/>\n<meta name=\"twitter:card\" content=\"summary_large_image\" \/>\n<meta name=\"twitter:label1\" content=\"Gesch\u00e4tzte Lesezeit\" \/>\n\t<meta name=\"twitter:data1\" content=\"2\u00a0Minuten\" \/>\n<script type=\"application\/ld+json\" class=\"yoast-schema-graph\">{\"@context\":\"https:\/\/schema.org\",\"@graph\":[{\"@type\":\"WebPage\",\"@id\":\"https:\/\/whisky4you.net\/de\/produkt\/ladaig-18-jahre-single-malt\/\",\"url\":\"https:\/\/whisky4you.net\/de\/produkt\/ladaig-18-jahre-single-malt\/\",\"name\":\"Ladaig 18 Jahre Single Malt - Whisky4you Kaufen Sie jetzt!\",\"isPartOf\":{\"@id\":\"https:\/\/whisky4you.net\/de\/#website\"},\"primaryImageOfPage\":{\"@id\":\"https:\/\/whisky4you.net\/de\/produkt\/ladaig-18-jahre-single-malt\/#primaryimage\"},\"image\":{\"@id\":\"https:\/\/whisky4you.net\/de\/produkt\/ladaig-18-jahre-single-malt\/#primaryimage\"},\"thumbnailUrl\":\"https:\/\/whisky4you.net\/wp-content\/uploads\/2022\/11\/Ledaig-18-years-single-malt-.jpg\",\"datePublished\":\"2022-12-05T12:53:52+00:00\",\"dateModified\":\"2024-11-25T17:32:22+00:00\",\"description\":\"Ledaig 18 Jahre Single Malt ist ein \u00fcppiger, dunkler, strenger und rauchiger Single Malt Scotch, der in amerikanischen Eichen- und spanischen Sherryf\u00e4ssern gereift ist.\",\"breadcrumb\":{\"@id\":\"https:\/\/whisky4you.net\/de\/produkt\/ladaig-18-jahre-single-malt\/#breadcrumb\"},\"inLanguage\":\"de\",\"potentialAction\":[{\"@type\":\"ReadAction\",\"target\":[\"https:\/\/whisky4you.net\/de\/produkt\/ladaig-18-jahre-single-malt\/\"]}]},{\"@type\":\"ImageObject\",\"inLanguage\":\"de\",\"@id\":\"https:\/\/whisky4you.net\/de\/produkt\/ladaig-18-jahre-single-malt\/#primaryimage\",\"url\":\"https:\/\/whisky4you.net\/wp-content\/uploads\/2022\/11\/Ledaig-18-years-single-malt-.jpg\",\"contentUrl\":\"https:\/\/whisky4you.net\/wp-content\/uploads\/2022\/11\/Ledaig-18-years-single-malt-.jpg\",\"width\":1050,\"height\":1050,\"caption\":\"Ledaig 18 Jahre Single Malt\"},{\"@type\":\"BreadcrumbList\",\"@id\":\"https:\/\/whisky4you.net\/de\/produkt\/ladaig-18-jahre-single-malt\/#breadcrumb\",\"itemListElement\":[{\"@type\":\"ListItem\",\"position\":1,\"name\":\"Home\",\"item\":\"https:\/\/whisky4you.net\/\"},{\"@type\":\"ListItem\",\"position\":2,\"name\":\"Online Shop\",\"item\":\"https:\/\/whisky4you.net\/de\/online-shop\/\"},{\"@type\":\"ListItem\",\"position\":3,\"name\":\"Ladaig 18 Jahre Single Malt\"}]},{\"@type\":\"WebSite\",\"@id\":\"https:\/\/whisky4you.net\/de\/#website\",\"url\":\"https:\/\/whisky4you.net\/de\/\",\"name\":\"Whisky4you\",\"description\":\"Dedicated to Whisky interest and Whisky lovers\",\"publisher\":{\"@id\":\"https:\/\/whisky4you.net\/de\/#organization\"},\"potentialAction\":[{\"@type\":\"SearchAction\",\"target\":{\"@type\":\"EntryPoint\",\"urlTemplate\":\"https:\/\/whisky4you.net\/de\/?s={search_term_string}\"},\"query-input\":{\"@type\":\"PropertyValueSpecification\",\"valueRequired\":true,\"valueName\":\"search_term_string\"}}],\"inLanguage\":\"de\"},{\"@type\":\"Organization\",\"@id\":\"https:\/\/whisky4you.net\/de\/#organization\",\"name\":\"Whisky4you\",\"url\":\"https:\/\/whisky4you.net\/de\/\",\"logo\":{\"@type\":\"ImageObject\",\"inLanguage\":\"de\",\"@id\":\"https:\/\/whisky4you.net\/de\/#\/schema\/logo\/image\/\",\"url\":\"https:\/\/whisky4you.net\/wp-content\/uploads\/2020\/12\/cropped-cropped-cropped-cropped-logo-head.png\",\"contentUrl\":\"https:\/\/whisky4you.net\/wp-content\/uploads\/2020\/12\/cropped-cropped-cropped-cropped-logo-head.png\",\"width\":250,\"height\":81,\"caption\":\"Whisky4you\"},\"image\":{\"@id\":\"https:\/\/whisky4you.net\/de\/#\/schema\/logo\/image\/\"},\"sameAs\":[\"https:\/\/www.facebook.com\/Whisky4you.net\",\"https:\/\/www.linkedin.com\/company\/whisky4you\/?viewAsMember=true\"]}]}<\/script>\n<!-- \/ Yoast SEO plugin. -->","yoast_head_json":{"title":"Ladaig 18 Jahre Single Malt - Whisky4you Kaufen Sie jetzt!","description":"Ledaig 18 Jahre Single Malt ist ein \u00fcppiger, dunkler, strenger und rauchiger Single Malt Scotch, der in amerikanischen Eichen- und spanischen Sherryf\u00e4ssern gereift ist.","robots":{"index":"index","follow":"follow","max-snippet":"max-snippet:-1","max-image-preview":"max-image-preview:large","max-video-preview":"max-video-preview:-1"},"canonical":"https:\/\/whisky4you.net\/de\/produkt\/ladaig-18-jahre-single-malt\/","og_locale":"de_DE","og_type":"article","og_title":"Ladaig 18 Jahre Single Malt - Whisky4you Kaufen Sie jetzt!","og_description":"Ledaig 18 Jahre Single Malt ist ein \u00fcppiger, dunkler, strenger und rauchiger Single Malt Scotch, der in amerikanischen Eichen- und spanischen Sherryf\u00e4ssern gereift ist.","og_url":"https:\/\/whisky4you.net\/de\/produkt\/ladaig-18-jahre-single-malt\/","og_site_name":"Whisky4you","article_publisher":"https:\/\/www.facebook.com\/Whisky4you.net","article_modified_time":"2024-11-25T17:32:22+00:00","og_image":[{"width":1050,"height":1050,"url":"https:\/\/whisky4you.net\/wp-content\/uploads\/2022\/11\/Ledaig-18-years-single-malt-.jpg","type":"image\/jpeg"}],"twitter_card":"summary_large_image","twitter_misc":{"Gesch\u00e4tzte Lesezeit":"2\u00a0Minuten"},"schema":{"@context":"https:\/\/schema.org","@graph":[{"@type":"WebPage","@id":"https:\/\/whisky4you.net\/de\/produkt\/ladaig-18-jahre-single-malt\/","url":"https:\/\/whisky4you.net\/de\/produkt\/ladaig-18-jahre-single-malt\/","name":"Ladaig 18 Jahre Single Malt - Whisky4you Kaufen Sie jetzt!","isPartOf":{"@id":"https:\/\/whisky4you.net\/de\/#website"},"primaryImageOfPage":{"@id":"https:\/\/whisky4you.net\/de\/produkt\/ladaig-18-jahre-single-malt\/#primaryimage"},"image":{"@id":"https:\/\/whisky4you.net\/de\/produkt\/ladaig-18-jahre-single-malt\/#primaryimage"},"thumbnailUrl":"https:\/\/whisky4you.net\/wp-content\/uploads\/2022\/11\/Ledaig-18-years-single-malt-.jpg","datePublished":"2022-12-05T12:53:52+00:00","dateModified":"2024-11-25T17:32:22+00:00","description":"Ledaig 18 Jahre Single Malt ist ein \u00fcppiger, dunkler, strenger und rauchiger Single Malt Scotch, der in amerikanischen Eichen- und spanischen Sherryf\u00e4ssern gereift ist.","breadcrumb":{"@id":"https:\/\/whisky4you.net\/de\/produkt\/ladaig-18-jahre-single-malt\/#breadcrumb"},"inLanguage":"de","potentialAction":[{"@type":"ReadAction","target":["https:\/\/whisky4you.net\/de\/produkt\/ladaig-18-jahre-single-malt\/"]}]},{"@type":"ImageObject","inLanguage":"de","@id":"https:\/\/whisky4you.net\/de\/produkt\/ladaig-18-jahre-single-malt\/#primaryimage","url":"https:\/\/whisky4you.net\/wp-content\/uploads\/2022\/11\/Ledaig-18-years-single-malt-.jpg","contentUrl":"https:\/\/whisky4you.net\/wp-content\/uploads\/2022\/11\/Ledaig-18-years-single-malt-.jpg","width":1050,"height":1050,"caption":"Ledaig 18 Jahre Single Malt"},{"@type":"BreadcrumbList","@id":"https:\/\/whisky4you.net\/de\/produkt\/ladaig-18-jahre-single-malt\/#breadcrumb","itemListElement":[{"@type":"ListItem","position":1,"name":"Home","item":"https:\/\/whisky4you.net\/"},{"@type":"ListItem","position":2,"name":"Online Shop","item":"https:\/\/whisky4you.net\/de\/online-shop\/"},{"@type":"ListItem","position":3,"name":"Ladaig 18 Jahre Single Malt"}]},{"@type":"WebSite","@id":"https:\/\/whisky4you.net\/de\/#website","url":"https:\/\/whisky4you.net\/de\/","name":"Whisky4you","description":"Dedicated to Whisky interest and Whisky lovers","publisher":{"@id":"https:\/\/whisky4you.net\/de\/#organization"},"potentialAction":[{"@type":"SearchAction","target":{"@type":"EntryPoint","urlTemplate":"https:\/\/whisky4you.net\/de\/?s={search_term_string}"},"query-input":{"@type":"PropertyValueSpecification","valueRequired":true,"valueName":"search_term_string"}}],"inLanguage":"de"},{"@type":"Organization","@id":"https:\/\/whisky4you.net\/de\/#organization","name":"Whisky4you","url":"https:\/\/whisky4you.net\/de\/","logo":{"@type":"ImageObject","inLanguage":"de","@id":"https:\/\/whisky4you.net\/de\/#\/schema\/logo\/image\/","url":"https:\/\/whisky4you.net\/wp-content\/uploads\/2020\/12\/cropped-cropped-cropped-cropped-logo-head.png","contentUrl":"https:\/\/whisky4you.net\/wp-content\/uploads\/2020\/12\/cropped-cropped-cropped-cropped-logo-head.png","width":250,"height":81,"caption":"Whisky4you"},"image":{"@id":"https:\/\/whisky4you.net\/de\/#\/schema\/logo\/image\/"},"sameAs":["https:\/\/www.facebook.com\/Whisky4you.net","https:\/\/www.linkedin.com\/company\/whisky4you\/?viewAsMember=true"]}]}},"jetpack_sharing_enabled":true,"_links":{"self":[{"href":"https:\/\/whisky4you.net\/de\/wp-json\/wp\/v2\/product\/24379","targetHints":{"allow":["GET"]}}],"collection":[{"href":"https:\/\/whisky4you.net\/de\/wp-json\/wp\/v2\/product"}],"about":[{"href":"https:\/\/whisky4you.net\/de\/wp-json\/wp\/v2\/types\/product"}],"replies":[{"embeddable":true,"href":"https:\/\/whisky4you.net\/de\/wp-json\/wp\/v2\/comments?post=24379"}],"version-history":[{"count":2,"href":"https:\/\/whisky4you.net\/de\/wp-json\/wp\/v2\/product\/24379\/revisions"}],"predecessor-version":[{"id":24382,"href":"https:\/\/whisky4you.net\/de\/wp-json\/wp\/v2\/product\/24379\/revisions\/24382"}],"wp:featuredmedia":[{"embeddable":true,"href":"https:\/\/whisky4you.net\/de\/wp-json\/wp\/v2\/media\/23941"}],"wp:attachment":[{"href":"https:\/\/whisky4you.net\/de\/wp-json\/wp\/v2\/media?parent=24379"}],"wp:term":[{"taxonomy":"product_brand","embeddable":true,"href":"https:\/\/whisky4you.net\/de\/wp-json\/wp\/v2\/product_brand?post=24379"},{"taxonomy":"product_cat","embeddable":true,"href":"https:\/\/whisky4you.net\/de\/wp-json\/wp\/v2\/product_cat?post=24379"},{"taxonomy":"product_tag","embeddable":true,"href":"https:\/\/whisky4you.net\/de\/wp-json\/wp\/v2\/product_tag?post=24379"}],"curies":[{"name":"wp","href":"https:\/\/api.w.org\/{rel}","templated":true}]}}