{"id":24734,"date":"2023-07-23T13:28:27","date_gmt":"2023-07-23T12:28:29","guid":{"rendered":"https:\/\/whisky4you.net\/?post_type=product&#038;p=24734"},"modified":"2023-07-23T15:02:22","modified_gmt":"2023-07-23T14:02:22","slug":"macnairs-lum-reek-21-jahre-peated-blended-malt","status":"publish","type":"product","link":"https:\/\/whisky4you.net\/de\/produkt\/macnairs-lum-reek-21-jahre-peated-blended-malt\/","title":{"rendered":"MacNair\u2019s Lum Reek 21 Jahre Peated Blended Malt"},"content":{"rendered":"<h3>MacNair\u2019s Lum Reek 21 Jahre Peated Blended Malt<\/h3>\n<p>MacNair&#8217;s Lum Reek 21 Jahre Peated ist ein Blended Whisky der Glenallachie-Legende Billy Walker. F\u00fcr den schottischen Blend kombinierte er Speyside- und Islay-Whisky mit Whisky aus Glenallachie. Bei der Fassauswahl setzte Walker auf spanische Oloroso-Sherryf\u00e4sser, franz\u00f6sische Rotwein-Eichenf\u00e4sser und Virgin-Eichenf\u00e4sser. Er f\u00fcllte den getorften Lum Reek mit einem Alkoholgehalt von 48,0 Volumenprozent ab. Der Scotch ist nicht gef\u00e4rbt und nicht k\u00fchlgefiltert.<\/p>\n<h3><strong>Woher kommt er?<\/strong><\/h3>\n<p>Die Speyside, die eher f\u00fcr s\u00fc\u00dfe, blumige und leichte Whiskys steht, wurde hier mit den stark rauchigen und intensiven Malts von Islay verm\u00e4hlt. Tats\u00e4chlich ist es eine mutige Kombination. Aber Sie werden feststellen, dass diese Mischung wirklich das Beste aus beiden Regionen vereint und sorgf\u00e4ltig zusammengestellt wurde. Ein wirklich besonderer Blend, der in puncto Intensit\u00e4t und Charakter den Single Malts in nichts nachsteht.<\/p>\n<h3><strong>Wie schmeckt er?<\/strong><\/h3>\n<p>Das Ergebnis dieser sorgf\u00e4ltig zusammengestellten Mischung ist ein s\u00fc\u00dfer, w\u00fcrziger und torfiger Whisky. In der Nase beginnend mit einer Prise Torf, gefolgt von gro\u00dfartigen Ankl\u00e4ngen von dunkler Schokolade und Karamellbonbons. Auf der Zunge werden Sie etwas Tabak, Lederzeder, Torf, Kakao, Vanille und Honig bemerken. Die erdigen Rauchnoten stehen in perfekter Balance mit den schweren Ledernoten und den s\u00fc\u00dfen Aromen von Heidehonig. Ein Whisky f\u00fcr besondere Momente. Nehmen Sie sich Zeit, die vielen Geschmacksrichtungen zu entdecken, die dieser Whisky vereint.<\/p>\n<p>Schauen Sie sich auch unsere Verkostungsvideos an und st\u00f6bern Sie durch die Hintergrundartikel in unserem Blog <span style=\"text-decoration: underline;\" data-mce-style=\"text-decoration: underline;\"><a href=\"https:\/\/whisky4you.net\/de\/alles-ueber-whisky\/\" target=\"_blank\" rel=\"noopener noreferrer\" data-mce-href=\"https:\/\/whisky4you.net\/de\/alles-ueber-whisky\/\">&#8222;Alles \u00fcber Whisky&#8220;.<\/a><\/span><\/p>\n<p><span style=\"color: #f0ae13;\" data-mce-style=\"color: #f0ae13;\"><strong>Typ:<\/strong>&nbsp;<\/span>&nbsp; Blended Malt Whisky<\/p>\n<p><strong><span style=\"color: #f0ae13;\" data-mce-style=\"color: #f0ae13;\">Aroma:<\/span><\/strong>&nbsp; &nbsp;Beginnend mit w\u00fcrzigen Eichenholzaromen, dahinter findet sich feiner Holzrauch, Ankl\u00e4nge von Honig und Vanille tragen zur S\u00fc\u00dfe bei<\/p>\n<p><span style=\"color: #f0ae13;\" data-mce-style=\"color: #f0ae13;\"><strong>Geschmack:&nbsp; &nbsp;<\/strong><\/span>Zarte Zedernnoten auf der Zunge, entwickeln sich Aromen von Milchschokolade und Aprikosen. Es folgen erdige Noten und Torf mit einem w\u00fcrzigen Abgang aus schwarzem Pfeffer und Holzkohle.<\/p>\n<p><span style=\"color: #f0ae13;\" data-mce-style=\"color: #f0ae13;\"><strong>Abgang:<\/strong>&nbsp;<\/span> Der Scotch verabschiedet sich mit einem langanhaltenden Abgang von Thymian und Honig. Es hinterl\u00e4sst Noten von Lagerfeuerglut und dunkler Schokolade.<\/p>\n","protected":false},"excerpt":{"rendered":"<ul>\n<li>Blended Whisky der Glenallachie-Legende Billy Walker<\/li>\n<li>Die k\u00f6stliche Kreation vereint das Beste aus zwei kontrastierenden schottischen Regionen<\/li>\n<li>Sein Mindestalter von 21 Jahren verleiht ihm eine wunderbare Komplexit\u00e4t<\/li>\n<li>Small Batch Abf\u00fcllung, mit kr\u00e4ftigen 48 %, ungef\u00e4rbt und nicht k\u00fchlgefiltert<\/li>\n<\/ul>\n","protected":false},"featured_media":24742,"comment_status":"open","ping_status":"closed","template":"","meta":[],"product_brand":[],"product_cat":[944,940,943],"product_tag":[1221,794,800,1208,810,969,1091,818,825,849,832],"class_list":{"0":"post-24734","1":"product","2":"type-product","3":"status-publish","4":"has-post-thumbnail","6":"product_cat-islands-de","7":"product_cat-scotch-de","8":"product_cat-speyside-de","9":"product_tag-blended-malt-de","10":"product_tag-ex-bourbon-fasser","11":"product_tag-islay-de","12":"product_tag-ledaig-de","13":"product_tag-oloroso-sherry-de","14":"product_tag-rauchig-de","15":"product_tag-rauchiger-whisky","16":"product_tag-scotch-de","17":"product_tag-speyside-de","18":"product_tag-weinfinish","19":"product_tag-whisky-de","20":"pa_alcohol-content-48-de","21":"pa_bottled-at-abgefullt-durch-hersteller","22":"pa_country-schottland","23":"pa_distillery-glenallachie-distillery-de","24":"pa_maturation-casks-bourbon-de","25":"pa_maturation-casks-sherry-de","26":"pa_maturation-casks-wein","27":"pa_minimum-age-21-jahre","28":"pa_product-net-content-70-cl-de","29":"pa_scotland-islands-de","30":"pa_whisky-type-blended-malt-de","31":"no-featured-image-padding","32":"sales-flash-overlay","33":"woocommerce-text-align-center","34":"woocommerce-image-align-center","35":"do-quantity-buttons","36":"wc-has-gallery","38":"first","39":"outofstock","40":"featured","41":"taxable","42":"shipping-taxable","43":"purchasable","44":"product-type-simple"},"yoast_head":"<!-- This site is optimized with the Yoast SEO plugin v27.0 - https:\/\/yoast.com\/product\/yoast-seo-wordpress\/ -->\n<title>MacNair\u2019s Lum Reek 21 Jahre Peated Blended Malt - Whisky4you Kaufen Sie jetzt!<\/title>\n<meta name=\"description\" content=\"Mac Nairs Lum Reek 21 Jahre Blended Malt ist eine k\u00f6stliche Kreation der Glenallachie-Legende Billy Walker aus zwei gegens\u00e4tzlichen schottischen Whisky-Regionen, 21 Jahre gereift und von wunderbarer Komplexit\u00e4t.\" \/>\n<meta name=\"robots\" content=\"index, follow, max-snippet:-1, max-image-preview:large, max-video-preview:-1\" \/>\n<link rel=\"canonical\" href=\"https:\/\/whisky4you.net\/de\/produkt\/macnairs-lum-reek-21-jahre-peated-blended-malt\/\" \/>\n<meta property=\"og:locale\" content=\"de_DE\" \/>\n<meta property=\"og:type\" content=\"article\" \/>\n<meta property=\"og:title\" content=\"MacNair\u2019s Lum Reek 21 Jahre Peated Blended Malt - Whisky4you Kaufen Sie jetzt!\" \/>\n<meta property=\"og:description\" content=\"Mac Nairs Lum Reek 21 Jahre Blended Malt ist eine k\u00f6stliche Kreation der Glenallachie-Legende Billy Walker aus zwei gegens\u00e4tzlichen schottischen Whisky-Regionen, 21 Jahre gereift und von wunderbarer Komplexit\u00e4t.\" \/>\n<meta property=\"og:url\" content=\"https:\/\/whisky4you.net\/de\/produkt\/macnairs-lum-reek-21-jahre-peated-blended-malt\/\" \/>\n<meta property=\"og:site_name\" content=\"Whisky4you\" \/>\n<meta property=\"article:publisher\" content=\"https:\/\/www.facebook.com\/Whisky4you.net\" \/>\n<meta property=\"article:modified_time\" content=\"2023-07-23T14:02:22+00:00\" \/>\n<meta property=\"og:image\" content=\"https:\/\/whisky4you.net\/wp-content\/uploads\/2023\/07\/MacNairsLumReek21.jpg\" \/>\n\t<meta property=\"og:image:width\" content=\"802\" \/>\n\t<meta property=\"og:image:height\" content=\"800\" \/>\n\t<meta property=\"og:image:type\" content=\"image\/jpeg\" \/>\n<meta name=\"twitter:card\" content=\"summary_large_image\" \/>\n<meta name=\"twitter:label1\" content=\"Gesch\u00e4tzte Lesezeit\" \/>\n\t<meta name=\"twitter:data1\" content=\"2\u00a0Minuten\" \/>\n<script type=\"application\/ld+json\" class=\"yoast-schema-graph\">{\"@context\":\"https:\/\/schema.org\",\"@graph\":[{\"@type\":\"WebPage\",\"@id\":\"https:\/\/whisky4you.net\/de\/produkt\/macnairs-lum-reek-21-jahre-peated-blended-malt\/\",\"url\":\"https:\/\/whisky4you.net\/de\/produkt\/macnairs-lum-reek-21-jahre-peated-blended-malt\/\",\"name\":\"MacNair\u2019s Lum Reek 21 Jahre Peated Blended Malt - Whisky4you Kaufen Sie jetzt!\",\"isPartOf\":{\"@id\":\"https:\/\/whisky4you.net\/de\/#website\"},\"primaryImageOfPage\":{\"@id\":\"https:\/\/whisky4you.net\/de\/produkt\/macnairs-lum-reek-21-jahre-peated-blended-malt\/#primaryimage\"},\"image\":{\"@id\":\"https:\/\/whisky4you.net\/de\/produkt\/macnairs-lum-reek-21-jahre-peated-blended-malt\/#primaryimage\"},\"thumbnailUrl\":\"https:\/\/whisky4you.net\/wp-content\/uploads\/2023\/07\/MacNairsLumReek21.jpg\",\"datePublished\":\"2023-07-23T12:28:29+00:00\",\"dateModified\":\"2023-07-23T14:02:22+00:00\",\"description\":\"Mac Nairs Lum Reek 21 Jahre Blended Malt ist eine k\u00f6stliche Kreation der Glenallachie-Legende Billy Walker aus zwei gegens\u00e4tzlichen schottischen Whisky-Regionen, 21 Jahre gereift und von wunderbarer Komplexit\u00e4t.\",\"breadcrumb\":{\"@id\":\"https:\/\/whisky4you.net\/de\/produkt\/macnairs-lum-reek-21-jahre-peated-blended-malt\/#breadcrumb\"},\"inLanguage\":\"de\",\"potentialAction\":[{\"@type\":\"ReadAction\",\"target\":[\"https:\/\/whisky4you.net\/de\/produkt\/macnairs-lum-reek-21-jahre-peated-blended-malt\/\"]}]},{\"@type\":\"ImageObject\",\"inLanguage\":\"de\",\"@id\":\"https:\/\/whisky4you.net\/de\/produkt\/macnairs-lum-reek-21-jahre-peated-blended-malt\/#primaryimage\",\"url\":\"https:\/\/whisky4you.net\/wp-content\/uploads\/2023\/07\/MacNairsLumReek21.jpg\",\"contentUrl\":\"https:\/\/whisky4you.net\/wp-content\/uploads\/2023\/07\/MacNairsLumReek21.jpg\",\"width\":802,\"height\":800,\"caption\":\"MacNairs Lum Reek 21 Jahre Blended Malt\"},{\"@type\":\"BreadcrumbList\",\"@id\":\"https:\/\/whisky4you.net\/de\/produkt\/macnairs-lum-reek-21-jahre-peated-blended-malt\/#breadcrumb\",\"itemListElement\":[{\"@type\":\"ListItem\",\"position\":1,\"name\":\"Home\",\"item\":\"https:\/\/whisky4you.net\/\"},{\"@type\":\"ListItem\",\"position\":2,\"name\":\"Online Shop\",\"item\":\"https:\/\/whisky4you.net\/de\/online-shop\/\"},{\"@type\":\"ListItem\",\"position\":3,\"name\":\"MacNair\u2019s Lum Reek 21 Jahre Peated Blended Malt\"}]},{\"@type\":\"WebSite\",\"@id\":\"https:\/\/whisky4you.net\/de\/#website\",\"url\":\"https:\/\/whisky4you.net\/de\/\",\"name\":\"Whisky4you\",\"description\":\"Dedicated to Whisky interest and Whisky lovers\",\"publisher\":{\"@id\":\"https:\/\/whisky4you.net\/de\/#organization\"},\"potentialAction\":[{\"@type\":\"SearchAction\",\"target\":{\"@type\":\"EntryPoint\",\"urlTemplate\":\"https:\/\/whisky4you.net\/de\/?s={search_term_string}\"},\"query-input\":{\"@type\":\"PropertyValueSpecification\",\"valueRequired\":true,\"valueName\":\"search_term_string\"}}],\"inLanguage\":\"de\"},{\"@type\":\"Organization\",\"@id\":\"https:\/\/whisky4you.net\/de\/#organization\",\"name\":\"Whisky4you\",\"url\":\"https:\/\/whisky4you.net\/de\/\",\"logo\":{\"@type\":\"ImageObject\",\"inLanguage\":\"de\",\"@id\":\"https:\/\/whisky4you.net\/de\/#\/schema\/logo\/image\/\",\"url\":\"https:\/\/whisky4you.net\/wp-content\/uploads\/2020\/12\/cropped-cropped-cropped-cropped-logo-head.png\",\"contentUrl\":\"https:\/\/whisky4you.net\/wp-content\/uploads\/2020\/12\/cropped-cropped-cropped-cropped-logo-head.png\",\"width\":250,\"height\":81,\"caption\":\"Whisky4you\"},\"image\":{\"@id\":\"https:\/\/whisky4you.net\/de\/#\/schema\/logo\/image\/\"},\"sameAs\":[\"https:\/\/www.facebook.com\/Whisky4you.net\",\"https:\/\/www.linkedin.com\/company\/whisky4you\/?viewAsMember=true\"]}]}<\/script>\n<!-- \/ Yoast SEO plugin. -->","yoast_head_json":{"title":"MacNair\u2019s Lum Reek 21 Jahre Peated Blended Malt - Whisky4you Kaufen Sie jetzt!","description":"Mac Nairs Lum Reek 21 Jahre Blended Malt ist eine k\u00f6stliche Kreation der Glenallachie-Legende Billy Walker aus zwei gegens\u00e4tzlichen schottischen Whisky-Regionen, 21 Jahre gereift und von wunderbarer Komplexit\u00e4t.","robots":{"index":"index","follow":"follow","max-snippet":"max-snippet:-1","max-image-preview":"max-image-preview:large","max-video-preview":"max-video-preview:-1"},"canonical":"https:\/\/whisky4you.net\/de\/produkt\/macnairs-lum-reek-21-jahre-peated-blended-malt\/","og_locale":"de_DE","og_type":"article","og_title":"MacNair\u2019s Lum Reek 21 Jahre Peated Blended Malt - Whisky4you Kaufen Sie jetzt!","og_description":"Mac Nairs Lum Reek 21 Jahre Blended Malt ist eine k\u00f6stliche Kreation der Glenallachie-Legende Billy Walker aus zwei gegens\u00e4tzlichen schottischen Whisky-Regionen, 21 Jahre gereift und von wunderbarer Komplexit\u00e4t.","og_url":"https:\/\/whisky4you.net\/de\/produkt\/macnairs-lum-reek-21-jahre-peated-blended-malt\/","og_site_name":"Whisky4you","article_publisher":"https:\/\/www.facebook.com\/Whisky4you.net","article_modified_time":"2023-07-23T14:02:22+00:00","og_image":[{"width":802,"height":800,"url":"https:\/\/whisky4you.net\/wp-content\/uploads\/2023\/07\/MacNairsLumReek21.jpg","type":"image\/jpeg"}],"twitter_card":"summary_large_image","twitter_misc":{"Gesch\u00e4tzte Lesezeit":"2\u00a0Minuten"},"schema":{"@context":"https:\/\/schema.org","@graph":[{"@type":"WebPage","@id":"https:\/\/whisky4you.net\/de\/produkt\/macnairs-lum-reek-21-jahre-peated-blended-malt\/","url":"https:\/\/whisky4you.net\/de\/produkt\/macnairs-lum-reek-21-jahre-peated-blended-malt\/","name":"MacNair\u2019s Lum Reek 21 Jahre Peated Blended Malt - Whisky4you Kaufen Sie jetzt!","isPartOf":{"@id":"https:\/\/whisky4you.net\/de\/#website"},"primaryImageOfPage":{"@id":"https:\/\/whisky4you.net\/de\/produkt\/macnairs-lum-reek-21-jahre-peated-blended-malt\/#primaryimage"},"image":{"@id":"https:\/\/whisky4you.net\/de\/produkt\/macnairs-lum-reek-21-jahre-peated-blended-malt\/#primaryimage"},"thumbnailUrl":"https:\/\/whisky4you.net\/wp-content\/uploads\/2023\/07\/MacNairsLumReek21.jpg","datePublished":"2023-07-23T12:28:29+00:00","dateModified":"2023-07-23T14:02:22+00:00","description":"Mac Nairs Lum Reek 21 Jahre Blended Malt ist eine k\u00f6stliche Kreation der Glenallachie-Legende Billy Walker aus zwei gegens\u00e4tzlichen schottischen Whisky-Regionen, 21 Jahre gereift und von wunderbarer Komplexit\u00e4t.","breadcrumb":{"@id":"https:\/\/whisky4you.net\/de\/produkt\/macnairs-lum-reek-21-jahre-peated-blended-malt\/#breadcrumb"},"inLanguage":"de","potentialAction":[{"@type":"ReadAction","target":["https:\/\/whisky4you.net\/de\/produkt\/macnairs-lum-reek-21-jahre-peated-blended-malt\/"]}]},{"@type":"ImageObject","inLanguage":"de","@id":"https:\/\/whisky4you.net\/de\/produkt\/macnairs-lum-reek-21-jahre-peated-blended-malt\/#primaryimage","url":"https:\/\/whisky4you.net\/wp-content\/uploads\/2023\/07\/MacNairsLumReek21.jpg","contentUrl":"https:\/\/whisky4you.net\/wp-content\/uploads\/2023\/07\/MacNairsLumReek21.jpg","width":802,"height":800,"caption":"MacNairs Lum Reek 21 Jahre Blended Malt"},{"@type":"BreadcrumbList","@id":"https:\/\/whisky4you.net\/de\/produkt\/macnairs-lum-reek-21-jahre-peated-blended-malt\/#breadcrumb","itemListElement":[{"@type":"ListItem","position":1,"name":"Home","item":"https:\/\/whisky4you.net\/"},{"@type":"ListItem","position":2,"name":"Online Shop","item":"https:\/\/whisky4you.net\/de\/online-shop\/"},{"@type":"ListItem","position":3,"name":"MacNair\u2019s Lum Reek 21 Jahre Peated Blended Malt"}]},{"@type":"WebSite","@id":"https:\/\/whisky4you.net\/de\/#website","url":"https:\/\/whisky4you.net\/de\/","name":"Whisky4you","description":"Dedicated to Whisky interest and Whisky lovers","publisher":{"@id":"https:\/\/whisky4you.net\/de\/#organization"},"potentialAction":[{"@type":"SearchAction","target":{"@type":"EntryPoint","urlTemplate":"https:\/\/whisky4you.net\/de\/?s={search_term_string}"},"query-input":{"@type":"PropertyValueSpecification","valueRequired":true,"valueName":"search_term_string"}}],"inLanguage":"de"},{"@type":"Organization","@id":"https:\/\/whisky4you.net\/de\/#organization","name":"Whisky4you","url":"https:\/\/whisky4you.net\/de\/","logo":{"@type":"ImageObject","inLanguage":"de","@id":"https:\/\/whisky4you.net\/de\/#\/schema\/logo\/image\/","url":"https:\/\/whisky4you.net\/wp-content\/uploads\/2020\/12\/cropped-cropped-cropped-cropped-logo-head.png","contentUrl":"https:\/\/whisky4you.net\/wp-content\/uploads\/2020\/12\/cropped-cropped-cropped-cropped-logo-head.png","width":250,"height":81,"caption":"Whisky4you"},"image":{"@id":"https:\/\/whisky4you.net\/de\/#\/schema\/logo\/image\/"},"sameAs":["https:\/\/www.facebook.com\/Whisky4you.net","https:\/\/www.linkedin.com\/company\/whisky4you\/?viewAsMember=true"]}]}},"jetpack_sharing_enabled":true,"_links":{"self":[{"href":"https:\/\/whisky4you.net\/de\/wp-json\/wp\/v2\/product\/24734","targetHints":{"allow":["GET"]}}],"collection":[{"href":"https:\/\/whisky4you.net\/de\/wp-json\/wp\/v2\/product"}],"about":[{"href":"https:\/\/whisky4you.net\/de\/wp-json\/wp\/v2\/types\/product"}],"replies":[{"embeddable":true,"href":"https:\/\/whisky4you.net\/de\/wp-json\/wp\/v2\/comments?post=24734"}],"version-history":[{"count":4,"href":"https:\/\/whisky4you.net\/de\/wp-json\/wp\/v2\/product\/24734\/revisions"}],"predecessor-version":[{"id":24740,"href":"https:\/\/whisky4you.net\/de\/wp-json\/wp\/v2\/product\/24734\/revisions\/24740"}],"wp:featuredmedia":[{"embeddable":true,"href":"https:\/\/whisky4you.net\/de\/wp-json\/wp\/v2\/media\/24742"}],"wp:attachment":[{"href":"https:\/\/whisky4you.net\/de\/wp-json\/wp\/v2\/media?parent=24734"}],"wp:term":[{"taxonomy":"product_brand","embeddable":true,"href":"https:\/\/whisky4you.net\/de\/wp-json\/wp\/v2\/product_brand?post=24734"},{"taxonomy":"product_cat","embeddable":true,"href":"https:\/\/whisky4you.net\/de\/wp-json\/wp\/v2\/product_cat?post=24734"},{"taxonomy":"product_tag","embeddable":true,"href":"https:\/\/whisky4you.net\/de\/wp-json\/wp\/v2\/product_tag?post=24734"}],"curies":[{"name":"wp","href":"https:\/\/api.w.org\/{rel}","templated":true}]}}